{"id":6070,"date":"2025-06-17T09:24:00","date_gmt":"2025-06-17T09:24:00","guid":{"rendered":"http:\/\/46.224.74.15\/export-dates-5\/"},"modified":"2025-11-19T16:47:36","modified_gmt":"2025-11-19T16:47:36","slug":"export-dates-5","status":"publish","type":"page","link":"https:\/\/peitrade.com\/tr\/export-dates-5\/","title":{"rendered":"M\u0131s\u0131r&#8217;dan Hurma \u0130hracat\u0131 \u2013 PEI Trade ile Premium Kalite"},"content":{"rendered":"<section style=\"padding: 60px 20px; background-color: #f9f9f9;\">\n<div class=\"container\">\n<h1>M\u0131s\u0131r&#8217;dan Hurma \u0130hracat\u0131 \u2013 PEI Trade ile Premium Kalite<\/h1>\n<p>PEI Trade, M\u0131s\u0131r&#8217;dan <b>hurma ihracat\u0131<\/b> yapmak isteyenler i\u00e7in \u00f6nde gelen tedarik\u00e7ilerden biridir. M\u0131s\u0131r&#8217;\u0131n verimli vadi ve vahalar\u0131nda yeti\u015ftirilen hurmalar\u0131m\u0131z, ideal ko\u015fullarda hasat edilir, g\u00fcne\u015fte kurutulur, elle se\u00e7ilir ve k\u00fcresel kalite standartlar\u0131na uygun \u015fekilde i\u015flenir. \u00dcr\u00fcnlerimiz uluslararas\u0131 g\u00fcvenlik, hijyen ve ihracat d\u00fczenlemelerine tamamen uygundur.<br \/>\n<b>Hurma ihracat\u0131<\/b> portf\u00f6y\u00fcm\u00fcz; Siwa, Zaghloul, Hayany, Saidi ve Deglet Noor gibi M\u0131s\u0131r\u2019a \u00f6zg\u00fc pop\u00fcler \u00e7e\u015fitleri i\u00e7erir. Bu hurmalar, toptan, perakende ve end\u00fcstriyel kullan\u0131mlar i\u00e7in \u00e7e\u015fitli kalite s\u0131n\u0131flar\u0131nda ve formatlarda sunulur.<\/p>\n<\/div>\n<p>&nbsp;<\/p>\n<\/section>\n<div class=\"wp-block-woocommerce-product-collection\"><div class=\"woocommerce columns-4 \"><\/div><\/div>\n<section style=\"padding: 50px 20px;\">\n<div class=\"container\">\n<h2>Hurma \u0130hracat\u0131 i\u00e7in Neden PEI Trade?<\/h2>\n<p><span style=\"font-weight: 400;\">PEI Trade, <b>hurma ihracat\u0131<\/b> yapmak isteyen k\u00fcresel m\u00fc\u015fterilere ola\u011fan\u00fcst\u00fc avantajlar sunar:<\/span><\/p>\n<ul>\n<li style=\"font-weight: 400;\" aria-level=\"1\"><span style=\"font-weight: 400;\">Geni\u015f \u00e7e\u015fit: yumu\u015fak, yar\u0131 kuru ve kuru hurmalar<\/span><\/li>\n<li style=\"font-weight: 400;\" aria-level=\"1\"><span style=\"font-weight: 400;\">Do\u011frudan \u00e7iftlikten tedarik ile maksimum tazelik<\/span><\/li>\n<li style=\"font-weight: 400;\" aria-level=\"1\"><span style=\"font-weight: 400;\">Y\u00fcksek Brix de\u011feriyle do\u011fal tatl\u0131l\u0131k<\/span><\/li>\n<li style=\"font-weight: 400;\" aria-level=\"1\"><span style=\"font-weight: 400;\">Elle ay\u0131klama ve ihracat kalitesinde temizlik<\/span><\/li>\n<li style=\"font-weight: 400;\" aria-level=\"1\"><span style=\"font-weight: 400;\">\u00d6zel markalama ve ki\u015fiselle\u015ftirilmi\u015f ambalaj se\u00e7enekleri<\/span><\/li>\n<\/ul>\n<p><span style=\"font-weight: 400;\">PEI Trade, katk\u0131 maddesi i\u00e7ermeyen ve izlenebilir <b>hurma ihracat\u0131<\/b> \u00e7\u00f6z\u00fcmleri sunar.<\/span><\/p>\n<h2>Hurma \u0130hracat\u0131nda Hasat Sonras\u0131 \u00c7\u00f6z\u00fcmler<\/h2>\n<p><span style=\"font-weight: 400;\">PEI Trade&#8217;in <b>hurma ihracat\u0131<\/b> s\u00fcrecinde sundu\u011fu lojistik hizmetler:<\/span><\/p>\n<ul>\n<li style=\"font-weight: 400;\" aria-level=\"1\"><span style=\"font-weight: 400;\">So\u011fuk zincir depolama ile uzun raf \u00f6mr\u00fc<\/span><\/li>\n<li style=\"font-weight: 400;\" aria-level=\"1\"><span style=\"font-weight: 400;\">Mekanik s\u0131n\u0131fland\u0131rma ve \u00e7ekirdek \u00e7\u0131karma<\/span><\/li>\n<li style=\"font-weight: 400;\" aria-level=\"1\"><span style=\"font-weight: 400;\">Vakumlu ve yast\u0131k ambalajlama<\/span><\/li>\n<li style=\"font-weight: 400;\" aria-level=\"1\"><span style=\"font-weight: 400;\">Perakende i\u00e7in barkod ve marka etiketleme<\/span><\/li>\n<\/ul>\n<p><span style=\"font-weight: 400;\">T\u00fcm <b>hurma ihracat\u0131<\/b> i\u015flemlerimiz Global GAP, ISO ve HACCP sertifikalar\u0131na uygundur.<\/span><\/p>\n<h2>M\u0131s\u0131r Hurmas\u0131 Hasat Takvimi<\/h2>\n<p><span style=\"font-weight: 400;\">M\u0131s\u0131r hurmalar\u0131n\u0131n hasat d\u00f6nemi <b>A\u011fustos<\/b> ile <b>Aral\u0131k<\/b> aylar\u0131 aras\u0131ndad\u0131r. PEI Trade, y\u0131l boyunca <b>hurma ihracat\u0131<\/b> i\u00e7in so\u011fuk hava depolu \u00fcr\u00fcnler sunar.<\/span><br \/>\n<span style=\"font-weight: 400;\">Erken rezervasyon ve esnek sevkiyat se\u00e7enekleriyle <b>hurma ihracat\u0131<\/b> sipari\u015finizi g\u00fcvence alt\u0131na al\u0131n.<\/span><\/p>\n<h3>Hurma \u0130hracat\u0131n\u0131n Uygulama Alanlar\u0131<\/h3>\n<p><span style=\"font-weight: 400;\">PEI Trade\u2019in <b>hurma ihracat\u0131<\/b> \u015fu alanlar i\u00e7in uygundur:<\/span><\/p>\n<ul>\n<li style=\"font-weight: 400;\" aria-level=\"1\"><b>Perakende<\/b><span style=\"font-weight: 400;\">: S\u00fcpermarketler i\u00e7in vakumlu veya kutulu<\/span><\/li>\n<li style=\"font-weight: 400;\" aria-level=\"1\"><b>End\u00fcstriyel<\/b><span style=\"font-weight: 400;\">: \u015eurup, enerji bar\u0131 ve f\u0131r\u0131n \u00fcr\u00fcnlerinde kullan\u0131l\u0131r<\/span><\/li>\n<li style=\"font-weight: 400;\" aria-level=\"1\"><b>HORECA<\/b><span style=\"font-weight: 400;\">: Otellere ve b\u00fcy\u00fck mutfaklara toptan tedarik<\/span><\/li>\n<li style=\"font-weight: 400;\" aria-level=\"1\"><b>Toptan<\/b><span style=\"font-weight: 400;\">: K\u00fcresel da\u011f\u0131t\u0131c\u0131lar i\u00e7in kar\u0131\u015f\u0131k konteynerler<\/span><\/li>\n<\/ul>\n<h3>Ba\u015fl\u0131ca \u0130hracat Noktalar\u0131<\/h3>\n<p><span style=\"font-weight: 400;\">PEI Trade\u2019in <b>hurma ihracat\u0131<\/b> yapt\u0131\u011f\u0131 ba\u015fl\u0131ca pazarlar:<\/span><\/p>\n<ul>\n<li style=\"font-weight: 400;\" aria-level=\"1\">Suudi Arabistan, BAE, Umman ve Bahreyn<\/li>\n<li style=\"font-weight: 400;\" aria-level=\"1\">\u0130ngiltere, Fransa, Hollanda ve Almanya<\/li>\n<li style=\"font-weight: 400;\" aria-level=\"1\">G\u00fcney Afrika, Kenya ve Kuzey Afrika<\/li>\n<li style=\"font-weight: 400;\" aria-level=\"1\">Malezya, Endonezya ve Do\u011fu Asya<\/li>\n<\/ul>\n<p><span style=\"font-weight: 400;\">T\u00fcm <b>hurma ihracat\u0131<\/b> sevkiyatlar\u0131m\u0131z kalite belgeleri ve izlenebilirlik ile birlikte sunulur.<\/span><\/p>\n<h2>PEI Trade\u2019den Di\u011fer \u00dcr\u00fcnler<\/h2>\n<p><span style=\"font-weight: 400;\">Sadece <b>hurma ihracat\u0131<\/b> de\u011fil, ayn\u0131 zamanda \u015fu \u00fcr\u00fcnleri de tedarik ediyoruz:<\/span><\/p>\n<ul>\n<li style=\"font-weight: 400;\" aria-level=\"1\"><b>Nar<\/b><span style=\"font-weight: 400;\">: Taze ve ihracata dayan\u0131kl\u0131 \u00e7e\u015fitler<\/span><\/li>\n<li style=\"font-weight: 400;\" aria-level=\"1\"><b>Portakal<\/b><span style=\"font-weight: 400;\">: S\u0131kmal\u0131k ve sofral\u0131k t\u00fcrler<\/span><\/li>\n<li style=\"font-weight: 400;\" aria-level=\"1\"><b>Sofral\u0131k \u00dcz\u00fcm<\/b><span style=\"font-weight: 400;\">: \u00c7ekirdeksiz ve uzun \u00f6m\u00fcrl\u00fc<\/span><\/li>\n<\/ul>\n<p><span style=\"font-weight: 400;\">T\u00fcm \u00fcr\u00fcnler uluslararas\u0131 <b>hurma ihracat\u0131<\/b> standartlar\u0131na uygun olarak paketlenir ve sevk edilir.<\/span><\/p>\n<h2><b>Hurma \u0130hracat\u0131 i\u00e7in Ambalaj Se\u00e7enekleri<\/b><\/h2>\n<p><span style=\"font-weight: 400;\">T\u00fcm <b>hurma ihracat\u0131<\/b> sipari\u015fleri i\u00e7in esnek ambalaj formatlar\u0131 sunuyoruz:<\/span><\/p>\n<ul>\n<li style=\"font-weight: 400;\" aria-level=\"1\">Vakum paket, plastik tepsi veya karton kutu<\/li>\n<li style=\"font-weight: 400;\" aria-level=\"1\">1 kg&#8217;dan 10 kg&#8217;a kadar de\u011fi\u015fen boyutlar<\/li>\n<li style=\"font-weight: 400;\" aria-level=\"1\">\u00d6zel marka ve barkod entegrasyonu<\/li>\n<li style=\"font-weight: 400;\" aria-level=\"1\">K\u00f6rfez, AB ve Asya i\u00e7in ihracata haz\u0131r etiketleme<\/li>\n<\/ul>\n<p><span style=\"font-weight: 400;\">T\u00fcm ambalaj formatlar\u0131 dayan\u0131kl\u0131l\u0131k, uyumluluk ve raf \u00f6mr\u00fc a\u00e7\u0131s\u0131ndan test edilmi\u015ftir.<\/span><\/p>\n<\/div>\n<\/section>\n<section style=\"padding: 50px 20px; background-color: #f0f0f0;\">\n<div class=\"container\">\n<h2>PEI Trade ile K\u00fcresel Hurma \u0130hracat\u0131na Ba\u015flay\u0131n<\/h2>\n<p>\u0130ster ithalat\u00e7\u0131, da\u011f\u0131t\u0131c\u0131 ya da toptanc\u0131 olun, PEI Trade ile <b>hurma ihracat\u0131<\/b> g\u00fcvenli ve profesyonel \u015fekilde yap\u0131l\u0131r.<br \/>\n\u00c7iftlikten limana kadar t\u00fcm s\u00fcreci uzman ekibimiz koordine eder\u2014\u00f6l\u00e7eklenebilir, izlenebilir ve zaman\u0131nda sevkiyyat garantisiyle.<\/p>\n<h2>Fiyat Teklifi Al\u0131n veya Hurma \u0130hracat\u0131 Sipari\u015fi Verin<\/h2>\n<p>Sezonluk uygunluk, fiyat bilgisi veya numune talepleriniz i\u00e7in hemen bizimle ileti\u015fime ge\u00e7in. T\u00fcm d\u00fcnyaya sevkiyat yap\u0131yoruz ve h\u0131zl\u0131 d\u00f6n\u00fc\u015f sa\u011fl\u0131yoruz.<\/p>\n<p style=\"text-align: center; margin-top: 40px;\"><a href=\"https:\/\/peitrade.com\/tr\/contact-us\/\" target=\"_blank\" rel=\"noopener\">Hemen Sipari\u015f Verin<\/a><\/p>\n<\/div>\n<\/section>\n<section style=\"padding: 50px 20px;\">\n<div class=\"container\">\n<h2>PEI Trade&#8217;den Di\u011fer \u0130hracat \u00dcr\u00fcnlerini Ke\u015ffedin<\/h2>\n<p><b>Hurma ihracat\u0131<\/b> d\u0131\u015f\u0131nda PEI Trade ayr\u0131ca taze so\u011fan, patates, narenciye ve sebzeler sunar. <a href=\"https:\/\/peitrade.com\/tr\/shop\/\" target=\"_blank\" rel=\"noopener\">T\u00fcm katalo\u011fu inceleyin<\/a>.<\/p>\n<div class=\"wp-block-woocommerce-product-collection\"><div class=\"woocommerce columns-4 \"><\/div><\/div>\n<\/div>\n<\/section>\n<section style=\"padding: 50px 20px; background-color: #f9f9f9;\">\n<div class=\"container\">\n<h2>S\u0131k Sorulan Sorular<\/h2>\n<h3>M\u0131s\u0131r\u2019dan hurma ihracat\u0131 i\u00e7in en uygun zaman\u00a0nedir?<\/h3>\n<p>Hasat d\u00f6nemi A\u011fustos\u2019tan Aral\u0131k\u2019a kadard\u0131r. So\u011fuk hava depolar\u0131yla y\u0131l boyu tedarik m\u00fcmk\u00fcnd\u00fcr.<\/p>\n<h3>Hangi hurma \u00e7e\u015fitlerini ihra\u00e7 ediyorsunuz?<\/h3>\n<p>PEI Trade, Siwa, Saidi, Deglet Noor, Hayany ve Zaghloul t\u00fcrlerinde <b>hurma ihracat\u0131<\/b> yapar.<\/p>\n<h3>Hurmalar \u00f6zel markal\u0131 \u015fekilde paketlenebilir mi?<\/h3>\n<p>Evet. Vakumlu veya kutulu ambalajlarla \u00f6zel etiketleme ve barkod deste\u011fi sunuyoruz.<\/p>\n<h3>Kar\u0131\u015f\u0131k konteyner destekliyor musunuz?<\/h3>\n<p>Evet. Farkl\u0131 hurma \u00e7e\u015fitleri veya ba\u015fka \u00fcr\u00fcnlerle kar\u0131\u015f\u0131k y\u00fcklemeler yap\u0131labilir.<\/p>\n<\/div>\n<\/section>\n","protected":false},"excerpt":{"rendered":"<p>M\u0131s\u0131r&#8217;dan Hurma \u0130hracat\u0131 \u2013 PEI Trade ile Premium Kalite PEI Trade, M\u0131s\u0131r&#8217;dan hurma ihracat\u0131 yapmak isteyenler i\u00e7in \u00f6nde gelen tedarik\u00e7ilerden biridir. M\u0131s\u0131r&#8217;\u0131n verimli vadi ve vahalar\u0131nda yeti\u015ftirilen hurmalar\u0131m\u0131z, ideal ko\u015fullarda hasat edilir, g\u00fcne\u015fte kurutulur, elle se\u00e7ilir ve k\u00fcresel kalite standartlar\u0131na uygun \u015fekilde i\u015flenir. \u00dcr\u00fcnlerimiz uluslararas\u0131 g\u00fcvenlik, hijyen ve ihracat d\u00fczenlemelerine tamamen uygundur. Hurma ihracat\u0131 portf\u00f6y\u00fcm\u00fcz; [&hellip;]<\/p>\n","protected":false},"author":1,"featured_media":0,"parent":0,"menu_order":0,"comment_status":"closed","ping_status":"closed","template":"","meta":{"footnotes":""},"class_list":["post-6070","page","type-page","status-publish","hentry"],"blocksy_meta":[],"mb":[],"featured_image_urls_v2":{"full":"","thumbnail":"","medium":"","medium_large":"","large":"","1536x1536":"","2048x2048":"","woocommerce_archive_thumbnail":"","woocommerce_thumbnail":"","woocommerce_single":"","woocommerce_gallery_thumbnail":""},"post_excerpt_stackable_v2":"<p>M\u0131s\u0131r&#8217;dan Hurma \u0130hracat\u0131 \u2013 PEI Trade ile Premium Kalite PEI Trade, M\u0131s\u0131r&#8217;dan hurma ihracat\u0131 yapmak isteyenler i\u00e7in \u00f6nde gelen tedarik\u00e7ilerden biridir. M\u0131s\u0131r&#8217;\u0131n verimli vadi ve vahalar\u0131nda yeti\u015ftirilen hurmalar\u0131m\u0131z, ideal ko\u015fullarda hasat edilir, g\u00fcne\u015fte kurutulur, elle se\u00e7ilir ve k\u00fcresel kalite standartlar\u0131na uygun \u015fekilde i\u015flenir. \u00dcr\u00fcnlerimiz uluslararas\u0131 g\u00fcvenlik, hijyen ve ihracat d\u00fczenlemelerine tamamen uygundur. Hurma ihracat\u0131 portf\u00f6y\u00fcm\u00fcz; Siwa, Zaghloul, Hayany, Saidi ve Deglet Noor gibi M\u0131s\u0131r\u2019a \u00f6zg\u00fc pop\u00fcler \u00e7e\u015fitleri i\u00e7erir. Bu hurmalar, toptan, perakende ve end\u00fcstriyel kullan\u0131mlar i\u00e7in \u00e7e\u015fitli kalite s\u0131n\u0131flar\u0131nda ve formatlarda sunulur. &nbsp; Hurma \u0130hracat\u0131 i\u00e7in Neden PEI Trade? PEI Trade, hurma ihracat\u0131 yapmak isteyen k\u00fcresel m\u00fc\u015fterilere ola\u011fan\u00fcst\u00fc avantajlar sunar:&hellip;<\/p>\n","category_list_v2":"","author_info_v2":{"name":"Mostafa Sabry","url":"https:\/\/peitrade.com\/tr\/author\/emostafaadel_jn8gcqbo\/"},"comments_num_v2":"0 comments","mfb_rest_fields":["title","blocksy_meta","featured_image_urls_v2","post_excerpt_stackable_v2","category_list_v2","author_info_v2","comments_num_v2"],"_links":{"self":[{"href":"https:\/\/peitrade.com\/tr\/wp-json\/wp\/v2\/pages\/6070","targetHints":{"allow":["GET"]}}],"collection":[{"href":"https:\/\/peitrade.com\/tr\/wp-json\/wp\/v2\/pages"}],"about":[{"href":"https:\/\/peitrade.com\/tr\/wp-json\/wp\/v2\/types\/page"}],"author":[{"embeddable":true,"href":"https:\/\/peitrade.com\/tr\/wp-json\/wp\/v2\/users\/1"}],"replies":[{"embeddable":true,"href":"https:\/\/peitrade.com\/tr\/wp-json\/wp\/v2\/comments?post=6070"}],"version-history":[{"count":1,"href":"https:\/\/peitrade.com\/tr\/wp-json\/wp\/v2\/pages\/6070\/revisions"}],"predecessor-version":[{"id":6071,"href":"https:\/\/peitrade.com\/tr\/wp-json\/wp\/v2\/pages\/6070\/revisions\/6071"}],"wp:attachment":[{"href":"https:\/\/peitrade.com\/tr\/wp-json\/wp\/v2\/media?parent=6070"}],"curies":[{"name":"wp","href":"https:\/\/api.w.org\/{rel}","templated":true}]}}