{"id":6086,"date":"2025-06-17T12:04:23","date_gmt":"2025-06-17T12:04:23","guid":{"rendered":"http:\/\/46.224.74.15\/kavun-toptan-fiyati-taze-misir-kavunlari\/"},"modified":"2025-11-19T16:49:32","modified_gmt":"2025-11-19T16:49:32","slug":"kavun-toptan-fiyati-taze-misir-kavunlari-2","status":"publish","type":"page","link":"https:\/\/peitrade.com\/tr\/kavun-toptan-fiyati-taze-misir-kavunlari-2\/","title":{"rendered":"Kavun Toptan Fiyat\u0131 \u2013 PEI Trade&#8217;den Taze M\u0131s\u0131r Kavunlar\u0131"},"content":{"rendered":"<section style=\"padding: 60px 20px; background-color: #f9f9f9;\">\n<div class=\"container\">\n<p>Kaliteden \u00f6d\u00fcn vermeden en iyi <b>kavun toptan fiyat\u0131<\/b>n\u0131 m\u0131 ar\u0131yorsunuz? PEI Trade, Akdeniz g\u00fcne\u015fi alt\u0131nda yeti\u015ftirilen birinci s\u0131n\u0131f M\u0131s\u0131r kavunlar\u0131n\u0131, ithalat\u00e7\u0131lar, distrib\u00fct\u00f6rler ve g\u0131da hizmeti al\u0131c\u0131lar\u0131 i\u00e7in rakipsiz bir de\u011ferle sunuyor.<\/p>\n<p>M\u0131s\u0131r\u2019\u0131n \u00f6nde gelen <b>kavun tedarik\u00e7ileri<\/b> ve ihracat\u00e7\u0131lar\u0131ndan biri olarak, uluslararas\u0131 standartlara uygun, tatl\u0131 ve sulu kavunlar\u0131n b\u00fcy\u00fck \u00f6l\u00e7ekli sevkiyatlar\u0131n\u0131 sa\u011fl\u0131yoruz. S\u00fcpermarketler, toptan da\u011f\u0131t\u0131m ya da i\u015fleme i\u00e7in \u00fcr\u00fcn ar\u0131yorsan\u0131z, <b>toptan kavun sat\u0131\u015flar\u0131m\u0131z<\/b> tam izlenebilirlik ve \u00f6zelle\u015ftirilebilir ambalaj se\u00e7enekleriyle sunulmaktad\u0131r.<\/p>\n<\/div>\n<\/section>\n<div class=\"wp-block-woocommerce-product-collection\"><div class=\"woocommerce columns-4 \"><ul class=\"products columns-4\" data-products=\"type-2\">\n<li class=\"product type-product post-7671 status-publish first instock product_cat-fruits has-post-thumbnail shipping-taxable product-type-simple\">\n\t<a href=\"https:\/\/peitrade.com\/tr\/product\/cilek\/\" class=\"woocommerce-LoopProduct-link woocommerce-loop-product__link\"><img decoding=\"async\" width=\"300\" height=\"300\" src=\"https:\/\/peitrade.com\/wp-content\/uploads\/2025\/11\/Egyptian-Strawberries-300x300.webp\" class=\"attachment-woocommerce_thumbnail size-woocommerce_thumbnail\" alt=\"\u00c7ilek\" srcset=\"https:\/\/peitrade.com\/wp-content\/uploads\/2025\/11\/Egyptian-Strawberries-300x300.webp 300w, https:\/\/peitrade.com\/wp-content\/uploads\/2025\/11\/Egyptian-Strawberries-150x150.webp 150w, https:\/\/peitrade.com\/wp-content\/uploads\/2025\/11\/Egyptian-Strawberries-768x768.webp 768w, https:\/\/peitrade.com\/wp-content\/uploads\/2025\/11\/Egyptian-Strawberries-600x600.webp 600w, https:\/\/peitrade.com\/wp-content\/uploads\/2025\/11\/Egyptian-Strawberries-100x100.webp 100w, https:\/\/peitrade.com\/wp-content\/uploads\/2025\/11\/Egyptian-Strawberries.webp 1024w\" sizes=\"(max-width: 300px) 100vw, 300px\" title=\"\"><h2 class=\"woocommerce-loop-product__title\">\u00c7ilek<\/h2>\n<\/a><a href=\"https:\/\/peitrade.com\/tr\/product\/cilek\/\" aria-describedby=\"woocommerce_loop_add_to_cart_link_describedby_7671\" data-quantity=\"1\" class=\"button product_type_simple\" data-product_id=\"7671\" data-product_sku=\"81010\" aria-label=\"&ldquo;\u00c7ilek&rdquo; hakk\u0131nda daha fazla bilgi edinin\" rel=\"nofollow\" data-success_message=\"\">Devam\u0131n\u0131 oku<\/a>\t<span id=\"woocommerce_loop_add_to_cart_link_describedby_7671\" class=\"screen-reader-text\">\n\t\t\t<\/span>\n<\/li>\n<li class=\"product type-product post-7542 status-publish instock product_cat-fruits product_cat-in-season has-post-thumbnail shipping-taxable product-type-simple\">\n\t<a href=\"https:\/\/peitrade.com\/tr\/product\/limon\/\" class=\"woocommerce-LoopProduct-link woocommerce-loop-product__link\"><img decoding=\"async\" width=\"300\" height=\"300\" src=\"https:\/\/peitrade.com\/wp-content\/uploads\/2025\/11\/Egyptian-Lemons-300x300.webp\" class=\"attachment-woocommerce_thumbnail size-woocommerce_thumbnail\" alt=\"Limon\" srcset=\"https:\/\/peitrade.com\/wp-content\/uploads\/2025\/11\/Egyptian-Lemons-300x300.webp 300w, https:\/\/peitrade.com\/wp-content\/uploads\/2025\/11\/Egyptian-Lemons-150x150.webp 150w, https:\/\/peitrade.com\/wp-content\/uploads\/2025\/11\/Egyptian-Lemons-768x768.webp 768w, https:\/\/peitrade.com\/wp-content\/uploads\/2025\/11\/Egyptian-Lemons-600x600.webp 600w, https:\/\/peitrade.com\/wp-content\/uploads\/2025\/11\/Egyptian-Lemons-100x100.webp 100w, https:\/\/peitrade.com\/wp-content\/uploads\/2025\/11\/Egyptian-Lemons.webp 1024w\" sizes=\"(max-width: 300px) 100vw, 300px\" title=\"\"><h2 class=\"woocommerce-loop-product__title\">Limon<\/h2>\n<\/a><a href=\"https:\/\/peitrade.com\/tr\/product\/limon\/\" aria-describedby=\"woocommerce_loop_add_to_cart_link_describedby_7542\" data-quantity=\"1\" class=\"button product_type_simple\" data-product_id=\"7542\" data-product_sku=\"80550\" aria-label=\"&ldquo;Limon&rdquo; hakk\u0131nda daha fazla bilgi edinin\" rel=\"nofollow\" data-success_message=\"\">Devam\u0131n\u0131 oku<\/a>\t<span id=\"woocommerce_loop_add_to_cart_link_describedby_7542\" class=\"screen-reader-text\">\n\t\t\t<\/span>\n<\/li>\n<li class=\"product type-product post-7648 status-publish instock product_cat-fruits has-post-thumbnail shipping-taxable product-type-simple\">\n\t<a href=\"https:\/\/peitrade.com\/tr\/product\/mango\/\" class=\"woocommerce-LoopProduct-link woocommerce-loop-product__link\"><img decoding=\"async\" width=\"300\" height=\"300\" src=\"https:\/\/peitrade.com\/wp-content\/uploads\/2025\/11\/Egyption-Mango-300x300.webp\" class=\"attachment-woocommerce_thumbnail size-woocommerce_thumbnail\" alt=\"Mangoes: Egypt\u2019s Tropical Treasure\" srcset=\"https:\/\/peitrade.com\/wp-content\/uploads\/2025\/11\/Egyption-Mango-300x300.webp 300w, https:\/\/peitrade.com\/wp-content\/uploads\/2025\/11\/Egyption-Mango-150x150.webp 150w, https:\/\/peitrade.com\/wp-content\/uploads\/2025\/11\/Egyption-Mango-768x768.webp 768w, https:\/\/peitrade.com\/wp-content\/uploads\/2025\/11\/Egyption-Mango-600x600.webp 600w, https:\/\/peitrade.com\/wp-content\/uploads\/2025\/11\/Egyption-Mango-100x100.webp 100w, https:\/\/peitrade.com\/wp-content\/uploads\/2025\/11\/Egyption-Mango.webp 1024w\" sizes=\"(max-width: 300px) 100vw, 300px\" title=\"\"><h2 class=\"woocommerce-loop-product__title\">Mango<\/h2>\n<\/a><a href=\"https:\/\/peitrade.com\/tr\/product\/mango\/\" aria-describedby=\"woocommerce_loop_add_to_cart_link_describedby_7648\" data-quantity=\"1\" class=\"button product_type_simple\" data-product_id=\"7648\" data-product_sku=\"80450\" aria-label=\"&ldquo;Mango&rdquo; hakk\u0131nda daha fazla bilgi edinin\" rel=\"nofollow\" data-success_message=\"\">Devam\u0131n\u0131 oku<\/a>\t<span id=\"woocommerce_loop_add_to_cart_link_describedby_7648\" class=\"screen-reader-text\">\n\t\t\t<\/span>\n<\/li>\n<li class=\"product type-product post-7444 status-publish last instock product_cat-fruits product_cat-in-season has-post-thumbnail shipping-taxable product-type-simple\">\n\t<a href=\"https:\/\/peitrade.com\/tr\/product\/portakallar\/\" class=\"woocommerce-LoopProduct-link woocommerce-loop-product__link\"><img decoding=\"async\" width=\"300\" height=\"300\" src=\"https:\/\/peitrade.com\/wp-content\/uploads\/2025\/11\/Egyptian-Oranges-300x300.webp\" class=\"attachment-woocommerce_thumbnail size-woocommerce_thumbnail\" alt=\"M\u0131s\u0131r\u2019\u0131n Kanada\u2019ya portakal ihracat\u0131\" srcset=\"https:\/\/peitrade.com\/wp-content\/uploads\/2025\/11\/Egyptian-Oranges-300x300.webp 300w, https:\/\/peitrade.com\/wp-content\/uploads\/2025\/11\/Egyptian-Oranges-150x150.webp 150w, https:\/\/peitrade.com\/wp-content\/uploads\/2025\/11\/Egyptian-Oranges-768x768.webp 768w, https:\/\/peitrade.com\/wp-content\/uploads\/2025\/11\/Egyptian-Oranges-600x600.webp 600w, https:\/\/peitrade.com\/wp-content\/uploads\/2025\/11\/Egyptian-Oranges-100x100.webp 100w, https:\/\/peitrade.com\/wp-content\/uploads\/2025\/11\/Egyptian-Oranges.webp 1024w\" sizes=\"(max-width: 300px) 100vw, 300px\" title=\"\"><h2 class=\"woocommerce-loop-product__title\">Portakallar<\/h2>\n<\/a><a href=\"https:\/\/peitrade.com\/tr\/product\/portakallar\/\" aria-describedby=\"woocommerce_loop_add_to_cart_link_describedby_7444\" data-quantity=\"1\" class=\"button product_type_simple\" data-product_id=\"7444\" data-product_sku=\"80510\" aria-label=\"&ldquo;Portakallar&rdquo; hakk\u0131nda daha fazla bilgi edinin\" rel=\"nofollow\" data-success_message=\"\">Devam\u0131n\u0131 oku<\/a>\t<span id=\"woocommerce_loop_add_to_cart_link_describedby_7444\" class=\"screen-reader-text\">\n\t\t\t<\/span>\n<\/li>\n<\/ul>\n<\/div><\/div>\n<section style=\"padding: 50px 20px;\">\n<div class=\"container\">\n<h2>Neden PEI Trade\u2019in M\u0131s\u0131r Kavunlar\u0131?<\/h2>\n<p><span style=\"font-weight: 400;\">M\u0131s\u0131r kavunlar\u0131m\u0131z d\u00fcnya \u00e7ap\u0131nda \u015fu \u00f6zellikleriyle tercih edilmektedir:<\/span><\/p>\n<ul>\n<li style=\"font-weight: 400;\">Yo\u011fun tatl\u0131l\u0131k ve sa\u011flam, aromatik doku<\/li>\n<li style=\"font-weight: 400;\">Perakende te\u015fhir ve do\u011frama i\u00e7in ideal, homojen boyut<\/li>\n<li style=\"font-weight: 400;\">Optimum hasat ve sonras\u0131 bak\u0131m sayesinde uzun raf \u00f6mr\u00fc<\/li>\n<li style=\"font-weight: 400;\">Nakliye s\u0131ras\u0131nda d\u00fc\u015f\u00fck nem kayb\u0131 \u2013 ihracat i\u00e7in m\u00fckemmel<\/li>\n<li style=\"font-weight: 400;\">AB ve K\u00f6rfez g\u0131da g\u00fcvenli\u011fi standartlar\u0131na uygunluk<\/li>\n<\/ul>\n<p><span style=\"font-weight: 400;\">G\u00fcvenilir bir <b>M\u0131s\u0131r kavun tedarik\u00e7isi<\/b> olarak, yerel \u00e7iftliklerle do\u011frudan ili\u015fkiler kuruyor ve yaln\u0131zca en taze meyveyi alman\u0131z i\u00e7in s\u0131k\u0131 kalite kontrol sistemleri uyguluyoruz.<\/span><\/p>\n<h2>Kavunlar\u0131 B\u00fcy\u00fck \u00d6l\u00e7ekte Nas\u0131l \u0130hra\u00e7 Ediyoruz?<\/h2>\n<p><span style=\"font-weight: 400;\">Tarladan nakliyeye kadar her ad\u0131m\u0131 titizlikle y\u00f6netiyoruz. \u0130hracat s\u00fcrecimiz \u015funlar\u0131 i\u00e7erir:<\/span><\/p>\n<ul>\n<li style=\"font-weight: 400;\">Olgunluk ve \u015feker seviyesini maksimize etmek i\u00e7in hassas hasat zamanlamas\u0131<\/li>\n<li style=\"font-weight: 400;\">A\u011f\u0131rl\u0131k ve renk tutarl\u0131l\u0131\u011f\u0131 i\u00e7in s\u0131n\u0131fland\u0131rma ve ay\u0131klama<\/li>\n<li style=\"font-weight: 400;\">Tazeli\u011fi korumak i\u00e7in hidro-so\u011futma ve \u00f6n so\u011futma<\/li>\n<li style=\"font-weight: 400;\">Zedelenme ve bozulmay\u0131 azaltan havaland\u0131rmal\u0131 sa\u011flam ihracat ambalaj\u0131<\/li>\n<li style=\"font-weight: 400;\">Sorunsuz g\u00fcmr\u00fck i\u015flemleri i\u00e7in tam belgeler<\/li>\n<\/ul>\n<p><span style=\"font-weight: 400;\">\u00c7e\u015fitli sekt\u00f6rlerdeki m\u00fc\u015fterilere hizmet veren, M\u0131s\u0131r&#8217;\u0131n en g\u00fcvenilir <b>kavun ihracat\u00e7\u0131lar\u0131<\/b> aras\u0131nda yer almaktan gurur duyuyoruz.<\/span><\/p>\n<h2>Sezonsall\u0131k ve Mevcudiyet<\/h2>\n<p><span style=\"font-weight: 400;\">M\u0131s\u0131r&#8217;da kavun hasad\u0131 genellikle <b>May\u0131s ile Temmuz<\/b> aylar\u0131 aras\u0131nda zirve yapar. Bu sayede yaz sezonunda artan k\u00fcresel talebe taze sevkiyatlarla yan\u0131t verilir. Sezon d\u0131\u015f\u0131nda da so\u011fuk hava deposu y\u00f6netimiyle tedarik sa\u011flanabilir.<\/span><\/p>\n<p style=\"font-weight: 400;\">Promosyon kampanyalar\u0131, yo\u011fun talep d\u00f6nemleri veya d\u00fczenli tedarik ihtiya\u00e7lar\u0131n\u0131z i\u00e7in planlama yapman\u0131z\u0131 sa\u011flayacak istikrarl\u0131 teslimat programlar\u0131 sunuyoruz.<\/p>\n<h3>Bir\u00e7ok Sekt\u00f6re Uygun<\/h3>\n<p><span style=\"font-weight: 400;\"><b>Toptan kavun sat\u0131\u015flar\u0131m\u0131z<\/b> farkl\u0131 kullan\u0131m alanlar\u0131na g\u00f6re uyarlanm\u0131\u015ft\u0131r:<\/span><\/p>\n<ul>\n<li><b>Perakende Zincirleri:<\/b> Manav reyonlar\u0131nda dikkat \u00e7ekici \u00fcr\u00fcn<\/li>\n<li><b>G\u0131da \u0130\u015fleyicileri:<\/b> S\u0131kma, dilimleme ve haz\u0131r t\u00fcketim paketleri i\u00e7in ideal<\/li>\n<li><b>Distrib\u00fct\u00f6rler:<\/b> Toptan pazarlar i\u00e7in esnek toplu se\u00e7enekler<\/li>\n<li><b>Oteller &amp; Catering:<\/b> A\u00e7\u0131k b\u00fcfeler ve etkinlikler i\u00e7in \u00fcst\u00fcn lezzet ve sunum<\/li>\n<\/ul>\n<h3>\u0130hracat A\u011f\u0131 ve Pazarlar<\/h3>\n<p><span style=\"font-weight: 400;\">G\u00fcvenilir bir <b>M\u0131s\u0131r kavun tedarik\u00e7isi<\/b> olarak \u015fu \u00fclkelere ihracat yap\u0131yoruz:<\/span><\/p>\n<ul>\n<li>K\u00f6rfez \u00fclkeleri: BAE, Kuveyt, Suudi Arabistan, Katar<\/li>\n<li>Avrupa: Almanya, Fransa, Hollanda ve Do\u011fu Avrupa<\/li>\n<li>Asya: Singapur, Hindistan, Malezya<\/li>\n<li>Afrika: Fas, Kenya, G\u00fcney Afrika<\/li>\n<\/ul>\n<p><span style=\"font-weight: 400;\">Tam konteyner ve k\u0131smi y\u00fck sipari\u015flerini destekliyor, sat\u0131n alma stratejinize uygun <b>rekabet\u00e7i kavun toptan fiyatlar\u0131<\/b> sunuyoruz.<\/span><\/p>\n<h2>Esnek Ambalaj Se\u00e7enekleri<\/h2>\n<p><span style=\"font-weight: 400;\">Pazar taleplerinize uygun \u00e7e\u015fitli ambalaj \u00e7\u00f6z\u00fcmleri sunuyoruz:<\/span><\/p>\n<ul>\n<li>A\u011fl\u0131 veya tek tek paketlenmi\u015f meyveli kutular<\/li>\n<li>Markal\u0131 5 kg \u2013 10 kg\u2019l\u0131k standart ihracat kutular\u0131<\/li>\n<li>S\u00fcpermarket raflar\u0131 i\u00e7in perakende haz\u0131r ambalajlar<\/li>\n<li>B\u00fcy\u00fck \u00f6l\u00e7ekli sipari\u015fler i\u00e7in s\u0131cakl\u0131k kontroll\u00fc paletler<\/li>\n<\/ul>\n<p><span style=\"font-weight: 400;\">T\u00fcm se\u00e7enekler, tercih etti\u011finiz dilde etiketleme i\u00e7erir ve b\u00f6lgesel ambalaj y\u00f6netmeliklerine uygundur.<\/span><\/p>\n<\/div>\n<\/section>\n<section style=\"padding: 50px 20px; background-color: #f0f0f0;\">\n<div class=\"container\">\n<h2>En Uygun Kavun Toptan Fiyat\u0131 \u0130\u00e7in PEI Trade ile Ortakl\u0131k Kurun<\/h2>\n<p>E\u011fer tatl\u0131 ve ihracata haz\u0131r kavunlar\u0131 rekabet\u00e7i fiyatlarla tedarik etmek istiyorsan\u0131z, PEI Trade yan\u0131n\u0131zda. M\u0131s\u0131r\u2019\u0131n \u00f6nde gelen <b>kavun ihracat\u00e7\u0131lar\u0131<\/b>ndan biri olarak eksiksiz ihracat hizmetleri ve e\u015fsiz g\u00fcvenilirlik sunuyoruz.<\/p>\n<h2>Fiyat Teklifi ve Numune Sipari\u015fi \u0130\u00e7in Bize Ula\u015f\u0131n<\/h2>\n<p>Ekibimiz, hedef pazar\u0131n\u0131za y\u00f6nelik g\u00fcncel fiyatlar, \u00fcr\u00fcn mevcudiyeti ve nakliye se\u00e7enekleri konusunda size yard\u0131mc\u0131 olmaya haz\u0131r.<\/p>\n<p style=\"text-align: center; margin-top: 40px;\"><a class=\"button primary large\" href=\"\/contact\">Teklif Al\u0131n<\/a><\/p>\n<\/div>\n<\/section>\n<section style=\"padding: 50px 20px;\">\n<div class=\"container\">\n<h2>M\u0131s\u0131r&#8217;dan Di\u011fer Taze \u00dcr\u00fcnleri Ke\u015ffedin<\/h2>\n<p>&nbsp;<\/p>\n<p>Kavunlar\u0131n yan\u0131 s\u0131ra PEI Trade; portakal, \u00fcz\u00fcm, patates ve beyaz fasulye gibi bir\u00e7ok meyve ve sebzenin ihracat\u0131n\u0131 ger\u00e7ekle\u015ftirmektedir. Tek bir g\u00fcvenilir kaynaktan \u00e7e\u015fitli ve s\u00fcrd\u00fcr\u00fclebilir bir tedarik zinciri olu\u015fturun. <a href=\"\/about\">Kapasitemiz hakk\u0131nda daha fazla bilgi edinin<\/a>.<\/p>\n<div class=\"wp-block-woocommerce-product-collection\"><div class=\"woocommerce columns-4 \"><ul class=\"products columns-4\" data-products=\"type-2\">\n<li class=\"product type-product post-7583 status-publish first instock product_cat-fruits product_cat-in-season has-post-thumbnail shipping-taxable product-type-simple\">\n\t<a href=\"https:\/\/peitrade.com\/tr\/product\/guava\/\" class=\"woocommerce-LoopProduct-link woocommerce-loop-product__link\"><img decoding=\"async\" width=\"300\" height=\"300\" src=\"https:\/\/peitrade.com\/wp-content\/uploads\/2025\/11\/Egyptian-Guava-300x300.webp\" class=\"attachment-woocommerce_thumbnail size-woocommerce_thumbnail\" alt=\"Egyptian Guava\" srcset=\"https:\/\/peitrade.com\/wp-content\/uploads\/2025\/11\/Egyptian-Guava-300x300.webp 300w, https:\/\/peitrade.com\/wp-content\/uploads\/2025\/11\/Egyptian-Guava-150x150.webp 150w, https:\/\/peitrade.com\/wp-content\/uploads\/2025\/11\/Egyptian-Guava-768x768.webp 768w, https:\/\/peitrade.com\/wp-content\/uploads\/2025\/11\/Egyptian-Guava-600x600.webp 600w, https:\/\/peitrade.com\/wp-content\/uploads\/2025\/11\/Egyptian-Guava-100x100.webp 100w, https:\/\/peitrade.com\/wp-content\/uploads\/2025\/11\/Egyptian-Guava.webp 1024w\" sizes=\"(max-width: 300px) 100vw, 300px\" title=\"\"><h2 class=\"woocommerce-loop-product__title\">Guava<\/h2>\n<\/a><a href=\"https:\/\/peitrade.com\/tr\/product\/guava\/\" aria-describedby=\"woocommerce_loop_add_to_cart_link_describedby_7583\" data-quantity=\"1\" class=\"button product_type_simple\" data-product_id=\"7583\" data-product_sku=\"80451\" aria-label=\"&ldquo;Guava&rdquo; hakk\u0131nda daha fazla bilgi edinin\" rel=\"nofollow\" data-success_message=\"\">Devam\u0131n\u0131 oku<\/a>\t<span id=\"woocommerce_loop_add_to_cart_link_describedby_7583\" class=\"screen-reader-text\">\n\t\t\t<\/span>\n<\/li>\n<li class=\"product type-product post-7745 status-publish instock product_cat-fruits has-post-thumbnail shipping-taxable product-type-simple\">\n\t<a href=\"https:\/\/peitrade.com\/tr\/product\/nar\/\" class=\"woocommerce-LoopProduct-link woocommerce-loop-product__link\"><img decoding=\"async\" width=\"300\" height=\"300\" src=\"https:\/\/peitrade.com\/wp-content\/uploads\/2025\/11\/Egyptian-Pomegranate-300x300.webp\" class=\"attachment-woocommerce_thumbnail size-woocommerce_thumbnail\" alt=\"Pomegranates: The Superfruit Appeal\" srcset=\"https:\/\/peitrade.com\/wp-content\/uploads\/2025\/11\/Egyptian-Pomegranate-300x300.webp 300w, https:\/\/peitrade.com\/wp-content\/uploads\/2025\/11\/Egyptian-Pomegranate-150x150.webp 150w, https:\/\/peitrade.com\/wp-content\/uploads\/2025\/11\/Egyptian-Pomegranate-768x768.webp 768w, https:\/\/peitrade.com\/wp-content\/uploads\/2025\/11\/Egyptian-Pomegranate-600x600.webp 600w, https:\/\/peitrade.com\/wp-content\/uploads\/2025\/11\/Egyptian-Pomegranate-100x100.webp 100w, https:\/\/peitrade.com\/wp-content\/uploads\/2025\/11\/Egyptian-Pomegranate.webp 1024w\" sizes=\"(max-width: 300px) 100vw, 300px\" title=\"\"><h2 class=\"woocommerce-loop-product__title\">Nar<\/h2>\n<\/a><a href=\"https:\/\/peitrade.com\/tr\/product\/nar\/\" aria-describedby=\"woocommerce_loop_add_to_cart_link_describedby_7745\" data-quantity=\"1\" class=\"button product_type_simple\" data-product_id=\"7745\" data-product_sku=\"81090\" aria-label=\"&ldquo;Nar&rdquo; hakk\u0131nda daha fazla bilgi edinin\" rel=\"nofollow\" data-success_message=\"\">Devam\u0131n\u0131 oku<\/a>\t<span id=\"woocommerce_loop_add_to_cart_link_describedby_7745\" class=\"screen-reader-text\">\n\t\t\t<\/span>\n<\/li>\n<li class=\"product type-product post-7444 status-publish instock product_cat-fruits product_cat-in-season has-post-thumbnail shipping-taxable product-type-simple\">\n\t<a href=\"https:\/\/peitrade.com\/tr\/product\/portakallar\/\" class=\"woocommerce-LoopProduct-link woocommerce-loop-product__link\"><img decoding=\"async\" width=\"300\" height=\"300\" src=\"https:\/\/peitrade.com\/wp-content\/uploads\/2025\/11\/Egyptian-Oranges-300x300.webp\" class=\"attachment-woocommerce_thumbnail size-woocommerce_thumbnail\" alt=\"M\u0131s\u0131r\u2019\u0131n Kanada\u2019ya portakal ihracat\u0131\" srcset=\"https:\/\/peitrade.com\/wp-content\/uploads\/2025\/11\/Egyptian-Oranges-300x300.webp 300w, https:\/\/peitrade.com\/wp-content\/uploads\/2025\/11\/Egyptian-Oranges-150x150.webp 150w, https:\/\/peitrade.com\/wp-content\/uploads\/2025\/11\/Egyptian-Oranges-768x768.webp 768w, https:\/\/peitrade.com\/wp-content\/uploads\/2025\/11\/Egyptian-Oranges-600x600.webp 600w, https:\/\/peitrade.com\/wp-content\/uploads\/2025\/11\/Egyptian-Oranges-100x100.webp 100w, https:\/\/peitrade.com\/wp-content\/uploads\/2025\/11\/Egyptian-Oranges.webp 1024w\" sizes=\"(max-width: 300px) 100vw, 300px\" title=\"\"><h2 class=\"woocommerce-loop-product__title\">Portakallar<\/h2>\n<\/a><a href=\"https:\/\/peitrade.com\/tr\/product\/portakallar\/\" aria-describedby=\"woocommerce_loop_add_to_cart_link_describedby_7444\" data-quantity=\"1\" class=\"button product_type_simple\" data-product_id=\"7444\" data-product_sku=\"80510\" aria-label=\"&ldquo;Portakallar&rdquo; hakk\u0131nda daha fazla bilgi edinin\" rel=\"nofollow\" data-success_message=\"\">Devam\u0131n\u0131 oku<\/a>\t<span id=\"woocommerce_loop_add_to_cart_link_describedby_7444\" class=\"screen-reader-text\">\n\t\t\t<\/span>\n<\/li>\n<li class=\"product type-product post-7589 status-publish last instock product_cat-fruits has-post-thumbnail shipping-taxable product-type-simple\">\n\t<a href=\"https:\/\/peitrade.com\/tr\/product\/uzum\/\" class=\"woocommerce-LoopProduct-link woocommerce-loop-product__link\"><img decoding=\"async\" width=\"300\" height=\"300\" src=\"https:\/\/peitrade.com\/wp-content\/uploads\/2025\/11\/Egyptian-Grapes-300x300.webp\" class=\"attachment-woocommerce_thumbnail size-woocommerce_thumbnail\" alt=\"Grapes: A Rising Star\" srcset=\"https:\/\/peitrade.com\/wp-content\/uploads\/2025\/11\/Egyptian-Grapes-300x300.webp 300w, https:\/\/peitrade.com\/wp-content\/uploads\/2025\/11\/Egyptian-Grapes-150x150.webp 150w, https:\/\/peitrade.com\/wp-content\/uploads\/2025\/11\/Egyptian-Grapes-768x768.webp 768w, https:\/\/peitrade.com\/wp-content\/uploads\/2025\/11\/Egyptian-Grapes-600x600.webp 600w, https:\/\/peitrade.com\/wp-content\/uploads\/2025\/11\/Egyptian-Grapes-100x100.webp 100w, https:\/\/peitrade.com\/wp-content\/uploads\/2025\/11\/Egyptian-Grapes.webp 1024w\" sizes=\"(max-width: 300px) 100vw, 300px\" title=\"\"><h2 class=\"woocommerce-loop-product__title\">\u00dcz\u00fcm<\/h2>\n<\/a><a href=\"https:\/\/peitrade.com\/tr\/product\/uzum\/\" aria-describedby=\"woocommerce_loop_add_to_cart_link_describedby_7589\" data-quantity=\"1\" class=\"button product_type_simple\" data-product_id=\"7589\" data-product_sku=\"80610\" aria-label=\"&ldquo;\u00dcz\u00fcm&rdquo; hakk\u0131nda daha fazla bilgi edinin\" rel=\"nofollow\" data-success_message=\"\">Devam\u0131n\u0131 oku<\/a>\t<span id=\"woocommerce_loop_add_to_cart_link_describedby_7589\" class=\"screen-reader-text\">\n\t\t\t<\/span>\n<\/li>\n<\/ul>\n<\/div><\/div>\n<\/div>\n<\/section>\n<section style=\"padding: 50px 20px; background-color: #f9f9f9;\">\n<div class=\"container\">\n<h2>S\u0131k\u00e7a Sorulan Sorular<\/h2>\n<h3>M\u0131s\u0131r&#8217;dan ortalama kavun toptan fiyat\u0131 nedir?<\/h3>\n<p>Fiyatlar, sipari\u015f hacmi, sezon ve hedef \u00fclkeye g\u00f6re de\u011fi\u015fiklik g\u00f6sterir. G\u00fcncel fiyatlar ve nakliye ko\u015fullar\u0131 i\u00e7in bizimle ileti\u015fime ge\u00e7in.<\/p>\n<h3>Yo\u011fun talep d\u00f6nemlerinde d\u00fczenli tedarik sa\u011flayabiliyor musunuz?<\/h3>\n<p>Evet, hasat ve so\u011fuk zincir y\u00f6netimimiz sayesinde May\u0131s\u2019tan A\u011fustos\u2019a ve sonras\u0131na kadar kesintisiz ihracat sa\u011fl\u0131yoruz.<\/p>\n<h3>Kavunlar i\u00e7in hangi ambalaj se\u00e7enekleri mevcuttur?<\/h3>\n<p>Toplu kutular, \u00f6zel etiketli perakende ambalajlar ve paletli y\u00fcklemeler sunuyoruz.<\/p>\n<h3>B\u00fcy\u00fck sipari\u015ften \u00f6nce numune talep edebilir miyim?<\/h3>\n<p>Kesinlikle. Kalitemizi de\u011ferlendirebilmeniz i\u00e7in numune g\u00f6nderimi sa\u011flayabiliriz.<\/p>\n<h3>Kavunlar\u0131n\u0131z ihracat d\u00fczenlemelerine uygun mu?<\/h3>\n<p>Evet, her sipari\u015f i\u00e7in bitki sa\u011fl\u0131k sertifikalar\u0131, kalite kontrol kay\u0131tlar\u0131 ve sevkiyat belgeleri dahil olmak \u00fczere tam dok\u00fcmantasyon sa\u011fl\u0131yoruz.<\/p>\n<\/div>\n<\/section>\n","protected":false},"excerpt":{"rendered":"<p>Kaliteden \u00f6d\u00fcn vermeden en iyi kavun toptan fiyat\u0131n\u0131 m\u0131 ar\u0131yorsunuz? PEI Trade, Akdeniz g\u00fcne\u015fi alt\u0131nda yeti\u015ftirilen birinci s\u0131n\u0131f M\u0131s\u0131r kavunlar\u0131n\u0131, ithalat\u00e7\u0131lar, distrib\u00fct\u00f6rler ve g\u0131da hizmeti al\u0131c\u0131lar\u0131 i\u00e7in rakipsiz bir de\u011ferle sunuyor. M\u0131s\u0131r\u2019\u0131n \u00f6nde gelen kavun tedarik\u00e7ileri ve ihracat\u00e7\u0131lar\u0131ndan biri olarak, uluslararas\u0131 standartlara uygun, tatl\u0131 ve sulu kavunlar\u0131n b\u00fcy\u00fck \u00f6l\u00e7ekli sevkiyatlar\u0131n\u0131 sa\u011fl\u0131yoruz. S\u00fcpermarketler, toptan da\u011f\u0131t\u0131m ya [&hellip;]<\/p>\n","protected":false},"author":1,"featured_media":0,"parent":0,"menu_order":0,"comment_status":"closed","ping_status":"closed","template":"","meta":{"footnotes":""},"class_list":["post-6086","page","type-page","status-publish","hentry"],"blocksy_meta":[],"mb":[],"featured_image_urls_v2":{"full":"","thumbnail":"","medium":"","medium_large":"","large":"","1536x1536":"","2048x2048":"","woocommerce_archive_thumbnail":"","woocommerce_thumbnail":"","woocommerce_single":"","woocommerce_gallery_thumbnail":""},"post_excerpt_stackable_v2":"<p>Kaliteden \u00f6d\u00fcn vermeden en iyi kavun toptan fiyat\u0131n\u0131 m\u0131 ar\u0131yorsunuz? PEI Trade, Akdeniz g\u00fcne\u015fi alt\u0131nda yeti\u015ftirilen birinci s\u0131n\u0131f M\u0131s\u0131r kavunlar\u0131n\u0131, ithalat\u00e7\u0131lar, distrib\u00fct\u00f6rler ve g\u0131da hizmeti al\u0131c\u0131lar\u0131 i\u00e7in rakipsiz bir de\u011ferle sunuyor. M\u0131s\u0131r\u2019\u0131n \u00f6nde gelen kavun tedarik\u00e7ileri ve ihracat\u00e7\u0131lar\u0131ndan biri olarak, uluslararas\u0131 standartlara uygun, tatl\u0131 ve sulu kavunlar\u0131n b\u00fcy\u00fck \u00f6l\u00e7ekli sevkiyatlar\u0131n\u0131 sa\u011fl\u0131yoruz. S\u00fcpermarketler, toptan da\u011f\u0131t\u0131m ya da i\u015fleme i\u00e7in \u00fcr\u00fcn ar\u0131yorsan\u0131z, toptan kavun sat\u0131\u015flar\u0131m\u0131z tam izlenebilirlik ve \u00f6zelle\u015ftirilebilir ambalaj se\u00e7enekleriyle sunulmaktad\u0131r. \u00c7ilek Devam\u0131n\u0131 oku Limon Devam\u0131n\u0131 oku Mango Devam\u0131n\u0131 oku Portakallar Devam\u0131n\u0131 oku Neden PEI Trade\u2019in M\u0131s\u0131r Kavunlar\u0131? M\u0131s\u0131r kavunlar\u0131m\u0131z d\u00fcnya \u00e7ap\u0131nda \u015fu \u00f6zellikleriyle tercih edilmektedir: Yo\u011fun tatl\u0131l\u0131k ve sa\u011flam, aromatik&hellip;<\/p>\n","category_list_v2":"","author_info_v2":{"name":"Mostafa Sabry","url":"https:\/\/peitrade.com\/tr\/author\/emostafaadel_jn8gcqbo\/"},"comments_num_v2":"0 comments","mfb_rest_fields":["title","blocksy_meta","featured_image_urls_v2","post_excerpt_stackable_v2","category_list_v2","author_info_v2","comments_num_v2"],"_links":{"self":[{"href":"https:\/\/peitrade.com\/tr\/wp-json\/wp\/v2\/pages\/6086","targetHints":{"allow":["GET"]}}],"collection":[{"href":"https:\/\/peitrade.com\/tr\/wp-json\/wp\/v2\/pages"}],"about":[{"href":"https:\/\/peitrade.com\/tr\/wp-json\/wp\/v2\/types\/page"}],"author":[{"embeddable":true,"href":"https:\/\/peitrade.com\/tr\/wp-json\/wp\/v2\/users\/1"}],"replies":[{"embeddable":true,"href":"https:\/\/peitrade.com\/tr\/wp-json\/wp\/v2\/comments?post=6086"}],"version-history":[{"count":2,"href":"https:\/\/peitrade.com\/tr\/wp-json\/wp\/v2\/pages\/6086\/revisions"}],"predecessor-version":[{"id":6403,"href":"https:\/\/peitrade.com\/tr\/wp-json\/wp\/v2\/pages\/6086\/revisions\/6403"}],"wp:attachment":[{"href":"https:\/\/peitrade.com\/tr\/wp-json\/wp\/v2\/media?parent=6086"}],"curies":[{"name":"wp","href":"https:\/\/api.w.org\/{rel}","templated":true}]}}