{"id":6116,"date":"2025-06-17T13:37:55","date_gmt":"2025-06-17T13:37:55","guid":{"rendered":"http:\/\/46.224.74.15\/misirdan-en-iyi-kavun-ihracatcilari-pei-trade\/"},"modified":"2025-11-19T16:47:49","modified_gmt":"2025-11-19T16:47:49","slug":"misirdan-en-iyi-kavun-ihracatcilari-pei-trade","status":"publish","type":"page","link":"https:\/\/peitrade.com\/tr\/misirdan-en-iyi-kavun-ihracatcilari-pei-trade\/","title":{"rendered":"M\u0131s\u0131r&#8217;dan En \u0130yi Kavun \u0130hracat\u00e7\u0131lar\u0131 \u2013 PEI Trade"},"content":{"rendered":"<section style=\"padding: 60px 20px; background-color: #f9f9f9;\">\n<div class=\"container\">\n<p>PEI Trade, <b>kavun ihracat\u00e7\u0131lar\u0131<\/b> aras\u0131nda \u00f6ne \u00e7\u0131karak, Akdeniz&#8217;in ideal ko\u015fullar\u0131nda yeti\u015ftirilen birinci s\u0131n\u0131f M\u0131s\u0131r kavunlar\u0131n\u0131 sunmaktad\u0131r. K\u00fcresel pazarlara y\u00fcksek kaliteli \u00fcr\u00fcnleri \u015feffafl\u0131k ve m\u00fckemmel hizmetle ula\u015ft\u0131rma konusunda uzman\u0131z.<\/p>\n<p>Lider <b>kavun tedarik\u00e7ileri<\/b> olarak, s\u00fcpermarketlerin, g\u0131da i\u015fleyicilerinin ve distrib\u00fct\u00f6rlerin ihtiya\u00e7lar\u0131n\u0131 kar\u015f\u0131lamak \u00fczere rekabet\u00e7i <b>kavun toptan fiyatlar\u0131<\/b> ile <b>toplu kavun sat\u0131\u015flar\u0131<\/b> sunuyoruz. G\u00fcvenilir bir <b>M\u0131s\u0131r kavunu tedarik\u00e7isi<\/b> olarak itibar\u0131m\u0131z, tutarl\u0131 kalite, \u00f6zelle\u015ftirilmi\u015f lojistik ve m\u00fc\u015fteri odakl\u0131 \u00e7\u00f6z\u00fcmler \u00fczerine kuruludur.<\/p>\n<\/div>\n<\/section>\n<div class=\"wp-block-woocommerce-product-collection\"><div class=\"woocommerce columns-4 \"><ul class=\"products columns-4\" data-products=\"type-2\">\n<li class=\"product type-product post-7671 status-publish first instock product_cat-fruits has-post-thumbnail shipping-taxable product-type-simple\">\n\t<a href=\"https:\/\/peitrade.com\/tr\/product\/cilek\/\" class=\"woocommerce-LoopProduct-link woocommerce-loop-product__link\"><img decoding=\"async\" width=\"300\" height=\"300\" src=\"https:\/\/peitrade.com\/wp-content\/uploads\/2025\/11\/Egyptian-Strawberries-300x300.webp\" class=\"attachment-woocommerce_thumbnail size-woocommerce_thumbnail\" alt=\"\u00c7ilek\" srcset=\"https:\/\/peitrade.com\/wp-content\/uploads\/2025\/11\/Egyptian-Strawberries-300x300.webp 300w, https:\/\/peitrade.com\/wp-content\/uploads\/2025\/11\/Egyptian-Strawberries-150x150.webp 150w, https:\/\/peitrade.com\/wp-content\/uploads\/2025\/11\/Egyptian-Strawberries-768x768.webp 768w, https:\/\/peitrade.com\/wp-content\/uploads\/2025\/11\/Egyptian-Strawberries-600x600.webp 600w, https:\/\/peitrade.com\/wp-content\/uploads\/2025\/11\/Egyptian-Strawberries-100x100.webp 100w, https:\/\/peitrade.com\/wp-content\/uploads\/2025\/11\/Egyptian-Strawberries.webp 1024w\" sizes=\"(max-width: 300px) 100vw, 300px\" title=\"\"><h2 class=\"woocommerce-loop-product__title\">\u00c7ilek<\/h2>\n<\/a><a href=\"https:\/\/peitrade.com\/tr\/product\/cilek\/\" aria-describedby=\"woocommerce_loop_add_to_cart_link_describedby_7671\" data-quantity=\"1\" class=\"button product_type_simple\" data-product_id=\"7671\" data-product_sku=\"81010\" aria-label=\"&ldquo;\u00c7ilek&rdquo; hakk\u0131nda daha fazla bilgi edinin\" rel=\"nofollow\" data-success_message=\"\">Devam\u0131n\u0131 oku<\/a>\t<span id=\"woocommerce_loop_add_to_cart_link_describedby_7671\" class=\"screen-reader-text\">\n\t\t\t<\/span>\n<\/li>\n<li class=\"product type-product post-7542 status-publish instock product_cat-fruits product_cat-in-season has-post-thumbnail shipping-taxable product-type-simple\">\n\t<a href=\"https:\/\/peitrade.com\/tr\/product\/limon\/\" class=\"woocommerce-LoopProduct-link woocommerce-loop-product__link\"><img decoding=\"async\" width=\"300\" height=\"300\" src=\"https:\/\/peitrade.com\/wp-content\/uploads\/2025\/11\/Egyptian-Lemons-300x300.webp\" class=\"attachment-woocommerce_thumbnail size-woocommerce_thumbnail\" alt=\"Limon\" srcset=\"https:\/\/peitrade.com\/wp-content\/uploads\/2025\/11\/Egyptian-Lemons-300x300.webp 300w, https:\/\/peitrade.com\/wp-content\/uploads\/2025\/11\/Egyptian-Lemons-150x150.webp 150w, https:\/\/peitrade.com\/wp-content\/uploads\/2025\/11\/Egyptian-Lemons-768x768.webp 768w, https:\/\/peitrade.com\/wp-content\/uploads\/2025\/11\/Egyptian-Lemons-600x600.webp 600w, https:\/\/peitrade.com\/wp-content\/uploads\/2025\/11\/Egyptian-Lemons-100x100.webp 100w, https:\/\/peitrade.com\/wp-content\/uploads\/2025\/11\/Egyptian-Lemons.webp 1024w\" sizes=\"(max-width: 300px) 100vw, 300px\" title=\"\"><h2 class=\"woocommerce-loop-product__title\">Limon<\/h2>\n<\/a><a href=\"https:\/\/peitrade.com\/tr\/product\/limon\/\" aria-describedby=\"woocommerce_loop_add_to_cart_link_describedby_7542\" data-quantity=\"1\" class=\"button product_type_simple\" data-product_id=\"7542\" data-product_sku=\"80550\" aria-label=\"&ldquo;Limon&rdquo; hakk\u0131nda daha fazla bilgi edinin\" rel=\"nofollow\" data-success_message=\"\">Devam\u0131n\u0131 oku<\/a>\t<span id=\"woocommerce_loop_add_to_cart_link_describedby_7542\" class=\"screen-reader-text\">\n\t\t\t<\/span>\n<\/li>\n<li class=\"product type-product post-7648 status-publish instock product_cat-fruits has-post-thumbnail shipping-taxable product-type-simple\">\n\t<a href=\"https:\/\/peitrade.com\/tr\/product\/mango\/\" class=\"woocommerce-LoopProduct-link woocommerce-loop-product__link\"><img decoding=\"async\" width=\"300\" height=\"300\" src=\"https:\/\/peitrade.com\/wp-content\/uploads\/2025\/11\/Egyption-Mango-300x300.webp\" class=\"attachment-woocommerce_thumbnail size-woocommerce_thumbnail\" alt=\"Mangoes: Egypt\u2019s Tropical Treasure\" srcset=\"https:\/\/peitrade.com\/wp-content\/uploads\/2025\/11\/Egyption-Mango-300x300.webp 300w, https:\/\/peitrade.com\/wp-content\/uploads\/2025\/11\/Egyption-Mango-150x150.webp 150w, https:\/\/peitrade.com\/wp-content\/uploads\/2025\/11\/Egyption-Mango-768x768.webp 768w, https:\/\/peitrade.com\/wp-content\/uploads\/2025\/11\/Egyption-Mango-600x600.webp 600w, https:\/\/peitrade.com\/wp-content\/uploads\/2025\/11\/Egyption-Mango-100x100.webp 100w, https:\/\/peitrade.com\/wp-content\/uploads\/2025\/11\/Egyption-Mango.webp 1024w\" sizes=\"(max-width: 300px) 100vw, 300px\" title=\"\"><h2 class=\"woocommerce-loop-product__title\">Mango<\/h2>\n<\/a><a href=\"https:\/\/peitrade.com\/tr\/product\/mango\/\" aria-describedby=\"woocommerce_loop_add_to_cart_link_describedby_7648\" data-quantity=\"1\" class=\"button product_type_simple\" data-product_id=\"7648\" data-product_sku=\"80450\" aria-label=\"&ldquo;Mango&rdquo; hakk\u0131nda daha fazla bilgi edinin\" rel=\"nofollow\" data-success_message=\"\">Devam\u0131n\u0131 oku<\/a>\t<span id=\"woocommerce_loop_add_to_cart_link_describedby_7648\" class=\"screen-reader-text\">\n\t\t\t<\/span>\n<\/li>\n<li class=\"product type-product post-7444 status-publish last instock product_cat-fruits product_cat-in-season has-post-thumbnail shipping-taxable product-type-simple\">\n\t<a href=\"https:\/\/peitrade.com\/tr\/product\/portakallar\/\" class=\"woocommerce-LoopProduct-link woocommerce-loop-product__link\"><img decoding=\"async\" width=\"300\" height=\"300\" src=\"https:\/\/peitrade.com\/wp-content\/uploads\/2025\/11\/Egyptian-Oranges-300x300.webp\" class=\"attachment-woocommerce_thumbnail size-woocommerce_thumbnail\" alt=\"M\u0131s\u0131r\u2019\u0131n Kanada\u2019ya portakal ihracat\u0131\" srcset=\"https:\/\/peitrade.com\/wp-content\/uploads\/2025\/11\/Egyptian-Oranges-300x300.webp 300w, https:\/\/peitrade.com\/wp-content\/uploads\/2025\/11\/Egyptian-Oranges-150x150.webp 150w, https:\/\/peitrade.com\/wp-content\/uploads\/2025\/11\/Egyptian-Oranges-768x768.webp 768w, https:\/\/peitrade.com\/wp-content\/uploads\/2025\/11\/Egyptian-Oranges-600x600.webp 600w, https:\/\/peitrade.com\/wp-content\/uploads\/2025\/11\/Egyptian-Oranges-100x100.webp 100w, https:\/\/peitrade.com\/wp-content\/uploads\/2025\/11\/Egyptian-Oranges.webp 1024w\" sizes=\"(max-width: 300px) 100vw, 300px\" title=\"\"><h2 class=\"woocommerce-loop-product__title\">Portakallar<\/h2>\n<\/a><a href=\"https:\/\/peitrade.com\/tr\/product\/portakallar\/\" aria-describedby=\"woocommerce_loop_add_to_cart_link_describedby_7444\" data-quantity=\"1\" class=\"button product_type_simple\" data-product_id=\"7444\" data-product_sku=\"80510\" aria-label=\"&ldquo;Portakallar&rdquo; hakk\u0131nda daha fazla bilgi edinin\" rel=\"nofollow\" data-success_message=\"\">Devam\u0131n\u0131 oku<\/a>\t<span id=\"woocommerce_loop_add_to_cart_link_describedby_7444\" class=\"screen-reader-text\">\n\t\t\t<\/span>\n<\/li>\n<\/ul>\n<\/div><\/div>\n<section style=\"padding: 50px 20px;\">\n<div class=\"container\">\n<h2>Neden PEI Trade\u2019i Kavun \u0130hracat Orta\u011f\u0131n\u0131z Olarak Se\u00e7melisiniz?<\/h2>\n<p><span style=\"font-weight: 400;\">M\u0131s\u0131r kavunlar\u0131m\u0131z d\u00fcnya \u00e7ap\u0131nda \u015fu \u00f6zellikleriyle tan\u0131n\u0131r:<\/span><\/p>\n<ul>\n<li style=\"font-weight: 400;\">Tatl\u0131, aromatik lezzet ve sert doku<\/li>\n<li style=\"font-weight: 400;\">Perakende ve g\u0131da hizmetleri i\u00e7in ideal, d\u00fczg\u00fcn \u015fekil ve boyut<\/li>\n<li style=\"font-weight: 400;\">Titiz hasat ve so\u011futma sayesinde uzun raf \u00f6mr\u00fc<\/li>\n<li style=\"font-weight: 400;\">Nakliye s\u0131ras\u0131nda d\u00fc\u015f\u00fck su kayb\u0131\u2014ihracat i\u00e7in m\u00fckemmel<\/li>\n<li style=\"font-weight: 400;\">AB ve K\u00f6rfez g\u0131da g\u00fcvenli\u011fi y\u00f6netmeliklerine tam uyum<\/li>\n<\/ul>\n<p><span style=\"font-weight: 400;\">G\u00fcvenilir <b>M\u0131s\u0131r kavunu tedarik\u00e7ileri<\/b> olarak tohumdan sevkiyata kadar kaliteyi izlememize olanak tan\u0131yan \u00e7iftliklerle do\u011frudan ba\u011flant\u0131lar\u0131m\u0131z\u0131 s\u00fcrd\u00fcr\u00fcyoruz.<\/span><\/p>\n<h2>\u0130hracat S\u00fcrecimiz \u2013 Tarladan Teslimata<\/h2>\n<p><span style=\"font-weight: 400;\">\u0130hracat etti\u011fimiz her kavunun taze ve sevkiyata haz\u0131r ula\u015fmas\u0131n\u0131 sa\u011fl\u0131yoruz. S\u00fcrecimiz \u015fu \u015fekilde i\u015fler:<\/span><\/p>\n<ul>\n<li style=\"font-weight: 400;\">Maksimum tat ve doku i\u00e7in hassas hasat<\/li>\n<li style=\"font-weight: 400;\">Bir\u00f6rnek g\u00f6r\u00fcn\u00fcm i\u00e7in ay\u0131klama ve s\u0131n\u0131fland\u0131rma<\/li>\n<li style=\"font-weight: 400;\">Tazeli\u011fi korumak i\u00e7in hidro-so\u011futma<\/li>\n<li style=\"font-weight: 400;\">Ezilmelere kar\u015f\u0131 havaland\u0131rmal\u0131 ambalajlama<\/li>\n<li style=\"font-weight: 400;\">Sorunsuz g\u00fcmr\u00fck i\u015flemleri i\u00e7in tam ihracat belgeleri<\/li>\n<\/ul>\n<p><span style=\"font-weight: 400;\">Her ad\u0131mda g\u00fcveni garanti eden ekibimiz, bizi \u00f6nde gelen <b>kavun ihracat\u00e7\u0131lar\u0131<\/b> konumuna getiriyor.<\/span><\/p>\n<h2>Hasat Takvimi ve K\u00fcresel Eri\u015fim<\/h2>\n<p><span style=\"font-weight: 400;\">M\u0131s\u0131r\u2019da kavun hasat sezonu <b>May\u0131s\u2019tan Temmuz\u2019a<\/b> kadar zirve yapar; bu da bizi yaz aylar\u0131ndaki k\u00fcresel talep i\u00e7in zaman\u0131nda bir tedarik\u00e7i yapar. So\u011fuk hava depolar\u0131m\u0131zla sezon d\u0131\u015f\u0131 da tedarik sunuyoruz.<\/span><\/p>\n<p style=\"font-weight: 400;\">\u0130hracat programlar\u0131m\u0131z, m\u00fc\u015fterilerimizin promosyonlar\u0131 ve toptan yenilemeleri g\u00fcvenle planlamalar\u0131na yard\u0131mc\u0131 olmak i\u00e7in tasarlanm\u0131\u015ft\u0131r.<\/p>\n<h3>Hizmet Verdi\u011fimiz Pazarlar<\/h3>\n<p><span style=\"font-weight: 400;\">Deneyimli <b>kavun tedarik\u00e7ileri<\/b> olarak \u015fu sekt\u00f6rlere hitap ediyoruz:<\/span><\/p>\n<ul>\n<li><b>Perakende Zincirleri:<\/b> Raflara haz\u0131r premium meyve<\/li>\n<li><b>G\u0131da \u0130\u015fleyicileri:<\/b> Dilimleme, s\u0131kma ve paketleme i\u00e7in ideal<\/li>\n<li><b>Toptan Da\u011f\u0131t\u0131c\u0131lar:<\/b> K\u00fcresel pazarlar i\u00e7in esnek hacimler<\/li>\n<li><b>Otel ve Catering:<\/b> Se\u00e7kin mutfaklar i\u00e7in taze, lezzetli \u00fcr\u00fcn<\/li>\n<\/ul>\n<h3>\u0130hracat B\u00f6lgeleri ve Eri\u015fimimiz<\/h3>\n<p><span style=\"font-weight: 400;\">M\u0131s\u0131r kavunlar\u0131n\u0131 \u015fu b\u00f6lgelere ihra\u00e7 ediyoruz:<\/span><\/p>\n<ul>\n<li>K\u00f6rfez B\u00f6lgesi: BAE, Suudi Arabistan, Kuveyt, Katar<\/li>\n<li>Avrupa: Almanya, Hollanda, Fransa, Do\u011fu Avrupa<\/li>\n<li>Asya: Singapur, Malezya, Hindistan<\/li>\n<li>Afrika: Kenya, Fas, G\u00fcney Afrika<\/li>\n<\/ul>\n<p><span style=\"font-weight: 400;\">\u0130ster tam konteyner ister parsiyel y\u00fckleme olsun, <b>kavun toptan fiyatlar\u0131m\u0131z<\/b> tedarik hedeflerinize uygun \u015fekilde sunulmaktad\u0131r.<\/span><\/p>\n<h2>\u00d6zel Ambalajlama \u00c7\u00f6z\u00fcmleri<\/h2>\n<p><span style=\"font-weight: 400;\">Ambalajlama se\u00e7eneklerimiz \u015funlar\u0131 i\u00e7erir:<\/span><\/p>\n<ul>\n<li>A\u011fl\u0131 ya da tek tek sar\u0131lm\u0131\u015f kavunlar i\u00e7in karton kutular<\/li>\n<li>5 kg ve 10 kg kutular \u2013 markan\u0131za g\u00f6re \u00f6zelle\u015ftirilebilir<\/li>\n<li>S\u00fcpermarketler i\u00e7in perakendeye haz\u0131r paketler<\/li>\n<li>S\u0131cakl\u0131k kontroll\u00fc paletli y\u00fcklemeler<\/li>\n<\/ul>\n<p><span style=\"font-weight: 400;\">Etiketler hedef dilinizde sunulabilir ve ambalajlar b\u00f6lgesel uyum standartlar\u0131n\u0131 kar\u015f\u0131lar.<\/span><\/p>\n<\/div>\n<\/section>\n<section style=\"padding: 50px 20px; background-color: #f0f0f0;\">\n<div class=\"container\">\n<h2>PEI Trade ile Ortakl\u0131k Kurun \u2013 G\u00fcvenilir Kavun \u0130hracat\u00e7\u0131n\u0131z<\/h2>\n<p>Kaliteli, mevsimsel olarak mevcut ve rekabet\u00e7i fiyatl\u0131 <b>toplu kavun<\/b> ar\u0131yorsan\u0131z, PEI Trade sizin i\u00e7in ideal <b>M\u0131s\u0131r kavunu tedarik\u00e7isi<\/b>dir.<\/p>\n<p>Tar\u0131m uzmanl\u0131\u011f\u0131n\u0131 ihracat m\u00fckemmelli\u011fiyle birle\u015ftirerek rakipsiz de\u011fer ve hizmet sunuyoruz.<\/p>\n<h2>Fiyat Teklifi veya Numune Talep Edin<\/h2>\n<p>En g\u00fcncel <b>kavun toptan fiyatlar\u0131<\/b> i\u00e7in ihracat ekibimizle ileti\u015fime ge\u00e7in, sevkiyat tercihlerinizi g\u00f6r\u00fc\u015f\u00fcn veya numune g\u00f6nderimi talep edin.<\/p>\n<p style=\"text-align: center; margin-top: 40px;\"><a class=\"button primary large\" href=\"\/contact\">Teklif Al\u0131n<\/a><\/p>\n<\/div>\n<\/section>\n<section style=\"padding: 50px 20px;\">\n<div class=\"container\">\n<h2>M\u0131s\u0131r\u2019dan Di\u011fer Taze \u0130hracat \u00dcr\u00fcnlerimizi Ke\u015ffedin<\/h2>\n<p>&nbsp;<\/p>\n<p>Kavunlara ek olarak PEI Trade; beyaz fasulye, patates, narenciye ve \u00fcz\u00fcm gibi geni\u015f bir tar\u0131m \u00fcr\u00fcnleri yelpazesi sunmaktad\u0131r. Taze \u00fcr\u00fcn portf\u00f6y\u00fcn\u00fcz\u00fc ihracata haz\u0131r se\u00e7eneklerle geni\u015fletin. <a href=\"\/about\">PEI Trade hakk\u0131nda daha fazla bilgi edinin<\/a>.<\/p>\n<div class=\"wp-block-woocommerce-product-collection\"><div class=\"woocommerce columns-4 \"><ul class=\"products columns-4\" data-products=\"type-2\">\n<li class=\"product type-product post-7583 status-publish first instock product_cat-fruits product_cat-in-season has-post-thumbnail shipping-taxable product-type-simple\">\n\t<a href=\"https:\/\/peitrade.com\/tr\/product\/guava\/\" class=\"woocommerce-LoopProduct-link woocommerce-loop-product__link\"><img decoding=\"async\" width=\"300\" height=\"300\" src=\"https:\/\/peitrade.com\/wp-content\/uploads\/2025\/11\/Egyptian-Guava-300x300.webp\" class=\"attachment-woocommerce_thumbnail size-woocommerce_thumbnail\" alt=\"Egyptian Guava\" srcset=\"https:\/\/peitrade.com\/wp-content\/uploads\/2025\/11\/Egyptian-Guava-300x300.webp 300w, https:\/\/peitrade.com\/wp-content\/uploads\/2025\/11\/Egyptian-Guava-150x150.webp 150w, https:\/\/peitrade.com\/wp-content\/uploads\/2025\/11\/Egyptian-Guava-768x768.webp 768w, https:\/\/peitrade.com\/wp-content\/uploads\/2025\/11\/Egyptian-Guava-600x600.webp 600w, https:\/\/peitrade.com\/wp-content\/uploads\/2025\/11\/Egyptian-Guava-100x100.webp 100w, https:\/\/peitrade.com\/wp-content\/uploads\/2025\/11\/Egyptian-Guava.webp 1024w\" sizes=\"(max-width: 300px) 100vw, 300px\" title=\"\"><h2 class=\"woocommerce-loop-product__title\">Guava<\/h2>\n<\/a><a href=\"https:\/\/peitrade.com\/tr\/product\/guava\/\" aria-describedby=\"woocommerce_loop_add_to_cart_link_describedby_7583\" data-quantity=\"1\" class=\"button product_type_simple\" data-product_id=\"7583\" data-product_sku=\"80451\" aria-label=\"&ldquo;Guava&rdquo; hakk\u0131nda daha fazla bilgi edinin\" rel=\"nofollow\" data-success_message=\"\">Devam\u0131n\u0131 oku<\/a>\t<span id=\"woocommerce_loop_add_to_cart_link_describedby_7583\" class=\"screen-reader-text\">\n\t\t\t<\/span>\n<\/li>\n<li class=\"product type-product post-7745 status-publish instock product_cat-fruits has-post-thumbnail shipping-taxable product-type-simple\">\n\t<a href=\"https:\/\/peitrade.com\/tr\/product\/nar\/\" class=\"woocommerce-LoopProduct-link woocommerce-loop-product__link\"><img decoding=\"async\" width=\"300\" height=\"300\" src=\"https:\/\/peitrade.com\/wp-content\/uploads\/2025\/11\/Egyptian-Pomegranate-300x300.webp\" class=\"attachment-woocommerce_thumbnail size-woocommerce_thumbnail\" alt=\"Pomegranates: The Superfruit Appeal\" srcset=\"https:\/\/peitrade.com\/wp-content\/uploads\/2025\/11\/Egyptian-Pomegranate-300x300.webp 300w, https:\/\/peitrade.com\/wp-content\/uploads\/2025\/11\/Egyptian-Pomegranate-150x150.webp 150w, https:\/\/peitrade.com\/wp-content\/uploads\/2025\/11\/Egyptian-Pomegranate-768x768.webp 768w, https:\/\/peitrade.com\/wp-content\/uploads\/2025\/11\/Egyptian-Pomegranate-600x600.webp 600w, https:\/\/peitrade.com\/wp-content\/uploads\/2025\/11\/Egyptian-Pomegranate-100x100.webp 100w, https:\/\/peitrade.com\/wp-content\/uploads\/2025\/11\/Egyptian-Pomegranate.webp 1024w\" sizes=\"(max-width: 300px) 100vw, 300px\" title=\"\"><h2 class=\"woocommerce-loop-product__title\">Nar<\/h2>\n<\/a><a href=\"https:\/\/peitrade.com\/tr\/product\/nar\/\" aria-describedby=\"woocommerce_loop_add_to_cart_link_describedby_7745\" data-quantity=\"1\" class=\"button product_type_simple\" data-product_id=\"7745\" data-product_sku=\"81090\" aria-label=\"&ldquo;Nar&rdquo; hakk\u0131nda daha fazla bilgi edinin\" rel=\"nofollow\" data-success_message=\"\">Devam\u0131n\u0131 oku<\/a>\t<span id=\"woocommerce_loop_add_to_cart_link_describedby_7745\" class=\"screen-reader-text\">\n\t\t\t<\/span>\n<\/li>\n<li class=\"product type-product post-7444 status-publish instock product_cat-fruits product_cat-in-season has-post-thumbnail shipping-taxable product-type-simple\">\n\t<a href=\"https:\/\/peitrade.com\/tr\/product\/portakallar\/\" class=\"woocommerce-LoopProduct-link woocommerce-loop-product__link\"><img decoding=\"async\" width=\"300\" height=\"300\" src=\"https:\/\/peitrade.com\/wp-content\/uploads\/2025\/11\/Egyptian-Oranges-300x300.webp\" class=\"attachment-woocommerce_thumbnail size-woocommerce_thumbnail\" alt=\"M\u0131s\u0131r\u2019\u0131n Kanada\u2019ya portakal ihracat\u0131\" srcset=\"https:\/\/peitrade.com\/wp-content\/uploads\/2025\/11\/Egyptian-Oranges-300x300.webp 300w, https:\/\/peitrade.com\/wp-content\/uploads\/2025\/11\/Egyptian-Oranges-150x150.webp 150w, https:\/\/peitrade.com\/wp-content\/uploads\/2025\/11\/Egyptian-Oranges-768x768.webp 768w, https:\/\/peitrade.com\/wp-content\/uploads\/2025\/11\/Egyptian-Oranges-600x600.webp 600w, https:\/\/peitrade.com\/wp-content\/uploads\/2025\/11\/Egyptian-Oranges-100x100.webp 100w, https:\/\/peitrade.com\/wp-content\/uploads\/2025\/11\/Egyptian-Oranges.webp 1024w\" sizes=\"(max-width: 300px) 100vw, 300px\" title=\"\"><h2 class=\"woocommerce-loop-product__title\">Portakallar<\/h2>\n<\/a><a href=\"https:\/\/peitrade.com\/tr\/product\/portakallar\/\" aria-describedby=\"woocommerce_loop_add_to_cart_link_describedby_7444\" data-quantity=\"1\" class=\"button product_type_simple\" data-product_id=\"7444\" data-product_sku=\"80510\" aria-label=\"&ldquo;Portakallar&rdquo; hakk\u0131nda daha fazla bilgi edinin\" rel=\"nofollow\" data-success_message=\"\">Devam\u0131n\u0131 oku<\/a>\t<span id=\"woocommerce_loop_add_to_cart_link_describedby_7444\" class=\"screen-reader-text\">\n\t\t\t<\/span>\n<\/li>\n<li class=\"product type-product post-7589 status-publish last instock product_cat-fruits has-post-thumbnail shipping-taxable product-type-simple\">\n\t<a href=\"https:\/\/peitrade.com\/tr\/product\/uzum\/\" class=\"woocommerce-LoopProduct-link woocommerce-loop-product__link\"><img decoding=\"async\" width=\"300\" height=\"300\" src=\"https:\/\/peitrade.com\/wp-content\/uploads\/2025\/11\/Egyptian-Grapes-300x300.webp\" class=\"attachment-woocommerce_thumbnail size-woocommerce_thumbnail\" alt=\"Grapes: A Rising Star\" srcset=\"https:\/\/peitrade.com\/wp-content\/uploads\/2025\/11\/Egyptian-Grapes-300x300.webp 300w, https:\/\/peitrade.com\/wp-content\/uploads\/2025\/11\/Egyptian-Grapes-150x150.webp 150w, https:\/\/peitrade.com\/wp-content\/uploads\/2025\/11\/Egyptian-Grapes-768x768.webp 768w, https:\/\/peitrade.com\/wp-content\/uploads\/2025\/11\/Egyptian-Grapes-600x600.webp 600w, https:\/\/peitrade.com\/wp-content\/uploads\/2025\/11\/Egyptian-Grapes-100x100.webp 100w, https:\/\/peitrade.com\/wp-content\/uploads\/2025\/11\/Egyptian-Grapes.webp 1024w\" sizes=\"(max-width: 300px) 100vw, 300px\" title=\"\"><h2 class=\"woocommerce-loop-product__title\">\u00dcz\u00fcm<\/h2>\n<\/a><a href=\"https:\/\/peitrade.com\/tr\/product\/uzum\/\" aria-describedby=\"woocommerce_loop_add_to_cart_link_describedby_7589\" data-quantity=\"1\" class=\"button product_type_simple\" data-product_id=\"7589\" data-product_sku=\"80610\" aria-label=\"&ldquo;\u00dcz\u00fcm&rdquo; hakk\u0131nda daha fazla bilgi edinin\" rel=\"nofollow\" data-success_message=\"\">Devam\u0131n\u0131 oku<\/a>\t<span id=\"woocommerce_loop_add_to_cart_link_describedby_7589\" class=\"screen-reader-text\">\n\t\t\t<\/span>\n<\/li>\n<\/ul>\n<\/div><\/div>\n<\/div>\n<\/section>\n<section style=\"padding: 50px 20px; background-color: #f9f9f9;\">\n<div class=\"container\">\n<h2>S\u0131k\u00e7a Sorulan Sorular<\/h2>\n<h3>Kavunlar\u0131n\u0131z\u0131 ihracat i\u00e7in ideal yapan nedir?<\/h3>\n<p>Kavunlar\u0131m\u0131z tam olgunlukta hasat edilir, \u00f6zenle so\u011futulur ve uluslararas\u0131 ta\u015f\u0131maya uygun \u015fekilde paketlenir.<\/p>\n<h3>M\u0131s\u0131r kavunlar\u0131n\u0131n en yo\u011fun sezonu ne zamand\u0131r?<\/h3>\n<p>May\u0131s\u2019tan Temmuz\u2019a kadar olan d\u00f6nem ana hasat sezonumuzdur; ayr\u0131ca so\u011fuk hava depolar\u0131 ile sezon d\u0131\u015f\u0131 tedarik de sunmaktay\u0131z.<\/p>\n<h3>Numune g\u00f6nderimi yap\u0131yor musunuz?<\/h3>\n<p>Evet, toplu sipari\u015f vermeden \u00f6nce kaliteyi de\u011ferlendirmeniz i\u00e7in numune g\u00f6nderebiliriz.<\/p>\n<h3>Ambalaj\u0131 \u00f6zelle\u015ftirebilir misiniz?<\/h3>\n<p>Kesinlikle. Perakendeye haz\u0131r ambalajlar, toplu kartonlar ve \u00f6zel markal\u0131 \u00e7\u00f6z\u00fcmler sunuyoruz.<\/p>\n<h3>Kavunlar\u0131n\u0131z hangi sertifikalara sahiptir?<\/h3>\n<p>T\u00fcm ihracatlar AB ve K\u00f6rfez standartlar\u0131na uygun olarak fitosanitasyon belgeleri ve kalite raporlar\u0131 ile birlikte sunulmaktad\u0131r.<\/p>\n<\/div>\n<p>&nbsp;<\/p>\n<\/section>\n","protected":false},"excerpt":{"rendered":"<p>PEI Trade, kavun ihracat\u00e7\u0131lar\u0131 aras\u0131nda \u00f6ne \u00e7\u0131karak, Akdeniz&#8217;in ideal ko\u015fullar\u0131nda yeti\u015ftirilen birinci s\u0131n\u0131f M\u0131s\u0131r kavunlar\u0131n\u0131 sunmaktad\u0131r. K\u00fcresel pazarlara y\u00fcksek kaliteli \u00fcr\u00fcnleri \u015feffafl\u0131k ve m\u00fckemmel hizmetle ula\u015ft\u0131rma konusunda uzman\u0131z. Lider kavun tedarik\u00e7ileri olarak, s\u00fcpermarketlerin, g\u0131da i\u015fleyicilerinin ve distrib\u00fct\u00f6rlerin ihtiya\u00e7lar\u0131n\u0131 kar\u015f\u0131lamak \u00fczere rekabet\u00e7i kavun toptan fiyatlar\u0131 ile toplu kavun sat\u0131\u015flar\u0131 sunuyoruz. G\u00fcvenilir bir M\u0131s\u0131r kavunu tedarik\u00e7isi olarak [&hellip;]<\/p>\n","protected":false},"author":1,"featured_media":0,"parent":0,"menu_order":0,"comment_status":"closed","ping_status":"closed","template":"","meta":{"footnotes":""},"class_list":["post-6116","page","type-page","status-publish","hentry"],"blocksy_meta":[],"mb":[],"featured_image_urls_v2":{"full":"","thumbnail":"","medium":"","medium_large":"","large":"","1536x1536":"","2048x2048":"","woocommerce_archive_thumbnail":"","woocommerce_thumbnail":"","woocommerce_single":"","woocommerce_gallery_thumbnail":""},"post_excerpt_stackable_v2":"<p>PEI Trade, kavun ihracat\u00e7\u0131lar\u0131 aras\u0131nda \u00f6ne \u00e7\u0131karak, Akdeniz&#8217;in ideal ko\u015fullar\u0131nda yeti\u015ftirilen birinci s\u0131n\u0131f M\u0131s\u0131r kavunlar\u0131n\u0131 sunmaktad\u0131r. K\u00fcresel pazarlara y\u00fcksek kaliteli \u00fcr\u00fcnleri \u015feffafl\u0131k ve m\u00fckemmel hizmetle ula\u015ft\u0131rma konusunda uzman\u0131z. Lider kavun tedarik\u00e7ileri olarak, s\u00fcpermarketlerin, g\u0131da i\u015fleyicilerinin ve distrib\u00fct\u00f6rlerin ihtiya\u00e7lar\u0131n\u0131 kar\u015f\u0131lamak \u00fczere rekabet\u00e7i kavun toptan fiyatlar\u0131 ile toplu kavun sat\u0131\u015flar\u0131 sunuyoruz. G\u00fcvenilir bir M\u0131s\u0131r kavunu tedarik\u00e7isi olarak itibar\u0131m\u0131z, tutarl\u0131 kalite, \u00f6zelle\u015ftirilmi\u015f lojistik ve m\u00fc\u015fteri odakl\u0131 \u00e7\u00f6z\u00fcmler \u00fczerine kuruludur. \u00c7ilek Devam\u0131n\u0131 oku Limon Devam\u0131n\u0131 oku Mango Devam\u0131n\u0131 oku Portakallar Devam\u0131n\u0131 oku Neden PEI Trade\u2019i Kavun \u0130hracat Orta\u011f\u0131n\u0131z Olarak Se\u00e7melisiniz? M\u0131s\u0131r kavunlar\u0131m\u0131z d\u00fcnya \u00e7ap\u0131nda \u015fu \u00f6zellikleriyle tan\u0131n\u0131r: Tatl\u0131, aromatik lezzet ve sert doku Perakende&hellip;<\/p>\n","category_list_v2":"","author_info_v2":{"name":"Mostafa Sabry","url":"https:\/\/peitrade.com\/tr\/author\/emostafaadel_jn8gcqbo\/"},"comments_num_v2":"0 comments","mfb_rest_fields":["title","blocksy_meta","featured_image_urls_v2","post_excerpt_stackable_v2","category_list_v2","author_info_v2","comments_num_v2"],"_links":{"self":[{"href":"https:\/\/peitrade.com\/tr\/wp-json\/wp\/v2\/pages\/6116","targetHints":{"allow":["GET"]}}],"collection":[{"href":"https:\/\/peitrade.com\/tr\/wp-json\/wp\/v2\/pages"}],"about":[{"href":"https:\/\/peitrade.com\/tr\/wp-json\/wp\/v2\/types\/page"}],"author":[{"embeddable":true,"href":"https:\/\/peitrade.com\/tr\/wp-json\/wp\/v2\/users\/1"}],"replies":[{"embeddable":true,"href":"https:\/\/peitrade.com\/tr\/wp-json\/wp\/v2\/comments?post=6116"}],"version-history":[{"count":1,"href":"https:\/\/peitrade.com\/tr\/wp-json\/wp\/v2\/pages\/6116\/revisions"}],"predecessor-version":[{"id":6117,"href":"https:\/\/peitrade.com\/tr\/wp-json\/wp\/v2\/pages\/6116\/revisions\/6117"}],"wp:attachment":[{"href":"https:\/\/peitrade.com\/tr\/wp-json\/wp\/v2\/media?parent=6116"}],"curies":[{"name":"wp","href":"https:\/\/api.w.org\/{rel}","templated":true}]}}