{"id":6131,"date":"2025-06-18T06:32:24","date_gmt":"2025-06-18T06:32:24","guid":{"rendered":"http:\/\/46.224.74.15\/patlican-ihracati-2\/"},"modified":"2025-11-19T16:47:55","modified_gmt":"2025-11-19T16:47:55","slug":"patlican-ihracati-2","status":"publish","type":"page","link":"https:\/\/peitrade.com\/tr\/patlican-ihracati-2\/","title":{"rendered":"PEI Trade \u2013 M\u0131s\u0131r\u2019dan Patl\u0131can \u0130hracat\u0131nda Lider Tedarik\u00e7i"},"content":{"rendered":"<section style=\"padding: 60px 20px; background-color: #f9f9f9;\">\n<div class=\"container\">\n<h1>PEI Trade \u2013 M\u0131s\u0131r\u2019dan Patl\u0131can \u0130hracat\u0131nda Lider Tedarik\u00e7i<\/h1>\n<p>&nbsp;<\/p>\n<p>PEI Trade, <strong>M\u0131s\u0131r\u2019dan patl\u0131can ihracat\u0131<\/strong> yapan \u00f6nde gelen <strong>patl\u0131can tedarik\u00e7ileri<\/strong> aras\u0131nda yer al\u0131r. D\u00fcnya \u00e7ap\u0131ndaki m\u00fc\u015fterilere ihracata haz\u0131r, birinci s\u0131n\u0131f kalitede parlak, sert ve homojen patl\u0131canlar sunar. \u0130ster perakende, ister i\u015fleme, ister toptan sat\u0131\u015f i\u00e7in <strong>patl\u0131can ihracat\u0131<\/strong> yapmak isteyin; tarladan limana kadar olan s\u00fcre\u00e7te tazelik ve tutarl\u0131l\u0131k garantisi veriyoruz.<\/p>\n<p><strong>Toptan patl\u0131can sat\u0131\u015f\u0131<\/strong> konusunda uzmanla\u015fan firmam\u0131z, y\u00fcksek hacimli tedarik, rekabet\u00e7i fiyatland\u0131rma ve h\u0131zl\u0131 teslimat avantaj\u0131 sunar. PEI Trade, d\u00fcnya genelindeki al\u0131c\u0131lar\u0131n g\u00fcvenle tercih etti\u011fi <strong>patl\u0131can toptan tedarik\u00e7isi<\/strong>dir.<\/p>\n<\/div>\n<p>&nbsp;<\/p>\n<\/section>\n<div class=\"wp-block-woocommerce-product-collection\"><div class=\"woocommerce columns-4 \"><ul class=\"products columns-4\" data-products=\"type-2\">\n<li class=\"product type-product post-7719 status-publish first instock product_cat-legumes product_cat-in-season has-post-thumbnail shipping-taxable product-type-simple\">\n\t<a href=\"https:\/\/peitrade.com\/tr\/product\/kuru-beyaz-fasulye\/\" class=\"woocommerce-LoopProduct-link woocommerce-loop-product__link\"><img decoding=\"async\" width=\"300\" height=\"300\" src=\"https:\/\/peitrade.com\/wp-content\/uploads\/2025\/11\/Egyptian-White-Beans-300x300.webp\" class=\"attachment-woocommerce_thumbnail size-woocommerce_thumbnail\" alt=\"Kuru beyaz fasulye\" srcset=\"https:\/\/peitrade.com\/wp-content\/uploads\/2025\/11\/Egyptian-White-Beans-300x300.webp 300w, https:\/\/peitrade.com\/wp-content\/uploads\/2025\/11\/Egyptian-White-Beans-150x150.webp 150w, https:\/\/peitrade.com\/wp-content\/uploads\/2025\/11\/Egyptian-White-Beans-768x768.webp 768w, https:\/\/peitrade.com\/wp-content\/uploads\/2025\/11\/Egyptian-White-Beans-600x600.webp 600w, https:\/\/peitrade.com\/wp-content\/uploads\/2025\/11\/Egyptian-White-Beans-100x100.webp 100w, https:\/\/peitrade.com\/wp-content\/uploads\/2025\/11\/Egyptian-White-Beans.webp 1024w\" sizes=\"(max-width: 300px) 100vw, 300px\" title=\"\"><h2 class=\"woocommerce-loop-product__title\">Kuru beyaz fasulye<\/h2>\n<\/a><a href=\"https:\/\/peitrade.com\/tr\/product\/kuru-beyaz-fasulye\/\" aria-describedby=\"woocommerce_loop_add_to_cart_link_describedby_7719\" data-quantity=\"1\" class=\"button product_type_simple\" data-product_id=\"7719\" data-product_sku=\"70820\" aria-label=\"&ldquo;Kuru beyaz fasulye&rdquo; hakk\u0131nda daha fazla bilgi edinin\" rel=\"nofollow\" data-success_message=\"\">Devam\u0131n\u0131 oku<\/a>\t<span id=\"woocommerce_loop_add_to_cart_link_describedby_7719\" class=\"screen-reader-text\">\n\t\t\t<\/span>\n<\/li>\n<li class=\"product type-product post-7776 status-publish instock product_cat-vegetables product_cat-in-season has-post-thumbnail shipping-taxable product-type-simple\">\n\t<a href=\"https:\/\/peitrade.com\/tr\/product\/patates\/\" class=\"woocommerce-LoopProduct-link woocommerce-loop-product__link\"><img decoding=\"async\" width=\"300\" height=\"300\" src=\"https:\/\/peitrade.com\/wp-content\/uploads\/2025\/11\/Egyptian-Potatoes-300x300.webp\" class=\"attachment-woocommerce_thumbnail size-woocommerce_thumbnail\" alt=\"Patates\" srcset=\"https:\/\/peitrade.com\/wp-content\/uploads\/2025\/11\/Egyptian-Potatoes-300x300.webp 300w, https:\/\/peitrade.com\/wp-content\/uploads\/2025\/11\/Egyptian-Potatoes-150x150.webp 150w, https:\/\/peitrade.com\/wp-content\/uploads\/2025\/11\/Egyptian-Potatoes-768x768.webp 768w, https:\/\/peitrade.com\/wp-content\/uploads\/2025\/11\/Egyptian-Potatoes-600x600.webp 600w, https:\/\/peitrade.com\/wp-content\/uploads\/2025\/11\/Egyptian-Potatoes-100x100.webp 100w, https:\/\/peitrade.com\/wp-content\/uploads\/2025\/11\/Egyptian-Potatoes.webp 1024w\" sizes=\"(max-width: 300px) 100vw, 300px\" title=\"\"><h2 class=\"woocommerce-loop-product__title\">Patates<\/h2>\n<\/a><a href=\"https:\/\/peitrade.com\/tr\/product\/patates\/\" aria-describedby=\"woocommerce_loop_add_to_cart_link_describedby_7776\" data-quantity=\"1\" class=\"button product_type_simple\" data-product_id=\"7776\" data-product_sku=\"70190\" aria-label=\"&ldquo;Patates&rdquo; hakk\u0131nda daha fazla bilgi edinin\" rel=\"nofollow\" data-success_message=\"\">Devam\u0131n\u0131 oku<\/a>\t<span id=\"woocommerce_loop_add_to_cart_link_describedby_7776\" class=\"screen-reader-text\">\n\t\t\t<\/span>\n<\/li>\n<li class=\"product type-product post-7484 status-publish instock product_cat-vegetables product_cat-in-season has-post-thumbnail shipping-taxable product-type-simple\">\n\t<a href=\"https:\/\/peitrade.com\/tr\/product\/sogan\/\" class=\"woocommerce-LoopProduct-link woocommerce-loop-product__link\"><img decoding=\"async\" width=\"300\" height=\"300\" src=\"https:\/\/peitrade.com\/wp-content\/uploads\/2025\/11\/Egyption-Onion-300x300.webp\" class=\"attachment-woocommerce_thumbnail size-woocommerce_thumbnail\" alt=\"Egyption Onion - PEI Trade\" srcset=\"https:\/\/peitrade.com\/wp-content\/uploads\/2025\/11\/Egyption-Onion-300x300.webp 300w, https:\/\/peitrade.com\/wp-content\/uploads\/2025\/11\/Egyption-Onion-150x150.webp 150w, https:\/\/peitrade.com\/wp-content\/uploads\/2025\/11\/Egyption-Onion-768x768.webp 768w, https:\/\/peitrade.com\/wp-content\/uploads\/2025\/11\/Egyption-Onion-600x600.webp 600w, https:\/\/peitrade.com\/wp-content\/uploads\/2025\/11\/Egyption-Onion-100x100.webp 100w, https:\/\/peitrade.com\/wp-content\/uploads\/2025\/11\/Egyption-Onion.webp 1024w\" sizes=\"(max-width: 300px) 100vw, 300px\" title=\"\"><h2 class=\"woocommerce-loop-product__title\">So\u011fan<\/h2>\n<\/a><a href=\"https:\/\/peitrade.com\/tr\/product\/sogan\/\" aria-describedby=\"woocommerce_loop_add_to_cart_link_describedby_7484\" data-quantity=\"1\" class=\"button product_type_simple\" data-product_id=\"7484\" data-product_sku=\"70310\" aria-label=\"&ldquo;So\u011fan&rdquo; hakk\u0131nda daha fazla bilgi edinin\" rel=\"nofollow\" data-success_message=\"\">Devam\u0131n\u0131 oku<\/a>\t<span id=\"woocommerce_loop_add_to_cart_link_describedby_7484\" class=\"screen-reader-text\">\n\t\t\t<\/span>\n<\/li>\n<li class=\"product type-product post-7540 status-publish last instock product_cat-vegetables product_cat-in-season has-post-thumbnail shipping-taxable product-type-simple\">\n\t<a href=\"https:\/\/peitrade.com\/tr\/product\/taze-fasulye\/\" class=\"woocommerce-LoopProduct-link woocommerce-loop-product__link\"><img decoding=\"async\" width=\"300\" height=\"300\" src=\"https:\/\/peitrade.com\/wp-content\/uploads\/2025\/11\/Egyptian-Green-Beans-300x300.webp\" class=\"attachment-woocommerce_thumbnail size-woocommerce_thumbnail\" alt=\"Taze fasulye\" srcset=\"https:\/\/peitrade.com\/wp-content\/uploads\/2025\/11\/Egyptian-Green-Beans-300x300.webp 300w, https:\/\/peitrade.com\/wp-content\/uploads\/2025\/11\/Egyptian-Green-Beans-150x150.webp 150w, https:\/\/peitrade.com\/wp-content\/uploads\/2025\/11\/Egyptian-Green-Beans-768x768.webp 768w, https:\/\/peitrade.com\/wp-content\/uploads\/2025\/11\/Egyptian-Green-Beans-600x600.webp 600w, https:\/\/peitrade.com\/wp-content\/uploads\/2025\/11\/Egyptian-Green-Beans-100x100.webp 100w, https:\/\/peitrade.com\/wp-content\/uploads\/2025\/11\/Egyptian-Green-Beans.webp 1024w\" sizes=\"(max-width: 300px) 100vw, 300px\" title=\"\"><h2 class=\"woocommerce-loop-product__title\">Taze fasulye<\/h2>\n<\/a><a href=\"https:\/\/peitrade.com\/tr\/product\/taze-fasulye\/\" aria-describedby=\"woocommerce_loop_add_to_cart_link_describedby_7540\" data-quantity=\"1\" class=\"button product_type_simple\" data-product_id=\"7540\" data-product_sku=\"70821\" aria-label=\"&ldquo;Taze fasulye&rdquo; hakk\u0131nda daha fazla bilgi edinin\" rel=\"nofollow\" data-success_message=\"\">Devam\u0131n\u0131 oku<\/a>\t<span id=\"woocommerce_loop_add_to_cart_link_describedby_7540\" class=\"screen-reader-text\">\n\t\t\t<\/span>\n<\/li>\n<\/ul>\n<\/div><\/div>\n<section style=\"padding: 50px 20px;\">\n<div class=\"container\">\n<h2>Neden M\u0131s\u0131r\u2019dan Patl\u0131can Tedarikinde PEI Trade ile \u00c7al\u0131\u015fmal\u0131s\u0131n\u0131z?<\/h2>\n<p><span style=\"font-weight: 400;\">Deneyimli bir <strong>patl\u0131can toptan tedarik\u00e7isi<\/strong> olarak PEI Trade \u015fu avantajlar\u0131 garanti eder:<\/span><\/p>\n<ul>\n<li style=\"font-weight: 400;\">T\u00fcm sezonlar boyunca s\u00fcrekli y\u00fcksek hacimli tedarik<\/li>\n<li style=\"font-weight: 400;\">Tarladan yeni hasat edilmi\u015f, uzun raf \u00f6mr\u00fcne sahip patl\u0131canlar<\/li>\n<li style=\"font-weight: 400;\">\u0130hracat taleplerine \u00f6zel ambalaj se\u00e7enekleri<\/li>\n<li style=\"font-weight: 400;\">AB ve K\u00f6rfez \u00fclkeleri standartlar\u0131na uygunluk ve sertifikasyon<\/li>\n<li style=\"font-weight: 400;\">Verimli lojistik ve ger\u00e7ek zamanl\u0131 takip<\/li>\n<\/ul>\n<p><span style=\"font-weight: 400;\">M\u0131s\u0131r\u2019daki <strong>patl\u0131can tedarik\u00e7ileri<\/strong> aras\u0131nda, ihracat kabiliyeti y\u00fcksek g\u00fcvenilir bir ortak arayan ithalat\u00e7\u0131lar, toptanc\u0131lar ve perakendeciler i\u00e7in hizmet veriyoruz.<\/span><\/p>\n<h2>Toptan Patl\u0131can Fiyatlar\u0131 Nas\u0131l Belirlenir?<\/h2>\n<p><span style=\"font-weight: 400;\"><strong>Toptan patl\u0131can fiyatlar\u0131m\u0131z<\/strong> \u015fu ana unsurlara g\u00f6re belirlenir:<\/span><\/p>\n<ul>\n<li style=\"font-weight: 400;\">Patl\u0131can t\u00fcr\u00fc: Baladi, Black Beauty veya Uzun Mor<\/li>\n<li style=\"font-weight: 400;\">Boyut, s\u0131n\u0131f ve homojenlik<\/li>\n<li style=\"font-weight: 400;\">Ambalaj: a\u00e7\u0131k kasalar, karton kutular veya \u00f6zel markal\u0131 kutular<\/li>\n<li style=\"font-weight: 400;\">Sipari\u015f hacmi ve hedef \u00fclke<\/li>\n<li style=\"font-weight: 400;\">Nakliye y\u00f6ntemi ve konteyner boyutu<\/li>\n<\/ul>\n<p><span style=\"font-weight: 400;\">M\u0131s\u0131r\u2019\u0131n lider <strong>patl\u0131can ihracat\u00e7\u0131s\u0131<\/strong>ndan \u00f6zel teklif al\u0131n, pazar\u0131n\u0131za en uygun fiyat\u0131 yakalay\u0131n.<\/span><\/p>\n<h2>M\u0131s\u0131r\u2019dan Patl\u0131can \u0130hracat\u0131nda Hasat Takvimi<\/h2>\n<ul>\n<li>\u0130lkbahar: \u015eubat \u2013 May\u0131s<\/li>\n<li>Yaz: Temmuz \u2013 A\u011fustos<\/li>\n<li>K\u0131\u015f (\u00f6rt\u00fc alt\u0131 \u00fcretim): Kas\u0131m \u2013 Aral\u0131k<\/li>\n<\/ul>\n<p><span style=\"font-weight: 400;\">Kademeli hasat yap\u0131m\u0131z sayesinde y\u0131l boyunca d\u00fczenli <strong>patl\u0131can ihracat\u0131<\/strong> sa\u011fl\u0131yoruz.<\/span><\/p>\n<h3>Kimler PEI Trade\u2019dan Al\u0131m Yapar?<\/h3>\n<ul>\n<li><strong>Perakende Zincirleri<\/strong>: S\u00fcpermarketler i\u00e7in markal\u0131 ambalaj<\/li>\n<li><strong>HORECA<\/strong>: Otel, restoran ve catering firmalar\u0131na tedarik<\/li>\n<li><strong>\u0130\u015fleme End\u00fcstrisi<\/strong>: Sos, p\u00fcre ve haz\u0131r yemekler i\u00e7in ideal<\/li>\n<li><strong>\u0130thalat\u00e7\u0131lar ve Komisyoncular<\/strong>: Rekabet\u00e7i fiyat ve tam ihracat belgeleri<\/li>\n<\/ul>\n<h2>PEI Trade Patl\u0131can Tesisi \u2013 Ambalajlama Se\u00e7enekleri<\/h2>\n<ul>\n<li>5\u201310 kg a\u00e7\u0131k karton kutular<\/li>\n<li>Havaland\u0131rmal\u0131 ve sa\u011flam plastik kasalar<\/li>\n<li>Talep \u00fczerine \u00f6zel markal\u0131 ambalajlar<\/li>\n<li>\u0130ngilizce, Arap\u00e7a, Frans\u0131zca veya \u0130spanyolca etiketleme<\/li>\n<\/ul>\n<p><span style=\"font-weight: 400;\">T\u00fcm ambalajlar uzun mesafeli ta\u015f\u0131malar s\u0131ras\u0131nda kaliteyi koruyacak \u015fekilde tasarlan\u0131r.<\/span><\/p>\n<\/div>\n<\/section>\n<section style=\"padding: 50px 20px; background-color: #f0f0f0;\">\n<div class=\"container\">\n<h2>M\u0131s\u0131r\u2019dan Patl\u0131can \u0130hracat\u0131 \u0130\u00e7in Fiyat Teklifi Al\u0131n<\/h2>\n<p>PEI Trade, <strong>M\u0131s\u0131r\u2019dan patl\u0131can ihracat\u0131<\/strong> yapmak isteyen al\u0131c\u0131lar i\u00e7in u\u00e7tan uca ihracat hizmetleri sunar. \u00d6zel nakliye planlamas\u0131 ve ger\u00e7ek zamanl\u0131 piyasa fiyatlamas\u0131 ile patl\u0131can tedarikini k\u00e2rl\u0131 ve kolay hale getiriyoruz.<\/p>\n<h2>Hemen Toptan Sipari\u015f Verin<\/h2>\n<p>M\u0131s\u0131r\u2019\u0131n en g\u00fcvenilir <strong>patl\u0131can tedarik\u00e7ileri<\/strong>nden ki\u015fiselle\u015ftirilmi\u015f teklif ve sorunsuz sevkiyat plan\u0131 i\u00e7in bizimle ileti\u015fime ge\u00e7in.<\/p>\n<p style=\"text-align: center; margin-top: 40px;\"><a class=\"button primary large\" href=\"\/contact\">Bug\u00fcn Bize Ula\u015f\u0131n<\/a><\/p>\n<\/div>\n<\/section>\n<section style=\"padding: 50px 20px;\">\n<div class=\"container\">\n<h2>\u0130hracat\u0131n\u0131 Yapt\u0131\u011f\u0131m\u0131z Di\u011fer Sebzeler<\/h2>\n<p>&nbsp;<\/p>\n<p>PEI Trade ayr\u0131ca lahana, biber, kabak ve domates gibi taze sebzelerin de ihracat\u0131n\u0131 ger\u00e7ekle\u015ftirmektedir. <a href=\"https:\/\/peitrade.com\/tr\/product-category\/vegetables\/\">T\u00fcm \u00fcr\u00fcnlerimizi ke\u015ffedin<\/a>.<\/p>\n<div class=\"wp-block-woocommerce-product-collection\"><div class=\"woocommerce columns-4 \"><ul class=\"products columns-4\" data-products=\"type-2\">\n<li class=\"product type-product post-7360 status-publish first instock product_cat-vegetables has-post-thumbnail shipping-taxable product-type-simple\">\n\t<a href=\"https:\/\/peitrade.com\/tr\/product\/domates\/\" class=\"woocommerce-LoopProduct-link woocommerce-loop-product__link\"><img decoding=\"async\" width=\"300\" height=\"300\" src=\"https:\/\/peitrade.com\/wp-content\/uploads\/2025\/11\/Egyptian-Tomatoes-300x300.webp\" class=\"attachment-woocommerce_thumbnail size-woocommerce_thumbnail\" alt=\"Domates\" srcset=\"https:\/\/peitrade.com\/wp-content\/uploads\/2025\/11\/Egyptian-Tomatoes-300x300.webp 300w, https:\/\/peitrade.com\/wp-content\/uploads\/2025\/11\/Egyptian-Tomatoes-150x150.webp 150w, https:\/\/peitrade.com\/wp-content\/uploads\/2025\/11\/Egyptian-Tomatoes-768x768.webp 768w, https:\/\/peitrade.com\/wp-content\/uploads\/2025\/11\/Egyptian-Tomatoes-600x600.webp 600w, https:\/\/peitrade.com\/wp-content\/uploads\/2025\/11\/Egyptian-Tomatoes-100x100.webp 100w, https:\/\/peitrade.com\/wp-content\/uploads\/2025\/11\/Egyptian-Tomatoes.webp 1024w\" sizes=\"(max-width: 300px) 100vw, 300px\" title=\"\"><h2 class=\"woocommerce-loop-product__title\">Domates<\/h2>\n<\/a><a href=\"https:\/\/peitrade.com\/tr\/product\/domates\/\" aria-describedby=\"woocommerce_loop_add_to_cart_link_describedby_7360\" data-quantity=\"1\" class=\"button product_type_simple\" data-product_id=\"7360\" data-product_sku=\"70200\" aria-label=\"&ldquo;Domates&rdquo; hakk\u0131nda daha fazla bilgi edinin\" rel=\"nofollow\" data-success_message=\"\">Devam\u0131n\u0131 oku<\/a>\t<span id=\"woocommerce_loop_add_to_cart_link_describedby_7360\" class=\"screen-reader-text\">\n\t\t\t<\/span>\n<\/li>\n<li class=\"product type-product post-7776 status-publish instock product_cat-vegetables product_cat-in-season has-post-thumbnail shipping-taxable product-type-simple\">\n\t<a href=\"https:\/\/peitrade.com\/tr\/product\/patates\/\" class=\"woocommerce-LoopProduct-link woocommerce-loop-product__link\"><img decoding=\"async\" width=\"300\" height=\"300\" src=\"https:\/\/peitrade.com\/wp-content\/uploads\/2025\/11\/Egyptian-Potatoes-300x300.webp\" class=\"attachment-woocommerce_thumbnail size-woocommerce_thumbnail\" alt=\"Patates\" srcset=\"https:\/\/peitrade.com\/wp-content\/uploads\/2025\/11\/Egyptian-Potatoes-300x300.webp 300w, https:\/\/peitrade.com\/wp-content\/uploads\/2025\/11\/Egyptian-Potatoes-150x150.webp 150w, https:\/\/peitrade.com\/wp-content\/uploads\/2025\/11\/Egyptian-Potatoes-768x768.webp 768w, https:\/\/peitrade.com\/wp-content\/uploads\/2025\/11\/Egyptian-Potatoes-600x600.webp 600w, https:\/\/peitrade.com\/wp-content\/uploads\/2025\/11\/Egyptian-Potatoes-100x100.webp 100w, https:\/\/peitrade.com\/wp-content\/uploads\/2025\/11\/Egyptian-Potatoes.webp 1024w\" sizes=\"(max-width: 300px) 100vw, 300px\" title=\"\"><h2 class=\"woocommerce-loop-product__title\">Patates<\/h2>\n<\/a><a href=\"https:\/\/peitrade.com\/tr\/product\/patates\/\" aria-describedby=\"woocommerce_loop_add_to_cart_link_describedby_7776\" data-quantity=\"1\" class=\"button product_type_simple\" data-product_id=\"7776\" data-product_sku=\"70190\" aria-label=\"&ldquo;Patates&rdquo; hakk\u0131nda daha fazla bilgi edinin\" rel=\"nofollow\" data-success_message=\"\">Devam\u0131n\u0131 oku<\/a>\t<span id=\"woocommerce_loop_add_to_cart_link_describedby_7776\" class=\"screen-reader-text\">\n\t\t\t<\/span>\n<\/li>\n<li class=\"product type-product post-7376 status-publish instock product_cat-vegetables product_cat-in-season has-post-thumbnail shipping-taxable product-type-simple\">\n\t<a href=\"https:\/\/peitrade.com\/tr\/product\/sarimsak\/\" class=\"woocommerce-LoopProduct-link woocommerce-loop-product__link\"><img decoding=\"async\" width=\"300\" height=\"300\" src=\"https:\/\/peitrade.com\/wp-content\/uploads\/2025\/11\/Egyptian-Garlic-300x300.webp\" class=\"attachment-woocommerce_thumbnail size-woocommerce_thumbnail\" alt=\"Sar\u0131msak\" srcset=\"https:\/\/peitrade.com\/wp-content\/uploads\/2025\/11\/Egyptian-Garlic-300x300.webp 300w, https:\/\/peitrade.com\/wp-content\/uploads\/2025\/11\/Egyptian-Garlic-150x150.webp 150w, https:\/\/peitrade.com\/wp-content\/uploads\/2025\/11\/Egyptian-Garlic-768x768.webp 768w, https:\/\/peitrade.com\/wp-content\/uploads\/2025\/11\/Egyptian-Garlic-600x600.webp 600w, https:\/\/peitrade.com\/wp-content\/uploads\/2025\/11\/Egyptian-Garlic-100x100.webp 100w, https:\/\/peitrade.com\/wp-content\/uploads\/2025\/11\/Egyptian-Garlic.webp 1024w\" sizes=\"(max-width: 300px) 100vw, 300px\" title=\"\"><h2 class=\"woocommerce-loop-product__title\">Sar\u0131msak<\/h2>\n<\/a><a href=\"https:\/\/peitrade.com\/tr\/product\/sarimsak\/\" aria-describedby=\"woocommerce_loop_add_to_cart_link_describedby_7376\" data-quantity=\"1\" class=\"button product_type_simple\" data-product_id=\"7376\" data-product_sku=\"70320\" aria-label=\"&ldquo;Sar\u0131msak&rdquo; hakk\u0131nda daha fazla bilgi edinin\" rel=\"nofollow\" data-success_message=\"\">Devam\u0131n\u0131 oku<\/a>\t<span id=\"woocommerce_loop_add_to_cart_link_describedby_7376\" class=\"screen-reader-text\">\n\t\t\t<\/span>\n<\/li>\n<li class=\"product type-product post-7796 status-publish last instock product_cat-vegetables product_cat-in-season has-post-thumbnail shipping-taxable product-type-simple\">\n\t<a href=\"https:\/\/peitrade.com\/tr\/product\/tatli-patates\/\" class=\"woocommerce-LoopProduct-link woocommerce-loop-product__link\"><img decoding=\"async\" width=\"300\" height=\"300\" src=\"https:\/\/peitrade.com\/wp-content\/uploads\/2025\/11\/Egyptian-Sweet-Potatoes-300x300.webp\" class=\"attachment-woocommerce_thumbnail size-woocommerce_thumbnail\" alt=\"Egyptian Sweet Potatoes - PEI Trade\" srcset=\"https:\/\/peitrade.com\/wp-content\/uploads\/2025\/11\/Egyptian-Sweet-Potatoes-300x300.webp 300w, https:\/\/peitrade.com\/wp-content\/uploads\/2025\/11\/Egyptian-Sweet-Potatoes-150x150.webp 150w, https:\/\/peitrade.com\/wp-content\/uploads\/2025\/11\/Egyptian-Sweet-Potatoes-768x768.webp 768w, https:\/\/peitrade.com\/wp-content\/uploads\/2025\/11\/Egyptian-Sweet-Potatoes-600x600.webp 600w, https:\/\/peitrade.com\/wp-content\/uploads\/2025\/11\/Egyptian-Sweet-Potatoes-100x100.webp 100w, https:\/\/peitrade.com\/wp-content\/uploads\/2025\/11\/Egyptian-Sweet-Potatoes.webp 1024w\" sizes=\"(max-width: 300px) 100vw, 300px\" title=\"\"><h2 class=\"woocommerce-loop-product__title\">Tatl\u0131 patates<\/h2>\n<\/a><a href=\"https:\/\/peitrade.com\/tr\/product\/tatli-patates\/\" aria-describedby=\"woocommerce_loop_add_to_cart_link_describedby_7796\" data-quantity=\"1\" class=\"button product_type_simple\" data-product_id=\"7796\" data-product_sku=\"71420\" aria-label=\"&ldquo;Tatl\u0131 patates&rdquo; hakk\u0131nda daha fazla bilgi edinin\" rel=\"nofollow\" data-success_message=\"\">Devam\u0131n\u0131 oku<\/a>\t<span id=\"woocommerce_loop_add_to_cart_link_describedby_7796\" class=\"screen-reader-text\">\n\t\t\t<\/span>\n<\/li>\n<\/ul>\n<\/div><\/div>\n<\/div>\n<p>&nbsp;<\/p>\n<\/section>\n<section style=\"padding: 50px 20px; background-color: #f9f9f9;\">\n<div class=\"container\">\n<h2>S\u0131k\u00e7a Sorulan Sorular<\/h2>\n<h3>Toptan patl\u0131can\u0131 y\u0131l boyunca alabilir miyim?<\/h3>\n<p>Evet, mevsimsel hasat takvimimiz ve so\u011fuk hava depolar\u0131m\u0131z sayesinde y\u0131l\u0131n b\u00fcy\u00fck b\u00f6l\u00fcm\u00fcnde tedarik sa\u011fl\u0131yoruz.<\/p>\n<h3>Hangi boyut ve ambalaj t\u00fcrlerini sunuyorsunuz?<\/h3>\n<p>5 kg ve 10 kg karton kutular, plastik kasalar ve \u00f6zel etiketli ambalaj se\u00e7enekleri sunuyoruz.<\/p>\n<h3>Patl\u0131can\u0131 di\u011fer sebzelerle birlikte sevk edebilir misiniz?<\/h3>\n<p>Evet, lahana, biber ve daha fazlas\u0131yla kar\u0131\u015f\u0131k konteynerler haz\u0131rlayabiliyoruz.<\/p>\n<h3>Fiyat teklifini ne kadar s\u00fcrede al\u0131r\u0131m?<\/h3>\n<p>Teklifler genellikle hedef \u00fclke ve miktara g\u00f6re 24 saat i\u00e7inde g\u00f6nderilir.<\/p>\n<\/div>\n<\/section>\n","protected":false},"excerpt":{"rendered":"<p>PEI Trade \u2013 M\u0131s\u0131r\u2019dan Patl\u0131can \u0130hracat\u0131nda Lider Tedarik\u00e7i &nbsp; PEI Trade, M\u0131s\u0131r\u2019dan patl\u0131can ihracat\u0131 yapan \u00f6nde gelen patl\u0131can tedarik\u00e7ileri aras\u0131nda yer al\u0131r. D\u00fcnya \u00e7ap\u0131ndaki m\u00fc\u015fterilere ihracata haz\u0131r, birinci s\u0131n\u0131f kalitede parlak, sert ve homojen patl\u0131canlar sunar. \u0130ster perakende, ister i\u015fleme, ister toptan sat\u0131\u015f i\u00e7in patl\u0131can ihracat\u0131 yapmak isteyin; tarladan limana kadar olan s\u00fcre\u00e7te tazelik ve [&hellip;]<\/p>\n","protected":false},"author":9,"featured_media":0,"parent":0,"menu_order":0,"comment_status":"closed","ping_status":"closed","template":"","meta":{"footnotes":""},"class_list":["post-6131","page","type-page","status-publish","hentry"],"blocksy_meta":[],"mb":[],"featured_image_urls_v2":{"full":"","thumbnail":"","medium":"","medium_large":"","large":"","1536x1536":"","2048x2048":"","woocommerce_archive_thumbnail":"","woocommerce_thumbnail":"","woocommerce_single":"","woocommerce_gallery_thumbnail":""},"post_excerpt_stackable_v2":"<p>PEI Trade \u2013 M\u0131s\u0131r\u2019dan Patl\u0131can \u0130hracat\u0131nda Lider Tedarik\u00e7i &nbsp; PEI Trade, M\u0131s\u0131r\u2019dan patl\u0131can ihracat\u0131 yapan \u00f6nde gelen patl\u0131can tedarik\u00e7ileri aras\u0131nda yer al\u0131r. D\u00fcnya \u00e7ap\u0131ndaki m\u00fc\u015fterilere ihracata haz\u0131r, birinci s\u0131n\u0131f kalitede parlak, sert ve homojen patl\u0131canlar sunar. \u0130ster perakende, ister i\u015fleme, ister toptan sat\u0131\u015f i\u00e7in patl\u0131can ihracat\u0131 yapmak isteyin; tarladan limana kadar olan s\u00fcre\u00e7te tazelik ve tutarl\u0131l\u0131k garantisi veriyoruz. Toptan patl\u0131can sat\u0131\u015f\u0131 konusunda uzmanla\u015fan firmam\u0131z, y\u00fcksek hacimli tedarik, rekabet\u00e7i fiyatland\u0131rma ve h\u0131zl\u0131 teslimat avantaj\u0131 sunar. PEI Trade, d\u00fcnya genelindeki al\u0131c\u0131lar\u0131n g\u00fcvenle tercih etti\u011fi patl\u0131can toptan tedarik\u00e7isidir. &nbsp; Kuru beyaz fasulye Devam\u0131n\u0131 oku Patates Devam\u0131n\u0131 oku So\u011fan Devam\u0131n\u0131 oku Taze fasulye Devam\u0131n\u0131&hellip;<\/p>\n","category_list_v2":"","author_info_v2":{"name":"Maha","url":"https:\/\/peitrade.com\/tr\/author\/m-amer\/"},"comments_num_v2":"0 comments","mfb_rest_fields":["title","blocksy_meta","featured_image_urls_v2","post_excerpt_stackable_v2","category_list_v2","author_info_v2","comments_num_v2"],"_links":{"self":[{"href":"https:\/\/peitrade.com\/tr\/wp-json\/wp\/v2\/pages\/6131","targetHints":{"allow":["GET"]}}],"collection":[{"href":"https:\/\/peitrade.com\/tr\/wp-json\/wp\/v2\/pages"}],"about":[{"href":"https:\/\/peitrade.com\/tr\/wp-json\/wp\/v2\/types\/page"}],"author":[{"embeddable":true,"href":"https:\/\/peitrade.com\/tr\/wp-json\/wp\/v2\/users\/9"}],"replies":[{"embeddable":true,"href":"https:\/\/peitrade.com\/tr\/wp-json\/wp\/v2\/comments?post=6131"}],"version-history":[{"count":1,"href":"https:\/\/peitrade.com\/tr\/wp-json\/wp\/v2\/pages\/6131\/revisions"}],"predecessor-version":[{"id":6132,"href":"https:\/\/peitrade.com\/tr\/wp-json\/wp\/v2\/pages\/6131\/revisions\/6132"}],"wp:attachment":[{"href":"https:\/\/peitrade.com\/tr\/wp-json\/wp\/v2\/media?parent=6131"}],"curies":[{"name":"wp","href":"https:\/\/api.w.org\/{rel}","templated":true}]}}