{"id":6177,"date":"2025-06-18T09:56:42","date_gmt":"2025-06-18T09:56:42","guid":{"rendered":"http:\/\/46.224.74.15\/biggest-exporter-of-dates-5\/"},"modified":"2025-11-19T16:48:10","modified_gmt":"2025-11-19T16:48:10","slug":"biggest-exporter-of-dates-5","status":"publish","type":"page","link":"https:\/\/peitrade.com\/tr\/biggest-exporter-of-dates-5\/","title":{"rendered":"En B\u00fcy\u00fck Hurma \u0130hracat\u00e7\u0131s\u0131 \u2013 PEI Trade taraf\u0131ndan Premium M\u0131s\u0131r Hurmas\u0131"},"content":{"rendered":"<section style=\"padding: 60px 20px; background-color: #f9f9f9;\">\n<div class=\"container\">\n<h1>En B\u00fcy\u00fck Hurma \u0130hracat\u00e7\u0131s\u0131 \u2013 PEI Trade taraf\u0131ndan Premium M\u0131s\u0131r Hurmas\u0131<\/h1>\n<p>PEI Trade, Nil Vadisi\u2019nde yeti\u015ftirilen d\u00fcnya \u00e7ap\u0131 hurma \u00e7e\u015fitlerini sunan <b>en b\u00fcy\u00fck hurma ihracat\u00e7\u0131s\u0131<\/b> olarak tan\u0131n\u0131r. Operasyonlar\u0131m\u0131z, uluslararas\u0131 talebi kar\u015f\u0131lamak i\u00e7in g\u00fcne\u015fte olgunla\u015fan, elle se\u00e7ilen ve s\u0131k\u0131 kalite standartlar\u0131nda paketlenen premium hurmalara odaklan\u0131r.<\/p>\n<p><b>en b\u00fcy\u00fck hurma ihracat\u00e7\u0131s\u0131<\/b> olarak Zaghloul, Hayany, Siwa gibi pop\u00fcler M\u0131s\u0131r \u00e7e\u015fitleri ile Saidi ve Deglet Noor gibi yar\u0131 kuru tiplerden olu\u015fan b\u00fcy\u00fck hacimli sevkiyatlar sa\u011fl\u0131yoruz. Geli\u015fmi\u015f i\u015fleme hatlar\u0131m\u0131z ve ihracat sertifikalar\u0131m\u0131z izlenebilir, temiz ve pazara haz\u0131r \u00fcr\u00fcnler sunar.<\/p>\n<\/div>\n<p>&nbsp;<\/p>\n<\/section>\n<div class=\"wp-block-woocommerce-product-collection\"><div class=\"woocommerce columns-4 \"><ul class=\"products columns-4\" data-products=\"type-2\">\n<li class=\"product type-product post-7671 status-publish first instock product_cat-fruits has-post-thumbnail shipping-taxable product-type-simple\">\n\t<a href=\"https:\/\/peitrade.com\/tr\/product\/cilek\/\" class=\"woocommerce-LoopProduct-link woocommerce-loop-product__link\"><img decoding=\"async\" width=\"300\" height=\"300\" src=\"https:\/\/peitrade.com\/wp-content\/uploads\/2025\/11\/Egyptian-Strawberries-300x300.webp\" class=\"attachment-woocommerce_thumbnail size-woocommerce_thumbnail\" alt=\"\u00c7ilek\" srcset=\"https:\/\/peitrade.com\/wp-content\/uploads\/2025\/11\/Egyptian-Strawberries-300x300.webp 300w, https:\/\/peitrade.com\/wp-content\/uploads\/2025\/11\/Egyptian-Strawberries-150x150.webp 150w, https:\/\/peitrade.com\/wp-content\/uploads\/2025\/11\/Egyptian-Strawberries-768x768.webp 768w, https:\/\/peitrade.com\/wp-content\/uploads\/2025\/11\/Egyptian-Strawberries-600x600.webp 600w, https:\/\/peitrade.com\/wp-content\/uploads\/2025\/11\/Egyptian-Strawberries-100x100.webp 100w, https:\/\/peitrade.com\/wp-content\/uploads\/2025\/11\/Egyptian-Strawberries.webp 1024w\" sizes=\"(max-width: 300px) 100vw, 300px\" title=\"\"><h2 class=\"woocommerce-loop-product__title\">\u00c7ilek<\/h2>\n<\/a><a href=\"https:\/\/peitrade.com\/tr\/product\/cilek\/\" aria-describedby=\"woocommerce_loop_add_to_cart_link_describedby_7671\" data-quantity=\"1\" class=\"button product_type_simple\" data-product_id=\"7671\" data-product_sku=\"81010\" aria-label=\"&ldquo;\u00c7ilek&rdquo; hakk\u0131nda daha fazla bilgi edinin\" rel=\"nofollow\" data-success_message=\"\">Devam\u0131n\u0131 oku<\/a>\t<span id=\"woocommerce_loop_add_to_cart_link_describedby_7671\" class=\"screen-reader-text\">\n\t\t\t<\/span>\n<\/li>\n<li class=\"product type-product post-7542 status-publish instock product_cat-fruits product_cat-in-season has-post-thumbnail shipping-taxable product-type-simple\">\n\t<a href=\"https:\/\/peitrade.com\/tr\/product\/limon\/\" class=\"woocommerce-LoopProduct-link woocommerce-loop-product__link\"><img decoding=\"async\" width=\"300\" height=\"300\" src=\"https:\/\/peitrade.com\/wp-content\/uploads\/2025\/11\/Egyptian-Lemons-300x300.webp\" class=\"attachment-woocommerce_thumbnail size-woocommerce_thumbnail\" alt=\"Limon\" srcset=\"https:\/\/peitrade.com\/wp-content\/uploads\/2025\/11\/Egyptian-Lemons-300x300.webp 300w, https:\/\/peitrade.com\/wp-content\/uploads\/2025\/11\/Egyptian-Lemons-150x150.webp 150w, https:\/\/peitrade.com\/wp-content\/uploads\/2025\/11\/Egyptian-Lemons-768x768.webp 768w, https:\/\/peitrade.com\/wp-content\/uploads\/2025\/11\/Egyptian-Lemons-600x600.webp 600w, https:\/\/peitrade.com\/wp-content\/uploads\/2025\/11\/Egyptian-Lemons-100x100.webp 100w, https:\/\/peitrade.com\/wp-content\/uploads\/2025\/11\/Egyptian-Lemons.webp 1024w\" sizes=\"(max-width: 300px) 100vw, 300px\" title=\"\"><h2 class=\"woocommerce-loop-product__title\">Limon<\/h2>\n<\/a><a href=\"https:\/\/peitrade.com\/tr\/product\/limon\/\" aria-describedby=\"woocommerce_loop_add_to_cart_link_describedby_7542\" data-quantity=\"1\" class=\"button product_type_simple\" data-product_id=\"7542\" data-product_sku=\"80550\" aria-label=\"&ldquo;Limon&rdquo; hakk\u0131nda daha fazla bilgi edinin\" rel=\"nofollow\" data-success_message=\"\">Devam\u0131n\u0131 oku<\/a>\t<span id=\"woocommerce_loop_add_to_cart_link_describedby_7542\" class=\"screen-reader-text\">\n\t\t\t<\/span>\n<\/li>\n<li class=\"product type-product post-7648 status-publish instock product_cat-fruits has-post-thumbnail shipping-taxable product-type-simple\">\n\t<a href=\"https:\/\/peitrade.com\/tr\/product\/mango\/\" class=\"woocommerce-LoopProduct-link woocommerce-loop-product__link\"><img decoding=\"async\" width=\"300\" height=\"300\" src=\"https:\/\/peitrade.com\/wp-content\/uploads\/2025\/11\/Egyption-Mango-300x300.webp\" class=\"attachment-woocommerce_thumbnail size-woocommerce_thumbnail\" alt=\"Mangoes: Egypt\u2019s Tropical Treasure\" srcset=\"https:\/\/peitrade.com\/wp-content\/uploads\/2025\/11\/Egyption-Mango-300x300.webp 300w, https:\/\/peitrade.com\/wp-content\/uploads\/2025\/11\/Egyption-Mango-150x150.webp 150w, https:\/\/peitrade.com\/wp-content\/uploads\/2025\/11\/Egyption-Mango-768x768.webp 768w, https:\/\/peitrade.com\/wp-content\/uploads\/2025\/11\/Egyption-Mango-600x600.webp 600w, https:\/\/peitrade.com\/wp-content\/uploads\/2025\/11\/Egyption-Mango-100x100.webp 100w, https:\/\/peitrade.com\/wp-content\/uploads\/2025\/11\/Egyption-Mango.webp 1024w\" sizes=\"(max-width: 300px) 100vw, 300px\" title=\"\"><h2 class=\"woocommerce-loop-product__title\">Mango<\/h2>\n<\/a><a href=\"https:\/\/peitrade.com\/tr\/product\/mango\/\" aria-describedby=\"woocommerce_loop_add_to_cart_link_describedby_7648\" data-quantity=\"1\" class=\"button product_type_simple\" data-product_id=\"7648\" data-product_sku=\"80450\" aria-label=\"&ldquo;Mango&rdquo; hakk\u0131nda daha fazla bilgi edinin\" rel=\"nofollow\" data-success_message=\"\">Devam\u0131n\u0131 oku<\/a>\t<span id=\"woocommerce_loop_add_to_cart_link_describedby_7648\" class=\"screen-reader-text\">\n\t\t\t<\/span>\n<\/li>\n<li class=\"product type-product post-7444 status-publish last instock product_cat-fruits product_cat-in-season has-post-thumbnail shipping-taxable product-type-simple\">\n\t<a href=\"https:\/\/peitrade.com\/tr\/product\/portakallar\/\" class=\"woocommerce-LoopProduct-link woocommerce-loop-product__link\"><img decoding=\"async\" width=\"300\" height=\"300\" src=\"https:\/\/peitrade.com\/wp-content\/uploads\/2025\/11\/Egyptian-Oranges-300x300.webp\" class=\"attachment-woocommerce_thumbnail size-woocommerce_thumbnail\" alt=\"M\u0131s\u0131r\u2019\u0131n Kanada\u2019ya portakal ihracat\u0131\" srcset=\"https:\/\/peitrade.com\/wp-content\/uploads\/2025\/11\/Egyptian-Oranges-300x300.webp 300w, https:\/\/peitrade.com\/wp-content\/uploads\/2025\/11\/Egyptian-Oranges-150x150.webp 150w, https:\/\/peitrade.com\/wp-content\/uploads\/2025\/11\/Egyptian-Oranges-768x768.webp 768w, https:\/\/peitrade.com\/wp-content\/uploads\/2025\/11\/Egyptian-Oranges-600x600.webp 600w, https:\/\/peitrade.com\/wp-content\/uploads\/2025\/11\/Egyptian-Oranges-100x100.webp 100w, https:\/\/peitrade.com\/wp-content\/uploads\/2025\/11\/Egyptian-Oranges.webp 1024w\" sizes=\"(max-width: 300px) 100vw, 300px\" title=\"\"><h2 class=\"woocommerce-loop-product__title\">Portakallar<\/h2>\n<\/a><a href=\"https:\/\/peitrade.com\/tr\/product\/portakallar\/\" aria-describedby=\"woocommerce_loop_add_to_cart_link_describedby_7444\" data-quantity=\"1\" class=\"button product_type_simple\" data-product_id=\"7444\" data-product_sku=\"80510\" aria-label=\"&ldquo;Portakallar&rdquo; hakk\u0131nda daha fazla bilgi edinin\" rel=\"nofollow\" data-success_message=\"\">Devam\u0131n\u0131 oku<\/a>\t<span id=\"woocommerce_loop_add_to_cart_link_describedby_7444\" class=\"screen-reader-text\">\n\t\t\t<\/span>\n<\/li>\n<\/ul>\n<\/div><\/div>\n<section style=\"padding: 50px 20px;\">\n<div class=\"container\">\n<h2>En B\u00fcy\u00fck Hurma \u0130hracat\u00e7\u0131s\u0131yla Neden \u00c7al\u0131\u015fmal\u0131s\u0131n\u0131z?<\/h2>\n<p><span style=\"font-weight: 400;\">M\u0131s\u0131r\u2019\u0131n <b>en b\u00fcy\u00fck hurma ihracat\u00e7\u0131s\u0131<\/b> olarak, PEI Trade e\u015fsiz g\u00fcvenilirlik ve kalite sunar:<\/span><\/p>\n<ul>\n<li>Kuru, yar\u0131 kuru ve yumu\u015fak hurma \u00e7e\u015fitlerinde geni\u015f \u00fcr\u00fcn yelpazesi<\/li>\n<li>M\u0131s\u0131r\u2019\u0131n en verimli hurma oazlar\u0131ndan do\u011frudan tedarik<\/li>\n<li>\u00dcst d\u00fczey Brix de\u011ferine sahip y\u00fcksek do\u011fal \u015feker i\u00e7eri\u011fi<\/li>\n<li>\u0130hracat pazarlar\u0131 i\u00e7in elle temizleme ve s\u0131n\u0131fland\u0131rma<\/li>\n<li>Perakende haz\u0131r \u00f6zel etiketleme ve ambalajlama<\/li>\n<\/ul>\n<p><span style=\"font-weight: 400;\">Hurmalar\u0131m\u0131z %100 do\u011fald\u0131r\u2014koruyucu i\u00e7ermez, sadece en iyi M\u0131s\u0131r g\u00fcne\u015fiyle hasat edilen saf meyve.<\/span><\/p>\n<h2>Hasat Sonras\u0131 ve Lojistik \u00c7\u00f6z\u00fcmler<\/h2>\n<p><b>en b\u00fcy\u00fck hurma ihracat\u00e7\u0131s\u0131<\/b> olarak PEI Trade, b\u00fcy\u00fck hacimli global ihracatlar\u0131 \u015fu \u015fekilde y\u00f6netir:<\/p>\n<ul>\n<li>Tazeli\u011fi koruyan s\u0131cakl\u0131k kontroll\u00fc depolama<\/li>\n<li>Otomatik \u00e7ekirdek \u00e7\u0131karma ve s\u0131n\u0131fland\u0131rma sistemleri<\/li>\n<li>Perakende ve toplu hizmet ambalaj formatlar\u0131<\/li>\n<li>Uluslararas\u0131 barkod ve ihracat etiketleri<\/li>\n<\/ul>\n<p>Global GAP, HACCP ve ISO gibi sertifikalarla her a\u015famada uyumluluk sa\u011flan\u0131r.<\/p>\n<h2>M\u0131s\u0131r Hurmas\u0131 Hasat Zaman \u00c7izelgesi<\/h2>\n<p>M\u0131s\u0131r hurmas\u0131 hasad\u0131 <b>A\u011fustos<\/b>\u2019ta ba\u015flar ve <b>Aral\u0131k<\/b>\u2019a kadar devam eder. <b>en b\u00fcy\u00fck hurma ihracat\u00e7\u0131s\u0131<\/b> olarak so\u011futmal\u0131 stoklarla y\u0131l boyunca tedarik sa\u011fl\u0131yoruz. Uluslararas\u0131 takvimlere uyum i\u00e7in \u00f6n sipari\u015f ve kademeli g\u00f6nderimler m\u00fcmk\u00fcn.<\/p>\n<h3>\u0130hracat Hurmalar\u0131m\u0131z\u0131n K\u00fcresel Uygulamalar\u0131<\/h3>\n<ul>\n<li><b>Perakende:<\/b> Sat\u0131\u015fa haz\u0131r vakumlu hurmalar<\/li>\n<li><b>End\u00fcstri:<\/b> Hurma \u015furubu, enerji at\u0131\u015ft\u0131rmal\u0131klar\u0131 ve do\u011fal tatland\u0131r\u0131c\u0131lar i\u00e7in kullan\u0131l\u0131r<\/li>\n<li><b>Yiyecek servisi:<\/b> Otel ve catering i\u015fletmeleri i\u00e7in toplu ambalaj<\/li>\n<li><b>Toptan:<\/b> Global pazarlara tam veya kar\u0131\u015f\u0131k konteyner g\u00f6nderimleri<\/li>\n<\/ul>\n<h3>K\u00fcresel Eri\u015fimimiz<\/h3>\n<p><b>en b\u00fcy\u00fck hurma ihracat\u00e7\u0131s\u0131<\/b> olarak PEI Trade \u015fu b\u00f6lgelere g\u00f6nderim yapar:<\/p>\n<ul>\n<li>Gulf B\u00f6lgesi: Suudi Arabistan, BAE, Umman, Katar<\/li>\n<li>Avrupa: Almanya, Birle\u015fik Krall\u0131k, Fransa, Hollanda<\/li>\n<li>Kuzey ve Sahra Alt\u0131 Afrika<\/li>\n<li>Asya-Pasifik: Malezya, Endonezya, Hindistan<\/li>\n<\/ul>\n<p>T\u00fcm belgeleriyle tam konteyner ve konsolide y\u00fck ihracat\u0131 sunuyoruz.<\/p>\n<h2>PEI Trade\u2019\u0131n Ek \u00dcr\u00fcnleri<\/h2>\n<p><b>en b\u00fcy\u00fck hurma ihracat\u00e7\u0131s\u0131<\/b> olman\u0131n yan\u0131 s\u0131ra PEI Trade ayr\u0131ca \u015funlar\u0131 da ihra\u00e7 eder:<\/p>\n<ul>\n<li><b>Nar:<\/b> Yo\u011fun k\u0131rm\u0131z\u0131 taneli, ihracata uygun<\/li>\n<li><b>Portakal:<\/b> Tatl\u0131 Navel ve Valencia \u00e7e\u015fitleri<\/li>\n<li><b>\u00dcz\u00fcm:<\/b> Sofral\u0131k, \u00e7ekirdeksiz ve gevrek<\/li>\n<\/ul>\n<p>T\u00fcm meyve kategorilerinde paketli g\u00f6nderim ve kombin y\u00fck indirimleri hakk\u0131nda bilgi al\u0131n.<\/p>\n<h2><b>\u00d6zel Ambalaj Se\u00e7enekleri<\/b><\/h2>\n<p><b>en b\u00fcy\u00fck hurma ihracat\u00e7\u0131s\u0131<\/b> olarak, uyumlu ve \u00f6zel ambalaj formatlar\u0131 sunuyoruz:<\/p>\n<ul>\n<li>Perakende haz\u0131r vakum torbalar veya kapakl\u0131 tepsiler<\/li>\n<li>1\u202fkg\u201310\u202fkg aras\u0131 toplu kartonlar<\/li>\n<li>\u00d6zel etiketli bask\u0131l\u0131 ambalajlar ve \u00f6zel markalar<\/li>\n<li>Gulf, AB ve Asya d\u00fczenlemelerine uygun paketleme<\/li>\n<\/ul>\n<\/div>\n<\/section>\n<section style=\"padding: 50px 20px; background-color: #f0f0f0;\">\n<div class=\"container\">\n<h2>PEI Trade ile Ortak Olun \u2013 En B\u00fcy\u00fck Hurma \u0130hracat\u00e7\u0131s\u0131<\/h2>\n<p><b>en b\u00fcy\u00fck hurma ihracat\u00e7\u0131s\u0131<\/b>ndan tedarik yap\u0131yorsan\u0131z, tutarl\u0131 kalite, lojistik uzmanl\u0131\u011f\u0131 ve m\u00fc\u015fteri odakl\u0131 \u00e7\u00f6z\u00fcmler i\u00e7in PEI Trade\u2019i se\u00e7in. \u0130zlenebilir tedarik zinciri, \u00fcst\u00fcn \u00fcr\u00fcn y\u00f6netimi ve \u00f6l\u00e7eklenebilir sevkiyat kapasitesi sunuyoruz.<\/p>\n<h2>Teklif Al\u0131n veya G\u00f6nderiminizi Planlay\u0131n<\/h2>\n<p>\u00dcr\u00fcn \u00f6zelliklerini g\u00f6r\u00fc\u015fmek, fiyat almak veya sezonluk g\u00f6nderiminizi planlamak i\u00e7in hemen ileti\u015fime ge\u00e7in. Ekibimiz 24 saat i\u00e7inde yan\u0131t verir ve k\u00fcresel al\u0131c\u0131lara destek sunar.<\/p>\n<p style=\"text-align: center; margin-top: 40px;\"><a class=\"button primary large\" href=\"https:\/\/peitrade.com\/tr\/contact-us\/\" target=\"_blank\" rel=\"noopener\">Sipari\u015f Verin<\/a><\/p>\n<\/div>\n<\/section>\n<section style=\"padding: 50px 20px;\">\n<div class=\"container\">\n<h2>PEI Trade\u2019\u0131n \u0130hracat Portf\u00f6y\u00fcne Daha Fazla G\u00f6z At\u0131n<\/h2>\n<p>&nbsp;<\/p>\n<p><b>en b\u00fcy\u00fck hurma ihracat\u00e7\u0131s\u0131<\/b> olmas\u0131n\u0131n yan\u0131 s\u0131ra PEI Trade, M\u0131s\u0131r so\u011fan\u0131, patates, narenciye ve yaprakl\u0131 ye\u015fillikleri de d\u00fcnya \u00e7ap\u0131nda g\u00f6nderiyor.<\/p>\n<p><a href=\"https:\/\/peitrade.com\/tr\/shop\/\" target=\"_blank\" rel=\"noopener\">Tam ihracat portf\u00f6y\u00fcm\u00fcz\u00fc g\u00f6r\u00fcnt\u00fcleyin<\/a><\/p>\n<div class=\"wp-block-woocommerce-product-collection\"><div class=\"woocommerce columns-4 \"><ul class=\"products columns-4\" data-products=\"type-2\">\n<li class=\"product type-product post-7671 status-publish first instock product_cat-fruits has-post-thumbnail shipping-taxable product-type-simple\">\n\t<a href=\"https:\/\/peitrade.com\/tr\/product\/cilek\/\" class=\"woocommerce-LoopProduct-link woocommerce-loop-product__link\"><img decoding=\"async\" width=\"300\" height=\"300\" src=\"https:\/\/peitrade.com\/wp-content\/uploads\/2025\/11\/Egyptian-Strawberries-300x300.webp\" class=\"attachment-woocommerce_thumbnail size-woocommerce_thumbnail\" alt=\"\u00c7ilek\" srcset=\"https:\/\/peitrade.com\/wp-content\/uploads\/2025\/11\/Egyptian-Strawberries-300x300.webp 300w, https:\/\/peitrade.com\/wp-content\/uploads\/2025\/11\/Egyptian-Strawberries-150x150.webp 150w, https:\/\/peitrade.com\/wp-content\/uploads\/2025\/11\/Egyptian-Strawberries-768x768.webp 768w, https:\/\/peitrade.com\/wp-content\/uploads\/2025\/11\/Egyptian-Strawberries-600x600.webp 600w, https:\/\/peitrade.com\/wp-content\/uploads\/2025\/11\/Egyptian-Strawberries-100x100.webp 100w, https:\/\/peitrade.com\/wp-content\/uploads\/2025\/11\/Egyptian-Strawberries.webp 1024w\" sizes=\"(max-width: 300px) 100vw, 300px\" title=\"\"><h2 class=\"woocommerce-loop-product__title\">\u00c7ilek<\/h2>\n<\/a><a href=\"https:\/\/peitrade.com\/tr\/product\/cilek\/\" aria-describedby=\"woocommerce_loop_add_to_cart_link_describedby_7671\" data-quantity=\"1\" class=\"button product_type_simple\" data-product_id=\"7671\" data-product_sku=\"81010\" aria-label=\"&ldquo;\u00c7ilek&rdquo; hakk\u0131nda daha fazla bilgi edinin\" rel=\"nofollow\" data-success_message=\"\">Devam\u0131n\u0131 oku<\/a>\t<span id=\"woocommerce_loop_add_to_cart_link_describedby_7671\" class=\"screen-reader-text\">\n\t\t\t<\/span>\n<\/li>\n<li class=\"product type-product post-7542 status-publish instock product_cat-fruits product_cat-in-season has-post-thumbnail shipping-taxable product-type-simple\">\n\t<a href=\"https:\/\/peitrade.com\/tr\/product\/limon\/\" class=\"woocommerce-LoopProduct-link woocommerce-loop-product__link\"><img decoding=\"async\" width=\"300\" height=\"300\" src=\"https:\/\/peitrade.com\/wp-content\/uploads\/2025\/11\/Egyptian-Lemons-300x300.webp\" class=\"attachment-woocommerce_thumbnail size-woocommerce_thumbnail\" alt=\"Limon\" srcset=\"https:\/\/peitrade.com\/wp-content\/uploads\/2025\/11\/Egyptian-Lemons-300x300.webp 300w, https:\/\/peitrade.com\/wp-content\/uploads\/2025\/11\/Egyptian-Lemons-150x150.webp 150w, https:\/\/peitrade.com\/wp-content\/uploads\/2025\/11\/Egyptian-Lemons-768x768.webp 768w, https:\/\/peitrade.com\/wp-content\/uploads\/2025\/11\/Egyptian-Lemons-600x600.webp 600w, https:\/\/peitrade.com\/wp-content\/uploads\/2025\/11\/Egyptian-Lemons-100x100.webp 100w, https:\/\/peitrade.com\/wp-content\/uploads\/2025\/11\/Egyptian-Lemons.webp 1024w\" sizes=\"(max-width: 300px) 100vw, 300px\" title=\"\"><h2 class=\"woocommerce-loop-product__title\">Limon<\/h2>\n<\/a><a href=\"https:\/\/peitrade.com\/tr\/product\/limon\/\" aria-describedby=\"woocommerce_loop_add_to_cart_link_describedby_7542\" data-quantity=\"1\" class=\"button product_type_simple\" data-product_id=\"7542\" data-product_sku=\"80550\" aria-label=\"&ldquo;Limon&rdquo; hakk\u0131nda daha fazla bilgi edinin\" rel=\"nofollow\" data-success_message=\"\">Devam\u0131n\u0131 oku<\/a>\t<span id=\"woocommerce_loop_add_to_cart_link_describedby_7542\" class=\"screen-reader-text\">\n\t\t\t<\/span>\n<\/li>\n<li class=\"product type-product post-7648 status-publish instock product_cat-fruits has-post-thumbnail shipping-taxable product-type-simple\">\n\t<a href=\"https:\/\/peitrade.com\/tr\/product\/mango\/\" class=\"woocommerce-LoopProduct-link woocommerce-loop-product__link\"><img decoding=\"async\" width=\"300\" height=\"300\" src=\"https:\/\/peitrade.com\/wp-content\/uploads\/2025\/11\/Egyption-Mango-300x300.webp\" class=\"attachment-woocommerce_thumbnail size-woocommerce_thumbnail\" alt=\"Mangoes: Egypt\u2019s Tropical Treasure\" srcset=\"https:\/\/peitrade.com\/wp-content\/uploads\/2025\/11\/Egyption-Mango-300x300.webp 300w, https:\/\/peitrade.com\/wp-content\/uploads\/2025\/11\/Egyption-Mango-150x150.webp 150w, https:\/\/peitrade.com\/wp-content\/uploads\/2025\/11\/Egyption-Mango-768x768.webp 768w, https:\/\/peitrade.com\/wp-content\/uploads\/2025\/11\/Egyption-Mango-600x600.webp 600w, https:\/\/peitrade.com\/wp-content\/uploads\/2025\/11\/Egyption-Mango-100x100.webp 100w, https:\/\/peitrade.com\/wp-content\/uploads\/2025\/11\/Egyption-Mango.webp 1024w\" sizes=\"(max-width: 300px) 100vw, 300px\" title=\"\"><h2 class=\"woocommerce-loop-product__title\">Mango<\/h2>\n<\/a><a href=\"https:\/\/peitrade.com\/tr\/product\/mango\/\" aria-describedby=\"woocommerce_loop_add_to_cart_link_describedby_7648\" data-quantity=\"1\" class=\"button product_type_simple\" data-product_id=\"7648\" data-product_sku=\"80450\" aria-label=\"&ldquo;Mango&rdquo; hakk\u0131nda daha fazla bilgi edinin\" rel=\"nofollow\" data-success_message=\"\">Devam\u0131n\u0131 oku<\/a>\t<span id=\"woocommerce_loop_add_to_cart_link_describedby_7648\" class=\"screen-reader-text\">\n\t\t\t<\/span>\n<\/li>\n<li class=\"product type-product post-7444 status-publish last instock product_cat-fruits product_cat-in-season has-post-thumbnail shipping-taxable product-type-simple\">\n\t<a href=\"https:\/\/peitrade.com\/tr\/product\/portakallar\/\" class=\"woocommerce-LoopProduct-link woocommerce-loop-product__link\"><img decoding=\"async\" width=\"300\" height=\"300\" src=\"https:\/\/peitrade.com\/wp-content\/uploads\/2025\/11\/Egyptian-Oranges-300x300.webp\" class=\"attachment-woocommerce_thumbnail size-woocommerce_thumbnail\" alt=\"M\u0131s\u0131r\u2019\u0131n Kanada\u2019ya portakal ihracat\u0131\" srcset=\"https:\/\/peitrade.com\/wp-content\/uploads\/2025\/11\/Egyptian-Oranges-300x300.webp 300w, https:\/\/peitrade.com\/wp-content\/uploads\/2025\/11\/Egyptian-Oranges-150x150.webp 150w, https:\/\/peitrade.com\/wp-content\/uploads\/2025\/11\/Egyptian-Oranges-768x768.webp 768w, https:\/\/peitrade.com\/wp-content\/uploads\/2025\/11\/Egyptian-Oranges-600x600.webp 600w, https:\/\/peitrade.com\/wp-content\/uploads\/2025\/11\/Egyptian-Oranges-100x100.webp 100w, https:\/\/peitrade.com\/wp-content\/uploads\/2025\/11\/Egyptian-Oranges.webp 1024w\" sizes=\"(max-width: 300px) 100vw, 300px\" title=\"\"><h2 class=\"woocommerce-loop-product__title\">Portakallar<\/h2>\n<\/a><a href=\"https:\/\/peitrade.com\/tr\/product\/portakallar\/\" aria-describedby=\"woocommerce_loop_add_to_cart_link_describedby_7444\" data-quantity=\"1\" class=\"button product_type_simple\" data-product_id=\"7444\" data-product_sku=\"80510\" aria-label=\"&ldquo;Portakallar&rdquo; hakk\u0131nda daha fazla bilgi edinin\" rel=\"nofollow\" data-success_message=\"\">Devam\u0131n\u0131 oku<\/a>\t<span id=\"woocommerce_loop_add_to_cart_link_describedby_7444\" class=\"screen-reader-text\">\n\t\t\t<\/span>\n<\/li>\n<\/ul>\n<\/div><\/div>\n<\/div>\n<\/section>\n<section style=\"padding: 50px 20px; background-color: #f9f9f9;\">\n<div class=\"container\">\n<h2>S\u0131k\u00e7a Sorulan Sorular<\/h2>\n<h3>PEI Trade neden <b>en b\u00fcy\u00fck hurma ihracat\u00e7\u0131s\u0131<\/b> olarak kabul ediliyor?<\/h3>\n<p>B\u00fcy\u00fck \u00f6l\u00e7ekli operasyonlar\u0131m\u0131z, k\u00fcresel m\u00fc\u015fteri taban\u0131m\u0131z ve \u00e7e\u015fitli \u00fcr\u00fcn yelpazemiz sayesinde PEI Trade, M\u0131s\u0131r hurma ihracat\u0131nda liderdir.<\/p>\n<h3>So\u011fuk depolama ve hasat sonras\u0131 i\u015flem sunuyor musunuz?<\/h3>\n<p>Evet, t\u00fcm hurmalar iklim kontroll\u00fc depolarda saklan\u0131r, modern sistemlerle temizlenir, s\u0131n\u0131fland\u0131r\u0131l\u0131r ve paketlenir.<\/p>\n<h3>\u0130hracat sipari\u015fi i\u00e7in minimum sipari\u015f miktar\u0131n\u0131z nedir?<\/h3>\n<p>Hedef destinasyon ve al\u0131c\u0131n\u0131n ihtiya\u00e7lar\u0131na g\u00f6re palet sevkiyatlar\u0131ndan tam konteyner g\u00f6nderimlerine kadar hizmet veriyoruz.<\/p>\n<h3>Sipari\u015f vermeden \u00f6nce \u00f6rnek isteyebilir miyim?<\/h3>\n<p>Evet, do\u011frulanm\u0131\u015f al\u0131c\u0131lar i\u00e7in \u00fcr\u00fcn \u00f6rnekleri talep \u00fczerine sunulmaktad\u0131r.<\/p>\n<\/div>\n<\/section>\n","protected":false},"excerpt":{"rendered":"<p>En B\u00fcy\u00fck Hurma \u0130hracat\u00e7\u0131s\u0131 \u2013 PEI Trade taraf\u0131ndan Premium M\u0131s\u0131r Hurmas\u0131 PEI Trade, Nil Vadisi\u2019nde yeti\u015ftirilen d\u00fcnya \u00e7ap\u0131 hurma \u00e7e\u015fitlerini sunan en b\u00fcy\u00fck hurma ihracat\u00e7\u0131s\u0131 olarak tan\u0131n\u0131r. Operasyonlar\u0131m\u0131z, uluslararas\u0131 talebi kar\u015f\u0131lamak i\u00e7in g\u00fcne\u015fte olgunla\u015fan, elle se\u00e7ilen ve s\u0131k\u0131 kalite standartlar\u0131nda paketlenen premium hurmalara odaklan\u0131r. en b\u00fcy\u00fck hurma ihracat\u00e7\u0131s\u0131 olarak Zaghloul, Hayany, Siwa gibi pop\u00fcler M\u0131s\u0131r [&hellip;]<\/p>\n","protected":false},"author":1,"featured_media":0,"parent":0,"menu_order":0,"comment_status":"closed","ping_status":"closed","template":"","meta":{"footnotes":""},"class_list":["post-6177","page","type-page","status-publish","hentry"],"blocksy_meta":[],"mb":[],"featured_image_urls_v2":{"full":"","thumbnail":"","medium":"","medium_large":"","large":"","1536x1536":"","2048x2048":"","woocommerce_archive_thumbnail":"","woocommerce_thumbnail":"","woocommerce_single":"","woocommerce_gallery_thumbnail":""},"post_excerpt_stackable_v2":"<p>En B\u00fcy\u00fck Hurma \u0130hracat\u00e7\u0131s\u0131 \u2013 PEI Trade taraf\u0131ndan Premium M\u0131s\u0131r Hurmas\u0131 PEI Trade, Nil Vadisi\u2019nde yeti\u015ftirilen d\u00fcnya \u00e7ap\u0131 hurma \u00e7e\u015fitlerini sunan en b\u00fcy\u00fck hurma ihracat\u00e7\u0131s\u0131 olarak tan\u0131n\u0131r. Operasyonlar\u0131m\u0131z, uluslararas\u0131 talebi kar\u015f\u0131lamak i\u00e7in g\u00fcne\u015fte olgunla\u015fan, elle se\u00e7ilen ve s\u0131k\u0131 kalite standartlar\u0131nda paketlenen premium hurmalara odaklan\u0131r. en b\u00fcy\u00fck hurma ihracat\u00e7\u0131s\u0131 olarak Zaghloul, Hayany, Siwa gibi pop\u00fcler M\u0131s\u0131r \u00e7e\u015fitleri ile Saidi ve Deglet Noor gibi yar\u0131 kuru tiplerden olu\u015fan b\u00fcy\u00fck hacimli sevkiyatlar sa\u011fl\u0131yoruz. Geli\u015fmi\u015f i\u015fleme hatlar\u0131m\u0131z ve ihracat sertifikalar\u0131m\u0131z izlenebilir, temiz ve pazara haz\u0131r \u00fcr\u00fcnler sunar. &nbsp; \u00c7ilek Devam\u0131n\u0131 oku Limon Devam\u0131n\u0131 oku Mango Devam\u0131n\u0131 oku Portakallar Devam\u0131n\u0131 oku En B\u00fcy\u00fck Hurma \u0130hracat\u00e7\u0131s\u0131yla&hellip;<\/p>\n","category_list_v2":"","author_info_v2":{"name":"Mostafa Sabry","url":"https:\/\/peitrade.com\/tr\/author\/emostafaadel_jn8gcqbo\/"},"comments_num_v2":"0 comments","mfb_rest_fields":["title","blocksy_meta","featured_image_urls_v2","post_excerpt_stackable_v2","category_list_v2","author_info_v2","comments_num_v2"],"_links":{"self":[{"href":"https:\/\/peitrade.com\/tr\/wp-json\/wp\/v2\/pages\/6177","targetHints":{"allow":["GET"]}}],"collection":[{"href":"https:\/\/peitrade.com\/tr\/wp-json\/wp\/v2\/pages"}],"about":[{"href":"https:\/\/peitrade.com\/tr\/wp-json\/wp\/v2\/types\/page"}],"author":[{"embeddable":true,"href":"https:\/\/peitrade.com\/tr\/wp-json\/wp\/v2\/users\/1"}],"replies":[{"embeddable":true,"href":"https:\/\/peitrade.com\/tr\/wp-json\/wp\/v2\/comments?post=6177"}],"version-history":[{"count":1,"href":"https:\/\/peitrade.com\/tr\/wp-json\/wp\/v2\/pages\/6177\/revisions"}],"predecessor-version":[{"id":6178,"href":"https:\/\/peitrade.com\/tr\/wp-json\/wp\/v2\/pages\/6177\/revisions\/6178"}],"wp:attachment":[{"href":"https:\/\/peitrade.com\/tr\/wp-json\/wp\/v2\/media?parent=6177"}],"curies":[{"name":"wp","href":"https:\/\/api.w.org\/{rel}","templated":true}]}}