{"id":6179,"date":"2025-06-18T09:55:19","date_gmt":"2025-06-18T09:55:19","guid":{"rendered":"http:\/\/46.224.74.15\/toptan-incir-satin-al-pei-trade\/"},"modified":"2025-11-19T16:48:10","modified_gmt":"2025-11-19T16:48:10","slug":"toptan-incir-satin-al-pei-trade","status":"publish","type":"page","link":"https:\/\/peitrade.com\/tr\/toptan-incir-satin-al-pei-trade\/","title":{"rendered":"Toptan \u0130ncir Sat\u0131n Al \u2013 PEI Trade"},"content":{"rendered":"<section style=\"padding: 60px 20px; background-color: #f9f9f9;\">\n<div class=\"container\">\n<h2>Toptan \u0130ncir Sat\u0131n Al \u2013 PEI Trade\u2019den Kaliteli M\u0131s\u0131r \u0130hracat\u0131<\/h2>\n<p>PEI Trade, M\u0131s\u0131r\u2019dan <strong>toptan incir sat\u0131n almak<\/strong> isteyenler i\u00e7in g\u00fcvenilir bir i\u015f orta\u011f\u0131d\u0131r. B\u00f6lgedeki \u00f6nde gelen <strong>incir tedarik\u00e7ileri<\/strong> aras\u0131nda yer alan firmam\u0131z, tam olgunlukta hasat edilen, g\u00fcne\u015fte kurutulmu\u015f birinci s\u0131n\u0131f M\u0131s\u0131r incirlerini uluslararas\u0131 pazarlara sunar. Yukar\u0131 M\u0131s\u0131r\u2019\u0131n verimli topraklar\u0131nda yeti\u015fen incirlerimiz, s\u0131cak iklim ve zengin toprak yap\u0131s\u0131 sayesinde do\u011fal tatl\u0131l\u0131k ve m\u00fckemmel dokuya sahiptir.<\/p>\n<p>Deneyimli <strong>incir ihracat\u00e7\u0131lar\u0131<\/strong> olarak tutarl\u0131 kalite, zaman\u0131nda sevkiyat ve profesyonel hizmet sunmaktay\u0131z. \u0130ster toptan da\u011f\u0131t\u0131m, ister g\u0131da i\u015fleme ya da perakende ambalaj i\u00e7in tedarik yap\u0131n, PEI Trade taze ve pazara haz\u0131r <strong>toptan incir sat\u0131\u015f\u0131<\/strong> sa\u011flar. Y\u0131l boyunca temin edilebilen \u00fcr\u00fcnlerimiz sayesinde ithalat\u00e7\u0131lara istikrarl\u0131 ve rekabet\u00e7i fiyatl\u0131 bir tedarik zinciri sunar\u0131z.<\/p>\n<p>\u0130ncirlerimiz hijyenik ko\u015fullarda, dikkatle se\u00e7ilerek ve s\u0131cakl\u0131k kontroll\u00fc ortamlarda paketlenip g\u00f6nderilir. Bu da PEI Trade\u2019i, <strong>toptan incir sat\u0131n almak<\/strong> isteyen i\u015fletmeler i\u00e7in g\u00fcvenilir bir tercih haline getirir.<\/p>\n<\/div>\n<\/section>\n<div class=\"wp-block-woocommerce-product-collection\"><div class=\"woocommerce columns-4 \"><ul class=\"products columns-4\" data-products=\"type-2\">\n<li class=\"product type-product post-7671 status-publish first instock product_cat-fruits has-post-thumbnail shipping-taxable product-type-simple\">\n\t<a href=\"https:\/\/peitrade.com\/tr\/product\/cilek\/\" class=\"woocommerce-LoopProduct-link woocommerce-loop-product__link\"><img decoding=\"async\" width=\"300\" height=\"300\" src=\"https:\/\/peitrade.com\/wp-content\/uploads\/2025\/11\/Egyptian-Strawberries-300x300.webp\" class=\"attachment-woocommerce_thumbnail size-woocommerce_thumbnail\" alt=\"\u00c7ilek\" srcset=\"https:\/\/peitrade.com\/wp-content\/uploads\/2025\/11\/Egyptian-Strawberries-300x300.webp 300w, https:\/\/peitrade.com\/wp-content\/uploads\/2025\/11\/Egyptian-Strawberries-150x150.webp 150w, https:\/\/peitrade.com\/wp-content\/uploads\/2025\/11\/Egyptian-Strawberries-768x768.webp 768w, https:\/\/peitrade.com\/wp-content\/uploads\/2025\/11\/Egyptian-Strawberries-600x600.webp 600w, https:\/\/peitrade.com\/wp-content\/uploads\/2025\/11\/Egyptian-Strawberries-100x100.webp 100w, https:\/\/peitrade.com\/wp-content\/uploads\/2025\/11\/Egyptian-Strawberries.webp 1024w\" sizes=\"(max-width: 300px) 100vw, 300px\" title=\"\"><h2 class=\"woocommerce-loop-product__title\">\u00c7ilek<\/h2>\n<\/a><a href=\"https:\/\/peitrade.com\/tr\/product\/cilek\/\" aria-describedby=\"woocommerce_loop_add_to_cart_link_describedby_7671\" data-quantity=\"1\" class=\"button product_type_simple\" data-product_id=\"7671\" data-product_sku=\"81010\" aria-label=\"&ldquo;\u00c7ilek&rdquo; hakk\u0131nda daha fazla bilgi edinin\" rel=\"nofollow\" data-success_message=\"\">Devam\u0131n\u0131 oku<\/a>\t<span id=\"woocommerce_loop_add_to_cart_link_describedby_7671\" class=\"screen-reader-text\">\n\t\t\t<\/span>\n<\/li>\n<li class=\"product type-product post-7542 status-publish instock product_cat-fruits product_cat-in-season has-post-thumbnail shipping-taxable product-type-simple\">\n\t<a href=\"https:\/\/peitrade.com\/tr\/product\/limon\/\" class=\"woocommerce-LoopProduct-link woocommerce-loop-product__link\"><img decoding=\"async\" width=\"300\" height=\"300\" src=\"https:\/\/peitrade.com\/wp-content\/uploads\/2025\/11\/Egyptian-Lemons-300x300.webp\" class=\"attachment-woocommerce_thumbnail size-woocommerce_thumbnail\" alt=\"Limon\" srcset=\"https:\/\/peitrade.com\/wp-content\/uploads\/2025\/11\/Egyptian-Lemons-300x300.webp 300w, https:\/\/peitrade.com\/wp-content\/uploads\/2025\/11\/Egyptian-Lemons-150x150.webp 150w, https:\/\/peitrade.com\/wp-content\/uploads\/2025\/11\/Egyptian-Lemons-768x768.webp 768w, https:\/\/peitrade.com\/wp-content\/uploads\/2025\/11\/Egyptian-Lemons-600x600.webp 600w, https:\/\/peitrade.com\/wp-content\/uploads\/2025\/11\/Egyptian-Lemons-100x100.webp 100w, https:\/\/peitrade.com\/wp-content\/uploads\/2025\/11\/Egyptian-Lemons.webp 1024w\" sizes=\"(max-width: 300px) 100vw, 300px\" title=\"\"><h2 class=\"woocommerce-loop-product__title\">Limon<\/h2>\n<\/a><a href=\"https:\/\/peitrade.com\/tr\/product\/limon\/\" aria-describedby=\"woocommerce_loop_add_to_cart_link_describedby_7542\" data-quantity=\"1\" class=\"button product_type_simple\" data-product_id=\"7542\" data-product_sku=\"80550\" aria-label=\"&ldquo;Limon&rdquo; hakk\u0131nda daha fazla bilgi edinin\" rel=\"nofollow\" data-success_message=\"\">Devam\u0131n\u0131 oku<\/a>\t<span id=\"woocommerce_loop_add_to_cart_link_describedby_7542\" class=\"screen-reader-text\">\n\t\t\t<\/span>\n<\/li>\n<li class=\"product type-product post-7648 status-publish instock product_cat-fruits has-post-thumbnail shipping-taxable product-type-simple\">\n\t<a href=\"https:\/\/peitrade.com\/tr\/product\/mango\/\" class=\"woocommerce-LoopProduct-link woocommerce-loop-product__link\"><img decoding=\"async\" width=\"300\" height=\"300\" src=\"https:\/\/peitrade.com\/wp-content\/uploads\/2025\/11\/Egyption-Mango-300x300.webp\" class=\"attachment-woocommerce_thumbnail size-woocommerce_thumbnail\" alt=\"Mangoes: Egypt\u2019s Tropical Treasure\" srcset=\"https:\/\/peitrade.com\/wp-content\/uploads\/2025\/11\/Egyption-Mango-300x300.webp 300w, https:\/\/peitrade.com\/wp-content\/uploads\/2025\/11\/Egyption-Mango-150x150.webp 150w, https:\/\/peitrade.com\/wp-content\/uploads\/2025\/11\/Egyption-Mango-768x768.webp 768w, https:\/\/peitrade.com\/wp-content\/uploads\/2025\/11\/Egyption-Mango-600x600.webp 600w, https:\/\/peitrade.com\/wp-content\/uploads\/2025\/11\/Egyption-Mango-100x100.webp 100w, https:\/\/peitrade.com\/wp-content\/uploads\/2025\/11\/Egyption-Mango.webp 1024w\" sizes=\"(max-width: 300px) 100vw, 300px\" title=\"\"><h2 class=\"woocommerce-loop-product__title\">Mango<\/h2>\n<\/a><a href=\"https:\/\/peitrade.com\/tr\/product\/mango\/\" aria-describedby=\"woocommerce_loop_add_to_cart_link_describedby_7648\" data-quantity=\"1\" class=\"button product_type_simple\" data-product_id=\"7648\" data-product_sku=\"80450\" aria-label=\"&ldquo;Mango&rdquo; hakk\u0131nda daha fazla bilgi edinin\" rel=\"nofollow\" data-success_message=\"\">Devam\u0131n\u0131 oku<\/a>\t<span id=\"woocommerce_loop_add_to_cart_link_describedby_7648\" class=\"screen-reader-text\">\n\t\t\t<\/span>\n<\/li>\n<li class=\"product type-product post-7444 status-publish last instock product_cat-fruits product_cat-in-season has-post-thumbnail shipping-taxable product-type-simple\">\n\t<a href=\"https:\/\/peitrade.com\/tr\/product\/portakallar\/\" class=\"woocommerce-LoopProduct-link woocommerce-loop-product__link\"><img decoding=\"async\" width=\"300\" height=\"300\" src=\"https:\/\/peitrade.com\/wp-content\/uploads\/2025\/11\/Egyptian-Oranges-300x300.webp\" class=\"attachment-woocommerce_thumbnail size-woocommerce_thumbnail\" alt=\"M\u0131s\u0131r\u2019\u0131n Kanada\u2019ya portakal ihracat\u0131\" srcset=\"https:\/\/peitrade.com\/wp-content\/uploads\/2025\/11\/Egyptian-Oranges-300x300.webp 300w, https:\/\/peitrade.com\/wp-content\/uploads\/2025\/11\/Egyptian-Oranges-150x150.webp 150w, https:\/\/peitrade.com\/wp-content\/uploads\/2025\/11\/Egyptian-Oranges-768x768.webp 768w, https:\/\/peitrade.com\/wp-content\/uploads\/2025\/11\/Egyptian-Oranges-600x600.webp 600w, https:\/\/peitrade.com\/wp-content\/uploads\/2025\/11\/Egyptian-Oranges-100x100.webp 100w, https:\/\/peitrade.com\/wp-content\/uploads\/2025\/11\/Egyptian-Oranges.webp 1024w\" sizes=\"(max-width: 300px) 100vw, 300px\" title=\"\"><h2 class=\"woocommerce-loop-product__title\">Portakallar<\/h2>\n<\/a><a href=\"https:\/\/peitrade.com\/tr\/product\/portakallar\/\" aria-describedby=\"woocommerce_loop_add_to_cart_link_describedby_7444\" data-quantity=\"1\" class=\"button product_type_simple\" data-product_id=\"7444\" data-product_sku=\"80510\" aria-label=\"&ldquo;Portakallar&rdquo; hakk\u0131nda daha fazla bilgi edinin\" rel=\"nofollow\" data-success_message=\"\">Devam\u0131n\u0131 oku<\/a>\t<span id=\"woocommerce_loop_add_to_cart_link_describedby_7444\" class=\"screen-reader-text\">\n\t\t\t<\/span>\n<\/li>\n<\/ul>\n<\/div><\/div>\n<section style=\"padding: 50px 20px;\">\n<h2>PEI Trade\u2019den M\u0131s\u0131r \u0130nciri Tercih Etmenin Nedenleri<\/h2>\n<p>M\u0131s\u0131r incirleri do\u011fal tatl\u0131l\u0131\u011f\u0131, yumu\u015fak kabu\u011fu ve yo\u011fun dokusuyla \u00f6ne \u00e7\u0131kar ve farkl\u0131 kullan\u0131m alanlar\u0131na uygundur. G\u00fcvenilir \u00e7iftliklerden temin edilen \u00fcr\u00fcnlerimiz \u00f6zenle toplan\u0131r, g\u00fcne\u015fte kurutulur ve besin de\u011ferleri korunarak i\u015flenir.<\/p>\n<p><strong>\u0130ncir ihracat\u00e7\u0131lar\u0131m\u0131z<\/strong>, sertifikal\u0131 \u00fcreticilerle do\u011frudan \u00e7al\u0131\u015f\u0131r ve s\u0131k\u0131 tar\u0131m standartlar\u0131na uyum sa\u011flar. Boyut s\u0131n\u0131fland\u0131rmas\u0131 ve nem oranlar\u0131 titizlikle kontrol edilerek <strong>toptan incir sat\u0131\u015f\u0131<\/strong> i\u00e7in d\u00fcnya g\u0131da g\u00fcvenli\u011fi ve kalite standartlar\u0131 kar\u015f\u0131lan\u0131r.<\/p>\n<p>Uzun raf \u00f6mr\u00fc ve s\u00fcrekli tedarik imkan\u0131 sayesinde <strong>ihra\u00e7 incirlerimiz<\/strong>, di\u011fer b\u00f6lgelerde sezon d\u0131\u015f\u0131 d\u00f6nemlerde bile g\u00fcvenilir bir tedarik sunar.<\/p>\n<h2>PEI Trade\u2019in Profesyonel \u0130hracat S\u00fcreci<\/h2>\n<p>Deneyimli <strong>incir tedarik\u00e7ileri<\/strong> olarak PEI Trade, \u00fcr\u00fcn m\u00fckemmelli\u011fini sa\u011flamak i\u00e7in ihracat\u0131n her ad\u0131m\u0131n\u0131 y\u00f6netir:<\/p>\n<ul>\n<li>M\u0131s\u0131r genelindeki sertifikal\u0131 incir bah\u00e7elerinden do\u011frudan tedarik<\/li>\n<li>Aroma, olgunluk ve kalite korunumu i\u00e7in ideal hasat zaman\u0131<\/li>\n<li>G\u00fcne\u015fte kurutma, ay\u0131klama ve nem kontroll\u00fc paketleme<\/li>\n<li>Toptan ve perakende i\u00e7in \u00f6zel ambalaj se\u00e7enekleri<\/li>\n<li>Maksimum tazelik i\u00e7in so\u011fuk zincir lojisti\u011fi<\/li>\n<li>\u0130hracat belgeleri ve yasal uyumluluk deste\u011fi<\/li>\n<\/ul>\n<p>Bu u\u00e7tan uca hizmet sayesinde m\u00fc\u015fterilerimiz <strong>toptan incir sat\u0131n alma<\/strong> s\u00fcrecini g\u00fcvenle y\u00fcr\u00fctebilir.<\/p>\n<h2>M\u0131s\u0131r \u0130ncirinin K\u00fcresel Kullan\u0131m Alanlar\u0131<\/h2>\n<p>\u00c7e\u015fitli incir t\u00fcrlerimiz, uluslararas\u0131 al\u0131c\u0131lar\u0131n farkl\u0131 ihtiya\u00e7lar\u0131na hitap eder:<\/p>\n<ul>\n<li>Marketler ve organik g\u0131da ma\u011fazalar\u0131 i\u00e7in perakende haz\u0131r kurutulmu\u015f incirler<\/li>\n<li>F\u0131r\u0131n, kafe ve restoranlara g\u0131da hizmeti da\u011f\u0131t\u0131m\u0131<\/li>\n<li>\u0130ncir ezmesi, enerji barlar\u0131 ve at\u0131\u015ft\u0131rmal\u0131k \u00fcretimi gibi sanayi kullan\u0131m\u0131<\/li>\n<li>Toptan sat\u0131\u015f\u00e7\u0131lar ve yeniden paketleyiciler i\u00e7in uygun ambalaj<\/li>\n<li>D\u00fcnya \u00e7ap\u0131ndaki i\u015fleyicilere y\u00f6nelik <strong>toptan incir sat\u0131\u015f\u0131<\/strong><\/li>\n<\/ul>\n<p>Esnek lojistik \u00e7\u00f6z\u00fcmlerimiz ve \u00f6zel marka etiketleme opsiyonlar\u0131m\u0131z sayesinde PEI Trade, tedarik zincirinize kolayca uyum sa\u011flar.<\/p>\n<\/section>\n<section style=\"padding: 50px 20px; background-color: #f0f0f0;\">\n<div class=\"container\">\n<h2>Hasat Sezonu ve Y\u0131l Boyunca Tedarik \u0130mkan\u0131<\/h2>\n<p>M\u0131s\u0131r\u2019da incir hasad\u0131 Temmuz\u2019dan Ekim\u2019e kadar s\u00fcrer. Kurutulmu\u015f incirler ise y\u0131l boyunca <strong>toptan incir sat\u0131n alma<\/strong> i\u00e7in haz\u0131rd\u0131r. M\u0131s\u0131r\u2019\u0131n elveri\u015fli iklimi ve geli\u015fmi\u015f depolama sistemlerimiz sayesinde hem ihracat sezonunda hem de sezon d\u0131\u015f\u0131nda \u00fcr\u00fcn temini m\u00fcmk\u00fcnd\u00fcr.<\/p>\n<h2>Lider \u0130ncir \u0130hracat\u00e7\u0131lar\u0131yla Hemen \u00c7al\u0131\u015fmaya Ba\u015flay\u0131n<\/h2>\n<p>Toptanc\u0131, distrib\u00fct\u00f6r veya perakendeci olman\u0131z fark etmeksizin PEI Trade, y\u00fcksek kaliteli <strong>ihra\u00e7 incirlerini<\/strong> rekabet\u00e7i fiyatlarla temin etmenizi sa\u011flar. Uzman ekibimiz, ihtiya\u00e7lar\u0131n\u0131za \u00f6zel \u00e7\u00f6z\u00fcmler ve zaman\u0131nda teslimatla hizmet vermeye haz\u0131r. Hemen bizimle ileti\u015fime ge\u00e7in ve M\u0131s\u0131r incir ithalat\u0131na ba\u015flay\u0131n.<\/p>\n<p style=\"text-align: center; margin-top: 40px;\"><a class=\"button primary large\" href=\"\/contact\">\u015eimdi Sipari\u015f Verin<\/a><\/p>\n<\/div>\n<\/section>\n<section style=\"padding: 50px 20px;\">\n<div class=\"container\">\n<h2>M\u0131s\u0131r\u2019dan Di\u011fer Taze \u00dcr\u00fcnlerimiz<\/h2>\n<p>\u0130ncir d\u0131\u015f\u0131nda PEI Trade olarak M\u0131s\u0131r so\u011fan\u0131, hurma, tatl\u0131 patates gibi \u00fcr\u00fcnlerin ihracat\u0131n\u0131 da ger\u00e7ekle\u015ftiriyoruz. Karma sevkiyat ve mevsimsel tedarik stratejileri sunuyoruz. <a href=\"\/about\">\u0130hracat hizmetlerimiz hakk\u0131nda daha fazla bilgi al\u0131n<\/a>.<\/p>\n<div class=\"wp-block-woocommerce-product-collection\"><div class=\"woocommerce columns-4 \"><ul class=\"products columns-4\" data-products=\"type-2\">\n<li class=\"product type-product post-7671 status-publish first instock product_cat-fruits has-post-thumbnail shipping-taxable product-type-simple\">\n\t<a href=\"https:\/\/peitrade.com\/tr\/product\/cilek\/\" class=\"woocommerce-LoopProduct-link woocommerce-loop-product__link\"><img decoding=\"async\" width=\"300\" height=\"300\" src=\"https:\/\/peitrade.com\/wp-content\/uploads\/2025\/11\/Egyptian-Strawberries-300x300.webp\" class=\"attachment-woocommerce_thumbnail size-woocommerce_thumbnail\" alt=\"\u00c7ilek\" srcset=\"https:\/\/peitrade.com\/wp-content\/uploads\/2025\/11\/Egyptian-Strawberries-300x300.webp 300w, https:\/\/peitrade.com\/wp-content\/uploads\/2025\/11\/Egyptian-Strawberries-150x150.webp 150w, https:\/\/peitrade.com\/wp-content\/uploads\/2025\/11\/Egyptian-Strawberries-768x768.webp 768w, https:\/\/peitrade.com\/wp-content\/uploads\/2025\/11\/Egyptian-Strawberries-600x600.webp 600w, https:\/\/peitrade.com\/wp-content\/uploads\/2025\/11\/Egyptian-Strawberries-100x100.webp 100w, https:\/\/peitrade.com\/wp-content\/uploads\/2025\/11\/Egyptian-Strawberries.webp 1024w\" sizes=\"(max-width: 300px) 100vw, 300px\" title=\"\"><h2 class=\"woocommerce-loop-product__title\">\u00c7ilek<\/h2>\n<\/a><a href=\"https:\/\/peitrade.com\/tr\/product\/cilek\/\" aria-describedby=\"woocommerce_loop_add_to_cart_link_describedby_7671\" data-quantity=\"1\" class=\"button product_type_simple\" data-product_id=\"7671\" data-product_sku=\"81010\" aria-label=\"&ldquo;\u00c7ilek&rdquo; hakk\u0131nda daha fazla bilgi edinin\" rel=\"nofollow\" data-success_message=\"\">Devam\u0131n\u0131 oku<\/a>\t<span id=\"woocommerce_loop_add_to_cart_link_describedby_7671\" class=\"screen-reader-text\">\n\t\t\t<\/span>\n<\/li>\n<li class=\"product type-product post-7542 status-publish instock product_cat-fruits product_cat-in-season has-post-thumbnail shipping-taxable product-type-simple\">\n\t<a href=\"https:\/\/peitrade.com\/tr\/product\/limon\/\" class=\"woocommerce-LoopProduct-link woocommerce-loop-product__link\"><img decoding=\"async\" width=\"300\" height=\"300\" src=\"https:\/\/peitrade.com\/wp-content\/uploads\/2025\/11\/Egyptian-Lemons-300x300.webp\" class=\"attachment-woocommerce_thumbnail size-woocommerce_thumbnail\" alt=\"Limon\" srcset=\"https:\/\/peitrade.com\/wp-content\/uploads\/2025\/11\/Egyptian-Lemons-300x300.webp 300w, https:\/\/peitrade.com\/wp-content\/uploads\/2025\/11\/Egyptian-Lemons-150x150.webp 150w, https:\/\/peitrade.com\/wp-content\/uploads\/2025\/11\/Egyptian-Lemons-768x768.webp 768w, https:\/\/peitrade.com\/wp-content\/uploads\/2025\/11\/Egyptian-Lemons-600x600.webp 600w, https:\/\/peitrade.com\/wp-content\/uploads\/2025\/11\/Egyptian-Lemons-100x100.webp 100w, https:\/\/peitrade.com\/wp-content\/uploads\/2025\/11\/Egyptian-Lemons.webp 1024w\" sizes=\"(max-width: 300px) 100vw, 300px\" title=\"\"><h2 class=\"woocommerce-loop-product__title\">Limon<\/h2>\n<\/a><a href=\"https:\/\/peitrade.com\/tr\/product\/limon\/\" aria-describedby=\"woocommerce_loop_add_to_cart_link_describedby_7542\" data-quantity=\"1\" class=\"button product_type_simple\" data-product_id=\"7542\" data-product_sku=\"80550\" aria-label=\"&ldquo;Limon&rdquo; hakk\u0131nda daha fazla bilgi edinin\" rel=\"nofollow\" data-success_message=\"\">Devam\u0131n\u0131 oku<\/a>\t<span id=\"woocommerce_loop_add_to_cart_link_describedby_7542\" class=\"screen-reader-text\">\n\t\t\t<\/span>\n<\/li>\n<li class=\"product type-product post-7648 status-publish instock product_cat-fruits has-post-thumbnail shipping-taxable product-type-simple\">\n\t<a href=\"https:\/\/peitrade.com\/tr\/product\/mango\/\" class=\"woocommerce-LoopProduct-link woocommerce-loop-product__link\"><img decoding=\"async\" width=\"300\" height=\"300\" src=\"https:\/\/peitrade.com\/wp-content\/uploads\/2025\/11\/Egyption-Mango-300x300.webp\" class=\"attachment-woocommerce_thumbnail size-woocommerce_thumbnail\" alt=\"Mangoes: Egypt\u2019s Tropical Treasure\" srcset=\"https:\/\/peitrade.com\/wp-content\/uploads\/2025\/11\/Egyption-Mango-300x300.webp 300w, https:\/\/peitrade.com\/wp-content\/uploads\/2025\/11\/Egyption-Mango-150x150.webp 150w, https:\/\/peitrade.com\/wp-content\/uploads\/2025\/11\/Egyption-Mango-768x768.webp 768w, https:\/\/peitrade.com\/wp-content\/uploads\/2025\/11\/Egyption-Mango-600x600.webp 600w, https:\/\/peitrade.com\/wp-content\/uploads\/2025\/11\/Egyption-Mango-100x100.webp 100w, https:\/\/peitrade.com\/wp-content\/uploads\/2025\/11\/Egyption-Mango.webp 1024w\" sizes=\"(max-width: 300px) 100vw, 300px\" title=\"\"><h2 class=\"woocommerce-loop-product__title\">Mango<\/h2>\n<\/a><a href=\"https:\/\/peitrade.com\/tr\/product\/mango\/\" aria-describedby=\"woocommerce_loop_add_to_cart_link_describedby_7648\" data-quantity=\"1\" class=\"button product_type_simple\" data-product_id=\"7648\" data-product_sku=\"80450\" aria-label=\"&ldquo;Mango&rdquo; hakk\u0131nda daha fazla bilgi edinin\" rel=\"nofollow\" data-success_message=\"\">Devam\u0131n\u0131 oku<\/a>\t<span id=\"woocommerce_loop_add_to_cart_link_describedby_7648\" class=\"screen-reader-text\">\n\t\t\t<\/span>\n<\/li>\n<li class=\"product type-product post-7444 status-publish last instock product_cat-fruits product_cat-in-season has-post-thumbnail shipping-taxable product-type-simple\">\n\t<a href=\"https:\/\/peitrade.com\/tr\/product\/portakallar\/\" class=\"woocommerce-LoopProduct-link woocommerce-loop-product__link\"><img decoding=\"async\" width=\"300\" height=\"300\" src=\"https:\/\/peitrade.com\/wp-content\/uploads\/2025\/11\/Egyptian-Oranges-300x300.webp\" class=\"attachment-woocommerce_thumbnail size-woocommerce_thumbnail\" alt=\"M\u0131s\u0131r\u2019\u0131n Kanada\u2019ya portakal ihracat\u0131\" srcset=\"https:\/\/peitrade.com\/wp-content\/uploads\/2025\/11\/Egyptian-Oranges-300x300.webp 300w, https:\/\/peitrade.com\/wp-content\/uploads\/2025\/11\/Egyptian-Oranges-150x150.webp 150w, https:\/\/peitrade.com\/wp-content\/uploads\/2025\/11\/Egyptian-Oranges-768x768.webp 768w, https:\/\/peitrade.com\/wp-content\/uploads\/2025\/11\/Egyptian-Oranges-600x600.webp 600w, https:\/\/peitrade.com\/wp-content\/uploads\/2025\/11\/Egyptian-Oranges-100x100.webp 100w, https:\/\/peitrade.com\/wp-content\/uploads\/2025\/11\/Egyptian-Oranges.webp 1024w\" sizes=\"(max-width: 300px) 100vw, 300px\" title=\"\"><h2 class=\"woocommerce-loop-product__title\">Portakallar<\/h2>\n<\/a><a href=\"https:\/\/peitrade.com\/tr\/product\/portakallar\/\" aria-describedby=\"woocommerce_loop_add_to_cart_link_describedby_7444\" data-quantity=\"1\" class=\"button product_type_simple\" data-product_id=\"7444\" data-product_sku=\"80510\" aria-label=\"&ldquo;Portakallar&rdquo; hakk\u0131nda daha fazla bilgi edinin\" rel=\"nofollow\" data-success_message=\"\">Devam\u0131n\u0131 oku<\/a>\t<span id=\"woocommerce_loop_add_to_cart_link_describedby_7444\" class=\"screen-reader-text\">\n\t\t\t<\/span>\n<\/li>\n<\/ul>\n<\/div><\/div>\n<\/div>\n<\/section>\n<section style=\"padding: 50px 20px; background-color: #f9f9f9;\">\n<div class=\"container\">\n<h2>S\u0131k\u00e7a Sorulan Sorular<\/h2>\n<div>\n<h3>M\u0131s\u0131r inciri i\u00e7in en uygun sat\u0131n alma zaman\u0131 nedir?<\/h3>\n<p>Taze incirler Temmuz-Ekim aylar\u0131 aras\u0131nda hasat edilirken, kurutulmu\u015f incirler y\u0131l boyunca toptan olarak temin edilebilir.<\/p>\n<h3>\u0130hracat incirleri i\u00e7in hangi ambalaj se\u00e7enekleri mevcut?<\/h3>\n<p>5 kg ve 10 kg karton kutular, vakumlu ambalajlar ve perakende veya sanayiye \u00f6zel ambalaj \u00e7\u00f6z\u00fcmleri sunuyoruz.<\/p>\n<h3>\u0130ncirlerin uluslararas\u0131 nakliye s\u0131ras\u0131nda kalitesi nas\u0131l korunur?<\/h3>\n<p>\u0130ncirlerimiz, belirli nem oranlar\u0131nda kurutulur, hijyenik ko\u015fullarda paketlenir ve s\u0131cakl\u0131k kontroll\u00fc depolarda muhafaza edilir.<\/p>\n<h3>Sevkiyata ba\u015fka \u00fcr\u00fcnler dahil edebilir miyim?<\/h3>\n<p>Evet, PEI Trade incirleri hurma, so\u011fan veya tatl\u0131 patates gibi di\u011fer M\u0131s\u0131r \u00fcr\u00fcnleriyle birlikte sevk ederek nakliye verimlili\u011finizi art\u0131r\u0131r.<\/p>\n<\/div>\n<\/div>\n<\/section>\n","protected":false},"excerpt":{"rendered":"<p>Toptan \u0130ncir Sat\u0131n Al \u2013 PEI Trade\u2019den Kaliteli M\u0131s\u0131r \u0130hracat\u0131 PEI Trade, M\u0131s\u0131r\u2019dan toptan incir sat\u0131n almak isteyenler i\u00e7in g\u00fcvenilir bir i\u015f orta\u011f\u0131d\u0131r. B\u00f6lgedeki \u00f6nde gelen incir tedarik\u00e7ileri aras\u0131nda yer alan firmam\u0131z, tam olgunlukta hasat edilen, g\u00fcne\u015fte kurutulmu\u015f birinci s\u0131n\u0131f M\u0131s\u0131r incirlerini uluslararas\u0131 pazarlara sunar. Yukar\u0131 M\u0131s\u0131r\u2019\u0131n verimli topraklar\u0131nda yeti\u015fen incirlerimiz, s\u0131cak iklim ve zengin [&hellip;]<\/p>\n","protected":false},"author":9,"featured_media":0,"parent":0,"menu_order":0,"comment_status":"closed","ping_status":"closed","template":"","meta":{"footnotes":""},"class_list":["post-6179","page","type-page","status-publish","hentry"],"blocksy_meta":[],"mb":[],"featured_image_urls_v2":{"full":"","thumbnail":"","medium":"","medium_large":"","large":"","1536x1536":"","2048x2048":"","woocommerce_archive_thumbnail":"","woocommerce_thumbnail":"","woocommerce_single":"","woocommerce_gallery_thumbnail":""},"post_excerpt_stackable_v2":"<p>Toptan \u0130ncir Sat\u0131n Al \u2013 PEI Trade\u2019den Kaliteli M\u0131s\u0131r \u0130hracat\u0131 PEI Trade, M\u0131s\u0131r\u2019dan toptan incir sat\u0131n almak isteyenler i\u00e7in g\u00fcvenilir bir i\u015f orta\u011f\u0131d\u0131r. B\u00f6lgedeki \u00f6nde gelen incir tedarik\u00e7ileri aras\u0131nda yer alan firmam\u0131z, tam olgunlukta hasat edilen, g\u00fcne\u015fte kurutulmu\u015f birinci s\u0131n\u0131f M\u0131s\u0131r incirlerini uluslararas\u0131 pazarlara sunar. Yukar\u0131 M\u0131s\u0131r\u2019\u0131n verimli topraklar\u0131nda yeti\u015fen incirlerimiz, s\u0131cak iklim ve zengin toprak yap\u0131s\u0131 sayesinde do\u011fal tatl\u0131l\u0131k ve m\u00fckemmel dokuya sahiptir. Deneyimli incir ihracat\u00e7\u0131lar\u0131 olarak tutarl\u0131 kalite, zaman\u0131nda sevkiyat ve profesyonel hizmet sunmaktay\u0131z. \u0130ster toptan da\u011f\u0131t\u0131m, ister g\u0131da i\u015fleme ya da perakende ambalaj i\u00e7in tedarik yap\u0131n, PEI Trade taze ve pazara haz\u0131r toptan incir sat\u0131\u015f\u0131 sa\u011flar. Y\u0131l&hellip;<\/p>\n","category_list_v2":"","author_info_v2":{"name":"Maha","url":"https:\/\/peitrade.com\/tr\/author\/m-amer\/"},"comments_num_v2":"0 comments","mfb_rest_fields":["title","blocksy_meta","featured_image_urls_v2","post_excerpt_stackable_v2","category_list_v2","author_info_v2","comments_num_v2"],"_links":{"self":[{"href":"https:\/\/peitrade.com\/tr\/wp-json\/wp\/v2\/pages\/6179","targetHints":{"allow":["GET"]}}],"collection":[{"href":"https:\/\/peitrade.com\/tr\/wp-json\/wp\/v2\/pages"}],"about":[{"href":"https:\/\/peitrade.com\/tr\/wp-json\/wp\/v2\/types\/page"}],"author":[{"embeddable":true,"href":"https:\/\/peitrade.com\/tr\/wp-json\/wp\/v2\/users\/9"}],"replies":[{"embeddable":true,"href":"https:\/\/peitrade.com\/tr\/wp-json\/wp\/v2\/comments?post=6179"}],"version-history":[{"count":1,"href":"https:\/\/peitrade.com\/tr\/wp-json\/wp\/v2\/pages\/6179\/revisions"}],"predecessor-version":[{"id":6180,"href":"https:\/\/peitrade.com\/tr\/wp-json\/wp\/v2\/pages\/6179\/revisions\/6180"}],"wp:attachment":[{"href":"https:\/\/peitrade.com\/tr\/wp-json\/wp\/v2\/media?parent=6179"}],"curies":[{"name":"wp","href":"https:\/\/api.w.org\/{rel}","templated":true}]}}