{"id":6189,"date":"2025-06-18T11:49:42","date_gmt":"2025-06-18T11:49:42","guid":{"rendered":"http:\/\/46.224.74.15\/dates-suppliers-5\/"},"modified":"2025-11-19T16:48:21","modified_gmt":"2025-11-19T16:48:21","slug":"dates-suppliers-2-4","status":"publish","type":"page","link":"https:\/\/peitrade.com\/tr\/dates-suppliers-2-4\/","title":{"rendered":"G\u00fcvenilir Hurma Tedarik\u00e7ileri M\u0131s\u0131r\u2019dan \u2013 Premium Kalite PEI Trade ile"},"content":{"rendered":"<section style=\"padding: 60px 20px; background-color: #f9f9f9;\">\n<div class=\"container\">\n<h1>G\u00fcvenilir Hurma Tedarik\u00e7ileri M\u0131s\u0131r\u2019dan \u2013 Premium Kalite PEI Trade ile<\/h1>\n<p>&nbsp;<\/p>\n<p>PEI Trade, Nil Vadisi\u2019ndeki en iyi bah\u00e7elerden temin edilen premium kalite hurmalar sunan M\u0131s\u0131r\u2019\u0131n en g\u00fcvenilir <b>hurma tedarik\u00e7ileri<\/b>nden biridir. Geni\u015f hurma \u00e7e\u015fit gam\u0131m\u0131z, \u00f6zenle elle se\u00e7ilir, g\u00fcne\u015fte olgunla\u015ft\u0131r\u0131l\u0131r ve k\u00fcresel ihracata uygunluk i\u00e7in s\u0131k\u0131 hijyen standartlar\u0131nda i\u015flenir.<\/p>\n<p>Tecr\u00fcbeli <b>M\u0131s\u0131rl\u0131 hurma tedarik\u00e7ileri<\/b> olarak ba\u015fl\u0131ca \u00fcr\u00fcnlerimiz Siwa, Hayany, Zaghloul, Saidi ve Deglet Noor\u2019dur. Tutarl\u0131 kalite, tam izlenebilirlik ve uluslararas\u0131 piyasa taleplerine \u00f6zel esnek ambalaj se\u00e7enekleriyle toptan ve end\u00fcstriyel m\u00fc\u015fterilere hizmet veriyoruz.<\/p>\n<\/div>\n<p>&nbsp;<\/p>\n<\/section>\n<div class=\"wp-block-woocommerce-product-collection\"><div class=\"woocommerce columns-4 \"><ul class=\"products columns-4\" data-products=\"type-2\">\n<li class=\"product type-product post-7671 status-publish first instock product_cat-fruits has-post-thumbnail shipping-taxable product-type-simple\">\n\t<a href=\"https:\/\/peitrade.com\/tr\/product\/cilek\/\" class=\"woocommerce-LoopProduct-link woocommerce-loop-product__link\"><img decoding=\"async\" width=\"300\" height=\"300\" src=\"https:\/\/peitrade.com\/wp-content\/uploads\/2025\/11\/Egyptian-Strawberries-300x300.webp\" class=\"attachment-woocommerce_thumbnail size-woocommerce_thumbnail\" alt=\"\u00c7ilek\" srcset=\"https:\/\/peitrade.com\/wp-content\/uploads\/2025\/11\/Egyptian-Strawberries-300x300.webp 300w, https:\/\/peitrade.com\/wp-content\/uploads\/2025\/11\/Egyptian-Strawberries-150x150.webp 150w, https:\/\/peitrade.com\/wp-content\/uploads\/2025\/11\/Egyptian-Strawberries-768x768.webp 768w, https:\/\/peitrade.com\/wp-content\/uploads\/2025\/11\/Egyptian-Strawberries-600x600.webp 600w, https:\/\/peitrade.com\/wp-content\/uploads\/2025\/11\/Egyptian-Strawberries-100x100.webp 100w, https:\/\/peitrade.com\/wp-content\/uploads\/2025\/11\/Egyptian-Strawberries.webp 1024w\" sizes=\"(max-width: 300px) 100vw, 300px\" title=\"\"><h2 class=\"woocommerce-loop-product__title\">\u00c7ilek<\/h2>\n<\/a><a href=\"https:\/\/peitrade.com\/tr\/product\/cilek\/\" aria-describedby=\"woocommerce_loop_add_to_cart_link_describedby_7671\" data-quantity=\"1\" class=\"button product_type_simple\" data-product_id=\"7671\" data-product_sku=\"81010\" aria-label=\"&ldquo;\u00c7ilek&rdquo; hakk\u0131nda daha fazla bilgi edinin\" rel=\"nofollow\" data-success_message=\"\">Devam\u0131n\u0131 oku<\/a>\t<span id=\"woocommerce_loop_add_to_cart_link_describedby_7671\" class=\"screen-reader-text\">\n\t\t\t<\/span>\n<\/li>\n<li class=\"product type-product post-7542 status-publish instock product_cat-fruits product_cat-in-season has-post-thumbnail shipping-taxable product-type-simple\">\n\t<a href=\"https:\/\/peitrade.com\/tr\/product\/limon\/\" class=\"woocommerce-LoopProduct-link woocommerce-loop-product__link\"><img decoding=\"async\" width=\"300\" height=\"300\" src=\"https:\/\/peitrade.com\/wp-content\/uploads\/2025\/11\/Egyptian-Lemons-300x300.webp\" class=\"attachment-woocommerce_thumbnail size-woocommerce_thumbnail\" alt=\"Limon\" srcset=\"https:\/\/peitrade.com\/wp-content\/uploads\/2025\/11\/Egyptian-Lemons-300x300.webp 300w, https:\/\/peitrade.com\/wp-content\/uploads\/2025\/11\/Egyptian-Lemons-150x150.webp 150w, https:\/\/peitrade.com\/wp-content\/uploads\/2025\/11\/Egyptian-Lemons-768x768.webp 768w, https:\/\/peitrade.com\/wp-content\/uploads\/2025\/11\/Egyptian-Lemons-600x600.webp 600w, https:\/\/peitrade.com\/wp-content\/uploads\/2025\/11\/Egyptian-Lemons-100x100.webp 100w, https:\/\/peitrade.com\/wp-content\/uploads\/2025\/11\/Egyptian-Lemons.webp 1024w\" sizes=\"(max-width: 300px) 100vw, 300px\" title=\"\"><h2 class=\"woocommerce-loop-product__title\">Limon<\/h2>\n<\/a><a href=\"https:\/\/peitrade.com\/tr\/product\/limon\/\" aria-describedby=\"woocommerce_loop_add_to_cart_link_describedby_7542\" data-quantity=\"1\" class=\"button product_type_simple\" data-product_id=\"7542\" data-product_sku=\"80550\" aria-label=\"&ldquo;Limon&rdquo; hakk\u0131nda daha fazla bilgi edinin\" rel=\"nofollow\" data-success_message=\"\">Devam\u0131n\u0131 oku<\/a>\t<span id=\"woocommerce_loop_add_to_cart_link_describedby_7542\" class=\"screen-reader-text\">\n\t\t\t<\/span>\n<\/li>\n<li class=\"product type-product post-7648 status-publish instock product_cat-fruits has-post-thumbnail shipping-taxable product-type-simple\">\n\t<a href=\"https:\/\/peitrade.com\/tr\/product\/mango\/\" class=\"woocommerce-LoopProduct-link woocommerce-loop-product__link\"><img decoding=\"async\" width=\"300\" height=\"300\" src=\"https:\/\/peitrade.com\/wp-content\/uploads\/2025\/11\/Egyption-Mango-300x300.webp\" class=\"attachment-woocommerce_thumbnail size-woocommerce_thumbnail\" alt=\"Mangoes: Egypt\u2019s Tropical Treasure\" srcset=\"https:\/\/peitrade.com\/wp-content\/uploads\/2025\/11\/Egyption-Mango-300x300.webp 300w, https:\/\/peitrade.com\/wp-content\/uploads\/2025\/11\/Egyption-Mango-150x150.webp 150w, https:\/\/peitrade.com\/wp-content\/uploads\/2025\/11\/Egyption-Mango-768x768.webp 768w, https:\/\/peitrade.com\/wp-content\/uploads\/2025\/11\/Egyption-Mango-600x600.webp 600w, https:\/\/peitrade.com\/wp-content\/uploads\/2025\/11\/Egyption-Mango-100x100.webp 100w, https:\/\/peitrade.com\/wp-content\/uploads\/2025\/11\/Egyption-Mango.webp 1024w\" sizes=\"(max-width: 300px) 100vw, 300px\" title=\"\"><h2 class=\"woocommerce-loop-product__title\">Mango<\/h2>\n<\/a><a href=\"https:\/\/peitrade.com\/tr\/product\/mango\/\" aria-describedby=\"woocommerce_loop_add_to_cart_link_describedby_7648\" data-quantity=\"1\" class=\"button product_type_simple\" data-product_id=\"7648\" data-product_sku=\"80450\" aria-label=\"&ldquo;Mango&rdquo; hakk\u0131nda daha fazla bilgi edinin\" rel=\"nofollow\" data-success_message=\"\">Devam\u0131n\u0131 oku<\/a>\t<span id=\"woocommerce_loop_add_to_cart_link_describedby_7648\" class=\"screen-reader-text\">\n\t\t\t<\/span>\n<\/li>\n<li class=\"product type-product post-7444 status-publish last instock product_cat-fruits product_cat-in-season has-post-thumbnail shipping-taxable product-type-simple\">\n\t<a href=\"https:\/\/peitrade.com\/tr\/product\/portakallar\/\" class=\"woocommerce-LoopProduct-link woocommerce-loop-product__link\"><img decoding=\"async\" width=\"300\" height=\"300\" src=\"https:\/\/peitrade.com\/wp-content\/uploads\/2025\/11\/Egyptian-Oranges-300x300.webp\" class=\"attachment-woocommerce_thumbnail size-woocommerce_thumbnail\" alt=\"M\u0131s\u0131r\u2019\u0131n Kanada\u2019ya portakal ihracat\u0131\" srcset=\"https:\/\/peitrade.com\/wp-content\/uploads\/2025\/11\/Egyptian-Oranges-300x300.webp 300w, https:\/\/peitrade.com\/wp-content\/uploads\/2025\/11\/Egyptian-Oranges-150x150.webp 150w, https:\/\/peitrade.com\/wp-content\/uploads\/2025\/11\/Egyptian-Oranges-768x768.webp 768w, https:\/\/peitrade.com\/wp-content\/uploads\/2025\/11\/Egyptian-Oranges-600x600.webp 600w, https:\/\/peitrade.com\/wp-content\/uploads\/2025\/11\/Egyptian-Oranges-100x100.webp 100w, https:\/\/peitrade.com\/wp-content\/uploads\/2025\/11\/Egyptian-Oranges.webp 1024w\" sizes=\"(max-width: 300px) 100vw, 300px\" title=\"\"><h2 class=\"woocommerce-loop-product__title\">Portakallar<\/h2>\n<\/a><a href=\"https:\/\/peitrade.com\/tr\/product\/portakallar\/\" aria-describedby=\"woocommerce_loop_add_to_cart_link_describedby_7444\" data-quantity=\"1\" class=\"button product_type_simple\" data-product_id=\"7444\" data-product_sku=\"80510\" aria-label=\"&ldquo;Portakallar&rdquo; hakk\u0131nda daha fazla bilgi edinin\" rel=\"nofollow\" data-success_message=\"\">Devam\u0131n\u0131 oku<\/a>\t<span id=\"woocommerce_loop_add_to_cart_link_describedby_7444\" class=\"screen-reader-text\">\n\t\t\t<\/span>\n<\/li>\n<\/ul>\n<\/div><\/div>\n<section style=\"padding: 50px 20px;\">\n<div class=\"container\">\n<h2>PEI Trade ile Neden Hurma Tedarik\u00e7isi Olarak \u00c7al\u0131\u015fmal\u0131s\u0131n\u0131z?<\/h2>\n<p><span style=\"font-weight: 400;\">Sad\u0131k <b>hurma tedarik\u00e7ileri<\/b> olarak PEI Trade, ihracat tecr\u00fcbesi ve tar\u0131msal m\u00fckemmeliyeti sunar:<\/span><\/p>\n<ul>\n<li>Geni\u015f kuru, yar\u0131 kuru ve yumu\u015fak hurma \u00e7e\u015fitleri<\/li>\n<li>M\u0131s\u0131rl\u0131 palmiye \u00e7iftlikleriyle do\u011frudan i\u015f ortakl\u0131klar\u0131<\/li>\n<li>Y\u00fcksek Brix seviyeli, do\u011fal olarak tatl\u0131 hurmalar<\/li>\n<li>\u0130hracata uygun \u015fekilde \u00f6zenle temizlenmi\u015f ve s\u0131n\u0131fland\u0131r\u0131lm\u0131\u015f \u00fcr\u00fcnler<\/li>\n<li>\u00d6zel ambalajlama ve etiketleme se\u00e7enekleri<\/li>\n<\/ul>\n<p><span style=\"font-weight: 400;\">T\u00fcm \u00fcr\u00fcnlerimiz yapay katk\u0131 maddesi i\u00e7ermez ve uluslararas\u0131 g\u0131da g\u00fcvenli\u011fi kurallar\u0131na uygundur.<\/span><\/p>\n<h2>M\u0131s\u0131r\u2019\u0131n Hurma Tedarik\u00e7ilerinden Gelen Verimli Lojistik &amp; \u0130\u015fleme<\/h2>\n<p><span style=\"font-weight: 400;\">PEI Trade, tedarik zinciri boyunca y\u00fcksek kaliteli hizmet sunar:<\/span><\/p>\n<ul>\n<li>Tazeli\u011fi koruyan so\u011fuk depolama<\/li>\n<li>Otomatik temizlik, \u00e7ekirdek \u00e7\u0131karma ve s\u0131n\u0131fland\u0131rma<\/li>\n<li>Yast\u0131k veya vakumlu paketleme se\u00e7enekleri<\/li>\n<li>AB, K\u00f6rfez ve Asya pazarlar\u0131n\u0131 kar\u015f\u0131layan etiketleme<\/li>\n<\/ul>\n<p><span style=\"font-weight: 400;\">PEI Trade\u2019\u0131n <b>hurma tedarik\u00e7ileri<\/b> operasyonlar\u0131, Global GAP, ISO ve HACCP sertifikalar\u0131 ile desteklenmektedir.<\/span><\/p>\n<h2>M\u0131s\u0131r Hurmas\u0131 Hasat Mevsimi Genel G\u00f6r\u00fcn\u00fcm<\/h2>\n<p><span style=\"font-weight: 400;\">M\u0131s\u0131r hurmas\u0131 hasad\u0131 <b>A\u011fustos<\/b> ay\u0131nda ba\u015flar ve <b>Aral\u0131k<\/b> sonuna kadar devam eder. Zaghloul gibi erken \u00e7e\u015fitler yaz sonuna do\u011fru, yar\u0131 kuru hurmalar ise hasat sezonunun ilerleyen d\u00f6nemlerinde sunulur. PEI Trade, so\u011futmal\u0131 stoklarla y\u0131l boyu temin garantisi sa\u011flar.<\/span><br \/>\n<span style=\"font-weight: 400;\">T\u00fcm al\u0131c\u0131lara esnek sevkiyat planlar\u0131 ve \u00f6n sipari\u015f se\u00e7enekleri sunulmaktad\u0131r.<\/span><\/p>\n<h3>\u0130hracat Hurma Tedarik\u00e7ilerinden Gelen Yayg\u0131n Kullan\u0131m Alanlar\u0131<\/h3>\n<p><span style=\"font-weight: 400;\">\u00dcr\u00fcnlerimiz \u00e7e\u015fitli sekt\u00f6rlerin ihtiya\u00e7lar\u0131n\u0131 kar\u015f\u0131lar:<\/span><\/p>\n<ul>\n<li><b>Perakende<\/b>: Ma\u011fazalar i\u00e7in \u015f\u0131k kutulu veya vakumlu ambalaj<\/li>\n<li><b>End\u00fcstri<\/b>: \u015eekerleme, \u015furup ve at\u0131\u015ft\u0131rmal\u0131k \u00fcretiminde kullan\u0131lmak \u00fczere<\/li>\n<li><b>Yiyecek Servisi<\/b>: Oteller, restoranlar ve catering i\u00e7in toplu ambalaj<\/li>\n<li><b>Toptan<\/b>: Kar\u0131\u015f\u0131k veya \u00f6zelle\u015ftirilmi\u015f toplu sevkiyatlar<\/li>\n<\/ul>\n<h3>Hedef \u0130hracat Pazarlar\u0131<\/h3>\n<p><span style=\"font-weight: 400;\">PEI Trade, hurma tedarik\u00e7ileri i\u00e7in g\u00fcvenilir partnerdir ve \u015fu pazarlara hizmet verir:<\/span><\/p>\n<ul>\n<li>K\u00f6rfez: BAE, Suudi Arabistan, Umman, Bahreyn<\/li>\n<li>Avrupa: Almanya, Hollanda, \u0130ngiltere, Fransa<\/li>\n<li>Afrika: Kuzey ve Sahra Alt\u0131 b\u00f6lgesi<\/li>\n<li>Asya-Pasifik: Hindistan, Endonezya, Malezya<\/li>\n<\/ul>\n<p><span style=\"font-weight: 400;\">Tam konteyner veya konsolide sevkiyatlar\u0131 tam izlenebilirlikle sunuyoruz.<\/span><\/p>\n<h2>M\u0131s\u0131r\u2019\u0131n G\u00fcvenilir Hurma Tedarik\u00e7ilerinin Di\u011fer \u00dcr\u00fcnleri<\/h2>\n<p><span style=\"font-weight: 400;\">PEI Trade, M\u0131s\u0131r\u2019\u0131n \u00f6nde gelen <b>hurma tedarik\u00e7ileri<\/b> aras\u0131nda yer almakla kalmaz, ayn\u0131 zamanda \u015funlar\u0131 da sunar:<\/span><\/p>\n<ul>\n<li><b>\u00dcz\u00fcm<\/b>: \u0130hracata uygun, \u00e7ekirdeksiz kaliteli<\/li>\n<li><b>Portakal<\/b>: Navel ve Valencia t\u00fcrleri<\/li>\n<li><b>Nar<\/b>: Kal\u0131n kabuklu, ihracata uygun meyve<\/li>\n<\/ul>\n<p><span style=\"font-weight: 400;\">T\u00fcm \u00fcr\u00fcn gam\u0131 i\u00e7in ambalaj ve lojistik \u00e7\u00f6z\u00fcmleri sunuyoruz.<\/span><\/p>\n<h2><b>Hurmalar \u0130\u00e7in \u0130hracat Ambalajlamas\u0131<\/b><\/h2>\n<p><span style=\"font-weight: 400;\">Nakliye s\u0131ras\u0131nda \u00fcr\u00fcn kalitesini koruyan ihracata uygun malzemeler kullan\u0131yoruz:<\/span><\/p>\n<ul>\n<li>Karton, plastik tepsiler veya vakumlu paketler<\/li>\n<li>1\u202fkg\u201310\u202fkg aras\u0131nda paket a\u011f\u0131rl\u0131klar\u0131<\/li>\n<li>Etiketlemeler AB, GCC ve Asya standartlar\u0131na uygundur<\/li>\n<li>Talep \u00fczerine \u00f6zel etiket ve marka uygulamalar\u0131<\/li>\n<\/ul>\n<p><span style=\"font-weight: 400;\">T\u00fcm formatlar sevkiyat \u00f6ncesi dayan\u0131kl\u0131l\u0131k ve uyumluluk testlerinden ge\u00e7er.<\/span><\/p>\n<\/div>\n<\/section>\n<section style=\"padding: 50px 20px; background-color: #f0f0f0;\">\n<div class=\"container\">\n<h2>PEI Trade ile Ortak Olun \u2013 M\u0131s\u0131r\u2019\u0131n En \u0130yi Hurma Tedarik\u00e7ileri<\/h2>\n<p><b>hurma tedarik\u00e7ileri<\/b> ar\u0131yorsan\u0131z, PEI Trade tar\u0131msal bilgi, k\u00fcresel lojistik ve kalite kontrol\u00fcyle i\u015finizi m\u00fckemmel hizmetle destekler.<\/p>\n<p>Ekip \u00fcyelerimiz d\u00f6k\u00fcmantasyon, planlama ve uyumluluk i\u015flemlerinde her a\u015famada destek sa\u011flar.<\/p>\n<h2>PEI Trade ile \u0130leti\u015fime Ge\u00e7in ve Teklif Al\u0131n<\/h2>\n<p>\u00d6zel teklif almak veya sezonluk stok bilgisi \u00f6\u011frenmek i\u00e7in bug\u00fcn bize ula\u015f\u0131n. Kap\u0131n\u0131za kadar d\u00fcnya \u00e7ap\u0131nda teslimat yap\u0131yoruz.<\/p>\n<p style=\"text-align: center; margin-top: 40px;\"><a href=\"https:\/\/peitrade.com\/tr\/contact-us\/\" target=\"_blank\" rel=\"noopener\">Sipari\u015f Verin<\/a><\/p>\n<\/div>\n<\/section>\n<section style=\"padding: 50px 20px;\">\n<div class=\"container\">\n<h2>Daha Fazla Tar\u0131msal \u00dcr\u00fcn\u00fcm\u00fcz\u00fc Ke\u015ffedin<\/h2>\n<p>&nbsp;<\/p>\n<p>Hurman\u0131n yan\u0131nda, PEI Trade so\u011fan, patates, narenciye ve taze \u00fcr\u00fcnler de tedarik eder. <a href=\"https:\/\/peitrade.com\/tr\/shop\/\" target=\"_blank\" rel=\"noopener\">Tam ihracat portf\u00f6y\u00fcm\u00fcz\u00fc buradan inceleyin<\/a>.<\/p>\n<div class=\"wp-block-woocommerce-product-collection\"><div class=\"woocommerce columns-4 \"><ul class=\"products columns-4\" data-products=\"type-2\">\n<li class=\"product type-product post-7671 status-publish first instock product_cat-fruits has-post-thumbnail shipping-taxable product-type-simple\">\n\t<a href=\"https:\/\/peitrade.com\/tr\/product\/cilek\/\" class=\"woocommerce-LoopProduct-link woocommerce-loop-product__link\"><img decoding=\"async\" width=\"300\" height=\"300\" src=\"https:\/\/peitrade.com\/wp-content\/uploads\/2025\/11\/Egyptian-Strawberries-300x300.webp\" class=\"attachment-woocommerce_thumbnail size-woocommerce_thumbnail\" alt=\"\u00c7ilek\" srcset=\"https:\/\/peitrade.com\/wp-content\/uploads\/2025\/11\/Egyptian-Strawberries-300x300.webp 300w, https:\/\/peitrade.com\/wp-content\/uploads\/2025\/11\/Egyptian-Strawberries-150x150.webp 150w, https:\/\/peitrade.com\/wp-content\/uploads\/2025\/11\/Egyptian-Strawberries-768x768.webp 768w, https:\/\/peitrade.com\/wp-content\/uploads\/2025\/11\/Egyptian-Strawberries-600x600.webp 600w, https:\/\/peitrade.com\/wp-content\/uploads\/2025\/11\/Egyptian-Strawberries-100x100.webp 100w, https:\/\/peitrade.com\/wp-content\/uploads\/2025\/11\/Egyptian-Strawberries.webp 1024w\" sizes=\"(max-width: 300px) 100vw, 300px\" title=\"\"><h2 class=\"woocommerce-loop-product__title\">\u00c7ilek<\/h2>\n<\/a><a href=\"https:\/\/peitrade.com\/tr\/product\/cilek\/\" aria-describedby=\"woocommerce_loop_add_to_cart_link_describedby_7671\" data-quantity=\"1\" class=\"button product_type_simple\" data-product_id=\"7671\" data-product_sku=\"81010\" aria-label=\"&ldquo;\u00c7ilek&rdquo; hakk\u0131nda daha fazla bilgi edinin\" rel=\"nofollow\" data-success_message=\"\">Devam\u0131n\u0131 oku<\/a>\t<span id=\"woocommerce_loop_add_to_cart_link_describedby_7671\" class=\"screen-reader-text\">\n\t\t\t<\/span>\n<\/li>\n<li class=\"product type-product post-7542 status-publish instock product_cat-fruits product_cat-in-season has-post-thumbnail shipping-taxable product-type-simple\">\n\t<a href=\"https:\/\/peitrade.com\/tr\/product\/limon\/\" class=\"woocommerce-LoopProduct-link woocommerce-loop-product__link\"><img decoding=\"async\" width=\"300\" height=\"300\" src=\"https:\/\/peitrade.com\/wp-content\/uploads\/2025\/11\/Egyptian-Lemons-300x300.webp\" class=\"attachment-woocommerce_thumbnail size-woocommerce_thumbnail\" alt=\"Limon\" srcset=\"https:\/\/peitrade.com\/wp-content\/uploads\/2025\/11\/Egyptian-Lemons-300x300.webp 300w, https:\/\/peitrade.com\/wp-content\/uploads\/2025\/11\/Egyptian-Lemons-150x150.webp 150w, https:\/\/peitrade.com\/wp-content\/uploads\/2025\/11\/Egyptian-Lemons-768x768.webp 768w, https:\/\/peitrade.com\/wp-content\/uploads\/2025\/11\/Egyptian-Lemons-600x600.webp 600w, https:\/\/peitrade.com\/wp-content\/uploads\/2025\/11\/Egyptian-Lemons-100x100.webp 100w, https:\/\/peitrade.com\/wp-content\/uploads\/2025\/11\/Egyptian-Lemons.webp 1024w\" sizes=\"(max-width: 300px) 100vw, 300px\" title=\"\"><h2 class=\"woocommerce-loop-product__title\">Limon<\/h2>\n<\/a><a href=\"https:\/\/peitrade.com\/tr\/product\/limon\/\" aria-describedby=\"woocommerce_loop_add_to_cart_link_describedby_7542\" data-quantity=\"1\" class=\"button product_type_simple\" data-product_id=\"7542\" data-product_sku=\"80550\" aria-label=\"&ldquo;Limon&rdquo; hakk\u0131nda daha fazla bilgi edinin\" rel=\"nofollow\" data-success_message=\"\">Devam\u0131n\u0131 oku<\/a>\t<span id=\"woocommerce_loop_add_to_cart_link_describedby_7542\" class=\"screen-reader-text\">\n\t\t\t<\/span>\n<\/li>\n<li class=\"product type-product post-7648 status-publish instock product_cat-fruits has-post-thumbnail shipping-taxable product-type-simple\">\n\t<a href=\"https:\/\/peitrade.com\/tr\/product\/mango\/\" class=\"woocommerce-LoopProduct-link woocommerce-loop-product__link\"><img decoding=\"async\" width=\"300\" height=\"300\" src=\"https:\/\/peitrade.com\/wp-content\/uploads\/2025\/11\/Egyption-Mango-300x300.webp\" class=\"attachment-woocommerce_thumbnail size-woocommerce_thumbnail\" alt=\"Mangoes: Egypt\u2019s Tropical Treasure\" srcset=\"https:\/\/peitrade.com\/wp-content\/uploads\/2025\/11\/Egyption-Mango-300x300.webp 300w, https:\/\/peitrade.com\/wp-content\/uploads\/2025\/11\/Egyption-Mango-150x150.webp 150w, https:\/\/peitrade.com\/wp-content\/uploads\/2025\/11\/Egyption-Mango-768x768.webp 768w, https:\/\/peitrade.com\/wp-content\/uploads\/2025\/11\/Egyption-Mango-600x600.webp 600w, https:\/\/peitrade.com\/wp-content\/uploads\/2025\/11\/Egyption-Mango-100x100.webp 100w, https:\/\/peitrade.com\/wp-content\/uploads\/2025\/11\/Egyption-Mango.webp 1024w\" sizes=\"(max-width: 300px) 100vw, 300px\" title=\"\"><h2 class=\"woocommerce-loop-product__title\">Mango<\/h2>\n<\/a><a href=\"https:\/\/peitrade.com\/tr\/product\/mango\/\" aria-describedby=\"woocommerce_loop_add_to_cart_link_describedby_7648\" data-quantity=\"1\" class=\"button product_type_simple\" data-product_id=\"7648\" data-product_sku=\"80450\" aria-label=\"&ldquo;Mango&rdquo; hakk\u0131nda daha fazla bilgi edinin\" rel=\"nofollow\" data-success_message=\"\">Devam\u0131n\u0131 oku<\/a>\t<span id=\"woocommerce_loop_add_to_cart_link_describedby_7648\" class=\"screen-reader-text\">\n\t\t\t<\/span>\n<\/li>\n<li class=\"product type-product post-7444 status-publish last instock product_cat-fruits product_cat-in-season has-post-thumbnail shipping-taxable product-type-simple\">\n\t<a href=\"https:\/\/peitrade.com\/tr\/product\/portakallar\/\" class=\"woocommerce-LoopProduct-link woocommerce-loop-product__link\"><img decoding=\"async\" width=\"300\" height=\"300\" src=\"https:\/\/peitrade.com\/wp-content\/uploads\/2025\/11\/Egyptian-Oranges-300x300.webp\" class=\"attachment-woocommerce_thumbnail size-woocommerce_thumbnail\" alt=\"M\u0131s\u0131r\u2019\u0131n Kanada\u2019ya portakal ihracat\u0131\" srcset=\"https:\/\/peitrade.com\/wp-content\/uploads\/2025\/11\/Egyptian-Oranges-300x300.webp 300w, https:\/\/peitrade.com\/wp-content\/uploads\/2025\/11\/Egyptian-Oranges-150x150.webp 150w, https:\/\/peitrade.com\/wp-content\/uploads\/2025\/11\/Egyptian-Oranges-768x768.webp 768w, https:\/\/peitrade.com\/wp-content\/uploads\/2025\/11\/Egyptian-Oranges-600x600.webp 600w, https:\/\/peitrade.com\/wp-content\/uploads\/2025\/11\/Egyptian-Oranges-100x100.webp 100w, https:\/\/peitrade.com\/wp-content\/uploads\/2025\/11\/Egyptian-Oranges.webp 1024w\" sizes=\"(max-width: 300px) 100vw, 300px\" title=\"\"><h2 class=\"woocommerce-loop-product__title\">Portakallar<\/h2>\n<\/a><a href=\"https:\/\/peitrade.com\/tr\/product\/portakallar\/\" aria-describedby=\"woocommerce_loop_add_to_cart_link_describedby_7444\" data-quantity=\"1\" class=\"button product_type_simple\" data-product_id=\"7444\" data-product_sku=\"80510\" aria-label=\"&ldquo;Portakallar&rdquo; hakk\u0131nda daha fazla bilgi edinin\" rel=\"nofollow\" data-success_message=\"\">Devam\u0131n\u0131 oku<\/a>\t<span id=\"woocommerce_loop_add_to_cart_link_describedby_7444\" class=\"screen-reader-text\">\n\t\t\t<\/span>\n<\/li>\n<\/ul>\n<\/div><\/div>\n<\/div>\n<\/section>\n<section style=\"padding: 50px 20px; background-color: #f9f9f9;\">\n<div class=\"container\">\n<h2>SSS<\/h2>\n<h3>M\u0131s\u0131r\u2019dan hurma tedarik etmek i\u00e7in en uygun sezon ne zamand\u0131r?<\/h3>\n<p>Hasat mevsimi, \u00e7e\u015fide ba\u011fl\u0131 olarak A\u011fustos&#8217;tan Aral\u0131k sonuna kadar s\u00fcrer.<\/p>\n<h3>Hangi hurma \u00e7e\u015fitlerini sipari\u015f edebilirim?<\/h3>\n<p>Siwa, Hayany, Zaghloul, Saidi ve Deglet Noor \u00e7e\u015fitlerini \u00e7e\u015fitli formlarda sunuyoruz.<\/p>\n<h3>\u00d6zel veya perakende ambalajlama yap\u0131yor musunuz?<\/h3>\n<p>Evet; vakumlu paketleme, karton kutular ve \u00f6zel etiketler mevcut.<\/p>\n<h3>Bir g\u00f6nderide kar\u0131\u015f\u0131k hurma \u00e7e\u015fitleri alabilir miyim?<\/h3>\n<p>Kesinlikle. Pazara uygun olarak kar\u0131\u015f\u0131k y\u00fckler sa\u011fl\u0131yoruz.<\/p>\n<\/div>\n<\/section>\n","protected":false},"excerpt":{"rendered":"<p>G\u00fcvenilir Hurma Tedarik\u00e7ileri M\u0131s\u0131r\u2019dan \u2013 Premium Kalite PEI Trade ile &nbsp; PEI Trade, Nil Vadisi\u2019ndeki en iyi bah\u00e7elerden temin edilen premium kalite hurmalar sunan M\u0131s\u0131r\u2019\u0131n en g\u00fcvenilir hurma tedarik\u00e7ilerinden biridir. Geni\u015f hurma \u00e7e\u015fit gam\u0131m\u0131z, \u00f6zenle elle se\u00e7ilir, g\u00fcne\u015fte olgunla\u015ft\u0131r\u0131l\u0131r ve k\u00fcresel ihracata uygunluk i\u00e7in s\u0131k\u0131 hijyen standartlar\u0131nda i\u015flenir. Tecr\u00fcbeli M\u0131s\u0131rl\u0131 hurma tedarik\u00e7ileri olarak ba\u015fl\u0131ca \u00fcr\u00fcnlerimiz [&hellip;]<\/p>\n","protected":false},"author":1,"featured_media":0,"parent":0,"menu_order":0,"comment_status":"closed","ping_status":"closed","template":"","meta":{"footnotes":""},"class_list":["post-6189","page","type-page","status-publish","hentry"],"blocksy_meta":[],"mb":[],"featured_image_urls_v2":{"full":"","thumbnail":"","medium":"","medium_large":"","large":"","1536x1536":"","2048x2048":"","woocommerce_archive_thumbnail":"","woocommerce_thumbnail":"","woocommerce_single":"","woocommerce_gallery_thumbnail":""},"post_excerpt_stackable_v2":"<p>G\u00fcvenilir Hurma Tedarik\u00e7ileri M\u0131s\u0131r\u2019dan \u2013 Premium Kalite PEI Trade ile &nbsp; PEI Trade, Nil Vadisi\u2019ndeki en iyi bah\u00e7elerden temin edilen premium kalite hurmalar sunan M\u0131s\u0131r\u2019\u0131n en g\u00fcvenilir hurma tedarik\u00e7ilerinden biridir. Geni\u015f hurma \u00e7e\u015fit gam\u0131m\u0131z, \u00f6zenle elle se\u00e7ilir, g\u00fcne\u015fte olgunla\u015ft\u0131r\u0131l\u0131r ve k\u00fcresel ihracata uygunluk i\u00e7in s\u0131k\u0131 hijyen standartlar\u0131nda i\u015flenir. Tecr\u00fcbeli M\u0131s\u0131rl\u0131 hurma tedarik\u00e7ileri olarak ba\u015fl\u0131ca \u00fcr\u00fcnlerimiz Siwa, Hayany, Zaghloul, Saidi ve Deglet Noor\u2019dur. Tutarl\u0131 kalite, tam izlenebilirlik ve uluslararas\u0131 piyasa taleplerine \u00f6zel esnek ambalaj se\u00e7enekleriyle toptan ve end\u00fcstriyel m\u00fc\u015fterilere hizmet veriyoruz. &nbsp; \u00c7ilek Devam\u0131n\u0131 oku Limon Devam\u0131n\u0131 oku Mango Devam\u0131n\u0131 oku Portakallar Devam\u0131n\u0131 oku PEI Trade ile Neden Hurma Tedarik\u00e7isi Olarak&hellip;<\/p>\n","category_list_v2":"","author_info_v2":{"name":"Mostafa Sabry","url":"https:\/\/peitrade.com\/tr\/author\/emostafaadel_jn8gcqbo\/"},"comments_num_v2":"0 comments","mfb_rest_fields":["title","blocksy_meta","featured_image_urls_v2","post_excerpt_stackable_v2","category_list_v2","author_info_v2","comments_num_v2"],"_links":{"self":[{"href":"https:\/\/peitrade.com\/tr\/wp-json\/wp\/v2\/pages\/6189","targetHints":{"allow":["GET"]}}],"collection":[{"href":"https:\/\/peitrade.com\/tr\/wp-json\/wp\/v2\/pages"}],"about":[{"href":"https:\/\/peitrade.com\/tr\/wp-json\/wp\/v2\/types\/page"}],"author":[{"embeddable":true,"href":"https:\/\/peitrade.com\/tr\/wp-json\/wp\/v2\/users\/1"}],"replies":[{"embeddable":true,"href":"https:\/\/peitrade.com\/tr\/wp-json\/wp\/v2\/comments?post=6189"}],"version-history":[{"count":1,"href":"https:\/\/peitrade.com\/tr\/wp-json\/wp\/v2\/pages\/6189\/revisions"}],"predecessor-version":[{"id":6190,"href":"https:\/\/peitrade.com\/tr\/wp-json\/wp\/v2\/pages\/6189\/revisions\/6190"}],"wp:attachment":[{"href":"https:\/\/peitrade.com\/tr\/wp-json\/wp\/v2\/media?parent=6189"}],"curies":[{"name":"wp","href":"https:\/\/api.w.org\/{rel}","templated":true}]}}