{"id":6295,"date":"2025-06-19T09:17:51","date_gmt":"2025-06-19T09:17:51","guid":{"rendered":"http:\/\/46.224.74.15\/ustten-dondurulmus-karisik-sebze-tedarikcileri\/"},"modified":"2025-11-19T16:57:45","modified_gmt":"2025-11-19T16:57:45","slug":"ustten-dondurulmus-karisik-sebze-tedarikcileri","status":"publish","type":"page","link":"https:\/\/peitrade.com\/tr\/ustten-dondurulmus-karisik-sebze-tedarikcileri\/","title":{"rendered":"Dondurulmu\u015f Kar\u0131\u015f\u0131k Sebzeler \u2013 G\u00fcvenilir Tedarik\u00e7ilerden Kaliteli Kar\u0131\u015f\u0131mlar"},"content":{"rendered":"<section style=\"padding: 60px 20px; background-color: #f9f9f9;\">\n<div class=\"container\">\n<p>PEI Trade, k\u00fcresel g\u0131da pazarlar\u0131n\u0131n geli\u015fen ihtiya\u00e7lar\u0131n\u0131 kar\u015f\u0131layan y\u00fcksek kaliteli sebze kar\u0131\u015f\u0131mlar\u0131 sunarak \u00f6nde gelen <b>dondurulmu\u015f kar\u0131\u015f\u0131k sebze tedarik\u00e7ileri<\/b> aras\u0131nda yer almaktad\u0131r. Perakende, yemek servisi veya end\u00fcstriyel i\u015flemede olun, <b>dondurulmu\u015f sebze kar\u0131\u015f\u0131m\u0131<\/b> \u00e7\u00f6z\u00fcmlerimiz size s\u00fcrekli kalite, besin de\u011feri ve kullan\u0131m kolayl\u0131\u011f\u0131 sa\u011flar.<\/p>\n<p>\u0130hracata haz\u0131r <b>toptan dondurulmu\u015f kar\u0131\u015f\u0131k sebzeler<\/b>, do\u011fal renk, tat ve besin de\u011ferini koruyan en yeni BAZ (Bireysel H\u0131zl\u0131 Dondurma \u2013 IQF) teknolojisi kullan\u0131larak i\u015flenir. G\u00fcvenilir <b>dondurulmu\u015f kar\u0131\u015f\u0131k sebze ihracat\u00e7\u0131lar\u0131<\/b> olarak; uluslararas\u0131 m\u00fc\u015fterilere esnek hacimler, \u00f6zelle\u015ftirilmi\u015f kar\u0131\u015f\u0131mlar ve ki\u015fiye \u00f6zel ambalaj se\u00e7enekleri sunuyoruz.<\/p>\n<\/div>\n<\/section>\n<div class=\"wp-block-woocommerce-product-collection\"><div class=\"woocommerce columns-4 \"><ul class=\"products columns-4\" data-products=\"type-2\">\n<li class=\"product type-product post-7719 status-publish first instock product_cat-legumes product_cat-in-season has-post-thumbnail shipping-taxable product-type-simple\">\n\t<a href=\"https:\/\/peitrade.com\/tr\/product\/kuru-beyaz-fasulye\/\" class=\"woocommerce-LoopProduct-link woocommerce-loop-product__link\"><img decoding=\"async\" width=\"300\" height=\"300\" src=\"https:\/\/peitrade.com\/wp-content\/uploads\/2025\/11\/Egyptian-White-Beans-300x300.webp\" class=\"attachment-woocommerce_thumbnail size-woocommerce_thumbnail\" alt=\"Kuru beyaz fasulye\" srcset=\"https:\/\/peitrade.com\/wp-content\/uploads\/2025\/11\/Egyptian-White-Beans-300x300.webp 300w, https:\/\/peitrade.com\/wp-content\/uploads\/2025\/11\/Egyptian-White-Beans-150x150.webp 150w, https:\/\/peitrade.com\/wp-content\/uploads\/2025\/11\/Egyptian-White-Beans-768x768.webp 768w, https:\/\/peitrade.com\/wp-content\/uploads\/2025\/11\/Egyptian-White-Beans-600x600.webp 600w, https:\/\/peitrade.com\/wp-content\/uploads\/2025\/11\/Egyptian-White-Beans-100x100.webp 100w, https:\/\/peitrade.com\/wp-content\/uploads\/2025\/11\/Egyptian-White-Beans.webp 1024w\" sizes=\"(max-width: 300px) 100vw, 300px\" title=\"\"><h2 class=\"woocommerce-loop-product__title\">Kuru beyaz fasulye<\/h2>\n<\/a><a href=\"https:\/\/peitrade.com\/tr\/product\/kuru-beyaz-fasulye\/\" aria-describedby=\"woocommerce_loop_add_to_cart_link_describedby_7719\" data-quantity=\"1\" class=\"button product_type_simple\" data-product_id=\"7719\" data-product_sku=\"70820\" aria-label=\"&ldquo;Kuru beyaz fasulye&rdquo; hakk\u0131nda daha fazla bilgi edinin\" rel=\"nofollow\" data-success_message=\"\">Devam\u0131n\u0131 oku<\/a>\t<span id=\"woocommerce_loop_add_to_cart_link_describedby_7719\" class=\"screen-reader-text\">\n\t\t\t<\/span>\n<\/li>\n<li class=\"product type-product post-7776 status-publish instock product_cat-vegetables product_cat-in-season has-post-thumbnail shipping-taxable product-type-simple\">\n\t<a href=\"https:\/\/peitrade.com\/tr\/product\/patates\/\" class=\"woocommerce-LoopProduct-link woocommerce-loop-product__link\"><img decoding=\"async\" width=\"300\" height=\"300\" src=\"https:\/\/peitrade.com\/wp-content\/uploads\/2025\/11\/Egyptian-Potatoes-300x300.webp\" class=\"attachment-woocommerce_thumbnail size-woocommerce_thumbnail\" alt=\"Patates\" srcset=\"https:\/\/peitrade.com\/wp-content\/uploads\/2025\/11\/Egyptian-Potatoes-300x300.webp 300w, https:\/\/peitrade.com\/wp-content\/uploads\/2025\/11\/Egyptian-Potatoes-150x150.webp 150w, https:\/\/peitrade.com\/wp-content\/uploads\/2025\/11\/Egyptian-Potatoes-768x768.webp 768w, https:\/\/peitrade.com\/wp-content\/uploads\/2025\/11\/Egyptian-Potatoes-600x600.webp 600w, https:\/\/peitrade.com\/wp-content\/uploads\/2025\/11\/Egyptian-Potatoes-100x100.webp 100w, https:\/\/peitrade.com\/wp-content\/uploads\/2025\/11\/Egyptian-Potatoes.webp 1024w\" sizes=\"(max-width: 300px) 100vw, 300px\" title=\"\"><h2 class=\"woocommerce-loop-product__title\">Patates<\/h2>\n<\/a><a href=\"https:\/\/peitrade.com\/tr\/product\/patates\/\" aria-describedby=\"woocommerce_loop_add_to_cart_link_describedby_7776\" data-quantity=\"1\" class=\"button product_type_simple\" data-product_id=\"7776\" data-product_sku=\"70190\" aria-label=\"&ldquo;Patates&rdquo; hakk\u0131nda daha fazla bilgi edinin\" rel=\"nofollow\" data-success_message=\"\">Devam\u0131n\u0131 oku<\/a>\t<span id=\"woocommerce_loop_add_to_cart_link_describedby_7776\" class=\"screen-reader-text\">\n\t\t\t<\/span>\n<\/li>\n<li class=\"product type-product post-7484 status-publish instock product_cat-vegetables product_cat-in-season has-post-thumbnail shipping-taxable product-type-simple\">\n\t<a href=\"https:\/\/peitrade.com\/tr\/product\/sogan\/\" class=\"woocommerce-LoopProduct-link woocommerce-loop-product__link\"><img decoding=\"async\" width=\"300\" height=\"300\" src=\"https:\/\/peitrade.com\/wp-content\/uploads\/2025\/11\/Egyption-Onion-300x300.webp\" class=\"attachment-woocommerce_thumbnail size-woocommerce_thumbnail\" alt=\"Egyption Onion - PEI Trade\" srcset=\"https:\/\/peitrade.com\/wp-content\/uploads\/2025\/11\/Egyption-Onion-300x300.webp 300w, https:\/\/peitrade.com\/wp-content\/uploads\/2025\/11\/Egyption-Onion-150x150.webp 150w, https:\/\/peitrade.com\/wp-content\/uploads\/2025\/11\/Egyption-Onion-768x768.webp 768w, https:\/\/peitrade.com\/wp-content\/uploads\/2025\/11\/Egyption-Onion-600x600.webp 600w, https:\/\/peitrade.com\/wp-content\/uploads\/2025\/11\/Egyption-Onion-100x100.webp 100w, https:\/\/peitrade.com\/wp-content\/uploads\/2025\/11\/Egyption-Onion.webp 1024w\" sizes=\"(max-width: 300px) 100vw, 300px\" title=\"\"><h2 class=\"woocommerce-loop-product__title\">So\u011fan<\/h2>\n<\/a><a href=\"https:\/\/peitrade.com\/tr\/product\/sogan\/\" aria-describedby=\"woocommerce_loop_add_to_cart_link_describedby_7484\" data-quantity=\"1\" class=\"button product_type_simple\" data-product_id=\"7484\" data-product_sku=\"70310\" aria-label=\"&ldquo;So\u011fan&rdquo; hakk\u0131nda daha fazla bilgi edinin\" rel=\"nofollow\" data-success_message=\"\">Devam\u0131n\u0131 oku<\/a>\t<span id=\"woocommerce_loop_add_to_cart_link_describedby_7484\" class=\"screen-reader-text\">\n\t\t\t<\/span>\n<\/li>\n<li class=\"product type-product post-7540 status-publish last instock product_cat-vegetables product_cat-in-season has-post-thumbnail shipping-taxable product-type-simple\">\n\t<a href=\"https:\/\/peitrade.com\/tr\/product\/taze-fasulye\/\" class=\"woocommerce-LoopProduct-link woocommerce-loop-product__link\"><img decoding=\"async\" width=\"300\" height=\"300\" src=\"https:\/\/peitrade.com\/wp-content\/uploads\/2025\/11\/Egyptian-Green-Beans-300x300.webp\" class=\"attachment-woocommerce_thumbnail size-woocommerce_thumbnail\" alt=\"Taze fasulye\" srcset=\"https:\/\/peitrade.com\/wp-content\/uploads\/2025\/11\/Egyptian-Green-Beans-300x300.webp 300w, https:\/\/peitrade.com\/wp-content\/uploads\/2025\/11\/Egyptian-Green-Beans-150x150.webp 150w, https:\/\/peitrade.com\/wp-content\/uploads\/2025\/11\/Egyptian-Green-Beans-768x768.webp 768w, https:\/\/peitrade.com\/wp-content\/uploads\/2025\/11\/Egyptian-Green-Beans-600x600.webp 600w, https:\/\/peitrade.com\/wp-content\/uploads\/2025\/11\/Egyptian-Green-Beans-100x100.webp 100w, https:\/\/peitrade.com\/wp-content\/uploads\/2025\/11\/Egyptian-Green-Beans.webp 1024w\" sizes=\"(max-width: 300px) 100vw, 300px\" title=\"\"><h2 class=\"woocommerce-loop-product__title\">Taze fasulye<\/h2>\n<\/a><a href=\"https:\/\/peitrade.com\/tr\/product\/taze-fasulye\/\" aria-describedby=\"woocommerce_loop_add_to_cart_link_describedby_7540\" data-quantity=\"1\" class=\"button product_type_simple\" data-product_id=\"7540\" data-product_sku=\"70821\" aria-label=\"&ldquo;Taze fasulye&rdquo; hakk\u0131nda daha fazla bilgi edinin\" rel=\"nofollow\" data-success_message=\"\">Devam\u0131n\u0131 oku<\/a>\t<span id=\"woocommerce_loop_add_to_cart_link_describedby_7540\" class=\"screen-reader-text\">\n\t\t\t<\/span>\n<\/li>\n<\/ul>\n<\/div><\/div>\n<div class=\"container\">\n<h2>Neden PEI Trade\u2019ten Al\u0131m Yapmal\u0131s\u0131n\u0131z \u2013 \u00d6nde Gelen Sebze Tedarik\u00e7isi?<\/h2>\n<p><span style=\"font-weight: 400;\">PEI Trade ile \u00e7al\u0131\u015fmak size \u015funlar\u0131 sa\u011flar:<\/span><\/p>\n<ul>\n<li style=\"font-weight: 400;\">Tazelik zirvesinde hasat edilen y\u00fcksek kaliteli sebzeler<\/li>\n<li style=\"font-weight: 400;\"><b>dondurulmu\u015f sebze kar\u0131\u015f\u0131m\u0131<\/b> taleplerinize uygun \u00f6zelle\u015ftirilmi\u015f kombinasyonlar<\/li>\n<li style=\"font-weight: 400;\">Y\u0131l boyunca g\u00fcvenilir <b>dondurulmu\u015f kar\u0131\u015f\u0131k sebze toptan<\/b> tedari\u011fi<\/li>\n<li style=\"font-weight: 400;\">HACCP, ISO ve bitki sa\u011fl\u0131\u011f\u0131 sertifikal\u0131 \u00fcretim<\/li>\n<li style=\"font-weight: 400;\">Perakende ve toptan sipari\u015fler i\u00e7in esnek ambalajlama<\/li>\n<\/ul>\n<h2>Her Pazara \u00d6zel Kar\u0131\u015f\u0131mlar<\/h2>\n<p><span style=\"font-weight: 400;\">Standart ve \u00f6zel <b>dondurulmu\u015f sebze kar\u0131\u015f\u0131m\u0131<\/b> se\u00e7eneklerinden se\u00e7im yapabilirsiniz:<\/span><\/p>\n<ul>\n<li><b>Klasik Kar\u0131\u015f\u0131m:<\/b> Havu\u00e7, bezelye, m\u0131s\u0131r, taze fasulye<\/li>\n<li><b>Stir-Fry Kar\u0131\u015f\u0131m\u0131:<\/b> Dolmal\u0131k biber, brokoli, bebe m\u0131s\u0131r, \u015feker bezelyesi<\/li>\n<li><b>\u00c7orba Kar\u0131\u015f\u0131m\u0131:<\/b> Patates, so\u011fan, kereviz, havu\u00e7<\/li>\n<li><b>\u00d6zel Kar\u0131\u015f\u0131m:<\/b> Mutfa\u011f\u0131n\u0131za ya da markan\u0131za uygun form\u00fclasyonlar<\/li>\n<\/ul>\n<p><span style=\"font-weight: 400;\">Her <b>dondurulmu\u015f kar\u0131\u015f\u0131k sebze toptan<\/b> sipari\u015finin tat ve pazar tercihlerini kar\u015f\u0131lamas\u0131n\u0131 sa\u011flamak i\u00e7in m\u00fc\u015fterilerle yak\u0131n i\u015f birli\u011fi yap\u0131yoruz.<\/span><\/p>\n<h2>Son Teknoloji \u0130\u015fleme ve So\u011fuk Zincir Lojisti\u011fi<\/h2>\n<p><span style=\"font-weight: 400;\">\u00dcretim tesislerimiz; hassas ay\u0131klama, h\u0131zl\u0131 dondurma ve hijyenik ambalajlama i\u00e7in donat\u0131lm\u0131\u015ft\u0131r. Ba\u015fl\u0131ca ad\u0131mlar:<\/span><\/p>\n<ul>\n<li>Hasattan sonra saatler i\u00e7inde hasat edip y\u0131kama<\/li>\n<li>Renk ve besin de\u011ferini korumak i\u00e7in blan\u015flama<\/li>\n<li>Kolay porsiyonlamaya ve uzun raf \u00f6mr\u00fcne y\u00f6nelik IQF dondurma<\/li>\n<li>\u0130hracata y\u00f6nelik vakumlu ambalajlama ve azot f\u0131rlatma<\/li>\n<\/ul>\n<p><span style=\"font-weight: 400;\">G\u00fcvenilir <b>dondurulmu\u015f kar\u0131\u015f\u0131k sebze ihracat\u00e7\u0131lar\u0131<\/b> olarak, so\u011fuk zincir s\u00fcrecini ba\u015flang\u0131\u00e7tan var\u0131\u015f noktas\u0131na kadar kusursuz y\u00f6netiyoruz, tazeli\u011fi maksimumda tutuyoruz.<\/span><\/p>\n<h2>\u00c7e\u015fitli Kullan\u0131m Alanlar\u0131 \u0130\u00e7in \u0130deal<\/h2>\n<p><span style=\"font-weight: 400;\">Bizim <b>dondurulmu\u015f kar\u0131\u015f\u0131k sebzeler<\/b> \u015fu sekt\u00f6rlerde pop\u00fclerdir:<\/span><\/p>\n<ul>\n<li><b>Perakendeciler:<\/b> Kendi markal\u0131 dondurulmu\u015f kar\u0131\u015f\u0131mlar<\/li>\n<li><b>Yemek servisi:<\/b> H\u0131zl\u0131 ve pratik mutfak haz\u0131rl\u0131\u011f\u0131<\/li>\n<li><b>\u00dcreticiler:<\/b> Haz\u0131r yemekler ve dondurulmu\u015f ana yemekler i\u00e7in bile\u015fen<\/li>\n<li><b>Da\u011f\u0131t\u0131c\u0131lar:<\/b> <b>dondurulmu\u015f kar\u0131\u015f\u0131k sebze toptan<\/b> \u00f6l\u00e7eklenebilir tedarik se\u00e7enekleri<\/li>\n<\/ul>\n<h2>\u0130hracat A\u011f\u0131 ve Pazar Varl\u0131\u011f\u0131<\/h2>\n<p><span style=\"font-weight: 400;\">PEI Trade, M\u0131s\u0131r&#8217;da b\u00fcy\u00fcmekte olan <b>dondurulmu\u015f kar\u0131\u015f\u0131k sebze tedarik\u00e7ilerinden<\/b> biri olup \u015fu b\u00f6lgelere ihra\u00e7 yapmaktad\u0131r:<\/span><\/p>\n<ul>\n<li>Avrupa (Almanya, Fransa, \u0130ngiltere)<\/li>\n<li>Orta Do\u011fu (Suudi Arabistan, BAE, Kuveyt)<\/li>\n<li>Afrika (Kenya, Nijerya, G\u00fcney Afrika)<\/li>\n<li>Asya (Japonya, Kore, Hindistan)<\/li>\n<\/ul>\n<p><span style=\"font-weight: 400;\">\u00c7ok dilli destek, pazar bazl\u0131 sertifikalar ve rekabet\u00e7i fiyatland\u0131rma ile <b>dondurulmu\u015f kar\u0131\u015f\u0131k sebze toptan<\/b> sunuyoruz.<\/span><\/p>\n<h2>Her M\u00fc\u015fteri \u0130\u00e7in Ambalaj Se\u00e7enekleri<\/h2>\n<ul>\n<li>Marketler i\u00e7in 1 kg &#8211; 2,5 kg polibag<\/li>\n<li>Toptan al\u0131c\u0131lar i\u00e7in 10 kg ve 20 kg kartonlar<\/li>\n<li>Talep \u00fczerine \u00f6zel marka etiketleme<\/li>\n<li>S\u00fcrd\u00fcr\u00fclebilir markalar i\u00e7in \u00e7evre dostu ambalaj \u00e7\u00f6z\u00fcmleri<\/li>\n<\/ul>\n<p><span style=\"font-weight: 400;\">T\u00fcm ambalajlar\u0131m\u0131z, hedef pazar\u0131n\u0131zdaki g\u00fcvenlik ve etiketleme y\u00f6netmeliklerine uygundur.<\/span><\/p>\n<\/div>\n<section style=\"padding: 50px 20px; background-color: #f0f0f0;\">\n<div class=\"container\">\n<h2>PEI Trade ile Ortakl\u0131k \u2013 Dondurulmu\u015f Sebze Kar\u0131\u015f\u0131m\u0131 \u0130hracat\u00e7\u0131n\u0131z<\/h2>\n<p>Kaliteli ve g\u00fcvenilir <b>dondurulmu\u015f kar\u0131\u015f\u0131k sebze ihracat\u00e7\u0131lar\u0131<\/b> ar\u0131yorsan\u0131z, PEI Trade tam do\u011fru tercih olacakt\u0131r.<\/p>\n<p>\u00d6zel kar\u0131\u015f\u0131mlardan tam ihracat deste\u011fine kadar her g\u00f6nderide m\u00fckemmellik sunuyoruz.<\/p>\n<h2>Teklifler ve \u00dcr\u00fcn Numuneleri \u0130\u00e7in \u0130leti\u015fime Ge\u00e7in<\/h2>\n<p>Fiyat bilgisi, minimum sipari\u015f miktar\u0131 ve ambalaj se\u00e7enekleri i\u00e7in bizimle ileti\u015fime ge\u00e7in, en \u00e7ok satan <b>dondurulmu\u015f sebze kar\u0131\u015f\u0131m\u0131<\/b> numune talep edin.<\/p>\n<p style=\"text-align: center; margin-top: 40px;\"><a class=\"button primary large\" href=\"\/contact\">Teklif Al\u0131n<\/a><\/p>\n<\/div>\n<\/section>\n<section style=\"padding: 50px 20px;\">\n<div class=\"container\">\n<h2>Daha Fazla M\u0131s\u0131r G\u0131da \u0130hracat Se\u00e7ene\u011fini Ke\u015ffedin<\/h2>\n<p>&nbsp;<\/p>\n<p>Toptan <b>dondurulmu\u015f kar\u0131\u015f\u0131k sebzeler<\/b> d\u0131\u015f\u0131nda, PEI Trade dondurulmu\u015f bamya, \u00e7ilek ve molokhiya da ihra\u00e7 etmektedir. Geni\u015f \u00fcr\u00fcn yelpazemizin markan\u0131z\u0131n dondurulmu\u015f g\u0131da \u00fcr\u00fcn grubunu nas\u0131l destekleyebilece\u011fini ke\u015ffedin. <a href=\"\/about\">Yeteneklerimizi \u00f6\u011frenin<\/a>.<\/p>\n<div class=\"wp-block-woocommerce-product-collection\"><div class=\"woocommerce columns-4 \"><ul class=\"products columns-4\" data-products=\"type-2\">\n<li class=\"product type-product post-7360 status-publish first instock product_cat-vegetables has-post-thumbnail shipping-taxable product-type-simple\">\n\t<a href=\"https:\/\/peitrade.com\/tr\/product\/domates\/\" class=\"woocommerce-LoopProduct-link woocommerce-loop-product__link\"><img decoding=\"async\" width=\"300\" height=\"300\" src=\"https:\/\/peitrade.com\/wp-content\/uploads\/2025\/11\/Egyptian-Tomatoes-300x300.webp\" class=\"attachment-woocommerce_thumbnail size-woocommerce_thumbnail\" alt=\"Domates\" srcset=\"https:\/\/peitrade.com\/wp-content\/uploads\/2025\/11\/Egyptian-Tomatoes-300x300.webp 300w, https:\/\/peitrade.com\/wp-content\/uploads\/2025\/11\/Egyptian-Tomatoes-150x150.webp 150w, https:\/\/peitrade.com\/wp-content\/uploads\/2025\/11\/Egyptian-Tomatoes-768x768.webp 768w, https:\/\/peitrade.com\/wp-content\/uploads\/2025\/11\/Egyptian-Tomatoes-600x600.webp 600w, https:\/\/peitrade.com\/wp-content\/uploads\/2025\/11\/Egyptian-Tomatoes-100x100.webp 100w, https:\/\/peitrade.com\/wp-content\/uploads\/2025\/11\/Egyptian-Tomatoes.webp 1024w\" sizes=\"(max-width: 300px) 100vw, 300px\" title=\"\"><h2 class=\"woocommerce-loop-product__title\">Domates<\/h2>\n<\/a><a href=\"https:\/\/peitrade.com\/tr\/product\/domates\/\" aria-describedby=\"woocommerce_loop_add_to_cart_link_describedby_7360\" data-quantity=\"1\" class=\"button product_type_simple\" data-product_id=\"7360\" data-product_sku=\"70200\" aria-label=\"&ldquo;Domates&rdquo; hakk\u0131nda daha fazla bilgi edinin\" rel=\"nofollow\" data-success_message=\"\">Devam\u0131n\u0131 oku<\/a>\t<span id=\"woocommerce_loop_add_to_cart_link_describedby_7360\" class=\"screen-reader-text\">\n\t\t\t<\/span>\n<\/li>\n<li class=\"product type-product post-7776 status-publish instock product_cat-vegetables product_cat-in-season has-post-thumbnail shipping-taxable product-type-simple\">\n\t<a href=\"https:\/\/peitrade.com\/tr\/product\/patates\/\" class=\"woocommerce-LoopProduct-link woocommerce-loop-product__link\"><img decoding=\"async\" width=\"300\" height=\"300\" src=\"https:\/\/peitrade.com\/wp-content\/uploads\/2025\/11\/Egyptian-Potatoes-300x300.webp\" class=\"attachment-woocommerce_thumbnail size-woocommerce_thumbnail\" alt=\"Patates\" srcset=\"https:\/\/peitrade.com\/wp-content\/uploads\/2025\/11\/Egyptian-Potatoes-300x300.webp 300w, https:\/\/peitrade.com\/wp-content\/uploads\/2025\/11\/Egyptian-Potatoes-150x150.webp 150w, https:\/\/peitrade.com\/wp-content\/uploads\/2025\/11\/Egyptian-Potatoes-768x768.webp 768w, https:\/\/peitrade.com\/wp-content\/uploads\/2025\/11\/Egyptian-Potatoes-600x600.webp 600w, https:\/\/peitrade.com\/wp-content\/uploads\/2025\/11\/Egyptian-Potatoes-100x100.webp 100w, https:\/\/peitrade.com\/wp-content\/uploads\/2025\/11\/Egyptian-Potatoes.webp 1024w\" sizes=\"(max-width: 300px) 100vw, 300px\" title=\"\"><h2 class=\"woocommerce-loop-product__title\">Patates<\/h2>\n<\/a><a href=\"https:\/\/peitrade.com\/tr\/product\/patates\/\" aria-describedby=\"woocommerce_loop_add_to_cart_link_describedby_7776\" data-quantity=\"1\" class=\"button product_type_simple\" data-product_id=\"7776\" data-product_sku=\"70190\" aria-label=\"&ldquo;Patates&rdquo; hakk\u0131nda daha fazla bilgi edinin\" rel=\"nofollow\" data-success_message=\"\">Devam\u0131n\u0131 oku<\/a>\t<span id=\"woocommerce_loop_add_to_cart_link_describedby_7776\" class=\"screen-reader-text\">\n\t\t\t<\/span>\n<\/li>\n<li class=\"product type-product post-7376 status-publish instock product_cat-vegetables product_cat-in-season has-post-thumbnail shipping-taxable product-type-simple\">\n\t<a href=\"https:\/\/peitrade.com\/tr\/product\/sarimsak\/\" class=\"woocommerce-LoopProduct-link woocommerce-loop-product__link\"><img decoding=\"async\" width=\"300\" height=\"300\" src=\"https:\/\/peitrade.com\/wp-content\/uploads\/2025\/11\/Egyptian-Garlic-300x300.webp\" class=\"attachment-woocommerce_thumbnail size-woocommerce_thumbnail\" alt=\"Sar\u0131msak\" srcset=\"https:\/\/peitrade.com\/wp-content\/uploads\/2025\/11\/Egyptian-Garlic-300x300.webp 300w, https:\/\/peitrade.com\/wp-content\/uploads\/2025\/11\/Egyptian-Garlic-150x150.webp 150w, https:\/\/peitrade.com\/wp-content\/uploads\/2025\/11\/Egyptian-Garlic-768x768.webp 768w, https:\/\/peitrade.com\/wp-content\/uploads\/2025\/11\/Egyptian-Garlic-600x600.webp 600w, https:\/\/peitrade.com\/wp-content\/uploads\/2025\/11\/Egyptian-Garlic-100x100.webp 100w, https:\/\/peitrade.com\/wp-content\/uploads\/2025\/11\/Egyptian-Garlic.webp 1024w\" sizes=\"(max-width: 300px) 100vw, 300px\" title=\"\"><h2 class=\"woocommerce-loop-product__title\">Sar\u0131msak<\/h2>\n<\/a><a href=\"https:\/\/peitrade.com\/tr\/product\/sarimsak\/\" aria-describedby=\"woocommerce_loop_add_to_cart_link_describedby_7376\" data-quantity=\"1\" class=\"button product_type_simple\" data-product_id=\"7376\" data-product_sku=\"70320\" aria-label=\"&ldquo;Sar\u0131msak&rdquo; hakk\u0131nda daha fazla bilgi edinin\" rel=\"nofollow\" data-success_message=\"\">Devam\u0131n\u0131 oku<\/a>\t<span id=\"woocommerce_loop_add_to_cart_link_describedby_7376\" class=\"screen-reader-text\">\n\t\t\t<\/span>\n<\/li>\n<li class=\"product type-product post-7796 status-publish last instock product_cat-vegetables product_cat-in-season has-post-thumbnail shipping-taxable product-type-simple\">\n\t<a href=\"https:\/\/peitrade.com\/tr\/product\/tatli-patates\/\" class=\"woocommerce-LoopProduct-link woocommerce-loop-product__link\"><img decoding=\"async\" width=\"300\" height=\"300\" src=\"https:\/\/peitrade.com\/wp-content\/uploads\/2025\/11\/Egyptian-Sweet-Potatoes-300x300.webp\" class=\"attachment-woocommerce_thumbnail size-woocommerce_thumbnail\" alt=\"Egyptian Sweet Potatoes - PEI Trade\" srcset=\"https:\/\/peitrade.com\/wp-content\/uploads\/2025\/11\/Egyptian-Sweet-Potatoes-300x300.webp 300w, https:\/\/peitrade.com\/wp-content\/uploads\/2025\/11\/Egyptian-Sweet-Potatoes-150x150.webp 150w, https:\/\/peitrade.com\/wp-content\/uploads\/2025\/11\/Egyptian-Sweet-Potatoes-768x768.webp 768w, https:\/\/peitrade.com\/wp-content\/uploads\/2025\/11\/Egyptian-Sweet-Potatoes-600x600.webp 600w, https:\/\/peitrade.com\/wp-content\/uploads\/2025\/11\/Egyptian-Sweet-Potatoes-100x100.webp 100w, https:\/\/peitrade.com\/wp-content\/uploads\/2025\/11\/Egyptian-Sweet-Potatoes.webp 1024w\" sizes=\"(max-width: 300px) 100vw, 300px\" title=\"\"><h2 class=\"woocommerce-loop-product__title\">Tatl\u0131 patates<\/h2>\n<\/a><a href=\"https:\/\/peitrade.com\/tr\/product\/tatli-patates\/\" aria-describedby=\"woocommerce_loop_add_to_cart_link_describedby_7796\" data-quantity=\"1\" class=\"button product_type_simple\" data-product_id=\"7796\" data-product_sku=\"71420\" aria-label=\"&ldquo;Tatl\u0131 patates&rdquo; hakk\u0131nda daha fazla bilgi edinin\" rel=\"nofollow\" data-success_message=\"\">Devam\u0131n\u0131 oku<\/a>\t<span id=\"woocommerce_loop_add_to_cart_link_describedby_7796\" class=\"screen-reader-text\">\n\t\t\t<\/span>\n<\/li>\n<\/ul>\n<\/div><\/div>\n<\/div>\n<\/section>\n<section style=\"padding: 50px 20px; background-color: #f9f9f9;\">\n<div class=\"container\">\n<h2>S\u0131k Sorulan Sorular<\/h2>\n<h3>Hangi t\u00fcr dondurulmu\u015f sebze kar\u0131\u015f\u0131mlar\u0131 sunuyorsunuz?<\/h3>\n<p>Pazar ve mutfaklara uygun olarak klasik, stir-fry, \u00e7orba ve ki\u015fiye \u00f6zel kar\u0131\u015f\u0131mlar sunuyoruz.<\/p>\n<h3>Perakende ve toptan ambalaj se\u00e7enekleriniz var m\u0131?<\/h3>\n<p>Kesinlikle. S\u00fcpermarket haz\u0131r paketler ve sanayi boyutlu ambalaj se\u00e7enekleri sunuyoruz.<\/p>\n<h3>\u00d6zel marka (private label) deste\u011finiz var m\u0131?<\/h3>\n<p>Evet, m\u00fc\u015fterilerimiz i\u00e7in etiketleme ve marka \u00e7\u00f6z\u00fcmleri sunuyoruz.<\/p>\n<h3>\u00dcr\u00fcn kalitesi ve g\u00fcvenli\u011fi nas\u0131l sa\u011flan\u0131yor?<\/h3>\n<p>T\u00fcm \u00fcr\u00fcnler HACCP temelli i\u015fleme tabi tutulur, tam izlenebilirlik sa\u011flan\u0131r ve uluslararas\u0131 sertifikalara sahiptir.<\/p>\n<h3>Hangi \u00fclkelere ihra\u00e7 ediyorsunuz?<\/h3>\n<p>Avrupa, Orta Do\u011fu, Afrika ve Asya\u2019ya eksiksiz lojistik ve belge deste\u011fiyle ihra\u00e7 yap\u0131yoruz.<\/p>\n<\/div>\n<\/section>\n","protected":false},"excerpt":{"rendered":"<p>PEI Trade, k\u00fcresel g\u0131da pazarlar\u0131n\u0131n geli\u015fen ihtiya\u00e7lar\u0131n\u0131 kar\u015f\u0131layan y\u00fcksek kaliteli sebze kar\u0131\u015f\u0131mlar\u0131 sunarak \u00f6nde gelen dondurulmu\u015f kar\u0131\u015f\u0131k sebze tedarik\u00e7ileri aras\u0131nda yer almaktad\u0131r. Perakende, yemek servisi veya end\u00fcstriyel i\u015flemede olun, dondurulmu\u015f sebze kar\u0131\u015f\u0131m\u0131 \u00e7\u00f6z\u00fcmlerimiz size s\u00fcrekli kalite, besin de\u011feri ve kullan\u0131m kolayl\u0131\u011f\u0131 sa\u011flar. \u0130hracata haz\u0131r toptan dondurulmu\u015f kar\u0131\u015f\u0131k sebzeler, do\u011fal renk, tat ve besin de\u011ferini koruyan [&hellip;]<\/p>\n","protected":false},"author":1,"featured_media":0,"parent":0,"menu_order":0,"comment_status":"closed","ping_status":"closed","template":"","meta":{"footnotes":""},"class_list":["post-6295","page","type-page","status-publish","hentry"],"blocksy_meta":[],"mb":[],"featured_image_urls_v2":{"full":"","thumbnail":"","medium":"","medium_large":"","large":"","1536x1536":"","2048x2048":"","woocommerce_archive_thumbnail":"","woocommerce_thumbnail":"","woocommerce_single":"","woocommerce_gallery_thumbnail":""},"post_excerpt_stackable_v2":"<p>PEI Trade, k\u00fcresel g\u0131da pazarlar\u0131n\u0131n geli\u015fen ihtiya\u00e7lar\u0131n\u0131 kar\u015f\u0131layan y\u00fcksek kaliteli sebze kar\u0131\u015f\u0131mlar\u0131 sunarak \u00f6nde gelen dondurulmu\u015f kar\u0131\u015f\u0131k sebze tedarik\u00e7ileri aras\u0131nda yer almaktad\u0131r. Perakende, yemek servisi veya end\u00fcstriyel i\u015flemede olun, dondurulmu\u015f sebze kar\u0131\u015f\u0131m\u0131 \u00e7\u00f6z\u00fcmlerimiz size s\u00fcrekli kalite, besin de\u011feri ve kullan\u0131m kolayl\u0131\u011f\u0131 sa\u011flar. \u0130hracata haz\u0131r toptan dondurulmu\u015f kar\u0131\u015f\u0131k sebzeler, do\u011fal renk, tat ve besin de\u011ferini koruyan en yeni BAZ (Bireysel H\u0131zl\u0131 Dondurma \u2013 IQF) teknolojisi kullan\u0131larak i\u015flenir. G\u00fcvenilir dondurulmu\u015f kar\u0131\u015f\u0131k sebze ihracat\u00e7\u0131lar\u0131 olarak; uluslararas\u0131 m\u00fc\u015fterilere esnek hacimler, \u00f6zelle\u015ftirilmi\u015f kar\u0131\u015f\u0131mlar ve ki\u015fiye \u00f6zel ambalaj se\u00e7enekleri sunuyoruz. Kuru beyaz fasulye Devam\u0131n\u0131 oku Patates Devam\u0131n\u0131 oku So\u011fan Devam\u0131n\u0131 oku Taze fasulye Devam\u0131n\u0131 oku Neden&hellip;<\/p>\n","category_list_v2":"","author_info_v2":{"name":"Mostafa Sabry","url":"https:\/\/peitrade.com\/tr\/author\/emostafaadel_jn8gcqbo\/"},"comments_num_v2":"0 comments","mfb_rest_fields":["title","blocksy_meta","featured_image_urls_v2","post_excerpt_stackable_v2","category_list_v2","author_info_v2","comments_num_v2"],"_links":{"self":[{"href":"https:\/\/peitrade.com\/tr\/wp-json\/wp\/v2\/pages\/6295","targetHints":{"allow":["GET"]}}],"collection":[{"href":"https:\/\/peitrade.com\/tr\/wp-json\/wp\/v2\/pages"}],"about":[{"href":"https:\/\/peitrade.com\/tr\/wp-json\/wp\/v2\/types\/page"}],"author":[{"embeddable":true,"href":"https:\/\/peitrade.com\/tr\/wp-json\/wp\/v2\/users\/1"}],"replies":[{"embeddable":true,"href":"https:\/\/peitrade.com\/tr\/wp-json\/wp\/v2\/comments?post=6295"}],"version-history":[{"count":1,"href":"https:\/\/peitrade.com\/tr\/wp-json\/wp\/v2\/pages\/6295\/revisions"}],"predecessor-version":[{"id":6296,"href":"https:\/\/peitrade.com\/tr\/wp-json\/wp\/v2\/pages\/6295\/revisions\/6296"}],"wp:attachment":[{"href":"https:\/\/peitrade.com\/tr\/wp-json\/wp\/v2\/media?parent=6295"}],"curies":[{"name":"wp","href":"https:\/\/api.w.org\/{rel}","templated":true}]}}