{"id":6371,"date":"2025-06-20T08:16:47","date_gmt":"2025-06-20T08:16:47","guid":{"rendered":"http:\/\/46.224.74.15\/frozen-okra-wholesale-5\/"},"modified":"2025-11-19T16:58:04","modified_gmt":"2025-11-19T16:58:04","slug":"frozen-okra-wholesale-5","status":"publish","type":"page","link":"https:\/\/peitrade.com\/tr\/frozen-okra-wholesale-5\/","title":{"rendered":"Dondurulmu\u015f Bamya Toptan Sat\u0131\u015f \u2013 PEI Trade ile M\u0131s\u0131r&#8217;dan Y\u00fcksek Kalite"},"content":{"rendered":"<section style=\"padding: 60px 20px; background-color: #f9f9f9;\">\n<div class=\"container\">\n<h1>Dondurulmu\u015f Bamya Toptan Sat\u0131\u015f \u2013 PEI Trade ile M\u0131s\u0131r&#8217;dan Y\u00fcksek Kalite<\/h1>\n<p>PEI Trade, M\u0131s\u0131r&#8217;dan do\u011frudan toplanan ve i\u015flenen y\u00fcksek kaliteli <b>dondurmu\u015f bam<\/b><b>ul<\/b><b>ya toptan sat\u0131\u015f<\/b> \u00fcr\u00fcnlerinde g\u00fcvenilir orta\u011f\u0131n\u0131zd\u0131r. Canl\u0131 rengi, yumu\u015fak dokusu ve m\u00fckemmel lezzet korumas\u0131yla tan\u0131nan <b>M\u0131s\u0131r dondurulmu\u015f bamyas\u0131<\/b>, ithalat\u00e7\u0131lar, g\u0131da hizmeti firmalar\u0131 ve donmu\u015f g\u0131da da\u011f\u0131t\u0131c\u0131lar\u0131 taraf\u0131ndan d\u00fcnya genelinde tercih edilmektedir.<\/p>\n<p>Lider bir <b>dondurulmu\u015f bamya toptan sat\u0131\u015f<\/b> tedarik\u00e7isi olarak PEI Trade, her partinin uluslararas\u0131 standartlara uygunlu\u011funu garanti eder. \u00dcr\u00fcnlerimiz, hasattan ihracata kadar tazeli\u011fi, besin de\u011ferlerini ve kaliteyi korumak i\u00e7in bireysel h\u0131zl\u0131 dondurma (IQF) teknolojisiyle i\u015flenmektedir.<\/p>\n<\/div>\n<\/section>\n<div class=\"wp-block-woocommerce-product-collection\"><div class=\"woocommerce columns-4 \"><ul class=\"products columns-4\" data-products=\"type-2\">\n<li class=\"product type-product post-7719 status-publish first instock product_cat-legumes product_cat-in-season has-post-thumbnail shipping-taxable product-type-simple\">\n\t<a href=\"https:\/\/peitrade.com\/tr\/product\/kuru-beyaz-fasulye\/\" class=\"woocommerce-LoopProduct-link woocommerce-loop-product__link\"><img decoding=\"async\" width=\"300\" height=\"300\" src=\"https:\/\/peitrade.com\/wp-content\/uploads\/2025\/11\/Egyptian-White-Beans-300x300.webp\" class=\"attachment-woocommerce_thumbnail size-woocommerce_thumbnail\" alt=\"Kuru beyaz fasulye\" srcset=\"https:\/\/peitrade.com\/wp-content\/uploads\/2025\/11\/Egyptian-White-Beans-300x300.webp 300w, https:\/\/peitrade.com\/wp-content\/uploads\/2025\/11\/Egyptian-White-Beans-150x150.webp 150w, https:\/\/peitrade.com\/wp-content\/uploads\/2025\/11\/Egyptian-White-Beans-768x768.webp 768w, https:\/\/peitrade.com\/wp-content\/uploads\/2025\/11\/Egyptian-White-Beans-600x600.webp 600w, https:\/\/peitrade.com\/wp-content\/uploads\/2025\/11\/Egyptian-White-Beans-100x100.webp 100w, https:\/\/peitrade.com\/wp-content\/uploads\/2025\/11\/Egyptian-White-Beans.webp 1024w\" sizes=\"(max-width: 300px) 100vw, 300px\" title=\"\"><h2 class=\"woocommerce-loop-product__title\">Kuru beyaz fasulye<\/h2>\n<\/a><a href=\"https:\/\/peitrade.com\/tr\/product\/kuru-beyaz-fasulye\/\" aria-describedby=\"woocommerce_loop_add_to_cart_link_describedby_7719\" data-quantity=\"1\" class=\"button product_type_simple\" data-product_id=\"7719\" data-product_sku=\"70820\" aria-label=\"&ldquo;Kuru beyaz fasulye&rdquo; hakk\u0131nda daha fazla bilgi edinin\" rel=\"nofollow\" data-success_message=\"\">Devam\u0131n\u0131 oku<\/a>\t<span id=\"woocommerce_loop_add_to_cart_link_describedby_7719\" class=\"screen-reader-text\">\n\t\t\t<\/span>\n<\/li>\n<li class=\"product type-product post-7776 status-publish instock product_cat-vegetables product_cat-in-season has-post-thumbnail shipping-taxable product-type-simple\">\n\t<a href=\"https:\/\/peitrade.com\/tr\/product\/patates\/\" class=\"woocommerce-LoopProduct-link woocommerce-loop-product__link\"><img decoding=\"async\" width=\"300\" height=\"300\" src=\"https:\/\/peitrade.com\/wp-content\/uploads\/2025\/11\/Egyptian-Potatoes-300x300.webp\" class=\"attachment-woocommerce_thumbnail size-woocommerce_thumbnail\" alt=\"Patates\" srcset=\"https:\/\/peitrade.com\/wp-content\/uploads\/2025\/11\/Egyptian-Potatoes-300x300.webp 300w, https:\/\/peitrade.com\/wp-content\/uploads\/2025\/11\/Egyptian-Potatoes-150x150.webp 150w, https:\/\/peitrade.com\/wp-content\/uploads\/2025\/11\/Egyptian-Potatoes-768x768.webp 768w, https:\/\/peitrade.com\/wp-content\/uploads\/2025\/11\/Egyptian-Potatoes-600x600.webp 600w, https:\/\/peitrade.com\/wp-content\/uploads\/2025\/11\/Egyptian-Potatoes-100x100.webp 100w, https:\/\/peitrade.com\/wp-content\/uploads\/2025\/11\/Egyptian-Potatoes.webp 1024w\" sizes=\"(max-width: 300px) 100vw, 300px\" title=\"\"><h2 class=\"woocommerce-loop-product__title\">Patates<\/h2>\n<\/a><a href=\"https:\/\/peitrade.com\/tr\/product\/patates\/\" aria-describedby=\"woocommerce_loop_add_to_cart_link_describedby_7776\" data-quantity=\"1\" class=\"button product_type_simple\" data-product_id=\"7776\" data-product_sku=\"70190\" aria-label=\"&ldquo;Patates&rdquo; hakk\u0131nda daha fazla bilgi edinin\" rel=\"nofollow\" data-success_message=\"\">Devam\u0131n\u0131 oku<\/a>\t<span id=\"woocommerce_loop_add_to_cart_link_describedby_7776\" class=\"screen-reader-text\">\n\t\t\t<\/span>\n<\/li>\n<li class=\"product type-product post-7484 status-publish instock product_cat-vegetables product_cat-in-season has-post-thumbnail shipping-taxable product-type-simple\">\n\t<a href=\"https:\/\/peitrade.com\/tr\/product\/sogan\/\" class=\"woocommerce-LoopProduct-link woocommerce-loop-product__link\"><img decoding=\"async\" width=\"300\" height=\"300\" src=\"https:\/\/peitrade.com\/wp-content\/uploads\/2025\/11\/Egyption-Onion-300x300.webp\" class=\"attachment-woocommerce_thumbnail size-woocommerce_thumbnail\" alt=\"Egyption Onion - PEI Trade\" srcset=\"https:\/\/peitrade.com\/wp-content\/uploads\/2025\/11\/Egyption-Onion-300x300.webp 300w, https:\/\/peitrade.com\/wp-content\/uploads\/2025\/11\/Egyption-Onion-150x150.webp 150w, https:\/\/peitrade.com\/wp-content\/uploads\/2025\/11\/Egyption-Onion-768x768.webp 768w, https:\/\/peitrade.com\/wp-content\/uploads\/2025\/11\/Egyption-Onion-600x600.webp 600w, https:\/\/peitrade.com\/wp-content\/uploads\/2025\/11\/Egyption-Onion-100x100.webp 100w, https:\/\/peitrade.com\/wp-content\/uploads\/2025\/11\/Egyption-Onion.webp 1024w\" sizes=\"(max-width: 300px) 100vw, 300px\" title=\"\"><h2 class=\"woocommerce-loop-product__title\">So\u011fan<\/h2>\n<\/a><a href=\"https:\/\/peitrade.com\/tr\/product\/sogan\/\" aria-describedby=\"woocommerce_loop_add_to_cart_link_describedby_7484\" data-quantity=\"1\" class=\"button product_type_simple\" data-product_id=\"7484\" data-product_sku=\"70310\" aria-label=\"&ldquo;So\u011fan&rdquo; hakk\u0131nda daha fazla bilgi edinin\" rel=\"nofollow\" data-success_message=\"\">Devam\u0131n\u0131 oku<\/a>\t<span id=\"woocommerce_loop_add_to_cart_link_describedby_7484\" class=\"screen-reader-text\">\n\t\t\t<\/span>\n<\/li>\n<li class=\"product type-product post-7540 status-publish last instock product_cat-vegetables product_cat-in-season has-post-thumbnail shipping-taxable product-type-simple\">\n\t<a href=\"https:\/\/peitrade.com\/tr\/product\/taze-fasulye\/\" class=\"woocommerce-LoopProduct-link woocommerce-loop-product__link\"><img decoding=\"async\" width=\"300\" height=\"300\" src=\"https:\/\/peitrade.com\/wp-content\/uploads\/2025\/11\/Egyptian-Green-Beans-300x300.webp\" class=\"attachment-woocommerce_thumbnail size-woocommerce_thumbnail\" alt=\"Taze fasulye\" srcset=\"https:\/\/peitrade.com\/wp-content\/uploads\/2025\/11\/Egyptian-Green-Beans-300x300.webp 300w, https:\/\/peitrade.com\/wp-content\/uploads\/2025\/11\/Egyptian-Green-Beans-150x150.webp 150w, https:\/\/peitrade.com\/wp-content\/uploads\/2025\/11\/Egyptian-Green-Beans-768x768.webp 768w, https:\/\/peitrade.com\/wp-content\/uploads\/2025\/11\/Egyptian-Green-Beans-600x600.webp 600w, https:\/\/peitrade.com\/wp-content\/uploads\/2025\/11\/Egyptian-Green-Beans-100x100.webp 100w, https:\/\/peitrade.com\/wp-content\/uploads\/2025\/11\/Egyptian-Green-Beans.webp 1024w\" sizes=\"(max-width: 300px) 100vw, 300px\" title=\"\"><h2 class=\"woocommerce-loop-product__title\">Taze fasulye<\/h2>\n<\/a><a href=\"https:\/\/peitrade.com\/tr\/product\/taze-fasulye\/\" aria-describedby=\"woocommerce_loop_add_to_cart_link_describedby_7540\" data-quantity=\"1\" class=\"button product_type_simple\" data-product_id=\"7540\" data-product_sku=\"70821\" aria-label=\"&ldquo;Taze fasulye&rdquo; hakk\u0131nda daha fazla bilgi edinin\" rel=\"nofollow\" data-success_message=\"\">Devam\u0131n\u0131 oku<\/a>\t<span id=\"woocommerce_loop_add_to_cart_link_describedby_7540\" class=\"screen-reader-text\">\n\t\t\t<\/span>\n<\/li>\n<\/ul>\n<\/div><\/div>\n<section style=\"padding: 50px 20px;\">\n<div class=\"container\">\n<h2>PEI Trade M\u0131s\u0131r Dondurulmu\u015f Bamyas\u0131n\u0131 Neden Tercih Etmelisiniz?<\/h2>\n<p><span style=\"font-weight: 400;\">PEI Trade&#8217;in <b>dondurulmu\u015f bamya toptan sat\u0131\u015f<\/b> \u00fcr\u00fcnleri \u015fu \u00f6zellikleriyle \u00f6ne \u00e7\u0131kar:<\/span><\/p>\n<ul>\n<li style=\"font-weight: 400;\">Birinci s\u0131n\u0131f bamya kabuklar\u0131n\u0131n \u00f6zenle hasad\u0131 ve se\u00e7imi<\/li>\n<li style=\"font-weight: 400;\">Tutarl\u0131 boyut se\u00e7enekleri: ekstra k\u00fc\u00e7\u00fck, ince ve orta kesimlerde sunulur<\/li>\n<li style=\"font-weight: 400;\">Lezzet, renk ve besin de\u011ferlerini korumak i\u00e7in an\u0131nda dondurma<\/li>\n<li style=\"font-weight: 400;\">Koruyucu veya katk\u0131 maddesi i\u00e7ermez \u2013 %100 do\u011fald\u0131r<\/li>\n<li style=\"font-weight: 400;\">G\u0131da g\u00fcvenli\u011fi a\u00e7\u0131s\u0131ndan uluslararas\u0131 standartlara tam uyum<\/li>\n<\/ul>\n<p><span style=\"font-weight: 400;\">Ekibimiz, k\u00fcresel pazarlara <b>M\u0131s\u0131r dondurulmu\u015f bamyas\u0131<\/b> tedarikini istikrarl\u0131 \u015fekilde sa\u011flar, tam izlenebilirlik ve kalite kontrol\u00fc sunar.<\/span><\/p>\n<h2>Tarladan Dondurucuya \u2013 \u0130hracat S\u00fcrecimiz<\/h2>\n<p><span style=\"font-weight: 400;\">PEI Trade&#8217;in <b>dondurulmu\u015f bamya toptan sat\u0131\u015f<\/b> s\u00fcreci her a\u015famada kaliteyi koruyacak \u015fekilde tasarlanm\u0131\u015ft\u0131r:<\/span><\/p>\n<ul>\n<li style=\"font-weight: 400;\">Tam olgunlukta g\u00fcvenilir M\u0131s\u0131r \u00e7iftliklerinden hasat<\/li>\n<li style=\"font-weight: 400;\">Dondurma \u00f6ncesi y\u0131kama, u\u00e7 kesme ve dikkatli s\u0131n\u0131fland\u0131rma<\/li>\n<li style=\"font-weight: 400;\">Son teknoloji bireysel h\u0131zl\u0131 dondurma y\u00f6ntemi<\/li>\n<li style=\"font-weight: 400;\">Perakende, g\u0131da hizmetleri ve toptanc\u0131 al\u0131c\u0131lar i\u00e7in \u00f6zelle\u015ftirilebilir ambalaj se\u00e7enekleri<\/li>\n<li style=\"font-weight: 400;\">Eksiksiz ihracat belgeleri ve sa\u011fl\u0131k sertifikalar\u0131<\/li>\n<\/ul>\n<p><span style=\"font-weight: 400;\">PEI Trade, her <b>dondurulmu\u015f bamya toptan sat\u0131\u015f<\/b> g\u00f6nderiminde g\u00fcvenilir teslimatlar ve kalite istikrar\u0131 sa\u011flar.<\/span><\/p>\n<h2>K\u00fcresel Al\u0131c\u0131lar \u0130\u00e7in Ambalaj Se\u00e7enekleri<\/h2>\n<p><span style=\"font-weight: 400;\">Pazar ihtiya\u00e7lar\u0131n\u0131za uygun \u00e7e\u015fitli ambalaj alternatifleri sunuyoruz:<\/span><\/p>\n<ul>\n<li style=\"font-weight: 400;\">Perakende raflar\u0131 i\u00e7in 400g ve 1kg&#8217;l\u0131k torbalar<\/li>\n<li style=\"font-weight: 400;\">G\u0131da hizmetleri ve i\u015fleme sanayi i\u00e7in 10kg ve 20kg&#8217;l\u0131k d\u00f6kme kutular<\/li>\n<li style=\"font-weight: 400;\">\u00d6zel marka ve \u00f6zelle\u015ftirilmi\u015f ambalaj hizmetleri<\/li>\n<li style=\"font-weight: 400;\">G\u00fcvenli k\u00fcresel g\u00f6nderimler i\u00e7in s\u0131cakl\u0131k kontroll\u00fc paletler<\/li>\n<\/ul>\n<p><span style=\"font-weight: 400;\">T\u00fcm ambalajlar uluslararas\u0131 mevzuatlara uygundur ve \u00fcr\u00fcn b\u00fct\u00fcnl\u00fc\u011f\u00fcn\u00fc koruyacak \u015fekilde tasarlanm\u0131\u015ft\u0131r.<\/span><\/p>\n<h2>Hizmet Verdi\u011fimiz Pazarlar<\/h2>\n<p><span style=\"font-weight: 400;\">PEI Trade&#8217;in <b>dondurulmu\u015f bamya toptan sat\u0131\u015f<\/b> ihracatlar\u0131 \u015fu b\u00f6lgelere ula\u015fmaktad\u0131r:<\/span><\/p>\n<ul>\n<li style=\"font-weight: 400;\">K\u00f6rfez \u00dclkeleri: BAE, Suudi Arabistan, Kuveyt, Katar<\/li>\n<li style=\"font-weight: 400;\">Avrupa: Birle\u015fik Krall\u0131k, Almanya, Fransa<\/li>\n<li style=\"font-weight: 400;\">Kuzey Amerika: Amerika Birle\u015fik Devletleri ve Kanada<\/li>\n<li style=\"font-weight: 400;\">Afrika ve Asya: artan talepli geli\u015fmekte olan pazarlar<\/li>\n<\/ul>\n<p><span style=\"font-weight: 400;\">Tam konteyner y\u00fcklerinden k\u00fc\u00e7\u00fck \u00f6zel g\u00f6nderilere kadar her \u00f6l\u00e7ekteki sipari\u015fi kar\u015f\u0131l\u0131yoruz.<\/span><\/p>\n<\/div>\n<\/section>\n<section style=\"padding: 50px 20px; background-color: #f0f0f0;\">\n<div class=\"container\">\n<h2>PEI Trade ile Dondurulmu\u015f Bamya Toptan Sat\u0131\u015f\u0131nda Ortakl\u0131k Kurun<\/h2>\n<p>G\u00fcvenilir bir <b>dondurulmu\u015f bamya toptan sat\u0131\u015f<\/b> tedarik\u00e7isi ar\u0131yorsan\u0131z, PEI Trade e\u015fsiz kalite, rekabet\u00e7i fiyatlar ve verimli ihracat hizmeti sunar.<\/p>\n<p>Amac\u0131m\u0131z, y\u00fcksek kaliteli donmu\u015f sebzeleri sorunsuz lojistik ve etkili m\u00fc\u015fteri hizmetiyle sunmakt\u0131r.<\/p>\n<h2>Hemen Teklif veya Numune Talep Edin<\/h2>\n<p>Ayr\u0131nt\u0131l\u0131 fiyat teklifi almak, stok durumu hakk\u0131nda bilgi edinmek ya da \u00fcr\u00fcn numunesi talep etmek i\u00e7in bizimle ileti\u015fime ge\u00e7in.<\/p>\n<p style=\"text-align: center; margin-top: 40px;\"><a class=\"button primary large\" href=\"https:\/\/peitrade.com\/tr\/contact-us\/\">Sipari\u015f Ver<\/a><\/p>\n<\/div>\n<\/section>\n<section style=\"padding: 50px 20px;\">\n<div class=\"container\">\n<h2>PEI Trade Hakk\u0131nda Daha Fazla Bilgi Edinin<\/h2>\n<p><b>Dondurulmu\u015f bamya toptan sat\u0131\u015f<\/b>&#8216;\u0131n yan\u0131 s\u0131ra PEI Trade, M\u0131s\u0131r&#8217;dan taze fasulye, enginar, \u00e7ilek gibi \u00e7ok \u00e7e\u015fitli tar\u0131m \u00fcr\u00fcnleri de sunmaktad\u0131r. G\u00fcvenilir kalite ve esnek ihracat ko\u015fullar\u0131 ile donmu\u015f \u00fcr\u00fcn yelpazenizi geni\u015fletin. <a href=\"https:\/\/peitrade.com\/tr\/about-pei-trade\/\" target=\"_blank\" rel=\"noopener\">Yeteneklerimizi ke\u015ffedin<\/a>.<\/p>\n<div class=\"wp-block-woocommerce-product-collection\"><div class=\"woocommerce columns-4 \"><ul class=\"products columns-4\" data-products=\"type-2\">\n<li class=\"product type-product post-7719 status-publish first instock product_cat-legumes product_cat-in-season has-post-thumbnail shipping-taxable product-type-simple\">\n\t<a href=\"https:\/\/peitrade.com\/tr\/product\/kuru-beyaz-fasulye\/\" class=\"woocommerce-LoopProduct-link woocommerce-loop-product__link\"><img decoding=\"async\" width=\"300\" height=\"300\" src=\"https:\/\/peitrade.com\/wp-content\/uploads\/2025\/11\/Egyptian-White-Beans-300x300.webp\" class=\"attachment-woocommerce_thumbnail size-woocommerce_thumbnail\" alt=\"Kuru beyaz fasulye\" srcset=\"https:\/\/peitrade.com\/wp-content\/uploads\/2025\/11\/Egyptian-White-Beans-300x300.webp 300w, https:\/\/peitrade.com\/wp-content\/uploads\/2025\/11\/Egyptian-White-Beans-150x150.webp 150w, https:\/\/peitrade.com\/wp-content\/uploads\/2025\/11\/Egyptian-White-Beans-768x768.webp 768w, https:\/\/peitrade.com\/wp-content\/uploads\/2025\/11\/Egyptian-White-Beans-600x600.webp 600w, https:\/\/peitrade.com\/wp-content\/uploads\/2025\/11\/Egyptian-White-Beans-100x100.webp 100w, https:\/\/peitrade.com\/wp-content\/uploads\/2025\/11\/Egyptian-White-Beans.webp 1024w\" sizes=\"(max-width: 300px) 100vw, 300px\" title=\"\"><h2 class=\"woocommerce-loop-product__title\">Kuru beyaz fasulye<\/h2>\n<\/a><a href=\"https:\/\/peitrade.com\/tr\/product\/kuru-beyaz-fasulye\/\" aria-describedby=\"woocommerce_loop_add_to_cart_link_describedby_7719\" data-quantity=\"1\" class=\"button product_type_simple\" data-product_id=\"7719\" data-product_sku=\"70820\" aria-label=\"&ldquo;Kuru beyaz fasulye&rdquo; hakk\u0131nda daha fazla bilgi edinin\" rel=\"nofollow\" data-success_message=\"\">Devam\u0131n\u0131 oku<\/a>\t<span id=\"woocommerce_loop_add_to_cart_link_describedby_7719\" class=\"screen-reader-text\">\n\t\t\t<\/span>\n<\/li>\n<li class=\"product type-product post-7776 status-publish instock product_cat-vegetables product_cat-in-season has-post-thumbnail shipping-taxable product-type-simple\">\n\t<a href=\"https:\/\/peitrade.com\/tr\/product\/patates\/\" class=\"woocommerce-LoopProduct-link woocommerce-loop-product__link\"><img decoding=\"async\" width=\"300\" height=\"300\" src=\"https:\/\/peitrade.com\/wp-content\/uploads\/2025\/11\/Egyptian-Potatoes-300x300.webp\" class=\"attachment-woocommerce_thumbnail size-woocommerce_thumbnail\" alt=\"Patates\" srcset=\"https:\/\/peitrade.com\/wp-content\/uploads\/2025\/11\/Egyptian-Potatoes-300x300.webp 300w, https:\/\/peitrade.com\/wp-content\/uploads\/2025\/11\/Egyptian-Potatoes-150x150.webp 150w, https:\/\/peitrade.com\/wp-content\/uploads\/2025\/11\/Egyptian-Potatoes-768x768.webp 768w, https:\/\/peitrade.com\/wp-content\/uploads\/2025\/11\/Egyptian-Potatoes-600x600.webp 600w, https:\/\/peitrade.com\/wp-content\/uploads\/2025\/11\/Egyptian-Potatoes-100x100.webp 100w, https:\/\/peitrade.com\/wp-content\/uploads\/2025\/11\/Egyptian-Potatoes.webp 1024w\" sizes=\"(max-width: 300px) 100vw, 300px\" title=\"\"><h2 class=\"woocommerce-loop-product__title\">Patates<\/h2>\n<\/a><a href=\"https:\/\/peitrade.com\/tr\/product\/patates\/\" aria-describedby=\"woocommerce_loop_add_to_cart_link_describedby_7776\" data-quantity=\"1\" class=\"button product_type_simple\" data-product_id=\"7776\" data-product_sku=\"70190\" aria-label=\"&ldquo;Patates&rdquo; hakk\u0131nda daha fazla bilgi edinin\" rel=\"nofollow\" data-success_message=\"\">Devam\u0131n\u0131 oku<\/a>\t<span id=\"woocommerce_loop_add_to_cart_link_describedby_7776\" class=\"screen-reader-text\">\n\t\t\t<\/span>\n<\/li>\n<li class=\"product type-product post-7484 status-publish instock product_cat-vegetables product_cat-in-season has-post-thumbnail shipping-taxable product-type-simple\">\n\t<a href=\"https:\/\/peitrade.com\/tr\/product\/sogan\/\" class=\"woocommerce-LoopProduct-link woocommerce-loop-product__link\"><img decoding=\"async\" width=\"300\" height=\"300\" src=\"https:\/\/peitrade.com\/wp-content\/uploads\/2025\/11\/Egyption-Onion-300x300.webp\" class=\"attachment-woocommerce_thumbnail size-woocommerce_thumbnail\" alt=\"Egyption Onion - PEI Trade\" srcset=\"https:\/\/peitrade.com\/wp-content\/uploads\/2025\/11\/Egyption-Onion-300x300.webp 300w, https:\/\/peitrade.com\/wp-content\/uploads\/2025\/11\/Egyption-Onion-150x150.webp 150w, https:\/\/peitrade.com\/wp-content\/uploads\/2025\/11\/Egyption-Onion-768x768.webp 768w, https:\/\/peitrade.com\/wp-content\/uploads\/2025\/11\/Egyption-Onion-600x600.webp 600w, https:\/\/peitrade.com\/wp-content\/uploads\/2025\/11\/Egyption-Onion-100x100.webp 100w, https:\/\/peitrade.com\/wp-content\/uploads\/2025\/11\/Egyption-Onion.webp 1024w\" sizes=\"(max-width: 300px) 100vw, 300px\" title=\"\"><h2 class=\"woocommerce-loop-product__title\">So\u011fan<\/h2>\n<\/a><a href=\"https:\/\/peitrade.com\/tr\/product\/sogan\/\" aria-describedby=\"woocommerce_loop_add_to_cart_link_describedby_7484\" data-quantity=\"1\" class=\"button product_type_simple\" data-product_id=\"7484\" data-product_sku=\"70310\" aria-label=\"&ldquo;So\u011fan&rdquo; hakk\u0131nda daha fazla bilgi edinin\" rel=\"nofollow\" data-success_message=\"\">Devam\u0131n\u0131 oku<\/a>\t<span id=\"woocommerce_loop_add_to_cart_link_describedby_7484\" class=\"screen-reader-text\">\n\t\t\t<\/span>\n<\/li>\n<li class=\"product type-product post-7540 status-publish last instock product_cat-vegetables product_cat-in-season has-post-thumbnail shipping-taxable product-type-simple\">\n\t<a href=\"https:\/\/peitrade.com\/tr\/product\/taze-fasulye\/\" class=\"woocommerce-LoopProduct-link woocommerce-loop-product__link\"><img decoding=\"async\" width=\"300\" height=\"300\" src=\"https:\/\/peitrade.com\/wp-content\/uploads\/2025\/11\/Egyptian-Green-Beans-300x300.webp\" class=\"attachment-woocommerce_thumbnail size-woocommerce_thumbnail\" alt=\"Taze fasulye\" srcset=\"https:\/\/peitrade.com\/wp-content\/uploads\/2025\/11\/Egyptian-Green-Beans-300x300.webp 300w, https:\/\/peitrade.com\/wp-content\/uploads\/2025\/11\/Egyptian-Green-Beans-150x150.webp 150w, https:\/\/peitrade.com\/wp-content\/uploads\/2025\/11\/Egyptian-Green-Beans-768x768.webp 768w, https:\/\/peitrade.com\/wp-content\/uploads\/2025\/11\/Egyptian-Green-Beans-600x600.webp 600w, https:\/\/peitrade.com\/wp-content\/uploads\/2025\/11\/Egyptian-Green-Beans-100x100.webp 100w, https:\/\/peitrade.com\/wp-content\/uploads\/2025\/11\/Egyptian-Green-Beans.webp 1024w\" sizes=\"(max-width: 300px) 100vw, 300px\" title=\"\"><h2 class=\"woocommerce-loop-product__title\">Taze fasulye<\/h2>\n<\/a><a href=\"https:\/\/peitrade.com\/tr\/product\/taze-fasulye\/\" aria-describedby=\"woocommerce_loop_add_to_cart_link_describedby_7540\" data-quantity=\"1\" class=\"button product_type_simple\" data-product_id=\"7540\" data-product_sku=\"70821\" aria-label=\"&ldquo;Taze fasulye&rdquo; hakk\u0131nda daha fazla bilgi edinin\" rel=\"nofollow\" data-success_message=\"\">Devam\u0131n\u0131 oku<\/a>\t<span id=\"woocommerce_loop_add_to_cart_link_describedby_7540\" class=\"screen-reader-text\">\n\t\t\t<\/span>\n<\/li>\n<\/ul>\n<\/div><\/div>\n<\/div>\n<\/section>\n<section style=\"padding: 50px 20px; background-color: #f9f9f9;\">\n<div class=\"container\">\n<h2>S\u0131k\u00e7a Sorulan Sorular<\/h2>\n<h3>Hangi dondurulmu\u015f bamya \u00e7e\u015fitlerini sunuyorsunuz?<\/h3>\n<p>Ekstra k\u00fc\u00e7\u00fck, ince ve orta kesim olmak \u00fczere farkl\u0131 mutfak kullan\u0131mlar\u0131 ve m\u00fc\u015fteri tercihlerine uygun \u00e7e\u015fitler sunuyoruz.<\/p>\n<h3>Dondurulmu\u015f bamya nas\u0131l i\u015fleniyor?<\/h3>\n<p>Bamyalar\u0131m\u0131z, hasat sonras\u0131 an\u0131nda IQF teknolojisiyle dondurularak tazelik, lezzet ve renk korunur, katk\u0131 maddesi i\u00e7ermez.<\/p>\n<h3>\u00d6zelle\u015ftirilmi\u015f ambalaj ve \u00f6zel marka sunuyor musunuz?<\/h3>\n<p>Evet, hem perakende hem d\u00f6kme sat\u0131\u015f i\u00e7in haz\u0131r ambalajlar ve \u00f6zel marka \u00e7\u00f6z\u00fcmleri sunuyoruz.<\/p>\n<h3>Hangi sertifikalar\u0131 sa\u011fl\u0131yorsunuz?<\/h3>\n<p>PEI Trade, sa\u011fl\u0131k sertifikalar\u0131, kalite raporlar\u0131 ve bitki sa\u011fl\u0131\u011f\u0131 belgeleri dahil olmak \u00fczere t\u00fcm ihracat evraklar\u0131n\u0131 sa\u011flar.<\/p>\n<h3>Hangi pazarlara ihracat yap\u0131yorsunuz?<\/h3>\n<p>Avrupa, K\u00f6rfez B\u00f6lgesi, Kuzey Amerika, Afrika ve Asya gibi b\u00f6lgelere lojisti\u011fe \u00f6zel \u00e7\u00f6z\u00fcmlerle ihracat yapmaktay\u0131z.<\/p>\n<\/div>\n<\/section>\n","protected":false},"excerpt":{"rendered":"<p>Dondurulmu\u015f Bamya Toptan Sat\u0131\u015f \u2013 PEI Trade ile M\u0131s\u0131r&#8217;dan Y\u00fcksek Kalite PEI Trade, M\u0131s\u0131r&#8217;dan do\u011frudan toplanan ve i\u015flenen y\u00fcksek kaliteli dondurmu\u015f bamulya toptan sat\u0131\u015f \u00fcr\u00fcnlerinde g\u00fcvenilir orta\u011f\u0131n\u0131zd\u0131r. Canl\u0131 rengi, yumu\u015fak dokusu ve m\u00fckemmel lezzet korumas\u0131yla tan\u0131nan M\u0131s\u0131r dondurulmu\u015f bamyas\u0131, ithalat\u00e7\u0131lar, g\u0131da hizmeti firmalar\u0131 ve donmu\u015f g\u0131da da\u011f\u0131t\u0131c\u0131lar\u0131 taraf\u0131ndan d\u00fcnya genelinde tercih edilmektedir. Lider bir dondurulmu\u015f [&hellip;]<\/p>\n","protected":false},"author":1,"featured_media":0,"parent":0,"menu_order":0,"comment_status":"closed","ping_status":"closed","template":"","meta":{"footnotes":""},"class_list":["post-6371","page","type-page","status-publish","hentry"],"blocksy_meta":[],"mb":[],"featured_image_urls_v2":{"full":"","thumbnail":"","medium":"","medium_large":"","large":"","1536x1536":"","2048x2048":"","woocommerce_archive_thumbnail":"","woocommerce_thumbnail":"","woocommerce_single":"","woocommerce_gallery_thumbnail":""},"post_excerpt_stackable_v2":"<p>Dondurulmu\u015f Bamya Toptan Sat\u0131\u015f \u2013 PEI Trade ile M\u0131s\u0131r&#8217;dan Y\u00fcksek Kalite PEI Trade, M\u0131s\u0131r&#8217;dan do\u011frudan toplanan ve i\u015flenen y\u00fcksek kaliteli dondurmu\u015f bamulya toptan sat\u0131\u015f \u00fcr\u00fcnlerinde g\u00fcvenilir orta\u011f\u0131n\u0131zd\u0131r. Canl\u0131 rengi, yumu\u015fak dokusu ve m\u00fckemmel lezzet korumas\u0131yla tan\u0131nan M\u0131s\u0131r dondurulmu\u015f bamyas\u0131, ithalat\u00e7\u0131lar, g\u0131da hizmeti firmalar\u0131 ve donmu\u015f g\u0131da da\u011f\u0131t\u0131c\u0131lar\u0131 taraf\u0131ndan d\u00fcnya genelinde tercih edilmektedir. Lider bir dondurulmu\u015f bamya toptan sat\u0131\u015f tedarik\u00e7isi olarak PEI Trade, her partinin uluslararas\u0131 standartlara uygunlu\u011funu garanti eder. \u00dcr\u00fcnlerimiz, hasattan ihracata kadar tazeli\u011fi, besin de\u011ferlerini ve kaliteyi korumak i\u00e7in bireysel h\u0131zl\u0131 dondurma (IQF) teknolojisiyle i\u015flenmektedir. Kuru beyaz fasulye Devam\u0131n\u0131 oku Patates Devam\u0131n\u0131 oku So\u011fan Devam\u0131n\u0131 oku Taze fasulye Devam\u0131n\u0131&hellip;<\/p>\n","category_list_v2":"","author_info_v2":{"name":"Mostafa Sabry","url":"https:\/\/peitrade.com\/tr\/author\/emostafaadel_jn8gcqbo\/"},"comments_num_v2":"0 comments","mfb_rest_fields":["title","blocksy_meta","featured_image_urls_v2","post_excerpt_stackable_v2","category_list_v2","author_info_v2","comments_num_v2"],"_links":{"self":[{"href":"https:\/\/peitrade.com\/tr\/wp-json\/wp\/v2\/pages\/6371","targetHints":{"allow":["GET"]}}],"collection":[{"href":"https:\/\/peitrade.com\/tr\/wp-json\/wp\/v2\/pages"}],"about":[{"href":"https:\/\/peitrade.com\/tr\/wp-json\/wp\/v2\/types\/page"}],"author":[{"embeddable":true,"href":"https:\/\/peitrade.com\/tr\/wp-json\/wp\/v2\/users\/1"}],"replies":[{"embeddable":true,"href":"https:\/\/peitrade.com\/tr\/wp-json\/wp\/v2\/comments?post=6371"}],"version-history":[{"count":1,"href":"https:\/\/peitrade.com\/tr\/wp-json\/wp\/v2\/pages\/6371\/revisions"}],"predecessor-version":[{"id":6372,"href":"https:\/\/peitrade.com\/tr\/wp-json\/wp\/v2\/pages\/6371\/revisions\/6372"}],"wp:attachment":[{"href":"https:\/\/peitrade.com\/tr\/wp-json\/wp\/v2\/media?parent=6371"}],"curies":[{"name":"wp","href":"https:\/\/api.w.org\/{rel}","templated":true}]}}