{"id":6384,"date":"2025-06-16T13:47:00","date_gmt":"2025-06-16T13:47:00","guid":{"rendered":"http:\/\/46.224.74.15\/toplu-kavun-satilik\/"},"modified":"2025-11-19T16:58:13","modified_gmt":"2025-11-19T16:58:13","slug":"toplu-kavun-satilik","status":"publish","type":"page","link":"https:\/\/peitrade.com\/tr\/toplu-kavun-satilik\/","title":{"rendered":"Toplu Kavun Sat\u0131\u015f\u0131 \u2013 G\u00fcvenilir M\u0131s\u0131r \u0130hracat\u00e7\u0131s\u0131"},"content":{"rendered":"<section style=\"padding: 60px 20px; background-color: #f9f9f9;\">\n<div class=\"container\">\n<p>Kaliteli <strong>Toplu Kavun Sat\u0131l\u0131k<\/strong>\u00a0m\u0131 ar\u0131yorsunuz? PEI Trade, M\u0131s\u0131r g\u00fcne\u015fi alt\u0131nda yeti\u015ftirilen tatl\u0131, sulu ve ihracata haz\u0131r kavunlar i\u00e7in g\u00fcvenilir tedarik\u00e7inizdir. M\u0131s\u0131r\u2019daki \u00f6nde gelen <b>kavun tedarik\u00e7ileri<\/b>nden biri olarak, toplanm\u0131\u015f meyveleri \u00fcst\u00fcn lezzet, g\u00f6r\u00fcn\u00fcm ve raf \u00f6mr\u00fc ile sunuyoruz \u2013 toptanc\u0131lar, ithalat\u00e7\u0131lar ve taze \u00fcr\u00fcn markalar\u0131 i\u00e7in m\u00fckemmeldir.<\/p>\n<p>Rekabet\u00e7i <b>kavun toptan fiyatlar\u0131m\u0131z<\/b>, ihracat kalitesinde ambalajlar\u0131m\u0131z ve tazelik konusundaki kararl\u0131l\u0131\u011f\u0131m\u0131z, bizi mevsimlik veya y\u0131l boyu tedarik ihtiya\u00e7lar\u0131n\u0131zda g\u00fcvenilir bir ortak haline getiriyor.<\/p>\n<\/div>\n<\/section>\n<div class=\"wp-block-woocommerce-product-collection\"><div class=\"woocommerce columns-4 \"><ul class=\"products columns-4\" data-products=\"type-2\">\n<li class=\"product type-product post-7671 status-publish first instock product_cat-fruits has-post-thumbnail shipping-taxable product-type-simple\">\n\t<a href=\"https:\/\/peitrade.com\/tr\/product\/cilek\/\" class=\"woocommerce-LoopProduct-link woocommerce-loop-product__link\"><img decoding=\"async\" width=\"300\" height=\"300\" src=\"https:\/\/peitrade.com\/wp-content\/uploads\/2025\/11\/Egyptian-Strawberries-300x300.webp\" class=\"attachment-woocommerce_thumbnail size-woocommerce_thumbnail\" alt=\"\u00c7ilek\" srcset=\"https:\/\/peitrade.com\/wp-content\/uploads\/2025\/11\/Egyptian-Strawberries-300x300.webp 300w, https:\/\/peitrade.com\/wp-content\/uploads\/2025\/11\/Egyptian-Strawberries-150x150.webp 150w, https:\/\/peitrade.com\/wp-content\/uploads\/2025\/11\/Egyptian-Strawberries-768x768.webp 768w, https:\/\/peitrade.com\/wp-content\/uploads\/2025\/11\/Egyptian-Strawberries-600x600.webp 600w, https:\/\/peitrade.com\/wp-content\/uploads\/2025\/11\/Egyptian-Strawberries-100x100.webp 100w, https:\/\/peitrade.com\/wp-content\/uploads\/2025\/11\/Egyptian-Strawberries.webp 1024w\" sizes=\"(max-width: 300px) 100vw, 300px\" title=\"\"><h2 class=\"woocommerce-loop-product__title\">\u00c7ilek<\/h2>\n<\/a><a href=\"https:\/\/peitrade.com\/tr\/product\/cilek\/\" aria-describedby=\"woocommerce_loop_add_to_cart_link_describedby_7671\" data-quantity=\"1\" class=\"button product_type_simple\" data-product_id=\"7671\" data-product_sku=\"81010\" aria-label=\"&ldquo;\u00c7ilek&rdquo; hakk\u0131nda daha fazla bilgi edinin\" rel=\"nofollow\" data-success_message=\"\">Devam\u0131n\u0131 oku<\/a>\t<span id=\"woocommerce_loop_add_to_cart_link_describedby_7671\" class=\"screen-reader-text\">\n\t\t\t<\/span>\n<\/li>\n<li class=\"product type-product post-7542 status-publish instock product_cat-fruits product_cat-in-season has-post-thumbnail shipping-taxable product-type-simple\">\n\t<a href=\"https:\/\/peitrade.com\/tr\/product\/limon\/\" class=\"woocommerce-LoopProduct-link woocommerce-loop-product__link\"><img decoding=\"async\" width=\"300\" height=\"300\" src=\"https:\/\/peitrade.com\/wp-content\/uploads\/2025\/11\/Egyptian-Lemons-300x300.webp\" class=\"attachment-woocommerce_thumbnail size-woocommerce_thumbnail\" alt=\"Limon\" srcset=\"https:\/\/peitrade.com\/wp-content\/uploads\/2025\/11\/Egyptian-Lemons-300x300.webp 300w, https:\/\/peitrade.com\/wp-content\/uploads\/2025\/11\/Egyptian-Lemons-150x150.webp 150w, https:\/\/peitrade.com\/wp-content\/uploads\/2025\/11\/Egyptian-Lemons-768x768.webp 768w, https:\/\/peitrade.com\/wp-content\/uploads\/2025\/11\/Egyptian-Lemons-600x600.webp 600w, https:\/\/peitrade.com\/wp-content\/uploads\/2025\/11\/Egyptian-Lemons-100x100.webp 100w, https:\/\/peitrade.com\/wp-content\/uploads\/2025\/11\/Egyptian-Lemons.webp 1024w\" sizes=\"(max-width: 300px) 100vw, 300px\" title=\"\"><h2 class=\"woocommerce-loop-product__title\">Limon<\/h2>\n<\/a><a href=\"https:\/\/peitrade.com\/tr\/product\/limon\/\" aria-describedby=\"woocommerce_loop_add_to_cart_link_describedby_7542\" data-quantity=\"1\" class=\"button product_type_simple\" data-product_id=\"7542\" data-product_sku=\"80550\" aria-label=\"&ldquo;Limon&rdquo; hakk\u0131nda daha fazla bilgi edinin\" rel=\"nofollow\" data-success_message=\"\">Devam\u0131n\u0131 oku<\/a>\t<span id=\"woocommerce_loop_add_to_cart_link_describedby_7542\" class=\"screen-reader-text\">\n\t\t\t<\/span>\n<\/li>\n<li class=\"product type-product post-7648 status-publish instock product_cat-fruits has-post-thumbnail shipping-taxable product-type-simple\">\n\t<a href=\"https:\/\/peitrade.com\/tr\/product\/mango\/\" class=\"woocommerce-LoopProduct-link woocommerce-loop-product__link\"><img decoding=\"async\" width=\"300\" height=\"300\" src=\"https:\/\/peitrade.com\/wp-content\/uploads\/2025\/11\/Egyption-Mango-300x300.webp\" class=\"attachment-woocommerce_thumbnail size-woocommerce_thumbnail\" alt=\"Mangoes: Egypt\u2019s Tropical Treasure\" srcset=\"https:\/\/peitrade.com\/wp-content\/uploads\/2025\/11\/Egyption-Mango-300x300.webp 300w, https:\/\/peitrade.com\/wp-content\/uploads\/2025\/11\/Egyption-Mango-150x150.webp 150w, https:\/\/peitrade.com\/wp-content\/uploads\/2025\/11\/Egyption-Mango-768x768.webp 768w, https:\/\/peitrade.com\/wp-content\/uploads\/2025\/11\/Egyption-Mango-600x600.webp 600w, https:\/\/peitrade.com\/wp-content\/uploads\/2025\/11\/Egyption-Mango-100x100.webp 100w, https:\/\/peitrade.com\/wp-content\/uploads\/2025\/11\/Egyption-Mango.webp 1024w\" sizes=\"(max-width: 300px) 100vw, 300px\" title=\"\"><h2 class=\"woocommerce-loop-product__title\">Mango<\/h2>\n<\/a><a href=\"https:\/\/peitrade.com\/tr\/product\/mango\/\" aria-describedby=\"woocommerce_loop_add_to_cart_link_describedby_7648\" data-quantity=\"1\" class=\"button product_type_simple\" data-product_id=\"7648\" data-product_sku=\"80450\" aria-label=\"&ldquo;Mango&rdquo; hakk\u0131nda daha fazla bilgi edinin\" rel=\"nofollow\" data-success_message=\"\">Devam\u0131n\u0131 oku<\/a>\t<span id=\"woocommerce_loop_add_to_cart_link_describedby_7648\" class=\"screen-reader-text\">\n\t\t\t<\/span>\n<\/li>\n<li class=\"product type-product post-7444 status-publish last instock product_cat-fruits product_cat-in-season has-post-thumbnail shipping-taxable product-type-simple\">\n\t<a href=\"https:\/\/peitrade.com\/tr\/product\/portakallar\/\" class=\"woocommerce-LoopProduct-link woocommerce-loop-product__link\"><img decoding=\"async\" width=\"300\" height=\"300\" src=\"https:\/\/peitrade.com\/wp-content\/uploads\/2025\/11\/Egyptian-Oranges-300x300.webp\" class=\"attachment-woocommerce_thumbnail size-woocommerce_thumbnail\" alt=\"M\u0131s\u0131r\u2019\u0131n Kanada\u2019ya portakal ihracat\u0131\" srcset=\"https:\/\/peitrade.com\/wp-content\/uploads\/2025\/11\/Egyptian-Oranges-300x300.webp 300w, https:\/\/peitrade.com\/wp-content\/uploads\/2025\/11\/Egyptian-Oranges-150x150.webp 150w, https:\/\/peitrade.com\/wp-content\/uploads\/2025\/11\/Egyptian-Oranges-768x768.webp 768w, https:\/\/peitrade.com\/wp-content\/uploads\/2025\/11\/Egyptian-Oranges-600x600.webp 600w, https:\/\/peitrade.com\/wp-content\/uploads\/2025\/11\/Egyptian-Oranges-100x100.webp 100w, https:\/\/peitrade.com\/wp-content\/uploads\/2025\/11\/Egyptian-Oranges.webp 1024w\" sizes=\"(max-width: 300px) 100vw, 300px\" title=\"\"><h2 class=\"woocommerce-loop-product__title\">Portakallar<\/h2>\n<\/a><a href=\"https:\/\/peitrade.com\/tr\/product\/portakallar\/\" aria-describedby=\"woocommerce_loop_add_to_cart_link_describedby_7444\" data-quantity=\"1\" class=\"button product_type_simple\" data-product_id=\"7444\" data-product_sku=\"80510\" aria-label=\"&ldquo;Portakallar&rdquo; hakk\u0131nda daha fazla bilgi edinin\" rel=\"nofollow\" data-success_message=\"\">Devam\u0131n\u0131 oku<\/a>\t<span id=\"woocommerce_loop_add_to_cart_link_describedby_7444\" class=\"screen-reader-text\">\n\t\t\t<\/span>\n<\/li>\n<\/ul>\n<\/div><\/div>\n<section style=\"padding: 50px 20px;\">\n<div class=\"container\">\n<h2>Neden Toplu Kavun \u0130\u00e7in PEI Trade\u2019i Tercih Etmelisiniz?<\/h2>\n<p><span style=\"font-weight: 400;\"><b>Toplu kavun<\/b> temin ederken m\u00fc\u015fterilerimizin neden PEI Trade\u2019e g\u00fcvendi\u011fini i\u015fte bu nedenlerle a\u00e7\u0131kl\u0131yoruz:<\/span><\/p>\n<ul>\n<li>Y\u00fcksek Brix seviyelerine sahip tatl\u0131 tat ve canl\u0131 renk<\/li>\n<li>\u0130hracat ve perakende te\u015fhiri i\u00e7in ideal, d\u00fczg\u00fcn \u015fekil ve boyut<\/li>\n<li>Uzun mesafeli ta\u015f\u0131maya uygun g\u00fc\u00e7l\u00fc do\u011fal dayan\u0131kl\u0131l\u0131k<\/li>\n<li>Sertifikal\u0131 M\u0131s\u0131r \u00e7iftliklerinden tam izlenebilirlik<\/li>\n<li>Toptan veya perakendeye uygun esnek ambalaj se\u00e7enekleri<\/li>\n<\/ul>\n<p><span style=\"font-weight: 400;\">GAP sertifikal\u0131 \u00e7iftliklerle gururla \u00e7al\u0131\u015f\u0131yor ve tutarl\u0131l\u0131k, g\u00fcvenlik ve g\u00f6rsel \u00e7ekicilik sa\u011flamak i\u00e7in t\u00fcm a\u015famalar\u0131 denetliyoruz.<\/span><\/p>\n<h2>M\u0131s\u0131r\u2019\u0131n \u00d6nde Gelen Kavun \u0130hracat\u00e7\u0131lar\u0131<\/h2>\n<p><span style=\"font-weight: 400;\">Deneyimli <b>kavun ihracat\u00e7\u0131lar\u0131<\/b> olarak ithalat s\u00fcrecinizi \u015fu \u015fekilde kolayla\u015ft\u0131r\u0131yoruz:<\/span><\/p>\n<ul>\n<li>En uygun olgunlukta hasat<\/li>\n<li>Hasat sonras\u0131 so\u011futma ve kalite kontrol<\/li>\n<li>Tatl\u0131l\u0131k, boyut ve kabuk rengine g\u00f6re s\u0131n\u0131fland\u0131rma<\/li>\n<li>\u00d6zel karton boyutlar\u0131 ve toplu kasalar<\/li>\n<li>Tam ihracat belgeleri ve yasal uygunluk<\/li>\n<\/ul>\n<p><span style=\"font-weight: 400;\">Tedarik zinciri uzmanl\u0131\u011f\u0131m\u0131z ve k\u00fcresel lojistik deste\u011fimiz, \u00e7iftlikten var\u0131\u015f liman\u0131na kadar sorunsuz bir s\u00fcre\u00e7 sa\u011flar.<\/span><\/p>\n<h2>Hasat Takvimi &amp; Uygunluk<\/h2>\n<p style=\"font-weight: 400;\">M\u0131s\u0131r\u2019\u0131n elveri\u015fli iklimi sayesinde <b>M\u0131s\u0131r kavun tedarik\u00e7isi<\/b> program\u0131m\u0131z mart\u2013may\u0131s ve haziran\u2013temmuz olmak \u00fczere iki ana yeti\u015ftirme d\u00f6nemi sunar. Bu sayede uluslararas\u0131 m\u00fc\u015fterilerimize taze ve zaman\u0131nda teslimatla kesintisiz tedarik sa\u011flayabiliyoruz.<\/p>\n<h3>Kavunlar\u0131m\u0131z\u0131 Kimler Sat\u0131n Al\u0131yor?<\/h3>\n<ul>\n<li><b>\u0130thalat\u00e7\u0131lar:<\/b> En iyi <b>kavun toptan fiyatlar\u0131yla<\/b> g\u00fcvenilir hacim<\/li>\n<li><b>Perakendeciler:<\/b> G\u00f6rsel olarak \u00e7ekici, tatl\u0131 kavunlar \u2013 raflara haz\u0131r<\/li>\n<li><b>Distrib\u00fct\u00f6rler:<\/b> Otelcilik ve i\u015fleme sekt\u00f6rleri i\u00e7in toplu hacimler<\/li>\n<li><b>Markalar:<\/b> \u00d6zel ambalajlarla \u00f6zel marka sat\u0131\u015f\u0131na haz\u0131r<\/li>\n<\/ul>\n<h3>Uluslararas\u0131 \u0130hracat Pazarlar\u0131<\/h3>\n<p><span style=\"font-weight: 400;\">G\u00fcvenilir <b>M\u0131s\u0131r kavun tedarik\u00e7ileri<\/b> olarak PEI Trade \u015fu \u00fclkelere ihracat yapmaktad\u0131r:<\/span><\/p>\n<ul>\n<li>Avrupa (Fransa, Birle\u015fik Krall\u0131k, Hollanda, \u0130spanya)<\/li>\n<li>Orta Do\u011fu (BAE, Kuveyt, Katar, Suudi Arabistan)<\/li>\n<li>Asya (Malezya, Hindistan, Vietnam)<\/li>\n<li>Afrika (Kenya, Nijerya, G\u00fcney Afrika)<\/li>\n<\/ul>\n<p><span style=\"font-weight: 400;\">Pazar\u0131n\u0131z nerede olursa olsun, taze kavunlar\u0131 titiz i\u015fleme ve zaman\u0131nda koordinasyonla teslim ediyoruz.<\/span><\/p>\n<h2>Kavunlar \u0130\u00e7in \u0130hracat Ambalaj\u0131<\/h2>\n<ul>\n<li>Tazelik ve hava sirk\u00fclasyonu i\u00e7in 5\u201310 kg havaland\u0131rmal\u0131 kutular<\/li>\n<li>B\u00fcy\u00fck hacimli ta\u015f\u0131ma i\u00e7in toplu kasalar<\/li>\n<li>Perakende sunumu i\u00e7in \u00f6zel bask\u0131l\u0131 kutular<\/li>\n<li>Sevkiyat i\u00e7in optimize edilmi\u015f paletli birimler<\/li>\n<\/ul>\n<p style=\"font-weight: 400;\">T\u00fcm ambalaj se\u00e7enekleri ihracata haz\u0131rd\u0131r ve uluslararas\u0131 hijyen ve lojistik standartlar\u0131na uygundur.<\/p>\n<\/div>\n<\/section>\n<section style=\"padding: 50px 20px; background-color: #f0f0f0;\">\n<div class=\"container\">\n<h2>PEI Trade ile \u0130\u015f Ortakl\u0131\u011f\u0131 \u2013 G\u00fcvenilir M\u0131s\u0131r Kavun Tedarik\u00e7isi<\/h2>\n<p>Tutarl\u0131 kalite, adil fiyatland\u0131rma ve \u015feffaf hizmet mi ar\u0131yorsunuz? <b>Toplu kavun sat\u0131\u015f\u0131<\/b> s\u00f6z konusu oldu\u011funda PEI Trade g\u00fcvenilir orta\u011f\u0131n\u0131zd\u0131r.<\/p>\n<p>Sadece tedarik sa\u011flamakla kalm\u0131yor, ayn\u0131 zamanda sorgudan teslimata kadar tam destek sunarak her m\u00fc\u015fteriyle g\u00fc\u00e7l\u00fc ortakl\u0131klar kuruyoruz.<\/p>\n<h2>Teklif Al\u0131n veya Numune Talep Edin<\/h2>\n<p>M\u0131s\u0131r men\u015feli y\u00fcksek kaliteli kavunlar\u0131m\u0131z\u0131n fiyatlar\u0131n\u0131 \u00f6\u011frenmek, uygunlu\u011fu kontrol etmek ya da numune talep etmek i\u00e7in ekibimizle ileti\u015fime ge\u00e7in.<\/p>\n<p style=\"text-align: center; margin-top: 40px;\"><a class=\"button primary large\" href=\"\/contact\">\u015eimdi Sipari\u015f Verin<\/a><\/p>\n<\/div>\n<\/section>\n<section style=\"padding: 50px 20px;\">\n<div class=\"container\">\n<h2>PEI Trade\u2019den Di\u011fer Tar\u0131msal \u0130hracatlar\u0131 Ke\u015ffedin<\/h2>\n<p>&nbsp;<\/p>\n<p>Kavunlar\u0131n yan\u0131 s\u0131ra PEI Trade, \u00fcz\u00fcm, portakal, patates ve kuru fasulye gibi \u00e7e\u015fitli M\u0131s\u0131r\u2019\u0131n kaliteli tar\u0131m \u00fcr\u00fcnlerini de sunmaktad\u0131r. Tedarik stratejinizi, kapsaml\u0131 ihracat portf\u00f6y\u00fcm\u00fczle g\u00fc\u00e7lendirin. <a href=\"\/about\">\u0130hracatlar\u0131m\u0131z hakk\u0131nda daha fazla bilgi edinin<\/a>.<\/p>\n<div class=\"wp-block-woocommerce-product-collection\"><div class=\"woocommerce columns-4 \"><ul class=\"products columns-4\" data-products=\"type-2\">\n<li class=\"product type-product post-7583 status-publish first instock product_cat-fruits product_cat-in-season has-post-thumbnail shipping-taxable product-type-simple\">\n\t<a href=\"https:\/\/peitrade.com\/tr\/product\/guava\/\" class=\"woocommerce-LoopProduct-link woocommerce-loop-product__link\"><img decoding=\"async\" width=\"300\" height=\"300\" src=\"https:\/\/peitrade.com\/wp-content\/uploads\/2025\/11\/Egyptian-Guava-300x300.webp\" class=\"attachment-woocommerce_thumbnail size-woocommerce_thumbnail\" alt=\"Egyptian Guava\" srcset=\"https:\/\/peitrade.com\/wp-content\/uploads\/2025\/11\/Egyptian-Guava-300x300.webp 300w, https:\/\/peitrade.com\/wp-content\/uploads\/2025\/11\/Egyptian-Guava-150x150.webp 150w, https:\/\/peitrade.com\/wp-content\/uploads\/2025\/11\/Egyptian-Guava-768x768.webp 768w, https:\/\/peitrade.com\/wp-content\/uploads\/2025\/11\/Egyptian-Guava-600x600.webp 600w, https:\/\/peitrade.com\/wp-content\/uploads\/2025\/11\/Egyptian-Guava-100x100.webp 100w, https:\/\/peitrade.com\/wp-content\/uploads\/2025\/11\/Egyptian-Guava.webp 1024w\" sizes=\"(max-width: 300px) 100vw, 300px\" title=\"\"><h2 class=\"woocommerce-loop-product__title\">Guava<\/h2>\n<\/a><a href=\"https:\/\/peitrade.com\/tr\/product\/guava\/\" aria-describedby=\"woocommerce_loop_add_to_cart_link_describedby_7583\" data-quantity=\"1\" class=\"button product_type_simple\" data-product_id=\"7583\" data-product_sku=\"80451\" aria-label=\"&ldquo;Guava&rdquo; hakk\u0131nda daha fazla bilgi edinin\" rel=\"nofollow\" data-success_message=\"\">Devam\u0131n\u0131 oku<\/a>\t<span id=\"woocommerce_loop_add_to_cart_link_describedby_7583\" class=\"screen-reader-text\">\n\t\t\t<\/span>\n<\/li>\n<li class=\"product type-product post-7745 status-publish instock product_cat-fruits has-post-thumbnail shipping-taxable product-type-simple\">\n\t<a href=\"https:\/\/peitrade.com\/tr\/product\/nar\/\" class=\"woocommerce-LoopProduct-link woocommerce-loop-product__link\"><img decoding=\"async\" width=\"300\" height=\"300\" src=\"https:\/\/peitrade.com\/wp-content\/uploads\/2025\/11\/Egyptian-Pomegranate-300x300.webp\" class=\"attachment-woocommerce_thumbnail size-woocommerce_thumbnail\" alt=\"Pomegranates: The Superfruit Appeal\" srcset=\"https:\/\/peitrade.com\/wp-content\/uploads\/2025\/11\/Egyptian-Pomegranate-300x300.webp 300w, https:\/\/peitrade.com\/wp-content\/uploads\/2025\/11\/Egyptian-Pomegranate-150x150.webp 150w, https:\/\/peitrade.com\/wp-content\/uploads\/2025\/11\/Egyptian-Pomegranate-768x768.webp 768w, https:\/\/peitrade.com\/wp-content\/uploads\/2025\/11\/Egyptian-Pomegranate-600x600.webp 600w, https:\/\/peitrade.com\/wp-content\/uploads\/2025\/11\/Egyptian-Pomegranate-100x100.webp 100w, https:\/\/peitrade.com\/wp-content\/uploads\/2025\/11\/Egyptian-Pomegranate.webp 1024w\" sizes=\"(max-width: 300px) 100vw, 300px\" title=\"\"><h2 class=\"woocommerce-loop-product__title\">Nar<\/h2>\n<\/a><a href=\"https:\/\/peitrade.com\/tr\/product\/nar\/\" aria-describedby=\"woocommerce_loop_add_to_cart_link_describedby_7745\" data-quantity=\"1\" class=\"button product_type_simple\" data-product_id=\"7745\" data-product_sku=\"81090\" aria-label=\"&ldquo;Nar&rdquo; hakk\u0131nda daha fazla bilgi edinin\" rel=\"nofollow\" data-success_message=\"\">Devam\u0131n\u0131 oku<\/a>\t<span id=\"woocommerce_loop_add_to_cart_link_describedby_7745\" class=\"screen-reader-text\">\n\t\t\t<\/span>\n<\/li>\n<li class=\"product type-product post-7444 status-publish instock product_cat-fruits product_cat-in-season has-post-thumbnail shipping-taxable product-type-simple\">\n\t<a href=\"https:\/\/peitrade.com\/tr\/product\/portakallar\/\" class=\"woocommerce-LoopProduct-link woocommerce-loop-product__link\"><img decoding=\"async\" width=\"300\" height=\"300\" src=\"https:\/\/peitrade.com\/wp-content\/uploads\/2025\/11\/Egyptian-Oranges-300x300.webp\" class=\"attachment-woocommerce_thumbnail size-woocommerce_thumbnail\" alt=\"M\u0131s\u0131r\u2019\u0131n Kanada\u2019ya portakal ihracat\u0131\" srcset=\"https:\/\/peitrade.com\/wp-content\/uploads\/2025\/11\/Egyptian-Oranges-300x300.webp 300w, https:\/\/peitrade.com\/wp-content\/uploads\/2025\/11\/Egyptian-Oranges-150x150.webp 150w, https:\/\/peitrade.com\/wp-content\/uploads\/2025\/11\/Egyptian-Oranges-768x768.webp 768w, https:\/\/peitrade.com\/wp-content\/uploads\/2025\/11\/Egyptian-Oranges-600x600.webp 600w, https:\/\/peitrade.com\/wp-content\/uploads\/2025\/11\/Egyptian-Oranges-100x100.webp 100w, https:\/\/peitrade.com\/wp-content\/uploads\/2025\/11\/Egyptian-Oranges.webp 1024w\" sizes=\"(max-width: 300px) 100vw, 300px\" title=\"\"><h2 class=\"woocommerce-loop-product__title\">Portakallar<\/h2>\n<\/a><a href=\"https:\/\/peitrade.com\/tr\/product\/portakallar\/\" aria-describedby=\"woocommerce_loop_add_to_cart_link_describedby_7444\" data-quantity=\"1\" class=\"button product_type_simple\" data-product_id=\"7444\" data-product_sku=\"80510\" aria-label=\"&ldquo;Portakallar&rdquo; hakk\u0131nda daha fazla bilgi edinin\" rel=\"nofollow\" data-success_message=\"\">Devam\u0131n\u0131 oku<\/a>\t<span id=\"woocommerce_loop_add_to_cart_link_describedby_7444\" class=\"screen-reader-text\">\n\t\t\t<\/span>\n<\/li>\n<li class=\"product type-product post-7589 status-publish last instock product_cat-fruits has-post-thumbnail shipping-taxable product-type-simple\">\n\t<a href=\"https:\/\/peitrade.com\/tr\/product\/uzum\/\" class=\"woocommerce-LoopProduct-link woocommerce-loop-product__link\"><img decoding=\"async\" width=\"300\" height=\"300\" src=\"https:\/\/peitrade.com\/wp-content\/uploads\/2025\/11\/Egyptian-Grapes-300x300.webp\" class=\"attachment-woocommerce_thumbnail size-woocommerce_thumbnail\" alt=\"Grapes: A Rising Star\" srcset=\"https:\/\/peitrade.com\/wp-content\/uploads\/2025\/11\/Egyptian-Grapes-300x300.webp 300w, https:\/\/peitrade.com\/wp-content\/uploads\/2025\/11\/Egyptian-Grapes-150x150.webp 150w, https:\/\/peitrade.com\/wp-content\/uploads\/2025\/11\/Egyptian-Grapes-768x768.webp 768w, https:\/\/peitrade.com\/wp-content\/uploads\/2025\/11\/Egyptian-Grapes-600x600.webp 600w, https:\/\/peitrade.com\/wp-content\/uploads\/2025\/11\/Egyptian-Grapes-100x100.webp 100w, https:\/\/peitrade.com\/wp-content\/uploads\/2025\/11\/Egyptian-Grapes.webp 1024w\" sizes=\"(max-width: 300px) 100vw, 300px\" title=\"\"><h2 class=\"woocommerce-loop-product__title\">\u00dcz\u00fcm<\/h2>\n<\/a><a href=\"https:\/\/peitrade.com\/tr\/product\/uzum\/\" aria-describedby=\"woocommerce_loop_add_to_cart_link_describedby_7589\" data-quantity=\"1\" class=\"button product_type_simple\" data-product_id=\"7589\" data-product_sku=\"80610\" aria-label=\"&ldquo;\u00dcz\u00fcm&rdquo; hakk\u0131nda daha fazla bilgi edinin\" rel=\"nofollow\" data-success_message=\"\">Devam\u0131n\u0131 oku<\/a>\t<span id=\"woocommerce_loop_add_to_cart_link_describedby_7589\" class=\"screen-reader-text\">\n\t\t\t<\/span>\n<\/li>\n<\/ul>\n<\/div><\/div>\n<\/div>\n<\/section>\n<section style=\"padding: 50px 20px; background-color: #f9f9f9;\">\n<div class=\"container\">\n<h2>S\u0131k\u00e7a Sorulan Sorular<\/h2>\n<h3>M\u0131s\u0131r\u2019da kavun hasat sezonu ne zamand\u0131r?<\/h3>\n<p>M\u0131s\u0131r\u2019da kavunlar ilkbahar (Mart\u2013May\u0131s) ve yaz ba\u015f\u0131nda (Haziran\u2013Temmuz) hasat edilir.<\/p>\n<h3>Hangi ambalaj se\u00e7eneklerini sunuyorsunuz?<\/h3>\n<p>Hedef pazar\u0131n\u0131za g\u00f6re havaland\u0131rmal\u0131 kutular, toplu kasalar ve \u00f6zel bask\u0131l\u0131 ambalajlar sunuyoruz.<\/p>\n<h3>\u00d6zel marka (private label) se\u00e7ene\u011finiz var m\u0131?<\/h3>\n<p>Evet, markalama ve barkod sistemleri dahil olmak \u00fczere tam kapsaml\u0131 \u00f6zel marka \u00e7\u00f6z\u00fcmleri sunuyoruz.<\/p>\n<h3>Toplu sipari\u015f veya uzun vadeli s\u00f6zle\u015fme yap\u0131labilir mi?<\/h3>\n<p>Elbette \u2013 toplu kavun ithalat\u00e7\u0131lar\u0131 ve distrib\u00fct\u00f6rleri i\u00e7in d\u00fczenli tedarik programlar\u0131n\u0131 destekliyoruz.<\/p>\n<h3>Kavunlar\u0131n\u0131z\u0131 nereye ihra\u00e7 ediyorsunuz?<\/h3>\n<p>Avrupa, Orta Do\u011fu, Afrika ve Asya\u2019ya tam lojistik koordinasyonla sevkiyat yap\u0131yoruz.<\/p>\n<\/div>\n<\/section>\n","protected":false},"excerpt":{"rendered":"<p>Kaliteli Toplu Kavun Sat\u0131l\u0131k\u00a0m\u0131 ar\u0131yorsunuz? PEI Trade, M\u0131s\u0131r g\u00fcne\u015fi alt\u0131nda yeti\u015ftirilen tatl\u0131, sulu ve ihracata haz\u0131r kavunlar i\u00e7in g\u00fcvenilir tedarik\u00e7inizdir. M\u0131s\u0131r\u2019daki \u00f6nde gelen kavun tedarik\u00e7ilerinden biri olarak, toplanm\u0131\u015f meyveleri \u00fcst\u00fcn lezzet, g\u00f6r\u00fcn\u00fcm ve raf \u00f6mr\u00fc ile sunuyoruz \u2013 toptanc\u0131lar, ithalat\u00e7\u0131lar ve taze \u00fcr\u00fcn markalar\u0131 i\u00e7in m\u00fckemmeldir. Rekabet\u00e7i kavun toptan fiyatlar\u0131m\u0131z, ihracat kalitesinde ambalajlar\u0131m\u0131z ve tazelik [&hellip;]<\/p>\n","protected":false},"author":1,"featured_media":0,"parent":0,"menu_order":0,"comment_status":"closed","ping_status":"closed","template":"","meta":{"footnotes":""},"class_list":["post-6384","page","type-page","status-publish","hentry"],"blocksy_meta":[],"mb":[],"featured_image_urls_v2":{"full":"","thumbnail":"","medium":"","medium_large":"","large":"","1536x1536":"","2048x2048":"","woocommerce_archive_thumbnail":"","woocommerce_thumbnail":"","woocommerce_single":"","woocommerce_gallery_thumbnail":""},"post_excerpt_stackable_v2":"<p>Kaliteli Toplu Kavun Sat\u0131l\u0131k\u00a0m\u0131 ar\u0131yorsunuz? PEI Trade, M\u0131s\u0131r g\u00fcne\u015fi alt\u0131nda yeti\u015ftirilen tatl\u0131, sulu ve ihracata haz\u0131r kavunlar i\u00e7in g\u00fcvenilir tedarik\u00e7inizdir. M\u0131s\u0131r\u2019daki \u00f6nde gelen kavun tedarik\u00e7ilerinden biri olarak, toplanm\u0131\u015f meyveleri \u00fcst\u00fcn lezzet, g\u00f6r\u00fcn\u00fcm ve raf \u00f6mr\u00fc ile sunuyoruz \u2013 toptanc\u0131lar, ithalat\u00e7\u0131lar ve taze \u00fcr\u00fcn markalar\u0131 i\u00e7in m\u00fckemmeldir. Rekabet\u00e7i kavun toptan fiyatlar\u0131m\u0131z, ihracat kalitesinde ambalajlar\u0131m\u0131z ve tazelik konusundaki kararl\u0131l\u0131\u011f\u0131m\u0131z, bizi mevsimlik veya y\u0131l boyu tedarik ihtiya\u00e7lar\u0131n\u0131zda g\u00fcvenilir bir ortak haline getiriyor. \u00c7ilek Devam\u0131n\u0131 oku Limon Devam\u0131n\u0131 oku Mango Devam\u0131n\u0131 oku Portakallar Devam\u0131n\u0131 oku Neden Toplu Kavun \u0130\u00e7in PEI Trade\u2019i Tercih Etmelisiniz? Toplu kavun temin ederken m\u00fc\u015fterilerimizin neden PEI Trade\u2019e g\u00fcvendi\u011fini i\u015fte bu&hellip;<\/p>\n","category_list_v2":"","author_info_v2":{"name":"Mostafa Sabry","url":"https:\/\/peitrade.com\/tr\/author\/emostafaadel_jn8gcqbo\/"},"comments_num_v2":"0 comments","mfb_rest_fields":["title","blocksy_meta","featured_image_urls_v2","post_excerpt_stackable_v2","category_list_v2","author_info_v2","comments_num_v2"],"_links":{"self":[{"href":"https:\/\/peitrade.com\/tr\/wp-json\/wp\/v2\/pages\/6384","targetHints":{"allow":["GET"]}}],"collection":[{"href":"https:\/\/peitrade.com\/tr\/wp-json\/wp\/v2\/pages"}],"about":[{"href":"https:\/\/peitrade.com\/tr\/wp-json\/wp\/v2\/types\/page"}],"author":[{"embeddable":true,"href":"https:\/\/peitrade.com\/tr\/wp-json\/wp\/v2\/users\/1"}],"replies":[{"embeddable":true,"href":"https:\/\/peitrade.com\/tr\/wp-json\/wp\/v2\/comments?post=6384"}],"version-history":[{"count":1,"href":"https:\/\/peitrade.com\/tr\/wp-json\/wp\/v2\/pages\/6384\/revisions"}],"predecessor-version":[{"id":6385,"href":"https:\/\/peitrade.com\/tr\/wp-json\/wp\/v2\/pages\/6384\/revisions\/6385"}],"wp:attachment":[{"href":"https:\/\/peitrade.com\/tr\/wp-json\/wp\/v2\/media?parent=6384"}],"curies":[{"name":"wp","href":"https:\/\/api.w.org\/{rel}","templated":true}]}}