{"id":6416,"date":"2025-06-23T08:32:53","date_gmt":"2025-06-23T08:32:53","guid":{"rendered":"http:\/\/46.224.74.15\/dondurulmus-ispanak-tedarikcileri\/"},"modified":"2025-11-19T16:58:15","modified_gmt":"2025-11-19T16:58:15","slug":"dondurulmus-ispanak-tedarikcileri","status":"publish","type":"page","link":"https:\/\/peitrade.com\/tr\/dondurulmus-ispanak-tedarikcileri\/","title":{"rendered":"PEI Trade \u2013 G\u00fcvenilir Dondurulmu\u015f Ispanak Tedarik\u00e7ileri"},"content":{"rendered":"<section style=\"padding: 60px 20px; background-color: #f9f9f9;\">\n<div class=\"container\">\n<h1>Dondurulmu\u015f Ispanak Tedarik\u00e7ileri \u2013 PEI Trade ile Kaliteli \u0130hracat<\/h1>\n<p>PEI Trade, M\u0131s\u0131r\u2019\u0131n \u00f6nde gelen <strong>dondurulmu\u015f \u0131spanak tedarik\u00e7ileri<\/strong> aras\u0131nda yer al\u0131r ve do\u011fal besin de\u011ferini, canl\u0131 ye\u015fil rengini ve yumu\u015fak dokusunu koruyan IQF \u0131spanak sunar. Verimli Nil Deltas\u0131\u2019nda yeti\u015ftirilen \u0131spanaklar\u0131m\u0131z, en uygun zamanda hasat edilerek birka\u00e7 saat i\u00e7inde i\u015flenir ve dondurulur.<\/p>\n<p>Son teknolojiyle donat\u0131lm\u0131\u015f tesislerimiz, uluslararas\u0131 kalite standartlar\u0131na uygundur. PEI Trade, perakende, g\u0131da hizmeti ve da\u011f\u0131t\u0131m sekt\u00f6rlerinde \u00e7al\u0131\u015fan m\u00fc\u015fterilerine g\u00fcvenilir, s\u00fcrekli ve ihracata uygun dondurulmu\u015f \u0131spanak tedariki sa\u011flar.<\/p>\n<p>G\u00fcvenilir <strong>dondurulmu\u015f \u0131spanak tedarik\u00e7ileri<\/strong> olarak, mutfakta kullan\u0131ma haz\u0131r, temiz ve sa\u011fl\u0131kl\u0131 \u00fcr\u00fcnlerle tedarik zincirinizi destekliyoruz.<\/p>\n<\/div>\n<\/section>\n<div class=\"wp-block-woocommerce-product-collection\"><div class=\"woocommerce columns-4 \"><ul class=\"products columns-4\" data-products=\"type-2\">\n<li class=\"product type-product post-7719 status-publish first instock product_cat-legumes product_cat-in-season has-post-thumbnail shipping-taxable product-type-simple\">\n\t<a href=\"https:\/\/peitrade.com\/tr\/product\/kuru-beyaz-fasulye\/\" class=\"woocommerce-LoopProduct-link woocommerce-loop-product__link\"><img decoding=\"async\" width=\"300\" height=\"300\" src=\"https:\/\/peitrade.com\/wp-content\/uploads\/2025\/11\/Egyptian-White-Beans-300x300.webp\" class=\"attachment-woocommerce_thumbnail size-woocommerce_thumbnail\" alt=\"Kuru beyaz fasulye\" srcset=\"https:\/\/peitrade.com\/wp-content\/uploads\/2025\/11\/Egyptian-White-Beans-300x300.webp 300w, https:\/\/peitrade.com\/wp-content\/uploads\/2025\/11\/Egyptian-White-Beans-150x150.webp 150w, https:\/\/peitrade.com\/wp-content\/uploads\/2025\/11\/Egyptian-White-Beans-768x768.webp 768w, https:\/\/peitrade.com\/wp-content\/uploads\/2025\/11\/Egyptian-White-Beans-600x600.webp 600w, https:\/\/peitrade.com\/wp-content\/uploads\/2025\/11\/Egyptian-White-Beans-100x100.webp 100w, https:\/\/peitrade.com\/wp-content\/uploads\/2025\/11\/Egyptian-White-Beans.webp 1024w\" sizes=\"(max-width: 300px) 100vw, 300px\" title=\"\"><h2 class=\"woocommerce-loop-product__title\">Kuru beyaz fasulye<\/h2>\n<\/a><a href=\"https:\/\/peitrade.com\/tr\/product\/kuru-beyaz-fasulye\/\" aria-describedby=\"woocommerce_loop_add_to_cart_link_describedby_7719\" data-quantity=\"1\" class=\"button product_type_simple\" data-product_id=\"7719\" data-product_sku=\"70820\" aria-label=\"&ldquo;Kuru beyaz fasulye&rdquo; hakk\u0131nda daha fazla bilgi edinin\" rel=\"nofollow\" data-success_message=\"\">Devam\u0131n\u0131 oku<\/a>\t<span id=\"woocommerce_loop_add_to_cart_link_describedby_7719\" class=\"screen-reader-text\">\n\t\t\t<\/span>\n<\/li>\n<li class=\"product type-product post-7776 status-publish instock product_cat-vegetables product_cat-in-season has-post-thumbnail shipping-taxable product-type-simple\">\n\t<a href=\"https:\/\/peitrade.com\/tr\/product\/patates\/\" class=\"woocommerce-LoopProduct-link woocommerce-loop-product__link\"><img decoding=\"async\" width=\"300\" height=\"300\" src=\"https:\/\/peitrade.com\/wp-content\/uploads\/2025\/11\/Egyptian-Potatoes-300x300.webp\" class=\"attachment-woocommerce_thumbnail size-woocommerce_thumbnail\" alt=\"Patates\" srcset=\"https:\/\/peitrade.com\/wp-content\/uploads\/2025\/11\/Egyptian-Potatoes-300x300.webp 300w, https:\/\/peitrade.com\/wp-content\/uploads\/2025\/11\/Egyptian-Potatoes-150x150.webp 150w, https:\/\/peitrade.com\/wp-content\/uploads\/2025\/11\/Egyptian-Potatoes-768x768.webp 768w, https:\/\/peitrade.com\/wp-content\/uploads\/2025\/11\/Egyptian-Potatoes-600x600.webp 600w, https:\/\/peitrade.com\/wp-content\/uploads\/2025\/11\/Egyptian-Potatoes-100x100.webp 100w, https:\/\/peitrade.com\/wp-content\/uploads\/2025\/11\/Egyptian-Potatoes.webp 1024w\" sizes=\"(max-width: 300px) 100vw, 300px\" title=\"\"><h2 class=\"woocommerce-loop-product__title\">Patates<\/h2>\n<\/a><a href=\"https:\/\/peitrade.com\/tr\/product\/patates\/\" aria-describedby=\"woocommerce_loop_add_to_cart_link_describedby_7776\" data-quantity=\"1\" class=\"button product_type_simple\" data-product_id=\"7776\" data-product_sku=\"70190\" aria-label=\"&ldquo;Patates&rdquo; hakk\u0131nda daha fazla bilgi edinin\" rel=\"nofollow\" data-success_message=\"\">Devam\u0131n\u0131 oku<\/a>\t<span id=\"woocommerce_loop_add_to_cart_link_describedby_7776\" class=\"screen-reader-text\">\n\t\t\t<\/span>\n<\/li>\n<li class=\"product type-product post-7484 status-publish instock product_cat-vegetables product_cat-in-season has-post-thumbnail shipping-taxable product-type-simple\">\n\t<a href=\"https:\/\/peitrade.com\/tr\/product\/sogan\/\" class=\"woocommerce-LoopProduct-link woocommerce-loop-product__link\"><img decoding=\"async\" width=\"300\" height=\"300\" src=\"https:\/\/peitrade.com\/wp-content\/uploads\/2025\/11\/Egyption-Onion-300x300.webp\" class=\"attachment-woocommerce_thumbnail size-woocommerce_thumbnail\" alt=\"Egyption Onion - PEI Trade\" srcset=\"https:\/\/peitrade.com\/wp-content\/uploads\/2025\/11\/Egyption-Onion-300x300.webp 300w, https:\/\/peitrade.com\/wp-content\/uploads\/2025\/11\/Egyption-Onion-150x150.webp 150w, https:\/\/peitrade.com\/wp-content\/uploads\/2025\/11\/Egyption-Onion-768x768.webp 768w, https:\/\/peitrade.com\/wp-content\/uploads\/2025\/11\/Egyption-Onion-600x600.webp 600w, https:\/\/peitrade.com\/wp-content\/uploads\/2025\/11\/Egyption-Onion-100x100.webp 100w, https:\/\/peitrade.com\/wp-content\/uploads\/2025\/11\/Egyption-Onion.webp 1024w\" sizes=\"(max-width: 300px) 100vw, 300px\" title=\"\"><h2 class=\"woocommerce-loop-product__title\">So\u011fan<\/h2>\n<\/a><a href=\"https:\/\/peitrade.com\/tr\/product\/sogan\/\" aria-describedby=\"woocommerce_loop_add_to_cart_link_describedby_7484\" data-quantity=\"1\" class=\"button product_type_simple\" data-product_id=\"7484\" data-product_sku=\"70310\" aria-label=\"&ldquo;So\u011fan&rdquo; hakk\u0131nda daha fazla bilgi edinin\" rel=\"nofollow\" data-success_message=\"\">Devam\u0131n\u0131 oku<\/a>\t<span id=\"woocommerce_loop_add_to_cart_link_describedby_7484\" class=\"screen-reader-text\">\n\t\t\t<\/span>\n<\/li>\n<li class=\"product type-product post-7540 status-publish last instock product_cat-vegetables product_cat-in-season has-post-thumbnail shipping-taxable product-type-simple\">\n\t<a href=\"https:\/\/peitrade.com\/tr\/product\/taze-fasulye\/\" class=\"woocommerce-LoopProduct-link woocommerce-loop-product__link\"><img decoding=\"async\" width=\"300\" height=\"300\" src=\"https:\/\/peitrade.com\/wp-content\/uploads\/2025\/11\/Egyptian-Green-Beans-300x300.webp\" class=\"attachment-woocommerce_thumbnail size-woocommerce_thumbnail\" alt=\"Taze fasulye\" srcset=\"https:\/\/peitrade.com\/wp-content\/uploads\/2025\/11\/Egyptian-Green-Beans-300x300.webp 300w, https:\/\/peitrade.com\/wp-content\/uploads\/2025\/11\/Egyptian-Green-Beans-150x150.webp 150w, https:\/\/peitrade.com\/wp-content\/uploads\/2025\/11\/Egyptian-Green-Beans-768x768.webp 768w, https:\/\/peitrade.com\/wp-content\/uploads\/2025\/11\/Egyptian-Green-Beans-600x600.webp 600w, https:\/\/peitrade.com\/wp-content\/uploads\/2025\/11\/Egyptian-Green-Beans-100x100.webp 100w, https:\/\/peitrade.com\/wp-content\/uploads\/2025\/11\/Egyptian-Green-Beans.webp 1024w\" sizes=\"(max-width: 300px) 100vw, 300px\" title=\"\"><h2 class=\"woocommerce-loop-product__title\">Taze fasulye<\/h2>\n<\/a><a href=\"https:\/\/peitrade.com\/tr\/product\/taze-fasulye\/\" aria-describedby=\"woocommerce_loop_add_to_cart_link_describedby_7540\" data-quantity=\"1\" class=\"button product_type_simple\" data-product_id=\"7540\" data-product_sku=\"70821\" aria-label=\"&ldquo;Taze fasulye&rdquo; hakk\u0131nda daha fazla bilgi edinin\" rel=\"nofollow\" data-success_message=\"\">Devam\u0131n\u0131 oku<\/a>\t<span id=\"woocommerce_loop_add_to_cart_link_describedby_7540\" class=\"screen-reader-text\">\n\t\t\t<\/span>\n<\/li>\n<\/ul>\n<\/div><\/div>\n<section style=\"padding: 50px 20px;\">\n<h2>Neden PEI Trade\u2019den M\u0131s\u0131rl\u0131 Dondurulmu\u015f Ispanak Almal\u0131s\u0131n\u0131z?<\/h2>\n<p>M\u0131s\u0131r \u0131spana\u011f\u0131, yumu\u015fak yap\u0131s\u0131, yo\u011fun aromas\u0131 ve y\u00fcksek besin de\u011feriyle bilinir. PEI Trade olarak IQF teknolojisi, \u00fc\u00e7 a\u015famal\u0131 y\u0131kama ve s\u0131k\u0131 kalite kontrol s\u00fcre\u00e7leri uyguluyoruz.<\/p>\n<p>Dondurulmu\u015f \u0131spanaklar\u0131m\u0131z:<\/p>\n<ul>\n<li>Koyu ye\u015fil renkte ve taze kokuludur<\/li>\n<li>Pestisit ve katk\u0131 maddesi i\u00e7ermez<\/li>\n<li>Topaklanmay\u0131 \u00f6nleyen bireysel dondurma (IQF) teknolojisi ile i\u015flenir<\/li>\n<li>Perakende (400g, 1kg) ve foodservice (2.5kg+) ambalaj se\u00e7enekleri<\/li>\n<li>T\u00fcm y\u0131l boyunca istikrarl\u0131 tedarik ve rekabet\u00e7i fiyat<\/li>\n<\/ul>\n<\/section>\n<section style=\"padding: 50px 20px;\">\n<h2>Dondurulmu\u015f Ispanak \u0130hracat S\u00fcrecimiz<\/h2>\n<p>\u00c7iftlikten konteynere kadar t\u00fcm s\u00fcreci PEI Trade kontrol eder. Bu sayede kalite ve h\u0131z bir arada sunulur.<\/p>\n<ul>\n<li>Nil Deltas\u0131\u2019ndaki sertifikal\u0131 \u00e7iftliklerde \u00fcretim<\/li>\n<li>Hasattan sonra saatler i\u00e7inde h\u0131zl\u0131 dondurma<\/li>\n<li>IQF ya da blok halinde \u00fcr\u00fcn se\u00e7enekleri<\/li>\n<li>Pazar ihtiya\u00e7lar\u0131na g\u00f6re \u00f6zelle\u015ftirilmi\u015f ambalajlama<\/li>\n<li>So\u011fuk zincir lojistik ve kontroll\u00fc ta\u015f\u0131ma<\/li>\n<li>Tam belgeler: sa\u011fl\u0131k sertifikalar\u0131, men\u015fe belgeleri, analiz raporlar\u0131<\/li>\n<\/ul>\n<p>Tecr\u00fcbemizle PEI Trade, Orta Do\u011fu ve \u00f6tesinde g\u00fcvenilir <strong>dondurulmu\u015f \u0131spanak tedarik\u00e7ileri<\/strong> aras\u0131nda \u00f6ne \u00e7\u0131kar.<\/p>\n<\/section>\n<section style=\"padding: 50px 20px;\">\n<h2>Dondurulmu\u015f Ispanak\u2019\u0131n K\u00fcresel Piyasadaki Kullan\u0131m Alanlar\u0131<\/h2>\n<p>Dondurulmu\u015f \u0131spanak; \u00e7orba, g\u00fcve\u00e7, makarna, b\u00f6rek ve smoothie gibi pek \u00e7ok yemekte kullan\u0131lan \u00e7ok y\u00f6nl\u00fc bir \u00fcr\u00fcnd\u00fcr.<\/p>\n<p>PEI Trade olarak sunuyoruz:<\/p>\n<ul>\n<li>Marketler i\u00e7in perakende ambalajl\u0131 \u0131spanak<\/li>\n<li>Restoranlar, oteller ve catering zincirleri i\u00e7in foodservice paketleri<\/li>\n<li>\u0130thalat\u00e7\u0131lar ve \u00f6zel markalar i\u00e7in toptan sat\u0131\u015f<\/li>\n<li>Ispanak, bamya, molokhia, bezelye ve fasulye i\u00e7eren kar\u0131\u015f\u0131k sebze konteynerleri<\/li>\n<\/ul>\n<p>Etiketleme ve ambalajlama, yerel d\u00fczenlemelere ve t\u00fcketici tercihlerine g\u00f6re \u00f6zelle\u015ftirilebilir.<\/p>\n<\/section>\n<section style=\"padding: 50px 20px; background-color: #f0f0f0;\">\n<div class=\"container\">\n<h2>Mevsimsel Uygunluk ve Y\u0131l Boyu Tedarik<\/h2>\n<p>Ispanak k\u0131\u015f aylar\u0131nda hasat edilse de, PEI Trade\u2019in g\u00fc\u00e7l\u00fc dondurma ve stoklama kapasitesi sayesinde y\u0131l boyunca sabit ihracat yap\u0131labilir.<\/p>\n<h2>G\u00fcvenilir Dondurulmu\u015f Ispanak Tedarik\u00e7iniz Olal\u0131m<\/h2>\n<p>Toptanc\u0131, ithalat\u00e7\u0131 veya distrib\u00fct\u00f6rseniz ve g\u00fcvenilir bir \u0131spanak tedarik\u00e7isi ar\u0131yorsan\u0131z, PEI Trade size kaliteli \u00fcr\u00fcn, zaman\u0131nda teslimat ve ihracat deste\u011fi sunar.<\/p>\n<p style=\"text-align: center; margin-top: 40px;\"><a class=\"button primary large\" href=\"\/contact\">Sipari\u015f Ver<\/a><\/p>\n<\/div>\n<\/section>\n<section style=\"padding: 50px 20px;\">\n<div class=\"container\">\n<h2>M\u0131s\u0131r\u2019dan Di\u011fer Dondurulmu\u015f Sebzeler<\/h2>\n<p>Dondurulmu\u015f \u0131spanak d\u0131\u015f\u0131nda molokhia, bamya, bezelye ve fasulye de sunuyoruz. Kar\u0131\u015f\u0131k konteynerler, sezonluk programlar ve uzun vadeli s\u00f6zle\u015fmelerle \u00e7al\u0131\u015f\u0131yoruz. <a href=\"https:\/\/peitrade.com\/tr\/about-pei-trade\/\">\u0130hracat hizmetlerimizi ke\u015ffedin<\/a>.<\/p>\n<div class=\"wp-block-woocommerce-product-collection\"><div class=\"woocommerce columns-4 \"><ul class=\"products columns-4\" data-products=\"type-2\">\n<li class=\"product type-product post-7360 status-publish first instock product_cat-vegetables has-post-thumbnail shipping-taxable product-type-simple\">\n\t<a href=\"https:\/\/peitrade.com\/tr\/product\/domates\/\" class=\"woocommerce-LoopProduct-link woocommerce-loop-product__link\"><img decoding=\"async\" width=\"300\" height=\"300\" src=\"https:\/\/peitrade.com\/wp-content\/uploads\/2025\/11\/Egyptian-Tomatoes-300x300.webp\" class=\"attachment-woocommerce_thumbnail size-woocommerce_thumbnail\" alt=\"Domates\" srcset=\"https:\/\/peitrade.com\/wp-content\/uploads\/2025\/11\/Egyptian-Tomatoes-300x300.webp 300w, https:\/\/peitrade.com\/wp-content\/uploads\/2025\/11\/Egyptian-Tomatoes-150x150.webp 150w, https:\/\/peitrade.com\/wp-content\/uploads\/2025\/11\/Egyptian-Tomatoes-768x768.webp 768w, https:\/\/peitrade.com\/wp-content\/uploads\/2025\/11\/Egyptian-Tomatoes-600x600.webp 600w, https:\/\/peitrade.com\/wp-content\/uploads\/2025\/11\/Egyptian-Tomatoes-100x100.webp 100w, https:\/\/peitrade.com\/wp-content\/uploads\/2025\/11\/Egyptian-Tomatoes.webp 1024w\" sizes=\"(max-width: 300px) 100vw, 300px\" title=\"\"><h2 class=\"woocommerce-loop-product__title\">Domates<\/h2>\n<\/a><a href=\"https:\/\/peitrade.com\/tr\/product\/domates\/\" aria-describedby=\"woocommerce_loop_add_to_cart_link_describedby_7360\" data-quantity=\"1\" class=\"button product_type_simple\" data-product_id=\"7360\" data-product_sku=\"70200\" aria-label=\"&ldquo;Domates&rdquo; hakk\u0131nda daha fazla bilgi edinin\" rel=\"nofollow\" data-success_message=\"\">Devam\u0131n\u0131 oku<\/a>\t<span id=\"woocommerce_loop_add_to_cart_link_describedby_7360\" class=\"screen-reader-text\">\n\t\t\t<\/span>\n<\/li>\n<li class=\"product type-product post-7776 status-publish instock product_cat-vegetables product_cat-in-season has-post-thumbnail shipping-taxable product-type-simple\">\n\t<a href=\"https:\/\/peitrade.com\/tr\/product\/patates\/\" class=\"woocommerce-LoopProduct-link woocommerce-loop-product__link\"><img decoding=\"async\" width=\"300\" height=\"300\" src=\"https:\/\/peitrade.com\/wp-content\/uploads\/2025\/11\/Egyptian-Potatoes-300x300.webp\" class=\"attachment-woocommerce_thumbnail size-woocommerce_thumbnail\" alt=\"Patates\" srcset=\"https:\/\/peitrade.com\/wp-content\/uploads\/2025\/11\/Egyptian-Potatoes-300x300.webp 300w, https:\/\/peitrade.com\/wp-content\/uploads\/2025\/11\/Egyptian-Potatoes-150x150.webp 150w, https:\/\/peitrade.com\/wp-content\/uploads\/2025\/11\/Egyptian-Potatoes-768x768.webp 768w, https:\/\/peitrade.com\/wp-content\/uploads\/2025\/11\/Egyptian-Potatoes-600x600.webp 600w, https:\/\/peitrade.com\/wp-content\/uploads\/2025\/11\/Egyptian-Potatoes-100x100.webp 100w, https:\/\/peitrade.com\/wp-content\/uploads\/2025\/11\/Egyptian-Potatoes.webp 1024w\" sizes=\"(max-width: 300px) 100vw, 300px\" title=\"\"><h2 class=\"woocommerce-loop-product__title\">Patates<\/h2>\n<\/a><a href=\"https:\/\/peitrade.com\/tr\/product\/patates\/\" aria-describedby=\"woocommerce_loop_add_to_cart_link_describedby_7776\" data-quantity=\"1\" class=\"button product_type_simple\" data-product_id=\"7776\" data-product_sku=\"70190\" aria-label=\"&ldquo;Patates&rdquo; hakk\u0131nda daha fazla bilgi edinin\" rel=\"nofollow\" data-success_message=\"\">Devam\u0131n\u0131 oku<\/a>\t<span id=\"woocommerce_loop_add_to_cart_link_describedby_7776\" class=\"screen-reader-text\">\n\t\t\t<\/span>\n<\/li>\n<li class=\"product type-product post-7376 status-publish instock product_cat-vegetables product_cat-in-season has-post-thumbnail shipping-taxable product-type-simple\">\n\t<a href=\"https:\/\/peitrade.com\/tr\/product\/sarimsak\/\" class=\"woocommerce-LoopProduct-link woocommerce-loop-product__link\"><img decoding=\"async\" width=\"300\" height=\"300\" src=\"https:\/\/peitrade.com\/wp-content\/uploads\/2025\/11\/Egyptian-Garlic-300x300.webp\" class=\"attachment-woocommerce_thumbnail size-woocommerce_thumbnail\" alt=\"Sar\u0131msak\" srcset=\"https:\/\/peitrade.com\/wp-content\/uploads\/2025\/11\/Egyptian-Garlic-300x300.webp 300w, https:\/\/peitrade.com\/wp-content\/uploads\/2025\/11\/Egyptian-Garlic-150x150.webp 150w, https:\/\/peitrade.com\/wp-content\/uploads\/2025\/11\/Egyptian-Garlic-768x768.webp 768w, https:\/\/peitrade.com\/wp-content\/uploads\/2025\/11\/Egyptian-Garlic-600x600.webp 600w, https:\/\/peitrade.com\/wp-content\/uploads\/2025\/11\/Egyptian-Garlic-100x100.webp 100w, https:\/\/peitrade.com\/wp-content\/uploads\/2025\/11\/Egyptian-Garlic.webp 1024w\" sizes=\"(max-width: 300px) 100vw, 300px\" title=\"\"><h2 class=\"woocommerce-loop-product__title\">Sar\u0131msak<\/h2>\n<\/a><a href=\"https:\/\/peitrade.com\/tr\/product\/sarimsak\/\" aria-describedby=\"woocommerce_loop_add_to_cart_link_describedby_7376\" data-quantity=\"1\" class=\"button product_type_simple\" data-product_id=\"7376\" data-product_sku=\"70320\" aria-label=\"&ldquo;Sar\u0131msak&rdquo; hakk\u0131nda daha fazla bilgi edinin\" rel=\"nofollow\" data-success_message=\"\">Devam\u0131n\u0131 oku<\/a>\t<span id=\"woocommerce_loop_add_to_cart_link_describedby_7376\" class=\"screen-reader-text\">\n\t\t\t<\/span>\n<\/li>\n<li class=\"product type-product post-7796 status-publish last instock product_cat-vegetables product_cat-in-season has-post-thumbnail shipping-taxable product-type-simple\">\n\t<a href=\"https:\/\/peitrade.com\/tr\/product\/tatli-patates\/\" class=\"woocommerce-LoopProduct-link woocommerce-loop-product__link\"><img decoding=\"async\" width=\"300\" height=\"300\" src=\"https:\/\/peitrade.com\/wp-content\/uploads\/2025\/11\/Egyptian-Sweet-Potatoes-300x300.webp\" class=\"attachment-woocommerce_thumbnail size-woocommerce_thumbnail\" alt=\"Egyptian Sweet Potatoes - PEI Trade\" srcset=\"https:\/\/peitrade.com\/wp-content\/uploads\/2025\/11\/Egyptian-Sweet-Potatoes-300x300.webp 300w, https:\/\/peitrade.com\/wp-content\/uploads\/2025\/11\/Egyptian-Sweet-Potatoes-150x150.webp 150w, https:\/\/peitrade.com\/wp-content\/uploads\/2025\/11\/Egyptian-Sweet-Potatoes-768x768.webp 768w, https:\/\/peitrade.com\/wp-content\/uploads\/2025\/11\/Egyptian-Sweet-Potatoes-600x600.webp 600w, https:\/\/peitrade.com\/wp-content\/uploads\/2025\/11\/Egyptian-Sweet-Potatoes-100x100.webp 100w, https:\/\/peitrade.com\/wp-content\/uploads\/2025\/11\/Egyptian-Sweet-Potatoes.webp 1024w\" sizes=\"(max-width: 300px) 100vw, 300px\" title=\"\"><h2 class=\"woocommerce-loop-product__title\">Tatl\u0131 patates<\/h2>\n<\/a><a href=\"https:\/\/peitrade.com\/tr\/product\/tatli-patates\/\" aria-describedby=\"woocommerce_loop_add_to_cart_link_describedby_7796\" data-quantity=\"1\" class=\"button product_type_simple\" data-product_id=\"7796\" data-product_sku=\"71420\" aria-label=\"&ldquo;Tatl\u0131 patates&rdquo; hakk\u0131nda daha fazla bilgi edinin\" rel=\"nofollow\" data-success_message=\"\">Devam\u0131n\u0131 oku<\/a>\t<span id=\"woocommerce_loop_add_to_cart_link_describedby_7796\" class=\"screen-reader-text\">\n\t\t\t<\/span>\n<\/li>\n<\/ul>\n<\/div><\/div>\n<\/div>\n<\/section>\n<section style=\"padding: 50px 20px; background-color: #f9f9f9;\">\n<div class=\"container\">\n<h2>S\u0131k\u00e7a Sorulan Sorular<\/h2>\n<div>\n<h3>Hangi t\u00fcr dondurulmu\u015f \u0131spanaklar sunuyorsunuz?<\/h3>\n<p>Piyasa ihtiyac\u0131na g\u00f6re do\u011franm\u0131\u015f, IQF veya blok \u015feklinde dondurulmu\u015f \u0131spanak sunuyoruz.<\/p>\n<h3>Dondurulmu\u015f \u0131spanak nas\u0131l ambalajlan\u0131yor?<\/h3>\n<p>Perakende i\u00e7in 400g ve 1kg ambalajlar, foodservice i\u00e7in ise 2.5kg ve \u00fczeri paketler sunuyoruz.<\/p>\n<h3>Ispanak di\u011fer sebzelerle birlikte sipari\u015f edilebilir mi?<\/h3>\n<p>Evet. Ispanak, molokhia, bamya, bezelye gibi \u00fcr\u00fcnlerle birlikte kar\u0131\u015f\u0131k sevkiyatlar yap\u0131yoruz.<\/p>\n<\/div>\n<\/div>\n<\/section>\n","protected":false},"excerpt":{"rendered":"<p>Dondurulmu\u015f Ispanak Tedarik\u00e7ileri \u2013 PEI Trade ile Kaliteli \u0130hracat PEI Trade, M\u0131s\u0131r\u2019\u0131n \u00f6nde gelen dondurulmu\u015f \u0131spanak tedarik\u00e7ileri aras\u0131nda yer al\u0131r ve do\u011fal besin de\u011ferini, canl\u0131 ye\u015fil rengini ve yumu\u015fak dokusunu koruyan IQF \u0131spanak sunar. Verimli Nil Deltas\u0131\u2019nda yeti\u015ftirilen \u0131spanaklar\u0131m\u0131z, en uygun zamanda hasat edilerek birka\u00e7 saat i\u00e7inde i\u015flenir ve dondurulur. Son teknolojiyle donat\u0131lm\u0131\u015f tesislerimiz, uluslararas\u0131 [&hellip;]<\/p>\n","protected":false},"author":9,"featured_media":0,"parent":0,"menu_order":0,"comment_status":"closed","ping_status":"closed","template":"","meta":{"footnotes":""},"class_list":["post-6416","page","type-page","status-publish","hentry"],"blocksy_meta":[],"mb":[],"featured_image_urls_v2":{"full":"","thumbnail":"","medium":"","medium_large":"","large":"","1536x1536":"","2048x2048":"","woocommerce_archive_thumbnail":"","woocommerce_thumbnail":"","woocommerce_single":"","woocommerce_gallery_thumbnail":""},"post_excerpt_stackable_v2":"<p>Dondurulmu\u015f Ispanak Tedarik\u00e7ileri \u2013 PEI Trade ile Kaliteli \u0130hracat PEI Trade, M\u0131s\u0131r\u2019\u0131n \u00f6nde gelen dondurulmu\u015f \u0131spanak tedarik\u00e7ileri aras\u0131nda yer al\u0131r ve do\u011fal besin de\u011ferini, canl\u0131 ye\u015fil rengini ve yumu\u015fak dokusunu koruyan IQF \u0131spanak sunar. Verimli Nil Deltas\u0131\u2019nda yeti\u015ftirilen \u0131spanaklar\u0131m\u0131z, en uygun zamanda hasat edilerek birka\u00e7 saat i\u00e7inde i\u015flenir ve dondurulur. Son teknolojiyle donat\u0131lm\u0131\u015f tesislerimiz, uluslararas\u0131 kalite standartlar\u0131na uygundur. PEI Trade, perakende, g\u0131da hizmeti ve da\u011f\u0131t\u0131m sekt\u00f6rlerinde \u00e7al\u0131\u015fan m\u00fc\u015fterilerine g\u00fcvenilir, s\u00fcrekli ve ihracata uygun dondurulmu\u015f \u0131spanak tedariki sa\u011flar. G\u00fcvenilir dondurulmu\u015f \u0131spanak tedarik\u00e7ileri olarak, mutfakta kullan\u0131ma haz\u0131r, temiz ve sa\u011fl\u0131kl\u0131 \u00fcr\u00fcnlerle tedarik zincirinizi destekliyoruz. Kuru beyaz fasulye Devam\u0131n\u0131 oku Patates Devam\u0131n\u0131 oku&hellip;<\/p>\n","category_list_v2":"","author_info_v2":{"name":"Maha","url":"https:\/\/peitrade.com\/tr\/author\/m-amer\/"},"comments_num_v2":"0 comments","mfb_rest_fields":["title","blocksy_meta","featured_image_urls_v2","post_excerpt_stackable_v2","category_list_v2","author_info_v2","comments_num_v2"],"_links":{"self":[{"href":"https:\/\/peitrade.com\/tr\/wp-json\/wp\/v2\/pages\/6416","targetHints":{"allow":["GET"]}}],"collection":[{"href":"https:\/\/peitrade.com\/tr\/wp-json\/wp\/v2\/pages"}],"about":[{"href":"https:\/\/peitrade.com\/tr\/wp-json\/wp\/v2\/types\/page"}],"author":[{"embeddable":true,"href":"https:\/\/peitrade.com\/tr\/wp-json\/wp\/v2\/users\/9"}],"replies":[{"embeddable":true,"href":"https:\/\/peitrade.com\/tr\/wp-json\/wp\/v2\/comments?post=6416"}],"version-history":[{"count":1,"href":"https:\/\/peitrade.com\/tr\/wp-json\/wp\/v2\/pages\/6416\/revisions"}],"predecessor-version":[{"id":6417,"href":"https:\/\/peitrade.com\/tr\/wp-json\/wp\/v2\/pages\/6416\/revisions\/6417"}],"wp:attachment":[{"href":"https:\/\/peitrade.com\/tr\/wp-json\/wp\/v2\/media?parent=6416"}],"curies":[{"name":"wp","href":"https:\/\/api.w.org\/{rel}","templated":true}]}}