{"id":6462,"date":"2025-06-23T09:24:09","date_gmt":"2025-06-23T09:24:09","guid":{"rendered":"http:\/\/46.224.74.15\/dondurulmus-karisik-sebzeler-toptan\/"},"modified":"2025-11-19T16:58:19","modified_gmt":"2025-11-19T16:58:19","slug":"dondurulmus-karisik-sebzeler-toptan","status":"publish","type":"page","link":"https:\/\/peitrade.com\/tr\/dondurulmus-karisik-sebzeler-toptan\/","title":{"rendered":"Dondurulmu\u015f Kar\u0131\u015f\u0131k Sebzeler Toptan Sat\u0131\u015f \u2013 K\u00fcresel Kalite, M\u0131s\u0131r Uzmanl\u0131\u011f\u0131"},"content":{"rendered":"<section style=\"padding: 60px 20px; background-color: #f9f9f9;\">\n<div class=\"container\">\n<p>PEI Trade, en \u00fcst d\u00fczey <strong>Dondurulmu\u015f Kar\u0131\u015f\u0131k Sebzeler Toptan Sat\u0131\u015f<\/strong>\u00a0konusunda g\u00fcvenilir orta\u011f\u0131n\u0131zd\u0131r. E\u015fsiz tazelik, canl\u0131 renk ve besin de\u011feri sunan birinci s\u0131n\u0131f sebzeler tedarik ediyoruz. M\u0131s\u0131r\u2019\u0131n verimli tar\u0131m b\u00f6lgelerinden temin edilen \u00fcr\u00fcnlerimiz, k\u00fcresel standartlara uygun olarak titizlikle i\u015flenmektedir.<\/p>\n<p>Perakende zincirleri, g\u0131da \u00fcreticileri ve otelcilik sekt\u00f6r\u00fc i\u00e7in \u00f6zenle haz\u0131rlanm\u0131\u015f <b>dondurulmu\u015f sebze kar\u0131\u015f\u0131m\u0131<\/b> \u00e7\u00f6z\u00fcmlerinde uzman\u0131z. G\u00fcvenilir <b>dondurulmu\u015f kar\u0131\u015f\u0131k sebze tedarik\u00e7ileri<\/b> olarak, tutarl\u0131l\u0131k, \u00f6zelle\u015ftirme ve \u00f6l\u00e7eklenebilir tedarik se\u00e7enekleri sunuyoruz.<\/p>\n<\/div>\n<\/section>\n<div class=\"wp-block-woocommerce-product-collection\"><div class=\"woocommerce columns-4 \"><ul class=\"products columns-4\" data-products=\"type-2\">\n<li class=\"product type-product post-7719 status-publish first instock product_cat-legumes product_cat-in-season has-post-thumbnail shipping-taxable product-type-simple\">\n\t<a href=\"https:\/\/peitrade.com\/tr\/product\/kuru-beyaz-fasulye\/\" class=\"woocommerce-LoopProduct-link woocommerce-loop-product__link\"><img decoding=\"async\" width=\"300\" height=\"300\" src=\"https:\/\/peitrade.com\/wp-content\/uploads\/2025\/11\/Egyptian-White-Beans-300x300.webp\" class=\"attachment-woocommerce_thumbnail size-woocommerce_thumbnail\" alt=\"Kuru beyaz fasulye\" srcset=\"https:\/\/peitrade.com\/wp-content\/uploads\/2025\/11\/Egyptian-White-Beans-300x300.webp 300w, https:\/\/peitrade.com\/wp-content\/uploads\/2025\/11\/Egyptian-White-Beans-150x150.webp 150w, https:\/\/peitrade.com\/wp-content\/uploads\/2025\/11\/Egyptian-White-Beans-768x768.webp 768w, https:\/\/peitrade.com\/wp-content\/uploads\/2025\/11\/Egyptian-White-Beans-600x600.webp 600w, https:\/\/peitrade.com\/wp-content\/uploads\/2025\/11\/Egyptian-White-Beans-100x100.webp 100w, https:\/\/peitrade.com\/wp-content\/uploads\/2025\/11\/Egyptian-White-Beans.webp 1024w\" sizes=\"(max-width: 300px) 100vw, 300px\" title=\"\"><h2 class=\"woocommerce-loop-product__title\">Kuru beyaz fasulye<\/h2>\n<\/a><a href=\"https:\/\/peitrade.com\/tr\/product\/kuru-beyaz-fasulye\/\" aria-describedby=\"woocommerce_loop_add_to_cart_link_describedby_7719\" data-quantity=\"1\" class=\"button product_type_simple\" data-product_id=\"7719\" data-product_sku=\"70820\" aria-label=\"&ldquo;Kuru beyaz fasulye&rdquo; hakk\u0131nda daha fazla bilgi edinin\" rel=\"nofollow\" data-success_message=\"\">Devam\u0131n\u0131 oku<\/a>\t<span id=\"woocommerce_loop_add_to_cart_link_describedby_7719\" class=\"screen-reader-text\">\n\t\t\t<\/span>\n<\/li>\n<li class=\"product type-product post-7776 status-publish instock product_cat-vegetables product_cat-in-season has-post-thumbnail shipping-taxable product-type-simple\">\n\t<a href=\"https:\/\/peitrade.com\/tr\/product\/patates\/\" class=\"woocommerce-LoopProduct-link woocommerce-loop-product__link\"><img decoding=\"async\" width=\"300\" height=\"300\" src=\"https:\/\/peitrade.com\/wp-content\/uploads\/2025\/11\/Egyptian-Potatoes-300x300.webp\" class=\"attachment-woocommerce_thumbnail size-woocommerce_thumbnail\" alt=\"Patates\" srcset=\"https:\/\/peitrade.com\/wp-content\/uploads\/2025\/11\/Egyptian-Potatoes-300x300.webp 300w, https:\/\/peitrade.com\/wp-content\/uploads\/2025\/11\/Egyptian-Potatoes-150x150.webp 150w, https:\/\/peitrade.com\/wp-content\/uploads\/2025\/11\/Egyptian-Potatoes-768x768.webp 768w, https:\/\/peitrade.com\/wp-content\/uploads\/2025\/11\/Egyptian-Potatoes-600x600.webp 600w, https:\/\/peitrade.com\/wp-content\/uploads\/2025\/11\/Egyptian-Potatoes-100x100.webp 100w, https:\/\/peitrade.com\/wp-content\/uploads\/2025\/11\/Egyptian-Potatoes.webp 1024w\" sizes=\"(max-width: 300px) 100vw, 300px\" title=\"\"><h2 class=\"woocommerce-loop-product__title\">Patates<\/h2>\n<\/a><a href=\"https:\/\/peitrade.com\/tr\/product\/patates\/\" aria-describedby=\"woocommerce_loop_add_to_cart_link_describedby_7776\" data-quantity=\"1\" class=\"button product_type_simple\" data-product_id=\"7776\" data-product_sku=\"70190\" aria-label=\"&ldquo;Patates&rdquo; hakk\u0131nda daha fazla bilgi edinin\" rel=\"nofollow\" data-success_message=\"\">Devam\u0131n\u0131 oku<\/a>\t<span id=\"woocommerce_loop_add_to_cart_link_describedby_7776\" class=\"screen-reader-text\">\n\t\t\t<\/span>\n<\/li>\n<li class=\"product type-product post-7484 status-publish instock product_cat-vegetables product_cat-in-season has-post-thumbnail shipping-taxable product-type-simple\">\n\t<a href=\"https:\/\/peitrade.com\/tr\/product\/sogan\/\" class=\"woocommerce-LoopProduct-link woocommerce-loop-product__link\"><img decoding=\"async\" width=\"300\" height=\"300\" src=\"https:\/\/peitrade.com\/wp-content\/uploads\/2025\/11\/Egyption-Onion-300x300.webp\" class=\"attachment-woocommerce_thumbnail size-woocommerce_thumbnail\" alt=\"Egyption Onion - PEI Trade\" srcset=\"https:\/\/peitrade.com\/wp-content\/uploads\/2025\/11\/Egyption-Onion-300x300.webp 300w, https:\/\/peitrade.com\/wp-content\/uploads\/2025\/11\/Egyption-Onion-150x150.webp 150w, https:\/\/peitrade.com\/wp-content\/uploads\/2025\/11\/Egyption-Onion-768x768.webp 768w, https:\/\/peitrade.com\/wp-content\/uploads\/2025\/11\/Egyption-Onion-600x600.webp 600w, https:\/\/peitrade.com\/wp-content\/uploads\/2025\/11\/Egyption-Onion-100x100.webp 100w, https:\/\/peitrade.com\/wp-content\/uploads\/2025\/11\/Egyption-Onion.webp 1024w\" sizes=\"(max-width: 300px) 100vw, 300px\" title=\"\"><h2 class=\"woocommerce-loop-product__title\">So\u011fan<\/h2>\n<\/a><a href=\"https:\/\/peitrade.com\/tr\/product\/sogan\/\" aria-describedby=\"woocommerce_loop_add_to_cart_link_describedby_7484\" data-quantity=\"1\" class=\"button product_type_simple\" data-product_id=\"7484\" data-product_sku=\"70310\" aria-label=\"&ldquo;So\u011fan&rdquo; hakk\u0131nda daha fazla bilgi edinin\" rel=\"nofollow\" data-success_message=\"\">Devam\u0131n\u0131 oku<\/a>\t<span id=\"woocommerce_loop_add_to_cart_link_describedby_7484\" class=\"screen-reader-text\">\n\t\t\t<\/span>\n<\/li>\n<li class=\"product type-product post-7540 status-publish last instock product_cat-vegetables product_cat-in-season has-post-thumbnail shipping-taxable product-type-simple\">\n\t<a href=\"https:\/\/peitrade.com\/tr\/product\/taze-fasulye\/\" class=\"woocommerce-LoopProduct-link woocommerce-loop-product__link\"><img decoding=\"async\" width=\"300\" height=\"300\" src=\"https:\/\/peitrade.com\/wp-content\/uploads\/2025\/11\/Egyptian-Green-Beans-300x300.webp\" class=\"attachment-woocommerce_thumbnail size-woocommerce_thumbnail\" alt=\"Taze fasulye\" srcset=\"https:\/\/peitrade.com\/wp-content\/uploads\/2025\/11\/Egyptian-Green-Beans-300x300.webp 300w, https:\/\/peitrade.com\/wp-content\/uploads\/2025\/11\/Egyptian-Green-Beans-150x150.webp 150w, https:\/\/peitrade.com\/wp-content\/uploads\/2025\/11\/Egyptian-Green-Beans-768x768.webp 768w, https:\/\/peitrade.com\/wp-content\/uploads\/2025\/11\/Egyptian-Green-Beans-600x600.webp 600w, https:\/\/peitrade.com\/wp-content\/uploads\/2025\/11\/Egyptian-Green-Beans-100x100.webp 100w, https:\/\/peitrade.com\/wp-content\/uploads\/2025\/11\/Egyptian-Green-Beans.webp 1024w\" sizes=\"(max-width: 300px) 100vw, 300px\" title=\"\"><h2 class=\"woocommerce-loop-product__title\">Taze fasulye<\/h2>\n<\/a><a href=\"https:\/\/peitrade.com\/tr\/product\/taze-fasulye\/\" aria-describedby=\"woocommerce_loop_add_to_cart_link_describedby_7540\" data-quantity=\"1\" class=\"button product_type_simple\" data-product_id=\"7540\" data-product_sku=\"70821\" aria-label=\"&ldquo;Taze fasulye&rdquo; hakk\u0131nda daha fazla bilgi edinin\" rel=\"nofollow\" data-success_message=\"\">Devam\u0131n\u0131 oku<\/a>\t<span id=\"woocommerce_loop_add_to_cart_link_describedby_7540\" class=\"screen-reader-text\">\n\t\t\t<\/span>\n<\/li>\n<\/ul>\n<\/div><\/div>\n<div class=\"container\">\n<h2>Toplu Dondurulmu\u015f Kar\u0131\u015f\u0131k Sebzeler \u0130\u00e7in Neden PEI Trade\u2019i Se\u00e7melisiniz?<\/h2>\n<p><span style=\"font-weight: 400;\"><b>Toplu dondurulmu\u015f kar\u0131\u015f\u0131k sebzelerimiz<\/b> \u015fu \u00f6zellikleriyle \u00f6ne \u00e7\u0131kar:<\/span><\/p>\n<ul>\n<li style=\"font-weight: 400;\">Tamamen e\u015fit kesimler ve do\u011fal, canl\u0131 renkler<\/li>\n<li style=\"font-weight: 400;\">Maksimum raf \u00f6mr\u00fc i\u00e7in geli\u015fmi\u015f IQF (bireysel h\u0131zl\u0131 dondurma) teknolojisi<\/li>\n<li style=\"font-weight: 400;\">B\u00f6lgesel tercihlere uygun <b>dondurulmu\u015f sebze kar\u0131\u015f\u0131m\u0131<\/b> tarifleri<\/li>\n<li style=\"font-weight: 400;\">Y\u0131l boyunca tedarik imk\u00e2n\u0131 ve k\u00fcresel lojistik deste\u011fi<\/li>\n<li style=\"font-weight: 400;\">Sertifikal\u0131 i\u015fleme tesisleri (HACCP, ISO, bitki sa\u011fl\u0131\u011f\u0131 belgeleri)<\/li>\n<\/ul>\n<h2>G\u00fcvenebilece\u011finiz K\u00fcresel \u0130hracat\u00e7\u0131<\/h2>\n<p><span style=\"font-weight: 400;\">Deneyimli <b>dondurulmu\u015f kar\u0131\u015f\u0131k sebze ihracat\u00e7\u0131lar\u0131<\/b> olarak farkl\u0131 pazarlara hizmet veriyoruz:<\/span><\/p>\n<ul>\n<li style=\"font-weight: 400;\">Avrupa: Almanya, Fransa, Birle\u015fik Krall\u0131k<\/li>\n<li style=\"font-weight: 400;\">Orta Do\u011fu: BAE, Suudi Arabistan, Katar<\/li>\n<li style=\"font-weight: 400;\">Afrika: Nijerya, Kenya, G\u00fcney Afrika<\/li>\n<li style=\"font-weight: 400;\">Asya: Japonya, G\u00fcney Kore, Hindistan<\/li>\n<\/ul>\n<p><span style=\"font-weight: 400;\">\u00c7ok dilli hizmet, esnek sipari\u015f hacmi ve h\u0131zl\u0131 so\u011fuk zincir lojistik ile m\u00fc\u015fterilerimizi destekliyoruz.<\/span><\/p>\n<h2>\u00c7e\u015fitli Dondurulmu\u015f Sebze Kar\u0131\u015f\u0131m\u0131 Se\u00e7enekleri<\/h2>\n<ul>\n<li><b>Klasik Kar\u0131\u015f\u0131m:<\/b> Havu\u00e7, bezelye, m\u0131s\u0131r ve ye\u015fil fasulye<\/li>\n<li><b>Asya Usul\u00fc Sote:<\/b> Dolmal\u0131k biber, bebek m\u0131s\u0131r, brokoli ve k\u0131l\u00e7\u0131ks\u0131z bezelye<\/li>\n<li><b>\u00c7orbal\u0131k Kar\u0131\u015f\u0131m:<\/b> Do\u011franm\u0131\u015f patates, so\u011fan, havu\u00e7 ve kereviz<\/li>\n<li><b>\u00d6zel Kar\u0131\u015f\u0131mlar:<\/b> Pazar ihtiya\u00e7lar\u0131n\u0131za ve mutfak trendlerine g\u00f6re tasarlan\u0131r<\/li>\n<\/ul>\n<p><span style=\"font-weight: 400;\">Kar\u0131\u015f\u0131mlar\u0131m\u0131z, pratik ve pi\u015firmeye haz\u0131r lezzetli ve besleyici yemekler sunmak isteyen i\u015fletmeler i\u00e7in idealdir.<\/span><\/p>\n<h2>Performans \u0130\u00e7in Tasarlanm\u0131\u015f Ambalaj<\/h2>\n<ul>\n<li>Perakende ambalajlar\u0131: 1 kg ve 2,5 kg polietilen torbalar<\/li>\n<li>Toplu ambalajlar: G\u0131da hizmeti i\u00e7in 10 kg ve 20 kg kartonlar<\/li>\n<li>\u00d6zel markal\u0131 ve \u00e7evre dostu ambalaj se\u00e7enekleri mevcuttur<\/li>\n<\/ul>\n<p><span style=\"font-weight: 400;\">T\u00fcm ambalajlar\u0131m\u0131z uluslararas\u0131 g\u0131da g\u00fcvenli\u011fi ve etiketleme d\u00fczenlemelerine uygundur.<\/span><\/p>\n<h2>So\u011fuk Zincir G\u00fcvencesi<\/h2>\n<ul>\n<li>Hasattan saatler sonra ha\u015flan\u0131p IQF teknolojisiyle dondurulur<\/li>\n<li>Maksimum tazelik i\u00e7in vakumla kapat\u0131lm\u0131\u015f ve nitrojenle desteklenmi\u015f ambalajlar<\/li>\n<li>Tam izlenebilirlik ve ihracata haz\u0131r sertifikasyon<\/li>\n<\/ul>\n<\/div>\n<section style=\"padding: 50px 20px; background-color: #f0f0f0;\">\n<div class=\"container\">\n<h2>PEI Trade ile Ortakl\u0131k Kurun \u2013 G\u00fcvenilir Dondurulmu\u015f Kar\u0131\u015f\u0131k Sebze Tedarik\u00e7iniz<\/h2>\n<p>Kaliteli <b>dondurulmu\u015f kar\u0131\u015f\u0131k sebze toptan sat\u0131\u015f\u0131<\/b> ve k\u00fcresel g\u00f6nderim deste\u011fi mi ar\u0131yorsunuz? PEI Trade, pazara uygun \u00fcr\u00fcnler, \u00f6l\u00e7eklenebilir \u00e7\u00f6z\u00fcmler ve tarladan limana tam \u015feffafl\u0131k sunar.<\/p>\n<h2>Fiyat Teklifi veya Numune Talep Edin<\/h2>\n<p>\u0130deal <b>dondurulmu\u015f sebze kar\u0131\u015f\u0131m\u0131n\u0131z\u0131<\/b> birlikte olu\u015ftural\u0131m. Hedef pazar\u0131n\u0131za uygun teklif veya numune almak i\u00e7in bug\u00fcn bizimle ileti\u015fime ge\u00e7in.<\/p>\n<p style=\"text-align: center; margin-top: 40px;\"><a class=\"button primary large\" href=\"\/contact\">Teklif Al\u0131n<\/a><\/p>\n<\/div>\n<\/section>\n<section style=\"padding: 50px 20px;\">\n<div class=\"container\">\n<h2>M\u0131s\u0131r\u2019dan Daha Fazla \u0130hracat Se\u00e7ene\u011fini Ke\u015ffedin<\/h2>\n<p>&nbsp;<\/p>\n<p><b>Dondurulmu\u015f kar\u0131\u015f\u0131k sebze toptan sat\u0131\u015f\u0131<\/b>&#8216;n\u0131n yan\u0131 s\u0131ra PEI Trade; dondurulmu\u015f bamya, \u00e7ilek, molohiya ve daha fazlas\u0131n\u0131 ihra\u00e7 eder. <a href=\"\/about\">Tar\u0131m \u00fcr\u00fcnleri ihracat portf\u00f6y\u00fcm\u00fcz\u00fc ke\u015ffedin<\/a>.<\/p>\n<div class=\"wp-block-woocommerce-product-collection\"><div class=\"woocommerce columns-4 \"><ul class=\"products columns-4\" data-products=\"type-2\">\n<li class=\"product type-product post-7360 status-publish first instock product_cat-vegetables has-post-thumbnail shipping-taxable product-type-simple\">\n\t<a href=\"https:\/\/peitrade.com\/tr\/product\/domates\/\" class=\"woocommerce-LoopProduct-link woocommerce-loop-product__link\"><img decoding=\"async\" width=\"300\" height=\"300\" src=\"https:\/\/peitrade.com\/wp-content\/uploads\/2025\/11\/Egyptian-Tomatoes-300x300.webp\" class=\"attachment-woocommerce_thumbnail size-woocommerce_thumbnail\" alt=\"Domates\" srcset=\"https:\/\/peitrade.com\/wp-content\/uploads\/2025\/11\/Egyptian-Tomatoes-300x300.webp 300w, https:\/\/peitrade.com\/wp-content\/uploads\/2025\/11\/Egyptian-Tomatoes-150x150.webp 150w, https:\/\/peitrade.com\/wp-content\/uploads\/2025\/11\/Egyptian-Tomatoes-768x768.webp 768w, https:\/\/peitrade.com\/wp-content\/uploads\/2025\/11\/Egyptian-Tomatoes-600x600.webp 600w, https:\/\/peitrade.com\/wp-content\/uploads\/2025\/11\/Egyptian-Tomatoes-100x100.webp 100w, https:\/\/peitrade.com\/wp-content\/uploads\/2025\/11\/Egyptian-Tomatoes.webp 1024w\" sizes=\"(max-width: 300px) 100vw, 300px\" title=\"\"><h2 class=\"woocommerce-loop-product__title\">Domates<\/h2>\n<\/a><a href=\"https:\/\/peitrade.com\/tr\/product\/domates\/\" aria-describedby=\"woocommerce_loop_add_to_cart_link_describedby_7360\" data-quantity=\"1\" class=\"button product_type_simple\" data-product_id=\"7360\" data-product_sku=\"70200\" aria-label=\"&ldquo;Domates&rdquo; hakk\u0131nda daha fazla bilgi edinin\" rel=\"nofollow\" data-success_message=\"\">Devam\u0131n\u0131 oku<\/a>\t<span id=\"woocommerce_loop_add_to_cart_link_describedby_7360\" class=\"screen-reader-text\">\n\t\t\t<\/span>\n<\/li>\n<li class=\"product type-product post-7776 status-publish instock product_cat-vegetables product_cat-in-season has-post-thumbnail shipping-taxable product-type-simple\">\n\t<a href=\"https:\/\/peitrade.com\/tr\/product\/patates\/\" class=\"woocommerce-LoopProduct-link woocommerce-loop-product__link\"><img decoding=\"async\" width=\"300\" height=\"300\" src=\"https:\/\/peitrade.com\/wp-content\/uploads\/2025\/11\/Egyptian-Potatoes-300x300.webp\" class=\"attachment-woocommerce_thumbnail size-woocommerce_thumbnail\" alt=\"Patates\" srcset=\"https:\/\/peitrade.com\/wp-content\/uploads\/2025\/11\/Egyptian-Potatoes-300x300.webp 300w, https:\/\/peitrade.com\/wp-content\/uploads\/2025\/11\/Egyptian-Potatoes-150x150.webp 150w, https:\/\/peitrade.com\/wp-content\/uploads\/2025\/11\/Egyptian-Potatoes-768x768.webp 768w, https:\/\/peitrade.com\/wp-content\/uploads\/2025\/11\/Egyptian-Potatoes-600x600.webp 600w, https:\/\/peitrade.com\/wp-content\/uploads\/2025\/11\/Egyptian-Potatoes-100x100.webp 100w, https:\/\/peitrade.com\/wp-content\/uploads\/2025\/11\/Egyptian-Potatoes.webp 1024w\" sizes=\"(max-width: 300px) 100vw, 300px\" title=\"\"><h2 class=\"woocommerce-loop-product__title\">Patates<\/h2>\n<\/a><a href=\"https:\/\/peitrade.com\/tr\/product\/patates\/\" aria-describedby=\"woocommerce_loop_add_to_cart_link_describedby_7776\" data-quantity=\"1\" class=\"button product_type_simple\" data-product_id=\"7776\" data-product_sku=\"70190\" aria-label=\"&ldquo;Patates&rdquo; hakk\u0131nda daha fazla bilgi edinin\" rel=\"nofollow\" data-success_message=\"\">Devam\u0131n\u0131 oku<\/a>\t<span id=\"woocommerce_loop_add_to_cart_link_describedby_7776\" class=\"screen-reader-text\">\n\t\t\t<\/span>\n<\/li>\n<li class=\"product type-product post-7376 status-publish instock product_cat-vegetables product_cat-in-season has-post-thumbnail shipping-taxable product-type-simple\">\n\t<a href=\"https:\/\/peitrade.com\/tr\/product\/sarimsak\/\" class=\"woocommerce-LoopProduct-link woocommerce-loop-product__link\"><img decoding=\"async\" width=\"300\" height=\"300\" src=\"https:\/\/peitrade.com\/wp-content\/uploads\/2025\/11\/Egyptian-Garlic-300x300.webp\" class=\"attachment-woocommerce_thumbnail size-woocommerce_thumbnail\" alt=\"Sar\u0131msak\" srcset=\"https:\/\/peitrade.com\/wp-content\/uploads\/2025\/11\/Egyptian-Garlic-300x300.webp 300w, https:\/\/peitrade.com\/wp-content\/uploads\/2025\/11\/Egyptian-Garlic-150x150.webp 150w, https:\/\/peitrade.com\/wp-content\/uploads\/2025\/11\/Egyptian-Garlic-768x768.webp 768w, https:\/\/peitrade.com\/wp-content\/uploads\/2025\/11\/Egyptian-Garlic-600x600.webp 600w, https:\/\/peitrade.com\/wp-content\/uploads\/2025\/11\/Egyptian-Garlic-100x100.webp 100w, https:\/\/peitrade.com\/wp-content\/uploads\/2025\/11\/Egyptian-Garlic.webp 1024w\" sizes=\"(max-width: 300px) 100vw, 300px\" title=\"\"><h2 class=\"woocommerce-loop-product__title\">Sar\u0131msak<\/h2>\n<\/a><a href=\"https:\/\/peitrade.com\/tr\/product\/sarimsak\/\" aria-describedby=\"woocommerce_loop_add_to_cart_link_describedby_7376\" data-quantity=\"1\" class=\"button product_type_simple\" data-product_id=\"7376\" data-product_sku=\"70320\" aria-label=\"&ldquo;Sar\u0131msak&rdquo; hakk\u0131nda daha fazla bilgi edinin\" rel=\"nofollow\" data-success_message=\"\">Devam\u0131n\u0131 oku<\/a>\t<span id=\"woocommerce_loop_add_to_cart_link_describedby_7376\" class=\"screen-reader-text\">\n\t\t\t<\/span>\n<\/li>\n<li class=\"product type-product post-7796 status-publish last instock product_cat-vegetables product_cat-in-season has-post-thumbnail shipping-taxable product-type-simple\">\n\t<a href=\"https:\/\/peitrade.com\/tr\/product\/tatli-patates\/\" class=\"woocommerce-LoopProduct-link woocommerce-loop-product__link\"><img decoding=\"async\" width=\"300\" height=\"300\" src=\"https:\/\/peitrade.com\/wp-content\/uploads\/2025\/11\/Egyptian-Sweet-Potatoes-300x300.webp\" class=\"attachment-woocommerce_thumbnail size-woocommerce_thumbnail\" alt=\"Egyptian Sweet Potatoes - PEI Trade\" srcset=\"https:\/\/peitrade.com\/wp-content\/uploads\/2025\/11\/Egyptian-Sweet-Potatoes-300x300.webp 300w, https:\/\/peitrade.com\/wp-content\/uploads\/2025\/11\/Egyptian-Sweet-Potatoes-150x150.webp 150w, https:\/\/peitrade.com\/wp-content\/uploads\/2025\/11\/Egyptian-Sweet-Potatoes-768x768.webp 768w, https:\/\/peitrade.com\/wp-content\/uploads\/2025\/11\/Egyptian-Sweet-Potatoes-600x600.webp 600w, https:\/\/peitrade.com\/wp-content\/uploads\/2025\/11\/Egyptian-Sweet-Potatoes-100x100.webp 100w, https:\/\/peitrade.com\/wp-content\/uploads\/2025\/11\/Egyptian-Sweet-Potatoes.webp 1024w\" sizes=\"(max-width: 300px) 100vw, 300px\" title=\"\"><h2 class=\"woocommerce-loop-product__title\">Tatl\u0131 patates<\/h2>\n<\/a><a href=\"https:\/\/peitrade.com\/tr\/product\/tatli-patates\/\" aria-describedby=\"woocommerce_loop_add_to_cart_link_describedby_7796\" data-quantity=\"1\" class=\"button product_type_simple\" data-product_id=\"7796\" data-product_sku=\"71420\" aria-label=\"&ldquo;Tatl\u0131 patates&rdquo; hakk\u0131nda daha fazla bilgi edinin\" rel=\"nofollow\" data-success_message=\"\">Devam\u0131n\u0131 oku<\/a>\t<span id=\"woocommerce_loop_add_to_cart_link_describedby_7796\" class=\"screen-reader-text\">\n\t\t\t<\/span>\n<\/li>\n<\/ul>\n<\/div><\/div>\n<\/div>\n<\/section>\n<section style=\"padding: 50px 20px; background-color: #f9f9f9;\">\n<div class=\"container\">\n<h2>S\u0131k\u00e7a Sorulan Sorular<\/h2>\n<h3>\u00d6zel dondurulmu\u015f sebze kar\u0131\u015f\u0131mlar\u0131 sunuyor musunuz?<\/h3>\n<p>Kesinlikle. B\u00f6lgesel, perakende veya g\u0131da hizmeti gereksinimlerinize \u00f6zel kar\u0131\u015f\u0131mlar geli\u015ftiriyoruz.<\/p>\n<h3>Hangi sertifikalara sahipsiniz?<\/h3>\n<p>T\u00fcm \u00fcr\u00fcnlerimiz HACCP ve ISO sertifikal\u0131 tesislerde i\u015flenir ve tam fitosanitasyon belgeleri ile sunulur.<\/p>\n<h3>\u00d6zel markal\u0131 ambalaj talep edebilir miyim?<\/h3>\n<p>Evet, marka olu\u015fturma, ambalaj tasar\u0131m\u0131 ve etiketleme deste\u011fi dahil tam kapsaml\u0131 \u00f6zel marka hizmeti sunuyoruz.<\/p>\n<h3>Minimum sipari\u015f miktar\u0131 nedir?<\/h3>\n<p>Hem k\u00fc\u00e7\u00fck hem de b\u00fcy\u00fck sipari\u015fleri destekliyoruz. MOQ\u2019lar ambalaj tipine ve var\u0131\u015f \u00fclkesine g\u00f6re esnektir.<\/p>\n<h3>Hangi \u00fclkelere ihracat yap\u0131yorsunuz?<\/h3>\n<p>Avrupa, Orta Do\u011fu, Afrika ve Asya pazarlar\u0131na hizmet veriyoruz. G\u00fcvenilir sevkiyat ve ihracat uyum deste\u011fi sa\u011fl\u0131yoruz.<\/p>\n<\/div>\n<\/section>\n","protected":false},"excerpt":{"rendered":"<p>PEI Trade, en \u00fcst d\u00fczey Dondurulmu\u015f Kar\u0131\u015f\u0131k Sebzeler Toptan Sat\u0131\u015f\u00a0konusunda g\u00fcvenilir orta\u011f\u0131n\u0131zd\u0131r. E\u015fsiz tazelik, canl\u0131 renk ve besin de\u011feri sunan birinci s\u0131n\u0131f sebzeler tedarik ediyoruz. M\u0131s\u0131r\u2019\u0131n verimli tar\u0131m b\u00f6lgelerinden temin edilen \u00fcr\u00fcnlerimiz, k\u00fcresel standartlara uygun olarak titizlikle i\u015flenmektedir. Perakende zincirleri, g\u0131da \u00fcreticileri ve otelcilik sekt\u00f6r\u00fc i\u00e7in \u00f6zenle haz\u0131rlanm\u0131\u015f dondurulmu\u015f sebze kar\u0131\u015f\u0131m\u0131 \u00e7\u00f6z\u00fcmlerinde uzman\u0131z. G\u00fcvenilir dondurulmu\u015f [&hellip;]<\/p>\n","protected":false},"author":1,"featured_media":0,"parent":0,"menu_order":0,"comment_status":"closed","ping_status":"closed","template":"","meta":{"footnotes":""},"class_list":["post-6462","page","type-page","status-publish","hentry"],"blocksy_meta":[],"mb":[],"featured_image_urls_v2":{"full":"","thumbnail":"","medium":"","medium_large":"","large":"","1536x1536":"","2048x2048":"","woocommerce_archive_thumbnail":"","woocommerce_thumbnail":"","woocommerce_single":"","woocommerce_gallery_thumbnail":""},"post_excerpt_stackable_v2":"<p>PEI Trade, en \u00fcst d\u00fczey Dondurulmu\u015f Kar\u0131\u015f\u0131k Sebzeler Toptan Sat\u0131\u015f\u00a0konusunda g\u00fcvenilir orta\u011f\u0131n\u0131zd\u0131r. E\u015fsiz tazelik, canl\u0131 renk ve besin de\u011feri sunan birinci s\u0131n\u0131f sebzeler tedarik ediyoruz. M\u0131s\u0131r\u2019\u0131n verimli tar\u0131m b\u00f6lgelerinden temin edilen \u00fcr\u00fcnlerimiz, k\u00fcresel standartlara uygun olarak titizlikle i\u015flenmektedir. Perakende zincirleri, g\u0131da \u00fcreticileri ve otelcilik sekt\u00f6r\u00fc i\u00e7in \u00f6zenle haz\u0131rlanm\u0131\u015f dondurulmu\u015f sebze kar\u0131\u015f\u0131m\u0131 \u00e7\u00f6z\u00fcmlerinde uzman\u0131z. G\u00fcvenilir dondurulmu\u015f kar\u0131\u015f\u0131k sebze tedarik\u00e7ileri olarak, tutarl\u0131l\u0131k, \u00f6zelle\u015ftirme ve \u00f6l\u00e7eklenebilir tedarik se\u00e7enekleri sunuyoruz. Kuru beyaz fasulye Devam\u0131n\u0131 oku Patates Devam\u0131n\u0131 oku So\u011fan Devam\u0131n\u0131 oku Taze fasulye Devam\u0131n\u0131 oku Toplu Dondurulmu\u015f Kar\u0131\u015f\u0131k Sebzeler \u0130\u00e7in Neden PEI Trade\u2019i Se\u00e7melisiniz? Toplu dondurulmu\u015f kar\u0131\u015f\u0131k sebzelerimiz \u015fu \u00f6zellikleriyle \u00f6ne \u00e7\u0131kar: Tamamen e\u015fit&hellip;<\/p>\n","category_list_v2":"","author_info_v2":{"name":"Mostafa Sabry","url":"https:\/\/peitrade.com\/tr\/author\/emostafaadel_jn8gcqbo\/"},"comments_num_v2":"0 comments","mfb_rest_fields":["title","blocksy_meta","featured_image_urls_v2","post_excerpt_stackable_v2","category_list_v2","author_info_v2","comments_num_v2"],"_links":{"self":[{"href":"https:\/\/peitrade.com\/tr\/wp-json\/wp\/v2\/pages\/6462","targetHints":{"allow":["GET"]}}],"collection":[{"href":"https:\/\/peitrade.com\/tr\/wp-json\/wp\/v2\/pages"}],"about":[{"href":"https:\/\/peitrade.com\/tr\/wp-json\/wp\/v2\/types\/page"}],"author":[{"embeddable":true,"href":"https:\/\/peitrade.com\/tr\/wp-json\/wp\/v2\/users\/1"}],"replies":[{"embeddable":true,"href":"https:\/\/peitrade.com\/tr\/wp-json\/wp\/v2\/comments?post=6462"}],"version-history":[{"count":1,"href":"https:\/\/peitrade.com\/tr\/wp-json\/wp\/v2\/pages\/6462\/revisions"}],"predecessor-version":[{"id":6463,"href":"https:\/\/peitrade.com\/tr\/wp-json\/wp\/v2\/pages\/6462\/revisions\/6463"}],"wp:attachment":[{"href":"https:\/\/peitrade.com\/tr\/wp-json\/wp\/v2\/media?parent=6462"}],"curies":[{"name":"wp","href":"https:\/\/api.w.org\/{rel}","templated":true}]}}