{"id":6472,"date":"2025-06-24T11:06:32","date_gmt":"2025-06-24T11:06:32","guid":{"rendered":"http:\/\/46.224.74.15\/export-frozen-okra-5\/"},"modified":"2025-11-19T16:58:22","modified_gmt":"2025-11-19T16:58:22","slug":"export-frozen-okra-5","status":"publish","type":"page","link":"https:\/\/peitrade.com\/tr\/export-frozen-okra-5\/","title":{"rendered":"Dondurulmu\u015f Bamya \u0130hracat\u0131 \u2013 PEI Trade\u2019den M\u0131s\u0131r\u2019da Premium Kalite"},"content":{"rendered":"<section style=\"padding: 60px 20px; background-color: #f9f9f9;\">\n<div class=\"container\">\n<h1>Dondurulmu\u015f Bamya \u0130hracat\u0131 \u2013 PEI Trade\u2019den M\u0131s\u0131r\u2019da Premium Kalite<\/h1>\n<p>PEI Trade, <b>dondurulmu\u015f bamya ihracat\u0131<\/b> sekt\u00f6r\u00fcnde g\u00fcvenilir bir liderdir ve IQF teknolojisiyle i\u015flenmi\u015f y\u00fcksek kalitede bamya \u00fcr\u00fcnlerini k\u00fcresel pazarlara sunar. Tar\u0131m \u00fcr\u00fcnleri ihracat\u0131nda uzman olan firmam\u0131z, M\u0131s\u0131r\u2019daki en iyi bamya hasad\u0131n\u0131 se\u00e7er ve do\u011fal tad\u0131, rengi ve dokusunu korumak i\u00e7in geli\u015fmi\u015f H\u0131zl\u0131 Bireysel Dondurma (IQF) teknolojisi uygulan\u0131r.<\/p>\n<p>PEI Trade\u2019nin bu konudaki uzmanl\u0131\u011f\u0131, uluslararas\u0131 distrib\u00fct\u00f6rler, perakendeciler ve yiyecek hizmeti firmalar\u0131na, k\u00fcresel standartlara uygun, g\u00fcvenli ve \u00f6zelle\u015ftirilmi\u015f ambalajlarda istikrarl\u0131 tedarik sunmam\u0131za olanak tan\u0131r.<\/p>\n<\/div>\n<\/section>\n<div class=\"wp-block-woocommerce-product-collection\"><div class=\"woocommerce columns-4 \"><ul class=\"products columns-4\" data-products=\"type-2\">\n<li class=\"product type-product post-7719 status-publish first instock product_cat-legumes product_cat-in-season has-post-thumbnail shipping-taxable product-type-simple\">\n\t<a href=\"https:\/\/peitrade.com\/tr\/product\/kuru-beyaz-fasulye\/\" class=\"woocommerce-LoopProduct-link woocommerce-loop-product__link\"><img decoding=\"async\" width=\"300\" height=\"300\" src=\"https:\/\/peitrade.com\/wp-content\/uploads\/2025\/11\/Egyptian-White-Beans-300x300.webp\" class=\"attachment-woocommerce_thumbnail size-woocommerce_thumbnail\" alt=\"Kuru beyaz fasulye\" srcset=\"https:\/\/peitrade.com\/wp-content\/uploads\/2025\/11\/Egyptian-White-Beans-300x300.webp 300w, https:\/\/peitrade.com\/wp-content\/uploads\/2025\/11\/Egyptian-White-Beans-150x150.webp 150w, https:\/\/peitrade.com\/wp-content\/uploads\/2025\/11\/Egyptian-White-Beans-768x768.webp 768w, https:\/\/peitrade.com\/wp-content\/uploads\/2025\/11\/Egyptian-White-Beans-600x600.webp 600w, https:\/\/peitrade.com\/wp-content\/uploads\/2025\/11\/Egyptian-White-Beans-100x100.webp 100w, https:\/\/peitrade.com\/wp-content\/uploads\/2025\/11\/Egyptian-White-Beans.webp 1024w\" sizes=\"(max-width: 300px) 100vw, 300px\" title=\"\"><h2 class=\"woocommerce-loop-product__title\">Kuru beyaz fasulye<\/h2>\n<\/a><a href=\"https:\/\/peitrade.com\/tr\/product\/kuru-beyaz-fasulye\/\" aria-describedby=\"woocommerce_loop_add_to_cart_link_describedby_7719\" data-quantity=\"1\" class=\"button product_type_simple\" data-product_id=\"7719\" data-product_sku=\"70820\" aria-label=\"&ldquo;Kuru beyaz fasulye&rdquo; hakk\u0131nda daha fazla bilgi edinin\" rel=\"nofollow\" data-success_message=\"\">Devam\u0131n\u0131 oku<\/a>\t<span id=\"woocommerce_loop_add_to_cart_link_describedby_7719\" class=\"screen-reader-text\">\n\t\t\t<\/span>\n<\/li>\n<li class=\"product type-product post-7776 status-publish instock product_cat-vegetables product_cat-in-season has-post-thumbnail shipping-taxable product-type-simple\">\n\t<a href=\"https:\/\/peitrade.com\/tr\/product\/patates\/\" class=\"woocommerce-LoopProduct-link woocommerce-loop-product__link\"><img decoding=\"async\" width=\"300\" height=\"300\" src=\"https:\/\/peitrade.com\/wp-content\/uploads\/2025\/11\/Egyptian-Potatoes-300x300.webp\" class=\"attachment-woocommerce_thumbnail size-woocommerce_thumbnail\" alt=\"Patates\" srcset=\"https:\/\/peitrade.com\/wp-content\/uploads\/2025\/11\/Egyptian-Potatoes-300x300.webp 300w, https:\/\/peitrade.com\/wp-content\/uploads\/2025\/11\/Egyptian-Potatoes-150x150.webp 150w, https:\/\/peitrade.com\/wp-content\/uploads\/2025\/11\/Egyptian-Potatoes-768x768.webp 768w, https:\/\/peitrade.com\/wp-content\/uploads\/2025\/11\/Egyptian-Potatoes-600x600.webp 600w, https:\/\/peitrade.com\/wp-content\/uploads\/2025\/11\/Egyptian-Potatoes-100x100.webp 100w, https:\/\/peitrade.com\/wp-content\/uploads\/2025\/11\/Egyptian-Potatoes.webp 1024w\" sizes=\"(max-width: 300px) 100vw, 300px\" title=\"\"><h2 class=\"woocommerce-loop-product__title\">Patates<\/h2>\n<\/a><a href=\"https:\/\/peitrade.com\/tr\/product\/patates\/\" aria-describedby=\"woocommerce_loop_add_to_cart_link_describedby_7776\" data-quantity=\"1\" class=\"button product_type_simple\" data-product_id=\"7776\" data-product_sku=\"70190\" aria-label=\"&ldquo;Patates&rdquo; hakk\u0131nda daha fazla bilgi edinin\" rel=\"nofollow\" data-success_message=\"\">Devam\u0131n\u0131 oku<\/a>\t<span id=\"woocommerce_loop_add_to_cart_link_describedby_7776\" class=\"screen-reader-text\">\n\t\t\t<\/span>\n<\/li>\n<li class=\"product type-product post-7484 status-publish instock product_cat-vegetables product_cat-in-season has-post-thumbnail shipping-taxable product-type-simple\">\n\t<a href=\"https:\/\/peitrade.com\/tr\/product\/sogan\/\" class=\"woocommerce-LoopProduct-link woocommerce-loop-product__link\"><img decoding=\"async\" width=\"300\" height=\"300\" src=\"https:\/\/peitrade.com\/wp-content\/uploads\/2025\/11\/Egyption-Onion-300x300.webp\" class=\"attachment-woocommerce_thumbnail size-woocommerce_thumbnail\" alt=\"Egyption Onion - PEI Trade\" srcset=\"https:\/\/peitrade.com\/wp-content\/uploads\/2025\/11\/Egyption-Onion-300x300.webp 300w, https:\/\/peitrade.com\/wp-content\/uploads\/2025\/11\/Egyption-Onion-150x150.webp 150w, https:\/\/peitrade.com\/wp-content\/uploads\/2025\/11\/Egyption-Onion-768x768.webp 768w, https:\/\/peitrade.com\/wp-content\/uploads\/2025\/11\/Egyption-Onion-600x600.webp 600w, https:\/\/peitrade.com\/wp-content\/uploads\/2025\/11\/Egyption-Onion-100x100.webp 100w, https:\/\/peitrade.com\/wp-content\/uploads\/2025\/11\/Egyption-Onion.webp 1024w\" sizes=\"(max-width: 300px) 100vw, 300px\" title=\"\"><h2 class=\"woocommerce-loop-product__title\">So\u011fan<\/h2>\n<\/a><a href=\"https:\/\/peitrade.com\/tr\/product\/sogan\/\" aria-describedby=\"woocommerce_loop_add_to_cart_link_describedby_7484\" data-quantity=\"1\" class=\"button product_type_simple\" data-product_id=\"7484\" data-product_sku=\"70310\" aria-label=\"&ldquo;So\u011fan&rdquo; hakk\u0131nda daha fazla bilgi edinin\" rel=\"nofollow\" data-success_message=\"\">Devam\u0131n\u0131 oku<\/a>\t<span id=\"woocommerce_loop_add_to_cart_link_describedby_7484\" class=\"screen-reader-text\">\n\t\t\t<\/span>\n<\/li>\n<li class=\"product type-product post-7540 status-publish last instock product_cat-vegetables product_cat-in-season has-post-thumbnail shipping-taxable product-type-simple\">\n\t<a href=\"https:\/\/peitrade.com\/tr\/product\/taze-fasulye\/\" class=\"woocommerce-LoopProduct-link woocommerce-loop-product__link\"><img decoding=\"async\" width=\"300\" height=\"300\" src=\"https:\/\/peitrade.com\/wp-content\/uploads\/2025\/11\/Egyptian-Green-Beans-300x300.webp\" class=\"attachment-woocommerce_thumbnail size-woocommerce_thumbnail\" alt=\"Taze fasulye\" srcset=\"https:\/\/peitrade.com\/wp-content\/uploads\/2025\/11\/Egyptian-Green-Beans-300x300.webp 300w, https:\/\/peitrade.com\/wp-content\/uploads\/2025\/11\/Egyptian-Green-Beans-150x150.webp 150w, https:\/\/peitrade.com\/wp-content\/uploads\/2025\/11\/Egyptian-Green-Beans-768x768.webp 768w, https:\/\/peitrade.com\/wp-content\/uploads\/2025\/11\/Egyptian-Green-Beans-600x600.webp 600w, https:\/\/peitrade.com\/wp-content\/uploads\/2025\/11\/Egyptian-Green-Beans-100x100.webp 100w, https:\/\/peitrade.com\/wp-content\/uploads\/2025\/11\/Egyptian-Green-Beans.webp 1024w\" sizes=\"(max-width: 300px) 100vw, 300px\" title=\"\"><h2 class=\"woocommerce-loop-product__title\">Taze fasulye<\/h2>\n<\/a><a href=\"https:\/\/peitrade.com\/tr\/product\/taze-fasulye\/\" aria-describedby=\"woocommerce_loop_add_to_cart_link_describedby_7540\" data-quantity=\"1\" class=\"button product_type_simple\" data-product_id=\"7540\" data-product_sku=\"70821\" aria-label=\"&ldquo;Taze fasulye&rdquo; hakk\u0131nda daha fazla bilgi edinin\" rel=\"nofollow\" data-success_message=\"\">Devam\u0131n\u0131 oku<\/a>\t<span id=\"woocommerce_loop_add_to_cart_link_describedby_7540\" class=\"screen-reader-text\">\n\t\t\t<\/span>\n<\/li>\n<\/ul>\n<\/div><\/div>\n<section style=\"padding: 50px 20px;\">\n<div class=\"container\">\n<h2>PEI Trade\u2019den Gelen M\u0131s\u0131r Bamyal\u0131 Dondurulmu\u015f \u00dcr\u00fcnleri Neden Tercih Etmelisiniz?<\/h2>\n<p><span style=\"font-weight: 400;\">G\u00fcvenilir <b>dondurulmu\u015f bamya ihracat\u0131<\/b> orta\u011f\u0131n\u0131z olarak PEI Trade sizlere \u015funlar\u0131 sunar:<\/span><\/p>\n<ul>\n<li style=\"font-weight: 400;\" aria-level=\"1\"><span style=\"font-weight: 400;\">IQF ile tazelik, doku ve canl\u0131 ye\u015fil renk<\/span><\/li>\n<li style=\"font-weight: 400;\" aria-level=\"1\"><span style=\"font-weight: 400;\">\u00c7e\u015fitli kesim se\u00e7enekleri: b\u00fct\u00fcn, s\u0131f\u0131r ve halka<\/span><\/li>\n<li style=\"font-weight: 400;\" aria-level=\"1\"><span style=\"font-weight: 400;\">%100 do\u011fal \u2013 koruyucu ve katk\u0131s\u0131z<\/span><\/li>\n<li style=\"font-weight: 400;\" aria-level=\"1\"><span style=\"font-weight: 400;\">Lif, vitamin ve temel besin de\u011feri a\u00e7\u0131s\u0131ndan zengin<\/span><\/li>\n<li style=\"font-weight: 400;\" aria-level=\"1\"><span style=\"font-weight: 400;\">Y\u0131l\u0131n her d\u00f6nemi boyunca tutarl\u0131 arz<\/span><\/li>\n<\/ul>\n<p><span style=\"font-weight: 400;\">Dondurulmu\u015f bamya ihracat\u0131 i\u00e7in \u00fcr\u00fcnlerimiz her a\u015famada kalite kontrol\u00fcnden ge\u00e7er ve m\u00fckemmel performans sa\u011flar.<\/span><\/p>\n<h2>Tarladan Piyasaya \u2013 \u0130hracat S\u00fcrecimiz<\/h2>\n<p><span style=\"font-weight: 400;\">Profesyonel <b>dondurulmu\u015f bamya ihracat\u0131<\/b> sa\u011flamak amac\u0131yla PEI Trade \u015fu sertifikal\u0131 s\u00fcreci uygular:<\/span><\/p>\n<ul>\n<li style=\"font-weight: 400;\" aria-level=\"1\"><span style=\"font-weight: 400;\">Meydan okumas\u0131 sezonunda hasat (May\u0131s \u2013 Ekim)<\/span><\/li>\n<li style=\"font-weight: 400;\" aria-level=\"1\"><span style=\"font-weight: 400;\">Hassas s\u0131n\u0131fland\u0131rma, y\u0131kama ve ha\u015flama<\/span><\/li>\n<li style=\"font-weight: 400;\" aria-level=\"1\"><span style=\"font-weight: 400;\">IQF dondurma ile kalite ve raf \u00f6mr\u00fc korunur<\/span><\/li>\n<li style=\"font-weight: 400;\" aria-level=\"1\"><span style=\"font-weight: 400;\">Toplu ve \u00f6zel etiketli ambalaj se\u00e7enekleri<\/span><\/li>\n<li style=\"font-weight: 400;\" aria-level=\"1\"><span style=\"font-weight: 400;\">\u0130hracat dok\u00fcmantasyonu ve uluslararas\u0131 sevkiyat deste\u011fi<\/span><\/li>\n<\/ul>\n<p><span style=\"font-weight: 400;\">Optimum sistemlerimiz, ithalat\u00e7\u0131lar\u0131n <b>dondurulmu\u015f bamya ihracat\u0131<\/b> yapmas\u0131n\u0131 kolayla\u015ft\u0131r\u0131r.<\/span><\/p>\n<h2>Mevsim &amp; Stok Durumu<\/h2>\n<p><span style=\"font-weight: 400;\">M\u0131s\u0131r\u2019daki bamya sezonu <b>May\u0131s\u2013Ekim<\/b> aras\u0131ndad\u0131r ve yo\u011fun hasat d\u00f6nemini sa\u011flar.<\/span><\/p>\n<p style=\"font-weight: 400;\">PEI Trade, y\u0131l boyu ihracat i\u00e7in onayl\u0131 so\u011fuk hava depolar\u0131nda stok tutar.<\/p>\n<h3>Dondurulmu\u015f Bamya Kullan\u0131m Alanlar\u0131<\/h3>\n<p><span style=\"font-weight: 400;\">\u00c7e\u015fitli sekt\u00f6rlerde kullan\u0131lmak \u00fczere <b>dondurulmu\u015f bamya ihracat\u0131<\/b> yap\u0131yoruz:<\/span><\/p>\n<ul>\n<li style=\"font-weight: 400;\" aria-level=\"1\"><b>Perakende:<\/b> S\u00fcpermarketler ve dondurulmu\u015f g\u0131da ma\u011fazalar\u0131<\/li>\n<li style=\"font-weight: 400;\" aria-level=\"1\"><b>Yiyecek Hizmeti:<\/b> Restoranlar, oteller ve catering<\/li>\n<li style=\"font-weight: 400;\" aria-level=\"1\"><b>\u00dcretim:<\/b> Dondurulmu\u015f yemekler, g\u00fcve\u00e7ler ve \u00e7orbalar<\/li>\n<li style=\"font-weight: 400;\" aria-level=\"1\"><b>Toptan:<\/b> K\u00fcresel distrib\u00fct\u00f6rler i\u00e7in toplu tedarik<\/li>\n<\/ul>\n<h3>K\u00fcresel \u0130hracat A\u011f\u0131<\/h3>\n<p><span style=\"font-weight: 400;\">PEI Trade, <b>dondurulmu\u015f bamya ihracat\u0131<\/b> ile 30\u2019dan fazla \u00fclkeye ula\u015f\u0131yor:<\/span><\/p>\n<ul>\n<li style=\"font-weight: 400;\" aria-level=\"1\"><span style=\"font-weight: 400;\">Avrupa: Birle\u015fik Krall\u0131k, Almanya, Hollanda<\/span><\/li>\n<li style=\"font-weight: 400;\" aria-level=\"1\"><span style=\"font-weight: 400;\">Orta Do\u011fu: BAE, Katar, Suudi Arabistan<\/span><\/li>\n<li style=\"font-weight: 400;\" aria-level=\"1\"><span style=\"font-weight: 400;\">Afrika: Nijerya, G\u00fcney Afrika, Kenya<\/span><\/li>\n<li style=\"font-weight: 400;\" aria-level=\"1\"><span style=\"font-weight: 400;\">Asya: Hindistan, Malezya, G\u00fcney Kore<\/span><\/li>\n<\/ul>\n<p><span style=\"font-weight: 400;\">Lojistik yetkinli\u011fimiz <b>dondurulmu\u015f bamya ihracat\u0131<\/b> s\u00fcre\u00e7lerini belge ve sevk \u00e7\u00f6z\u00fcmleri ile kolayla\u015ft\u0131r\u0131r.<\/span><\/p>\n<h2>Ambalaj \u00c7\u00f6z\u00fcmleri<\/h2>\n<p><span style=\"font-weight: 400;\">T\u00fcm pazar segmentleri i\u00e7in PEI Trade \u015funlar\u0131 sunar:<\/span><\/p>\n<ul>\n<li style=\"font-weight: 400;\" aria-level=\"1\"><span style=\"font-weight: 400;\">End\u00fcstriyel ve toptan kullan\u0131m i\u00e7in 10\u201320\u202fkg\u2019l\u0131k kartonlar<\/span><\/li>\n<li style=\"font-weight: 400;\" aria-level=\"1\"><span style=\"font-weight: 400;\">400\u202fg\u20132\u202fkg perakende po\u015fetler, \u00f6zel etiketli<\/span><\/li>\n<li style=\"font-weight: 400;\" aria-level=\"1\"><span style=\"font-weight: 400;\">Vakumlu ambalajla raf \u00f6mr\u00fc uzar<\/span><\/li>\n<li style=\"font-weight: 400;\" aria-level=\"1\"><span style=\"font-weight: 400;\">Dondurulmu\u015f konteynerlerde paletlenmi\u015f y\u00fckleme<\/span><\/li>\n<\/ul>\n<p><span style=\"font-weight: 400;\">T\u00fcm ambalajlar uluslararas\u0131 g\u0131da ve etiketleme standartlar\u0131na uygundur.<\/span><\/p>\n<\/div>\n<\/section>\n<section style=\"padding: 50px 20px; background-color: #f0f0f0;\">\n<div class=\"container\">\n<h2>M\u0131s\u0131r\u2019dan Premium Dondurulmu\u015f Bamya Talep Edin \u2013 PEI Trade ile<\/h2>\n<p>K\u00fcresel pazarlarda <b>dondurulmu\u015f bamya ihracat\u0131<\/b> yapmak istiyorsan\u0131z, PEI Trade ideal orta\u011f\u0131n\u0131zd\u0131r.<\/p>\n<p>Markan\u0131z\u0131n ba\u015far\u0131s\u0131 i\u00e7in tutarl\u0131 kalite, \u00f6l\u00e7eklenebilir hacimler ve m\u00fckemmel m\u00fc\u015fteri hizmeti sa\u011fl\u0131yoruz.<\/p>\n<h2>Fiyat ve Numune Talebi<\/h2>\n<p>\u00dcr\u00fcn \u00f6zellikleri, fiyat teklifleri ve IQF bamya numunesi i\u00e7in bug\u00fcn bizimle ileti\u015fime ge\u00e7in.<\/p>\n<p style=\"text-align: center; margin-top: 40px;\"><a class=\"button primary large\" href=\"https:\/\/peitrade.com\/tr\/contact-us\/\">\u015eimdi Talep Edin<\/a><\/p>\n<\/div>\n<\/section>\n<section style=\"padding: 50px 20px;\">\n<div class=\"container\">\n<h2>M\u0131s\u0131r\u2019\u0131n Di\u011fer Tar\u0131msal \u0130hracatlar\u0131n\u0131 Ke\u015ffedin<\/h2>\n<p>PEI Trade, <b>dondurulmu\u015f bamya ihracat\u0131<\/b> d\u0131\u015f\u0131nda dondurulmu\u015f \u00e7ilek, ye\u015fil fasulye ve biber gibi \u00fcr\u00fcnleri de sunar \u2013 hepsi uluslararas\u0131 kalitede.<\/p>\n<p><a href=\"https:\/\/peitrade.com\/tr\/about-pei-trade\/\" target=\"_blank\" rel=\"noopener\">\u0130hracat yeteneklerimizi ke\u015ffedin<\/a>.<\/p>\n<div class=\"wp-block-woocommerce-product-collection\"><div class=\"woocommerce columns-4 \"><ul class=\"products columns-4\" data-products=\"type-2\">\n<li class=\"product type-product post-7719 status-publish first instock product_cat-legumes product_cat-in-season has-post-thumbnail shipping-taxable product-type-simple\">\n\t<a href=\"https:\/\/peitrade.com\/tr\/product\/kuru-beyaz-fasulye\/\" class=\"woocommerce-LoopProduct-link woocommerce-loop-product__link\"><img decoding=\"async\" width=\"300\" height=\"300\" src=\"https:\/\/peitrade.com\/wp-content\/uploads\/2025\/11\/Egyptian-White-Beans-300x300.webp\" class=\"attachment-woocommerce_thumbnail size-woocommerce_thumbnail\" alt=\"Kuru beyaz fasulye\" srcset=\"https:\/\/peitrade.com\/wp-content\/uploads\/2025\/11\/Egyptian-White-Beans-300x300.webp 300w, https:\/\/peitrade.com\/wp-content\/uploads\/2025\/11\/Egyptian-White-Beans-150x150.webp 150w, https:\/\/peitrade.com\/wp-content\/uploads\/2025\/11\/Egyptian-White-Beans-768x768.webp 768w, https:\/\/peitrade.com\/wp-content\/uploads\/2025\/11\/Egyptian-White-Beans-600x600.webp 600w, https:\/\/peitrade.com\/wp-content\/uploads\/2025\/11\/Egyptian-White-Beans-100x100.webp 100w, https:\/\/peitrade.com\/wp-content\/uploads\/2025\/11\/Egyptian-White-Beans.webp 1024w\" sizes=\"(max-width: 300px) 100vw, 300px\" title=\"\"><h2 class=\"woocommerce-loop-product__title\">Kuru beyaz fasulye<\/h2>\n<\/a><a href=\"https:\/\/peitrade.com\/tr\/product\/kuru-beyaz-fasulye\/\" aria-describedby=\"woocommerce_loop_add_to_cart_link_describedby_7719\" data-quantity=\"1\" class=\"button product_type_simple\" data-product_id=\"7719\" data-product_sku=\"70820\" aria-label=\"&ldquo;Kuru beyaz fasulye&rdquo; hakk\u0131nda daha fazla bilgi edinin\" rel=\"nofollow\" data-success_message=\"\">Devam\u0131n\u0131 oku<\/a>\t<span id=\"woocommerce_loop_add_to_cart_link_describedby_7719\" class=\"screen-reader-text\">\n\t\t\t<\/span>\n<\/li>\n<li class=\"product type-product post-7776 status-publish instock product_cat-vegetables product_cat-in-season has-post-thumbnail shipping-taxable product-type-simple\">\n\t<a href=\"https:\/\/peitrade.com\/tr\/product\/patates\/\" class=\"woocommerce-LoopProduct-link woocommerce-loop-product__link\"><img decoding=\"async\" width=\"300\" height=\"300\" src=\"https:\/\/peitrade.com\/wp-content\/uploads\/2025\/11\/Egyptian-Potatoes-300x300.webp\" class=\"attachment-woocommerce_thumbnail size-woocommerce_thumbnail\" alt=\"Patates\" srcset=\"https:\/\/peitrade.com\/wp-content\/uploads\/2025\/11\/Egyptian-Potatoes-300x300.webp 300w, https:\/\/peitrade.com\/wp-content\/uploads\/2025\/11\/Egyptian-Potatoes-150x150.webp 150w, https:\/\/peitrade.com\/wp-content\/uploads\/2025\/11\/Egyptian-Potatoes-768x768.webp 768w, https:\/\/peitrade.com\/wp-content\/uploads\/2025\/11\/Egyptian-Potatoes-600x600.webp 600w, https:\/\/peitrade.com\/wp-content\/uploads\/2025\/11\/Egyptian-Potatoes-100x100.webp 100w, https:\/\/peitrade.com\/wp-content\/uploads\/2025\/11\/Egyptian-Potatoes.webp 1024w\" sizes=\"(max-width: 300px) 100vw, 300px\" title=\"\"><h2 class=\"woocommerce-loop-product__title\">Patates<\/h2>\n<\/a><a href=\"https:\/\/peitrade.com\/tr\/product\/patates\/\" aria-describedby=\"woocommerce_loop_add_to_cart_link_describedby_7776\" data-quantity=\"1\" class=\"button product_type_simple\" data-product_id=\"7776\" data-product_sku=\"70190\" aria-label=\"&ldquo;Patates&rdquo; hakk\u0131nda daha fazla bilgi edinin\" rel=\"nofollow\" data-success_message=\"\">Devam\u0131n\u0131 oku<\/a>\t<span id=\"woocommerce_loop_add_to_cart_link_describedby_7776\" class=\"screen-reader-text\">\n\t\t\t<\/span>\n<\/li>\n<li class=\"product type-product post-7484 status-publish instock product_cat-vegetables product_cat-in-season has-post-thumbnail shipping-taxable product-type-simple\">\n\t<a href=\"https:\/\/peitrade.com\/tr\/product\/sogan\/\" class=\"woocommerce-LoopProduct-link woocommerce-loop-product__link\"><img decoding=\"async\" width=\"300\" height=\"300\" src=\"https:\/\/peitrade.com\/wp-content\/uploads\/2025\/11\/Egyption-Onion-300x300.webp\" class=\"attachment-woocommerce_thumbnail size-woocommerce_thumbnail\" alt=\"Egyption Onion - PEI Trade\" srcset=\"https:\/\/peitrade.com\/wp-content\/uploads\/2025\/11\/Egyption-Onion-300x300.webp 300w, https:\/\/peitrade.com\/wp-content\/uploads\/2025\/11\/Egyption-Onion-150x150.webp 150w, https:\/\/peitrade.com\/wp-content\/uploads\/2025\/11\/Egyption-Onion-768x768.webp 768w, https:\/\/peitrade.com\/wp-content\/uploads\/2025\/11\/Egyption-Onion-600x600.webp 600w, https:\/\/peitrade.com\/wp-content\/uploads\/2025\/11\/Egyption-Onion-100x100.webp 100w, https:\/\/peitrade.com\/wp-content\/uploads\/2025\/11\/Egyption-Onion.webp 1024w\" sizes=\"(max-width: 300px) 100vw, 300px\" title=\"\"><h2 class=\"woocommerce-loop-product__title\">So\u011fan<\/h2>\n<\/a><a href=\"https:\/\/peitrade.com\/tr\/product\/sogan\/\" aria-describedby=\"woocommerce_loop_add_to_cart_link_describedby_7484\" data-quantity=\"1\" class=\"button product_type_simple\" data-product_id=\"7484\" data-product_sku=\"70310\" aria-label=\"&ldquo;So\u011fan&rdquo; hakk\u0131nda daha fazla bilgi edinin\" rel=\"nofollow\" data-success_message=\"\">Devam\u0131n\u0131 oku<\/a>\t<span id=\"woocommerce_loop_add_to_cart_link_describedby_7484\" class=\"screen-reader-text\">\n\t\t\t<\/span>\n<\/li>\n<li class=\"product type-product post-7540 status-publish last instock product_cat-vegetables product_cat-in-season has-post-thumbnail shipping-taxable product-type-simple\">\n\t<a href=\"https:\/\/peitrade.com\/tr\/product\/taze-fasulye\/\" class=\"woocommerce-LoopProduct-link woocommerce-loop-product__link\"><img decoding=\"async\" width=\"300\" height=\"300\" src=\"https:\/\/peitrade.com\/wp-content\/uploads\/2025\/11\/Egyptian-Green-Beans-300x300.webp\" class=\"attachment-woocommerce_thumbnail size-woocommerce_thumbnail\" alt=\"Taze fasulye\" srcset=\"https:\/\/peitrade.com\/wp-content\/uploads\/2025\/11\/Egyptian-Green-Beans-300x300.webp 300w, https:\/\/peitrade.com\/wp-content\/uploads\/2025\/11\/Egyptian-Green-Beans-150x150.webp 150w, https:\/\/peitrade.com\/wp-content\/uploads\/2025\/11\/Egyptian-Green-Beans-768x768.webp 768w, https:\/\/peitrade.com\/wp-content\/uploads\/2025\/11\/Egyptian-Green-Beans-600x600.webp 600w, https:\/\/peitrade.com\/wp-content\/uploads\/2025\/11\/Egyptian-Green-Beans-100x100.webp 100w, https:\/\/peitrade.com\/wp-content\/uploads\/2025\/11\/Egyptian-Green-Beans.webp 1024w\" sizes=\"(max-width: 300px) 100vw, 300px\" title=\"\"><h2 class=\"woocommerce-loop-product__title\">Taze fasulye<\/h2>\n<\/a><a href=\"https:\/\/peitrade.com\/tr\/product\/taze-fasulye\/\" aria-describedby=\"woocommerce_loop_add_to_cart_link_describedby_7540\" data-quantity=\"1\" class=\"button product_type_simple\" data-product_id=\"7540\" data-product_sku=\"70821\" aria-label=\"&ldquo;Taze fasulye&rdquo; hakk\u0131nda daha fazla bilgi edinin\" rel=\"nofollow\" data-success_message=\"\">Devam\u0131n\u0131 oku<\/a>\t<span id=\"woocommerce_loop_add_to_cart_link_describedby_7540\" class=\"screen-reader-text\">\n\t\t\t<\/span>\n<\/li>\n<\/ul>\n<\/div><\/div>\n<\/div>\n<\/section>\n<section style=\"padding: 50px 20px; background-color: #f9f9f9;\">\n<div class=\"container\">\n<h2>S\u0131k\u00e7a Sorulan Sorular<\/h2>\n<h3>Dondurulmu\u015f bamya ne kadar dayan\u0131r?<\/h3>\n<p>IQF y\u00f6ntemiyle dondurulmu\u015f bamyam\u0131z, -18\u202f\u00b0C\u2019de 18 aya kadar en iyi kalitesini korur.<\/p>\n<h3>Neden PEI Trade ile dondurulmu\u015f bamya ihracat\u0131 yapmal\u0131y\u0131m?<\/h3>\n<p>Rekabet\u00e7i fiyat, esnek hacim ve ihracat uyumu ile istikrarl\u0131 kalite ve lojistik destek sunuyoruz.<\/p>\n<h3>\u00d6zel kesim veya boyut isteyebilir miyim?<\/h3>\n<p>Evet. B\u00fct\u00fcn, zero ve halka kesim se\u00e7enekleri mevcuttur.<\/p>\n<h3>\u00d6zel etiket (private label) sa\u011fl\u0131yor musunuz?<\/h3>\n<p>Kesinlikle. Markan\u0131za uygun ambalaj tasarlay\u0131p \u00fcretiyoruz.<\/p>\n<h3>Dondurulmu\u015f bamya hangi b\u00f6lgelere g\u00f6nderiliyor?<\/h3>\n<p>Avrupa, Orta Do\u011fu, Afrika ve Asya\u2019ya <b>dondurulmu\u015f bamya ihracat\u0131<\/b> yap\u0131yoruz, \u00f6zel lojistik ve esnek MOQ ile.<\/p>\n<\/div>\n<\/section>\n","protected":false},"excerpt":{"rendered":"<p>Dondurulmu\u015f Bamya \u0130hracat\u0131 \u2013 PEI Trade\u2019den M\u0131s\u0131r\u2019da Premium Kalite PEI Trade, dondurulmu\u015f bamya ihracat\u0131 sekt\u00f6r\u00fcnde g\u00fcvenilir bir liderdir ve IQF teknolojisiyle i\u015flenmi\u015f y\u00fcksek kalitede bamya \u00fcr\u00fcnlerini k\u00fcresel pazarlara sunar. Tar\u0131m \u00fcr\u00fcnleri ihracat\u0131nda uzman olan firmam\u0131z, M\u0131s\u0131r\u2019daki en iyi bamya hasad\u0131n\u0131 se\u00e7er ve do\u011fal tad\u0131, rengi ve dokusunu korumak i\u00e7in geli\u015fmi\u015f H\u0131zl\u0131 Bireysel Dondurma (IQF) teknolojisi [&hellip;]<\/p>\n","protected":false},"author":1,"featured_media":0,"parent":0,"menu_order":0,"comment_status":"closed","ping_status":"closed","template":"","meta":{"footnotes":""},"class_list":["post-6472","page","type-page","status-publish","hentry"],"blocksy_meta":[],"mb":[],"featured_image_urls_v2":{"full":"","thumbnail":"","medium":"","medium_large":"","large":"","1536x1536":"","2048x2048":"","woocommerce_archive_thumbnail":"","woocommerce_thumbnail":"","woocommerce_single":"","woocommerce_gallery_thumbnail":""},"post_excerpt_stackable_v2":"<p>Dondurulmu\u015f Bamya \u0130hracat\u0131 \u2013 PEI Trade\u2019den M\u0131s\u0131r\u2019da Premium Kalite PEI Trade, dondurulmu\u015f bamya ihracat\u0131 sekt\u00f6r\u00fcnde g\u00fcvenilir bir liderdir ve IQF teknolojisiyle i\u015flenmi\u015f y\u00fcksek kalitede bamya \u00fcr\u00fcnlerini k\u00fcresel pazarlara sunar. Tar\u0131m \u00fcr\u00fcnleri ihracat\u0131nda uzman olan firmam\u0131z, M\u0131s\u0131r\u2019daki en iyi bamya hasad\u0131n\u0131 se\u00e7er ve do\u011fal tad\u0131, rengi ve dokusunu korumak i\u00e7in geli\u015fmi\u015f H\u0131zl\u0131 Bireysel Dondurma (IQF) teknolojisi uygulan\u0131r. PEI Trade\u2019nin bu konudaki uzmanl\u0131\u011f\u0131, uluslararas\u0131 distrib\u00fct\u00f6rler, perakendeciler ve yiyecek hizmeti firmalar\u0131na, k\u00fcresel standartlara uygun, g\u00fcvenli ve \u00f6zelle\u015ftirilmi\u015f ambalajlarda istikrarl\u0131 tedarik sunmam\u0131za olanak tan\u0131r. Kuru beyaz fasulye Devam\u0131n\u0131 oku Patates Devam\u0131n\u0131 oku So\u011fan Devam\u0131n\u0131 oku Taze fasulye Devam\u0131n\u0131 oku PEI Trade\u2019den Gelen M\u0131s\u0131r Bamyal\u0131&hellip;<\/p>\n","category_list_v2":"","author_info_v2":{"name":"Mostafa Sabry","url":"https:\/\/peitrade.com\/tr\/author\/emostafaadel_jn8gcqbo\/"},"comments_num_v2":"0 comments","mfb_rest_fields":["title","blocksy_meta","featured_image_urls_v2","post_excerpt_stackable_v2","category_list_v2","author_info_v2","comments_num_v2"],"_links":{"self":[{"href":"https:\/\/peitrade.com\/tr\/wp-json\/wp\/v2\/pages\/6472","targetHints":{"allow":["GET"]}}],"collection":[{"href":"https:\/\/peitrade.com\/tr\/wp-json\/wp\/v2\/pages"}],"about":[{"href":"https:\/\/peitrade.com\/tr\/wp-json\/wp\/v2\/types\/page"}],"author":[{"embeddable":true,"href":"https:\/\/peitrade.com\/tr\/wp-json\/wp\/v2\/users\/1"}],"replies":[{"embeddable":true,"href":"https:\/\/peitrade.com\/tr\/wp-json\/wp\/v2\/comments?post=6472"}],"version-history":[{"count":1,"href":"https:\/\/peitrade.com\/tr\/wp-json\/wp\/v2\/pages\/6472\/revisions"}],"predecessor-version":[{"id":6473,"href":"https:\/\/peitrade.com\/tr\/wp-json\/wp\/v2\/pages\/6472\/revisions\/6473"}],"wp:attachment":[{"href":"https:\/\/peitrade.com\/tr\/wp-json\/wp\/v2\/media?parent=6472"}],"curies":[{"name":"wp","href":"https:\/\/api.w.org\/{rel}","templated":true}]}}