{"id":6474,"date":"2025-06-23T09:59:49","date_gmt":"2025-06-23T09:59:49","guid":{"rendered":"http:\/\/46.224.74.15\/exportadores-de-verduras-mixtas-congeladas\/"},"modified":"2025-11-19T16:58:21","modified_gmt":"2025-11-19T16:58:21","slug":"dondurulmus-karisik-sebze-ihracatcilari","status":"publish","type":"page","link":"https:\/\/peitrade.com\/tr\/dondurulmus-karisik-sebze-ihracatcilari\/","title":{"rendered":"Exportadores de verduras mixtas congeladas: calidad confiable"},"content":{"rendered":"<section style=\"padding: 60px 20px; background-color: #f9f9f9;\">\n<div class=\"container\">\n<p>PEI Trade, M\u0131s\u0131r\u2019\u0131n verimli tar\u0131m arazilerinden temin edilen \u00fcst\u00fcn kaliteli sebze kar\u0131\u015f\u0131mlar\u0131yla <b>dondurulmu\u015f kar\u0131\u015f\u0131k sebze ihracat\u00e7\u0131lar\u0131<\/b> aras\u0131nda \u00f6ne \u00e7\u0131k\u0131yor. Tazelik, renk koruma ve besin de\u011feri konusundaki taahh\u00fcd\u00fcm\u00fcz, her g\u00f6nderimin uluslararas\u0131 standartlara uygun olmas\u0131n\u0131 sa\u011flar.<\/p>\n<p>Deneyimli bir <b>dondurulmu\u015f kar\u0131\u015f\u0131k sebze tedarik\u00e7isi<\/b> olarak, b\u00fcy\u00fck \u00f6l\u00e7ekli g\u0131da \u00fcreticilerinden perakende da\u011f\u0131t\u0131mc\u0131lar\u0131na kadar geni\u015f bir m\u00fc\u015fteri yelpazesine hizmet veriyoruz. B\u00f6lgesel damak zevklerine ve lojistik ihtiya\u00e7lara uygun \u00f6zel <b>dondurulmu\u015f sebze kar\u0131\u015f\u0131m\u0131<\/b> \u00e7\u00f6z\u00fcmleri sunuyoruz.<\/p>\n<\/div>\n<\/section>\n<div class=\"wp-block-woocommerce-product-collection\"><div class=\"woocommerce columns-4 \"><ul class=\"products columns-4\" data-products=\"type-2\">\n<li class=\"product type-product post-7719 status-publish first instock product_cat-legumes product_cat-in-season has-post-thumbnail shipping-taxable product-type-simple\">\n\t<a href=\"https:\/\/peitrade.com\/tr\/product\/kuru-beyaz-fasulye\/\" class=\"woocommerce-LoopProduct-link woocommerce-loop-product__link\"><img decoding=\"async\" width=\"300\" height=\"300\" src=\"https:\/\/peitrade.com\/wp-content\/uploads\/2025\/11\/Egyptian-White-Beans-300x300.webp\" class=\"attachment-woocommerce_thumbnail size-woocommerce_thumbnail\" alt=\"Kuru beyaz fasulye\" srcset=\"https:\/\/peitrade.com\/wp-content\/uploads\/2025\/11\/Egyptian-White-Beans-300x300.webp 300w, https:\/\/peitrade.com\/wp-content\/uploads\/2025\/11\/Egyptian-White-Beans-150x150.webp 150w, https:\/\/peitrade.com\/wp-content\/uploads\/2025\/11\/Egyptian-White-Beans-768x768.webp 768w, https:\/\/peitrade.com\/wp-content\/uploads\/2025\/11\/Egyptian-White-Beans-600x600.webp 600w, https:\/\/peitrade.com\/wp-content\/uploads\/2025\/11\/Egyptian-White-Beans-100x100.webp 100w, https:\/\/peitrade.com\/wp-content\/uploads\/2025\/11\/Egyptian-White-Beans.webp 1024w\" sizes=\"(max-width: 300px) 100vw, 300px\" title=\"\"><h2 class=\"woocommerce-loop-product__title\">Kuru beyaz fasulye<\/h2>\n<\/a><a href=\"https:\/\/peitrade.com\/tr\/product\/kuru-beyaz-fasulye\/\" aria-describedby=\"woocommerce_loop_add_to_cart_link_describedby_7719\" data-quantity=\"1\" class=\"button product_type_simple\" data-product_id=\"7719\" data-product_sku=\"70820\" aria-label=\"&ldquo;Kuru beyaz fasulye&rdquo; hakk\u0131nda daha fazla bilgi edinin\" rel=\"nofollow\" data-success_message=\"\">Devam\u0131n\u0131 oku<\/a>\t<span id=\"woocommerce_loop_add_to_cart_link_describedby_7719\" class=\"screen-reader-text\">\n\t\t\t<\/span>\n<\/li>\n<li class=\"product type-product post-7776 status-publish instock product_cat-vegetables product_cat-in-season has-post-thumbnail shipping-taxable product-type-simple\">\n\t<a href=\"https:\/\/peitrade.com\/tr\/product\/patates\/\" class=\"woocommerce-LoopProduct-link woocommerce-loop-product__link\"><img decoding=\"async\" width=\"300\" height=\"300\" src=\"https:\/\/peitrade.com\/wp-content\/uploads\/2025\/11\/Egyptian-Potatoes-300x300.webp\" class=\"attachment-woocommerce_thumbnail size-woocommerce_thumbnail\" alt=\"Patates\" srcset=\"https:\/\/peitrade.com\/wp-content\/uploads\/2025\/11\/Egyptian-Potatoes-300x300.webp 300w, https:\/\/peitrade.com\/wp-content\/uploads\/2025\/11\/Egyptian-Potatoes-150x150.webp 150w, https:\/\/peitrade.com\/wp-content\/uploads\/2025\/11\/Egyptian-Potatoes-768x768.webp 768w, https:\/\/peitrade.com\/wp-content\/uploads\/2025\/11\/Egyptian-Potatoes-600x600.webp 600w, https:\/\/peitrade.com\/wp-content\/uploads\/2025\/11\/Egyptian-Potatoes-100x100.webp 100w, https:\/\/peitrade.com\/wp-content\/uploads\/2025\/11\/Egyptian-Potatoes.webp 1024w\" sizes=\"(max-width: 300px) 100vw, 300px\" title=\"\"><h2 class=\"woocommerce-loop-product__title\">Patates<\/h2>\n<\/a><a href=\"https:\/\/peitrade.com\/tr\/product\/patates\/\" aria-describedby=\"woocommerce_loop_add_to_cart_link_describedby_7776\" data-quantity=\"1\" class=\"button product_type_simple\" data-product_id=\"7776\" data-product_sku=\"70190\" aria-label=\"&ldquo;Patates&rdquo; hakk\u0131nda daha fazla bilgi edinin\" rel=\"nofollow\" data-success_message=\"\">Devam\u0131n\u0131 oku<\/a>\t<span id=\"woocommerce_loop_add_to_cart_link_describedby_7776\" class=\"screen-reader-text\">\n\t\t\t<\/span>\n<\/li>\n<li class=\"product type-product post-7484 status-publish instock product_cat-vegetables product_cat-in-season has-post-thumbnail shipping-taxable product-type-simple\">\n\t<a href=\"https:\/\/peitrade.com\/tr\/product\/sogan\/\" class=\"woocommerce-LoopProduct-link woocommerce-loop-product__link\"><img decoding=\"async\" width=\"300\" height=\"300\" src=\"https:\/\/peitrade.com\/wp-content\/uploads\/2025\/11\/Egyption-Onion-300x300.webp\" class=\"attachment-woocommerce_thumbnail size-woocommerce_thumbnail\" alt=\"Egyption Onion - PEI Trade\" srcset=\"https:\/\/peitrade.com\/wp-content\/uploads\/2025\/11\/Egyption-Onion-300x300.webp 300w, https:\/\/peitrade.com\/wp-content\/uploads\/2025\/11\/Egyption-Onion-150x150.webp 150w, https:\/\/peitrade.com\/wp-content\/uploads\/2025\/11\/Egyption-Onion-768x768.webp 768w, https:\/\/peitrade.com\/wp-content\/uploads\/2025\/11\/Egyption-Onion-600x600.webp 600w, https:\/\/peitrade.com\/wp-content\/uploads\/2025\/11\/Egyption-Onion-100x100.webp 100w, https:\/\/peitrade.com\/wp-content\/uploads\/2025\/11\/Egyption-Onion.webp 1024w\" sizes=\"(max-width: 300px) 100vw, 300px\" title=\"\"><h2 class=\"woocommerce-loop-product__title\">So\u011fan<\/h2>\n<\/a><a href=\"https:\/\/peitrade.com\/tr\/product\/sogan\/\" aria-describedby=\"woocommerce_loop_add_to_cart_link_describedby_7484\" data-quantity=\"1\" class=\"button product_type_simple\" data-product_id=\"7484\" data-product_sku=\"70310\" aria-label=\"&ldquo;So\u011fan&rdquo; hakk\u0131nda daha fazla bilgi edinin\" rel=\"nofollow\" data-success_message=\"\">Devam\u0131n\u0131 oku<\/a>\t<span id=\"woocommerce_loop_add_to_cart_link_describedby_7484\" class=\"screen-reader-text\">\n\t\t\t<\/span>\n<\/li>\n<li class=\"product type-product post-7540 status-publish last instock product_cat-vegetables product_cat-in-season has-post-thumbnail shipping-taxable product-type-simple\">\n\t<a href=\"https:\/\/peitrade.com\/tr\/product\/taze-fasulye\/\" class=\"woocommerce-LoopProduct-link woocommerce-loop-product__link\"><img decoding=\"async\" width=\"300\" height=\"300\" src=\"https:\/\/peitrade.com\/wp-content\/uploads\/2025\/11\/Egyptian-Green-Beans-300x300.webp\" class=\"attachment-woocommerce_thumbnail size-woocommerce_thumbnail\" alt=\"Taze fasulye\" srcset=\"https:\/\/peitrade.com\/wp-content\/uploads\/2025\/11\/Egyptian-Green-Beans-300x300.webp 300w, https:\/\/peitrade.com\/wp-content\/uploads\/2025\/11\/Egyptian-Green-Beans-150x150.webp 150w, https:\/\/peitrade.com\/wp-content\/uploads\/2025\/11\/Egyptian-Green-Beans-768x768.webp 768w, https:\/\/peitrade.com\/wp-content\/uploads\/2025\/11\/Egyptian-Green-Beans-600x600.webp 600w, https:\/\/peitrade.com\/wp-content\/uploads\/2025\/11\/Egyptian-Green-Beans-100x100.webp 100w, https:\/\/peitrade.com\/wp-content\/uploads\/2025\/11\/Egyptian-Green-Beans.webp 1024w\" sizes=\"(max-width: 300px) 100vw, 300px\" title=\"\"><h2 class=\"woocommerce-loop-product__title\">Taze fasulye<\/h2>\n<\/a><a href=\"https:\/\/peitrade.com\/tr\/product\/taze-fasulye\/\" aria-describedby=\"woocommerce_loop_add_to_cart_link_describedby_7540\" data-quantity=\"1\" class=\"button product_type_simple\" data-product_id=\"7540\" data-product_sku=\"70821\" aria-label=\"&ldquo;Taze fasulye&rdquo; hakk\u0131nda daha fazla bilgi edinin\" rel=\"nofollow\" data-success_message=\"\">Devam\u0131n\u0131 oku<\/a>\t<span id=\"woocommerce_loop_add_to_cart_link_describedby_7540\" class=\"screen-reader-text\">\n\t\t\t<\/span>\n<\/li>\n<\/ul>\n<\/div><\/div>\n<div class=\"container\">\n<h2>Dondurulmu\u015f Kar\u0131\u015f\u0131k Sebzeleri Toptan Sat\u0131n Almak \u0130\u00e7in Neden PEI Trade ile \u00c7al\u0131\u015fmal\u0131s\u0131n\u0131z?<\/h2>\n<p><span style=\"font-weight: 400;\"><b>Toptan dondurulmu\u015f kar\u0131\u015f\u0131k sebzelerimiz<\/b> \u015fu \u00f6zellikleriyle \u00f6ne \u00e7\u0131kar:<\/span><\/p>\n<ul>\n<li style=\"font-weight: 400;\">Y\u00fcksek kaliteli i\u00e7erikler ve tutarl\u0131 boyutland\u0131rma<\/li>\n<li style=\"font-weight: 400;\">Geli\u015fmi\u015f IQF (Bireysel H\u0131zl\u0131 Dondurma) teknolojisi<\/li>\n<li style=\"font-weight: 400;\">Mutfak taleplerine g\u00f6re \u00f6zelle\u015ftirilmi\u015f <b>dondurulmu\u015f sebze kar\u0131\u015f\u0131m\u0131<\/b> se\u00e7enekleri<\/li>\n<li style=\"font-weight: 400;\">Kat\u0131 g\u0131da g\u00fcvenli\u011fi protokolleri ve k\u00fcresel sertifikalar<\/li>\n<li style=\"font-weight: 400;\">Etkili so\u011fuk zincir lojisti\u011fi ve esnek nakliye ko\u015fullar\u0131<\/li>\n<\/ul>\n<h2>Dondurulmu\u015f Sebze Kar\u0131\u015f\u0131mlar\u0131 \u2013 Pazar\u0131n\u0131za \u00d6zel Uyarlamalar<\/h2>\n<p style=\"font-weight: 400;\">\u0130ster Avrupa, Orta Do\u011fu, Asya ya da Afrika pazar\u0131na hizmet verin, <b>dondurulmu\u015f sebze kar\u0131\u015f\u0131m\u0131<\/b> se\u00e7eneklerimiz farkl\u0131 lezzet tercihlerine g\u00f6re \u00f6zelle\u015ftirilebilir:<\/p>\n<ul>\n<li><b>Klasik Kar\u0131\u015f\u0131m:<\/b> Havu\u00e7, bezelye, m\u0131s\u0131r ve ye\u015fil fasulye<\/li>\n<li><b>Wok Kar\u0131\u015f\u0131m\u0131:<\/b> Brokoli, dolmal\u0131k biber, bebek m\u0131s\u0131r ve bezelye<\/li>\n<li><b>\u00c7orba Kar\u0131\u015f\u0131m\u0131:<\/b> Patates, so\u011fan, havu\u00e7 ve kereviz<\/li>\n<li><b>\u00d6zel Kar\u0131\u015f\u0131mlar:<\/b> Pazar\u0131n\u0131z\u0131n \u00f6zel ihtiya\u00e7lar\u0131na g\u00f6re haz\u0131rlan\u0131r<\/li>\n<\/ul>\n<h2>Ambalaj ve K\u00fcresel Tedarik Se\u00e7enekleri<\/h2>\n<ul>\n<li>Perakende paketler: 1 kg ve 2.5 kg polietilen torbalar<\/li>\n<li>Toptan paketler: G\u0131da hizmetleri i\u00e7in 10 kg ve 20 kg kartonlar<\/li>\n<li>\u00d6zel marka ve s\u00fcrd\u00fcr\u00fclebilir ambalaj se\u00e7enekleri mevcuttur<\/li>\n<\/ul>\n<p><span style=\"font-weight: 400;\">Ambalaj \u00e7\u00f6z\u00fcmlerimiz ihracat uyumlu olup uluslararas\u0131 ta\u015f\u0131ma s\u0131ras\u0131nda tazeli\u011fi korumak \u00fczere tasarlanm\u0131\u015ft\u0131r.<\/span><\/p>\n<h2>Her Pazar \u0130\u00e7in G\u00fcvenilir \u0130hracat Orta\u011f\u0131<\/h2>\n<p style=\"font-weight: 400;\"><b>Dondurulmu\u015f kar\u0131\u015f\u0131k sebze ihracat\u00e7\u0131lar\u0131<\/b> aras\u0131nda tercih edilen bir firma olarak PEI Trade \u015fu \u00fclkelere \u00fcr\u00fcn tedarik etmektedir:<\/p>\n<ul>\n<li>Avrupa: Fransa, Birle\u015fik Krall\u0131k, Almanya, Hollanda<\/li>\n<li>Orta Do\u011fu: BAE, Suudi Arabistan, Katar<\/li>\n<li>Afrika: Nijerya, Kenya, G\u00fcney Afrika<\/li>\n<li>Asya: Hindistan, Japonya, G\u00fcney Kore<\/li>\n<\/ul>\n<p style=\"font-weight: 400;\">Belgelerden sertifikalara, nakliyeden sat\u0131\u015f sonras\u0131 hizmete kadar u\u00e7tan uca destek sa\u011fl\u0131yoruz.<\/p>\n<h2>Kaliteye Ba\u011fl\u0131l\u0131\u011f\u0131m\u0131z<\/h2>\n<ul>\n<li>Daha uzun raf \u00f6mr\u00fc i\u00e7in IQF i\u015fleme<\/li>\n<li>Hasattan saatler i\u00e7inde ha\u015flan\u0131r ve paketlenir<\/li>\n<li>ISO ve HACCP sertifikal\u0131 tesisler<\/li>\n<li>\u0130zlenebilir tedarik zinciri ve tam \u015feffafl\u0131k<\/li>\n<\/ul>\n<\/div>\n<section style=\"padding: 50px 20px; background-color: #f0f0f0;\">\n<div class=\"container\">\n<h2>\u00d6nde Gelen Dondurulmu\u015f Kar\u0131\u015f\u0131k Sebze \u0130hracat\u00e7\u0131lar\u0131 ile Ortak Olun \u2013 PEI Trade<\/h2>\n<p>Kaliteli \u00fcr\u00fcnler ve k\u00fcresel ihracat kapasitesine sahip <b>g\u00fcvenilir dondurulmu\u015f kar\u0131\u015f\u0131k sebze tedarik\u00e7ileri<\/b> ar\u0131yorsan\u0131z, PEI Trade size destek sa\u011flar.<\/p>\n<h2>Bug\u00fcn Teklif veya Numune Talep Edin<\/h2>\n<p>Pazar\u0131n\u0131za uygun m\u00fckemmel bir <b>dondurulmu\u015f sebze kar\u0131\u015f\u0131m\u0131<\/b> olu\u015fturman\u0131za yard\u0131mc\u0131 olal\u0131m. Fiyat, \u00f6zellikler veya \u00fccretsiz numune i\u00e7in bizimle ileti\u015fime ge\u00e7in.<\/p>\n<p style=\"text-align: center; margin-top: 40px;\"><a class=\"button primary large\" href=\"\/contact\">Teklif Al<\/a><\/p>\n<\/div>\n<\/section>\n<section style=\"padding: 50px 20px;\">\n<div class=\"container\">\n<h2>M\u0131s\u0131r&#8217;dan Di\u011fer Tar\u0131msal \u0130hracat \u00dcr\u00fcnlerini Ke\u015ffedin<\/h2>\n<p><b>Toptan dondurulmu\u015f kar\u0131\u015f\u0131k sebzeler<\/b>in yan\u0131 s\u0131ra PEI Trade bamya, \u00e7ilek, molohiya ve di\u011fer dondurulmu\u015f \u00fcr\u00fcnleri de ihra\u00e7 etmektedir. <a href=\"\/about\">Tar\u0131msal ihracat portf\u00f6y\u00fcm\u00fcz\u00fc ke\u015ffedin<\/a>.<\/p>\n<div class=\"wp-block-woocommerce-product-collection\"><div class=\"woocommerce columns-4 \"><ul class=\"products columns-4\" data-products=\"type-2\">\n<li class=\"product type-product post-7360 status-publish first instock product_cat-vegetables has-post-thumbnail shipping-taxable product-type-simple\">\n\t<a href=\"https:\/\/peitrade.com\/tr\/product\/domates\/\" class=\"woocommerce-LoopProduct-link woocommerce-loop-product__link\"><img decoding=\"async\" width=\"300\" height=\"300\" src=\"https:\/\/peitrade.com\/wp-content\/uploads\/2025\/11\/Egyptian-Tomatoes-300x300.webp\" class=\"attachment-woocommerce_thumbnail size-woocommerce_thumbnail\" alt=\"Domates\" srcset=\"https:\/\/peitrade.com\/wp-content\/uploads\/2025\/11\/Egyptian-Tomatoes-300x300.webp 300w, https:\/\/peitrade.com\/wp-content\/uploads\/2025\/11\/Egyptian-Tomatoes-150x150.webp 150w, https:\/\/peitrade.com\/wp-content\/uploads\/2025\/11\/Egyptian-Tomatoes-768x768.webp 768w, https:\/\/peitrade.com\/wp-content\/uploads\/2025\/11\/Egyptian-Tomatoes-600x600.webp 600w, https:\/\/peitrade.com\/wp-content\/uploads\/2025\/11\/Egyptian-Tomatoes-100x100.webp 100w, https:\/\/peitrade.com\/wp-content\/uploads\/2025\/11\/Egyptian-Tomatoes.webp 1024w\" sizes=\"(max-width: 300px) 100vw, 300px\" title=\"\"><h2 class=\"woocommerce-loop-product__title\">Domates<\/h2>\n<\/a><a href=\"https:\/\/peitrade.com\/tr\/product\/domates\/\" aria-describedby=\"woocommerce_loop_add_to_cart_link_describedby_7360\" data-quantity=\"1\" class=\"button product_type_simple\" data-product_id=\"7360\" data-product_sku=\"70200\" aria-label=\"&ldquo;Domates&rdquo; hakk\u0131nda daha fazla bilgi edinin\" rel=\"nofollow\" data-success_message=\"\">Devam\u0131n\u0131 oku<\/a>\t<span id=\"woocommerce_loop_add_to_cart_link_describedby_7360\" class=\"screen-reader-text\">\n\t\t\t<\/span>\n<\/li>\n<li class=\"product type-product post-7776 status-publish instock product_cat-vegetables product_cat-in-season has-post-thumbnail shipping-taxable product-type-simple\">\n\t<a href=\"https:\/\/peitrade.com\/tr\/product\/patates\/\" class=\"woocommerce-LoopProduct-link woocommerce-loop-product__link\"><img decoding=\"async\" width=\"300\" height=\"300\" src=\"https:\/\/peitrade.com\/wp-content\/uploads\/2025\/11\/Egyptian-Potatoes-300x300.webp\" class=\"attachment-woocommerce_thumbnail size-woocommerce_thumbnail\" alt=\"Patates\" srcset=\"https:\/\/peitrade.com\/wp-content\/uploads\/2025\/11\/Egyptian-Potatoes-300x300.webp 300w, https:\/\/peitrade.com\/wp-content\/uploads\/2025\/11\/Egyptian-Potatoes-150x150.webp 150w, https:\/\/peitrade.com\/wp-content\/uploads\/2025\/11\/Egyptian-Potatoes-768x768.webp 768w, https:\/\/peitrade.com\/wp-content\/uploads\/2025\/11\/Egyptian-Potatoes-600x600.webp 600w, https:\/\/peitrade.com\/wp-content\/uploads\/2025\/11\/Egyptian-Potatoes-100x100.webp 100w, https:\/\/peitrade.com\/wp-content\/uploads\/2025\/11\/Egyptian-Potatoes.webp 1024w\" sizes=\"(max-width: 300px) 100vw, 300px\" title=\"\"><h2 class=\"woocommerce-loop-product__title\">Patates<\/h2>\n<\/a><a href=\"https:\/\/peitrade.com\/tr\/product\/patates\/\" aria-describedby=\"woocommerce_loop_add_to_cart_link_describedby_7776\" data-quantity=\"1\" class=\"button product_type_simple\" data-product_id=\"7776\" data-product_sku=\"70190\" aria-label=\"&ldquo;Patates&rdquo; hakk\u0131nda daha fazla bilgi edinin\" rel=\"nofollow\" data-success_message=\"\">Devam\u0131n\u0131 oku<\/a>\t<span id=\"woocommerce_loop_add_to_cart_link_describedby_7776\" class=\"screen-reader-text\">\n\t\t\t<\/span>\n<\/li>\n<li class=\"product type-product post-7376 status-publish instock product_cat-vegetables product_cat-in-season has-post-thumbnail shipping-taxable product-type-simple\">\n\t<a href=\"https:\/\/peitrade.com\/tr\/product\/sarimsak\/\" class=\"woocommerce-LoopProduct-link woocommerce-loop-product__link\"><img decoding=\"async\" width=\"300\" height=\"300\" src=\"https:\/\/peitrade.com\/wp-content\/uploads\/2025\/11\/Egyptian-Garlic-300x300.webp\" class=\"attachment-woocommerce_thumbnail size-woocommerce_thumbnail\" alt=\"Sar\u0131msak\" srcset=\"https:\/\/peitrade.com\/wp-content\/uploads\/2025\/11\/Egyptian-Garlic-300x300.webp 300w, https:\/\/peitrade.com\/wp-content\/uploads\/2025\/11\/Egyptian-Garlic-150x150.webp 150w, https:\/\/peitrade.com\/wp-content\/uploads\/2025\/11\/Egyptian-Garlic-768x768.webp 768w, https:\/\/peitrade.com\/wp-content\/uploads\/2025\/11\/Egyptian-Garlic-600x600.webp 600w, https:\/\/peitrade.com\/wp-content\/uploads\/2025\/11\/Egyptian-Garlic-100x100.webp 100w, https:\/\/peitrade.com\/wp-content\/uploads\/2025\/11\/Egyptian-Garlic.webp 1024w\" sizes=\"(max-width: 300px) 100vw, 300px\" title=\"\"><h2 class=\"woocommerce-loop-product__title\">Sar\u0131msak<\/h2>\n<\/a><a href=\"https:\/\/peitrade.com\/tr\/product\/sarimsak\/\" aria-describedby=\"woocommerce_loop_add_to_cart_link_describedby_7376\" data-quantity=\"1\" class=\"button product_type_simple\" data-product_id=\"7376\" data-product_sku=\"70320\" aria-label=\"&ldquo;Sar\u0131msak&rdquo; hakk\u0131nda daha fazla bilgi edinin\" rel=\"nofollow\" data-success_message=\"\">Devam\u0131n\u0131 oku<\/a>\t<span id=\"woocommerce_loop_add_to_cart_link_describedby_7376\" class=\"screen-reader-text\">\n\t\t\t<\/span>\n<\/li>\n<li class=\"product type-product post-7796 status-publish last instock product_cat-vegetables product_cat-in-season has-post-thumbnail shipping-taxable product-type-simple\">\n\t<a href=\"https:\/\/peitrade.com\/tr\/product\/tatli-patates\/\" class=\"woocommerce-LoopProduct-link woocommerce-loop-product__link\"><img decoding=\"async\" width=\"300\" height=\"300\" src=\"https:\/\/peitrade.com\/wp-content\/uploads\/2025\/11\/Egyptian-Sweet-Potatoes-300x300.webp\" class=\"attachment-woocommerce_thumbnail size-woocommerce_thumbnail\" alt=\"Egyptian Sweet Potatoes - PEI Trade\" srcset=\"https:\/\/peitrade.com\/wp-content\/uploads\/2025\/11\/Egyptian-Sweet-Potatoes-300x300.webp 300w, https:\/\/peitrade.com\/wp-content\/uploads\/2025\/11\/Egyptian-Sweet-Potatoes-150x150.webp 150w, https:\/\/peitrade.com\/wp-content\/uploads\/2025\/11\/Egyptian-Sweet-Potatoes-768x768.webp 768w, https:\/\/peitrade.com\/wp-content\/uploads\/2025\/11\/Egyptian-Sweet-Potatoes-600x600.webp 600w, https:\/\/peitrade.com\/wp-content\/uploads\/2025\/11\/Egyptian-Sweet-Potatoes-100x100.webp 100w, https:\/\/peitrade.com\/wp-content\/uploads\/2025\/11\/Egyptian-Sweet-Potatoes.webp 1024w\" sizes=\"(max-width: 300px) 100vw, 300px\" title=\"\"><h2 class=\"woocommerce-loop-product__title\">Tatl\u0131 patates<\/h2>\n<\/a><a href=\"https:\/\/peitrade.com\/tr\/product\/tatli-patates\/\" aria-describedby=\"woocommerce_loop_add_to_cart_link_describedby_7796\" data-quantity=\"1\" class=\"button product_type_simple\" data-product_id=\"7796\" data-product_sku=\"71420\" aria-label=\"&ldquo;Tatl\u0131 patates&rdquo; hakk\u0131nda daha fazla bilgi edinin\" rel=\"nofollow\" data-success_message=\"\">Devam\u0131n\u0131 oku<\/a>\t<span id=\"woocommerce_loop_add_to_cart_link_describedby_7796\" class=\"screen-reader-text\">\n\t\t\t<\/span>\n<\/li>\n<\/ul>\n<\/div><\/div>\n<\/div>\n<\/section>\n<section style=\"padding: 50px 20px; background-color: #f9f9f9;\">\n<div class=\"container\">\n<h2><span data-teams=\"true\">S\u0131k Sorulan Sorular<\/span><\/h2>\n<h3>\u00d6zel dondurulmu\u015f sebze kar\u0131\u015f\u0131mlar\u0131 sunuyor musunuz?<\/h3>\n<p>Evet, b\u00f6lgesel ve pazar taleplerinize g\u00f6re ki\u015fiselle\u015ftirilmi\u015f kar\u0131\u015f\u0131mlar olu\u015fturuyoruz.<\/p>\n<h3>Hangi ambalaj boyutlar\u0131 mevcut?<\/h3>\n<p>Perakende ve toptan formatlar sunuyoruz, iste\u011fe ba\u011fl\u0131 olarak \u00f6zel etiketleme de mevcuttur.<\/p>\n<h3>Tesisleriniz sertifikal\u0131 m\u0131?<\/h3>\n<p>T\u00fcm \u00fcr\u00fcnler ISO ve HACCP sertifikal\u0131 tesislerde i\u015flenmekte ve tam bitki sa\u011fl\u0131\u011f\u0131 belgeleri ile sunulmaktad\u0131r.<\/p>\n<h3>Minimum sipari\u015f miktar\u0131n\u0131z nedir?<\/h3>\n<p>Hem k\u00fc\u00e7\u00fck hem de b\u00fcy\u00fck sipari\u015fler i\u00e7in esnek miktarlarda hizmet veriyoruz.<\/p>\n<h3>Hangi b\u00f6lgelere ihracat yap\u0131yorsunuz?<\/h3>\n<p>Avrupa, Orta Do\u011fu, Afrika ve Asya&#8217;ya g\u00fcvenilir lojistik deste\u011fi ile ihracat yap\u0131yoruz.<\/p>\n<\/div>\n<\/section>\n","protected":false},"excerpt":{"rendered":"<p>PEI Trade, M\u0131s\u0131r\u2019\u0131n verimli tar\u0131m arazilerinden temin edilen \u00fcst\u00fcn kaliteli sebze kar\u0131\u015f\u0131mlar\u0131yla dondurulmu\u015f kar\u0131\u015f\u0131k sebze ihracat\u00e7\u0131lar\u0131 aras\u0131nda \u00f6ne \u00e7\u0131k\u0131yor. Tazelik, renk koruma ve besin de\u011feri konusundaki taahh\u00fcd\u00fcm\u00fcz, her g\u00f6nderimin uluslararas\u0131 standartlara uygun olmas\u0131n\u0131 sa\u011flar. Deneyimli bir dondurulmu\u015f kar\u0131\u015f\u0131k sebze tedarik\u00e7isi olarak, b\u00fcy\u00fck \u00f6l\u00e7ekli g\u0131da \u00fcreticilerinden perakende da\u011f\u0131t\u0131mc\u0131lar\u0131na kadar geni\u015f bir m\u00fc\u015fteri yelpazesine hizmet veriyoruz. B\u00f6lgesel [&hellip;]<\/p>\n","protected":false},"author":1,"featured_media":0,"parent":0,"menu_order":0,"comment_status":"closed","ping_status":"closed","template":"","meta":{"footnotes":""},"class_list":["post-6474","page","type-page","status-publish","hentry"],"blocksy_meta":[],"mb":[],"featured_image_urls_v2":{"full":"","thumbnail":"","medium":"","medium_large":"","large":"","1536x1536":"","2048x2048":"","woocommerce_archive_thumbnail":"","woocommerce_thumbnail":"","woocommerce_single":"","woocommerce_gallery_thumbnail":""},"post_excerpt_stackable_v2":"<p>PEI Trade, M\u0131s\u0131r\u2019\u0131n verimli tar\u0131m arazilerinden temin edilen \u00fcst\u00fcn kaliteli sebze kar\u0131\u015f\u0131mlar\u0131yla dondurulmu\u015f kar\u0131\u015f\u0131k sebze ihracat\u00e7\u0131lar\u0131 aras\u0131nda \u00f6ne \u00e7\u0131k\u0131yor. Tazelik, renk koruma ve besin de\u011feri konusundaki taahh\u00fcd\u00fcm\u00fcz, her g\u00f6nderimin uluslararas\u0131 standartlara uygun olmas\u0131n\u0131 sa\u011flar. Deneyimli bir dondurulmu\u015f kar\u0131\u015f\u0131k sebze tedarik\u00e7isi olarak, b\u00fcy\u00fck \u00f6l\u00e7ekli g\u0131da \u00fcreticilerinden perakende da\u011f\u0131t\u0131mc\u0131lar\u0131na kadar geni\u015f bir m\u00fc\u015fteri yelpazesine hizmet veriyoruz. B\u00f6lgesel damak zevklerine ve lojistik ihtiya\u00e7lara uygun \u00f6zel dondurulmu\u015f sebze kar\u0131\u015f\u0131m\u0131 \u00e7\u00f6z\u00fcmleri sunuyoruz. Kuru beyaz fasulye Devam\u0131n\u0131 oku Patates Devam\u0131n\u0131 oku So\u011fan Devam\u0131n\u0131 oku Taze fasulye Devam\u0131n\u0131 oku Dondurulmu\u015f Kar\u0131\u015f\u0131k Sebzeleri Toptan Sat\u0131n Almak \u0130\u00e7in Neden PEI Trade ile \u00c7al\u0131\u015fmal\u0131s\u0131n\u0131z? Toptan dondurulmu\u015f kar\u0131\u015f\u0131k sebzelerimiz \u015fu \u00f6zellikleriyle&hellip;<\/p>\n","category_list_v2":"","author_info_v2":{"name":"Mostafa Sabry","url":"https:\/\/peitrade.com\/tr\/author\/emostafaadel_jn8gcqbo\/"},"comments_num_v2":"0 comments","mfb_rest_fields":["title","blocksy_meta","featured_image_urls_v2","post_excerpt_stackable_v2","category_list_v2","author_info_v2","comments_num_v2"],"_links":{"self":[{"href":"https:\/\/peitrade.com\/tr\/wp-json\/wp\/v2\/pages\/6474","targetHints":{"allow":["GET"]}}],"collection":[{"href":"https:\/\/peitrade.com\/tr\/wp-json\/wp\/v2\/pages"}],"about":[{"href":"https:\/\/peitrade.com\/tr\/wp-json\/wp\/v2\/types\/page"}],"author":[{"embeddable":true,"href":"https:\/\/peitrade.com\/tr\/wp-json\/wp\/v2\/users\/1"}],"replies":[{"embeddable":true,"href":"https:\/\/peitrade.com\/tr\/wp-json\/wp\/v2\/comments?post=6474"}],"version-history":[{"count":2,"href":"https:\/\/peitrade.com\/tr\/wp-json\/wp\/v2\/pages\/6474\/revisions"}],"predecessor-version":[{"id":6476,"href":"https:\/\/peitrade.com\/tr\/wp-json\/wp\/v2\/pages\/6474\/revisions\/6476"}],"wp:attachment":[{"href":"https:\/\/peitrade.com\/tr\/wp-json\/wp\/v2\/media?parent=6474"}],"curies":[{"name":"wp","href":"https:\/\/api.w.org\/{rel}","templated":true}]}}