{"id":6533,"date":"2025-06-24T13:30:37","date_gmt":"2025-06-24T13:30:37","guid":{"rendered":"http:\/\/46.224.74.15\/guvenilir-marul-tedarikcilerini-kesfedin\/"},"modified":"2025-11-19T16:58:28","modified_gmt":"2025-11-19T16:58:28","slug":"guvenilir-marul-tedarikcilerini-kesfedin","status":"publish","type":"page","link":"https:\/\/peitrade.com\/tr\/guvenilir-marul-tedarikcilerini-kesfedin\/","title":{"rendered":"Marul Tedarik\u00e7ileri \u2013 PEI Trade&#8217;den Taze, G\u00fcvenilir ve \u0130hracata Haz\u0131r"},"content":{"rendered":"<section style=\"padding: 60px 20px; background-color: #f9f9f9;\">\n<div class=\"container\">\n<p>PEI Trade, d\u00fcnya \u00e7ap\u0131ndaki <b>marul tedarik\u00e7ileri<\/b> aras\u0131nda g\u00fcvenilir orta\u011f\u0131n\u0131zd\u0131r. Besin a\u00e7\u0131s\u0131ndan zengin topraklarda ve ideal yeti\u015ftirme ko\u015fullar\u0131nda yeti\u015ftirilen birinci s\u0131n\u0131f M\u0131s\u0131r marulu sunar. \u0130ster \u00e7\u0131t\u0131r b\u00fct\u00fcn ba\u015f marul ister hassas kesilmi\u015f ye\u015fillikler ar\u0131yor olun, her sevkiyatta tutarl\u0131 kalite ve tazelik sa\u011fl\u0131yoruz.<\/p>\n<p>\u00d6nde gelen <b>do\u011franm\u0131\u015f marul tedarik\u00e7ileri<\/b> ve b\u00fct\u00fcn <b>marul tedarik\u00e7isi<\/b> markalar\u0131ndan biri olarak, \u00fcr\u00fcnlerimiz uluslararas\u0131 g\u0131da g\u00fcvenli\u011fi standartlar\u0131na uygundur ve perakende, g\u0131da hizmeti ve toptan sat\u0131\u015f m\u00fc\u015fterilerinin ihtiya\u00e7lar\u0131na g\u00f6re uyarlanm\u0131\u015ft\u0131r.<\/p>\n<\/div>\n<\/section>\n<div class=\"wp-block-woocommerce-product-collection\"><div class=\"woocommerce columns-4 \"><ul class=\"products columns-4\" data-products=\"type-2\">\n<li class=\"product type-product post-7719 status-publish first instock product_cat-legumes product_cat-in-season has-post-thumbnail shipping-taxable product-type-simple\">\n\t<a href=\"https:\/\/peitrade.com\/tr\/product\/kuru-beyaz-fasulye\/\" class=\"woocommerce-LoopProduct-link woocommerce-loop-product__link\"><img decoding=\"async\" width=\"300\" height=\"300\" src=\"https:\/\/peitrade.com\/wp-content\/uploads\/2025\/11\/Egyptian-White-Beans-300x300.webp\" class=\"attachment-woocommerce_thumbnail size-woocommerce_thumbnail\" alt=\"Kuru beyaz fasulye\" srcset=\"https:\/\/peitrade.com\/wp-content\/uploads\/2025\/11\/Egyptian-White-Beans-300x300.webp 300w, https:\/\/peitrade.com\/wp-content\/uploads\/2025\/11\/Egyptian-White-Beans-150x150.webp 150w, https:\/\/peitrade.com\/wp-content\/uploads\/2025\/11\/Egyptian-White-Beans-768x768.webp 768w, https:\/\/peitrade.com\/wp-content\/uploads\/2025\/11\/Egyptian-White-Beans-600x600.webp 600w, https:\/\/peitrade.com\/wp-content\/uploads\/2025\/11\/Egyptian-White-Beans-100x100.webp 100w, https:\/\/peitrade.com\/wp-content\/uploads\/2025\/11\/Egyptian-White-Beans.webp 1024w\" sizes=\"(max-width: 300px) 100vw, 300px\" title=\"\"><h2 class=\"woocommerce-loop-product__title\">Kuru beyaz fasulye<\/h2>\n<\/a><a href=\"https:\/\/peitrade.com\/tr\/product\/kuru-beyaz-fasulye\/\" aria-describedby=\"woocommerce_loop_add_to_cart_link_describedby_7719\" data-quantity=\"1\" class=\"button product_type_simple\" data-product_id=\"7719\" data-product_sku=\"70820\" aria-label=\"&ldquo;Kuru beyaz fasulye&rdquo; hakk\u0131nda daha fazla bilgi edinin\" rel=\"nofollow\" data-success_message=\"\">Devam\u0131n\u0131 oku<\/a>\t<span id=\"woocommerce_loop_add_to_cart_link_describedby_7719\" class=\"screen-reader-text\">\n\t\t\t<\/span>\n<\/li>\n<li class=\"product type-product post-7776 status-publish instock product_cat-vegetables product_cat-in-season has-post-thumbnail shipping-taxable product-type-simple\">\n\t<a href=\"https:\/\/peitrade.com\/tr\/product\/patates\/\" class=\"woocommerce-LoopProduct-link woocommerce-loop-product__link\"><img decoding=\"async\" width=\"300\" height=\"300\" src=\"https:\/\/peitrade.com\/wp-content\/uploads\/2025\/11\/Egyptian-Potatoes-300x300.webp\" class=\"attachment-woocommerce_thumbnail size-woocommerce_thumbnail\" alt=\"Patates\" srcset=\"https:\/\/peitrade.com\/wp-content\/uploads\/2025\/11\/Egyptian-Potatoes-300x300.webp 300w, https:\/\/peitrade.com\/wp-content\/uploads\/2025\/11\/Egyptian-Potatoes-150x150.webp 150w, https:\/\/peitrade.com\/wp-content\/uploads\/2025\/11\/Egyptian-Potatoes-768x768.webp 768w, https:\/\/peitrade.com\/wp-content\/uploads\/2025\/11\/Egyptian-Potatoes-600x600.webp 600w, https:\/\/peitrade.com\/wp-content\/uploads\/2025\/11\/Egyptian-Potatoes-100x100.webp 100w, https:\/\/peitrade.com\/wp-content\/uploads\/2025\/11\/Egyptian-Potatoes.webp 1024w\" sizes=\"(max-width: 300px) 100vw, 300px\" title=\"\"><h2 class=\"woocommerce-loop-product__title\">Patates<\/h2>\n<\/a><a href=\"https:\/\/peitrade.com\/tr\/product\/patates\/\" aria-describedby=\"woocommerce_loop_add_to_cart_link_describedby_7776\" data-quantity=\"1\" class=\"button product_type_simple\" data-product_id=\"7776\" data-product_sku=\"70190\" aria-label=\"&ldquo;Patates&rdquo; hakk\u0131nda daha fazla bilgi edinin\" rel=\"nofollow\" data-success_message=\"\">Devam\u0131n\u0131 oku<\/a>\t<span id=\"woocommerce_loop_add_to_cart_link_describedby_7776\" class=\"screen-reader-text\">\n\t\t\t<\/span>\n<\/li>\n<li class=\"product type-product post-7484 status-publish instock product_cat-vegetables product_cat-in-season has-post-thumbnail shipping-taxable product-type-simple\">\n\t<a href=\"https:\/\/peitrade.com\/tr\/product\/sogan\/\" class=\"woocommerce-LoopProduct-link woocommerce-loop-product__link\"><img decoding=\"async\" width=\"300\" height=\"300\" src=\"https:\/\/peitrade.com\/wp-content\/uploads\/2025\/11\/Egyption-Onion-300x300.webp\" class=\"attachment-woocommerce_thumbnail size-woocommerce_thumbnail\" alt=\"Egyption Onion - PEI Trade\" srcset=\"https:\/\/peitrade.com\/wp-content\/uploads\/2025\/11\/Egyption-Onion-300x300.webp 300w, https:\/\/peitrade.com\/wp-content\/uploads\/2025\/11\/Egyption-Onion-150x150.webp 150w, https:\/\/peitrade.com\/wp-content\/uploads\/2025\/11\/Egyption-Onion-768x768.webp 768w, https:\/\/peitrade.com\/wp-content\/uploads\/2025\/11\/Egyption-Onion-600x600.webp 600w, https:\/\/peitrade.com\/wp-content\/uploads\/2025\/11\/Egyption-Onion-100x100.webp 100w, https:\/\/peitrade.com\/wp-content\/uploads\/2025\/11\/Egyption-Onion.webp 1024w\" sizes=\"(max-width: 300px) 100vw, 300px\" title=\"\"><h2 class=\"woocommerce-loop-product__title\">So\u011fan<\/h2>\n<\/a><a href=\"https:\/\/peitrade.com\/tr\/product\/sogan\/\" aria-describedby=\"woocommerce_loop_add_to_cart_link_describedby_7484\" data-quantity=\"1\" class=\"button product_type_simple\" data-product_id=\"7484\" data-product_sku=\"70310\" aria-label=\"&ldquo;So\u011fan&rdquo; hakk\u0131nda daha fazla bilgi edinin\" rel=\"nofollow\" data-success_message=\"\">Devam\u0131n\u0131 oku<\/a>\t<span id=\"woocommerce_loop_add_to_cart_link_describedby_7484\" class=\"screen-reader-text\">\n\t\t\t<\/span>\n<\/li>\n<li class=\"product type-product post-7540 status-publish last instock product_cat-vegetables product_cat-in-season has-post-thumbnail shipping-taxable product-type-simple\">\n\t<a href=\"https:\/\/peitrade.com\/tr\/product\/taze-fasulye\/\" class=\"woocommerce-LoopProduct-link woocommerce-loop-product__link\"><img decoding=\"async\" width=\"300\" height=\"300\" src=\"https:\/\/peitrade.com\/wp-content\/uploads\/2025\/11\/Egyptian-Green-Beans-300x300.webp\" class=\"attachment-woocommerce_thumbnail size-woocommerce_thumbnail\" alt=\"Taze fasulye\" srcset=\"https:\/\/peitrade.com\/wp-content\/uploads\/2025\/11\/Egyptian-Green-Beans-300x300.webp 300w, https:\/\/peitrade.com\/wp-content\/uploads\/2025\/11\/Egyptian-Green-Beans-150x150.webp 150w, https:\/\/peitrade.com\/wp-content\/uploads\/2025\/11\/Egyptian-Green-Beans-768x768.webp 768w, https:\/\/peitrade.com\/wp-content\/uploads\/2025\/11\/Egyptian-Green-Beans-600x600.webp 600w, https:\/\/peitrade.com\/wp-content\/uploads\/2025\/11\/Egyptian-Green-Beans-100x100.webp 100w, https:\/\/peitrade.com\/wp-content\/uploads\/2025\/11\/Egyptian-Green-Beans.webp 1024w\" sizes=\"(max-width: 300px) 100vw, 300px\" title=\"\"><h2 class=\"woocommerce-loop-product__title\">Taze fasulye<\/h2>\n<\/a><a href=\"https:\/\/peitrade.com\/tr\/product\/taze-fasulye\/\" aria-describedby=\"woocommerce_loop_add_to_cart_link_describedby_7540\" data-quantity=\"1\" class=\"button product_type_simple\" data-product_id=\"7540\" data-product_sku=\"70821\" aria-label=\"&ldquo;Taze fasulye&rdquo; hakk\u0131nda daha fazla bilgi edinin\" rel=\"nofollow\" data-success_message=\"\">Devam\u0131n\u0131 oku<\/a>\t<span id=\"woocommerce_loop_add_to_cart_link_describedby_7540\" class=\"screen-reader-text\">\n\t\t\t<\/span>\n<\/li>\n<\/ul>\n<\/div><\/div>\n<div class=\"container\">\n<h2>Toptan Marul Tedariki \u0130\u00e7in Neden PEI Trade ile Ortakl\u0131k Kurmal\u0131s\u0131n\u0131z?<\/h2>\n<p><span style=\"font-weight: 400;\">En iyi <b>marul ihracat\u00e7\u0131lar\u0131<\/b> aras\u0131nda \u00fcn\u00fcm\u00fcz \u015fu temellere dayan\u0131r:<\/span><\/p>\n<ul>\n<li style=\"font-weight: 400;\">Hasattan so\u011futmaya h\u0131zl\u0131 zincir ile tazelik garantisi<\/li>\n<li style=\"font-weight: 400;\">Geni\u015f \u00fcr\u00fcn yelpazesi: Iceberg, Romaine, Tereya\u011f ve yaprak marullar<\/li>\n<li style=\"font-weight: 400;\"><b>Do\u011franm\u0131\u015f marul<\/b>un g\u0131da hizmeti i\u00e7in hemen kullan\u0131ma haz\u0131r olmas\u0131<\/li>\n<li style=\"font-weight: 400;\">Toptan, perakende veya \u00f6zel marka ihtiya\u00e7lar\u0131na g\u00f6re \u00f6zelle\u015ftirilmi\u015f paket boyutlar\u0131<\/li>\n<li style=\"font-weight: 400;\">Sertifikal\u0131 \u00e7iftlikler ve g\u00fcvenlik ile g\u00fcven sa\u011flayan izlenebilir tedarik zincirleri<\/li>\n<\/ul>\n<h2>Marul \u0130hracat Sevkiyatlar\u0131 \u0130\u00e7in Tam Hizmet Deste\u011fi<\/h2>\n<p style=\"font-weight: 400;\">M\u0131s\u0131r&#8217;dan liman\u0131n\u0131za kadar PEI Trade ihracat s\u00fcrecinin her ad\u0131m\u0131n\u0131 kolayla\u015ft\u0131r\u0131r. <b>\u0130hracat marulu<\/b> konusunda u\u00e7tan uca hizmette uzman\u0131z:<\/p>\n<ul>\n<li>G\u00fcnl\u00fck hasat ve s\u0131cakl\u0131k kontroll\u00fc lojistik<\/li>\n<li>\u00d6n so\u011futmal\u0131 konteynerler ve h\u0131zl\u0131 g\u00fcmr\u00fck i\u015flemleri<\/li>\n<li>Fitosaniter sertifikasyon ve k\u00fcresel uyumluluk<\/li>\n<li>\u0130thalat program\u0131n\u0131za uygun esnek sevkiyat ko\u015fullar\u0131<\/li>\n<\/ul>\n<h2>Her Pazar \u0130\u00e7in \u0130deal Marul Formatlar\u0131<\/h2>\n<p>\u0130\u015fletmenizin ihtiya\u00e7 duydu\u011fu marul formatlar\u0131n\u0131 sa\u011fl\u0131yoruz:<\/p>\n<ul>\n<li><b>B\u00fct\u00fcn Ba\u015flar:<\/b> S\u00fcpermarketler ve geleneksel pazarlar i\u00e7in paketlenmi\u015ftir<\/li>\n<li><b>\u00d6nceden Y\u0131kanm\u0131\u015f Yapraklar:<\/b> Oteller, havayollar\u0131 ve restoranlar i\u00e7in kullan\u0131ma haz\u0131r<\/li>\n<li><b>Do\u011franm\u0131\u015f Marul:<\/b> Fast food, salata barlar\u0131 ve kurumsal mutfaklar i\u00e7in idealdir<\/li>\n<li><b>\u00d6zel Marka Se\u00e7enekleri:<\/b> \u00d6zel markalama ve porsiyon kontroll\u00fc paketleme<\/li>\n<\/ul>\n<h2>K\u00fcresel Eri\u015fim \u2013 M\u0131s\u0131r Marulunu D\u00fcnya Genelinde \u0130hra\u00e7 Ediyoruz<\/h2>\n<p style=\"font-weight: 400;\">PEI Trade, M\u0131s\u0131r&#8217;daki \u00f6nde gelen <b>marul ihracat\u00e7\u0131lar\u0131<\/b> aras\u0131nda yer al\u0131r ve \u015fu b\u00f6lgelere kaliteli \u00fcr\u00fcnler sunar:<\/p>\n<ul>\n<li>Avrupa: Birle\u015fik Krall\u0131k, Almanya, Hollanda, \u0130spanya<\/li>\n<li>Orta Do\u011fu: BAE, Suudi Arabistan, Kuveyt<\/li>\n<li>Afrika: Fas, Kenya, Nijerya<\/li>\n<li>Asya: Hindistan, Malezya, Singapur<\/li>\n<\/ul>\n<p><span style=\"font-weight: 400;\">\u0130ster konteyner dolusu ister daha k\u00fc\u00e7\u00fck hava kargo partilerine ihtiyac\u0131n\u0131z olsun, zaman\u0131nda ve taze teslimatlar\u0131 h\u0131zl\u0131 hizmet deste\u011fiyle sa\u011fl\u0131yoruz.<\/span><\/p>\n<h2>Hasat ve Tedarik S\u00fcreklili\u011fi<\/h2>\n<p style=\"font-weight: 400;\">M\u0131s\u0131r\u2019\u0131n elveri\u015fli iklimi y\u0131lda birden fazla hasat yap\u0131lmas\u0131na olanak tan\u0131r. B\u00f6ylece PEI Trade gibi <b>marul tedarik\u00e7ileri<\/b>, di\u011fer b\u00f6lgelerde mevsim d\u0131\u015f\u0131 d\u00f6nemlerde bile s\u00fcrekli tedarik sa\u011flayabilir.<\/p>\n<h3>Her \u0130htiyaca Uygun Paketleme Se\u00e7enekleri<\/h3>\n<ul>\n<li>Toptan ve g\u0131da hizmetleri i\u00e7in karton kutular (5kg, 10kg)<\/li>\n<li>Perakendeye haz\u0131r formatlar i\u00e7in flow pack ve kabuk ambalajlar<\/li>\n<li>Raf \u00f6mr\u00fcn\u00fc uzatmak i\u00e7in De\u011fi\u015ftirilmi\u015f Atmosfer Paketleme (MAP)<\/li>\n<\/ul>\n<\/div>\n<section style=\"padding: 50px 20px; background-color: #f0f0f0;\">\n<div class=\"container\">\n<h2>G\u00fcvenilir Marul Tedarik\u00e7ileriyle Ba\u011flant\u0131ya Ge\u00e7in \u2013 PEI Trade<\/h2>\n<p>Tazeli\u011fi k\u00fcresel g\u00f6nderim deneyimiyle birle\u015ftiren uzman <b>marul tedarik\u00e7ileri<\/b> mi ar\u0131yorsunuz? PEI Trade, ihracata haz\u0131r \u00e7\u00f6z\u00fcm\u00fcn\u00fczd\u00fcr.<\/p>\n<h2>Bug\u00fcn Teklif Al\u0131n ya da \u00dccretsiz Numune Talep Edin<\/h2>\n<p>\u00dcr\u00fcn \u00f6zellikleri, fiyatland\u0131rma veya numuneler i\u00e7in bize ula\u015f\u0131n \u2013 pazar\u0131n\u0131z i\u00e7in do\u011fru <b>marul tedarik\u00e7isini<\/b> sa\u011flaman\u0131za yard\u0131mc\u0131 olal\u0131m.<\/p>\n<p style=\"text-align: center; margin-top: 40px;\"><a class=\"button primary large\" href=\"\/contact\">Teklif Al<\/a><\/p>\n<\/div>\n<\/section>\n<section style=\"padding: 50px 20px;\">\n<div class=\"container\">\n<h2>Daha Fazla M\u0131s\u0131r Men\u015feli Taze \u00dcr\u00fcn\u00fc Ke\u015ffedin<\/h2>\n<p>&nbsp;<\/p>\n<p>G\u00fcvenilir <b>marul ihracat\u00e7\u0131lar\u0131<\/b> olman\u0131n yan\u0131 s\u0131ra, PEI Trade ayr\u0131ca so\u011fan, molohiya, bamya ve otlar gibi \u00e7e\u015fitli taze ve dondurulmu\u015f \u00fcr\u00fcnler de tedarik etmektedir. <a href=\"\/about\">T\u00fcm ihracat portf\u00f6y\u00fcm\u00fcz\u00fc ke\u015ffedin<\/a>.<\/p>\n<div class=\"wp-block-woocommerce-product-collection\"><div class=\"woocommerce columns-4 \"><ul class=\"products columns-4\" data-products=\"type-2\">\n<li class=\"product type-product post-7360 status-publish first instock product_cat-vegetables has-post-thumbnail shipping-taxable product-type-simple\">\n\t<a href=\"https:\/\/peitrade.com\/tr\/product\/domates\/\" class=\"woocommerce-LoopProduct-link woocommerce-loop-product__link\"><img decoding=\"async\" width=\"300\" height=\"300\" src=\"https:\/\/peitrade.com\/wp-content\/uploads\/2025\/11\/Egyptian-Tomatoes-300x300.webp\" class=\"attachment-woocommerce_thumbnail size-woocommerce_thumbnail\" alt=\"Domates\" srcset=\"https:\/\/peitrade.com\/wp-content\/uploads\/2025\/11\/Egyptian-Tomatoes-300x300.webp 300w, https:\/\/peitrade.com\/wp-content\/uploads\/2025\/11\/Egyptian-Tomatoes-150x150.webp 150w, https:\/\/peitrade.com\/wp-content\/uploads\/2025\/11\/Egyptian-Tomatoes-768x768.webp 768w, https:\/\/peitrade.com\/wp-content\/uploads\/2025\/11\/Egyptian-Tomatoes-600x600.webp 600w, https:\/\/peitrade.com\/wp-content\/uploads\/2025\/11\/Egyptian-Tomatoes-100x100.webp 100w, https:\/\/peitrade.com\/wp-content\/uploads\/2025\/11\/Egyptian-Tomatoes.webp 1024w\" sizes=\"(max-width: 300px) 100vw, 300px\" title=\"\"><h2 class=\"woocommerce-loop-product__title\">Domates<\/h2>\n<\/a><a href=\"https:\/\/peitrade.com\/tr\/product\/domates\/\" aria-describedby=\"woocommerce_loop_add_to_cart_link_describedby_7360\" data-quantity=\"1\" class=\"button product_type_simple\" data-product_id=\"7360\" data-product_sku=\"70200\" aria-label=\"&ldquo;Domates&rdquo; hakk\u0131nda daha fazla bilgi edinin\" rel=\"nofollow\" data-success_message=\"\">Devam\u0131n\u0131 oku<\/a>\t<span id=\"woocommerce_loop_add_to_cart_link_describedby_7360\" class=\"screen-reader-text\">\n\t\t\t<\/span>\n<\/li>\n<li class=\"product type-product post-7776 status-publish instock product_cat-vegetables product_cat-in-season has-post-thumbnail shipping-taxable product-type-simple\">\n\t<a href=\"https:\/\/peitrade.com\/tr\/product\/patates\/\" class=\"woocommerce-LoopProduct-link woocommerce-loop-product__link\"><img decoding=\"async\" width=\"300\" height=\"300\" src=\"https:\/\/peitrade.com\/wp-content\/uploads\/2025\/11\/Egyptian-Potatoes-300x300.webp\" class=\"attachment-woocommerce_thumbnail size-woocommerce_thumbnail\" alt=\"Patates\" srcset=\"https:\/\/peitrade.com\/wp-content\/uploads\/2025\/11\/Egyptian-Potatoes-300x300.webp 300w, https:\/\/peitrade.com\/wp-content\/uploads\/2025\/11\/Egyptian-Potatoes-150x150.webp 150w, https:\/\/peitrade.com\/wp-content\/uploads\/2025\/11\/Egyptian-Potatoes-768x768.webp 768w, https:\/\/peitrade.com\/wp-content\/uploads\/2025\/11\/Egyptian-Potatoes-600x600.webp 600w, https:\/\/peitrade.com\/wp-content\/uploads\/2025\/11\/Egyptian-Potatoes-100x100.webp 100w, https:\/\/peitrade.com\/wp-content\/uploads\/2025\/11\/Egyptian-Potatoes.webp 1024w\" sizes=\"(max-width: 300px) 100vw, 300px\" title=\"\"><h2 class=\"woocommerce-loop-product__title\">Patates<\/h2>\n<\/a><a href=\"https:\/\/peitrade.com\/tr\/product\/patates\/\" aria-describedby=\"woocommerce_loop_add_to_cart_link_describedby_7776\" data-quantity=\"1\" class=\"button product_type_simple\" data-product_id=\"7776\" data-product_sku=\"70190\" aria-label=\"&ldquo;Patates&rdquo; hakk\u0131nda daha fazla bilgi edinin\" rel=\"nofollow\" data-success_message=\"\">Devam\u0131n\u0131 oku<\/a>\t<span id=\"woocommerce_loop_add_to_cart_link_describedby_7776\" class=\"screen-reader-text\">\n\t\t\t<\/span>\n<\/li>\n<li class=\"product type-product post-7376 status-publish instock product_cat-vegetables product_cat-in-season has-post-thumbnail shipping-taxable product-type-simple\">\n\t<a href=\"https:\/\/peitrade.com\/tr\/product\/sarimsak\/\" class=\"woocommerce-LoopProduct-link woocommerce-loop-product__link\"><img decoding=\"async\" width=\"300\" height=\"300\" src=\"https:\/\/peitrade.com\/wp-content\/uploads\/2025\/11\/Egyptian-Garlic-300x300.webp\" class=\"attachment-woocommerce_thumbnail size-woocommerce_thumbnail\" alt=\"Sar\u0131msak\" srcset=\"https:\/\/peitrade.com\/wp-content\/uploads\/2025\/11\/Egyptian-Garlic-300x300.webp 300w, https:\/\/peitrade.com\/wp-content\/uploads\/2025\/11\/Egyptian-Garlic-150x150.webp 150w, https:\/\/peitrade.com\/wp-content\/uploads\/2025\/11\/Egyptian-Garlic-768x768.webp 768w, https:\/\/peitrade.com\/wp-content\/uploads\/2025\/11\/Egyptian-Garlic-600x600.webp 600w, https:\/\/peitrade.com\/wp-content\/uploads\/2025\/11\/Egyptian-Garlic-100x100.webp 100w, https:\/\/peitrade.com\/wp-content\/uploads\/2025\/11\/Egyptian-Garlic.webp 1024w\" sizes=\"(max-width: 300px) 100vw, 300px\" title=\"\"><h2 class=\"woocommerce-loop-product__title\">Sar\u0131msak<\/h2>\n<\/a><a href=\"https:\/\/peitrade.com\/tr\/product\/sarimsak\/\" aria-describedby=\"woocommerce_loop_add_to_cart_link_describedby_7376\" data-quantity=\"1\" class=\"button product_type_simple\" data-product_id=\"7376\" data-product_sku=\"70320\" aria-label=\"&ldquo;Sar\u0131msak&rdquo; hakk\u0131nda daha fazla bilgi edinin\" rel=\"nofollow\" data-success_message=\"\">Devam\u0131n\u0131 oku<\/a>\t<span id=\"woocommerce_loop_add_to_cart_link_describedby_7376\" class=\"screen-reader-text\">\n\t\t\t<\/span>\n<\/li>\n<li class=\"product type-product post-7796 status-publish last instock product_cat-vegetables product_cat-in-season has-post-thumbnail shipping-taxable product-type-simple\">\n\t<a href=\"https:\/\/peitrade.com\/tr\/product\/tatli-patates\/\" class=\"woocommerce-LoopProduct-link woocommerce-loop-product__link\"><img decoding=\"async\" width=\"300\" height=\"300\" src=\"https:\/\/peitrade.com\/wp-content\/uploads\/2025\/11\/Egyptian-Sweet-Potatoes-300x300.webp\" class=\"attachment-woocommerce_thumbnail size-woocommerce_thumbnail\" alt=\"Egyptian Sweet Potatoes - PEI Trade\" srcset=\"https:\/\/peitrade.com\/wp-content\/uploads\/2025\/11\/Egyptian-Sweet-Potatoes-300x300.webp 300w, https:\/\/peitrade.com\/wp-content\/uploads\/2025\/11\/Egyptian-Sweet-Potatoes-150x150.webp 150w, https:\/\/peitrade.com\/wp-content\/uploads\/2025\/11\/Egyptian-Sweet-Potatoes-768x768.webp 768w, https:\/\/peitrade.com\/wp-content\/uploads\/2025\/11\/Egyptian-Sweet-Potatoes-600x600.webp 600w, https:\/\/peitrade.com\/wp-content\/uploads\/2025\/11\/Egyptian-Sweet-Potatoes-100x100.webp 100w, https:\/\/peitrade.com\/wp-content\/uploads\/2025\/11\/Egyptian-Sweet-Potatoes.webp 1024w\" sizes=\"(max-width: 300px) 100vw, 300px\" title=\"\"><h2 class=\"woocommerce-loop-product__title\">Tatl\u0131 patates<\/h2>\n<\/a><a href=\"https:\/\/peitrade.com\/tr\/product\/tatli-patates\/\" aria-describedby=\"woocommerce_loop_add_to_cart_link_describedby_7796\" data-quantity=\"1\" class=\"button product_type_simple\" data-product_id=\"7796\" data-product_sku=\"71420\" aria-label=\"&ldquo;Tatl\u0131 patates&rdquo; hakk\u0131nda daha fazla bilgi edinin\" rel=\"nofollow\" data-success_message=\"\">Devam\u0131n\u0131 oku<\/a>\t<span id=\"woocommerce_loop_add_to_cart_link_describedby_7796\" class=\"screen-reader-text\">\n\t\t\t<\/span>\n<\/li>\n<\/ul>\n<\/div><\/div>\n<\/div>\n<\/section>\n<section style=\"padding: 50px 20px; background-color: #f9f9f9;\">\n<div class=\"container\">\n<h2>S\u0131k\u00e7a Sorulan Sorular<\/h2>\n<h3>Do\u011franm\u0131\u015f marul ihra\u00e7 ediyor musunuz?<\/h3>\n<p>Evet, g\u0131da hizmeti ve perakende i\u00e7in ideal so\u011futulmu\u015f formatlarda taze do\u011franm\u0131\u015f marul sa\u011fl\u0131yoruz.<\/p>\n<h3>\u00d6zelle\u015ftirilmi\u015f ambalaj veya etiket talep edebilir miyim?<\/h3>\n<p>Kesinlikle. \u00d6zel marka se\u00e7enekleri ve markan\u0131za uygun \u00e7e\u015fitli formatlar sunuyoruz.<\/p>\n<h3>\u0130hracat s\u0131ras\u0131nda tazeli\u011fi nas\u0131l sa\u011fl\u0131yorsunuz?<\/h3>\n<p>Kaliteyi korumak i\u00e7in h\u0131zl\u0131 so\u011futma sistemleri, so\u011fuk zincir lojisti\u011fi ve MAP teknolojisi kullan\u0131yoruz.<\/p>\n<h3>Hangi \u00fclkelere marul ihra\u00e7 ediyorsunuz?<\/h3>\n<p>Avrupa, Orta Do\u011fu, Afrika ve Asya&#8217;ya esnek sevkiyat se\u00e7enekleriyle ihracat yap\u0131yoruz.<\/p>\n<h3>Marullar\u0131n\u0131z sertifikal\u0131 m\u0131?<\/h3>\n<p>Evet, \u00fcr\u00fcnlerimiz Global GAP ve ISO sertifikal\u0131d\u0131r ve tam izlenebilirli\u011fe sahiptir.<\/p>\n<\/div>\n<\/section>\n","protected":false},"excerpt":{"rendered":"<p>PEI Trade, d\u00fcnya \u00e7ap\u0131ndaki marul tedarik\u00e7ileri aras\u0131nda g\u00fcvenilir orta\u011f\u0131n\u0131zd\u0131r. Besin a\u00e7\u0131s\u0131ndan zengin topraklarda ve ideal yeti\u015ftirme ko\u015fullar\u0131nda yeti\u015ftirilen birinci s\u0131n\u0131f M\u0131s\u0131r marulu sunar. \u0130ster \u00e7\u0131t\u0131r b\u00fct\u00fcn ba\u015f marul ister hassas kesilmi\u015f ye\u015fillikler ar\u0131yor olun, her sevkiyatta tutarl\u0131 kalite ve tazelik sa\u011fl\u0131yoruz. \u00d6nde gelen do\u011franm\u0131\u015f marul tedarik\u00e7ileri ve b\u00fct\u00fcn marul tedarik\u00e7isi markalar\u0131ndan biri olarak, \u00fcr\u00fcnlerimiz uluslararas\u0131 [&hellip;]<\/p>\n","protected":false},"author":1,"featured_media":0,"parent":0,"menu_order":0,"comment_status":"closed","ping_status":"closed","template":"","meta":{"footnotes":""},"class_list":["post-6533","page","type-page","status-publish","hentry"],"blocksy_meta":[],"mb":[],"featured_image_urls_v2":{"full":"","thumbnail":"","medium":"","medium_large":"","large":"","1536x1536":"","2048x2048":"","woocommerce_archive_thumbnail":"","woocommerce_thumbnail":"","woocommerce_single":"","woocommerce_gallery_thumbnail":""},"post_excerpt_stackable_v2":"<p>PEI Trade, d\u00fcnya \u00e7ap\u0131ndaki marul tedarik\u00e7ileri aras\u0131nda g\u00fcvenilir orta\u011f\u0131n\u0131zd\u0131r. Besin a\u00e7\u0131s\u0131ndan zengin topraklarda ve ideal yeti\u015ftirme ko\u015fullar\u0131nda yeti\u015ftirilen birinci s\u0131n\u0131f M\u0131s\u0131r marulu sunar. \u0130ster \u00e7\u0131t\u0131r b\u00fct\u00fcn ba\u015f marul ister hassas kesilmi\u015f ye\u015fillikler ar\u0131yor olun, her sevkiyatta tutarl\u0131 kalite ve tazelik sa\u011fl\u0131yoruz. \u00d6nde gelen do\u011franm\u0131\u015f marul tedarik\u00e7ileri ve b\u00fct\u00fcn marul tedarik\u00e7isi markalar\u0131ndan biri olarak, \u00fcr\u00fcnlerimiz uluslararas\u0131 g\u0131da g\u00fcvenli\u011fi standartlar\u0131na uygundur ve perakende, g\u0131da hizmeti ve toptan sat\u0131\u015f m\u00fc\u015fterilerinin ihtiya\u00e7lar\u0131na g\u00f6re uyarlanm\u0131\u015ft\u0131r. Kuru beyaz fasulye Devam\u0131n\u0131 oku Patates Devam\u0131n\u0131 oku So\u011fan Devam\u0131n\u0131 oku Taze fasulye Devam\u0131n\u0131 oku Toptan Marul Tedariki \u0130\u00e7in Neden PEI Trade ile Ortakl\u0131k Kurmal\u0131s\u0131n\u0131z? En iyi marul ihracat\u00e7\u0131lar\u0131 aras\u0131nda&hellip;<\/p>\n","category_list_v2":"","author_info_v2":{"name":"Mostafa Sabry","url":"https:\/\/peitrade.com\/tr\/author\/emostafaadel_jn8gcqbo\/"},"comments_num_v2":"0 comments","mfb_rest_fields":["title","blocksy_meta","featured_image_urls_v2","post_excerpt_stackable_v2","category_list_v2","author_info_v2","comments_num_v2"],"_links":{"self":[{"href":"https:\/\/peitrade.com\/tr\/wp-json\/wp\/v2\/pages\/6533","targetHints":{"allow":["GET"]}}],"collection":[{"href":"https:\/\/peitrade.com\/tr\/wp-json\/wp\/v2\/pages"}],"about":[{"href":"https:\/\/peitrade.com\/tr\/wp-json\/wp\/v2\/types\/page"}],"author":[{"embeddable":true,"href":"https:\/\/peitrade.com\/tr\/wp-json\/wp\/v2\/users\/1"}],"replies":[{"embeddable":true,"href":"https:\/\/peitrade.com\/tr\/wp-json\/wp\/v2\/comments?post=6533"}],"version-history":[{"count":1,"href":"https:\/\/peitrade.com\/tr\/wp-json\/wp\/v2\/pages\/6533\/revisions"}],"predecessor-version":[{"id":6534,"href":"https:\/\/peitrade.com\/tr\/wp-json\/wp\/v2\/pages\/6533\/revisions\/6534"}],"wp:attachment":[{"href":"https:\/\/peitrade.com\/tr\/wp-json\/wp\/v2\/media?parent=6533"}],"curies":[{"name":"wp","href":"https:\/\/api.w.org\/{rel}","templated":true}]}}