{"id":6543,"date":"2025-06-26T09:27:30","date_gmt":"2025-06-26T09:27:30","guid":{"rendered":"http:\/\/46.224.74.15\/egyptian-frozen-okra-exporter-5\/"},"modified":"2025-11-19T16:58:40","modified_gmt":"2025-11-19T16:58:40","slug":"egyptian-frozen-okra-exporter-5","status":"publish","type":"page","link":"https:\/\/peitrade.com\/tr\/egyptian-frozen-okra-exporter-5\/","title":{"rendered":"M\u0131s\u0131r Dondurulmu\u015f Bamya \u0130hracat\u00e7\u0131s\u0131 \u2013 PEI Trade&#8217;den Premium Kalite"},"content":{"rendered":"<section style=\"padding: 60px 20px; background-color: #f9f9f9;\">\n<div class=\"container\">\n<h1>M\u0131s\u0131r Dondurulmu\u015f Bamya \u0130hracat\u00e7\u0131s\u0131 \u2013 PEI Trade&#8217;den Premium Kalite<\/h1>\n<p>PEI Trade, y\u00fcksek kaliteli IQF bamya tedarikiyle \u00f6ne \u00e7\u0131kan lider bir <b>M\u0131s\u0131r dondurulmu\u015f bamya ihracat\u00e7\u0131s\u0131<\/b> olarak dikkat \u00e7eker. Geli\u015fmi\u015f Bireysel H\u0131zl\u0131 Dondurma (IQF) y\u00f6ntemlerini kullanarak \u00f6zenle se\u00e7ilmi\u015f M\u0131s\u0131r bamyalar\u0131n\u0131 ihra\u00e7 etme konusunda uzman\u0131z. Bu sayede bamyalar\u0131n orijinal rengi, dokusu ve besin de\u011feri korunur.<\/p>\n<p><b>M\u0131s\u0131r dondurulmu\u015f bamya ihracat\u00e7\u0131s\u0131<\/b> olarak uzmanl\u0131\u011f\u0131m\u0131z, perakende, toptan ve g\u0131da hizmeti m\u00fc\u015fterilerine y\u00f6nelik esnek ambalajlar ve g\u00fcvenli, tutarl\u0131 \u00fcr\u00fcn kalitesi sunmam\u0131za olanak tan\u0131r.<\/p>\n<\/div>\n<\/section>\n<div class=\"wp-block-woocommerce-product-collection\"><div class=\"woocommerce columns-4 \"><ul class=\"products columns-4\" data-products=\"type-2\">\n<li class=\"product type-product post-7719 status-publish first instock product_cat-legumes product_cat-in-season has-post-thumbnail shipping-taxable product-type-simple\">\n\t<a href=\"https:\/\/peitrade.com\/tr\/product\/kuru-beyaz-fasulye\/\" class=\"woocommerce-LoopProduct-link woocommerce-loop-product__link\"><img decoding=\"async\" width=\"300\" height=\"300\" src=\"https:\/\/peitrade.com\/wp-content\/uploads\/2025\/11\/Egyptian-White-Beans-300x300.webp\" class=\"attachment-woocommerce_thumbnail size-woocommerce_thumbnail\" alt=\"Kuru beyaz fasulye\" srcset=\"https:\/\/peitrade.com\/wp-content\/uploads\/2025\/11\/Egyptian-White-Beans-300x300.webp 300w, https:\/\/peitrade.com\/wp-content\/uploads\/2025\/11\/Egyptian-White-Beans-150x150.webp 150w, https:\/\/peitrade.com\/wp-content\/uploads\/2025\/11\/Egyptian-White-Beans-768x768.webp 768w, https:\/\/peitrade.com\/wp-content\/uploads\/2025\/11\/Egyptian-White-Beans-600x600.webp 600w, https:\/\/peitrade.com\/wp-content\/uploads\/2025\/11\/Egyptian-White-Beans-100x100.webp 100w, https:\/\/peitrade.com\/wp-content\/uploads\/2025\/11\/Egyptian-White-Beans.webp 1024w\" sizes=\"(max-width: 300px) 100vw, 300px\" title=\"\"><h2 class=\"woocommerce-loop-product__title\">Kuru beyaz fasulye<\/h2>\n<\/a><a href=\"https:\/\/peitrade.com\/tr\/product\/kuru-beyaz-fasulye\/\" aria-describedby=\"woocommerce_loop_add_to_cart_link_describedby_7719\" data-quantity=\"1\" class=\"button product_type_simple\" data-product_id=\"7719\" data-product_sku=\"70820\" aria-label=\"&ldquo;Kuru beyaz fasulye&rdquo; hakk\u0131nda daha fazla bilgi edinin\" rel=\"nofollow\" data-success_message=\"\">Devam\u0131n\u0131 oku<\/a>\t<span id=\"woocommerce_loop_add_to_cart_link_describedby_7719\" class=\"screen-reader-text\">\n\t\t\t<\/span>\n<\/li>\n<li class=\"product type-product post-7776 status-publish instock product_cat-vegetables product_cat-in-season has-post-thumbnail shipping-taxable product-type-simple\">\n\t<a href=\"https:\/\/peitrade.com\/tr\/product\/patates\/\" class=\"woocommerce-LoopProduct-link woocommerce-loop-product__link\"><img decoding=\"async\" width=\"300\" height=\"300\" src=\"https:\/\/peitrade.com\/wp-content\/uploads\/2025\/11\/Egyptian-Potatoes-300x300.webp\" class=\"attachment-woocommerce_thumbnail size-woocommerce_thumbnail\" alt=\"Patates\" srcset=\"https:\/\/peitrade.com\/wp-content\/uploads\/2025\/11\/Egyptian-Potatoes-300x300.webp 300w, https:\/\/peitrade.com\/wp-content\/uploads\/2025\/11\/Egyptian-Potatoes-150x150.webp 150w, https:\/\/peitrade.com\/wp-content\/uploads\/2025\/11\/Egyptian-Potatoes-768x768.webp 768w, https:\/\/peitrade.com\/wp-content\/uploads\/2025\/11\/Egyptian-Potatoes-600x600.webp 600w, https:\/\/peitrade.com\/wp-content\/uploads\/2025\/11\/Egyptian-Potatoes-100x100.webp 100w, https:\/\/peitrade.com\/wp-content\/uploads\/2025\/11\/Egyptian-Potatoes.webp 1024w\" sizes=\"(max-width: 300px) 100vw, 300px\" title=\"\"><h2 class=\"woocommerce-loop-product__title\">Patates<\/h2>\n<\/a><a href=\"https:\/\/peitrade.com\/tr\/product\/patates\/\" aria-describedby=\"woocommerce_loop_add_to_cart_link_describedby_7776\" data-quantity=\"1\" class=\"button product_type_simple\" data-product_id=\"7776\" data-product_sku=\"70190\" aria-label=\"&ldquo;Patates&rdquo; hakk\u0131nda daha fazla bilgi edinin\" rel=\"nofollow\" data-success_message=\"\">Devam\u0131n\u0131 oku<\/a>\t<span id=\"woocommerce_loop_add_to_cart_link_describedby_7776\" class=\"screen-reader-text\">\n\t\t\t<\/span>\n<\/li>\n<li class=\"product type-product post-7484 status-publish instock product_cat-vegetables product_cat-in-season has-post-thumbnail shipping-taxable product-type-simple\">\n\t<a href=\"https:\/\/peitrade.com\/tr\/product\/sogan\/\" class=\"woocommerce-LoopProduct-link woocommerce-loop-product__link\"><img decoding=\"async\" width=\"300\" height=\"300\" src=\"https:\/\/peitrade.com\/wp-content\/uploads\/2025\/11\/Egyption-Onion-300x300.webp\" class=\"attachment-woocommerce_thumbnail size-woocommerce_thumbnail\" alt=\"Egyption Onion - PEI Trade\" srcset=\"https:\/\/peitrade.com\/wp-content\/uploads\/2025\/11\/Egyption-Onion-300x300.webp 300w, https:\/\/peitrade.com\/wp-content\/uploads\/2025\/11\/Egyption-Onion-150x150.webp 150w, https:\/\/peitrade.com\/wp-content\/uploads\/2025\/11\/Egyption-Onion-768x768.webp 768w, https:\/\/peitrade.com\/wp-content\/uploads\/2025\/11\/Egyption-Onion-600x600.webp 600w, https:\/\/peitrade.com\/wp-content\/uploads\/2025\/11\/Egyption-Onion-100x100.webp 100w, https:\/\/peitrade.com\/wp-content\/uploads\/2025\/11\/Egyption-Onion.webp 1024w\" sizes=\"(max-width: 300px) 100vw, 300px\" title=\"\"><h2 class=\"woocommerce-loop-product__title\">So\u011fan<\/h2>\n<\/a><a href=\"https:\/\/peitrade.com\/tr\/product\/sogan\/\" aria-describedby=\"woocommerce_loop_add_to_cart_link_describedby_7484\" data-quantity=\"1\" class=\"button product_type_simple\" data-product_id=\"7484\" data-product_sku=\"70310\" aria-label=\"&ldquo;So\u011fan&rdquo; hakk\u0131nda daha fazla bilgi edinin\" rel=\"nofollow\" data-success_message=\"\">Devam\u0131n\u0131 oku<\/a>\t<span id=\"woocommerce_loop_add_to_cart_link_describedby_7484\" class=\"screen-reader-text\">\n\t\t\t<\/span>\n<\/li>\n<li class=\"product type-product post-7540 status-publish last instock product_cat-vegetables product_cat-in-season has-post-thumbnail shipping-taxable product-type-simple\">\n\t<a href=\"https:\/\/peitrade.com\/tr\/product\/taze-fasulye\/\" class=\"woocommerce-LoopProduct-link woocommerce-loop-product__link\"><img decoding=\"async\" width=\"300\" height=\"300\" src=\"https:\/\/peitrade.com\/wp-content\/uploads\/2025\/11\/Egyptian-Green-Beans-300x300.webp\" class=\"attachment-woocommerce_thumbnail size-woocommerce_thumbnail\" alt=\"Taze fasulye\" srcset=\"https:\/\/peitrade.com\/wp-content\/uploads\/2025\/11\/Egyptian-Green-Beans-300x300.webp 300w, https:\/\/peitrade.com\/wp-content\/uploads\/2025\/11\/Egyptian-Green-Beans-150x150.webp 150w, https:\/\/peitrade.com\/wp-content\/uploads\/2025\/11\/Egyptian-Green-Beans-768x768.webp 768w, https:\/\/peitrade.com\/wp-content\/uploads\/2025\/11\/Egyptian-Green-Beans-600x600.webp 600w, https:\/\/peitrade.com\/wp-content\/uploads\/2025\/11\/Egyptian-Green-Beans-100x100.webp 100w, https:\/\/peitrade.com\/wp-content\/uploads\/2025\/11\/Egyptian-Green-Beans.webp 1024w\" sizes=\"(max-width: 300px) 100vw, 300px\" title=\"\"><h2 class=\"woocommerce-loop-product__title\">Taze fasulye<\/h2>\n<\/a><a href=\"https:\/\/peitrade.com\/tr\/product\/taze-fasulye\/\" aria-describedby=\"woocommerce_loop_add_to_cart_link_describedby_7540\" data-quantity=\"1\" class=\"button product_type_simple\" data-product_id=\"7540\" data-product_sku=\"70821\" aria-label=\"&ldquo;Taze fasulye&rdquo; hakk\u0131nda daha fazla bilgi edinin\" rel=\"nofollow\" data-success_message=\"\">Devam\u0131n\u0131 oku<\/a>\t<span id=\"woocommerce_loop_add_to_cart_link_describedby_7540\" class=\"screen-reader-text\">\n\t\t\t<\/span>\n<\/li>\n<\/ul>\n<\/div><\/div>\n<section style=\"padding: 50px 20px;\">\n<div class=\"container\">\n<h2>Neden PEI Trade ile \u00c7al\u0131\u015fmal\u0131s\u0131n\u0131z?<\/h2>\n<p><span style=\"font-weight: 400;\">PEI Trade ile \u00e7al\u0131\u015farak g\u00fcvenilir bir <b>M\u0131s\u0131r dondurulmu\u015f bamya ihracat\u00e7\u0131s\u0131<\/b> ile i\u015f birli\u011fi yapars\u0131n\u0131z. Size sunduklar\u0131m\u0131z:<\/span><\/p>\n<ul>\n<li style=\"font-weight: 400;\">\u00dcst d\u00fczey tazelik ve yap\u0131 sa\u011flayan IQF teknolojisi<\/li>\n<li style=\"font-weight: 400;\">Tam, Zero ve Halka gibi farkl\u0131 kesim se\u00e7enekleri<\/li>\n<li style=\"font-weight: 400;\">Katk\u0131 maddesi veya koruyucu i\u00e7ermeyen %100 do\u011fal bamya<\/li>\n<li style=\"font-weight: 400;\">Lif ve antioksidan a\u00e7\u0131s\u0131ndan zengin besinler<\/li>\n<li style=\"font-weight: 400;\">Y\u0131l boyu g\u00fcvenilir tedarik ve s\u0131k\u0131 kalite kontrol<\/li>\n<\/ul>\n<p><span style=\"font-weight: 400;\">Uluslararas\u0131 m\u00fc\u015fteri memnuniyeti ve sekt\u00f6rel sertifikalarla desteklenen bir <b>M\u0131s\u0131r dondurulmu\u015f bamya ihracat\u00e7\u0131s\u0131<\/b> olarak tan\u0131n\u0131yoruz.<\/span><\/p>\n<h2>\u00c7iftlikten Nakliyeye \u2013 \u0130hracat S\u00fcrecimiz<\/h2>\n<p><span style=\"font-weight: 400;\">Sertifikal\u0131 bir <b>M\u0131s\u0131r dondurulmu\u015f bamya ihracat\u00e7\u0131s\u0131<\/b> olan PEI Trade a\u015fa\u011f\u0131daki ad\u0131mlar\u0131 izler:<\/span><\/p>\n<ul>\n<li style=\"font-weight: 400;\">M\u0131s\u0131r&#8217;daki sezonluk \u00e7iftliklerden (May\u0131s\u2013Ekim) hasat<\/li>\n<li style=\"font-weight: 400;\">Hijyenik ay\u0131klama, y\u0131kama ve ha\u015flama<\/li>\n<li style=\"font-weight: 400;\">Tazelik ve raf \u00f6mr\u00fc i\u00e7in IQF ile dondurma<\/li>\n<li style=\"font-weight: 400;\">Toplu ve \u00f6zel markal\u0131 ambalaj \u00e7\u00f6z\u00fcmleri<\/li>\n<li style=\"font-weight: 400;\">Tam ihracat belgeleri ve uluslararas\u0131 lojistik<\/li>\n<\/ul>\n<p><span style=\"font-weight: 400;\">Al\u0131c\u0131lar\u0131n g\u00fcvenilir bir <b>M\u0131s\u0131r dondurulmu\u015f bamya ihracat\u00e7\u0131s\u0131<\/b>ndan tedarik yapmas\u0131n\u0131 kolayla\u015ft\u0131r\u0131yoruz.<\/span><\/p>\n<h2>Sezonluk Mevcudiyet ve Tedarik<\/h2>\n<p><span style=\"font-weight: 400;\">M\u0131s\u0131r bamyas\u0131 <b>May\u0131s\u2019tan Ekim\u2019e<\/b> kadar hasat edilir ve ihracat i\u00e7in y\u00fcksek kalite sa\u011flar.<\/span><\/p>\n<p style=\"font-weight: 400;\">PEI Trade, HACCP onayl\u0131 so\u011fuk depolar ile uzun vadeli s\u00f6zle\u015fmelere uygun s\u00fcrekli tedarik garantisi verir.<\/p>\n<h3>Hizmet Verilen Sekt\u00f6rler<\/h3>\n<p><span style=\"font-weight: 400;\">Uzman bir <b>M\u0131s\u0131r dondurulmu\u015f bamya ihracat\u00e7\u0131s\u0131<\/b> olarak \u00e7e\u015fitli sekt\u00f6rlere hizmet veriyoruz:<\/span><\/p>\n<ul>\n<li style=\"font-weight: 400;\"><b>Perakendeciler:<\/b> Market zincirleri ve donmu\u015f g\u0131da distrib\u00fct\u00f6rleri<\/li>\n<li style=\"font-weight: 400;\"><b>G\u0131da Hizmetleri:<\/b> Restoranlar, catering firmalar\u0131 ve oteller<\/li>\n<li style=\"font-weight: 400;\"><b>\u0130\u015fleyiciler:<\/b> Haz\u0131r yemek, yahni ve \u00e7orba \u00fcreticileri<\/li>\n<li style=\"font-weight: 400;\"><b>\u0130thalat\u00e7\u0131lar:<\/b> Uluslararas\u0131 da\u011f\u0131t\u0131m i\u00e7in toplu sevkiyat<\/li>\n<\/ul>\n<h3>K\u00fcresel \u0130hracat Pazarlar\u0131<\/h3>\n<p><span style=\"font-weight: 400;\">30&#8217;dan fazla \u00fclkeye hizmet veren k\u00fcresel bir <b>M\u0131s\u0131r dondurulmu\u015f bamya ihracat\u00e7\u0131s\u0131<\/b> olarak gurur duyuyoruz:<\/span><\/p>\n<ul>\n<li style=\"font-weight: 400;\">Avrupa: Fransa, Almanya, Birle\u015fik Krall\u0131k, Hollanda<\/li>\n<li style=\"font-weight: 400;\">Orta Do\u011fu: Suudi Arabistan, BAE, Kuveyt, Katar<\/li>\n<li style=\"font-weight: 400;\">Afrika: Kenya, Nijerya, G\u00fcney Afrika<\/li>\n<li style=\"font-weight: 400;\">Asya: Hindistan, Malezya, G\u00fcney Kore<\/li>\n<\/ul>\n<p><span style=\"font-weight: 400;\">Lider bir <b>M\u0131s\u0131r dondurulmu\u015f bamya ihracat\u00e7\u0131s\u0131<\/b> olarak PEI Trade, sertifikal\u0131 ve sorunsuz sevkiyatlar sunar.<\/span><\/p>\n<h2>Esnek Ambalaj Se\u00e7enekleri<\/h2>\n<p><span style=\"font-weight: 400;\">PEI Trade, her \u00f6l\u00e7ekten i\u015fletmeyi destekler:<\/span><\/p>\n<ul>\n<li style=\"font-weight: 400;\">Toplu sat\u0131\u015f i\u00e7in 10kg\u201320kg karton kutular<\/li>\n<li style=\"font-weight: 400;\">\u00d6zel markal\u0131 400g\u20132kg perakende po\u015fetleri<\/li>\n<li style=\"font-weight: 400;\">Uzun raf \u00f6mr\u00fc i\u00e7in vakumlu po\u015fetler<\/li>\n<li style=\"font-weight: 400;\">Paletli donmu\u015f konteyner sevkiyatlar\u0131<\/li>\n<\/ul>\n<p><span style=\"font-weight: 400;\">T\u00fcm ambalaj malzemeleri k\u00fcresel g\u0131da g\u00fcvenli\u011fi ve etiketleme standartlar\u0131na uygundur.<\/span><\/p>\n<\/div>\n<\/section>\n<section style=\"padding: 50px 20px; background-color: #f0f0f0;\">\n<div class=\"container\">\n<h2>PEI Trade ile Ortak Olun \u2013 M\u0131s\u0131r Dondurulmu\u015f Bamya \u0130hracat\u00e7\u0131n\u0131z<\/h2>\n<p>G\u00fcvenilir bir <b>M\u0131s\u0131r dondurulmu\u015f bamya ihracat\u00e7\u0131s\u0131<\/b> m\u0131 ar\u0131yorsunuz? PEI Trade, kalite garantisi, \u00f6l\u00e7eklenebilir hacimler ve k\u00fcresel lojistikle ihtiya\u00e7lar\u0131n\u0131z\u0131 kar\u015f\u0131lar.<\/p>\n<p>M\u00fckemmeliyet, zaman\u0131nda teslimat ve ki\u015fisel destek konusunda kararl\u0131y\u0131z.<\/p>\n<h2>Fiyat Teklifi ve Numune Talep Edin<\/h2>\n<p>Bamya spesifikasyonlar\u0131, rekabet\u00e7i fiyatlar ve numune talepleri i\u00e7in bug\u00fcn bizimle ileti\u015fime ge\u00e7in.<\/p>\n<p style=\"text-align: center; margin-top: 40px;\"><a class=\"button primary large\" href=\"https:\/\/peitrade.com\/tr\/contact-us\/\">\u015eimdi Sipari\u015f Verin<\/a><\/p>\n<\/div>\n<\/section>\n<section style=\"padding: 50px 20px;\">\n<div class=\"container\">\n<h2>Daha Fazla M\u0131s\u0131r Men\u015feli Dondurulmu\u015f \u00dcr\u00fcn\u00fc Ke\u015ffedin<\/h2>\n<p>PEI Trade, <b>M\u0131s\u0131r dondurulmu\u015f bamya ihracat\u00e7\u0131s\u0131<\/b> olmas\u0131n\u0131n yan\u0131 s\u0131ra, dondurulmu\u015f \u00e7ilek, ye\u015fil fasulye ve dolmal\u0131k biber de sunar.<\/p>\n<p><a href=\"https:\/\/peitrade.com\/tr\/about-pei-trade\/\" target=\"_blank\" rel=\"noopener\">\u0130hracat yelpazemizi ke\u015ffedin<\/a>.<\/p>\n<div class=\"wp-block-woocommerce-product-collection\"><div class=\"woocommerce columns-4 \"><ul class=\"products columns-4\" data-products=\"type-2\">\n<li class=\"product type-product post-7719 status-publish first instock product_cat-legumes product_cat-in-season has-post-thumbnail shipping-taxable product-type-simple\">\n\t<a href=\"https:\/\/peitrade.com\/tr\/product\/kuru-beyaz-fasulye\/\" class=\"woocommerce-LoopProduct-link woocommerce-loop-product__link\"><img decoding=\"async\" width=\"300\" height=\"300\" src=\"https:\/\/peitrade.com\/wp-content\/uploads\/2025\/11\/Egyptian-White-Beans-300x300.webp\" class=\"attachment-woocommerce_thumbnail size-woocommerce_thumbnail\" alt=\"Kuru beyaz fasulye\" srcset=\"https:\/\/peitrade.com\/wp-content\/uploads\/2025\/11\/Egyptian-White-Beans-300x300.webp 300w, https:\/\/peitrade.com\/wp-content\/uploads\/2025\/11\/Egyptian-White-Beans-150x150.webp 150w, https:\/\/peitrade.com\/wp-content\/uploads\/2025\/11\/Egyptian-White-Beans-768x768.webp 768w, https:\/\/peitrade.com\/wp-content\/uploads\/2025\/11\/Egyptian-White-Beans-600x600.webp 600w, https:\/\/peitrade.com\/wp-content\/uploads\/2025\/11\/Egyptian-White-Beans-100x100.webp 100w, https:\/\/peitrade.com\/wp-content\/uploads\/2025\/11\/Egyptian-White-Beans.webp 1024w\" sizes=\"(max-width: 300px) 100vw, 300px\" title=\"\"><h2 class=\"woocommerce-loop-product__title\">Kuru beyaz fasulye<\/h2>\n<\/a><a href=\"https:\/\/peitrade.com\/tr\/product\/kuru-beyaz-fasulye\/\" aria-describedby=\"woocommerce_loop_add_to_cart_link_describedby_7719\" data-quantity=\"1\" class=\"button product_type_simple\" data-product_id=\"7719\" data-product_sku=\"70820\" aria-label=\"&ldquo;Kuru beyaz fasulye&rdquo; hakk\u0131nda daha fazla bilgi edinin\" rel=\"nofollow\" data-success_message=\"\">Devam\u0131n\u0131 oku<\/a>\t<span id=\"woocommerce_loop_add_to_cart_link_describedby_7719\" class=\"screen-reader-text\">\n\t\t\t<\/span>\n<\/li>\n<li class=\"product type-product post-7776 status-publish instock product_cat-vegetables product_cat-in-season has-post-thumbnail shipping-taxable product-type-simple\">\n\t<a href=\"https:\/\/peitrade.com\/tr\/product\/patates\/\" class=\"woocommerce-LoopProduct-link woocommerce-loop-product__link\"><img decoding=\"async\" width=\"300\" height=\"300\" src=\"https:\/\/peitrade.com\/wp-content\/uploads\/2025\/11\/Egyptian-Potatoes-300x300.webp\" class=\"attachment-woocommerce_thumbnail size-woocommerce_thumbnail\" alt=\"Patates\" srcset=\"https:\/\/peitrade.com\/wp-content\/uploads\/2025\/11\/Egyptian-Potatoes-300x300.webp 300w, https:\/\/peitrade.com\/wp-content\/uploads\/2025\/11\/Egyptian-Potatoes-150x150.webp 150w, https:\/\/peitrade.com\/wp-content\/uploads\/2025\/11\/Egyptian-Potatoes-768x768.webp 768w, https:\/\/peitrade.com\/wp-content\/uploads\/2025\/11\/Egyptian-Potatoes-600x600.webp 600w, https:\/\/peitrade.com\/wp-content\/uploads\/2025\/11\/Egyptian-Potatoes-100x100.webp 100w, https:\/\/peitrade.com\/wp-content\/uploads\/2025\/11\/Egyptian-Potatoes.webp 1024w\" sizes=\"(max-width: 300px) 100vw, 300px\" title=\"\"><h2 class=\"woocommerce-loop-product__title\">Patates<\/h2>\n<\/a><a href=\"https:\/\/peitrade.com\/tr\/product\/patates\/\" aria-describedby=\"woocommerce_loop_add_to_cart_link_describedby_7776\" data-quantity=\"1\" class=\"button product_type_simple\" data-product_id=\"7776\" data-product_sku=\"70190\" aria-label=\"&ldquo;Patates&rdquo; hakk\u0131nda daha fazla bilgi edinin\" rel=\"nofollow\" data-success_message=\"\">Devam\u0131n\u0131 oku<\/a>\t<span id=\"woocommerce_loop_add_to_cart_link_describedby_7776\" class=\"screen-reader-text\">\n\t\t\t<\/span>\n<\/li>\n<li class=\"product type-product post-7484 status-publish instock product_cat-vegetables product_cat-in-season has-post-thumbnail shipping-taxable product-type-simple\">\n\t<a href=\"https:\/\/peitrade.com\/tr\/product\/sogan\/\" class=\"woocommerce-LoopProduct-link woocommerce-loop-product__link\"><img decoding=\"async\" width=\"300\" height=\"300\" src=\"https:\/\/peitrade.com\/wp-content\/uploads\/2025\/11\/Egyption-Onion-300x300.webp\" class=\"attachment-woocommerce_thumbnail size-woocommerce_thumbnail\" alt=\"Egyption Onion - PEI Trade\" srcset=\"https:\/\/peitrade.com\/wp-content\/uploads\/2025\/11\/Egyption-Onion-300x300.webp 300w, https:\/\/peitrade.com\/wp-content\/uploads\/2025\/11\/Egyption-Onion-150x150.webp 150w, https:\/\/peitrade.com\/wp-content\/uploads\/2025\/11\/Egyption-Onion-768x768.webp 768w, https:\/\/peitrade.com\/wp-content\/uploads\/2025\/11\/Egyption-Onion-600x600.webp 600w, https:\/\/peitrade.com\/wp-content\/uploads\/2025\/11\/Egyption-Onion-100x100.webp 100w, https:\/\/peitrade.com\/wp-content\/uploads\/2025\/11\/Egyption-Onion.webp 1024w\" sizes=\"(max-width: 300px) 100vw, 300px\" title=\"\"><h2 class=\"woocommerce-loop-product__title\">So\u011fan<\/h2>\n<\/a><a href=\"https:\/\/peitrade.com\/tr\/product\/sogan\/\" aria-describedby=\"woocommerce_loop_add_to_cart_link_describedby_7484\" data-quantity=\"1\" class=\"button product_type_simple\" data-product_id=\"7484\" data-product_sku=\"70310\" aria-label=\"&ldquo;So\u011fan&rdquo; hakk\u0131nda daha fazla bilgi edinin\" rel=\"nofollow\" data-success_message=\"\">Devam\u0131n\u0131 oku<\/a>\t<span id=\"woocommerce_loop_add_to_cart_link_describedby_7484\" class=\"screen-reader-text\">\n\t\t\t<\/span>\n<\/li>\n<li class=\"product type-product post-7540 status-publish last instock product_cat-vegetables product_cat-in-season has-post-thumbnail shipping-taxable product-type-simple\">\n\t<a href=\"https:\/\/peitrade.com\/tr\/product\/taze-fasulye\/\" class=\"woocommerce-LoopProduct-link woocommerce-loop-product__link\"><img decoding=\"async\" width=\"300\" height=\"300\" src=\"https:\/\/peitrade.com\/wp-content\/uploads\/2025\/11\/Egyptian-Green-Beans-300x300.webp\" class=\"attachment-woocommerce_thumbnail size-woocommerce_thumbnail\" alt=\"Taze fasulye\" srcset=\"https:\/\/peitrade.com\/wp-content\/uploads\/2025\/11\/Egyptian-Green-Beans-300x300.webp 300w, https:\/\/peitrade.com\/wp-content\/uploads\/2025\/11\/Egyptian-Green-Beans-150x150.webp 150w, https:\/\/peitrade.com\/wp-content\/uploads\/2025\/11\/Egyptian-Green-Beans-768x768.webp 768w, https:\/\/peitrade.com\/wp-content\/uploads\/2025\/11\/Egyptian-Green-Beans-600x600.webp 600w, https:\/\/peitrade.com\/wp-content\/uploads\/2025\/11\/Egyptian-Green-Beans-100x100.webp 100w, https:\/\/peitrade.com\/wp-content\/uploads\/2025\/11\/Egyptian-Green-Beans.webp 1024w\" sizes=\"(max-width: 300px) 100vw, 300px\" title=\"\"><h2 class=\"woocommerce-loop-product__title\">Taze fasulye<\/h2>\n<\/a><a href=\"https:\/\/peitrade.com\/tr\/product\/taze-fasulye\/\" aria-describedby=\"woocommerce_loop_add_to_cart_link_describedby_7540\" data-quantity=\"1\" class=\"button product_type_simple\" data-product_id=\"7540\" data-product_sku=\"70821\" aria-label=\"&ldquo;Taze fasulye&rdquo; hakk\u0131nda daha fazla bilgi edinin\" rel=\"nofollow\" data-success_message=\"\">Devam\u0131n\u0131 oku<\/a>\t<span id=\"woocommerce_loop_add_to_cart_link_describedby_7540\" class=\"screen-reader-text\">\n\t\t\t<\/span>\n<\/li>\n<\/ul>\n<\/div><\/div>\n<\/div>\n<\/section>\n<section style=\"padding: 50px 20px; background-color: #f9f9f9;\">\n<div class=\"container\">\n<h2>S\u0131k Sorulan Sorular<\/h2>\n<h3>Dondurulmu\u015f bamya ne kadar s\u00fcre dayan\u0131r?<\/h3>\n<p>PEI Trade&#8217;in IQF bamyas\u0131 -18\u00b0C veya daha d\u00fc\u015f\u00fck s\u0131cakl\u0131klarda 18 aya kadar saklanabilir.<\/p>\n<h3>PEI Trade\u2019i g\u00fcvenilir bir M\u0131s\u0131r dondurulmu\u015f bamya ihracat\u00e7\u0131s\u0131 yapan nedir?<\/h3>\n<p>G\u0131da s\u0131n\u0131f\u0131 \u00fcr\u00fcnler, eksiksiz belge, ambalaj se\u00e7enekleri ve sertifikal\u0131 i\u015flem standartlar\u0131 sunuyoruz.<\/p>\n<h3>\u00d6zelle\u015ftirilmi\u015f ambalaj sunuyor musunuz?<\/h3>\n<p>Evet, perakende ve g\u0131da hizmetleri i\u00e7in \u00f6zel etiketli ambalajlar sunuyoruz.<\/p>\n<h3>Dondurulmu\u015f bamyay\u0131 hangi b\u00f6lgelere ihra\u00e7 ediyorsunuz?<\/h3>\n<p>Avrupa, Orta Do\u011fu, Afrika ve Asya\u2019ya esnek hacimlerde ihracat yap\u0131yoruz.<\/p>\n<h3>Farkl\u0131 bamya kesimleri mevcut mu?<\/h3>\n<p>Kesinlikle. \u0130ste\u011finize ba\u011fl\u0131 olarak Tam, Zero ve Halka kesimler sunuyoruz.<\/p>\n<\/div>\n<\/section>\n","protected":false},"excerpt":{"rendered":"<p>M\u0131s\u0131r Dondurulmu\u015f Bamya \u0130hracat\u00e7\u0131s\u0131 \u2013 PEI Trade&#8217;den Premium Kalite PEI Trade, y\u00fcksek kaliteli IQF bamya tedarikiyle \u00f6ne \u00e7\u0131kan lider bir M\u0131s\u0131r dondurulmu\u015f bamya ihracat\u00e7\u0131s\u0131 olarak dikkat \u00e7eker. Geli\u015fmi\u015f Bireysel H\u0131zl\u0131 Dondurma (IQF) y\u00f6ntemlerini kullanarak \u00f6zenle se\u00e7ilmi\u015f M\u0131s\u0131r bamyalar\u0131n\u0131 ihra\u00e7 etme konusunda uzman\u0131z. Bu sayede bamyalar\u0131n orijinal rengi, dokusu ve besin de\u011feri korunur. M\u0131s\u0131r dondurulmu\u015f bamya [&hellip;]<\/p>\n","protected":false},"author":1,"featured_media":0,"parent":0,"menu_order":0,"comment_status":"closed","ping_status":"closed","template":"","meta":{"footnotes":""},"class_list":["post-6543","page","type-page","status-publish","hentry"],"blocksy_meta":[],"mb":[],"featured_image_urls_v2":{"full":"","thumbnail":"","medium":"","medium_large":"","large":"","1536x1536":"","2048x2048":"","woocommerce_archive_thumbnail":"","woocommerce_thumbnail":"","woocommerce_single":"","woocommerce_gallery_thumbnail":""},"post_excerpt_stackable_v2":"<p>M\u0131s\u0131r Dondurulmu\u015f Bamya \u0130hracat\u00e7\u0131s\u0131 \u2013 PEI Trade&#8217;den Premium Kalite PEI Trade, y\u00fcksek kaliteli IQF bamya tedarikiyle \u00f6ne \u00e7\u0131kan lider bir M\u0131s\u0131r dondurulmu\u015f bamya ihracat\u00e7\u0131s\u0131 olarak dikkat \u00e7eker. Geli\u015fmi\u015f Bireysel H\u0131zl\u0131 Dondurma (IQF) y\u00f6ntemlerini kullanarak \u00f6zenle se\u00e7ilmi\u015f M\u0131s\u0131r bamyalar\u0131n\u0131 ihra\u00e7 etme konusunda uzman\u0131z. Bu sayede bamyalar\u0131n orijinal rengi, dokusu ve besin de\u011feri korunur. M\u0131s\u0131r dondurulmu\u015f bamya ihracat\u00e7\u0131s\u0131 olarak uzmanl\u0131\u011f\u0131m\u0131z, perakende, toptan ve g\u0131da hizmeti m\u00fc\u015fterilerine y\u00f6nelik esnek ambalajlar ve g\u00fcvenli, tutarl\u0131 \u00fcr\u00fcn kalitesi sunmam\u0131za olanak tan\u0131r. Kuru beyaz fasulye Devam\u0131n\u0131 oku Patates Devam\u0131n\u0131 oku So\u011fan Devam\u0131n\u0131 oku Taze fasulye Devam\u0131n\u0131 oku Neden PEI Trade ile \u00c7al\u0131\u015fmal\u0131s\u0131n\u0131z? PEI Trade ile \u00e7al\u0131\u015farak g\u00fcvenilir&hellip;<\/p>\n","category_list_v2":"","author_info_v2":{"name":"Mostafa Sabry","url":"https:\/\/peitrade.com\/tr\/author\/emostafaadel_jn8gcqbo\/"},"comments_num_v2":"0 comments","mfb_rest_fields":["title","blocksy_meta","featured_image_urls_v2","post_excerpt_stackable_v2","category_list_v2","author_info_v2","comments_num_v2"],"_links":{"self":[{"href":"https:\/\/peitrade.com\/tr\/wp-json\/wp\/v2\/pages\/6543","targetHints":{"allow":["GET"]}}],"collection":[{"href":"https:\/\/peitrade.com\/tr\/wp-json\/wp\/v2\/pages"}],"about":[{"href":"https:\/\/peitrade.com\/tr\/wp-json\/wp\/v2\/types\/page"}],"author":[{"embeddable":true,"href":"https:\/\/peitrade.com\/tr\/wp-json\/wp\/v2\/users\/1"}],"replies":[{"embeddable":true,"href":"https:\/\/peitrade.com\/tr\/wp-json\/wp\/v2\/comments?post=6543"}],"version-history":[{"count":1,"href":"https:\/\/peitrade.com\/tr\/wp-json\/wp\/v2\/pages\/6543\/revisions"}],"predecessor-version":[{"id":6544,"href":"https:\/\/peitrade.com\/tr\/wp-json\/wp\/v2\/pages\/6543\/revisions\/6544"}],"wp:attachment":[{"href":"https:\/\/peitrade.com\/tr\/wp-json\/wp\/v2\/media?parent=6543"}],"curies":[{"name":"wp","href":"https:\/\/api.w.org\/{rel}","templated":true}]}}