{"id":6549,"date":"2025-06-26T08:25:19","date_gmt":"2025-06-26T08:25:19","guid":{"rendered":"http:\/\/46.224.74.15\/rendelenmis-marul-tedarikcileri\/"},"modified":"2025-11-19T16:58:42","modified_gmt":"2025-11-19T16:58:42","slug":"rendelenmis-marul-tedarikcileri","status":"publish","type":"page","link":"https:\/\/peitrade.com\/tr\/rendelenmis-marul-tedarikcileri\/","title":{"rendered":"Par\u00e7alanm\u0131\u015f Marul Tedarik\u00e7ileri \u2013 PEI Trade&#8217;den Taze Kesilmi\u015f Kalite"},"content":{"rendered":"<section style=\"padding: 60px 20px; background-color: #f9f9f9;\">\n<div class=\"container\">\n<p>PEI Trade, uluslararas\u0131 <b>rendelenmi\u015f marul tedarik\u00e7ileri<\/b> aras\u0131nda g\u00fcvenilir orta\u011f\u0131n\u0131zd\u0131r; fresh, gevrek ve servis-ready M\u0131s\u0131r marulunu foodservice ve perakende i\u00e7in sunar. \u0130ster burger ve d\u00fcr\u00fcmler i\u00e7in ince do\u011franm\u0131\u015f, ister salata ve tabaklar i\u00e7in daha geni\u015f \u015feritler ar\u0131yor olun, ihtiyac\u0131n\u0131z olan format ve tazeli\u011fe sahibiz.<\/p>\n<p>D\u00fcnyan\u0131n \u00f6nde gelen <b>marul tedarik\u00e7ileri<\/b> aras\u0131nda yer alan \u00fcr\u00fcnlerimiz, en y\u00fcksek kalite d\u00fczeyinde hasat edilir, kat\u0131 hijyen standartlar\u0131yla i\u015flenir ve gevreklik ile rengini korumak i\u00e7in \u00f6zenle sevk edilir. Restoranlar i\u00e7in <b>tedarik\u00e7i marulu<\/b> \u00e7\u00f6z\u00fcmlerinden s\u00fcpermarket raflar\u0131 i\u00e7in \u00f6zel marka paketlere kadar, her yaprakta m\u00fckemmeli sunuyoruz.<\/p>\n<\/div>\n<\/section>\n<div class=\"wp-block-woocommerce-product-collection\"><div class=\"woocommerce columns-4 \"><ul class=\"products columns-4\" data-products=\"type-2\">\n<li class=\"product type-product post-7719 status-publish first instock product_cat-legumes product_cat-in-season has-post-thumbnail shipping-taxable product-type-simple\">\n\t<a href=\"https:\/\/peitrade.com\/tr\/product\/kuru-beyaz-fasulye\/\" class=\"woocommerce-LoopProduct-link woocommerce-loop-product__link\"><img decoding=\"async\" width=\"300\" height=\"300\" src=\"https:\/\/peitrade.com\/wp-content\/uploads\/2025\/11\/Egyptian-White-Beans-300x300.webp\" class=\"attachment-woocommerce_thumbnail size-woocommerce_thumbnail\" alt=\"Kuru beyaz fasulye\" srcset=\"https:\/\/peitrade.com\/wp-content\/uploads\/2025\/11\/Egyptian-White-Beans-300x300.webp 300w, https:\/\/peitrade.com\/wp-content\/uploads\/2025\/11\/Egyptian-White-Beans-150x150.webp 150w, https:\/\/peitrade.com\/wp-content\/uploads\/2025\/11\/Egyptian-White-Beans-768x768.webp 768w, https:\/\/peitrade.com\/wp-content\/uploads\/2025\/11\/Egyptian-White-Beans-600x600.webp 600w, https:\/\/peitrade.com\/wp-content\/uploads\/2025\/11\/Egyptian-White-Beans-100x100.webp 100w, https:\/\/peitrade.com\/wp-content\/uploads\/2025\/11\/Egyptian-White-Beans.webp 1024w\" sizes=\"(max-width: 300px) 100vw, 300px\" title=\"\"><h2 class=\"woocommerce-loop-product__title\">Kuru beyaz fasulye<\/h2>\n<\/a><a href=\"https:\/\/peitrade.com\/tr\/product\/kuru-beyaz-fasulye\/\" aria-describedby=\"woocommerce_loop_add_to_cart_link_describedby_7719\" data-quantity=\"1\" class=\"button product_type_simple\" data-product_id=\"7719\" data-product_sku=\"70820\" aria-label=\"&ldquo;Kuru beyaz fasulye&rdquo; hakk\u0131nda daha fazla bilgi edinin\" rel=\"nofollow\" data-success_message=\"\">Devam\u0131n\u0131 oku<\/a>\t<span id=\"woocommerce_loop_add_to_cart_link_describedby_7719\" class=\"screen-reader-text\">\n\t\t\t<\/span>\n<\/li>\n<li class=\"product type-product post-7776 status-publish instock product_cat-vegetables product_cat-in-season has-post-thumbnail shipping-taxable product-type-simple\">\n\t<a href=\"https:\/\/peitrade.com\/tr\/product\/patates\/\" class=\"woocommerce-LoopProduct-link woocommerce-loop-product__link\"><img decoding=\"async\" width=\"300\" height=\"300\" src=\"https:\/\/peitrade.com\/wp-content\/uploads\/2025\/11\/Egyptian-Potatoes-300x300.webp\" class=\"attachment-woocommerce_thumbnail size-woocommerce_thumbnail\" alt=\"Patates\" srcset=\"https:\/\/peitrade.com\/wp-content\/uploads\/2025\/11\/Egyptian-Potatoes-300x300.webp 300w, https:\/\/peitrade.com\/wp-content\/uploads\/2025\/11\/Egyptian-Potatoes-150x150.webp 150w, https:\/\/peitrade.com\/wp-content\/uploads\/2025\/11\/Egyptian-Potatoes-768x768.webp 768w, https:\/\/peitrade.com\/wp-content\/uploads\/2025\/11\/Egyptian-Potatoes-600x600.webp 600w, https:\/\/peitrade.com\/wp-content\/uploads\/2025\/11\/Egyptian-Potatoes-100x100.webp 100w, https:\/\/peitrade.com\/wp-content\/uploads\/2025\/11\/Egyptian-Potatoes.webp 1024w\" sizes=\"(max-width: 300px) 100vw, 300px\" title=\"\"><h2 class=\"woocommerce-loop-product__title\">Patates<\/h2>\n<\/a><a href=\"https:\/\/peitrade.com\/tr\/product\/patates\/\" aria-describedby=\"woocommerce_loop_add_to_cart_link_describedby_7776\" data-quantity=\"1\" class=\"button product_type_simple\" data-product_id=\"7776\" data-product_sku=\"70190\" aria-label=\"&ldquo;Patates&rdquo; hakk\u0131nda daha fazla bilgi edinin\" rel=\"nofollow\" data-success_message=\"\">Devam\u0131n\u0131 oku<\/a>\t<span id=\"woocommerce_loop_add_to_cart_link_describedby_7776\" class=\"screen-reader-text\">\n\t\t\t<\/span>\n<\/li>\n<li class=\"product type-product post-7484 status-publish instock product_cat-vegetables product_cat-in-season has-post-thumbnail shipping-taxable product-type-simple\">\n\t<a href=\"https:\/\/peitrade.com\/tr\/product\/sogan\/\" class=\"woocommerce-LoopProduct-link woocommerce-loop-product__link\"><img decoding=\"async\" width=\"300\" height=\"300\" src=\"https:\/\/peitrade.com\/wp-content\/uploads\/2025\/11\/Egyption-Onion-300x300.webp\" class=\"attachment-woocommerce_thumbnail size-woocommerce_thumbnail\" alt=\"Egyption Onion - PEI Trade\" srcset=\"https:\/\/peitrade.com\/wp-content\/uploads\/2025\/11\/Egyption-Onion-300x300.webp 300w, https:\/\/peitrade.com\/wp-content\/uploads\/2025\/11\/Egyption-Onion-150x150.webp 150w, https:\/\/peitrade.com\/wp-content\/uploads\/2025\/11\/Egyption-Onion-768x768.webp 768w, https:\/\/peitrade.com\/wp-content\/uploads\/2025\/11\/Egyption-Onion-600x600.webp 600w, https:\/\/peitrade.com\/wp-content\/uploads\/2025\/11\/Egyption-Onion-100x100.webp 100w, https:\/\/peitrade.com\/wp-content\/uploads\/2025\/11\/Egyption-Onion.webp 1024w\" sizes=\"(max-width: 300px) 100vw, 300px\" title=\"\"><h2 class=\"woocommerce-loop-product__title\">So\u011fan<\/h2>\n<\/a><a href=\"https:\/\/peitrade.com\/tr\/product\/sogan\/\" aria-describedby=\"woocommerce_loop_add_to_cart_link_describedby_7484\" data-quantity=\"1\" class=\"button product_type_simple\" data-product_id=\"7484\" data-product_sku=\"70310\" aria-label=\"&ldquo;So\u011fan&rdquo; hakk\u0131nda daha fazla bilgi edinin\" rel=\"nofollow\" data-success_message=\"\">Devam\u0131n\u0131 oku<\/a>\t<span id=\"woocommerce_loop_add_to_cart_link_describedby_7484\" class=\"screen-reader-text\">\n\t\t\t<\/span>\n<\/li>\n<li class=\"product type-product post-7540 status-publish last instock product_cat-vegetables product_cat-in-season has-post-thumbnail shipping-taxable product-type-simple\">\n\t<a href=\"https:\/\/peitrade.com\/tr\/product\/taze-fasulye\/\" class=\"woocommerce-LoopProduct-link woocommerce-loop-product__link\"><img decoding=\"async\" width=\"300\" height=\"300\" src=\"https:\/\/peitrade.com\/wp-content\/uploads\/2025\/11\/Egyptian-Green-Beans-300x300.webp\" class=\"attachment-woocommerce_thumbnail size-woocommerce_thumbnail\" alt=\"Taze fasulye\" srcset=\"https:\/\/peitrade.com\/wp-content\/uploads\/2025\/11\/Egyptian-Green-Beans-300x300.webp 300w, https:\/\/peitrade.com\/wp-content\/uploads\/2025\/11\/Egyptian-Green-Beans-150x150.webp 150w, https:\/\/peitrade.com\/wp-content\/uploads\/2025\/11\/Egyptian-Green-Beans-768x768.webp 768w, https:\/\/peitrade.com\/wp-content\/uploads\/2025\/11\/Egyptian-Green-Beans-600x600.webp 600w, https:\/\/peitrade.com\/wp-content\/uploads\/2025\/11\/Egyptian-Green-Beans-100x100.webp 100w, https:\/\/peitrade.com\/wp-content\/uploads\/2025\/11\/Egyptian-Green-Beans.webp 1024w\" sizes=\"(max-width: 300px) 100vw, 300px\" title=\"\"><h2 class=\"woocommerce-loop-product__title\">Taze fasulye<\/h2>\n<\/a><a href=\"https:\/\/peitrade.com\/tr\/product\/taze-fasulye\/\" aria-describedby=\"woocommerce_loop_add_to_cart_link_describedby_7540\" data-quantity=\"1\" class=\"button product_type_simple\" data-product_id=\"7540\" data-product_sku=\"70821\" aria-label=\"&ldquo;Taze fasulye&rdquo; hakk\u0131nda daha fazla bilgi edinin\" rel=\"nofollow\" data-success_message=\"\">Devam\u0131n\u0131 oku<\/a>\t<span id=\"woocommerce_loop_add_to_cart_link_describedby_7540\" class=\"screen-reader-text\">\n\t\t\t<\/span>\n<\/li>\n<\/ul>\n<\/div><\/div>\n<div class=\"container\">\n<h2>PEI Trade\u2019\u0131 Rendelenmi\u015f Marul Tedarik\u00e7iniz Olarak Neden Se\u00e7melisiniz?<\/h2>\n<p><span style=\"font-weight: 400;\">Biz sadece <b>marul ihracat\u00e7\u0131lar\u0131<\/b> de\u011filiz \u2014 kalite bek\u00e7ileriyiz. \u0130\u015fte d\u00fcnya \u00e7ap\u0131ndaki i\u015fletmelerin bize neden g\u00fcvendi\u011fi:<\/span><\/p>\n<ul>\n<li style=\"font-weight: 400;\">Mutfaklarda an\u0131nda kullan\u0131ma haz\u0131r, \u00f6nceden kesilmi\u015f ve so\u011futulmu\u015f <b>rendelenmi\u015f marul<\/b><\/li>\n<li style=\"font-weight: 400;\">\u00c7ok say\u0131da \u00e7e\u015fit: Iceberg, Romaine, yapraks\u0131z ve daha fazlas\u0131<\/li>\n<li style=\"font-weight: 400;\">Foodservice veya perakende ihtiya\u00e7lar\u0131n\u0131za uygun \u00f6zel kesim ve paket boyutlar\u0131<\/li>\n<li style=\"font-weight: 400;\">Sertifikal\u0131 \u00e7iftliklerden tedarik, izlenebilir tedarik zincirleri<\/li>\n<li style=\"font-weight: 400;\">Geni\u015f raf \u00f6mr\u00fc ve \u00fcst\u00fcn tazelik i\u00e7in s\u0131k\u0131 so\u011fuk zincir lojisti\u011fi<\/li>\n<\/ul>\n<h2>Tarla\u2019dan \u00c7atal\u2019a \u2013 \u0130hracat Marul S\u00fcrecimiz<\/h2>\n<p><span style=\"font-weight: 400;\">Her a\u015famay\u0131 dikkat ve tutarl\u0131l\u0131kla y\u00fcr\u00fctt\u00fc\u011f\u00fcm\u00fcz <b>marul ihracat\u0131<\/b> s\u00fcrecimiz:<\/span><\/p>\n<ul>\n<li style=\"font-weight: 400;\">Y\u00fcksek verimli M\u0131s\u0131r tarlalar\u0131ndan g\u00fcnl\u00fck hasat<\/li>\n<li style=\"font-weight: 400;\">Steril tesislerde hemen so\u011futma ve i\u015fleme<\/li>\n<li style=\"font-weight: 400;\">Tazeli\u011fi koruyan Modifiye Atmosfer Paketleme (MAP)<\/li>\n<li style=\"font-weight: 400;\">Teslim zaman\u0131n\u0131za g\u00f6re deniz veya hava ile esnek nakliye<\/li>\n<li style=\"font-weight: 400;\">Sorunsuz g\u00fcmr\u00fck i\u015flemleri i\u00e7in haz\u0131r ihracat belgeleri ve global uyumluluk<\/li>\n<\/ul>\n<p><span style=\"font-weight: 400;\">B\u00f6lgedeki en g\u00fcvenilir <b>marul ihracat\u00e7\u0131lar\u0131ndan<\/b> biri olarak, rendelenmi\u015f marul ithalat\u0131n\u0131 i\u015fletmenize zahmetsiz hale getiriyoruz.<\/span><\/p>\n<h2>Mevcut Formatlar \u2013 Rendelenmi\u015f ve \u00d6tesi<\/h2>\n<p><span style=\"font-weight: 400;\">Her <b>marul tedarik\u00e7isi<\/b> m\u00fc\u015fterimizin ihtiya\u00e7lar\u0131n\u0131 kar\u015f\u0131lamak i\u00e7in sadece rendelenmi\u015f formatlarla s\u0131n\u0131rl\u0131 kalm\u0131yoruz:<\/span><\/p>\n<ul>\n<li><b>\u0130nce Rendelenmi\u015f:<\/b> Burger, taco ve fast food belgeleri i\u00e7in ideal<\/li>\n<li><b>Geni\u015f Kesim:<\/b> Salatalar ve wrap\u2019ler i\u00e7in uygun<\/li>\n<li><b>Tam Ba\u015flar:<\/b> Mutfaklarda veya geleneksel pazarlarda esnek kullan\u0131m<\/li>\n<li><b>Y\u0131kanm\u0131\u015f Yapraklar:<\/b> Catering ve otelcilik i\u00e7in toplu kullan\u0131m haz\u0131r<\/li>\n<li><b>\u00d6zel Marka:<\/b> Perakende raflar i\u00e7in \u00f6zel marka ve paketleme se\u00e7enekleri<\/li>\n<\/ul>\n<h2>K\u00fcresel Eri\u015fim \u2013 G\u00fcvenle Marul \u0130hracat\u0131<\/h2>\n<p style=\"font-weight: 400;\">Adanm\u0131\u015f <b>marul ihracat\u00e7\u0131lar\u0131<\/b> olarak PEI Trade, rendelenmi\u015f ve tam marul formatlar\u0131n\u0131 \u015fu m\u00fc\u015fterilere gururla sunar:<\/p>\n<ul>\n<li>Avrupa \u2013 Almanya, Birle\u015fik Krall\u0131k, \u0130spanya ve Hollanda dahil<\/li>\n<li>Orta Do\u011fu \u2013 BAE, Suudi Arabistan ve Katar<\/li>\n<li>Afrika \u2013 Kenya, Fas, Nijerya<\/li>\n<li>Asya \u2013 Hindistan, Malezya, Singapur<\/li>\n<\/ul>\n<p><span style=\"font-weight: 400;\">Pazar\u0131n\u0131z\u0131n ihtiya\u00e7lar\u0131na g\u00f6re ayarlan\u0131yoruz \u2014 tam konteynerlerden h\u0131zl\u0131 hava kargolar\u0131na kadar.<\/span><\/p>\n<h2>Y\u0131l Boyu Tedarik ve Mevsimsel Esneklik<\/h2>\n<p style=\"font-weight: 400;\">M\u0131s\u0131r\u2019\u0131n iklimi ve stratejik tar\u0131m\u0131 sayesinde, PEI Trade <b>rendelenmi\u015f marul tedarik\u00e7ileri<\/b> ve al\u0131c\u0131lar i\u00e7in d\u00fczenli \u00fcretim d\u00f6ng\u00fcleri sa\u011flar. Di\u011fer pazarlar\u0131n yapamad\u0131\u011f\u0131 d\u00f6nemlerde bile taze kesilmi\u015f marul sunar\u0131z.<\/p>\n<h3>Paketleme Se\u00e7enekleri<\/h3>\n<ul>\n<li>HORECA (otel, restoran, catering) i\u00e7in 1\u00a0kg, 2\u00a0kg ve 5\u00a0kg torbalar<\/li>\n<li>Perakende i\u00e7in flow pack paketler<\/li>\n<li>\u0130hracatta koruma i\u00e7in MAP ve vakumlu ambalaj<\/li>\n<li>\u00d6zel marka ve \u00e7ok dilli paket \u00e7\u00f6z\u00fcm se\u00e7enekleri mevcut<\/li>\n<\/ul>\n<\/div>\n<section style=\"padding: 50px 20px; background-color: #f0f0f0;\">\n<div class=\"container\">\n<h2>\u00d6nde Gelen Rendelenmi\u015f Marul Tedarik\u00e7ileri ile \u0130\u015f Birli\u011fi Yap\u0131n \u2013 PEI Trade<\/h2>\n<p>Taze, ince rendelenmi\u015f marul ithalat\u0131n\u0131 uzmanl\u0131k ve g\u00fcvenilirlikle yapmak ister misiniz? PEI Trade, tarla\u2019dan \u00e7atala kalite, d\u00fcnya uyumu ve hizmet odakl\u0131 yakla\u015f\u0131m\u0131 birle\u015ftirir.<\/p>\n<h2>Teklif veya Numune Talep Edin<\/h2>\n<p>Marul ihtiya\u00e7lar\u0131n\u0131z\u0131 (hacim, ambalaj vb.) bizimle payla\u015f\u0131n \u2014 i\u015finiz i\u00e7in m\u00fckemmel <b>marul ihracat\u0131<\/b> \u00e7\u00f6z\u00fcm\u00fcn\u00fc haz\u0131rlayal\u0131m.<\/p>\n<p style=\"text-align: center; margin-top: 40px;\"><a class=\"button primary large\" href=\"\/contact\">Teklif Al\u0131n<\/a><\/p>\n<\/div>\n<\/section>\n<section style=\"padding: 50px 20px;\">\n<div class=\"container\">\n<h2>M\u0131s\u0131r\u2019dan Daha Fazla Taze \u00dcr\u00fcn Ke\u015ffedin<\/h2>\n<p>&nbsp;<\/p>\n<p>G\u00fcvenilir <b>rendelenmi\u015f marul tedarik\u00e7ileri<\/b> olman\u0131n yan\u0131 s\u0131ra PEI Trade, M\u0131s\u0131r so\u011fan\u0131, molokhiya, bamya ve otlar gibi \u00e7e\u015fitli taze ve dondurulmu\u015f \u00fcr\u00fcnleri de ihra\u00e7 eder. <a href=\"\/about\">Tar\u0131m portf\u00f6y\u00fcm\u00fcz hakk\u0131nda daha fazla bilgi edinin<\/a>.<\/p>\n<div class=\"wp-block-woocommerce-product-collection\"><div class=\"woocommerce columns-4 \"><ul class=\"products columns-4\" data-products=\"type-2\">\n<li class=\"product type-product post-7360 status-publish first instock product_cat-vegetables has-post-thumbnail shipping-taxable product-type-simple\">\n\t<a href=\"https:\/\/peitrade.com\/tr\/product\/domates\/\" class=\"woocommerce-LoopProduct-link woocommerce-loop-product__link\"><img decoding=\"async\" width=\"300\" height=\"300\" src=\"https:\/\/peitrade.com\/wp-content\/uploads\/2025\/11\/Egyptian-Tomatoes-300x300.webp\" class=\"attachment-woocommerce_thumbnail size-woocommerce_thumbnail\" alt=\"Domates\" srcset=\"https:\/\/peitrade.com\/wp-content\/uploads\/2025\/11\/Egyptian-Tomatoes-300x300.webp 300w, https:\/\/peitrade.com\/wp-content\/uploads\/2025\/11\/Egyptian-Tomatoes-150x150.webp 150w, https:\/\/peitrade.com\/wp-content\/uploads\/2025\/11\/Egyptian-Tomatoes-768x768.webp 768w, https:\/\/peitrade.com\/wp-content\/uploads\/2025\/11\/Egyptian-Tomatoes-600x600.webp 600w, https:\/\/peitrade.com\/wp-content\/uploads\/2025\/11\/Egyptian-Tomatoes-100x100.webp 100w, https:\/\/peitrade.com\/wp-content\/uploads\/2025\/11\/Egyptian-Tomatoes.webp 1024w\" sizes=\"(max-width: 300px) 100vw, 300px\" title=\"\"><h2 class=\"woocommerce-loop-product__title\">Domates<\/h2>\n<\/a><a href=\"https:\/\/peitrade.com\/tr\/product\/domates\/\" aria-describedby=\"woocommerce_loop_add_to_cart_link_describedby_7360\" data-quantity=\"1\" class=\"button product_type_simple\" data-product_id=\"7360\" data-product_sku=\"70200\" aria-label=\"&ldquo;Domates&rdquo; hakk\u0131nda daha fazla bilgi edinin\" rel=\"nofollow\" data-success_message=\"\">Devam\u0131n\u0131 oku<\/a>\t<span id=\"woocommerce_loop_add_to_cart_link_describedby_7360\" class=\"screen-reader-text\">\n\t\t\t<\/span>\n<\/li>\n<li class=\"product type-product post-7776 status-publish instock product_cat-vegetables product_cat-in-season has-post-thumbnail shipping-taxable product-type-simple\">\n\t<a href=\"https:\/\/peitrade.com\/tr\/product\/patates\/\" class=\"woocommerce-LoopProduct-link woocommerce-loop-product__link\"><img decoding=\"async\" width=\"300\" height=\"300\" src=\"https:\/\/peitrade.com\/wp-content\/uploads\/2025\/11\/Egyptian-Potatoes-300x300.webp\" class=\"attachment-woocommerce_thumbnail size-woocommerce_thumbnail\" alt=\"Patates\" srcset=\"https:\/\/peitrade.com\/wp-content\/uploads\/2025\/11\/Egyptian-Potatoes-300x300.webp 300w, https:\/\/peitrade.com\/wp-content\/uploads\/2025\/11\/Egyptian-Potatoes-150x150.webp 150w, https:\/\/peitrade.com\/wp-content\/uploads\/2025\/11\/Egyptian-Potatoes-768x768.webp 768w, https:\/\/peitrade.com\/wp-content\/uploads\/2025\/11\/Egyptian-Potatoes-600x600.webp 600w, https:\/\/peitrade.com\/wp-content\/uploads\/2025\/11\/Egyptian-Potatoes-100x100.webp 100w, https:\/\/peitrade.com\/wp-content\/uploads\/2025\/11\/Egyptian-Potatoes.webp 1024w\" sizes=\"(max-width: 300px) 100vw, 300px\" title=\"\"><h2 class=\"woocommerce-loop-product__title\">Patates<\/h2>\n<\/a><a href=\"https:\/\/peitrade.com\/tr\/product\/patates\/\" aria-describedby=\"woocommerce_loop_add_to_cart_link_describedby_7776\" data-quantity=\"1\" class=\"button product_type_simple\" data-product_id=\"7776\" data-product_sku=\"70190\" aria-label=\"&ldquo;Patates&rdquo; hakk\u0131nda daha fazla bilgi edinin\" rel=\"nofollow\" data-success_message=\"\">Devam\u0131n\u0131 oku<\/a>\t<span id=\"woocommerce_loop_add_to_cart_link_describedby_7776\" class=\"screen-reader-text\">\n\t\t\t<\/span>\n<\/li>\n<li class=\"product type-product post-7376 status-publish instock product_cat-vegetables product_cat-in-season has-post-thumbnail shipping-taxable product-type-simple\">\n\t<a href=\"https:\/\/peitrade.com\/tr\/product\/sarimsak\/\" class=\"woocommerce-LoopProduct-link woocommerce-loop-product__link\"><img decoding=\"async\" width=\"300\" height=\"300\" src=\"https:\/\/peitrade.com\/wp-content\/uploads\/2025\/11\/Egyptian-Garlic-300x300.webp\" class=\"attachment-woocommerce_thumbnail size-woocommerce_thumbnail\" alt=\"Sar\u0131msak\" srcset=\"https:\/\/peitrade.com\/wp-content\/uploads\/2025\/11\/Egyptian-Garlic-300x300.webp 300w, https:\/\/peitrade.com\/wp-content\/uploads\/2025\/11\/Egyptian-Garlic-150x150.webp 150w, https:\/\/peitrade.com\/wp-content\/uploads\/2025\/11\/Egyptian-Garlic-768x768.webp 768w, https:\/\/peitrade.com\/wp-content\/uploads\/2025\/11\/Egyptian-Garlic-600x600.webp 600w, https:\/\/peitrade.com\/wp-content\/uploads\/2025\/11\/Egyptian-Garlic-100x100.webp 100w, https:\/\/peitrade.com\/wp-content\/uploads\/2025\/11\/Egyptian-Garlic.webp 1024w\" sizes=\"(max-width: 300px) 100vw, 300px\" title=\"\"><h2 class=\"woocommerce-loop-product__title\">Sar\u0131msak<\/h2>\n<\/a><a href=\"https:\/\/peitrade.com\/tr\/product\/sarimsak\/\" aria-describedby=\"woocommerce_loop_add_to_cart_link_describedby_7376\" data-quantity=\"1\" class=\"button product_type_simple\" data-product_id=\"7376\" data-product_sku=\"70320\" aria-label=\"&ldquo;Sar\u0131msak&rdquo; hakk\u0131nda daha fazla bilgi edinin\" rel=\"nofollow\" data-success_message=\"\">Devam\u0131n\u0131 oku<\/a>\t<span id=\"woocommerce_loop_add_to_cart_link_describedby_7376\" class=\"screen-reader-text\">\n\t\t\t<\/span>\n<\/li>\n<li class=\"product type-product post-7796 status-publish last instock product_cat-vegetables product_cat-in-season has-post-thumbnail shipping-taxable product-type-simple\">\n\t<a href=\"https:\/\/peitrade.com\/tr\/product\/tatli-patates\/\" class=\"woocommerce-LoopProduct-link woocommerce-loop-product__link\"><img decoding=\"async\" width=\"300\" height=\"300\" src=\"https:\/\/peitrade.com\/wp-content\/uploads\/2025\/11\/Egyptian-Sweet-Potatoes-300x300.webp\" class=\"attachment-woocommerce_thumbnail size-woocommerce_thumbnail\" alt=\"Egyptian Sweet Potatoes - PEI Trade\" srcset=\"https:\/\/peitrade.com\/wp-content\/uploads\/2025\/11\/Egyptian-Sweet-Potatoes-300x300.webp 300w, https:\/\/peitrade.com\/wp-content\/uploads\/2025\/11\/Egyptian-Sweet-Potatoes-150x150.webp 150w, https:\/\/peitrade.com\/wp-content\/uploads\/2025\/11\/Egyptian-Sweet-Potatoes-768x768.webp 768w, https:\/\/peitrade.com\/wp-content\/uploads\/2025\/11\/Egyptian-Sweet-Potatoes-600x600.webp 600w, https:\/\/peitrade.com\/wp-content\/uploads\/2025\/11\/Egyptian-Sweet-Potatoes-100x100.webp 100w, https:\/\/peitrade.com\/wp-content\/uploads\/2025\/11\/Egyptian-Sweet-Potatoes.webp 1024w\" sizes=\"(max-width: 300px) 100vw, 300px\" title=\"\"><h2 class=\"woocommerce-loop-product__title\">Tatl\u0131 patates<\/h2>\n<\/a><a href=\"https:\/\/peitrade.com\/tr\/product\/tatli-patates\/\" aria-describedby=\"woocommerce_loop_add_to_cart_link_describedby_7796\" data-quantity=\"1\" class=\"button product_type_simple\" data-product_id=\"7796\" data-product_sku=\"71420\" aria-label=\"&ldquo;Tatl\u0131 patates&rdquo; hakk\u0131nda daha fazla bilgi edinin\" rel=\"nofollow\" data-success_message=\"\">Devam\u0131n\u0131 oku<\/a>\t<span id=\"woocommerce_loop_add_to_cart_link_describedby_7796\" class=\"screen-reader-text\">\n\t\t\t<\/span>\n<\/li>\n<\/ul>\n<\/div><\/div>\n<\/div>\n<\/section>\n<section style=\"padding: 50px 20px; background-color: #f9f9f9;\">\n<div class=\"container\">\n<h2>S\u0131k\u00e7a Sorulan Sorular<\/h2>\n<h3>Ki\u015fiye \u00f6zel kesimlerde rendelenmi\u015f marul sunuyor musunuz?<\/h3>\n<p>Evet \u2014 uygulaman\u0131za g\u00f6re ince \u015feritlerden geni\u015f \u015feritlere kadar kesimler yap\u0131yoruz.<\/p>\n<h3>Rendelenmi\u015f marulunuz kullan\u0131ma haz\u0131r m\u0131?<\/h3>\n<p>Kesinlikle. \u00d6nceden y\u0131kanm\u0131\u015f, so\u011futulmu\u015f ve kullan\u0131m i\u00e7in haz\u0131rd\u0131r.<\/p>\n<h3>\u00d6zel markal\u0131 rendelenmi\u015f marul sa\u011flayabilir misiniz?<\/h3>\n<p>Evet, \u00f6zel marka ambalaj ve porsiyon kontrol se\u00e7ene\u011fimiz vard\u0131r.<\/p>\n<h3>\u0130hracat marulu nas\u0131l taze kal\u0131r?<\/h3>\n<p>Hasattan sonra h\u0131zl\u0131 so\u011futma, MAP teknolojisi ve tarla\u2019dan limana kadar s\u0131cakl\u0131k kontroll\u00fc lojistik kullan\u0131yoruz.<\/p>\n<h3>Hangi \u00fclkelere rendelenmi\u015f marul sa\u011fl\u0131yorsunuz?<\/h3>\n<p>Avrupa, Orta Do\u011fu, Afrika ve Asya\u2019ya tedarik sa\u011fl\u0131yoruz \u2014 her b\u00f6lge i\u00e7in esnek g\u00f6nderim \u00e7\u00f6z\u00fcmleri ile.<\/p>\n<\/div>\n<\/section>\n","protected":false},"excerpt":{"rendered":"<p>PEI Trade, uluslararas\u0131 rendelenmi\u015f marul tedarik\u00e7ileri aras\u0131nda g\u00fcvenilir orta\u011f\u0131n\u0131zd\u0131r; fresh, gevrek ve servis-ready M\u0131s\u0131r marulunu foodservice ve perakende i\u00e7in sunar. \u0130ster burger ve d\u00fcr\u00fcmler i\u00e7in ince do\u011franm\u0131\u015f, ister salata ve tabaklar i\u00e7in daha geni\u015f \u015feritler ar\u0131yor olun, ihtiyac\u0131n\u0131z olan format ve tazeli\u011fe sahibiz. D\u00fcnyan\u0131n \u00f6nde gelen marul tedarik\u00e7ileri aras\u0131nda yer alan \u00fcr\u00fcnlerimiz, en y\u00fcksek kalite [&hellip;]<\/p>\n","protected":false},"author":1,"featured_media":0,"parent":0,"menu_order":0,"comment_status":"closed","ping_status":"closed","template":"","meta":{"footnotes":""},"class_list":["post-6549","page","type-page","status-publish","hentry"],"blocksy_meta":[],"mb":[],"featured_image_urls_v2":{"full":"","thumbnail":"","medium":"","medium_large":"","large":"","1536x1536":"","2048x2048":"","woocommerce_archive_thumbnail":"","woocommerce_thumbnail":"","woocommerce_single":"","woocommerce_gallery_thumbnail":""},"post_excerpt_stackable_v2":"<p>PEI Trade, uluslararas\u0131 rendelenmi\u015f marul tedarik\u00e7ileri aras\u0131nda g\u00fcvenilir orta\u011f\u0131n\u0131zd\u0131r; fresh, gevrek ve servis-ready M\u0131s\u0131r marulunu foodservice ve perakende i\u00e7in sunar. \u0130ster burger ve d\u00fcr\u00fcmler i\u00e7in ince do\u011franm\u0131\u015f, ister salata ve tabaklar i\u00e7in daha geni\u015f \u015feritler ar\u0131yor olun, ihtiyac\u0131n\u0131z olan format ve tazeli\u011fe sahibiz. D\u00fcnyan\u0131n \u00f6nde gelen marul tedarik\u00e7ileri aras\u0131nda yer alan \u00fcr\u00fcnlerimiz, en y\u00fcksek kalite d\u00fczeyinde hasat edilir, kat\u0131 hijyen standartlar\u0131yla i\u015flenir ve gevreklik ile rengini korumak i\u00e7in \u00f6zenle sevk edilir. Restoranlar i\u00e7in tedarik\u00e7i marulu \u00e7\u00f6z\u00fcmlerinden s\u00fcpermarket raflar\u0131 i\u00e7in \u00f6zel marka paketlere kadar, her yaprakta m\u00fckemmeli sunuyoruz. Kuru beyaz fasulye Devam\u0131n\u0131 oku Patates Devam\u0131n\u0131 oku So\u011fan Devam\u0131n\u0131 oku Taze fasulye&hellip;<\/p>\n","category_list_v2":"","author_info_v2":{"name":"Mostafa Sabry","url":"https:\/\/peitrade.com\/tr\/author\/emostafaadel_jn8gcqbo\/"},"comments_num_v2":"0 comments","mfb_rest_fields":["title","blocksy_meta","featured_image_urls_v2","post_excerpt_stackable_v2","category_list_v2","author_info_v2","comments_num_v2"],"_links":{"self":[{"href":"https:\/\/peitrade.com\/tr\/wp-json\/wp\/v2\/pages\/6549","targetHints":{"allow":["GET"]}}],"collection":[{"href":"https:\/\/peitrade.com\/tr\/wp-json\/wp\/v2\/pages"}],"about":[{"href":"https:\/\/peitrade.com\/tr\/wp-json\/wp\/v2\/types\/page"}],"author":[{"embeddable":true,"href":"https:\/\/peitrade.com\/tr\/wp-json\/wp\/v2\/users\/1"}],"replies":[{"embeddable":true,"href":"https:\/\/peitrade.com\/tr\/wp-json\/wp\/v2\/comments?post=6549"}],"version-history":[{"count":1,"href":"https:\/\/peitrade.com\/tr\/wp-json\/wp\/v2\/pages\/6549\/revisions"}],"predecessor-version":[{"id":6550,"href":"https:\/\/peitrade.com\/tr\/wp-json\/wp\/v2\/pages\/6549\/revisions\/6550"}],"wp:attachment":[{"href":"https:\/\/peitrade.com\/tr\/wp-json\/wp\/v2\/media?parent=6549"}],"curies":[{"name":"wp","href":"https:\/\/api.w.org\/{rel}","templated":true}]}}