{"id":6569,"date":"2025-06-30T08:24:43","date_gmt":"2025-06-30T08:24:43","guid":{"rendered":"http:\/\/46.224.74.15\/marul-ihracatcilari-birinci-sinif-misir-urunu\/"},"modified":"2025-11-19T16:58:49","modified_gmt":"2025-11-19T16:58:49","slug":"marul-ihracatcilari-birinci-sinif-misir-urunu","status":"publish","type":"page","link":"https:\/\/peitrade.com\/tr\/marul-ihracatcilari-birinci-sinif-misir-urunu\/","title":{"rendered":"Marul \u0130hracat\u00e7\u0131lar\u0131 \u2013 Taze, Birinci S\u0131n\u0131f M\u0131s\u0131r \u00dcr\u00fcnleri"},"content":{"rendered":"<section style=\"padding: 60px 20px; background-color: #f9f9f9;\">\n<div class=\"container\">\n<p>Tutarl\u0131 kalite, tazelik ve k\u00fcresel lojistik deste\u011fi sunan g\u00fcvenilir <b>marul ihracat\u00e7\u0131lar\u0131<\/b> m\u0131 ar\u0131yorsunuz? PEI Trade, M\u0131s\u0131r&#8217;dan \u00f6nde gelen <b>marul tedarik\u00e7ileri<\/b> aras\u0131nda yer almakta ve perakende, g\u0131da hizmeti ve toptan al\u0131c\u0131lar i\u00e7in ihracata haz\u0131r geni\u015f bir marul yelpazesi sunmaktad\u0131r.<\/p>\n<p>G\u00fcvenilir bir <b>marul tedarik\u00e7isi<\/b> markas\u0131 olarak, optimum tar\u0131m ko\u015fullar\u0131nda yeti\u015ftirilen canl\u0131 ve \u00e7\u0131t\u0131r marullar konusunda uzman\u0131z. \u0130ster fast-food zincirleri i\u00e7in <b>do\u011franm\u0131\u015f marul<\/b> ister s\u00fcpermarket raflar\u0131 i\u00e7in b\u00fcy\u00fck ba\u015f marul ar\u0131yor olun, ihracat ekibimiz tam izlenebilirlik, \u00f6zel ambalajlama ve zaman\u0131nda teslimat sa\u011flar.<\/p>\n<\/div>\n<\/section>\n<div class=\"wp-block-woocommerce-product-collection\"><div class=\"woocommerce columns-4 \"><ul class=\"products columns-4\" data-products=\"type-2\">\n<li class=\"product type-product post-7719 status-publish first instock product_cat-legumes product_cat-in-season has-post-thumbnail shipping-taxable product-type-simple\">\n\t<a href=\"https:\/\/peitrade.com\/tr\/product\/kuru-beyaz-fasulye\/\" class=\"woocommerce-LoopProduct-link woocommerce-loop-product__link\"><img decoding=\"async\" width=\"300\" height=\"300\" src=\"https:\/\/peitrade.com\/wp-content\/uploads\/2025\/11\/Egyptian-White-Beans-300x300.webp\" class=\"attachment-woocommerce_thumbnail size-woocommerce_thumbnail\" alt=\"Kuru beyaz fasulye\" srcset=\"https:\/\/peitrade.com\/wp-content\/uploads\/2025\/11\/Egyptian-White-Beans-300x300.webp 300w, https:\/\/peitrade.com\/wp-content\/uploads\/2025\/11\/Egyptian-White-Beans-150x150.webp 150w, https:\/\/peitrade.com\/wp-content\/uploads\/2025\/11\/Egyptian-White-Beans-768x768.webp 768w, https:\/\/peitrade.com\/wp-content\/uploads\/2025\/11\/Egyptian-White-Beans-600x600.webp 600w, https:\/\/peitrade.com\/wp-content\/uploads\/2025\/11\/Egyptian-White-Beans-100x100.webp 100w, https:\/\/peitrade.com\/wp-content\/uploads\/2025\/11\/Egyptian-White-Beans.webp 1024w\" sizes=\"(max-width: 300px) 100vw, 300px\" title=\"\"><h2 class=\"woocommerce-loop-product__title\">Kuru beyaz fasulye<\/h2>\n<\/a><a href=\"https:\/\/peitrade.com\/tr\/product\/kuru-beyaz-fasulye\/\" aria-describedby=\"woocommerce_loop_add_to_cart_link_describedby_7719\" data-quantity=\"1\" class=\"button product_type_simple\" data-product_id=\"7719\" data-product_sku=\"70820\" aria-label=\"&ldquo;Kuru beyaz fasulye&rdquo; hakk\u0131nda daha fazla bilgi edinin\" rel=\"nofollow\" data-success_message=\"\">Devam\u0131n\u0131 oku<\/a>\t<span id=\"woocommerce_loop_add_to_cart_link_describedby_7719\" class=\"screen-reader-text\">\n\t\t\t<\/span>\n<\/li>\n<li class=\"product type-product post-7776 status-publish instock product_cat-vegetables product_cat-in-season has-post-thumbnail shipping-taxable product-type-simple\">\n\t<a href=\"https:\/\/peitrade.com\/tr\/product\/patates\/\" class=\"woocommerce-LoopProduct-link woocommerce-loop-product__link\"><img decoding=\"async\" width=\"300\" height=\"300\" src=\"https:\/\/peitrade.com\/wp-content\/uploads\/2025\/11\/Egyptian-Potatoes-300x300.webp\" class=\"attachment-woocommerce_thumbnail size-woocommerce_thumbnail\" alt=\"Patates\" srcset=\"https:\/\/peitrade.com\/wp-content\/uploads\/2025\/11\/Egyptian-Potatoes-300x300.webp 300w, https:\/\/peitrade.com\/wp-content\/uploads\/2025\/11\/Egyptian-Potatoes-150x150.webp 150w, https:\/\/peitrade.com\/wp-content\/uploads\/2025\/11\/Egyptian-Potatoes-768x768.webp 768w, https:\/\/peitrade.com\/wp-content\/uploads\/2025\/11\/Egyptian-Potatoes-600x600.webp 600w, https:\/\/peitrade.com\/wp-content\/uploads\/2025\/11\/Egyptian-Potatoes-100x100.webp 100w, https:\/\/peitrade.com\/wp-content\/uploads\/2025\/11\/Egyptian-Potatoes.webp 1024w\" sizes=\"(max-width: 300px) 100vw, 300px\" title=\"\"><h2 class=\"woocommerce-loop-product__title\">Patates<\/h2>\n<\/a><a href=\"https:\/\/peitrade.com\/tr\/product\/patates\/\" aria-describedby=\"woocommerce_loop_add_to_cart_link_describedby_7776\" data-quantity=\"1\" class=\"button product_type_simple\" data-product_id=\"7776\" data-product_sku=\"70190\" aria-label=\"&ldquo;Patates&rdquo; hakk\u0131nda daha fazla bilgi edinin\" rel=\"nofollow\" data-success_message=\"\">Devam\u0131n\u0131 oku<\/a>\t<span id=\"woocommerce_loop_add_to_cart_link_describedby_7776\" class=\"screen-reader-text\">\n\t\t\t<\/span>\n<\/li>\n<li class=\"product type-product post-7484 status-publish instock product_cat-vegetables product_cat-in-season has-post-thumbnail shipping-taxable product-type-simple\">\n\t<a href=\"https:\/\/peitrade.com\/tr\/product\/sogan\/\" class=\"woocommerce-LoopProduct-link woocommerce-loop-product__link\"><img decoding=\"async\" width=\"300\" height=\"300\" src=\"https:\/\/peitrade.com\/wp-content\/uploads\/2025\/11\/Egyption-Onion-300x300.webp\" class=\"attachment-woocommerce_thumbnail size-woocommerce_thumbnail\" alt=\"Egyption Onion - PEI Trade\" srcset=\"https:\/\/peitrade.com\/wp-content\/uploads\/2025\/11\/Egyption-Onion-300x300.webp 300w, https:\/\/peitrade.com\/wp-content\/uploads\/2025\/11\/Egyption-Onion-150x150.webp 150w, https:\/\/peitrade.com\/wp-content\/uploads\/2025\/11\/Egyption-Onion-768x768.webp 768w, https:\/\/peitrade.com\/wp-content\/uploads\/2025\/11\/Egyption-Onion-600x600.webp 600w, https:\/\/peitrade.com\/wp-content\/uploads\/2025\/11\/Egyption-Onion-100x100.webp 100w, https:\/\/peitrade.com\/wp-content\/uploads\/2025\/11\/Egyption-Onion.webp 1024w\" sizes=\"(max-width: 300px) 100vw, 300px\" title=\"\"><h2 class=\"woocommerce-loop-product__title\">So\u011fan<\/h2>\n<\/a><a href=\"https:\/\/peitrade.com\/tr\/product\/sogan\/\" aria-describedby=\"woocommerce_loop_add_to_cart_link_describedby_7484\" data-quantity=\"1\" class=\"button product_type_simple\" data-product_id=\"7484\" data-product_sku=\"70310\" aria-label=\"&ldquo;So\u011fan&rdquo; hakk\u0131nda daha fazla bilgi edinin\" rel=\"nofollow\" data-success_message=\"\">Devam\u0131n\u0131 oku<\/a>\t<span id=\"woocommerce_loop_add_to_cart_link_describedby_7484\" class=\"screen-reader-text\">\n\t\t\t<\/span>\n<\/li>\n<li class=\"product type-product post-7540 status-publish last instock product_cat-vegetables product_cat-in-season has-post-thumbnail shipping-taxable product-type-simple\">\n\t<a href=\"https:\/\/peitrade.com\/tr\/product\/taze-fasulye\/\" class=\"woocommerce-LoopProduct-link woocommerce-loop-product__link\"><img decoding=\"async\" width=\"300\" height=\"300\" src=\"https:\/\/peitrade.com\/wp-content\/uploads\/2025\/11\/Egyptian-Green-Beans-300x300.webp\" class=\"attachment-woocommerce_thumbnail size-woocommerce_thumbnail\" alt=\"Taze fasulye\" srcset=\"https:\/\/peitrade.com\/wp-content\/uploads\/2025\/11\/Egyptian-Green-Beans-300x300.webp 300w, https:\/\/peitrade.com\/wp-content\/uploads\/2025\/11\/Egyptian-Green-Beans-150x150.webp 150w, https:\/\/peitrade.com\/wp-content\/uploads\/2025\/11\/Egyptian-Green-Beans-768x768.webp 768w, https:\/\/peitrade.com\/wp-content\/uploads\/2025\/11\/Egyptian-Green-Beans-600x600.webp 600w, https:\/\/peitrade.com\/wp-content\/uploads\/2025\/11\/Egyptian-Green-Beans-100x100.webp 100w, https:\/\/peitrade.com\/wp-content\/uploads\/2025\/11\/Egyptian-Green-Beans.webp 1024w\" sizes=\"(max-width: 300px) 100vw, 300px\" title=\"\"><h2 class=\"woocommerce-loop-product__title\">Taze fasulye<\/h2>\n<\/a><a href=\"https:\/\/peitrade.com\/tr\/product\/taze-fasulye\/\" aria-describedby=\"woocommerce_loop_add_to_cart_link_describedby_7540\" data-quantity=\"1\" class=\"button product_type_simple\" data-product_id=\"7540\" data-product_sku=\"70821\" aria-label=\"&ldquo;Taze fasulye&rdquo; hakk\u0131nda daha fazla bilgi edinin\" rel=\"nofollow\" data-success_message=\"\">Devam\u0131n\u0131 oku<\/a>\t<span id=\"woocommerce_loop_add_to_cart_link_describedby_7540\" class=\"screen-reader-text\">\n\t\t\t<\/span>\n<\/li>\n<\/ul>\n<\/div><\/div>\n<div class=\"container\">\n<h2>PEI Trade\u2019i Marul \u0130hracat Orta\u011f\u0131n\u0131z Olarak Se\u00e7meniz \u0130\u00e7in Nedenler<\/h2>\n<p><span style=\"font-weight: 400;\">PEI Trade\u2019in M\u0131s\u0131r\u2019\u0131n \u00f6nde gelen <b>marul ihracat\u00e7\u0131lar\u0131<\/b> aras\u0131nda yer almas\u0131n\u0131n nedenleri:<\/span><\/p>\n<ul>\n<li style=\"font-weight: 400;\">Taze, y\u0131kanm\u0131\u015f ve so\u011futulmu\u015f marulda d\u00fczenli tedarik<\/li>\n<li style=\"font-weight: 400;\"><b>Do\u011franm\u0131\u015f marul<\/b>, b\u00fct\u00fcn ba\u015flar ve serbest yapraklar dahil geni\u015f format \u00e7e\u015fitlili\u011fi<\/li>\n<li style=\"font-weight: 400;\">\u00c7e\u015fitli pazarlar i\u00e7in \u00f6zelle\u015ftirilmi\u015f etiketleme ve \u00e7ok dilli ambalajlar<\/li>\n<li style=\"font-weight: 400;\">So\u011fuk zincir lojisti\u011fi ve 25\u2019ten fazla \u00fclkeye sevkiyat<\/li>\n<li style=\"font-weight: 400;\">Sertifikal\u0131 hijyen, izlenebilirlik ve ihracat belgeleri<\/li>\n<\/ul>\n<p><span style=\"font-weight: 400;\">Sipari\u015f miktar\u0131n\u0131z ne olursa olsun <b>marul tedarik\u00e7ileri<\/b> ekibimizle sorunsuz ve \u00f6l\u00e7eklenebilir bir deneyim sunmay\u0131 taahh\u00fct ediyoruz.<\/span><\/p>\n<h2>Marul \u0130hracat S\u00fcrecimiz \u2013 M\u0131s\u0131r Tarlalar\u0131ndan D\u00fcnya Sofralar\u0131na<\/h2>\n<p><span style=\"font-weight: 400;\">PEI Trade\u2019in optimize edilmi\u015f ihracat s\u00fcreci sayesinde <b>ihracatl\u0131k marul<\/b> her zaman \u00e7\u0131t\u0131r, temiz ve standartlara uygundur:<\/span><\/p>\n<ul>\n<li style=\"font-weight: 400;\">Besin a\u00e7\u0131s\u0131ndan zengin M\u0131s\u0131r tarlalar\u0131ndan g\u00fcnl\u00fck hasat<\/li>\n<li style=\"font-weight: 400;\">Sertifikal\u0131 tesislerde g\u0131da g\u00fcvenli\u011fi protokollerine uygun i\u015fleme<\/li>\n<li style=\"font-weight: 400;\">Tazeli\u011fi koruyan MAP (Modifiye Atmosfer Paketleme)<\/li>\n<li style=\"font-weight: 400;\">So\u011futmal\u0131 deniz veya hava ta\u015f\u0131mac\u0131l\u0131\u011f\u0131 ile garantili so\u011fuk zincir<\/li>\n<li style=\"font-weight: 400;\">Bitki sa\u011fl\u0131\u011f\u0131 sertifikal\u0131, ihracata haz\u0131r belgeler<\/li>\n<\/ul>\n<h2>Mevcut Formatlar \u2013 Do\u011franm\u0131\u015ftan B\u00fct\u00fcn Ba\u015flara<\/h2>\n<p><span style=\"font-weight: 400;\">En g\u00fcvenilir <b>do\u011franm\u0131\u015f marul tedarik\u00e7ileri<\/b> aras\u0131nda yer alan firmam\u0131z \u015fu \u00fcr\u00fcnleri sunar:<\/span><\/p>\n<ul>\n<li><b>Do\u011franm\u0131\u015f Marul:<\/b> Burger, taco, sandvi\u00e7 ve haz\u0131r yemek setleri i\u00e7in ideal<\/li>\n<li><b>Geni\u015f Kesilmi\u015f \u015eeritler:<\/b> Salata barlar\u0131 ve catering hizmetleri i\u00e7in uygun<\/li>\n<li><b>B\u00fct\u00fcn Ba\u015flar:<\/b> Iceberg, Romaine ve Butterhead \u00e7e\u015fitleri<\/li>\n<li><b>Y\u0131kanm\u0131\u015f Serbest Yapraklar:<\/b> HORECA ve i\u015flemciler i\u00e7in toplu haz\u0131r<\/li>\n<li><b>\u00d6zel Marka Se\u00e7enekleri:<\/b> Ki\u015fiye \u00f6zel markal\u0131 ambalajlar<\/li>\n<\/ul>\n<h2>K\u00fcresel Da\u011f\u0131t\u0131m A\u011f\u0131<\/h2>\n<p style=\"font-weight: 400;\">Sertifikal\u0131 bir <b>marul tedarik\u00e7isi<\/b> ihracat\u00e7\u0131s\u0131 olarak \u015fu pazarlara hizmet veriyoruz:<\/p>\n<ul>\n<li>Avrupa \u2013 Almanya, Hollanda, Birle\u015fik Krall\u0131k, \u0130spanya<\/li>\n<li>Orta Do\u011fu \u2013 Suudi Arabistan, BAE, Katar<\/li>\n<li>Afrika \u2013 Kenya, Fas, G\u00fcney Afrika<\/li>\n<li>Asya \u2013 Hindistan, Singapur, Malezya<\/li>\n<\/ul>\n<p><span style=\"font-weight: 400;\">\u0130ster tek palet ister tam konteyner sipari\u015f edin, PEI Trade her zaman h\u0131zl\u0131 ve hassas teslimat sa\u011flar.<\/span><\/p>\n<h2>Y\u0131l Boyu Kesintisiz Tedarik<\/h2>\n<p style=\"font-weight: 400;\">M\u0131s\u0131r\u2019\u0131n g\u00fcne\u015fli iklimi ve geli\u015fmi\u015f sulama sistemleri sayesinde marul hasad\u0131m\u0131z neredeyse y\u0131l boyunca s\u00fcrmektedir. En istikrarl\u0131 <b>marul tedarik\u00e7ileri<\/b> aras\u0131nda yer alarak, di\u011fer pazarlardaki sezonluk bo\u015fluklar\u0131 s\u00fcrekli kalite ve tazelikle dolduruyoruz.<\/p>\n<h3>Ambalaj ve \u0130hracat Se\u00e7enekleri<\/h3>\n<ul>\n<li>Perakende paketler: Markal\u0131 ve raflara haz\u0131r<\/li>\n<li>Toplu se\u00e7enekler: HORECA i\u00e7in 1 kg, 2 kg ve 5 kg torbalar<\/li>\n<li>MAP ve vakum ambalaj\u0131 ile raf \u00f6mr\u00fc uzatma<\/li>\n<li>Yerel dil ve tasar\u0131ma \u00f6zel \u00f6zel markal\u0131 formatlar<\/li>\n<\/ul>\n<\/div>\n<section style=\"padding: 50px 20px; background-color: #f0f0f0;\">\n<div class=\"container\">\n<h2>M\u0131s\u0131r\u2019\u0131n \u00d6nde Gelen Marul \u0130hracat\u00e7\u0131lar\u0131ndan Biriyle \u0130\u015f Ortakl\u0131\u011f\u0131 Kurun<\/h2>\n<p>E\u011fer s\u00fcpermarketler, g\u0131da hizmeti zincirleri veya i\u015fleme tesisleri i\u00e7in <b>ihracatl\u0131k marul<\/b> tedarik ediyorsan\u0131z, PEI Trade; deneyimli <b>marul ihracat\u00e7\u0131lar\u0131<\/b> ve <b>do\u011franm\u0131\u015f marul tedarik\u00e7ileri<\/b> ile tam hizmet \u00e7\u00f6z\u00fcmleri sunar.<\/p>\n<p>G\u00fcvenilirli\u011fimiz, rekabet\u00e7i fiyatlar\u0131m\u0131z ve tarladan limana \u015feffafl\u0131\u011f\u0131m\u0131zla gurur duyuyoruz.<\/p>\n<h2>Numune veya Fiyat Teklifi Talep Edin<\/h2>\n<p>\u0130hracat ekibimiz b\u00f6lgenize \u00f6zel \u00e7\u00f6z\u00fcmler geli\u015ftirmeye haz\u0131r. Fiyat, ambalaj se\u00e7enekleri ve teknik bilgiler i\u00e7in bize ula\u015f\u0131n.<\/p>\n<p style=\"text-align: center; margin-top: 40px;\"><a class=\"button primary large\" href=\"\/contact\">Fiyat Teklifi Al\u0131n<\/a><\/p>\n<\/div>\n<\/section>\n<section style=\"padding: 50px 20px;\">\n<div class=\"container\">\n<h2>PEI Trade\u2019in Tar\u0131msal \u0130hracatlar\u0131n\u0131n Tamam\u0131n\u0131 Ke\u015ffedin<\/h2>\n<p>&nbsp;<\/p>\n<p>PEI Trade yaln\u0131zca <b>marul ihracat\u00e7\u0131lar\u0131<\/b> aras\u0131nda de\u011fil; ayn\u0131 zamanda premium so\u011fan, molohiya, bamya ve aromatik otlar ihracat\u0131nda da liderdir. <a href=\"\/about\">Tar\u0131msal \u00fcr\u00fcn yelpazemiz hakk\u0131nda daha fazla bilgi edinin<\/a>.<\/p>\n<div class=\"wp-block-woocommerce-product-collection\"><div class=\"woocommerce columns-4 \"><ul class=\"products columns-4\" data-products=\"type-2\">\n<li class=\"product type-product post-7360 status-publish first instock product_cat-vegetables has-post-thumbnail shipping-taxable product-type-simple\">\n\t<a href=\"https:\/\/peitrade.com\/tr\/product\/domates\/\" class=\"woocommerce-LoopProduct-link woocommerce-loop-product__link\"><img decoding=\"async\" width=\"300\" height=\"300\" src=\"https:\/\/peitrade.com\/wp-content\/uploads\/2025\/11\/Egyptian-Tomatoes-300x300.webp\" class=\"attachment-woocommerce_thumbnail size-woocommerce_thumbnail\" alt=\"Domates\" srcset=\"https:\/\/peitrade.com\/wp-content\/uploads\/2025\/11\/Egyptian-Tomatoes-300x300.webp 300w, https:\/\/peitrade.com\/wp-content\/uploads\/2025\/11\/Egyptian-Tomatoes-150x150.webp 150w, https:\/\/peitrade.com\/wp-content\/uploads\/2025\/11\/Egyptian-Tomatoes-768x768.webp 768w, https:\/\/peitrade.com\/wp-content\/uploads\/2025\/11\/Egyptian-Tomatoes-600x600.webp 600w, https:\/\/peitrade.com\/wp-content\/uploads\/2025\/11\/Egyptian-Tomatoes-100x100.webp 100w, https:\/\/peitrade.com\/wp-content\/uploads\/2025\/11\/Egyptian-Tomatoes.webp 1024w\" sizes=\"(max-width: 300px) 100vw, 300px\" title=\"\"><h2 class=\"woocommerce-loop-product__title\">Domates<\/h2>\n<\/a><a href=\"https:\/\/peitrade.com\/tr\/product\/domates\/\" aria-describedby=\"woocommerce_loop_add_to_cart_link_describedby_7360\" data-quantity=\"1\" class=\"button product_type_simple\" data-product_id=\"7360\" data-product_sku=\"70200\" aria-label=\"&ldquo;Domates&rdquo; hakk\u0131nda daha fazla bilgi edinin\" rel=\"nofollow\" data-success_message=\"\">Devam\u0131n\u0131 oku<\/a>\t<span id=\"woocommerce_loop_add_to_cart_link_describedby_7360\" class=\"screen-reader-text\">\n\t\t\t<\/span>\n<\/li>\n<li class=\"product type-product post-7776 status-publish instock product_cat-vegetables product_cat-in-season has-post-thumbnail shipping-taxable product-type-simple\">\n\t<a href=\"https:\/\/peitrade.com\/tr\/product\/patates\/\" class=\"woocommerce-LoopProduct-link woocommerce-loop-product__link\"><img decoding=\"async\" width=\"300\" height=\"300\" src=\"https:\/\/peitrade.com\/wp-content\/uploads\/2025\/11\/Egyptian-Potatoes-300x300.webp\" class=\"attachment-woocommerce_thumbnail size-woocommerce_thumbnail\" alt=\"Patates\" srcset=\"https:\/\/peitrade.com\/wp-content\/uploads\/2025\/11\/Egyptian-Potatoes-300x300.webp 300w, https:\/\/peitrade.com\/wp-content\/uploads\/2025\/11\/Egyptian-Potatoes-150x150.webp 150w, https:\/\/peitrade.com\/wp-content\/uploads\/2025\/11\/Egyptian-Potatoes-768x768.webp 768w, https:\/\/peitrade.com\/wp-content\/uploads\/2025\/11\/Egyptian-Potatoes-600x600.webp 600w, https:\/\/peitrade.com\/wp-content\/uploads\/2025\/11\/Egyptian-Potatoes-100x100.webp 100w, https:\/\/peitrade.com\/wp-content\/uploads\/2025\/11\/Egyptian-Potatoes.webp 1024w\" sizes=\"(max-width: 300px) 100vw, 300px\" title=\"\"><h2 class=\"woocommerce-loop-product__title\">Patates<\/h2>\n<\/a><a href=\"https:\/\/peitrade.com\/tr\/product\/patates\/\" aria-describedby=\"woocommerce_loop_add_to_cart_link_describedby_7776\" data-quantity=\"1\" class=\"button product_type_simple\" data-product_id=\"7776\" data-product_sku=\"70190\" aria-label=\"&ldquo;Patates&rdquo; hakk\u0131nda daha fazla bilgi edinin\" rel=\"nofollow\" data-success_message=\"\">Devam\u0131n\u0131 oku<\/a>\t<span id=\"woocommerce_loop_add_to_cart_link_describedby_7776\" class=\"screen-reader-text\">\n\t\t\t<\/span>\n<\/li>\n<li class=\"product type-product post-7376 status-publish instock product_cat-vegetables product_cat-in-season has-post-thumbnail shipping-taxable product-type-simple\">\n\t<a href=\"https:\/\/peitrade.com\/tr\/product\/sarimsak\/\" class=\"woocommerce-LoopProduct-link woocommerce-loop-product__link\"><img decoding=\"async\" width=\"300\" height=\"300\" src=\"https:\/\/peitrade.com\/wp-content\/uploads\/2025\/11\/Egyptian-Garlic-300x300.webp\" class=\"attachment-woocommerce_thumbnail size-woocommerce_thumbnail\" alt=\"Sar\u0131msak\" srcset=\"https:\/\/peitrade.com\/wp-content\/uploads\/2025\/11\/Egyptian-Garlic-300x300.webp 300w, https:\/\/peitrade.com\/wp-content\/uploads\/2025\/11\/Egyptian-Garlic-150x150.webp 150w, https:\/\/peitrade.com\/wp-content\/uploads\/2025\/11\/Egyptian-Garlic-768x768.webp 768w, https:\/\/peitrade.com\/wp-content\/uploads\/2025\/11\/Egyptian-Garlic-600x600.webp 600w, https:\/\/peitrade.com\/wp-content\/uploads\/2025\/11\/Egyptian-Garlic-100x100.webp 100w, https:\/\/peitrade.com\/wp-content\/uploads\/2025\/11\/Egyptian-Garlic.webp 1024w\" sizes=\"(max-width: 300px) 100vw, 300px\" title=\"\"><h2 class=\"woocommerce-loop-product__title\">Sar\u0131msak<\/h2>\n<\/a><a href=\"https:\/\/peitrade.com\/tr\/product\/sarimsak\/\" aria-describedby=\"woocommerce_loop_add_to_cart_link_describedby_7376\" data-quantity=\"1\" class=\"button product_type_simple\" data-product_id=\"7376\" data-product_sku=\"70320\" aria-label=\"&ldquo;Sar\u0131msak&rdquo; hakk\u0131nda daha fazla bilgi edinin\" rel=\"nofollow\" data-success_message=\"\">Devam\u0131n\u0131 oku<\/a>\t<span id=\"woocommerce_loop_add_to_cart_link_describedby_7376\" class=\"screen-reader-text\">\n\t\t\t<\/span>\n<\/li>\n<li class=\"product type-product post-7796 status-publish last instock product_cat-vegetables product_cat-in-season has-post-thumbnail shipping-taxable product-type-simple\">\n\t<a href=\"https:\/\/peitrade.com\/tr\/product\/tatli-patates\/\" class=\"woocommerce-LoopProduct-link woocommerce-loop-product__link\"><img decoding=\"async\" width=\"300\" height=\"300\" src=\"https:\/\/peitrade.com\/wp-content\/uploads\/2025\/11\/Egyptian-Sweet-Potatoes-300x300.webp\" class=\"attachment-woocommerce_thumbnail size-woocommerce_thumbnail\" alt=\"Egyptian Sweet Potatoes - PEI Trade\" srcset=\"https:\/\/peitrade.com\/wp-content\/uploads\/2025\/11\/Egyptian-Sweet-Potatoes-300x300.webp 300w, https:\/\/peitrade.com\/wp-content\/uploads\/2025\/11\/Egyptian-Sweet-Potatoes-150x150.webp 150w, https:\/\/peitrade.com\/wp-content\/uploads\/2025\/11\/Egyptian-Sweet-Potatoes-768x768.webp 768w, https:\/\/peitrade.com\/wp-content\/uploads\/2025\/11\/Egyptian-Sweet-Potatoes-600x600.webp 600w, https:\/\/peitrade.com\/wp-content\/uploads\/2025\/11\/Egyptian-Sweet-Potatoes-100x100.webp 100w, https:\/\/peitrade.com\/wp-content\/uploads\/2025\/11\/Egyptian-Sweet-Potatoes.webp 1024w\" sizes=\"(max-width: 300px) 100vw, 300px\" title=\"\"><h2 class=\"woocommerce-loop-product__title\">Tatl\u0131 patates<\/h2>\n<\/a><a href=\"https:\/\/peitrade.com\/tr\/product\/tatli-patates\/\" aria-describedby=\"woocommerce_loop_add_to_cart_link_describedby_7796\" data-quantity=\"1\" class=\"button product_type_simple\" data-product_id=\"7796\" data-product_sku=\"71420\" aria-label=\"&ldquo;Tatl\u0131 patates&rdquo; hakk\u0131nda daha fazla bilgi edinin\" rel=\"nofollow\" data-success_message=\"\">Devam\u0131n\u0131 oku<\/a>\t<span id=\"woocommerce_loop_add_to_cart_link_describedby_7796\" class=\"screen-reader-text\">\n\t\t\t<\/span>\n<\/li>\n<\/ul>\n<\/div><\/div>\n<\/div>\n<\/section>\n<section style=\"padding: 50px 20px; background-color: #f9f9f9;\">\n<div class=\"container\">\n<h2>S\u0131k\u00e7a Sorulan Sorular<\/h2>\n<h3>Hangi marul \u00e7e\u015fitlerini ihra\u00e7 ediyorsunuz?<\/h3>\n<p>Iceberg, Romaine, Butterhead ve do\u011franm\u0131\u015f formatlar\u0131 perakende ve g\u0131da hizmeti i\u00e7in ihra\u00e7 ediyoruz.<\/p>\n<h3>\u00d6zel markalama ve ambalaj sunuyor musunuz?<\/h3>\n<p>Evet. Markan\u0131za ve yerel dile uygun \u00f6zel etiketli ambalajlar sa\u011fl\u0131yoruz.<\/p>\n<h3>\u0130hracat s\u0131ras\u0131nda marulun tazeli\u011fi nas\u0131l korunuyor?<\/h3>\n<p>So\u011fuk zincir lojisti\u011fi ve MAP ambalajlama ile tarladan var\u0131\u015f noktas\u0131na kadar ideal ko\u015fullar sa\u011flan\u0131r.<\/p>\n<h3>K\u00fcresel g\u00f6nderim yap\u0131yor musunuz?<\/h3>\n<p>Evet. \u015eu anda Avrupa, Orta Do\u011fu, Asya ve Afrika\u2019da 25\u2019ten fazla \u00fclkeye ihracat yap\u0131yoruz.<\/p>\n<h3>Mevsimsel veya y\u0131l boyu tedarik sa\u011flayabiliyor musunuz?<\/h3>\n<p>Kesinlikle. M\u0131s\u0131r\u2019\u0131n iklimi sayesinde y\u00fcksek kaliteli <b>ihracatl\u0131k marul<\/b> \u00fcr\u00fcnlerini y\u0131l boyunca istikrarl\u0131 \u015fekilde tedarik ediyoruz.<\/p>\n<\/div>\n<\/section>\n","protected":false},"excerpt":{"rendered":"<p>Tutarl\u0131 kalite, tazelik ve k\u00fcresel lojistik deste\u011fi sunan g\u00fcvenilir marul ihracat\u00e7\u0131lar\u0131 m\u0131 ar\u0131yorsunuz? PEI Trade, M\u0131s\u0131r&#8217;dan \u00f6nde gelen marul tedarik\u00e7ileri aras\u0131nda yer almakta ve perakende, g\u0131da hizmeti ve toptan al\u0131c\u0131lar i\u00e7in ihracata haz\u0131r geni\u015f bir marul yelpazesi sunmaktad\u0131r. G\u00fcvenilir bir marul tedarik\u00e7isi markas\u0131 olarak, optimum tar\u0131m ko\u015fullar\u0131nda yeti\u015ftirilen canl\u0131 ve \u00e7\u0131t\u0131r marullar konusunda uzman\u0131z. \u0130ster [&hellip;]<\/p>\n","protected":false},"author":1,"featured_media":0,"parent":0,"menu_order":0,"comment_status":"closed","ping_status":"closed","template":"","meta":{"footnotes":""},"class_list":["post-6569","page","type-page","status-publish","hentry"],"blocksy_meta":[],"mb":[],"featured_image_urls_v2":{"full":"","thumbnail":"","medium":"","medium_large":"","large":"","1536x1536":"","2048x2048":"","woocommerce_archive_thumbnail":"","woocommerce_thumbnail":"","woocommerce_single":"","woocommerce_gallery_thumbnail":""},"post_excerpt_stackable_v2":"<p>Tutarl\u0131 kalite, tazelik ve k\u00fcresel lojistik deste\u011fi sunan g\u00fcvenilir marul ihracat\u00e7\u0131lar\u0131 m\u0131 ar\u0131yorsunuz? PEI Trade, M\u0131s\u0131r&#8217;dan \u00f6nde gelen marul tedarik\u00e7ileri aras\u0131nda yer almakta ve perakende, g\u0131da hizmeti ve toptan al\u0131c\u0131lar i\u00e7in ihracata haz\u0131r geni\u015f bir marul yelpazesi sunmaktad\u0131r. G\u00fcvenilir bir marul tedarik\u00e7isi markas\u0131 olarak, optimum tar\u0131m ko\u015fullar\u0131nda yeti\u015ftirilen canl\u0131 ve \u00e7\u0131t\u0131r marullar konusunda uzman\u0131z. \u0130ster fast-food zincirleri i\u00e7in do\u011franm\u0131\u015f marul ister s\u00fcpermarket raflar\u0131 i\u00e7in b\u00fcy\u00fck ba\u015f marul ar\u0131yor olun, ihracat ekibimiz tam izlenebilirlik, \u00f6zel ambalajlama ve zaman\u0131nda teslimat sa\u011flar. Kuru beyaz fasulye Devam\u0131n\u0131 oku Patates Devam\u0131n\u0131 oku So\u011fan Devam\u0131n\u0131 oku Taze fasulye Devam\u0131n\u0131 oku PEI Trade\u2019i Marul \u0130hracat Orta\u011f\u0131n\u0131z Olarak&hellip;<\/p>\n","category_list_v2":"","author_info_v2":{"name":"Mostafa Sabry","url":"https:\/\/peitrade.com\/tr\/author\/emostafaadel_jn8gcqbo\/"},"comments_num_v2":"0 comments","mfb_rest_fields":["title","blocksy_meta","featured_image_urls_v2","post_excerpt_stackable_v2","category_list_v2","author_info_v2","comments_num_v2"],"_links":{"self":[{"href":"https:\/\/peitrade.com\/tr\/wp-json\/wp\/v2\/pages\/6569","targetHints":{"allow":["GET"]}}],"collection":[{"href":"https:\/\/peitrade.com\/tr\/wp-json\/wp\/v2\/pages"}],"about":[{"href":"https:\/\/peitrade.com\/tr\/wp-json\/wp\/v2\/types\/page"}],"author":[{"embeddable":true,"href":"https:\/\/peitrade.com\/tr\/wp-json\/wp\/v2\/users\/1"}],"replies":[{"embeddable":true,"href":"https:\/\/peitrade.com\/tr\/wp-json\/wp\/v2\/comments?post=6569"}],"version-history":[{"count":1,"href":"https:\/\/peitrade.com\/tr\/wp-json\/wp\/v2\/pages\/6569\/revisions"}],"predecessor-version":[{"id":6570,"href":"https:\/\/peitrade.com\/tr\/wp-json\/wp\/v2\/pages\/6569\/revisions\/6570"}],"wp:attachment":[{"href":"https:\/\/peitrade.com\/tr\/wp-json\/wp\/v2\/media?parent=6569"}],"curies":[{"name":"wp","href":"https:\/\/api.w.org\/{rel}","templated":true}]}}