{"id":6578,"date":"2025-06-30T09:27:46","date_gmt":"2025-06-30T09:27:46","guid":{"rendered":"http:\/\/46.224.74.15\/misirdan-ihracat-marul\/"},"modified":"2025-11-19T16:58:52","modified_gmt":"2025-11-19T16:58:52","slug":"misirdan-ihracat-marul","status":"publish","type":"page","link":"https:\/\/peitrade.com\/tr\/misirdan-ihracat-marul\/","title":{"rendered":"M\u0131s\u0131r&#8217;dan Marul \u0130hracat\u0131 \u2013 Taze, Temiz ve K\u00fcresel Kullan\u0131ma Haz\u0131r"},"content":{"rendered":"<section style=\"padding: 60px 20px; background-color: #f9f9f9;\">\n<div class=\"container\">\n<p>Premium kalite <b>ihracat marul<\/b> m\u0131 ar\u0131yorsunuz? Benzersiz tazelik ve profesyonel i\u015flem garantisiyle PEI Trade, M\u0131s\u0131r\u2019\u0131n en deneyimli <b>marul ihracat\u00e7\u0131lar\u0131<\/b> aras\u0131nda yer al\u0131yor. Perakende, yeme-i\u00e7me ve toptan sat\u0131\u015f kanallar\u0131na d\u00fcnya \u00e7ap\u0131ndaki al\u0131c\u0131lara \u00fcst d\u00fczey \u00fcr\u00fcnler sunuyoruz.<\/p>\n<p>Kurumsal <b>marul tedarik\u00e7ileri<\/b> olarak, lezzetli, canl\u0131 ve uzun raf \u00f6mr\u00fc sunan marullar\u0131m\u0131z\u0131 besin a\u00e7\u0131s\u0131ndan zengin M\u0131s\u0131r topraklar\u0131nda ideal iklim ko\u015fullar\u0131nda yeti\u015ftiriyoruz. H\u0131zl\u0131 servis zincirleri i\u00e7in <b>didiklenmi\u015f marul tedarik\u00e7ileri<\/b> veya perakende zincirleri i\u00e7in toplu ba\u015f marullar ar\u0131yorsan\u0131z, tarladan limana tam izlenebilirlik ve \u00fcst\u00fcn kalite sunuyoruz.<\/p>\n<\/div>\n<\/section>\n<div class=\"wp-block-woocommerce-product-collection\"><div class=\"woocommerce columns-4 \"><ul class=\"products columns-4\" data-products=\"type-2\">\n<li class=\"product type-product post-7719 status-publish first instock product_cat-legumes product_cat-in-season has-post-thumbnail shipping-taxable product-type-simple\">\n\t<a href=\"https:\/\/peitrade.com\/tr\/product\/kuru-beyaz-fasulye\/\" class=\"woocommerce-LoopProduct-link woocommerce-loop-product__link\"><img decoding=\"async\" width=\"300\" height=\"300\" src=\"https:\/\/peitrade.com\/wp-content\/uploads\/2025\/11\/Egyptian-White-Beans-300x300.webp\" class=\"attachment-woocommerce_thumbnail size-woocommerce_thumbnail\" alt=\"Kuru beyaz fasulye\" srcset=\"https:\/\/peitrade.com\/wp-content\/uploads\/2025\/11\/Egyptian-White-Beans-300x300.webp 300w, https:\/\/peitrade.com\/wp-content\/uploads\/2025\/11\/Egyptian-White-Beans-150x150.webp 150w, https:\/\/peitrade.com\/wp-content\/uploads\/2025\/11\/Egyptian-White-Beans-768x768.webp 768w, https:\/\/peitrade.com\/wp-content\/uploads\/2025\/11\/Egyptian-White-Beans-600x600.webp 600w, https:\/\/peitrade.com\/wp-content\/uploads\/2025\/11\/Egyptian-White-Beans-100x100.webp 100w, https:\/\/peitrade.com\/wp-content\/uploads\/2025\/11\/Egyptian-White-Beans.webp 1024w\" sizes=\"(max-width: 300px) 100vw, 300px\" title=\"\"><h2 class=\"woocommerce-loop-product__title\">Kuru beyaz fasulye<\/h2>\n<\/a><a href=\"https:\/\/peitrade.com\/tr\/product\/kuru-beyaz-fasulye\/\" aria-describedby=\"woocommerce_loop_add_to_cart_link_describedby_7719\" data-quantity=\"1\" class=\"button product_type_simple\" data-product_id=\"7719\" data-product_sku=\"70820\" aria-label=\"&ldquo;Kuru beyaz fasulye&rdquo; hakk\u0131nda daha fazla bilgi edinin\" rel=\"nofollow\" data-success_message=\"\">Devam\u0131n\u0131 oku<\/a>\t<span id=\"woocommerce_loop_add_to_cart_link_describedby_7719\" class=\"screen-reader-text\">\n\t\t\t<\/span>\n<\/li>\n<li class=\"product type-product post-7776 status-publish instock product_cat-vegetables product_cat-in-season has-post-thumbnail shipping-taxable product-type-simple\">\n\t<a href=\"https:\/\/peitrade.com\/tr\/product\/patates\/\" class=\"woocommerce-LoopProduct-link woocommerce-loop-product__link\"><img decoding=\"async\" width=\"300\" height=\"300\" src=\"https:\/\/peitrade.com\/wp-content\/uploads\/2025\/11\/Egyptian-Potatoes-300x300.webp\" class=\"attachment-woocommerce_thumbnail size-woocommerce_thumbnail\" alt=\"Patates\" srcset=\"https:\/\/peitrade.com\/wp-content\/uploads\/2025\/11\/Egyptian-Potatoes-300x300.webp 300w, https:\/\/peitrade.com\/wp-content\/uploads\/2025\/11\/Egyptian-Potatoes-150x150.webp 150w, https:\/\/peitrade.com\/wp-content\/uploads\/2025\/11\/Egyptian-Potatoes-768x768.webp 768w, https:\/\/peitrade.com\/wp-content\/uploads\/2025\/11\/Egyptian-Potatoes-600x600.webp 600w, https:\/\/peitrade.com\/wp-content\/uploads\/2025\/11\/Egyptian-Potatoes-100x100.webp 100w, https:\/\/peitrade.com\/wp-content\/uploads\/2025\/11\/Egyptian-Potatoes.webp 1024w\" sizes=\"(max-width: 300px) 100vw, 300px\" title=\"\"><h2 class=\"woocommerce-loop-product__title\">Patates<\/h2>\n<\/a><a href=\"https:\/\/peitrade.com\/tr\/product\/patates\/\" aria-describedby=\"woocommerce_loop_add_to_cart_link_describedby_7776\" data-quantity=\"1\" class=\"button product_type_simple\" data-product_id=\"7776\" data-product_sku=\"70190\" aria-label=\"&ldquo;Patates&rdquo; hakk\u0131nda daha fazla bilgi edinin\" rel=\"nofollow\" data-success_message=\"\">Devam\u0131n\u0131 oku<\/a>\t<span id=\"woocommerce_loop_add_to_cart_link_describedby_7776\" class=\"screen-reader-text\">\n\t\t\t<\/span>\n<\/li>\n<li class=\"product type-product post-7484 status-publish instock product_cat-vegetables product_cat-in-season has-post-thumbnail shipping-taxable product-type-simple\">\n\t<a href=\"https:\/\/peitrade.com\/tr\/product\/sogan\/\" class=\"woocommerce-LoopProduct-link woocommerce-loop-product__link\"><img decoding=\"async\" width=\"300\" height=\"300\" src=\"https:\/\/peitrade.com\/wp-content\/uploads\/2025\/11\/Egyption-Onion-300x300.webp\" class=\"attachment-woocommerce_thumbnail size-woocommerce_thumbnail\" alt=\"Egyption Onion - PEI Trade\" srcset=\"https:\/\/peitrade.com\/wp-content\/uploads\/2025\/11\/Egyption-Onion-300x300.webp 300w, https:\/\/peitrade.com\/wp-content\/uploads\/2025\/11\/Egyption-Onion-150x150.webp 150w, https:\/\/peitrade.com\/wp-content\/uploads\/2025\/11\/Egyption-Onion-768x768.webp 768w, https:\/\/peitrade.com\/wp-content\/uploads\/2025\/11\/Egyption-Onion-600x600.webp 600w, https:\/\/peitrade.com\/wp-content\/uploads\/2025\/11\/Egyption-Onion-100x100.webp 100w, https:\/\/peitrade.com\/wp-content\/uploads\/2025\/11\/Egyption-Onion.webp 1024w\" sizes=\"(max-width: 300px) 100vw, 300px\" title=\"\"><h2 class=\"woocommerce-loop-product__title\">So\u011fan<\/h2>\n<\/a><a href=\"https:\/\/peitrade.com\/tr\/product\/sogan\/\" aria-describedby=\"woocommerce_loop_add_to_cart_link_describedby_7484\" data-quantity=\"1\" class=\"button product_type_simple\" data-product_id=\"7484\" data-product_sku=\"70310\" aria-label=\"&ldquo;So\u011fan&rdquo; hakk\u0131nda daha fazla bilgi edinin\" rel=\"nofollow\" data-success_message=\"\">Devam\u0131n\u0131 oku<\/a>\t<span id=\"woocommerce_loop_add_to_cart_link_describedby_7484\" class=\"screen-reader-text\">\n\t\t\t<\/span>\n<\/li>\n<li class=\"product type-product post-7540 status-publish last instock product_cat-vegetables product_cat-in-season has-post-thumbnail shipping-taxable product-type-simple\">\n\t<a href=\"https:\/\/peitrade.com\/tr\/product\/taze-fasulye\/\" class=\"woocommerce-LoopProduct-link woocommerce-loop-product__link\"><img decoding=\"async\" width=\"300\" height=\"300\" src=\"https:\/\/peitrade.com\/wp-content\/uploads\/2025\/11\/Egyptian-Green-Beans-300x300.webp\" class=\"attachment-woocommerce_thumbnail size-woocommerce_thumbnail\" alt=\"Taze fasulye\" srcset=\"https:\/\/peitrade.com\/wp-content\/uploads\/2025\/11\/Egyptian-Green-Beans-300x300.webp 300w, https:\/\/peitrade.com\/wp-content\/uploads\/2025\/11\/Egyptian-Green-Beans-150x150.webp 150w, https:\/\/peitrade.com\/wp-content\/uploads\/2025\/11\/Egyptian-Green-Beans-768x768.webp 768w, https:\/\/peitrade.com\/wp-content\/uploads\/2025\/11\/Egyptian-Green-Beans-600x600.webp 600w, https:\/\/peitrade.com\/wp-content\/uploads\/2025\/11\/Egyptian-Green-Beans-100x100.webp 100w, https:\/\/peitrade.com\/wp-content\/uploads\/2025\/11\/Egyptian-Green-Beans.webp 1024w\" sizes=\"(max-width: 300px) 100vw, 300px\" title=\"\"><h2 class=\"woocommerce-loop-product__title\">Taze fasulye<\/h2>\n<\/a><a href=\"https:\/\/peitrade.com\/tr\/product\/taze-fasulye\/\" aria-describedby=\"woocommerce_loop_add_to_cart_link_describedby_7540\" data-quantity=\"1\" class=\"button product_type_simple\" data-product_id=\"7540\" data-product_sku=\"70821\" aria-label=\"&ldquo;Taze fasulye&rdquo; hakk\u0131nda daha fazla bilgi edinin\" rel=\"nofollow\" data-success_message=\"\">Devam\u0131n\u0131 oku<\/a>\t<span id=\"woocommerce_loop_add_to_cart_link_describedby_7540\" class=\"screen-reader-text\">\n\t\t\t<\/span>\n<\/li>\n<\/ul>\n<\/div><\/div>\n<div class=\"container\">\n<h2>PEI Trade ile Marul \u0130hracat\u0131nda Neden \u0130\u015f Orta\u011f\u0131 Olmal\u0131s\u0131n\u0131z?<\/h2>\n<p><span style=\"font-weight: 400;\">En iyi <b>marul ihracat\u00e7\u0131lar\u0131<\/b> aras\u0131nda yer almam\u0131z \u015fu avantajlara dayan\u0131yor:<\/span><\/p>\n<ul>\n<li style=\"font-weight: 400;\">Maksimum tazelik ve lezzet i\u00e7in g\u00fcnl\u00fck hasat<\/li>\n<li style=\"font-weight: 400;\">\u00c7e\u015fitli formatlar: b\u00fct\u00fcn ba\u015f, par\u00e7alanm\u0131\u015f yaprak ve <b>didiklenmi\u015f marul<\/b><\/li>\n<li style=\"font-weight: 400;\">So\u011fuk zincir lojisti\u011fi ile \u00fcr\u00fcn kalitesinin korunmas\u0131<\/li>\n<li style=\"font-weight: 400;\">K\u00fcresel pazara y\u00f6nelik \u00e7ok dilli, \u00f6zel ambalajlama<\/li>\n<li style=\"font-weight: 400;\">G\u0131da g\u00fcvenli\u011fi ve hijyen sertifikal\u0131, ihracat uyumlulu\u011fu<\/li>\n<\/ul>\n<p><span style=\"font-weight: 400;\">Bir <b>marul tedarik\u00e7isi<\/b> olarak tutarl\u0131l\u0131k, h\u0131z ve \u015feffafl\u0131k sunuyoruz\u2014sipari\u015f boyutunuz ne olursa olsun.<\/span><\/p>\n<h2>Tarladan \u00c7atala \u2013 <b>\u0130hracat Marul<\/b> S\u00fcrecimiz<\/h2>\n<p><span style=\"font-weight: 400;\">Her a\u015famay\u0131 kontrol ederek her defas\u0131nda kaliteli <b>ihracat marul<\/b> sa\u011fl\u0131yoruz:<\/span><\/p>\n<ul>\n<li style=\"font-weight: 400;\">Y\u00fcksek kaliteli M\u0131s\u0131r \u00e7iftliklerinden g\u00fcnl\u00fck hasat<\/li>\n<li style=\"font-weight: 400;\">\u0130klim kontroll\u00fc, sertifikal\u0131 tesislerde i\u015flem ve y\u0131kama<\/li>\n<li style=\"font-weight: 400;\">Tazeli\u011fi uzatmak i\u00e7in MAP (Modifiye Atmosfer Ambalaj\u0131)<\/li>\n<li style=\"font-weight: 400;\">25\u2019ten fazla \u00fclkeye so\u011futmal\u0131 deniz ve hava ta\u015f\u0131mac\u0131l\u0131\u011f\u0131<\/li>\n<li style=\"font-weight: 400;\">Fitosaniter sertifikal\u0131 ihracat belgeleri<\/li>\n<\/ul>\n<h2>Formatlar \u2013 <b>Didiklenmi\u015f marul<\/b> ve B\u00fct\u00fcn Ba\u015flar<\/h2>\n<p><span style=\"font-weight: 400;\">G\u00fcvenilir <b>didiklenmi\u015f marul tedarik\u00e7ileri<\/b> olarak \u015funlar\u0131 sunuyoruz:<\/span><\/p>\n<ul>\n<li><b>Didiklenmi\u015f Marul:<\/b> Haz\u0131r kesilmi\u015f, y\u0131kanm\u0131\u015f ve paketlenmi\u015f h\u0131zl\u0131 servis zincirleri ve yemek kitleri i\u00e7in<\/li>\n<li><b>Geni\u015f Kesim \u015eeritler:<\/b> Salata barlar\u0131 ve yiyecek servisi i\u00e7in ideal<\/li>\n<li><b>B\u00fct\u00fcn Ba\u015flar:<\/b> Iceberg, Romaine ve Butterhead \u00e7e\u015fitleri<\/li>\n<li><b>Y\u0131kanm\u0131\u015f Yapraklar:<\/b> \u0130\u015flem tesisleri ve g\u0131da \u00fcreticileri i\u00e7in<\/li>\n<li><b>Marka Etiketli Paketler:<\/b> \u0130htiya\u00e7lar\u0131n\u0131za g\u00f6re \u00f6zelle\u015ftirilmi\u015f \u00fcr\u00fcnler<\/li>\n<\/ul>\n<h2>K\u00fcresel Pazarlar<\/h2>\n<p style=\"font-weight: 400;\">Bir <b>marul tedarik\u00e7isi<\/b> olarak ihracat yapt\u0131\u011f\u0131m\u0131z b\u00f6lgeler:<\/p>\n<ul>\n<li>Avrupa \u2013 \u0130ngiltere, Almanya, Hollanda, \u0130spanya<\/li>\n<li>Orta Do\u011fu \u2013 BAE, Katar, Suudi Arabistan<\/li>\n<li>Asya \u2013 Hindistan, Malezya, Singapur<\/li>\n<li>Afrika \u2013 Kenya, G\u00fcney Afrika, Fas<\/li>\n<\/ul>\n<p><span style=\"font-weight: 400;\">Birka\u00e7 paletten tam konteyner y\u00fcklerine kadar teslimatlar\u0131m\u0131z zaman\u0131nda ve so\u011fuk zincir garantili.<\/span><\/p>\n<h2>Y\u0131l Boyunca S\u00fcrekli <b>\u0130hracat Marul<\/b> Tedariki<\/h2>\n<p style=\"font-weight: 400;\">M\u0131s\u0131r\u2019\u0131n s\u0131cak iklimi ve modern sulama sistemleri sayesinde y\u0131l boyunca s\u00fcrekli \u00fcretim sa\u011fl\u0131yoruz. D\u00fcnyan\u0131n en g\u00fcvenilir <b>marul ihracat\u00e7\u0131lar\u0131<\/b> aras\u0131nda yer alarak, pazar\u0131n\u0131zdaki mevsimsel bo\u015fluklar\u0131 <b>ihracat marul<\/b> ile doldurman\u0131za yard\u0131mc\u0131 oluyoruz.<\/p>\n<h3>Ambalaj ve \u0130hracat Se\u00e7enekleri<\/h3>\n<ul>\n<li>Perakende i\u00e7in haz\u0131r: Market raflar\u0131 i\u00e7in marka ambalajlama<\/li>\n<li>HORECA i\u00e7in toptan: 1\u202fkg, 2\u202fkg ve 5\u202fkg torbalar<\/li>\n<li>Tazeli\u011fi koruyan MAP ve vakumlu ambalajlar<\/li>\n<li>B\u00f6lgeye \u00f6zel dil ve tasar\u0131mla \u00f6zel marka \u00e7\u00f6z\u00fcmleri<\/li>\n<\/ul>\n<\/div>\n<section style=\"padding: 50px 20px; background-color: #f0f0f0;\">\n<div class=\"container\">\n<h2>\u00d6nc\u00fc Bir <b>\u0130hracat Marul<\/b> Sa\u011flay\u0131c\u0131s\u0131yla \u00c7al\u0131\u015f\u0131n<\/h2>\n<p>Sizin i\u00e7in perakende, yeme-i\u00e7me veya end\u00fcstriyel i\u015fleme ama\u00e7l\u0131 <b>ihracat marul<\/b> ar\u0131yorsan\u0131z, PEI Trade y\u0131llara dayanan <b>marul tedarik\u00e7ileri<\/b> ve <b>didiklenmi\u015f marul tedarik\u00e7ileri<\/b> deneyimiyle \u00f6zelle\u015ftirilmi\u015f \u00e7\u00f6z\u00fcmler sunar.<\/p>\n<p>Tutarl\u0131l\u0131k, h\u0131zl\u0131 geri d\u00f6n\u00fc\u015f ve tam izlenebilirlik\u2014tarladan deponuza kadar bizimle g\u00fcvendesiniz.<\/p>\n<h2>Numune veya Fiyat Teklifi Al\u0131n<\/h2>\n<p>\u0130hracat ekibimiz ihtiya\u00e7lar\u0131n\u0131za destek vermeye haz\u0131r. Fiyat, ambalaj se\u00e7enekleri ve teslimat s\u00fcreleri i\u00e7in bug\u00fcn bizimle ileti\u015fime ge\u00e7in.<\/p>\n<p style=\"text-align: center; margin-top: 40px;\"><a class=\"button primary large\" href=\"\/contact\">Teklif Al\u0131n<\/a><\/p>\n<\/div>\n<\/section>\n<section style=\"padding: 50px 20px;\">\n<div class=\"container\">\n<h2>PEI Trade\u2019\u0131n Tar\u0131msal \u0130hracat\u0131n\u0131 Ke\u015ffedin<\/h2>\n<p>Y\u00fcksek kaliteli <b>ihracat marul<\/b> yan\u0131nda PEI Trade, d\u00fcnya \u00e7ap\u0131ndaki al\u0131c\u0131lara M\u0131s\u0131r so\u011fan\u0131, molokhiya, bamya ve aromatik otlar da tedarik etmektedir. <a href=\"\/about\">Tam \u00fcr\u00fcn yelpazemizi ke\u015ffedin<\/a>.<\/p>\n<div class=\"wp-block-woocommerce-product-collection\"><div class=\"woocommerce columns-4 \"><ul class=\"products columns-4\" data-products=\"type-2\">\n<li class=\"product type-product post-7360 status-publish first instock product_cat-vegetables has-post-thumbnail shipping-taxable product-type-simple\">\n\t<a href=\"https:\/\/peitrade.com\/tr\/product\/domates\/\" class=\"woocommerce-LoopProduct-link woocommerce-loop-product__link\"><img decoding=\"async\" width=\"300\" height=\"300\" src=\"https:\/\/peitrade.com\/wp-content\/uploads\/2025\/11\/Egyptian-Tomatoes-300x300.webp\" class=\"attachment-woocommerce_thumbnail size-woocommerce_thumbnail\" alt=\"Domates\" srcset=\"https:\/\/peitrade.com\/wp-content\/uploads\/2025\/11\/Egyptian-Tomatoes-300x300.webp 300w, https:\/\/peitrade.com\/wp-content\/uploads\/2025\/11\/Egyptian-Tomatoes-150x150.webp 150w, https:\/\/peitrade.com\/wp-content\/uploads\/2025\/11\/Egyptian-Tomatoes-768x768.webp 768w, https:\/\/peitrade.com\/wp-content\/uploads\/2025\/11\/Egyptian-Tomatoes-600x600.webp 600w, https:\/\/peitrade.com\/wp-content\/uploads\/2025\/11\/Egyptian-Tomatoes-100x100.webp 100w, https:\/\/peitrade.com\/wp-content\/uploads\/2025\/11\/Egyptian-Tomatoes.webp 1024w\" sizes=\"(max-width: 300px) 100vw, 300px\" title=\"\"><h2 class=\"woocommerce-loop-product__title\">Domates<\/h2>\n<\/a><a href=\"https:\/\/peitrade.com\/tr\/product\/domates\/\" aria-describedby=\"woocommerce_loop_add_to_cart_link_describedby_7360\" data-quantity=\"1\" class=\"button product_type_simple\" data-product_id=\"7360\" data-product_sku=\"70200\" aria-label=\"&ldquo;Domates&rdquo; hakk\u0131nda daha fazla bilgi edinin\" rel=\"nofollow\" data-success_message=\"\">Devam\u0131n\u0131 oku<\/a>\t<span id=\"woocommerce_loop_add_to_cart_link_describedby_7360\" class=\"screen-reader-text\">\n\t\t\t<\/span>\n<\/li>\n<li class=\"product type-product post-7776 status-publish instock product_cat-vegetables product_cat-in-season has-post-thumbnail shipping-taxable product-type-simple\">\n\t<a href=\"https:\/\/peitrade.com\/tr\/product\/patates\/\" class=\"woocommerce-LoopProduct-link woocommerce-loop-product__link\"><img decoding=\"async\" width=\"300\" height=\"300\" src=\"https:\/\/peitrade.com\/wp-content\/uploads\/2025\/11\/Egyptian-Potatoes-300x300.webp\" class=\"attachment-woocommerce_thumbnail size-woocommerce_thumbnail\" alt=\"Patates\" srcset=\"https:\/\/peitrade.com\/wp-content\/uploads\/2025\/11\/Egyptian-Potatoes-300x300.webp 300w, https:\/\/peitrade.com\/wp-content\/uploads\/2025\/11\/Egyptian-Potatoes-150x150.webp 150w, https:\/\/peitrade.com\/wp-content\/uploads\/2025\/11\/Egyptian-Potatoes-768x768.webp 768w, https:\/\/peitrade.com\/wp-content\/uploads\/2025\/11\/Egyptian-Potatoes-600x600.webp 600w, https:\/\/peitrade.com\/wp-content\/uploads\/2025\/11\/Egyptian-Potatoes-100x100.webp 100w, https:\/\/peitrade.com\/wp-content\/uploads\/2025\/11\/Egyptian-Potatoes.webp 1024w\" sizes=\"(max-width: 300px) 100vw, 300px\" title=\"\"><h2 class=\"woocommerce-loop-product__title\">Patates<\/h2>\n<\/a><a href=\"https:\/\/peitrade.com\/tr\/product\/patates\/\" aria-describedby=\"woocommerce_loop_add_to_cart_link_describedby_7776\" data-quantity=\"1\" class=\"button product_type_simple\" data-product_id=\"7776\" data-product_sku=\"70190\" aria-label=\"&ldquo;Patates&rdquo; hakk\u0131nda daha fazla bilgi edinin\" rel=\"nofollow\" data-success_message=\"\">Devam\u0131n\u0131 oku<\/a>\t<span id=\"woocommerce_loop_add_to_cart_link_describedby_7776\" class=\"screen-reader-text\">\n\t\t\t<\/span>\n<\/li>\n<li class=\"product type-product post-7376 status-publish instock product_cat-vegetables product_cat-in-season has-post-thumbnail shipping-taxable product-type-simple\">\n\t<a href=\"https:\/\/peitrade.com\/tr\/product\/sarimsak\/\" class=\"woocommerce-LoopProduct-link woocommerce-loop-product__link\"><img decoding=\"async\" width=\"300\" height=\"300\" src=\"https:\/\/peitrade.com\/wp-content\/uploads\/2025\/11\/Egyptian-Garlic-300x300.webp\" class=\"attachment-woocommerce_thumbnail size-woocommerce_thumbnail\" alt=\"Sar\u0131msak\" srcset=\"https:\/\/peitrade.com\/wp-content\/uploads\/2025\/11\/Egyptian-Garlic-300x300.webp 300w, https:\/\/peitrade.com\/wp-content\/uploads\/2025\/11\/Egyptian-Garlic-150x150.webp 150w, https:\/\/peitrade.com\/wp-content\/uploads\/2025\/11\/Egyptian-Garlic-768x768.webp 768w, https:\/\/peitrade.com\/wp-content\/uploads\/2025\/11\/Egyptian-Garlic-600x600.webp 600w, https:\/\/peitrade.com\/wp-content\/uploads\/2025\/11\/Egyptian-Garlic-100x100.webp 100w, https:\/\/peitrade.com\/wp-content\/uploads\/2025\/11\/Egyptian-Garlic.webp 1024w\" sizes=\"(max-width: 300px) 100vw, 300px\" title=\"\"><h2 class=\"woocommerce-loop-product__title\">Sar\u0131msak<\/h2>\n<\/a><a href=\"https:\/\/peitrade.com\/tr\/product\/sarimsak\/\" aria-describedby=\"woocommerce_loop_add_to_cart_link_describedby_7376\" data-quantity=\"1\" class=\"button product_type_simple\" data-product_id=\"7376\" data-product_sku=\"70320\" aria-label=\"&ldquo;Sar\u0131msak&rdquo; hakk\u0131nda daha fazla bilgi edinin\" rel=\"nofollow\" data-success_message=\"\">Devam\u0131n\u0131 oku<\/a>\t<span id=\"woocommerce_loop_add_to_cart_link_describedby_7376\" class=\"screen-reader-text\">\n\t\t\t<\/span>\n<\/li>\n<li class=\"product type-product post-7796 status-publish last instock product_cat-vegetables product_cat-in-season has-post-thumbnail shipping-taxable product-type-simple\">\n\t<a href=\"https:\/\/peitrade.com\/tr\/product\/tatli-patates\/\" class=\"woocommerce-LoopProduct-link woocommerce-loop-product__link\"><img decoding=\"async\" width=\"300\" height=\"300\" src=\"https:\/\/peitrade.com\/wp-content\/uploads\/2025\/11\/Egyptian-Sweet-Potatoes-300x300.webp\" class=\"attachment-woocommerce_thumbnail size-woocommerce_thumbnail\" alt=\"Egyptian Sweet Potatoes - PEI Trade\" srcset=\"https:\/\/peitrade.com\/wp-content\/uploads\/2025\/11\/Egyptian-Sweet-Potatoes-300x300.webp 300w, https:\/\/peitrade.com\/wp-content\/uploads\/2025\/11\/Egyptian-Sweet-Potatoes-150x150.webp 150w, https:\/\/peitrade.com\/wp-content\/uploads\/2025\/11\/Egyptian-Sweet-Potatoes-768x768.webp 768w, https:\/\/peitrade.com\/wp-content\/uploads\/2025\/11\/Egyptian-Sweet-Potatoes-600x600.webp 600w, https:\/\/peitrade.com\/wp-content\/uploads\/2025\/11\/Egyptian-Sweet-Potatoes-100x100.webp 100w, https:\/\/peitrade.com\/wp-content\/uploads\/2025\/11\/Egyptian-Sweet-Potatoes.webp 1024w\" sizes=\"(max-width: 300px) 100vw, 300px\" title=\"\"><h2 class=\"woocommerce-loop-product__title\">Tatl\u0131 patates<\/h2>\n<\/a><a href=\"https:\/\/peitrade.com\/tr\/product\/tatli-patates\/\" aria-describedby=\"woocommerce_loop_add_to_cart_link_describedby_7796\" data-quantity=\"1\" class=\"button product_type_simple\" data-product_id=\"7796\" data-product_sku=\"71420\" aria-label=\"&ldquo;Tatl\u0131 patates&rdquo; hakk\u0131nda daha fazla bilgi edinin\" rel=\"nofollow\" data-success_message=\"\">Devam\u0131n\u0131 oku<\/a>\t<span id=\"woocommerce_loop_add_to_cart_link_describedby_7796\" class=\"screen-reader-text\">\n\t\t\t<\/span>\n<\/li>\n<\/ul>\n<\/div><\/div>\n<\/div>\n<\/section>\n<section style=\"padding: 50px 20px; background-color: #f9f9f9;\">\n<div class=\"container\">\n<h2>S\u0131k Sorulan Sorular<\/h2>\n<h3>Ne t\u00fcr marul ihracat\u0131 yap\u0131yorsunuz?<\/h3>\n<p>Iceberg, Romaine, Butterhead gibi ba\u015f marullar, didiklenmi\u015f marul ve yaprak marul ihra\u00e7 ediyoruz.<\/p>\n<h3>Etiketli \u00f6zel ambalaj hizmetiniz var m\u0131?<\/h3>\n<p>Evet. Perakende veya yeme-i\u00e7me i\u00e7in \u00e7ok dilli ve \u00f6zel tasar\u0131m marka ambalaj\u0131 sa\u011fl\u0131yoruz.<\/p>\n<h3>Marul tazeli\u011fini nas\u0131l garanti ediyorsunuz?<\/h3>\n<p>T\u00fcm sevkiyatlar\u0131m\u0131z s\u0131k\u0131 g\u0131da g\u00fcvenli\u011fi standartlar\u0131nda i\u015flenir, MAP ile paketlenir ve so\u011fuk zincir lojisti\u011fiyle sevk edilir.<\/p>\n<h3>Hangi \u00fclkelere ihracat yap\u0131yorsunuz?<\/h3>\n<p>\u00dcr\u00fcnlerimiz Avrupa, Orta Do\u011fu, Afrika ve Asya pazarlar\u0131na ula\u015fmaktad\u0131r.<\/p>\n<h3>Marulunuzu y\u0131l boyu temin edebiliyor musunuz?<\/h3>\n<p>Evet. Tar\u0131m planlamam\u0131z ve iklim yap\u0131m\u0131z sayesinde <b>ihracat marul<\/b>u neredeyse t\u00fcm y\u0131l sa\u011flayabiliyoruz.<\/p>\n<\/div>\n<\/section>\n","protected":false},"excerpt":{"rendered":"<p>Premium kalite ihracat marul m\u0131 ar\u0131yorsunuz? Benzersiz tazelik ve profesyonel i\u015flem garantisiyle PEI Trade, M\u0131s\u0131r\u2019\u0131n en deneyimli marul ihracat\u00e7\u0131lar\u0131 aras\u0131nda yer al\u0131yor. Perakende, yeme-i\u00e7me ve toptan sat\u0131\u015f kanallar\u0131na d\u00fcnya \u00e7ap\u0131ndaki al\u0131c\u0131lara \u00fcst d\u00fczey \u00fcr\u00fcnler sunuyoruz. Kurumsal marul tedarik\u00e7ileri olarak, lezzetli, canl\u0131 ve uzun raf \u00f6mr\u00fc sunan marullar\u0131m\u0131z\u0131 besin a\u00e7\u0131s\u0131ndan zengin M\u0131s\u0131r topraklar\u0131nda ideal iklim ko\u015fullar\u0131nda [&hellip;]<\/p>\n","protected":false},"author":1,"featured_media":0,"parent":0,"menu_order":0,"comment_status":"closed","ping_status":"closed","template":"","meta":{"footnotes":""},"class_list":["post-6578","page","type-page","status-publish","hentry"],"blocksy_meta":[],"mb":[],"featured_image_urls_v2":{"full":"","thumbnail":"","medium":"","medium_large":"","large":"","1536x1536":"","2048x2048":"","woocommerce_archive_thumbnail":"","woocommerce_thumbnail":"","woocommerce_single":"","woocommerce_gallery_thumbnail":""},"post_excerpt_stackable_v2":"<p>Premium kalite ihracat marul m\u0131 ar\u0131yorsunuz? Benzersiz tazelik ve profesyonel i\u015flem garantisiyle PEI Trade, M\u0131s\u0131r\u2019\u0131n en deneyimli marul ihracat\u00e7\u0131lar\u0131 aras\u0131nda yer al\u0131yor. Perakende, yeme-i\u00e7me ve toptan sat\u0131\u015f kanallar\u0131na d\u00fcnya \u00e7ap\u0131ndaki al\u0131c\u0131lara \u00fcst d\u00fczey \u00fcr\u00fcnler sunuyoruz. Kurumsal marul tedarik\u00e7ileri olarak, lezzetli, canl\u0131 ve uzun raf \u00f6mr\u00fc sunan marullar\u0131m\u0131z\u0131 besin a\u00e7\u0131s\u0131ndan zengin M\u0131s\u0131r topraklar\u0131nda ideal iklim ko\u015fullar\u0131nda yeti\u015ftiriyoruz. H\u0131zl\u0131 servis zincirleri i\u00e7in didiklenmi\u015f marul tedarik\u00e7ileri veya perakende zincirleri i\u00e7in toplu ba\u015f marullar ar\u0131yorsan\u0131z, tarladan limana tam izlenebilirlik ve \u00fcst\u00fcn kalite sunuyoruz. Kuru beyaz fasulye Devam\u0131n\u0131 oku Patates Devam\u0131n\u0131 oku So\u011fan Devam\u0131n\u0131 oku Taze fasulye Devam\u0131n\u0131 oku PEI Trade ile Marul \u0130hracat\u0131nda Neden&hellip;<\/p>\n","category_list_v2":"","author_info_v2":{"name":"Mostafa Sabry","url":"https:\/\/peitrade.com\/tr\/author\/emostafaadel_jn8gcqbo\/"},"comments_num_v2":"0 comments","mfb_rest_fields":["title","blocksy_meta","featured_image_urls_v2","post_excerpt_stackable_v2","category_list_v2","author_info_v2","comments_num_v2"],"_links":{"self":[{"href":"https:\/\/peitrade.com\/tr\/wp-json\/wp\/v2\/pages\/6578","targetHints":{"allow":["GET"]}}],"collection":[{"href":"https:\/\/peitrade.com\/tr\/wp-json\/wp\/v2\/pages"}],"about":[{"href":"https:\/\/peitrade.com\/tr\/wp-json\/wp\/v2\/types\/page"}],"author":[{"embeddable":true,"href":"https:\/\/peitrade.com\/tr\/wp-json\/wp\/v2\/users\/1"}],"replies":[{"embeddable":true,"href":"https:\/\/peitrade.com\/tr\/wp-json\/wp\/v2\/comments?post=6578"}],"version-history":[{"count":1,"href":"https:\/\/peitrade.com\/tr\/wp-json\/wp\/v2\/pages\/6578\/revisions"}],"predecessor-version":[{"id":6579,"href":"https:\/\/peitrade.com\/tr\/wp-json\/wp\/v2\/pages\/6578\/revisions\/6579"}],"wp:attachment":[{"href":"https:\/\/peitrade.com\/tr\/wp-json\/wp\/v2\/media?parent=6578"}],"curies":[{"name":"wp","href":"https:\/\/api.w.org\/{rel}","templated":true}]}}