{"id":6614,"date":"2025-07-02T09:22:13","date_gmt":"2025-07-02T09:22:13","guid":{"rendered":"http:\/\/46.224.74.15\/dondurulmus-molohiya-toptan-ithalat\/"},"modified":"2025-11-19T16:59:04","modified_gmt":"2025-11-19T16:59:04","slug":"dondurulmus-molohiya-toptan-ithalat","status":"publish","type":"page","link":"https:\/\/peitrade.com\/tr\/dondurulmus-molohiya-toptan-ithalat\/","title":{"rendered":"Amerika\u2019ya Dondurulmu\u015f Molohiya Tedarik\u00e7isi \u2013 PEI Trade ile Do\u011frudan Teslimat"},"content":{"rendered":"<section class=\"section\" style=\"padding: 60px 20px; background-color: #f9f9f9;\">\n<h2>Birinci S\u0131n\u0131f Dondurulmu\u015f Molohiya \u2013 PEI Trade\u2019ten Do\u011frudan \u0130hracat<\/h2>\n<p>PEI Trade, dondurulmu\u015f sebze ihracat\u0131nda uzmanla\u015fm\u0131\u015f bir M\u0131s\u0131r firmas\u0131d\u0131r. Kalite g\u00fcvencesi ve g\u00fcvenilir teslimat s\u00fcre\u00e7leriyle d\u00fcnyan\u0131n d\u00f6rt bir yan\u0131ndaki ithalat\u00e7\u0131lar taraf\u0131ndan tercih edilmektedir.<\/p>\n<p>\u00d6ne \u00e7\u0131kan \u00fcr\u00fcnlerimizden biri molohiya olup, Orta Do\u011fu ve Afrika mutfaklar\u0131nda s\u0131k\u00e7a kullan\u0131lmaktad\u0131r. Amerika\u2019daki talep giderek artmakta ve bu \u00fcr\u00fcn\u00fc \u00fclke genelinde distrib\u00fct\u00f6rlere, toptanc\u0131lara, zincir marketlere ve g\u0131da tedarik\u00e7ilerine ula\u015ft\u0131rmaktay\u0131z.<\/p>\n<p>Hasattan teslimata kadar, PEI Trade hijyenik, taze ve Amerikan g\u0131da standartlar\u0131na uygun \u015fekilde dondurulmu\u015f \u00fcr\u00fcn sunar. Her parti, kalite kontrol uzmanlar\u0131m\u0131z taraf\u0131ndan denetlenir ve uluslararas\u0131 ihracat belgeleriyle birlikte g\u00f6nderilir.<\/p>\n<\/section>\n<p><!-- \u00dcr\u00fcnler --><\/p>\n<div class=\"wp-block-woocommerce-product-collection\"><div class=\"woocommerce columns-4 \"><ul class=\"products columns-4\" data-products=\"type-2\">\n<li class=\"product type-product post-7719 status-publish first instock product_cat-legumes product_cat-in-season has-post-thumbnail shipping-taxable product-type-simple\">\n\t<a href=\"https:\/\/peitrade.com\/tr\/product\/kuru-beyaz-fasulye\/\" class=\"woocommerce-LoopProduct-link woocommerce-loop-product__link\"><img decoding=\"async\" width=\"300\" height=\"300\" src=\"https:\/\/peitrade.com\/wp-content\/uploads\/2025\/11\/Egyptian-White-Beans-300x300.webp\" class=\"attachment-woocommerce_thumbnail size-woocommerce_thumbnail\" alt=\"Kuru beyaz fasulye\" srcset=\"https:\/\/peitrade.com\/wp-content\/uploads\/2025\/11\/Egyptian-White-Beans-300x300.webp 300w, https:\/\/peitrade.com\/wp-content\/uploads\/2025\/11\/Egyptian-White-Beans-150x150.webp 150w, https:\/\/peitrade.com\/wp-content\/uploads\/2025\/11\/Egyptian-White-Beans-768x768.webp 768w, https:\/\/peitrade.com\/wp-content\/uploads\/2025\/11\/Egyptian-White-Beans-600x600.webp 600w, https:\/\/peitrade.com\/wp-content\/uploads\/2025\/11\/Egyptian-White-Beans-100x100.webp 100w, https:\/\/peitrade.com\/wp-content\/uploads\/2025\/11\/Egyptian-White-Beans.webp 1024w\" sizes=\"(max-width: 300px) 100vw, 300px\" title=\"\"><h2 class=\"woocommerce-loop-product__title\">Kuru beyaz fasulye<\/h2>\n<\/a><a href=\"https:\/\/peitrade.com\/tr\/product\/kuru-beyaz-fasulye\/\" aria-describedby=\"woocommerce_loop_add_to_cart_link_describedby_7719\" data-quantity=\"1\" class=\"button product_type_simple\" data-product_id=\"7719\" data-product_sku=\"70820\" aria-label=\"&ldquo;Kuru beyaz fasulye&rdquo; hakk\u0131nda daha fazla bilgi edinin\" rel=\"nofollow\" data-success_message=\"\">Devam\u0131n\u0131 oku<\/a>\t<span id=\"woocommerce_loop_add_to_cart_link_describedby_7719\" class=\"screen-reader-text\">\n\t\t\t<\/span>\n<\/li>\n<li class=\"product type-product post-7776 status-publish instock product_cat-vegetables product_cat-in-season has-post-thumbnail shipping-taxable product-type-simple\">\n\t<a href=\"https:\/\/peitrade.com\/tr\/product\/patates\/\" class=\"woocommerce-LoopProduct-link woocommerce-loop-product__link\"><img decoding=\"async\" width=\"300\" height=\"300\" src=\"https:\/\/peitrade.com\/wp-content\/uploads\/2025\/11\/Egyptian-Potatoes-300x300.webp\" class=\"attachment-woocommerce_thumbnail size-woocommerce_thumbnail\" alt=\"Patates\" srcset=\"https:\/\/peitrade.com\/wp-content\/uploads\/2025\/11\/Egyptian-Potatoes-300x300.webp 300w, https:\/\/peitrade.com\/wp-content\/uploads\/2025\/11\/Egyptian-Potatoes-150x150.webp 150w, https:\/\/peitrade.com\/wp-content\/uploads\/2025\/11\/Egyptian-Potatoes-768x768.webp 768w, https:\/\/peitrade.com\/wp-content\/uploads\/2025\/11\/Egyptian-Potatoes-600x600.webp 600w, https:\/\/peitrade.com\/wp-content\/uploads\/2025\/11\/Egyptian-Potatoes-100x100.webp 100w, https:\/\/peitrade.com\/wp-content\/uploads\/2025\/11\/Egyptian-Potatoes.webp 1024w\" sizes=\"(max-width: 300px) 100vw, 300px\" title=\"\"><h2 class=\"woocommerce-loop-product__title\">Patates<\/h2>\n<\/a><a href=\"https:\/\/peitrade.com\/tr\/product\/patates\/\" aria-describedby=\"woocommerce_loop_add_to_cart_link_describedby_7776\" data-quantity=\"1\" class=\"button product_type_simple\" data-product_id=\"7776\" data-product_sku=\"70190\" aria-label=\"&ldquo;Patates&rdquo; hakk\u0131nda daha fazla bilgi edinin\" rel=\"nofollow\" data-success_message=\"\">Devam\u0131n\u0131 oku<\/a>\t<span id=\"woocommerce_loop_add_to_cart_link_describedby_7776\" class=\"screen-reader-text\">\n\t\t\t<\/span>\n<\/li>\n<li class=\"product type-product post-7484 status-publish instock product_cat-vegetables product_cat-in-season has-post-thumbnail shipping-taxable product-type-simple\">\n\t<a href=\"https:\/\/peitrade.com\/tr\/product\/sogan\/\" class=\"woocommerce-LoopProduct-link woocommerce-loop-product__link\"><img decoding=\"async\" width=\"300\" height=\"300\" src=\"https:\/\/peitrade.com\/wp-content\/uploads\/2025\/11\/Egyption-Onion-300x300.webp\" class=\"attachment-woocommerce_thumbnail size-woocommerce_thumbnail\" alt=\"Egyption Onion - PEI Trade\" srcset=\"https:\/\/peitrade.com\/wp-content\/uploads\/2025\/11\/Egyption-Onion-300x300.webp 300w, https:\/\/peitrade.com\/wp-content\/uploads\/2025\/11\/Egyption-Onion-150x150.webp 150w, https:\/\/peitrade.com\/wp-content\/uploads\/2025\/11\/Egyption-Onion-768x768.webp 768w, https:\/\/peitrade.com\/wp-content\/uploads\/2025\/11\/Egyption-Onion-600x600.webp 600w, https:\/\/peitrade.com\/wp-content\/uploads\/2025\/11\/Egyption-Onion-100x100.webp 100w, https:\/\/peitrade.com\/wp-content\/uploads\/2025\/11\/Egyption-Onion.webp 1024w\" sizes=\"(max-width: 300px) 100vw, 300px\" title=\"\"><h2 class=\"woocommerce-loop-product__title\">So\u011fan<\/h2>\n<\/a><a href=\"https:\/\/peitrade.com\/tr\/product\/sogan\/\" aria-describedby=\"woocommerce_loop_add_to_cart_link_describedby_7484\" data-quantity=\"1\" class=\"button product_type_simple\" data-product_id=\"7484\" data-product_sku=\"70310\" aria-label=\"&ldquo;So\u011fan&rdquo; hakk\u0131nda daha fazla bilgi edinin\" rel=\"nofollow\" data-success_message=\"\">Devam\u0131n\u0131 oku<\/a>\t<span id=\"woocommerce_loop_add_to_cart_link_describedby_7484\" class=\"screen-reader-text\">\n\t\t\t<\/span>\n<\/li>\n<li class=\"product type-product post-7540 status-publish last instock product_cat-vegetables product_cat-in-season has-post-thumbnail shipping-taxable product-type-simple\">\n\t<a href=\"https:\/\/peitrade.com\/tr\/product\/taze-fasulye\/\" class=\"woocommerce-LoopProduct-link woocommerce-loop-product__link\"><img decoding=\"async\" width=\"300\" height=\"300\" src=\"https:\/\/peitrade.com\/wp-content\/uploads\/2025\/11\/Egyptian-Green-Beans-300x300.webp\" class=\"attachment-woocommerce_thumbnail size-woocommerce_thumbnail\" alt=\"Taze fasulye\" srcset=\"https:\/\/peitrade.com\/wp-content\/uploads\/2025\/11\/Egyptian-Green-Beans-300x300.webp 300w, https:\/\/peitrade.com\/wp-content\/uploads\/2025\/11\/Egyptian-Green-Beans-150x150.webp 150w, https:\/\/peitrade.com\/wp-content\/uploads\/2025\/11\/Egyptian-Green-Beans-768x768.webp 768w, https:\/\/peitrade.com\/wp-content\/uploads\/2025\/11\/Egyptian-Green-Beans-600x600.webp 600w, https:\/\/peitrade.com\/wp-content\/uploads\/2025\/11\/Egyptian-Green-Beans-100x100.webp 100w, https:\/\/peitrade.com\/wp-content\/uploads\/2025\/11\/Egyptian-Green-Beans.webp 1024w\" sizes=\"(max-width: 300px) 100vw, 300px\" title=\"\"><h2 class=\"woocommerce-loop-product__title\">Taze fasulye<\/h2>\n<\/a><a href=\"https:\/\/peitrade.com\/tr\/product\/taze-fasulye\/\" aria-describedby=\"woocommerce_loop_add_to_cart_link_describedby_7540\" data-quantity=\"1\" class=\"button product_type_simple\" data-product_id=\"7540\" data-product_sku=\"70821\" aria-label=\"&ldquo;Taze fasulye&rdquo; hakk\u0131nda daha fazla bilgi edinin\" rel=\"nofollow\" data-success_message=\"\">Devam\u0131n\u0131 oku<\/a>\t<span id=\"woocommerce_loop_add_to_cart_link_describedby_7540\" class=\"screen-reader-text\">\n\t\t\t<\/span>\n<\/li>\n<\/ul>\n<\/div><\/div>\n<section class=\"section\" style=\"padding: 50px 20px;\">\n<div class=\"container\">\n<h2><b>M\u0131s\u0131r\u2019dan Taze Hasat, Global Teslimata Haz\u0131r<\/b><\/h2>\n<p><span style=\"font-weight: 400;\">Molohiya bitkisi, M\u0131s\u0131r\u2019\u0131n verimli topraklar\u0131nda, iklime uygun ko\u015fullarda \u00f6zel tarlalarda yeti\u015ftirilir. Her \u00fcr\u00fcn, ideal zamanda toplan\u0131r, titizlikle y\u0131kan\u0131r ve IQF (bireysel h\u0131zl\u0131 dondurma) teknolojisiyle hemen dondurularak do\u011fal ye\u015fil rengini, lezzetini ve besin de\u011ferini korur. \u00dcr\u00fcnlerimize katk\u0131 maddesi ya da koruyucu eklenmez.<\/span><\/p>\n<p><span style=\"font-weight: 400;\">Molohiya \u00fcretimi, sezonluk iklim ko\u015fullar\u0131 g\u00f6z \u00f6n\u00fcnde bulundurularak y\u0131ll\u0131k planlamayla ger\u00e7ekle\u015ftirilir. PEI Trade, tarla se\u00e7iminden nihai paketlemeye kadar olan s\u00fcreci \u00fcretici kay\u0131t sistemiyle belgelemektedir.<\/span><\/p>\n<h2><b>Amerika\u2019ya Toptan Sat\u0131\u015f ve Da\u011f\u0131t\u0131m \u0130\u00e7in Ambalaj Se\u00e7enekleri<\/b><\/h2>\n<p><span style=\"font-weight: 400;\">Amerika\u2019daki ithalat\u00e7\u0131lar ve tedarik\u00e7ilere \u00f6zel \u00e7\u00f6z\u00fcmler sunuyoruz:<\/span><\/p>\n<ul>\n<li style=\"font-weight: 400;\"><b>H\u0131zl\u0131 teslimat<\/b>: New York, Los Angeles, Houston ve di\u011fer da\u011f\u0131t\u0131m merkezlerine<\/li>\n<li style=\"font-weight: 400;\"><b>Toptan hacim ve \u00f6zel marka ambalaj<\/b>: Stok ama\u00e7l\u0131 ya da markan\u0131za \u00f6zel paketleme<\/li>\n<li style=\"font-weight: 400;\"><b>\u00c7e\u015fitli kullan\u0131m alanlar\u0131<\/b>: Orta Do\u011fu ve Afrika mutfa\u011f\u0131na hizmet veren g\u0131da da\u011f\u0131t\u0131c\u0131lar\u0131, restoranlar ve haz\u0131r yemek \u00fcreticileri i\u00e7in uygundur<\/li>\n<\/ul>\n<p><span style=\"font-weight: 400;\">Ambalajlar\u0131m\u0131z, konteyner baz\u0131nda paletlenmi\u015f ve dondurucu ta\u015f\u0131ma ko\u015fullar\u0131na uygun olarak sevk edilmektedir. Talebe g\u00f6re etnik market zincirlerine \u00f6zel barkodlu etiketleme yap\u0131lmaktad\u0131r.<\/span><\/p>\n<h2><b>ABD Pazar\u0131yla Uyumlu Ambalaj ve Belgeler<\/b><\/h2>\n<p><span style=\"font-weight: 400;\">T\u00fcm ambalajlar\u0131m\u0131z, Amerika\u2019daki kalite beklentilerine ve yasal gerekliliklere uygun olarak haz\u0131rlan\u0131r:<\/span><\/p>\n<ul>\n<li style=\"font-weight: 400;\"><b>FDA onayl\u0131 etiketleme ve i\u00e7erik bilgileri<\/b><\/li>\n<li style=\"font-weight: 400;\"><b>Perakende boyutlar\u0131<\/b> (400 g \u2013 1 kg) ve <b>profesyonel kullan\u0131m<\/b> i\u00e7in b\u00fcy\u00fck boyutlar (2 kg \u2013 10 kg)<\/li>\n<li style=\"font-weight: 400;\"><b>\u0130ki dilli etiket<\/b> (Arap\u00e7a \u2013 \u0130ngilizce)<\/li>\n<li style=\"font-weight: 400;\"><b>Barkodlu ve \u00f6zel markal\u0131 ambalaj se\u00e7enekleri<\/b><\/li>\n<\/ul>\n<p><span style=\"font-weight: 400;\">PEI Trade, USDA, HACCP ve ISO 22000 standartlar\u0131na uygun \u00fcretim belgelerini ithalat\u00e7\u0131lara sunmaktad\u0131r.<\/span><\/p>\n<h2>Sipari\u015f S\u00fcreci ve Destek<\/h2>\n<p><span style=\"font-weight: 400;\">Farkl\u0131 hacimlerde sipari\u015f kabul ediyor ve ithalat\u00e7\u0131lar\u0131n ihtiya\u00e7lar\u0131na uygun sevkiyat \u00e7\u00f6z\u00fcmleri sunuyoruz.<\/span><\/p>\n<ul>\n<li style=\"font-weight: 400;\"><b>Esnek minimum sipari\u015f miktar\u0131<\/b>: Konteyner bazl\u0131 veya \u00f6zel ihtiya\u00e7lara g\u00f6re<\/li>\n<li style=\"font-weight: 400;\"><b>\u00d6zel fiyat teklifleri<\/b>: Sevkiyat adresi ve hacme g\u00f6re<\/li>\n<li style=\"font-weight: 400;\"><b>Belgeler ve lojistik deste\u011fi<\/b>: G\u00fcmr\u00fck s\u00fcreci, zamanlama ve teknik evrak deste\u011fi<\/li>\n<\/ul>\n<p><span style=\"font-weight: 400;\">PEI Trade, m\u00fc\u015fterilerine haftal\u0131k \u00fcretim planlar\u0131, g\u00f6nderim raporlar\u0131 ve takip kodlar\u0131 sa\u011flayarak s\u00fcreci \u015feffaf bi\u00e7imde y\u00f6netmektedir.<\/span><\/p>\n<\/div>\n<\/section>\n<section class=\"section\" style=\"padding: 50px 20px;\">\n<div class=\"container\">\n<h2>Di\u011fer M\u0131s\u0131r Tar\u0131m \u00dcr\u00fcnleri<\/h2>\n<p>\u0130hracata haz\u0131r taze ve i\u015flenmi\u015f g\u0131dalar\u0131m\u0131z:<\/p>\n<div class=\"wp-block-woocommerce-product-collection\"><div class=\"woocommerce columns-4 \"><ul class=\"products columns-4\" data-products=\"type-2\">\n<li class=\"product type-product post-7360 status-publish first instock product_cat-vegetables has-post-thumbnail shipping-taxable product-type-simple\">\n\t<a href=\"https:\/\/peitrade.com\/tr\/product\/domates\/\" class=\"woocommerce-LoopProduct-link woocommerce-loop-product__link\"><img decoding=\"async\" width=\"300\" height=\"300\" src=\"https:\/\/peitrade.com\/wp-content\/uploads\/2025\/11\/Egyptian-Tomatoes-300x300.webp\" class=\"attachment-woocommerce_thumbnail size-woocommerce_thumbnail\" alt=\"Domates\" srcset=\"https:\/\/peitrade.com\/wp-content\/uploads\/2025\/11\/Egyptian-Tomatoes-300x300.webp 300w, https:\/\/peitrade.com\/wp-content\/uploads\/2025\/11\/Egyptian-Tomatoes-150x150.webp 150w, https:\/\/peitrade.com\/wp-content\/uploads\/2025\/11\/Egyptian-Tomatoes-768x768.webp 768w, https:\/\/peitrade.com\/wp-content\/uploads\/2025\/11\/Egyptian-Tomatoes-600x600.webp 600w, https:\/\/peitrade.com\/wp-content\/uploads\/2025\/11\/Egyptian-Tomatoes-100x100.webp 100w, https:\/\/peitrade.com\/wp-content\/uploads\/2025\/11\/Egyptian-Tomatoes.webp 1024w\" sizes=\"(max-width: 300px) 100vw, 300px\" title=\"\"><h2 class=\"woocommerce-loop-product__title\">Domates<\/h2>\n<\/a><a href=\"https:\/\/peitrade.com\/tr\/product\/domates\/\" aria-describedby=\"woocommerce_loop_add_to_cart_link_describedby_7360\" data-quantity=\"1\" class=\"button product_type_simple\" data-product_id=\"7360\" data-product_sku=\"70200\" aria-label=\"&ldquo;Domates&rdquo; hakk\u0131nda daha fazla bilgi edinin\" rel=\"nofollow\" data-success_message=\"\">Devam\u0131n\u0131 oku<\/a>\t<span id=\"woocommerce_loop_add_to_cart_link_describedby_7360\" class=\"screen-reader-text\">\n\t\t\t<\/span>\n<\/li>\n<li class=\"product type-product post-7376 status-publish instock product_cat-vegetables product_cat-in-season has-post-thumbnail shipping-taxable product-type-simple\">\n\t<a href=\"https:\/\/peitrade.com\/tr\/product\/sarimsak\/\" class=\"woocommerce-LoopProduct-link woocommerce-loop-product__link\"><img decoding=\"async\" width=\"300\" height=\"300\" src=\"https:\/\/peitrade.com\/wp-content\/uploads\/2025\/11\/Egyptian-Garlic-300x300.webp\" class=\"attachment-woocommerce_thumbnail size-woocommerce_thumbnail\" alt=\"Sar\u0131msak\" srcset=\"https:\/\/peitrade.com\/wp-content\/uploads\/2025\/11\/Egyptian-Garlic-300x300.webp 300w, https:\/\/peitrade.com\/wp-content\/uploads\/2025\/11\/Egyptian-Garlic-150x150.webp 150w, https:\/\/peitrade.com\/wp-content\/uploads\/2025\/11\/Egyptian-Garlic-768x768.webp 768w, https:\/\/peitrade.com\/wp-content\/uploads\/2025\/11\/Egyptian-Garlic-600x600.webp 600w, https:\/\/peitrade.com\/wp-content\/uploads\/2025\/11\/Egyptian-Garlic-100x100.webp 100w, https:\/\/peitrade.com\/wp-content\/uploads\/2025\/11\/Egyptian-Garlic.webp 1024w\" sizes=\"(max-width: 300px) 100vw, 300px\" title=\"\"><h2 class=\"woocommerce-loop-product__title\">Sar\u0131msak<\/h2>\n<\/a><a href=\"https:\/\/peitrade.com\/tr\/product\/sarimsak\/\" aria-describedby=\"woocommerce_loop_add_to_cart_link_describedby_7376\" data-quantity=\"1\" class=\"button product_type_simple\" data-product_id=\"7376\" data-product_sku=\"70320\" aria-label=\"&ldquo;Sar\u0131msak&rdquo; hakk\u0131nda daha fazla bilgi edinin\" rel=\"nofollow\" data-success_message=\"\">Devam\u0131n\u0131 oku<\/a>\t<span id=\"woocommerce_loop_add_to_cart_link_describedby_7376\" class=\"screen-reader-text\">\n\t\t\t<\/span>\n<\/li>\n<li class=\"product type-product post-7796 status-publish instock product_cat-vegetables product_cat-in-season has-post-thumbnail shipping-taxable product-type-simple\">\n\t<a href=\"https:\/\/peitrade.com\/tr\/product\/tatli-patates\/\" class=\"woocommerce-LoopProduct-link woocommerce-loop-product__link\"><img decoding=\"async\" width=\"300\" height=\"300\" src=\"https:\/\/peitrade.com\/wp-content\/uploads\/2025\/11\/Egyptian-Sweet-Potatoes-300x300.webp\" class=\"attachment-woocommerce_thumbnail size-woocommerce_thumbnail\" alt=\"Egyptian Sweet Potatoes - PEI Trade\" srcset=\"https:\/\/peitrade.com\/wp-content\/uploads\/2025\/11\/Egyptian-Sweet-Potatoes-300x300.webp 300w, https:\/\/peitrade.com\/wp-content\/uploads\/2025\/11\/Egyptian-Sweet-Potatoes-150x150.webp 150w, https:\/\/peitrade.com\/wp-content\/uploads\/2025\/11\/Egyptian-Sweet-Potatoes-768x768.webp 768w, https:\/\/peitrade.com\/wp-content\/uploads\/2025\/11\/Egyptian-Sweet-Potatoes-600x600.webp 600w, https:\/\/peitrade.com\/wp-content\/uploads\/2025\/11\/Egyptian-Sweet-Potatoes-100x100.webp 100w, https:\/\/peitrade.com\/wp-content\/uploads\/2025\/11\/Egyptian-Sweet-Potatoes.webp 1024w\" sizes=\"(max-width: 300px) 100vw, 300px\" title=\"\"><h2 class=\"woocommerce-loop-product__title\">Tatl\u0131 patates<\/h2>\n<\/a><a href=\"https:\/\/peitrade.com\/tr\/product\/tatli-patates\/\" aria-describedby=\"woocommerce_loop_add_to_cart_link_describedby_7796\" data-quantity=\"1\" class=\"button product_type_simple\" data-product_id=\"7796\" data-product_sku=\"71420\" aria-label=\"&ldquo;Tatl\u0131 patates&rdquo; hakk\u0131nda daha fazla bilgi edinin\" rel=\"nofollow\" data-success_message=\"\">Devam\u0131n\u0131 oku<\/a>\t<span id=\"woocommerce_loop_add_to_cart_link_describedby_7796\" class=\"screen-reader-text\">\n\t\t\t<\/span>\n<\/li>\n<li class=\"product type-product post-7540 status-publish last instock product_cat-vegetables product_cat-in-season has-post-thumbnail shipping-taxable product-type-simple\">\n\t<a href=\"https:\/\/peitrade.com\/tr\/product\/taze-fasulye\/\" class=\"woocommerce-LoopProduct-link woocommerce-loop-product__link\"><img decoding=\"async\" width=\"300\" height=\"300\" src=\"https:\/\/peitrade.com\/wp-content\/uploads\/2025\/11\/Egyptian-Green-Beans-300x300.webp\" class=\"attachment-woocommerce_thumbnail size-woocommerce_thumbnail\" alt=\"Taze fasulye\" srcset=\"https:\/\/peitrade.com\/wp-content\/uploads\/2025\/11\/Egyptian-Green-Beans-300x300.webp 300w, https:\/\/peitrade.com\/wp-content\/uploads\/2025\/11\/Egyptian-Green-Beans-150x150.webp 150w, https:\/\/peitrade.com\/wp-content\/uploads\/2025\/11\/Egyptian-Green-Beans-768x768.webp 768w, https:\/\/peitrade.com\/wp-content\/uploads\/2025\/11\/Egyptian-Green-Beans-600x600.webp 600w, https:\/\/peitrade.com\/wp-content\/uploads\/2025\/11\/Egyptian-Green-Beans-100x100.webp 100w, https:\/\/peitrade.com\/wp-content\/uploads\/2025\/11\/Egyptian-Green-Beans.webp 1024w\" sizes=\"(max-width: 300px) 100vw, 300px\" title=\"\"><h2 class=\"woocommerce-loop-product__title\">Taze fasulye<\/h2>\n<\/a><a href=\"https:\/\/peitrade.com\/tr\/product\/taze-fasulye\/\" aria-describedby=\"woocommerce_loop_add_to_cart_link_describedby_7540\" data-quantity=\"1\" class=\"button product_type_simple\" data-product_id=\"7540\" data-product_sku=\"70821\" aria-label=\"&ldquo;Taze fasulye&rdquo; hakk\u0131nda daha fazla bilgi edinin\" rel=\"nofollow\" data-success_message=\"\">Devam\u0131n\u0131 oku<\/a>\t<span id=\"woocommerce_loop_add_to_cart_link_describedby_7540\" class=\"screen-reader-text\">\n\t\t\t<\/span>\n<\/li>\n<\/ul>\n<\/div><\/div>\n<\/div>\n<\/section>\n<p><!-- \u0130leti\u015fim --><\/p>\n<section class=\"section\" style=\"padding: 50px 20px; background-color: #f0f0f0;\">\n<div class=\"container\">\n<h2><b>Fiyat Teklifi Al\u0131n &#8211; PEI Trade<\/b><\/h2>\n<p><span style=\"font-weight: 400;\">Amerika pazar\u0131 i\u00e7in toptan dondurulmu\u015f molohiya veya \u00f6zel markal\u0131 ambalaj \u00e7\u00f6z\u00fcmlerimiz hakk\u0131nda bilgi almak i\u00e7in PEI Trade ekibiyle ileti\u015fime ge\u00e7in.<\/span><br \/>\n<span style=\"font-weight: 400;\">\u00dcr\u00fcn\u00fcm\u00fcz y\u0131l boyunca stoktan sunulmakta ve tam ihracat belgeleriyle birlikte teslim edilmektedir.<\/span><\/p>\n<p style=\"text-align: center; margin-top: 40px;\"><a class=\"button primary large\" href=\"\/contact\">Teklif Al\u0131n<\/a><\/p>\n<\/div>\n<\/section>\n<p><!-- SSS --><\/p>\n<section class=\"section\" style=\"padding: 50px 20px; background-color: #f9f9f9;\">\n<div class=\"container\">\n<h2>S\u0131k\u00e7a Sorulan Sorular<\/h2>\n<div>\n<h3><b>Molohiya nedir?<\/b><\/h3>\n<p><span style=\"font-weight: 400;\">Molohiya (j\u00fct yapra\u011f\u0131), Arap ve Afrika mutfa\u011f\u0131nda yayg\u0131n olarak kullan\u0131lan ye\u015fil yaprakl\u0131 bir sebzedir. Genellikle et ya da pirin\u00e7le birlikte \u00e7orba olarak servis edilir. Lif a\u00e7\u0131s\u0131ndan zengindir ve A, C, E vitaminlerini bar\u0131nd\u0131r\u0131r.<\/span><\/p>\n<h3><b>Dondurulmu\u015f molohiya nas\u0131l i\u015flenir?<\/b><\/h3>\n<p><span style=\"font-weight: 400;\">Hasattan sonra, \u00fcr\u00fcnler y\u0131kan\u0131r, do\u011fran\u0131r ve h\u0131zl\u0131 dondurma (IQF) y\u00f6ntemiyle besin de\u011ferini ve rengini koruyacak \u015fekilde i\u015flenir. T\u00fcm \u00fcretim alanlar\u0131, hijyen protokollerine ve g\u0131da g\u00fcvenli\u011fi y\u00f6netmeli\u011fine g\u00f6re i\u015fletilmektedir.<\/span><\/p>\n<h3><b>Amerika ithalat\u0131 i\u00e7in hangi ambalajlar mevcut?<\/b><\/h3>\n<p><span style=\"font-weight: 400;\">400 g, 1 kg, 2 kg, 5 kg ve 10 kg olmak \u00fczere perakende ve end\u00fcstriyel boyutlar sunuyoruz. Ambalajlar iste\u011fe g\u00f6re \u00f6zelle\u015ftirilebilir. Palet bazl\u0131 sevkiyatlar i\u00e7in etiketleme ve koli planlamas\u0131 da yap\u0131lmaktad\u0131r.<\/span><\/p>\n<h3><b>\u00dcr\u00fcnler FDA ile uyumlu mu?<\/b><\/h3>\n<p><span style=\"font-weight: 400;\">Evet, molohiya \u00fcr\u00fcnlerimiz FDA d\u00fczenlemelerine uygun \u015fekilde etiketlenmi\u015f ve belgelendirilmi\u015ftir. Ayr\u0131ca ithalat\u00e7\u0131ya sunulacak analiz sertifikalar\u0131 ve mikrobiyolojik test sonu\u00e7lar\u0131 da dosyalanmaktad\u0131r.<\/span><\/p>\n<h3><b>Markaya \u00f6zel ambalaj \u00fcretiyor musunuz?<\/b><\/h3>\n<p><span style=\"font-weight: 400;\">Evet. \u00d6zel etiket tasar\u0131m\u0131, Arap\u00e7a ve \u0130ngilizce i\u00e7eriklerle birlikte haz\u0131rlanabilir. Marka renkleri, fontlar\u0131 ve barkod sistemleri dahil edilebilir.<\/span><\/p>\n<h3><b>Amerika\u2019ya teslim s\u00fcresi nedir?<\/b><\/h3>\n<p><span style=\"font-weight: 400;\">Teslim s\u00fcresi var\u0131\u015f liman\u0131na ve d\u00f6neme ba\u011fl\u0131d\u0131r. Ortalama s\u00fcre 3 ila 5 haftad\u0131r. Talebe g\u00f6re CIF, FOB veya DDP teslim se\u00e7enekleri sunuyoruz.<\/span><\/p>\n<\/div>\n<\/div>\n<\/section>\n","protected":false},"excerpt":{"rendered":"<p>Birinci S\u0131n\u0131f Dondurulmu\u015f Molohiya \u2013 PEI Trade\u2019ten Do\u011frudan \u0130hracat PEI Trade, dondurulmu\u015f sebze ihracat\u0131nda uzmanla\u015fm\u0131\u015f bir M\u0131s\u0131r firmas\u0131d\u0131r. Kalite g\u00fcvencesi ve g\u00fcvenilir teslimat s\u00fcre\u00e7leriyle d\u00fcnyan\u0131n d\u00f6rt bir yan\u0131ndaki ithalat\u00e7\u0131lar taraf\u0131ndan tercih edilmektedir. \u00d6ne \u00e7\u0131kan \u00fcr\u00fcnlerimizden biri molohiya olup, Orta Do\u011fu ve Afrika mutfaklar\u0131nda s\u0131k\u00e7a kullan\u0131lmaktad\u0131r. Amerika\u2019daki talep giderek artmakta ve bu \u00fcr\u00fcn\u00fc \u00fclke genelinde distrib\u00fct\u00f6rlere, [&hellip;]<\/p>\n","protected":false},"author":1,"featured_media":0,"parent":0,"menu_order":0,"comment_status":"closed","ping_status":"closed","template":"","meta":{"footnotes":""},"class_list":["post-6614","page","type-page","status-publish","hentry"],"blocksy_meta":[],"mb":[],"featured_image_urls_v2":{"full":"","thumbnail":"","medium":"","medium_large":"","large":"","1536x1536":"","2048x2048":"","woocommerce_archive_thumbnail":"","woocommerce_thumbnail":"","woocommerce_single":"","woocommerce_gallery_thumbnail":""},"post_excerpt_stackable_v2":"<p>Birinci S\u0131n\u0131f Dondurulmu\u015f Molohiya \u2013 PEI Trade\u2019ten Do\u011frudan \u0130hracat PEI Trade, dondurulmu\u015f sebze ihracat\u0131nda uzmanla\u015fm\u0131\u015f bir M\u0131s\u0131r firmas\u0131d\u0131r. Kalite g\u00fcvencesi ve g\u00fcvenilir teslimat s\u00fcre\u00e7leriyle d\u00fcnyan\u0131n d\u00f6rt bir yan\u0131ndaki ithalat\u00e7\u0131lar taraf\u0131ndan tercih edilmektedir. \u00d6ne \u00e7\u0131kan \u00fcr\u00fcnlerimizden biri molohiya olup, Orta Do\u011fu ve Afrika mutfaklar\u0131nda s\u0131k\u00e7a kullan\u0131lmaktad\u0131r. Amerika\u2019daki talep giderek artmakta ve bu \u00fcr\u00fcn\u00fc \u00fclke genelinde distrib\u00fct\u00f6rlere, toptanc\u0131lara, zincir marketlere ve g\u0131da tedarik\u00e7ilerine ula\u015ft\u0131rmaktay\u0131z. Hasattan teslimata kadar, PEI Trade hijyenik, taze ve Amerikan g\u0131da standartlar\u0131na uygun \u015fekilde dondurulmu\u015f \u00fcr\u00fcn sunar. Her parti, kalite kontrol uzmanlar\u0131m\u0131z taraf\u0131ndan denetlenir ve uluslararas\u0131 ihracat belgeleriyle birlikte g\u00f6nderilir. Kuru beyaz fasulye Devam\u0131n\u0131 oku Patates Devam\u0131n\u0131 oku So\u011fan&hellip;<\/p>\n","category_list_v2":"","author_info_v2":{"name":"Mostafa Sabry","url":"https:\/\/peitrade.com\/tr\/author\/emostafaadel_jn8gcqbo\/"},"comments_num_v2":"0 comments","mfb_rest_fields":["title","blocksy_meta","featured_image_urls_v2","post_excerpt_stackable_v2","category_list_v2","author_info_v2","comments_num_v2"],"_links":{"self":[{"href":"https:\/\/peitrade.com\/tr\/wp-json\/wp\/v2\/pages\/6614","targetHints":{"allow":["GET"]}}],"collection":[{"href":"https:\/\/peitrade.com\/tr\/wp-json\/wp\/v2\/pages"}],"about":[{"href":"https:\/\/peitrade.com\/tr\/wp-json\/wp\/v2\/types\/page"}],"author":[{"embeddable":true,"href":"https:\/\/peitrade.com\/tr\/wp-json\/wp\/v2\/users\/1"}],"replies":[{"embeddable":true,"href":"https:\/\/peitrade.com\/tr\/wp-json\/wp\/v2\/comments?post=6614"}],"version-history":[{"count":1,"href":"https:\/\/peitrade.com\/tr\/wp-json\/wp\/v2\/pages\/6614\/revisions"}],"predecessor-version":[{"id":6615,"href":"https:\/\/peitrade.com\/tr\/wp-json\/wp\/v2\/pages\/6614\/revisions\/6615"}],"wp:attachment":[{"href":"https:\/\/peitrade.com\/tr\/wp-json\/wp\/v2\/media?parent=6614"}],"curies":[{"name":"wp","href":"https:\/\/api.w.org\/{rel}","templated":true}]}}