{"id":6819,"date":"2025-08-29T13:05:17","date_gmt":"2025-08-29T13:05:17","guid":{"rendered":"http:\/\/46.224.74.15\/uperior-uzumler-pei-trade-global-ihracat\/"},"modified":"2025-11-19T16:59:38","modified_gmt":"2025-11-19T16:59:38","slug":"uperior-uzumler-pei-trade-global-ihracat","status":"publish","type":"page","link":"https:\/\/peitrade.com\/tr\/uperior-uzumler-pei-trade-global-ihracat\/","title":{"rendered":"\u00dcst\u00fcn \u00dcz\u00fcmler \u2013 PEI Ticaretinden M\u0131s\u0131r M\u00fckemmelli\u011finin Bir \u00d6l\u00e7\u00fct\u00fc"},"content":{"rendered":"<section class=\"section\" style=\"padding: 60px 20px; background-color: #f9f9f9;\">\n<div class=\"container\">\n<h1>PEI Trade Superior \u00dcz\u00fcmler \u2013 Taze, Tatl\u0131 ve \u0130hracata Haz\u0131r<\/h1>\n<p>PEI Trade\u2019de Superior \u00dcz\u00fcmlerimiz, M\u0131s\u0131r\u2019\u0131n se\u00e7kin tar\u0131m\u0131n\u0131n simgesi olarak \u00f6ne \u00e7\u0131kar. \u00c7ekirdeksiz yap\u0131s\u0131, \u00e7\u0131t\u0131r dokusu ve do\u011fal tatl\u0131l\u0131\u011f\u0131yla uluslararas\u0131 perakendeciler, toptanc\u0131lar ve distrib\u00fct\u00f6rler i\u00e7in g\u00fcvenilir bir tercih haline gelmi\u015ftir.<\/p>\n<p>GlobalG.A.P. standartlar\u0131na uygun olarak titizlikle y\u00f6netilen \u00e7iftliklerde yeti\u015ftirilen \u00fcz\u00fcmlerimiz, istikrar, s\u00fcrd\u00fcr\u00fclebilirlik ve \u00f6d\u00fcn vermeyen kaliteyi temsil eder.<\/p>\n<\/div>\n<\/section>\n<section class=\"section\" style=\"padding: 50px 20px;\">\n<div class=\"container\">\n<h2>Superior \u00dcz\u00fcmlerin Belirgin \u00d6zellikleri<\/h2>\n<ul>\n<li><b>\u00c7ekirdeksiz Beyaz \u00c7e\u015fit<\/b>: Kolay t\u00fcketim ve temiz bir yeme deneyimi sundu\u011fu i\u00e7in t\u00fcketiciler taraf\u0131ndan \u00e7ok sevilir.<\/li>\n<li><b>Dengeli Tatl\u0131l\u0131k<\/b>: Ferahlat\u0131c\u0131 lezzet profili sayesinde hem taze t\u00fcketim hem de mutfak kullan\u0131m\u0131 i\u00e7in idealdir.<\/li>\n<li><b>Dayan\u0131kl\u0131 ve Taze<\/b>: Uzun s\u00fcreli nakliye ve depolama s\u0131ras\u0131nda rengini, dokusunu ve lezzetini korur.<\/li>\n<li><b>Sorumlu \u00dcretim<\/b>: \u00c7iftliklerimiz zararl\u0131 kimyasallardan ka\u00e7\u0131narak s\u00fcrd\u00fcr\u00fclebilir y\u00f6ntemler uygular ve \u00e7evreye duyarl\u0131 \u00fcretim sa\u011flar.<\/li>\n<\/ul>\n<h3><b>Ambalaj Se\u00e7enekleri<\/b><\/h3>\n<p>Ambalaj\u0131n \u00fcr\u00fcn\u00fcn sunumunda ve raf \u00e7ekicili\u011finde \u00f6nemli rol oynad\u0131\u011f\u0131n\u0131 biliyoruz. Bu nedenle PEI Trade \u00e7e\u015fitli \u00e7\u00f6z\u00fcmler sunar:<\/p>\n<ul>\n<li><b>Standart kartonlar<\/b>: 4,5 kg ve 8,2 kg se\u00e7enekler<\/li>\n<li><b>\u00d6zel ambalaj<\/b>: Perakende veya toptan ihtiya\u00e7lara g\u00f6re uyarlanm\u0131\u015f \u00e7\u00f6z\u00fcmler<\/li>\n<li><b>\u00d6zel marka etiketleme<\/b>: Pazar farkl\u0131la\u015ft\u0131rmas\u0131 i\u00e7in markal\u0131 ambalaj se\u00e7enekleri<\/li>\n<\/ul>\n<p>T\u00fcm ambalajlar, uzun mesafeli sevkiyatlarda \u00fcr\u00fcn b\u00fct\u00fcnl\u00fc\u011f\u00fcn\u00fc koruyacak \u015fekilde tasarlanm\u0131\u015ft\u0131r ve \u00fcz\u00fcmler var\u0131\u015fta en iyi durumda teslim edilir.<\/p>\n<h3><b>Tedarik Zinciri ve \u0130hracat Uzmanl\u0131\u011f\u0131<\/b><\/h3>\n<p>Lojistik a\u011f\u0131m\u0131z sayesinde \u00fcz\u00fcmlerimiz M\u0131s\u0131r\u2019daki \u00e7iftliklerden d\u00fcnya pazarlar\u0131na en y\u00fcksek \u00f6zenle ula\u015ft\u0131r\u0131l\u0131r. PEI Trade, ihracat s\u00fcrecinin tamam\u0131n\u0131 y\u00f6netir:<\/p>\n<ul>\n<li>S\u0131cakl\u0131k kontroll\u00fc sevkiyat<\/li>\n<li>G\u00fcmr\u00fck i\u015flemleri ve sertifikalar<\/li>\n<li>Bitki sa\u011fl\u0131\u011f\u0131 belgeleri<\/li>\n<li>Men\u015fe belgeleri ve HACCP uyumlulu\u011fu<\/li>\n<\/ul>\n<p><b>M\u0131s\u0131r, BAE ve Bulgaristan<\/b>\u2019daki ofislerimiz sayesinde m\u00fc\u015fterilerimize h\u0131zl\u0131 ve verimli hizmet sunuyoruz.<\/p>\n<div class=\"woocommerce columns-4 \"><ul class=\"products columns-4\" data-products=\"type-2\">\n<li class=\"product type-product post-7671 status-publish first instock product_cat-fruits has-post-thumbnail shipping-taxable product-type-simple\">\n\t<a href=\"https:\/\/peitrade.com\/tr\/product\/cilek\/\" class=\"woocommerce-LoopProduct-link woocommerce-loop-product__link\"><img decoding=\"async\" width=\"300\" height=\"300\" src=\"https:\/\/peitrade.com\/wp-content\/uploads\/2025\/11\/Egyptian-Strawberries-300x300.webp\" class=\"attachment-woocommerce_thumbnail size-woocommerce_thumbnail\" alt=\"\u00c7ilek\" srcset=\"https:\/\/peitrade.com\/wp-content\/uploads\/2025\/11\/Egyptian-Strawberries-300x300.webp 300w, https:\/\/peitrade.com\/wp-content\/uploads\/2025\/11\/Egyptian-Strawberries-150x150.webp 150w, https:\/\/peitrade.com\/wp-content\/uploads\/2025\/11\/Egyptian-Strawberries-768x768.webp 768w, https:\/\/peitrade.com\/wp-content\/uploads\/2025\/11\/Egyptian-Strawberries-600x600.webp 600w, https:\/\/peitrade.com\/wp-content\/uploads\/2025\/11\/Egyptian-Strawberries-100x100.webp 100w, https:\/\/peitrade.com\/wp-content\/uploads\/2025\/11\/Egyptian-Strawberries.webp 1024w\" sizes=\"(max-width: 300px) 100vw, 300px\" title=\"\"><h2 class=\"woocommerce-loop-product__title\">\u00c7ilek<\/h2>\n<\/a><a href=\"https:\/\/peitrade.com\/tr\/product\/cilek\/\" aria-describedby=\"woocommerce_loop_add_to_cart_link_describedby_7671\" data-quantity=\"1\" class=\"button product_type_simple\" data-product_id=\"7671\" data-product_sku=\"81010\" aria-label=\"&ldquo;\u00c7ilek&rdquo; hakk\u0131nda daha fazla bilgi edinin\" rel=\"nofollow\" data-success_message=\"\">Devam\u0131n\u0131 oku<\/a>\t<span id=\"woocommerce_loop_add_to_cart_link_describedby_7671\" class=\"screen-reader-text\">\n\t\t\t<\/span>\n<\/li>\n<li class=\"product type-product post-7648 status-publish instock product_cat-fruits has-post-thumbnail shipping-taxable product-type-simple\">\n\t<a href=\"https:\/\/peitrade.com\/tr\/product\/mango\/\" class=\"woocommerce-LoopProduct-link woocommerce-loop-product__link\"><img decoding=\"async\" width=\"300\" height=\"300\" src=\"https:\/\/peitrade.com\/wp-content\/uploads\/2025\/11\/Egyption-Mango-300x300.webp\" class=\"attachment-woocommerce_thumbnail size-woocommerce_thumbnail\" alt=\"Mangoes: Egypt\u2019s Tropical Treasure\" srcset=\"https:\/\/peitrade.com\/wp-content\/uploads\/2025\/11\/Egyption-Mango-300x300.webp 300w, https:\/\/peitrade.com\/wp-content\/uploads\/2025\/11\/Egyption-Mango-150x150.webp 150w, https:\/\/peitrade.com\/wp-content\/uploads\/2025\/11\/Egyption-Mango-768x768.webp 768w, https:\/\/peitrade.com\/wp-content\/uploads\/2025\/11\/Egyption-Mango-600x600.webp 600w, https:\/\/peitrade.com\/wp-content\/uploads\/2025\/11\/Egyption-Mango-100x100.webp 100w, https:\/\/peitrade.com\/wp-content\/uploads\/2025\/11\/Egyption-Mango.webp 1024w\" sizes=\"(max-width: 300px) 100vw, 300px\" title=\"\"><h2 class=\"woocommerce-loop-product__title\">Mango<\/h2>\n<\/a><a href=\"https:\/\/peitrade.com\/tr\/product\/mango\/\" aria-describedby=\"woocommerce_loop_add_to_cart_link_describedby_7648\" data-quantity=\"1\" class=\"button product_type_simple\" data-product_id=\"7648\" data-product_sku=\"80450\" aria-label=\"&ldquo;Mango&rdquo; hakk\u0131nda daha fazla bilgi edinin\" rel=\"nofollow\" data-success_message=\"\">Devam\u0131n\u0131 oku<\/a>\t<span id=\"woocommerce_loop_add_to_cart_link_describedby_7648\" class=\"screen-reader-text\">\n\t\t\t<\/span>\n<\/li>\n<li class=\"product type-product post-7745 status-publish instock product_cat-fruits has-post-thumbnail shipping-taxable product-type-simple\">\n\t<a href=\"https:\/\/peitrade.com\/tr\/product\/nar\/\" class=\"woocommerce-LoopProduct-link woocommerce-loop-product__link\"><img decoding=\"async\" width=\"300\" height=\"300\" src=\"https:\/\/peitrade.com\/wp-content\/uploads\/2025\/11\/Egyptian-Pomegranate-300x300.webp\" class=\"attachment-woocommerce_thumbnail size-woocommerce_thumbnail\" alt=\"Pomegranates: The Superfruit Appeal\" srcset=\"https:\/\/peitrade.com\/wp-content\/uploads\/2025\/11\/Egyptian-Pomegranate-300x300.webp 300w, https:\/\/peitrade.com\/wp-content\/uploads\/2025\/11\/Egyptian-Pomegranate-150x150.webp 150w, https:\/\/peitrade.com\/wp-content\/uploads\/2025\/11\/Egyptian-Pomegranate-768x768.webp 768w, https:\/\/peitrade.com\/wp-content\/uploads\/2025\/11\/Egyptian-Pomegranate-600x600.webp 600w, https:\/\/peitrade.com\/wp-content\/uploads\/2025\/11\/Egyptian-Pomegranate-100x100.webp 100w, https:\/\/peitrade.com\/wp-content\/uploads\/2025\/11\/Egyptian-Pomegranate.webp 1024w\" sizes=\"(max-width: 300px) 100vw, 300px\" title=\"\"><h2 class=\"woocommerce-loop-product__title\">Nar<\/h2>\n<\/a><a href=\"https:\/\/peitrade.com\/tr\/product\/nar\/\" aria-describedby=\"woocommerce_loop_add_to_cart_link_describedby_7745\" data-quantity=\"1\" class=\"button product_type_simple\" data-product_id=\"7745\" data-product_sku=\"81090\" aria-label=\"&ldquo;Nar&rdquo; hakk\u0131nda daha fazla bilgi edinin\" rel=\"nofollow\" data-success_message=\"\">Devam\u0131n\u0131 oku<\/a>\t<span id=\"woocommerce_loop_add_to_cart_link_describedby_7745\" class=\"screen-reader-text\">\n\t\t\t<\/span>\n<\/li>\n<li class=\"product type-product post-7589 status-publish last instock product_cat-fruits has-post-thumbnail shipping-taxable product-type-simple\">\n\t<a href=\"https:\/\/peitrade.com\/tr\/product\/uzum\/\" class=\"woocommerce-LoopProduct-link woocommerce-loop-product__link\"><img decoding=\"async\" width=\"300\" height=\"300\" src=\"https:\/\/peitrade.com\/wp-content\/uploads\/2025\/11\/Egyptian-Grapes-300x300.webp\" class=\"attachment-woocommerce_thumbnail size-woocommerce_thumbnail\" alt=\"Grapes: A Rising Star\" srcset=\"https:\/\/peitrade.com\/wp-content\/uploads\/2025\/11\/Egyptian-Grapes-300x300.webp 300w, https:\/\/peitrade.com\/wp-content\/uploads\/2025\/11\/Egyptian-Grapes-150x150.webp 150w, https:\/\/peitrade.com\/wp-content\/uploads\/2025\/11\/Egyptian-Grapes-768x768.webp 768w, https:\/\/peitrade.com\/wp-content\/uploads\/2025\/11\/Egyptian-Grapes-600x600.webp 600w, https:\/\/peitrade.com\/wp-content\/uploads\/2025\/11\/Egyptian-Grapes-100x100.webp 100w, https:\/\/peitrade.com\/wp-content\/uploads\/2025\/11\/Egyptian-Grapes.webp 1024w\" sizes=\"(max-width: 300px) 100vw, 300px\" title=\"\"><h2 class=\"woocommerce-loop-product__title\">\u00dcz\u00fcm<\/h2>\n<\/a><a href=\"https:\/\/peitrade.com\/tr\/product\/uzum\/\" aria-describedby=\"woocommerce_loop_add_to_cart_link_describedby_7589\" data-quantity=\"1\" class=\"button product_type_simple\" data-product_id=\"7589\" data-product_sku=\"80610\" aria-label=\"&ldquo;\u00dcz\u00fcm&rdquo; hakk\u0131nda daha fazla bilgi edinin\" rel=\"nofollow\" data-success_message=\"\">Devam\u0131n\u0131 oku<\/a>\t<span id=\"woocommerce_loop_add_to_cart_link_describedby_7589\" class=\"screen-reader-text\">\n\t\t\t<\/span>\n<\/li>\n<\/ul>\n<\/div>\n<\/div>\n<\/section>\n<section class=\"section\" style=\"padding: 60px 20px; background-color: #f9f9f9;\">\n<div class=\"container\">\n<h2><b>Mevsimsellik ve Pazar Avantaj\u0131<\/b><\/h2>\n<p>Superior \u00dcz\u00fcmler <b>Haziran\u2019dan A\u011fustos\u2019a kadar<\/b> temin edilebilir. Bu d\u00f6nem, Avrupa, Asya ve Orta Do\u011fu\u2019da talebin en yo\u011fun oldu\u011fu aylarla \u00f6rt\u00fc\u015f\u00fcr. Hasat d\u00f6nemi, k\u00fcresel arz\u0131n darald\u0131\u011f\u0131 yaz aylar\u0131nda ithalat\u00e7\u0131lara rekabet avantaj\u0131 sa\u011flar.<\/p>\n<\/div>\n<\/section>\n<section class=\"section\" style=\"padding: 50px 20px;\">\n<div class=\"container\">\n<h2><b>K\u00fcresel Da\u011f\u0131t\u0131m<\/b><\/h2>\n<p>PEI Trade, Superior \u00dcz\u00fcmleri geni\u015f bir ihracat a\u011f\u0131yla sunar ve g\u00fc\u00e7l\u00fc varl\u0131\u011fa sahiptir:<\/p>\n<ul>\n<li><b>Avrupa<\/b>: Almanya, \u0130ngiltere, Hollanda, \u0130spanya<\/li>\n<li><b>Asya<\/b>: Hindistan, \u00c7in, Singapur<\/li>\n<li><b>K\u00f6rfez \u00dclkeleri (GCC)<\/b>: Suudi Arabistan, BAE, Kuveyt, Katar<\/li>\n<\/ul>\n<p>Geni\u015f da\u011f\u0131t\u0131m a\u011f\u0131m\u0131z, perakendecilerin ve distrib\u00fct\u00f6rlerin g\u00fcvenilir bir tedarik\u00e7i olarak bize s\u00fcrekli \u015fekilde g\u00fcvenmesini sa\u011flar.<\/p>\n<h3><b>T\u00fcketiciye Sa\u011flad\u0131\u011f\u0131 Faydalar<\/b><\/h3>\n<p>Superior \u00dcz\u00fcmler sadece lezzet de\u011fil, daha fazlas\u0131n\u0131 sunar:<\/p>\n<ul>\n<li>Vitamin ve antioksidan a\u00e7\u0131s\u0131ndan zengin sa\u011fl\u0131kl\u0131 bir at\u0131\u015ft\u0131rmal\u0131k<\/li>\n<li>\u00c7ekirdeksiz yap\u0131s\u0131yla \u00e7ocuklar ve aileler i\u00e7in pratik<\/li>\n<li>Meyve tabaklar\u0131nda, tatl\u0131larda, meyve sular\u0131nda ve \u015faraplarda \u00e7ok y\u00f6nl\u00fc kullan\u0131m<\/li>\n<\/ul>\n<h3><b>Neden PEI Trade?<\/b><\/h3>\n<p>PEI Trade ile \u00e7al\u0131\u015fmak; <b>\u015feffafl\u0131k, istikrar ve m\u00fc\u015fteri memnuniyetine<\/b> ba\u011fl\u0131 bir ekiple \u00e7al\u0131\u015fmak demektir. Yerel tar\u0131m uzmanl\u0131\u011f\u0131m\u0131z\u0131 global ticaret standartlar\u0131yla birle\u015ftiriyor, her g\u00f6nderinin taleplerinize uygun olmas\u0131n\u0131 sa\u011fl\u0131yoruz.<\/p>\n<p>Ba\u015fl\u0131ca g\u00fc\u00e7l\u00fc y\u00f6nlerimiz:<\/p>\n<ul>\n<li>\u00c7iftlikten pazara izlenebilirlik<\/li>\n<li>Adanm\u0131\u015f m\u00fc\u015fteri deste\u011fi<\/li>\n<li>G\u00fcvenilir so\u011fuk zincir lojisti\u011fi<\/li>\n<li>Uluslararas\u0131 uygunluk ve dok\u00fcmantasyon<\/li>\n<\/ul>\n<\/div>\n<\/section>\n<section class=\"section\" style=\"padding: 60px 20px; background-color: #f9f9f9;\">\n<div class=\"container\">\n<h3><b>Bizimle \u0130\u015f Ortakl\u0131\u011f\u0131 Kurun<\/b><\/h3>\n<p>M\u0131s\u0131r\u2019\u0131n en kaliteli Superior \u00dcz\u00fcmlerini m\u00fc\u015fterilerinize g\u00fcvenle ula\u015ft\u0131r\u0131n. Ekibimiz size detayl\u0131 fiyat teklifleri, g\u00fcncel stok bilgileri ve esnek sevkiyat se\u00e7enekleri sa\u011flamaya haz\u0131rd\u0131r.<\/p>\n<p><a class=\"button primary large\" href=\"\/contact\">Tedarik Bilgisi Talep Et<\/a><\/p>\n<p>\ud83d\udce9 E-posta: Sales@peitrade.com<br \/>\n\ud83d\udcde Telefon: +201099111918<br \/>\n\ud83c\udf10 Web: www.peitrade.com<\/p>\n<\/div>\n<\/section>\n<section class=\"section\" style=\"padding: 50px 20px;\">\n<div class=\"container\">\n<p><strong>PEI Trade \u2013 M\u0131s\u0131r\u2019\u0131n Hasad\u0131n\u0131 D\u00fcnya Pazarlar\u0131na Ba\u011flayan G\u00fcvenilir K\u00f6pr\u00fc<\/strong><\/p>\n<div class=\"woocommerce columns-4 \"><ul class=\"products columns-4\" data-products=\"type-2\">\n<li class=\"product type-product post-7776 status-publish first instock product_cat-vegetables product_cat-in-season has-post-thumbnail shipping-taxable product-type-simple\">\n\t<a href=\"https:\/\/peitrade.com\/tr\/product\/patates\/\" class=\"woocommerce-LoopProduct-link woocommerce-loop-product__link\"><img decoding=\"async\" width=\"300\" height=\"300\" src=\"https:\/\/peitrade.com\/wp-content\/uploads\/2025\/11\/Egyptian-Potatoes-300x300.webp\" class=\"attachment-woocommerce_thumbnail size-woocommerce_thumbnail\" alt=\"Patates\" srcset=\"https:\/\/peitrade.com\/wp-content\/uploads\/2025\/11\/Egyptian-Potatoes-300x300.webp 300w, https:\/\/peitrade.com\/wp-content\/uploads\/2025\/11\/Egyptian-Potatoes-150x150.webp 150w, https:\/\/peitrade.com\/wp-content\/uploads\/2025\/11\/Egyptian-Potatoes-768x768.webp 768w, https:\/\/peitrade.com\/wp-content\/uploads\/2025\/11\/Egyptian-Potatoes-600x600.webp 600w, https:\/\/peitrade.com\/wp-content\/uploads\/2025\/11\/Egyptian-Potatoes-100x100.webp 100w, https:\/\/peitrade.com\/wp-content\/uploads\/2025\/11\/Egyptian-Potatoes.webp 1024w\" sizes=\"(max-width: 300px) 100vw, 300px\" title=\"\"><h2 class=\"woocommerce-loop-product__title\">Patates<\/h2>\n<\/a><a href=\"https:\/\/peitrade.com\/tr\/product\/patates\/\" aria-describedby=\"woocommerce_loop_add_to_cart_link_describedby_7776\" data-quantity=\"1\" class=\"button product_type_simple\" data-product_id=\"7776\" data-product_sku=\"70190\" aria-label=\"&ldquo;Patates&rdquo; hakk\u0131nda daha fazla bilgi edinin\" rel=\"nofollow\" data-success_message=\"\">Devam\u0131n\u0131 oku<\/a>\t<span id=\"woocommerce_loop_add_to_cart_link_describedby_7776\" class=\"screen-reader-text\">\n\t\t\t<\/span>\n<\/li>\n<li class=\"product type-product post-7444 status-publish instock product_cat-fruits product_cat-in-season has-post-thumbnail shipping-taxable product-type-simple\">\n\t<a href=\"https:\/\/peitrade.com\/tr\/product\/portakallar\/\" class=\"woocommerce-LoopProduct-link woocommerce-loop-product__link\"><img decoding=\"async\" width=\"300\" height=\"300\" src=\"https:\/\/peitrade.com\/wp-content\/uploads\/2025\/11\/Egyptian-Oranges-300x300.webp\" class=\"attachment-woocommerce_thumbnail size-woocommerce_thumbnail\" alt=\"M\u0131s\u0131r\u2019\u0131n Kanada\u2019ya portakal ihracat\u0131\" srcset=\"https:\/\/peitrade.com\/wp-content\/uploads\/2025\/11\/Egyptian-Oranges-300x300.webp 300w, https:\/\/peitrade.com\/wp-content\/uploads\/2025\/11\/Egyptian-Oranges-150x150.webp 150w, https:\/\/peitrade.com\/wp-content\/uploads\/2025\/11\/Egyptian-Oranges-768x768.webp 768w, https:\/\/peitrade.com\/wp-content\/uploads\/2025\/11\/Egyptian-Oranges-600x600.webp 600w, https:\/\/peitrade.com\/wp-content\/uploads\/2025\/11\/Egyptian-Oranges-100x100.webp 100w, https:\/\/peitrade.com\/wp-content\/uploads\/2025\/11\/Egyptian-Oranges.webp 1024w\" sizes=\"(max-width: 300px) 100vw, 300px\" title=\"\"><h2 class=\"woocommerce-loop-product__title\">Portakallar<\/h2>\n<\/a><a href=\"https:\/\/peitrade.com\/tr\/product\/portakallar\/\" aria-describedby=\"woocommerce_loop_add_to_cart_link_describedby_7444\" data-quantity=\"1\" class=\"button product_type_simple\" data-product_id=\"7444\" data-product_sku=\"80510\" aria-label=\"&ldquo;Portakallar&rdquo; hakk\u0131nda daha fazla bilgi edinin\" rel=\"nofollow\" data-success_message=\"\">Devam\u0131n\u0131 oku<\/a>\t<span id=\"woocommerce_loop_add_to_cart_link_describedby_7444\" class=\"screen-reader-text\">\n\t\t\t<\/span>\n<\/li>\n<li class=\"product type-product post-7796 status-publish instock product_cat-vegetables product_cat-in-season has-post-thumbnail shipping-taxable product-type-simple\">\n\t<a href=\"https:\/\/peitrade.com\/tr\/product\/tatli-patates\/\" class=\"woocommerce-LoopProduct-link woocommerce-loop-product__link\"><img decoding=\"async\" width=\"300\" height=\"300\" src=\"https:\/\/peitrade.com\/wp-content\/uploads\/2025\/11\/Egyptian-Sweet-Potatoes-300x300.webp\" class=\"attachment-woocommerce_thumbnail size-woocommerce_thumbnail\" alt=\"Egyptian Sweet Potatoes - PEI Trade\" srcset=\"https:\/\/peitrade.com\/wp-content\/uploads\/2025\/11\/Egyptian-Sweet-Potatoes-300x300.webp 300w, https:\/\/peitrade.com\/wp-content\/uploads\/2025\/11\/Egyptian-Sweet-Potatoes-150x150.webp 150w, https:\/\/peitrade.com\/wp-content\/uploads\/2025\/11\/Egyptian-Sweet-Potatoes-768x768.webp 768w, https:\/\/peitrade.com\/wp-content\/uploads\/2025\/11\/Egyptian-Sweet-Potatoes-600x600.webp 600w, https:\/\/peitrade.com\/wp-content\/uploads\/2025\/11\/Egyptian-Sweet-Potatoes-100x100.webp 100w, https:\/\/peitrade.com\/wp-content\/uploads\/2025\/11\/Egyptian-Sweet-Potatoes.webp 1024w\" sizes=\"(max-width: 300px) 100vw, 300px\" title=\"\"><h2 class=\"woocommerce-loop-product__title\">Tatl\u0131 patates<\/h2>\n<\/a><a href=\"https:\/\/peitrade.com\/tr\/product\/tatli-patates\/\" aria-describedby=\"woocommerce_loop_add_to_cart_link_describedby_7796\" data-quantity=\"1\" class=\"button product_type_simple\" data-product_id=\"7796\" data-product_sku=\"71420\" aria-label=\"&ldquo;Tatl\u0131 patates&rdquo; hakk\u0131nda daha fazla bilgi edinin\" rel=\"nofollow\" data-success_message=\"\">Devam\u0131n\u0131 oku<\/a>\t<span id=\"woocommerce_loop_add_to_cart_link_describedby_7796\" class=\"screen-reader-text\">\n\t\t\t<\/span>\n<\/li>\n<li class=\"product type-product post-7589 status-publish last instock product_cat-fruits has-post-thumbnail shipping-taxable product-type-simple\">\n\t<a href=\"https:\/\/peitrade.com\/tr\/product\/uzum\/\" class=\"woocommerce-LoopProduct-link woocommerce-loop-product__link\"><img decoding=\"async\" width=\"300\" height=\"300\" src=\"https:\/\/peitrade.com\/wp-content\/uploads\/2025\/11\/Egyptian-Grapes-300x300.webp\" class=\"attachment-woocommerce_thumbnail size-woocommerce_thumbnail\" alt=\"Grapes: A Rising Star\" srcset=\"https:\/\/peitrade.com\/wp-content\/uploads\/2025\/11\/Egyptian-Grapes-300x300.webp 300w, https:\/\/peitrade.com\/wp-content\/uploads\/2025\/11\/Egyptian-Grapes-150x150.webp 150w, https:\/\/peitrade.com\/wp-content\/uploads\/2025\/11\/Egyptian-Grapes-768x768.webp 768w, https:\/\/peitrade.com\/wp-content\/uploads\/2025\/11\/Egyptian-Grapes-600x600.webp 600w, https:\/\/peitrade.com\/wp-content\/uploads\/2025\/11\/Egyptian-Grapes-100x100.webp 100w, https:\/\/peitrade.com\/wp-content\/uploads\/2025\/11\/Egyptian-Grapes.webp 1024w\" sizes=\"(max-width: 300px) 100vw, 300px\" title=\"\"><h2 class=\"woocommerce-loop-product__title\">\u00dcz\u00fcm<\/h2>\n<\/a><a href=\"https:\/\/peitrade.com\/tr\/product\/uzum\/\" aria-describedby=\"woocommerce_loop_add_to_cart_link_describedby_7589\" data-quantity=\"1\" class=\"button product_type_simple\" data-product_id=\"7589\" data-product_sku=\"80610\" aria-label=\"&ldquo;\u00dcz\u00fcm&rdquo; hakk\u0131nda daha fazla bilgi edinin\" rel=\"nofollow\" data-success_message=\"\">Devam\u0131n\u0131 oku<\/a>\t<span id=\"woocommerce_loop_add_to_cart_link_describedby_7589\" class=\"screen-reader-text\">\n\t\t\t<\/span>\n<\/li>\n<\/ul>\n<\/div>\n<h2>S\u0131k\u00e7a Sorulan Sorular<\/h2>\n<h3><strong>M\u0131s\u0131r\u2019da Superior \u00dcz\u00fcmlerin sezonu ne zamand\u0131r?<\/strong><\/h3>\n<p>Superior \u00dcz\u00fcmler <strong>Haziran\u2019dan A\u011fustos\u2019a kadar<\/strong> bulunabilir, bu da yaz aylar\u0131ndaki yo\u011fun talebe kar\u015f\u0131l\u0131k gelir.<\/p>\n<h3><strong>Superior \u00dcz\u00fcmler \u00e7ekirdeksiz mi?<\/strong><\/h3>\n<p>Evet, Superior \u00dcz\u00fcmler <strong>\u00e7ekirdeksiz beyaz \u00e7e\u015fit<\/strong>tir ve pratikli\u011fi ile tatl\u0131 aromas\u0131 sayesinde \u00e7ok pop\u00fclerdir.<\/p>\n<h3><strong>PEI Trade ihracat s\u0131ras\u0131nda \u00fcz\u00fcm\u00fcn tazeli\u011fini nas\u0131l korur?<\/strong><\/h3>\n<p>\u00dcz\u00fcmlerimiz <strong>s\u0131cakl\u0131k kontroll\u00fc lojistik<\/strong> ve s\u0131k\u0131 so\u011fuk zincir y\u00f6netimiyle sevk edilir, b\u00f6ylece uluslararas\u0131 nakliye boyunca kaliteleri korunur.<\/p>\n<h3><strong>PEI Trade Superior \u00dcz\u00fcmleri hangi \u00fclkelere ihra\u00e7 ediyor?<\/strong><\/h3>\n<p>\u00dcz\u00fcmlerimizi <strong>Avrupa, Asya ve K\u00f6rfez \u00fclkelerine<\/strong> ula\u015ft\u0131r\u0131yoruz; \u0130ngiltere, Almanya, Hollanda, Suudi Arabistan ve BAE dahil.<\/p>\n<h3><strong>\u00dcz\u00fcmleriniz \u00e7evre dostu y\u00f6ntemlerle mi yeti\u015ftiriliyor?<\/strong><\/h3>\n<p>Evet, \u00e7iftliklerimiz <strong>GlobalG.A.P. sertifikal\u0131d\u0131r<\/strong>, GDO\u2019suzdur, zararl\u0131 kimyasallar kullan\u0131lmaz ve s\u00fcrd\u00fcr\u00fclebilir tar\u0131m y\u00f6ntemleri uygulan\u0131r.<\/p>\n<h3><strong>Pazar\u0131m i\u00e7in markal\u0131 ambalaj talep edebilir miyim?<\/strong><\/h3>\n<p>Kesinlikle. PEI Trade, m\u00fc\u015fterilerin Superior \u00dcz\u00fcmleri kendi marka kimlikleriyle pazarlamas\u0131na olanak tan\u0131yan <strong>\u00f6zel marka etiketleme<\/strong> \u00e7\u00f6z\u00fcmleri sunar.<\/p>\n<\/div>\n<\/section>\n","protected":false},"excerpt":{"rendered":"<p>PEI Trade Superior \u00dcz\u00fcmler \u2013 Taze, Tatl\u0131 ve \u0130hracata Haz\u0131r PEI Trade\u2019de Superior \u00dcz\u00fcmlerimiz, M\u0131s\u0131r\u2019\u0131n se\u00e7kin tar\u0131m\u0131n\u0131n simgesi olarak \u00f6ne \u00e7\u0131kar. \u00c7ekirdeksiz yap\u0131s\u0131, \u00e7\u0131t\u0131r dokusu ve do\u011fal tatl\u0131l\u0131\u011f\u0131yla uluslararas\u0131 perakendeciler, toptanc\u0131lar ve distrib\u00fct\u00f6rler i\u00e7in g\u00fcvenilir bir tercih haline gelmi\u015ftir. GlobalG.A.P. standartlar\u0131na uygun olarak titizlikle y\u00f6netilen \u00e7iftliklerde yeti\u015ftirilen \u00fcz\u00fcmlerimiz, istikrar, s\u00fcrd\u00fcr\u00fclebilirlik ve \u00f6d\u00fcn vermeyen kaliteyi temsil [&hellip;]<\/p>\n","protected":false},"author":1,"featured_media":0,"parent":0,"menu_order":0,"comment_status":"closed","ping_status":"closed","template":"","meta":{"footnotes":""},"class_list":["post-6819","page","type-page","status-publish","hentry"],"blocksy_meta":[],"mb":[],"featured_image_urls_v2":{"full":"","thumbnail":"","medium":"","medium_large":"","large":"","1536x1536":"","2048x2048":"","woocommerce_archive_thumbnail":"","woocommerce_thumbnail":"","woocommerce_single":"","woocommerce_gallery_thumbnail":""},"post_excerpt_stackable_v2":"<p>PEI Trade Superior \u00dcz\u00fcmler \u2013 Taze, Tatl\u0131 ve \u0130hracata Haz\u0131r PEI Trade\u2019de Superior \u00dcz\u00fcmlerimiz, M\u0131s\u0131r\u2019\u0131n se\u00e7kin tar\u0131m\u0131n\u0131n simgesi olarak \u00f6ne \u00e7\u0131kar. \u00c7ekirdeksiz yap\u0131s\u0131, \u00e7\u0131t\u0131r dokusu ve do\u011fal tatl\u0131l\u0131\u011f\u0131yla uluslararas\u0131 perakendeciler, toptanc\u0131lar ve distrib\u00fct\u00f6rler i\u00e7in g\u00fcvenilir bir tercih haline gelmi\u015ftir. GlobalG.A.P. standartlar\u0131na uygun olarak titizlikle y\u00f6netilen \u00e7iftliklerde yeti\u015ftirilen \u00fcz\u00fcmlerimiz, istikrar, s\u00fcrd\u00fcr\u00fclebilirlik ve \u00f6d\u00fcn vermeyen kaliteyi temsil eder. Superior \u00dcz\u00fcmlerin Belirgin \u00d6zellikleri \u00c7ekirdeksiz Beyaz \u00c7e\u015fit: Kolay t\u00fcketim ve temiz bir yeme deneyimi sundu\u011fu i\u00e7in t\u00fcketiciler taraf\u0131ndan \u00e7ok sevilir. Dengeli Tatl\u0131l\u0131k: Ferahlat\u0131c\u0131 lezzet profili sayesinde hem taze t\u00fcketim hem de mutfak kullan\u0131m\u0131 i\u00e7in idealdir. Dayan\u0131kl\u0131 ve Taze: Uzun s\u00fcreli nakliye ve depolama s\u0131ras\u0131nda&hellip;<\/p>\n","category_list_v2":"","author_info_v2":{"name":"Mostafa Sabry","url":"https:\/\/peitrade.com\/tr\/author\/emostafaadel_jn8gcqbo\/"},"comments_num_v2":"0 comments","mfb_rest_fields":["title","blocksy_meta","featured_image_urls_v2","post_excerpt_stackable_v2","category_list_v2","author_info_v2","comments_num_v2"],"_links":{"self":[{"href":"https:\/\/peitrade.com\/tr\/wp-json\/wp\/v2\/pages\/6819","targetHints":{"allow":["GET"]}}],"collection":[{"href":"https:\/\/peitrade.com\/tr\/wp-json\/wp\/v2\/pages"}],"about":[{"href":"https:\/\/peitrade.com\/tr\/wp-json\/wp\/v2\/types\/page"}],"author":[{"embeddable":true,"href":"https:\/\/peitrade.com\/tr\/wp-json\/wp\/v2\/users\/1"}],"replies":[{"embeddable":true,"href":"https:\/\/peitrade.com\/tr\/wp-json\/wp\/v2\/comments?post=6819"}],"version-history":[{"count":1,"href":"https:\/\/peitrade.com\/tr\/wp-json\/wp\/v2\/pages\/6819\/revisions"}],"predecessor-version":[{"id":6820,"href":"https:\/\/peitrade.com\/tr\/wp-json\/wp\/v2\/pages\/6819\/revisions\/6820"}],"wp:attachment":[{"href":"https:\/\/peitrade.com\/tr\/wp-json\/wp\/v2\/media?parent=6819"}],"curies":[{"name":"wp","href":"https:\/\/api.w.org\/{rel}","templated":true}]}}