{"id":6889,"date":"2025-09-02T09:08:09","date_gmt":"2025-09-02T09:08:09","guid":{"rendered":"http:\/\/46.224.74.15\/sokary-mango-ihracatci-misir\/"},"modified":"2025-11-19T16:59:53","modified_gmt":"2025-11-19T16:59:53","slug":"sokary-mango-ihracatci-misir","status":"publish","type":"page","link":"https:\/\/peitrade.com\/tr\/sokary-mango-ihracatci-misir\/","title":{"rendered":"Sokary Mango \u0130hracat\u00e7\u0131s\u0131 \u2013 K\u00fcresel Ticaret i\u00e7in M\u0131s\u0131r Mango Tedariki"},"content":{"rendered":"<section class=\"section\" style=\"padding: 60px 20px; background-color: #f9f9f9;\">\n<div class=\"container\">\n<h1>Sokary Mango \u2013 K\u00fcresel Ticaret i\u00e7in M\u0131s\u0131r Kalitesi<\/h1>\n<p>PEI Trade, M\u0131s\u0131r\u2019\u0131n en pop\u00fcler mango \u00e7e\u015fitlerinden biri olan Sokary Mangolar\u0131n\u0131n g\u00fcvenilir ihracat\u00e7\u0131s\u0131d\u0131r. Alt\u0131n sar\u0131s\u0131 kabu\u011fu, do\u011fal tatl\u0131l\u0131\u011f\u0131 ve dayan\u0131kl\u0131 dokusuyla tan\u0131nan Sokary Mangolar\u0131, uluslararas\u0131 tedarik zincirlerinde y\u00fcksek performans g\u00f6sterir ve d\u00fcnya genelindeki B2B al\u0131c\u0131lar\u0131n y\u00fcksek standartlar\u0131n\u0131 kar\u015f\u0131lar.<\/p>\n<p>Tutarl\u0131l\u0131k, g\u0131da g\u00fcvenli\u011fi ve verimli lojistik konusundaki taahh\u00fcd\u00fcm\u00fcz, her sevkiyat\u0131n distrib\u00fct\u00f6rler, perakendeciler ve end\u00fcstriyel ortaklar\u0131n operasyonel ihtiya\u00e7lar\u0131n\u0131 desteklemesini sa\u011flar.<\/p>\n<\/div>\n<\/section>\n<section class=\"section\" style=\"padding: 50px 20px;\">\n<div class=\"container\">\n<h2>Sokary Mango Neden K\u00fcresel Pazarlar \u0130\u00e7in Uygun?<\/h2>\n<p>Sokary Mangolar\u0131, lezzeti, sa\u011flaml\u0131\u011f\u0131 ve ta\u015f\u0131maya dayan\u0131kl\u0131l\u0131\u011f\u0131 sayesinde uluslararas\u0131 pazarlarda geni\u015f \u00f6l\u00e7\u00fcde tercih edilmektedir. Bu \u00f6zellikler onlar\u0131 ticari al\u0131c\u0131lar i\u00e7in k\u00e2rl\u0131 bir se\u00e7im haline getirir.<\/p>\n<h3>\u00dcr\u00fcn \u00d6zellikleri<\/h3>\n<p>\u0130\u015fletme operasyonlar\u0131n\u0131 desteklemek i\u00e7in PEI Trade, Sokary Mangolar\u0131n\u0131 uluslararas\u0131 standartlara uygun \u015fekilde s\u0131n\u0131fland\u0131r\u0131r ve paketler. Bu da her sevkiyatta tutarl\u0131l\u0131k ve uygunluk sa\u011flar.<\/p>\n<ul>\n<li>Ortalama a\u011f\u0131rl\u0131k: Meyve ba\u015f\u0131na 250 \u2013 400 gram<\/li>\n<li>Minimum kusurlu alt\u0131n-sar\u0131 kabuk<\/li>\n<li>Darbe alma hassasiyeti d\u00fc\u015f\u00fck, sa\u011flam doku<\/li>\n<li>Toptan ve perakende formatlar i\u00e7in boyutuna g\u00f6re s\u0131n\u0131fland\u0131rma ve ay\u0131rma<\/li>\n<li>Sezon: Temmuz \u2013 Eyl\u00fcl, so\u011fuk hava deposu ile uzat\u0131lm\u0131\u015f tedarik<\/li>\n<\/ul>\n<h3>Hasat Sonras\u0131 \u0130\u015fleme ve Bak\u0131m<\/h3>\n<p>\u00dcr\u00fcn\u00fcn b\u00fct\u00fcnl\u00fc\u011f\u00fcn\u00fc tarladan nihai teslimata kadar korumak i\u00e7in s\u0131k\u0131 kalite protokolleri uygular\u0131z. Bu \u00f6nlemler Sokary Mangolar\u0131n\u0131n lezzetini, dokusunu ve g\u00f6r\u00fcn\u00fcm\u00fcn\u00fc k\u00fcresel tedarik zincirleri boyunca muhafaza etmesini sa\u011flar.<\/p>\n<ul>\n<li>Optimum olgunluk a\u015famas\u0131nda elle toplama<\/li>\n<li>\u0130\u00e7 kaliteyi korumak i\u00e7in an\u0131nda so\u011futma<\/li>\n<li>Uluslararas\u0131 kriterlere g\u00f6re s\u0131n\u0131fland\u0131rma ve ay\u0131rma<\/li>\n<li>Raf \u00f6mr\u00fcn\u00fc uzatmak i\u00e7in kontroll\u00fc depolama<\/li>\n<li>G\u0131da g\u00fcvenli\u011fi uygunlu\u011fu i\u00e7in u\u00e7tan uca izlenebilirlik<\/li>\n<\/ul>\n<\/div>\n<\/section>\n<section class=\"section\" style=\"padding: 60px 20px; background-color: #f9f9f9;\">\n<div class=\"container\">\n<h2>Sekt\u00f6re G\u00f6re Ticari Uygulamalar<\/h2>\n<p>Sokary Mangolar\u0131, perakende operasyonlar\u0131ndan end\u00fcstriyel \u00f6l\u00e7ekte i\u015fleme faaliyetlerine kadar bir\u00e7ok kanalda i\u015fletmelere tutarl\u0131 kazan\u00e7 sa\u011flar. Lezzeti, g\u00f6r\u00fcn\u00fcm\u00fc ve dayan\u0131kl\u0131l\u0131\u011f\u0131, onlar\u0131 geni\u015f bir ticari kullan\u0131m yelpazesi i\u00e7in uygun k\u0131lar.<\/p>\n<h3>Perakende ve Toptan<\/h3>\n<p>Alt\u0131n kabu\u011fu, tutarl\u0131 boyutu ve do\u011fal tatl\u0131l\u0131\u011f\u0131, raflarda g\u00fc\u00e7l\u00fc bir \u00e7ekicilik olu\u015fturarak t\u00fcketici talebini art\u0131r\u0131r. Perakendeciler ve toptanc\u0131lar, daha az bozulma, daha h\u0131zl\u0131 stok devri ve tekrar eden sat\u0131\u015flar\u0131 destekleyen g\u00fcvenilir sunum standartlar\u0131ndan faydalan\u0131r.<\/p>\n<h3>G\u0131da \u0130\u015fleme<\/h3>\n<p>Tatl\u0131l\u0131k ve sa\u011flaml\u0131k dengesi ile Sokary Mangolar\u0131, y\u00fcksek hacimli meyve suyu, p\u00fcre, dondurulmu\u015f mango k\u00fcpleri, re\u00e7el ve sos \u00fcretimi i\u00e7in idealdir. Tekd\u00fczelikleri \u00fcretim verimlili\u011fini art\u0131r\u0131r, duraklama s\u00fcresini azalt\u0131r ve hammadde kay\u0131plar\u0131n\u0131 d\u00fc\u015f\u00fcrerek b\u00fcy\u00fck \u00f6l\u00e7ekli \u00fcretimde maliyet etkinli\u011fini destekler.<\/p>\n<h3>Konaklama ve G\u0131da Hizmetleri<\/h3>\n<p>\u015eefler ve g\u0131da hizmeti sa\u011flay\u0131c\u0131lar\u0131, Sokary Mangolar\u0131n\u0131n tazelik, tatl\u0131 tatl\u0131lar, i\u00e7ecekler ve gurme uygulamalar\u0131ndaki \u00e7ok y\u00f6nl\u00fcl\u00fc\u011f\u00fcn\u00fc de\u011ferlidir bulurlar. G\u00fcvenilir lezzeti ve \u00e7ekici g\u00f6r\u00fcn\u00fcm\u00fc, restoranlar, oteller ve catering \u015firketlerinin m\u00fc\u015fterilerine tutarl\u0131 kalite sunarken operasyonel verimlili\u011fi s\u00fcrd\u00fcrmesini sa\u011flar.<\/p>\n<\/div>\n<\/section>\n<section class=\"section\" style=\"padding: 50px 20px;\">\n<div class=\"container\">\n<div class=\"container\">\n<h2>K\u00fcresel Da\u011f\u0131t\u0131m ve Ticari Destek<\/h2>\n<p>PEI Trade, uluslararas\u0131 pazarlar i\u00e7in tasarlanm\u0131\u015f ambalaj ve lojistik sistemleriyle Sokary Mangolar\u0131n\u0131 tedarik eder. Toptan tedarikten perakendeye haz\u0131r formatlara kadar s\u00fcre\u00e7lerimiz, verimli da\u011f\u0131t\u0131m ve d\u00fcnya genelinde s\u00fcrekli bulunabilirli\u011fi destekler.<\/p>\n<h3>\u0130hracat ve Pazar Eri\u015fimi<\/h3>\n<p>Sokary Mango ihracatlar\u0131m\u0131z, premium mango \u00e7e\u015fitlerine olan talebin artt\u0131\u011f\u0131 kilit uluslararas\u0131 pazarlara ula\u015fmaktad\u0131r. PEI Trade, uygunluk ve zaman\u0131nda teslimat\u0131 sa\u011flamak i\u00e7in lojisti\u011fi ba\u015ftan sona y\u00f6netir.<\/p>\n<ul>\n<li>Avrupa Birli\u011fi<\/li>\n<li>BAE, Suudi Arabistan, Katar dahil GCC \u00fclkeleri<\/li>\n<li>Hindistan, Singapur ve \u00c7in dahil Asya pazarlar\u0131<\/li>\n<li>Y\u00fckselen Afrika ticaret merkezleri<\/li>\n<\/ul>\n<p>G\u00fcvenilir planlama, s\u0131cakl\u0131k kontroll\u00fc g\u00f6nderimler ve g\u00fcmr\u00fck belgeleriyle her B2B orta\u011f\u0131m\u0131za \u00f6ng\u00f6r\u00fclebilirlik sa\u011fl\u0131yoruz.<\/p>\n<h3>Ambalaj ve Tedarik Se\u00e7enekleri<\/h3>\n<p>PEI Trade, hem toptan al\u0131c\u0131lar hem de perakende distrib\u00fct\u00f6rler i\u00e7in uygun ambalaj formatlar\u0131 sa\u011flar. Se\u00e7eneklerimiz \u00fcr\u00fcn kalitesini korurken ta\u015f\u0131maya ba\u011fl\u0131 at\u0131klar\u0131 da azalt\u0131r.<\/p>\n<h4>Toptan Ambalaj<\/h4>\n<ul>\n<li>Toptan da\u011f\u0131t\u0131m i\u00e7in paletli kartonlar<\/li>\n<li>Meyve kalitesini koruyan ihracat s\u0131n\u0131f\u0131 ambalaj<\/li>\n<li>Kurum al\u0131c\u0131lar\u0131 i\u00e7in \u00f6zel marka \u00e7\u00f6z\u00fcmleri<\/li>\n<\/ul>\n<h4>Perakende Ambalaj<\/h4>\n<ul>\n<li>S\u00fcpermarket ve ma\u011fazalar i\u00e7in t\u00fcketiciye haz\u0131r paketler<\/li>\n<li>Te\u015fhir ve kolay kullan\u0131m i\u00e7in dayan\u0131kl\u0131 tasar\u0131mlar<\/li>\n<li>Raf sunumunu g\u00fc\u00e7lendiren formatlar<\/li>\n<\/ul>\n<\/div>\n<\/div>\n<\/section>\n<section class=\"section\" style=\"padding: 60px 20px; background-color: #f9f9f9;\">\n<div class=\"container\" style=\"text-align: center;\">\n<h2 style=\"text-align: left;\">PEI Trade ile \u00c7al\u0131\u015f\u0131n<\/h2>\n<p style=\"text-align: left;\">PEI Trade\u2019in Sokary Mangolar\u0131, kalite g\u00fcvencesi, ihracat verimlili\u011fi ve k\u00fcresel eri\u015fim ile desteklenmektedir. \u0130\u015f operasyonlar\u0131n\u0131z\u0131 g\u00fc\u00e7lendirecek g\u00fcvenilir bir tedarik i\u00e7in bizimle i\u015f birli\u011fi yap\u0131n.<\/p>\n<p style=\"text-align: left;\">Yakla\u015f\u0131m\u0131m\u0131z sadece mango tedarik etmekten ibaret de\u011fil \u2013 ticari ortaklara perakende, toptan ve i\u015fleme sekt\u00f6rlerinde rekabet edebilmeleri i\u00e7in gerekli operasyonel istikrar ve esneklik sa\u011fl\u0131yoruz.<\/p>\n<p style=\"text-align: left;\">PEI Trade, tedarik zinciri boyunca tutarl\u0131 de\u011fer sunan Sokary Mangolar\u0131 sa\u011flayarak ortaklar\u0131n\u0131n b\u00fcy\u00fcmesine yard\u0131mc\u0131 olmay\u0131 taahh\u00fct eder.<\/p>\n<p style=\"text-align: center;\">\n<p><a class=\"button primary large\" href=\"\/contact\">Tedarik Detaylar\u0131n\u0131z\u0131 Talep Edin<\/a><\/p>\n<\/div>\n<\/section>\n<section class=\"section\" style=\"padding: 50px 20px;\">\n<div class=\"container\">\n<h2>S\u0131k\u00e7a Sorulan Sorular<\/h2>\n<p>Ticari al\u0131c\u0131lar\u0131m\u0131z\u0131n en s\u0131k sorulan sorular\u0131na yan\u0131tlar.<\/p>\n<h3>Sokary Mango sezonu ne zaman?<\/h3>\n<p>Ana sezon Temmuz \u2013 Eyl\u00fcl aras\u0131d\u0131r, so\u011fuk hava deposu ile tedarik s\u00fcresi uzat\u0131labilir.<\/p>\n<h3>PEI Trade ihracat s\u0131ras\u0131nda kaliteyi nas\u0131l korur?<\/h3>\n<p>Kontroll\u00fc depolama, s\u0131cakl\u0131k y\u00f6netimi ve her a\u015famada s\u0131k\u0131 kalite kontrolleri ile.<\/p>\n<h3>Hangi ambalaj se\u00e7enekleri mevcut?<\/h3>\n<p>Toplu sipari\u015fler i\u00e7in toptan kartonlar ve perakende da\u011f\u0131t\u0131m i\u00e7in t\u00fcketiciye haz\u0131r paketler sunuyoruz.<\/p>\n<h3>Hangi b\u00f6lgelere hizmet veriyorsunuz?<\/h3>\n<p>\u0130hracatlar\u0131m\u0131z AB, GCC, Asya pazarlar\u0131 ve se\u00e7ilmi\u015f Afrika ticaret merkezlerini kapsamaktad\u0131r.<\/p>\n<h3>Tedarik nas\u0131l d\u00fczenlenebilir?<\/h3>\n<p>\u0130htiyac\u0131n\u0131z olan hacimleri, ambalaj formatlar\u0131n\u0131 ve teslimat programlar\u0131n\u0131 g\u00fcvence alt\u0131na almak i\u00e7in do\u011frudan PEI Trade ile ileti\u015fime ge\u00e7in.<\/p>\n<\/div>\n<\/section>\n","protected":false},"excerpt":{"rendered":"<p>Sokary Mango \u2013 K\u00fcresel Ticaret i\u00e7in M\u0131s\u0131r Kalitesi PEI Trade, M\u0131s\u0131r\u2019\u0131n en pop\u00fcler mango \u00e7e\u015fitlerinden biri olan Sokary Mangolar\u0131n\u0131n g\u00fcvenilir ihracat\u00e7\u0131s\u0131d\u0131r. Alt\u0131n sar\u0131s\u0131 kabu\u011fu, do\u011fal tatl\u0131l\u0131\u011f\u0131 ve dayan\u0131kl\u0131 dokusuyla tan\u0131nan Sokary Mangolar\u0131, uluslararas\u0131 tedarik zincirlerinde y\u00fcksek performans g\u00f6sterir ve d\u00fcnya genelindeki B2B al\u0131c\u0131lar\u0131n y\u00fcksek standartlar\u0131n\u0131 kar\u015f\u0131lar. Tutarl\u0131l\u0131k, g\u0131da g\u00fcvenli\u011fi ve verimli lojistik konusundaki taahh\u00fcd\u00fcm\u00fcz, her [&hellip;]<\/p>\n","protected":false},"author":1,"featured_media":0,"parent":0,"menu_order":0,"comment_status":"closed","ping_status":"closed","template":"","meta":{"footnotes":""},"class_list":["post-6889","page","type-page","status-publish","hentry"],"blocksy_meta":[],"mb":[],"featured_image_urls_v2":{"full":"","thumbnail":"","medium":"","medium_large":"","large":"","1536x1536":"","2048x2048":"","woocommerce_archive_thumbnail":"","woocommerce_thumbnail":"","woocommerce_single":"","woocommerce_gallery_thumbnail":""},"post_excerpt_stackable_v2":"<p>Sokary Mango \u2013 K\u00fcresel Ticaret i\u00e7in M\u0131s\u0131r Kalitesi PEI Trade, M\u0131s\u0131r\u2019\u0131n en pop\u00fcler mango \u00e7e\u015fitlerinden biri olan Sokary Mangolar\u0131n\u0131n g\u00fcvenilir ihracat\u00e7\u0131s\u0131d\u0131r. Alt\u0131n sar\u0131s\u0131 kabu\u011fu, do\u011fal tatl\u0131l\u0131\u011f\u0131 ve dayan\u0131kl\u0131 dokusuyla tan\u0131nan Sokary Mangolar\u0131, uluslararas\u0131 tedarik zincirlerinde y\u00fcksek performans g\u00f6sterir ve d\u00fcnya genelindeki B2B al\u0131c\u0131lar\u0131n y\u00fcksek standartlar\u0131n\u0131 kar\u015f\u0131lar. Tutarl\u0131l\u0131k, g\u0131da g\u00fcvenli\u011fi ve verimli lojistik konusundaki taahh\u00fcd\u00fcm\u00fcz, her sevkiyat\u0131n distrib\u00fct\u00f6rler, perakendeciler ve end\u00fcstriyel ortaklar\u0131n operasyonel ihtiya\u00e7lar\u0131n\u0131 desteklemesini sa\u011flar. Sokary Mango Neden K\u00fcresel Pazarlar \u0130\u00e7in Uygun? Sokary Mangolar\u0131, lezzeti, sa\u011flaml\u0131\u011f\u0131 ve ta\u015f\u0131maya dayan\u0131kl\u0131l\u0131\u011f\u0131 sayesinde uluslararas\u0131 pazarlarda geni\u015f \u00f6l\u00e7\u00fcde tercih edilmektedir. Bu \u00f6zellikler onlar\u0131 ticari al\u0131c\u0131lar i\u00e7in k\u00e2rl\u0131 bir se\u00e7im haline getirir. \u00dcr\u00fcn \u00d6zellikleri \u0130\u015fletme&hellip;<\/p>\n","category_list_v2":"","author_info_v2":{"name":"Mostafa Sabry","url":"https:\/\/peitrade.com\/tr\/author\/emostafaadel_jn8gcqbo\/"},"comments_num_v2":"0 comments","mfb_rest_fields":["title","blocksy_meta","featured_image_urls_v2","post_excerpt_stackable_v2","category_list_v2","author_info_v2","comments_num_v2"],"_links":{"self":[{"href":"https:\/\/peitrade.com\/tr\/wp-json\/wp\/v2\/pages\/6889","targetHints":{"allow":["GET"]}}],"collection":[{"href":"https:\/\/peitrade.com\/tr\/wp-json\/wp\/v2\/pages"}],"about":[{"href":"https:\/\/peitrade.com\/tr\/wp-json\/wp\/v2\/types\/page"}],"author":[{"embeddable":true,"href":"https:\/\/peitrade.com\/tr\/wp-json\/wp\/v2\/users\/1"}],"replies":[{"embeddable":true,"href":"https:\/\/peitrade.com\/tr\/wp-json\/wp\/v2\/comments?post=6889"}],"version-history":[{"count":1,"href":"https:\/\/peitrade.com\/tr\/wp-json\/wp\/v2\/pages\/6889\/revisions"}],"predecessor-version":[{"id":6890,"href":"https:\/\/peitrade.com\/tr\/wp-json\/wp\/v2\/pages\/6889\/revisions\/6890"}],"wp:attachment":[{"href":"https:\/\/peitrade.com\/tr\/wp-json\/wp\/v2\/media?parent=6889"}],"curies":[{"name":"wp","href":"https:\/\/api.w.org\/{rel}","templated":true}]}}