{"id":6980,"date":"2025-09-08T12:05:14","date_gmt":"2025-09-08T12:05:14","guid":{"rendered":"http:\/\/46.224.74.15\/pei-trade-freemont-mandalina\/"},"modified":"2025-11-19T17:00:11","modified_gmt":"2025-11-19T17:00:11","slug":"pei-trade-freemont-mandalina","status":"publish","type":"page","link":"https:\/\/peitrade.com\/tr\/pei-trade-freemont-mandalina\/","title":{"rendered":"PEI Trade \u2013 M\u0131s\u0131r\u2019dan D\u00fcnya \u00c7ap\u0131nda Premium Freemont Mandalina Tedariki"},"content":{"rendered":"<p>PEI Trade \u2013 M\u0131s\u0131r\u2019dan D\u00fcnya \u00c7ap\u0131nda Premium Freemont Mandalina Tedariki<br \/>\nMeta Title:<br \/>\nFreemont Mandalina Tedarik\u00e7isi | PEI Trade<br \/>\nMeta Description:<br \/>\nPEI Trade, d\u00fcnya \u00e7ap\u0131nda premium Freemont Mandalina ihra\u00e7 etmektedir. Taze, besleyici ve lezzet dolu mandalinalar, M\u0131s\u0131r\u2019\u0131n \u00f6nde gelen narenciye \u00e7iftliklerinden temin edilmektedir.<br \/>\nFocus Keyword:<br \/>\nFreemont Mandalinalar<br \/>\nPermalink:<br \/>\npei-trade-freemont-mandalinalar<\/p>\n<section class=\"section\" style=\"padding: 65px 20px; background-color: #f9f9f9;\">\n<div class=\"container\">\n<h1>Freemont Mandalinalar: M\u0131s\u0131r\u2019dan Premium Narenciye<\/h1>\n<p>PEI Trade olarak, M\u0131s\u0131r\u2019\u0131n verimli vadilerinde yeti\u015ftirilen en de\u011ferli narenciye \u00e7e\u015fitlerinden biri olan Freemont mandalinalar\u0131n\u0131n tedarikinde uzman\u0131z. Canl\u0131 renkleri, do\u011fal tatl\u0131l\u0131klar\u0131 ve uzun raf \u00f6m\u00fcrleri ile bilinen bu mandalinalar, uluslararas\u0131 perakendeciler ve distrib\u00fct\u00f6rler i\u00e7in ideal bir se\u00e7enektir. Her sevkiyat\u0131m\u0131zda tazelik, tutarl\u0131 kalite ve profesyonel hizmeti bir araya getirerek d\u00fcnya \u00e7ap\u0131ndaki pazarlardaki ihtiya\u00e7lar\u0131 kar\u015f\u0131l\u0131yoruz.<\/p>\n<\/div>\n<\/section>\n<section class=\"section\">\n<div class=\"container\">\n<h2>Freemont Mandalinalar\u0131n Pazar Talebini Art\u0131ran \u00d6zellikleri<\/h2>\n<p>Freemont mandalinalar, yaln\u0131zca t\u00fcketicilerin favorisi olmakla kalmaz, ayn\u0131 zamanda uluslararas\u0131 al\u0131c\u0131lar i\u00e7in stratejik bir \u00fcr\u00fcnd\u00fcr. Lezzet, kalite ve ticari de\u011fer dengesi, perakendeciler, toptanc\u0131lar ve distrib\u00fct\u00f6rler i\u00e7in g\u00fcvenilir hacim ve istikrarl\u0131 performans sunan g\u00fc\u00e7l\u00fc bir narenciye se\u00e7ene\u011fi haline getirir.<\/p>\n<h3>Pazarlar Aras\u0131nda G\u00fc\u00e7l\u00fc T\u00fcketici Tercihi<\/h3>\n<p>Freemont mandalinalar\u0131n do\u011fal tatl\u0131l\u0131\u011f\u0131, sulu dokusu ve kolay soyulan segmentleri, b\u00f6lgeler genelinde tekrar eden talep olu\u015fturur. Kan\u0131tlanm\u0131\u015f \u00e7ekicilikleri, hem taze meyve perakendecileri hem de toptan distrib\u00fct\u00f6rler i\u00e7in g\u00fcvenilir sat\u0131\u015f sa\u011flar.<\/p>\n<h3>Raf Sunumunda ve Dayan\u0131kl\u0131l\u0131kta Tutarl\u0131l\u0131k<\/h3>\n<p>Uniform boyutlar\u0131, canl\u0131 turuncu renkleri ve sert kabuklar\u0131, Freemont mandalinalar\u0131na \u00e7ekici bir perakende sunumu kazand\u0131r\u0131r. Dayan\u0131kl\u0131l\u0131klar\u0131 ve uzun raf \u00f6mr\u00fc, ithalat\u00e7\u0131lar\u0131n hasat sonras\u0131 kay\u0131plar\u0131 minimize etmelerine ve uzun nakliye yollar\u0131nda karl\u0131l\u0131\u011f\u0131 korumalar\u0131na yard\u0131mc\u0131 olur.<\/p>\n<h3>M\u0131s\u0131r\u2019dan G\u00fcvenilir Tedarik Hacimleri<\/h3>\n<p>M\u0131s\u0131r\u2019\u0131n iklimi ve yeti\u015ftirme y\u00f6ntemleri, Freemont mandalinalar\u0131n b\u00fcy\u00fck \u00f6l\u00e7ekli \u00fcretimini m\u00fcmk\u00fcn k\u0131lar ve yo\u011fun sezonlarda y\u00fcksek hacimlerde bulunabilirli\u011fini garanti eder. Bu, istikrarl\u0131 ve b\u00fcy\u00fck kapasiteli sevkiyatlar gerektiren uluslararas\u0131 al\u0131c\u0131lar i\u00e7in g\u00fcvenli bir se\u00e7imdir.<\/p>\n<h3>Da\u011f\u0131t\u0131m Kanallar\u0131nda Esneklik<\/h3>\n<p>Freemont mandalinalar\u0131n \u00e7ok y\u00f6nl\u00fcl\u00fc\u011f\u00fc, s\u00fcpermarketler, toptan pazarlar, yiyecek hizmetleri ve meyve suyu \u00fcretimi gibi bir\u00e7ok pazar segmentine uyum sa\u011flar. Bu uyumluluk, ithalat\u00e7\u0131lar i\u00e7in sat\u0131\u015f f\u0131rsatlar\u0131n\u0131 art\u0131r\u0131r.<\/p>\n<\/div>\n<h2>M\u0131s\u0131r: Freemont Mandalina i\u00e7in \u00d6nde Gelen Kaynak<\/h2>\n<p>M\u0131s\u0131r, iklimi, verimli topraklar\u0131 ve uzun meyve yeti\u015ftiricili\u011fi gelene\u011fi sayesinde y\u00fcksek kaliteli narenciye i\u00e7in g\u00fcvenilir bir kaynak olarak d\u00fcnya \u00e7ap\u0131nda tan\u0131nmaktad\u0131r. PEI Trade, bu avantajlar\u0131 kullanarak d\u00fcnya pazarlar\u0131na \u00fcst\u00fcn mandalinalar sunmaktad\u0131r.<\/p>\n<h3>Narenciye Yeti\u015ftiricili\u011fi i\u00e7in \u0130deal \u0130klim<\/h3>\n<p>S\u0131cak g\u00fcnler, serin geceler ve zengin toprak kombinasyonu, lezzetli ve besleyici mandalinalar \u00fcretmek i\u00e7in m\u00fckemmel bir ortam yarat\u0131r.<\/p>\n<h3>S\u00fcrd\u00fcr\u00fclebilir ve Sorumlu Tar\u0131m Uygulamalar\u0131<\/h3>\n<p>Ortak \u00e7iftliklerimiz, toprak sa\u011fl\u0131\u011f\u0131n\u0131 ve meyve kalitesini uzun vadede korumak i\u00e7in \u00e7evreye duyarl\u0131 y\u00f6ntemler kullan\u0131r. Bu ba\u011fl\u0131l\u0131k, uluslararas\u0131 ithalat\u00e7\u0131lar\u0131n beklentilerini kar\u015f\u0131layan mandalinalar\u0131n temin edilmesini sa\u011flar.<\/p>\n<h3>K\u00fcresel Pazarda Rekabet Avantaj\u0131<\/h3>\n<p>Rekabet\u00e7i fiyatlar ve g\u00fcvenilir sezonluk tedarik ile M\u0131s\u0131r mandalinalar\u0131 di\u011fer men\u015felere kar\u015f\u0131 \u00f6ne \u00e7\u0131kar ve toptan al\u0131c\u0131lar i\u00e7in tercih edilen bir se\u00e7enek olur.<\/p>\n<\/section>\n<section class=\"section\" style=\"padding: 65px 20px; background-color: #f9f9f9;\">\n<h2>Freemont Mandalinalar\u0131n Mevsimsel Mevcudiyeti<\/h2>\n<p><span style=\"font-weight: 400;\">Mevsimsellik, narenciye ihracat\u0131nda hayati \u00f6neme sahiptir ve PEI Trade, yo\u011fun aylar boyunca g\u00fcvenilir tedarik sa\u011flar.<\/span><\/p>\n<table style=\"height: 381px;\" width=\"1329\">\n<tbody>\n<tr>\n<td style=\"text-align: center;\"><strong>\u00d6zellik<\/strong><\/td>\n<td style=\"text-align: center;\"><strong>Detaylar<\/strong><\/td>\n<\/tr>\n<tr>\n<td><strong>Hasat Zaman\u0131<\/strong><\/td>\n<td><span style=\"font-weight: 400;\">Freemont mandalinalar, M\u0131s\u0131r\u2019da Kas\u0131m\u2019dan Mart\u2019a kadar hasat edilir, Avrupa, Asya ve Orta Do\u011fu\u2019daki y\u00fcksek talep d\u00f6nemlerinde mevcudiyeti garanti eder.<\/span><\/td>\n<\/tr>\n<tr>\n<td><strong>\u0130stikrarl\u0131 \u0130hracat Tedariki<\/strong><\/td>\n<td><span style=\"font-weight: 400;\">PEI Trade, hasat sezonu boyunca tutarl\u0131 hacimler sa\u011flar ve ortaklar\u0131na taze mandalinalara g\u00fcvenilir eri\u015fim sunar.<\/span><\/td>\n<\/tr>\n<tr>\n<td><strong>K\u00fcresel Talep<\/strong><\/td>\n<td><span style=\"font-weight: 400;\">Hasat sezonu, uluslararas\u0131 pazar talebi ile uyumludur; bu nedenle M\u0131s\u0131r Freemont mandalinalar\u0131, istikrarl\u0131 tedarik zincirleri arayan ithalat\u00e7\u0131lar i\u00e7in tercih edilen bir se\u00e7enektir.<\/span><\/td>\n<\/tr>\n<\/tbody>\n<\/table>\n<\/section>\n<section class=\"section\">\n<h2>Kalite ve G\u00fcvenlik Taahh\u00fcd\u00fcm\u00fcz<\/h2>\n<p>PEI Trade, uluslararas\u0131 ticarette tutarl\u0131 kalitenin kritik oldu\u011funu bilir. Bu nedenle, Freemont mandalinalar\u0131m\u0131z hasattan sevkiyata kadar s\u0131k\u0131 kalite kontrol\u00fcnden ge\u00e7er.<\/p>\n<ul>\n<li><strong>Uluslararas\u0131 Sertifikalar ve Standartlar:<\/strong> T\u00fcm \u00fcr\u00fcnlerimiz, ithalat\u00e7\u0131 \u00fclkelerin d\u00fczenlemeleriyle uyumlu uluslararas\u0131 g\u0131da g\u00fcvenli\u011fi sertifikalar\u0131na uygundur.<\/li>\n<li><strong>\u00d6zenli S\u0131n\u0131fland\u0131rma ve Derecelendirme:<\/strong> Her parti mandalina, boyut, renk ve olgunluk a\u00e7\u0131s\u0131ndan s\u0131n\u0131fland\u0131r\u0131l\u0131r ve perakende ile toptan gereksinimlerini kar\u015f\u0131layan tutarl\u0131 kalite sa\u011flan\u0131r.<\/li>\n<li><strong>Modern Paketleme Tesisleri:<\/strong> Son teknoloji paketleme tesislerimiz, s\u00fcrecin her a\u015famas\u0131nda hijyen, tazelik ve kalite g\u00fcvence sa\u011flar.<\/li>\n<\/ul>\n<h3 class=\"container\">Paketleme ve \u0130hracat \u00c7\u00f6z\u00fcmleri<\/h3>\n<p>PEI Trade, Freemont mandalinalar i\u00e7in taze kalmalar\u0131n\u0131 sa\u011flayacak ve farkl\u0131 pazar gereksinimlerini kar\u015f\u0131layacak \u00e7e\u015fitli paketleme se\u00e7enekleri sunar.<\/p>\n<ul>\n<li><strong>\u0130hracata Haz\u0131r Standart Paketleme:<\/strong> Dayan\u0131kl\u0131 karton kutular sunuyoruz; tazeli\u011fi korur ve uzun mesafeli nakliyelerde hasara kar\u015f\u0131 dayan\u0131kl\u0131d\u0131r.<\/li>\n<li><strong>\u00d6zel Marka Se\u00e7enekleri:<\/strong> Yerel pazarlarda varl\u0131\u011f\u0131n\u0131 g\u00fc\u00e7lendirmek isteyen m\u00fc\u015fteriler i\u00e7in, i\u015f ihtiya\u00e7lar\u0131n\u0131za uygun markal\u0131 paketleme \u00e7\u00f6z\u00fcmleri sunuyoruz.<\/li>\n<li><strong>So\u011fuk Zincir Lojisti\u011fi:<\/strong> Paketleme merkezlerinden var\u0131\u015f limanlar\u0131na kadar, nakliye boyunca meyve kalitesini koruyan s\u0131cakl\u0131k kontroll\u00fc ko\u015fullar sa\u011fl\u0131yoruz.<\/li>\n<\/ul>\n<\/section>\n<section class=\"section\">\n<h2>Freemont Mandalina \u0130\u00e7in PEI Trade ile Ortakl\u0131k Kurman\u0131n Avantajlar\u0131<\/h2>\n<p>PEI Trade\u2019i se\u00e7mek, tutarl\u0131l\u0131\u011f\u0131, profesyonelli\u011fi ve m\u00fc\u015fteri memnuniyetini \u00f6nemseyen bir ortak se\u00e7mek demektir. Ekibimiz, her a\u015famada g\u00fcvenilir hizmet ile premium Freemont mandalinalar sunmaya kendini adam\u0131\u015ft\u0131r.<\/p>\n<h3>K\u00fcresel \u0130hracatta Kan\u0131tlanm\u0131\u015f Deneyim<\/h3>\n<p>Uluslararas\u0131 lojistik ve pazar gereksinimlerindeki uzmanl\u0131\u011f\u0131m\u0131z, farkl\u0131 b\u00f6lgelerdeki ithalat\u00e7\u0131lara etkin ve g\u00fcvenilir hizmet sunmam\u0131za imkan verir.<\/p>\n<h3>Uzun Vadeli Ortakl\u0131k Taahh\u00fcd\u00fc<\/h3>\n<p>G\u00fcven, g\u00fcvenilirlik ve kar\u015f\u0131l\u0131kl\u0131 ba\u015far\u0131ya dayal\u0131 ili\u015fkiler kurmaya inan\u0131yoruz; PEI Trade, uzun vadeli g\u00fcvenilir bir tedarik\u00e7idir.<\/p>\n<h3>Rekabet\u00e7i Fiyatlar ve Esnek Hacimler<\/h3>\n<p>K\u00fc\u00e7\u00fck ithalat\u00e7\u0131lardan b\u00fcy\u00fck toptanc\u0131lara kadar, kalite veya teslim s\u00fcresinden \u00f6d\u00fcn vermeden farkl\u0131 sipari\u015f b\u00fcy\u00fckl\u00fcklerine uyum sa\u011fl\u0131yoruz.<\/p>\n<\/section>\n<section class=\"section\" style=\"padding: 65px 20px; background-color: #f9f9f9;\">\n<div class=\"container\">\n<h2>Freemont Mandalina Tedariki i\u00e7in PEI Trade ile \u0130leti\u015fime Ge\u00e7in<\/h2>\n<p>M\u0131s\u0131r\u2019dan premium Freemont mandalinalar\u0131n\u0131 g\u00fcvenilir bir \u015fekilde temin etmek istiyorsan\u0131z, PEI Trade ihtiya\u00e7lar\u0131n\u0131z\u0131 kar\u015f\u0131lamaya haz\u0131rd\u0131r. \u0130hracat ekibimiz, tedarik takvimleri, paketleme tercihleri ve i\u015f ihtiya\u00e7lar\u0131n\u0131za uygun nakliye d\u00fczenlemeleri hakk\u0131nda g\u00f6r\u00fc\u015fmeye haz\u0131rd\u0131r. Bug\u00fcn ileti\u015fime ge\u00e7in ve PEI Trade ile M\u0131s\u0131r Freemont mandalinalar\u0131n\u0131z\u0131 g\u00fcvence alt\u0131na al\u0131n.<\/p>\n<p style=\"text-align: center;\"><a href=\"https:\/\/peitrade.com\/tr\/contact-us\/\">\u015eimdi \u0130leti\u015fime Ge\u00e7in<\/a><\/p>\n<\/div>\n<\/section>\n<section class=\"section\">\n<div class=\"container\">\n<h2>S\u0131k\u00e7a Sorulan Sorular<\/h2>\n<h3>Freemont Mandalinalar nedir?<\/h3>\n<p>Freemont mandalinalar, tatl\u0131 lezzeti, canl\u0131 turuncu rengi ve kolay soyulan kabuklar\u0131 ile bilinen bir narenciye \u00e7e\u015fididir. Lezzeti ve uzun raf \u00f6mr\u00fc nedeniyle uluslararas\u0131 meyve pazarlar\u0131nda pop\u00fcler bir se\u00e7enektir.<\/p>\n<h3>Freemont Mandalinalar ne zaman ihra\u00e7 edilebilir?<\/h3>\n<p>M\u0131s\u0131r\u2019daki Freemont mandalina hasat sezonu Kas\u0131m\u2019dan Mart\u2019a kadar s\u00fcrer; b\u00f6ylece uluslararas\u0131 talebin yo\u011fun oldu\u011fu d\u00f6nemde g\u00fcvenilir tedarik sa\u011flan\u0131r.<\/p>\n<h3>Hangi paketleme se\u00e7enekleri mevcuttur?<\/h3>\n<p>Standart ihracat kartonlar\u0131 ve markal\u0131 veya pazara \u00f6zel paketleme \u00e7\u00f6z\u00fcmleri sunuyoruz. T\u00fcm paketlemeler, nakliye s\u0131ras\u0131nda meyvenin kalitesini korumak i\u00e7in tasarlanm\u0131\u015ft\u0131r.<\/p>\n<h3>PEI Trade, nakliye s\u0131ras\u0131nda meyve kalitesini nas\u0131l garanti eder?<\/h3>\n<p>So\u011fuk zincir lojisti\u011fi, s\u0131k\u0131 s\u0131n\u0131fland\u0131rma ve dayan\u0131kl\u0131 paketleme ile mandalinalar\u0131n taze ve m\u00fckemmel durumda ula\u015fmas\u0131n\u0131 sa\u011fl\u0131yoruz.<\/p>\n<h3>PEI Trade Freemont Mandalinalar\u0131n\u0131 hangi b\u00f6lgelere ihra\u00e7 eder?<\/h3>\n<p>Avrupa, Asya, Afrika ve Orta Do\u011fu\u2019daki yerle\u015fik ticaret a\u011flar\u0131m\u0131zla d\u00fcnya \u00e7ap\u0131nda sevkiyat yap\u0131yoruz. Lojistik uzmanl\u0131\u011f\u0131m\u0131z, uluslararas\u0131 limanlara sorunsuz teslimat\u0131 garanti eder.<\/p>\n<h3>PEI Trade hem b\u00fcy\u00fck hem k\u00fc\u00e7\u00fck sipari\u015f hacimlerini kar\u015f\u0131layabilir mi?<\/h3>\n<p>Evet. B\u00fcy\u00fck toptanc\u0131lardan orta \u00f6l\u00e7ekli ithalat\u00e7\u0131lara kadar geni\u015f bir m\u00fc\u015fteri yelpazesi ile \u00e7al\u0131\u015f\u0131yoruz; esnek tedarik hacimleri sunuyoruz ve kaliteyi riske atm\u0131yoruz.<\/p>\n<\/div>\n<\/section>\n","protected":false},"excerpt":{"rendered":"<p>PEI Trade \u2013 M\u0131s\u0131r\u2019dan D\u00fcnya \u00c7ap\u0131nda Premium Freemont Mandalina Tedariki Meta Title: Freemont Mandalina Tedarik\u00e7isi | PEI Trade Meta Description: PEI Trade, d\u00fcnya \u00e7ap\u0131nda premium Freemont Mandalina ihra\u00e7 etmektedir. Taze, besleyici ve lezzet dolu mandalinalar, M\u0131s\u0131r\u2019\u0131n \u00f6nde gelen narenciye \u00e7iftliklerinden temin edilmektedir. Focus Keyword: Freemont Mandalinalar Permalink: pei-trade-freemont-mandalinalar Freemont Mandalinalar: M\u0131s\u0131r\u2019dan Premium Narenciye PEI Trade [&hellip;]<\/p>\n","protected":false},"author":1,"featured_media":0,"parent":0,"menu_order":0,"comment_status":"closed","ping_status":"closed","template":"","meta":{"footnotes":""},"class_list":["post-6980","page","type-page","status-publish","hentry"],"blocksy_meta":[],"mb":[],"featured_image_urls_v2":{"full":"","thumbnail":"","medium":"","medium_large":"","large":"","1536x1536":"","2048x2048":"","woocommerce_archive_thumbnail":"","woocommerce_thumbnail":"","woocommerce_single":"","woocommerce_gallery_thumbnail":""},"post_excerpt_stackable_v2":"<p>PEI Trade \u2013 M\u0131s\u0131r\u2019dan D\u00fcnya \u00c7ap\u0131nda Premium Freemont Mandalina Tedariki Meta Title: Freemont Mandalina Tedarik\u00e7isi | PEI Trade Meta Description: PEI Trade, d\u00fcnya \u00e7ap\u0131nda premium Freemont Mandalina ihra\u00e7 etmektedir. Taze, besleyici ve lezzet dolu mandalinalar, M\u0131s\u0131r\u2019\u0131n \u00f6nde gelen narenciye \u00e7iftliklerinden temin edilmektedir. Focus Keyword: Freemont Mandalinalar Permalink: pei-trade-freemont-mandalinalar Freemont Mandalinalar: M\u0131s\u0131r\u2019dan Premium Narenciye PEI Trade olarak, M\u0131s\u0131r\u2019\u0131n verimli vadilerinde yeti\u015ftirilen en de\u011ferli narenciye \u00e7e\u015fitlerinden biri olan Freemont mandalinalar\u0131n\u0131n tedarikinde uzman\u0131z. Canl\u0131 renkleri, do\u011fal tatl\u0131l\u0131klar\u0131 ve uzun raf \u00f6m\u00fcrleri ile bilinen bu mandalinalar, uluslararas\u0131 perakendeciler ve distrib\u00fct\u00f6rler i\u00e7in ideal bir se\u00e7enektir. Her sevkiyat\u0131m\u0131zda tazelik, tutarl\u0131 kalite ve profesyonel hizmeti bir araya&hellip;<\/p>\n","category_list_v2":"","author_info_v2":{"name":"Mostafa Sabry","url":"https:\/\/peitrade.com\/tr\/author\/emostafaadel_jn8gcqbo\/"},"comments_num_v2":"0 comments","mfb_rest_fields":["title","blocksy_meta","featured_image_urls_v2","post_excerpt_stackable_v2","category_list_v2","author_info_v2","comments_num_v2"],"_links":{"self":[{"href":"https:\/\/peitrade.com\/tr\/wp-json\/wp\/v2\/pages\/6980","targetHints":{"allow":["GET"]}}],"collection":[{"href":"https:\/\/peitrade.com\/tr\/wp-json\/wp\/v2\/pages"}],"about":[{"href":"https:\/\/peitrade.com\/tr\/wp-json\/wp\/v2\/types\/page"}],"author":[{"embeddable":true,"href":"https:\/\/peitrade.com\/tr\/wp-json\/wp\/v2\/users\/1"}],"replies":[{"embeddable":true,"href":"https:\/\/peitrade.com\/tr\/wp-json\/wp\/v2\/comments?post=6980"}],"version-history":[{"count":1,"href":"https:\/\/peitrade.com\/tr\/wp-json\/wp\/v2\/pages\/6980\/revisions"}],"predecessor-version":[{"id":6981,"href":"https:\/\/peitrade.com\/tr\/wp-json\/wp\/v2\/pages\/6980\/revisions\/6981"}],"wp:attachment":[{"href":"https:\/\/peitrade.com\/tr\/wp-json\/wp\/v2\/media?parent=6980"}],"curies":[{"name":"wp","href":"https:\/\/api.w.org\/{rel}","templated":true}]}}