{"id":6990,"date":"2025-09-09T06:21:15","date_gmt":"2025-09-09T06:21:15","guid":{"rendered":"http:\/\/46.224.74.15\/kinnow-mandalina-misir-tedarik\/"},"modified":"2025-11-19T17:00:12","modified_gmt":"2025-11-19T17:00:12","slug":"kinnow-mandalina-misir-tedarik","status":"publish","type":"page","link":"https:\/\/peitrade.com\/tr\/kinnow-mandalina-misir-tedarik\/","title":{"rendered":"M\u0131s\u0131r\u2019dan Kinnow Mandalinalar\u0131 | K\u00fcresel \u0130\u015fletmeler i\u00e7in G\u00fcvenilir Tedarik"},"content":{"rendered":"<section class=\"section\" style=\"padding: 65px 20px; background-color: #f9f9f9;\">\n<div class=\"container\">\n<h1>Kinnow Mandalinalar\u0131 \u2013 K\u00fcresel Pazarlar i\u00e7in M\u0131s\u0131r\u2019dan Premium Narenciye<\/h1>\n<p>PEI Trade olarak, d\u00fcnyan\u0131n d\u00f6rt bir yan\u0131ndaki i\u015f ortaklar\u0131m\u0131za y\u00fcksek kaliteli Kinnow Mandalinalar\u0131 sa\u011flamada uzman\u0131z. M\u0131s\u0131r\u2019da ideal ko\u015fullarda yeti\u015ftirilen mandalinalar\u0131m\u0131z, canl\u0131 renkleri, ola\u011fan\u00fcst\u00fc tatlar\u0131 ve tutarl\u0131 kalite standartlar\u0131 ile de\u011fer g\u00f6rmektedir.<br \/>\nS\u00fcrd\u00fcr\u00fclebilir tar\u0131m, titiz kalite kontrol ve verimli bir k\u00fcresel tedarik zincirini birle\u015ftirerek, i\u015fletmelerin uluslararas\u0131 standartlara uygun g\u00fcvenilir sevkiyatlar almas\u0131n\u0131 sa\u011fl\u0131yoruz.<\/p>\n<\/div>\n<\/section>\n<section class=\"section\">\n<div class=\"container\">\n<h2>PEI Trade\u2019i Kinnow Mandalina Tedarik\u00e7iniz Olarak Neden Tercih Etmelisiniz?<\/h2>\n<p>G\u00fcvenilir bir tedarik\u00e7i ile \u00e7al\u0131\u015fmak, i\u015fletmenizin s\u00fcrekli kalite ve g\u00fcvenilir teslimat almas\u0131n\u0131 sa\u011flar. PEI Trade\u2019in deneyimi, kalite kontrol\u00fc ve esnek \u00e7\u00f6z\u00fcmleri, M\u0131s\u0131r\u2019dan Kinnow Mandalina tedarik eden \u015firketler i\u00e7in bizi tercih edilen se\u00e7enek haline getirir.<\/p>\n<h3>K\u00fcresel Tedarikte Kan\u0131tlanm\u0131\u015f Deneyim<\/h3>\n<p>PEI Trade, d\u00fcnya \u00e7ap\u0131nda taze \u00fcr\u00fcn ihracat\u0131nda geni\u015f deneyime sahiptir. Lojistik a\u011f\u0131m\u0131z, Kinnow Mandalinalar\u0131n\u0131n tazeli\u011fini ve kalitesini koruyacak \u015fekilde tasarlanm\u0131\u015ft\u0131r ve uluslararas\u0131 pazarlara optimum ko\u015fullarda ula\u015fmas\u0131n\u0131 sa\u011flar.<\/p>\n<h3>Y\u0131l Boyunca G\u00fcvenilir Mevcudiyet<\/h3>\n<p>M\u0131s\u0131r\u2019\u0131n elveri\u015fli iklimi, Kinnow Mandalinalar\u0131n\u0131n s\u00fcrekli \u00fcretimini m\u00fcmk\u00fcn k\u0131lar. Hasatlar\u0131m\u0131z\u0131 dikkatli bir \u015fekilde planlayarak, sezonluk ve s\u00fcrekli i\u015f taleplerini kar\u015f\u0131lamak i\u00e7in istikrarl\u0131 bir tedarik sa\u011fl\u0131yoruz.<\/p>\n<h3>Uluslararas\u0131 Standartlara Ba\u011fl\u0131l\u0131k<\/h3>\n<p>T\u00fcm Kinnow Mandalinalar\u0131, uluslararas\u0131 g\u0131da g\u00fcvenli\u011fi standartlar\u0131na uygunluk i\u00e7in titiz kalite denetimlerinden ge\u00e7er. Hijyen, pestisit kal\u0131nt\u0131lar\u0131 ve kalite g\u00fcvence sertifikalar\u0131, her sevkiyatta ortaklar\u0131m\u0131za g\u00fcven sa\u011flar.<\/p>\n<h3>Esnek Ticari \u00c7\u00f6z\u00fcmler<\/h3>\n<p>Ortaklar\u0131m\u0131z\u0131n \u00f6zel ihtiya\u00e7lar\u0131n\u0131 kar\u015f\u0131lamak i\u00e7in esnek sipari\u015f hacimleri ve \u00f6zelle\u015ftirilmi\u015f ambalaj se\u00e7enekleri sunuyoruz. \u0130ster test ama\u00e7l\u0131 k\u00fc\u00e7\u00fck partiler, ister b\u00fcy\u00fck \u00f6l\u00e7ekli ticari sipari\u015fler olsun, PEI Trade koordinasyon ve zaman\u0131nda teslimat sa\u011flar.<\/p>\n<\/div>\n<\/section>\n<section class=\"section\">\n<div class=\"container\">\n<h2>\u00dcr\u00fcn Profili \u2013 Kinnow Mandalinalar\u0131<\/h2>\n<p>\u00dcr\u00fcn\u00fc anlamak, ticari kararlar i\u00e7in kritik \u00f6neme sahiptir. PEI Trade\u2019in Kinnow Mandalinalar\u0131, uluslararas\u0131 pazarlar\u0131n taleplerini kar\u015f\u0131lamak i\u00e7in tat, g\u00f6r\u00fcn\u00fcm ve \u00e7ok y\u00f6nl\u00fcl\u00fc\u011f\u00fc bir araya getirir.<\/p>\n<h3>Tat, G\u00f6r\u00fcn\u00fcm ve Kalite<\/h3>\n<p>Kinnow Mandalinalar\u0131 parlak turuncu kabuklar\u0131, kolay soyulabilen dilimleri ve tatl\u0131, sulu lezzetleriyle \u00fcnl\u00fcd\u00fcr. Bu \u00f6zellikler, premium narenciye arayan toptanc\u0131lar, perakendeciler ve i\u015fleyiciler i\u00e7in son derece caziptir.<\/p>\n<h3>Ticari Uygulamalara Uygun \u00c7ok Y\u00f6nl\u00fcl\u00fck<\/h3>\n<p>PEI Trade\u2019in Kinnow Mandalinalar\u0131, a\u015fa\u011f\u0131daki i\u015f ama\u00e7lar\u0131 i\u00e7in uygundur:<\/p>\n<ul>\n<li>Perakende da\u011f\u0131t\u0131m ve paketleme<\/li>\n<li>Meyve suyu ve i\u00e7ecek \u00fcretimi<\/li>\n<li>G\u0131da hizmetleri ve mutfak \u00fcr\u00fcnleri i\u00e7in hammadde tedariki<\/li>\n<li>\u0130hracat pazar\u0131 i\u00e7in i\u015flenmi\u015f narenciye \u00fcr\u00fcnleri<\/li>\n<\/ul>\n<\/div>\n<\/section>\n<section class=\"section\" style=\"padding: 65px 20px; background-color: #f9f9f9;\">\n<h2>Tedarik Zinciri ve Lojistik M\u00fckemmelli\u011fi<\/h2>\n<p>Verimli lojistik ve g\u00fcvenilir tedarik zincirleri, k\u00fcresel taze \u00fcr\u00fcn ticaretinde kritik \u00f6neme sahiptir. PEI Trade, Kinnow Mandalinalar\u0131n\u0131n m\u00fc\u015fterilere g\u00fcvenli ve zaman\u0131nda ula\u015fmas\u0131n\u0131 sa\u011flar, operasyonlar\u0131n sorunsuz i\u015flemesine ve s\u00fcrekli mevcudiyetine destek olur.<\/p>\n<ul>\n<li><strong>Dikkatli Ta\u015f\u0131ma:<\/strong> Tazeli\u011fi korur ve \u00e7iftlikten sevkiyata at\u0131klar\u0131 azalt\u0131r.<\/li>\n<li><strong>Stratejik \u0130hracat:<\/strong> Avrupa, Asya ve Amerika\u2019ya g\u00fcvenilir teslimat.<\/li>\n<li><strong>Esnek Ambalaj:<\/strong> B\u00fcy\u00fck veya k\u00fc\u00e7\u00fck sipari\u015fler i\u00e7in \u00f6zelle\u015ftirilmi\u015f se\u00e7enekler.<\/li>\n<li><strong>Takip ve Uyumluluk:<\/strong> Uluslararas\u0131 standartlara uygun tamamen sertifikal\u0131 sevkiyatlar.<\/li>\n<\/ul>\n<\/section>\n<section class=\"section\">\n<div class=\"container\">\n<h2>S\u00fcrd\u00fcr\u00fclebilir Tedarik ve Etik Uygulamalar<\/h2>\n<p>Sorumlu \u015fekilde tedarik edilen \u00fcr\u00fcnler, al\u0131c\u0131lar i\u00e7in giderek daha \u00f6nemli hale gelmektedir. PEI Trade, s\u00fcrd\u00fcr\u00fclebilir tar\u0131m uygulamalar\u0131n\u0131 destekler ve ortaklar\u0131m\u0131za s\u00fcrekli kalite sa\u011flar.<\/p>\n<h3>Yerel Tar\u0131m\u0131 Destekleme<\/h3>\n<p>PEI Trade, M\u0131s\u0131rl\u0131 \u00e7ift\u00e7ilerle yak\u0131n i\u015f birli\u011fi yaparak etik i\u015f uygulamalar\u0131n\u0131 ve s\u00fcrd\u00fcr\u00fclebilir tar\u0131m tekniklerini te\u015fvik eder. Bu yakla\u015f\u0131m, yerel topluluklar\u0131 g\u00fc\u00e7lendirirken y\u00fcksek kaliteli \u00fcr\u00fcnler sunar.<\/p>\n<h3>S\u00fcrd\u00fcr\u00fclebilirli\u011fe Ba\u011fl\u0131l\u0131k<\/h3>\n<p>\u00c7evreye duyarl\u0131 tar\u0131m y\u00f6ntemlerini \u00f6nceliklendiriyoruz, g\u0131da israf\u0131n\u0131 azalt\u0131yor ve enerji verimli depolama ve ta\u015f\u0131ma uygulamalar\u0131n\u0131 hayata ge\u00e7iriyoruz. Bu, uluslararas\u0131 m\u00fc\u015fteriler i\u00e7in s\u00fcrd\u00fcr\u00fclebilir bir tedarik zincirine katk\u0131 sa\u011flar.<\/p>\n<h3>Rigorl\u00fc Kalite Kontrolleri<\/h3>\n<p>Her Kinnow Mandalina partisi, hasattan paketlemeye kadar bir dizi kalite kontrol\u00fcnden ge\u00e7er. Standartlar\u0131m\u0131z, meyvenin hem g\u00f6r\u00fcn\u00fcm hem de tat a\u00e7\u0131s\u0131ndan ticari beklentilere uygun olmas\u0131n\u0131 garanti eder.<\/p>\n<\/div>\n<\/section>\n<section class=\"section\" style=\"padding: 65px 20px; background-color: #f9f9f9;\">\n<h2>Kinnow Mandalinalar\u0131 \u0130\u00e7in PEI Trade ile Ortakl\u0131k<\/h2>\n<p>Do\u011fru tedarik\u00e7iyi se\u00e7mek, i\u015f s\u00fcreklili\u011fi i\u00e7in kritik \u00f6neme sahiptir. PEI Trade, Kinnow Mandalina tedarikinizin ticari beklentilere s\u00fcrekli olarak uygun olmas\u0131n\u0131 sa\u011flamak i\u00e7in profesyonel ve g\u00fcvenilir hizmet sunar.<br \/>\nPEI Trade ile ba\u011flant\u0131ya ge\u00e7erek Kinnow Mandalina tedarik se\u00e7eneklerini g\u00f6r\u00fc\u015febilir, teklif talep edebilir veya ortakl\u0131k f\u0131rsatlar\u0131n\u0131 ke\u015ffedebilirsiniz. \u0130\u015fletmelerin tutarl\u0131 ve karl\u0131 bir tedarik zinciri sa\u011flamak i\u00e7in ihtiya\u00e7 duydu\u011fu rehberlik ve esnekli\u011fi sunuyoruz.<\/p>\n<p style=\"text-align: center;\"><a href=\"https:\/\/peitrade.com\/tr\/contact-us\/\">Buradan \u0130leti\u015fime Ge\u00e7in<\/a><\/p>\n<\/section>\n<section class=\"section\">\n<div class=\"container\">\n<h2>S\u0131k Sorulan Sorular<\/h2>\n<h3>PEI Trade\u2019in Kinnow Mandalinalar\u0131n\u0131 k\u00fcresel pazarlara uygun k\u0131lan nedir?<\/h3>\n<p>Kinnow Mandalinalar\u0131m\u0131z, olgunlu\u011fun zirvesinde hasat edilir ve uluslararas\u0131 s-tandartlara uygunluk i\u00e7in titiz kalite kontrollerinden ge\u00e7er. Verimli lojistik ile birle\u015fti\u011finde, bu durum d\u00fcnya genelindeki ortaklar i\u00e7in s\u00fcrekli tedarik ve premium kalite sa\u011flar.<\/p>\n<h3>PEI Trade b\u00fcy\u00fck \u00f6l\u00e7ekli sipari\u015fleri kar\u015f\u0131layabilir mi?<\/h3>\n<p>Evet. Hem k\u00fc\u00e7\u00fck hem de b\u00fcy\u00fck ticari sipari\u015fler i\u00e7in esnek hacim se\u00e7enekleri ve \u00f6zelle\u015ftirilmi\u015f ambalaj sunuyoruz, i\u015finiz i\u00e7in sorunsuz bir tedarik zinciri sa\u011fl\u0131yoruz.<\/p>\n<h3>PEI Trade \u00fcr\u00fcn kalitesi ve g\u00fcvenli\u011fini nas\u0131l garanti eder?<\/h3>\n<p>Her Kinnow Mandalina partisi, \u00e7iftlikten sevkiyata kadar kapsaml\u0131 denetimlerden ge\u00e7er. Uluslararas\u0131 g\u0131da g\u00fcvenli\u011fi y\u00f6netmeliklerine ve sertifikalara uyuyor, takip edilebilir, g\u00fcvenilir ve y\u00fcksek kaliteli \u00fcr\u00fcnler sunuyoruz.<\/p>\n<h3>Kinnow Mandalinalar\u0131n\u0131 hangi b\u00f6lgelere ihra\u00e7 ediyorsunuz?<\/h3>\n<p>PEI Trade, M\u0131s\u0131r\u2019\u0131n stratejik konumu ve g\u00fcvenilir lojistik ortaklar\u0131 sayesinde Kinnow Mandalinalar\u0131n\u0131 d\u00fcnya genelinde Avrupa, Asya, Amerika ve di\u011fer pazarlara etkin \u015fekilde ula\u015ft\u0131rmaktad\u0131r.<\/p>\n<h3>Ambalaj, belirli ticari ihtiya\u00e7lara g\u00f6re \u00f6zelle\u015ftirilebilir mi?<\/h3>\n<p>Evet. Paletleme ve konteyner konfig\u00fcrasyonlar\u0131 dahil olmak \u00fczere ticari gereksinimlerinize uygun esnek ambalaj se\u00e7enekleri sunuyoruz. Bu, uluslararas\u0131 pazarlarda g\u00fcvenli ta\u015f\u0131ma ve kolay kullan\u0131m sa\u011flar.<\/p>\n<h3>Kinnow Mandalinalar\u0131 i\u00e7in PEI Trade ile ortakl\u0131k nas\u0131l ba\u015flat\u0131l\u0131r?<\/h3>\n<p>Tedarik se\u00e7eneklerini g\u00f6r\u00fc\u015fmek, teklif almak veya ortakl\u0131k f\u0131rsatlar\u0131n\u0131 ke\u015ffetmek i\u00e7in ekibimizle do\u011frudan ileti\u015fime ge\u00e7ebilirsiniz. Sorunsuz bir tedarik s\u00fcreci i\u00e7in profesyonel rehberlik ve destek sa\u011fl\u0131yoruz.<\/p>\n<\/div>\n<\/section>\n","protected":false},"excerpt":{"rendered":"<p>Kinnow Mandalinalar\u0131 \u2013 K\u00fcresel Pazarlar i\u00e7in M\u0131s\u0131r\u2019dan Premium Narenciye PEI Trade olarak, d\u00fcnyan\u0131n d\u00f6rt bir yan\u0131ndaki i\u015f ortaklar\u0131m\u0131za y\u00fcksek kaliteli Kinnow Mandalinalar\u0131 sa\u011flamada uzman\u0131z. M\u0131s\u0131r\u2019da ideal ko\u015fullarda yeti\u015ftirilen mandalinalar\u0131m\u0131z, canl\u0131 renkleri, ola\u011fan\u00fcst\u00fc tatlar\u0131 ve tutarl\u0131 kalite standartlar\u0131 ile de\u011fer g\u00f6rmektedir. S\u00fcrd\u00fcr\u00fclebilir tar\u0131m, titiz kalite kontrol ve verimli bir k\u00fcresel tedarik zincirini birle\u015ftirerek, i\u015fletmelerin uluslararas\u0131 standartlara [&hellip;]<\/p>\n","protected":false},"author":1,"featured_media":0,"parent":0,"menu_order":0,"comment_status":"closed","ping_status":"closed","template":"","meta":{"footnotes":""},"class_list":["post-6990","page","type-page","status-publish","hentry"],"blocksy_meta":[],"mb":[],"featured_image_urls_v2":{"full":"","thumbnail":"","medium":"","medium_large":"","large":"","1536x1536":"","2048x2048":"","woocommerce_archive_thumbnail":"","woocommerce_thumbnail":"","woocommerce_single":"","woocommerce_gallery_thumbnail":""},"post_excerpt_stackable_v2":"<p>Kinnow Mandalinalar\u0131 \u2013 K\u00fcresel Pazarlar i\u00e7in M\u0131s\u0131r\u2019dan Premium Narenciye PEI Trade olarak, d\u00fcnyan\u0131n d\u00f6rt bir yan\u0131ndaki i\u015f ortaklar\u0131m\u0131za y\u00fcksek kaliteli Kinnow Mandalinalar\u0131 sa\u011flamada uzman\u0131z. M\u0131s\u0131r\u2019da ideal ko\u015fullarda yeti\u015ftirilen mandalinalar\u0131m\u0131z, canl\u0131 renkleri, ola\u011fan\u00fcst\u00fc tatlar\u0131 ve tutarl\u0131 kalite standartlar\u0131 ile de\u011fer g\u00f6rmektedir. S\u00fcrd\u00fcr\u00fclebilir tar\u0131m, titiz kalite kontrol ve verimli bir k\u00fcresel tedarik zincirini birle\u015ftirerek, i\u015fletmelerin uluslararas\u0131 standartlara uygun g\u00fcvenilir sevkiyatlar almas\u0131n\u0131 sa\u011fl\u0131yoruz. PEI Trade\u2019i Kinnow Mandalina Tedarik\u00e7iniz Olarak Neden Tercih Etmelisiniz? G\u00fcvenilir bir tedarik\u00e7i ile \u00e7al\u0131\u015fmak, i\u015fletmenizin s\u00fcrekli kalite ve g\u00fcvenilir teslimat almas\u0131n\u0131 sa\u011flar. PEI Trade\u2019in deneyimi, kalite kontrol\u00fc ve esnek \u00e7\u00f6z\u00fcmleri, M\u0131s\u0131r\u2019dan Kinnow Mandalina tedarik eden \u015firketler i\u00e7in bizi tercih edilen&hellip;<\/p>\n","category_list_v2":"","author_info_v2":{"name":"Mostafa Sabry","url":"https:\/\/peitrade.com\/tr\/author\/emostafaadel_jn8gcqbo\/"},"comments_num_v2":"0 comments","mfb_rest_fields":["title","blocksy_meta","featured_image_urls_v2","post_excerpt_stackable_v2","category_list_v2","author_info_v2","comments_num_v2"],"_links":{"self":[{"href":"https:\/\/peitrade.com\/tr\/wp-json\/wp\/v2\/pages\/6990","targetHints":{"allow":["GET"]}}],"collection":[{"href":"https:\/\/peitrade.com\/tr\/wp-json\/wp\/v2\/pages"}],"about":[{"href":"https:\/\/peitrade.com\/tr\/wp-json\/wp\/v2\/types\/page"}],"author":[{"embeddable":true,"href":"https:\/\/peitrade.com\/tr\/wp-json\/wp\/v2\/users\/1"}],"replies":[{"embeddable":true,"href":"https:\/\/peitrade.com\/tr\/wp-json\/wp\/v2\/comments?post=6990"}],"version-history":[{"count":1,"href":"https:\/\/peitrade.com\/tr\/wp-json\/wp\/v2\/pages\/6990\/revisions"}],"predecessor-version":[{"id":6991,"href":"https:\/\/peitrade.com\/tr\/wp-json\/wp\/v2\/pages\/6990\/revisions\/6991"}],"wp:attachment":[{"href":"https:\/\/peitrade.com\/tr\/wp-json\/wp\/v2\/media?parent=6990"}],"curies":[{"name":"wp","href":"https:\/\/api.w.org\/{rel}","templated":true}]}}