{"id":7010,"date":"2025-09-09T10:02:56","date_gmt":"2025-09-09T10:02:56","guid":{"rendered":"http:\/\/46.224.74.15\/ananas-kavun-misir-tedarik\/"},"modified":"2025-11-19T17:00:15","modified_gmt":"2025-11-19T17:00:15","slug":"ananas-kavun-misir-tedarik","status":"publish","type":"page","link":"https:\/\/peitrade.com\/tr\/ananas-kavun-misir-tedarik\/","title":{"rendered":""},"content":{"rendered":"<section class=\"section\" style=\"padding: 65px 20px; background-color: #f9f9f9;\">\n<div class=\"container\">\n<h1>M\u0131s\u0131r\u2019dan D\u00fcnyaya Premium Ananas Kavun Tedariki<\/h1>\n<p>PEI Trade olarak y\u00fcksek kaliteli M\u0131s\u0131r meyve ve sebzelerini d\u00fcnyan\u0131n d\u00f6rt bir yan\u0131ndaki pazarlara ihra\u00e7 etme konusunda uzman\u0131z. En \u00e7ok talep g\u00f6ren \u00fcr\u00fcnlerimiz aras\u0131nda tatl\u0131 aromas\u0131, belirgin kokusu ve s\u00fcrekli ayn\u0131 kalitede olmas\u0131yla bilinen Ananas Kavun yer almaktad\u0131r. G\u00fcvenilir bir tedarik\u00e7i olarak, her sevkiyat\u0131n M\u0131s\u0131r tar\u0131m\u0131n\u0131n m\u00fckemmelli\u011fini ve k\u00fcresel ticaret a\u011f\u0131m\u0131z\u0131n g\u00fcvenilirli\u011fini yans\u0131tmas\u0131n\u0131 sa\u011fl\u0131yoruz.<\/p>\n<\/div>\n<\/section>\n<section class=\"section\">\n<div class=\"container\">\n<h2>Ananas Kavunu Neden \u00d6zel K\u0131lar?<\/h2>\n<p>Ananas Kavun, \u00e7arp\u0131c\u0131 g\u00f6r\u00fcn\u00fcm\u00fcyle \u00fcst\u00fcn lezzeti bir araya getirir. Tutarl\u0131 tatl\u0131l\u0131\u011f\u0131 ve canl\u0131 rengi sayesinde d\u00fcnya genelinde perakende, toptan ve g\u0131da i\u015fleme sekt\u00f6rlerinde \u00f6nemli bir yere sahiptir.<\/p>\n<h3>\u00d6zg\u00fcn G\u00f6r\u00fcn\u00fcm ve Tat<\/h3>\n<p>Alt\u0131n rengi a\u011f desenli kabu\u011fu ve yo\u011fun turuncu etiyle Ananas Kavun hem g\u00f6ze hem dama\u011fa hitap eder. Y\u00fcksek do\u011fal \u015feker oran\u0131 (Brix seviyeleri) sayesinde her lokmada tatl\u0131 ve ferah bir deneyim sunar.<\/p>\n<h3>Doku ve Raf \u00d6mr\u00fc Avantaj\u0131<\/h3>\n<p>Sert dokusu sayesinde sadece taze t\u00fcketim i\u00e7in de\u011fil, ayn\u0131 zamanda i\u015fleme i\u00e7in de uygundur. Do\u011fal olarak uzun raf \u00f6mr\u00fc, uzun mesafeli ta\u015f\u0131mac\u0131l\u0131ktan sonra bile en iyi durumda ula\u015fmas\u0131n\u0131 sa\u011flar.<\/p>\n<\/div>\n<\/section>\n<section class=\"section\">\n<div class=\"container\">\n<h2>Ananas Kavun \u00dcretiminde M\u0131s\u0131r\u2019\u0131n Avantaj\u0131<\/h2>\n<p>M\u0131s\u0131r\u2019\u0131n verimli topraklar\u0131 ve elveri\u015fli iklimi, s\u00fcrekli ayn\u0131 tat ve kalitede kavun yeti\u015ftirmek i\u00e7in ideal ko\u015fullar\u0131 sa\u011flar. \u0130leri tar\u0131m teknikleriyle birle\u015fti\u011finde, M\u0131s\u0131r Ananas Kavunu uluslararas\u0131 al\u0131c\u0131lar i\u00e7in \u00f6l\u00e7\u00fct haline gelmi\u015ftir.<\/p>\n<h3>\u0130klim ve Yeti\u015ftirme Avantajlar\u0131<\/h3>\n<p>Bol g\u00fcne\u015f \u0131\u015f\u0131\u011f\u0131 ve dikkatle y\u00f6netilen sulama sistemleri y\u00fcksek verimi destekler ve meyvenin do\u011fal tatl\u0131l\u0131\u011f\u0131n\u0131 art\u0131r\u0131r.<\/p>\n<h3>K\u00fcresel Tedarik \u0130\u00e7in Sezonluk Uygunluk<\/h3>\n<p>M\u0131s\u0131r\u2019\u0131n uzun hasat d\u00f6nemi, kritik talep d\u00f6nemlerinde pazarlara \u00fcr\u00fcn sa\u011flamam\u0131za imkan verir ve ba\u015fka kaynaklar\u0131n kar\u015f\u0131layamad\u0131\u011f\u0131 d\u00f6nemlerde tedarik g\u00fcvencesi sunar.<\/p>\n<\/div>\n<\/section>\n<section class=\"section\" style=\"padding: 65px 20px; background-color: #f9f9f9;\">\n<div class=\"container\">\n<h2>Ananas Kavun: Pazarda G\u00fcven Yaratan Bir Meyve<\/h2>\n<p>D\u00fcnya genelinde sa\u011fl\u0131kl\u0131, tatl\u0131 ve \u00e7ok y\u00f6nl\u00fc meyvelere olan talep artarken, Ananas Kavun g\u00fc\u00e7l\u00fc konumunu korumaktad\u0131r. PEI Trade\u2019i se\u00e7en uluslararas\u0131 al\u0131c\u0131lar, deneyim, kalite ve k\u00fcresel eri\u015fim sunan g\u00fcvenilir bir tedarik orta\u011f\u0131 kazan\u0131r.<\/p>\n<p>PEI Trade olarak misyonumuz basit: T\u00fcketici beklentilerini kar\u015f\u0131layan ve i\u015f ortaklar\u0131m\u0131z\u0131n ba\u015far\u0131s\u0131n\u0131 g\u00fc\u00e7lendiren premium M\u0131s\u0131r Ananas Kavunlar\u0131n\u0131 sunmak.<\/p>\n<\/div>\n<\/section>\n<section class=\"section\">\n<div class=\"container\">\n<h2>PEI Trade: Tazelik ve G\u00fcvenilirli\u011fi Garanti Ediyor<\/h2>\n<p>K\u00fcresel bir tedarik\u00e7i olarak rol\u00fcm\u00fcz, her kavunun \u00f6zenle hasat edilmesini, i\u015flenmesini ve teslim edilmesini sa\u011flamakt\u0131r. \u00c7iftlikten var\u0131\u015f noktas\u0131na kadar tazeli\u011fi ve kaliteyi korumak i\u00e7in s\u0131k\u0131 standartlar uyguluyoruz.<\/p>\n<h3>Her A\u015famada Kalite Kontrol\u00fc<\/h3>\n<p>S\u0131n\u0131fland\u0131rmadan so\u011futmaya, paketlemeden y\u00fcklemeye kadar her a\u015fama, meyvenin b\u00fct\u00fcnl\u00fc\u011f\u00fcn\u00fc korumak i\u00e7in tasarlanm\u0131\u015ft\u0131r. Sadece en iyi Ananas Kavunlar\u0131 ihracat i\u00e7in se\u00e7ilmektedir.<\/p>\n<h3>G\u0131da G\u00fcvenli\u011fi ve Sertifikalar<\/h3>\n<p>Uluslararas\u0131 g\u00fcvenlik d\u00fczenlemelerine ve sertifikalara uymaktay\u0131z. B\u00f6ylece her sevkiyat\u0131n en y\u00fcksek k\u00fcresel standartlara uygun oldu\u011funu garanti ediyoruz.<\/p>\n<\/div>\n<\/section>\n<section class=\"section\">\n<div class=\"container\">\n<h2>Uluslararas\u0131 Pazarlar\u0131n \u0130htiya\u00e7lar\u0131n\u0131 Kar\u015f\u0131lamak<\/h2>\n<p>Ananas Kavun \u00e7ok y\u00f6nl\u00fcd\u00fcr, geni\u015f bir kullan\u0131m yelpazesi i\u00e7in uygundur. PEI Trade\u2019in tedarik kapasitesi, ithalat\u00e7\u0131 ve distrib\u00fct\u00f6rlerin farkl\u0131 ihtiya\u00e7lar\u0131n\u0131 kar\u015f\u0131lamam\u0131z\u0131 sa\u011flar.<\/p>\n<h3>Perakende Sunumlar \u0130\u00e7in M\u00fckemmel<\/h3>\n<p>G\u00f6rsel \u00e7ekicili\u011fi, standart boyutu ve tatl\u0131l\u0131\u011f\u0131 sayesinde s\u00fcpermarketlerde ve toptan sat\u0131\u015f noktalar\u0131nda \u00e7ok ra\u011fbet g\u00f6r\u00fcr. M\u00fc\u015fteriler kaliteyi an\u0131nda fark eder.<\/p>\n<h3>G\u0131da \u0130\u015fleme \u0130\u00e7in G\u00fcvenilir<\/h3>\n<p>G\u0131da \u00fcreticileri, meyve sular\u0131, dondurulmu\u015f kar\u0131\u015f\u0131mlar, tatl\u0131lar ve haz\u0131r meyve salatalar\u0131 i\u00e7in Ananas Kavuna g\u00fcvenmektedir. Sert eti, verimlili\u011fi art\u0131r\u0131r ve i\u015flem s\u0131ras\u0131nda minimum israf sa\u011flar.<\/p>\n<\/div>\n<\/section>\n<section class=\"section\">\n<div class=\"container\">\n<h2>Ambalajlama ve Nakliyede Hassasiyet<\/h2>\n<p>\u00dcretim kadar ta\u015f\u0131ma ve lojisti\u011fin de \u00f6nemli oldu\u011funun fark\u0131nday\u0131z. Bu nedenle PEI Trade, meyveyi korumak i\u00e7in verimli ambalaj ve ta\u015f\u0131ma y\u00f6ntemlerine yat\u0131r\u0131m yapmaktad\u0131r.<\/p>\n<h3>Ki\u015fiselle\u015ftirilmi\u015f Ambalaj \u00c7\u00f6z\u00fcmleri<\/h3>\n<p>Tazeli\u011fi korumak ve ta\u015f\u0131mac\u0131l\u0131k s\u0131ras\u0131nda hasar\u0131 azaltmak i\u00e7in ihracat standartlar\u0131nda kutular ve koruyucu ambalajlar kullan\u0131yoruz.<\/p>\n<h3>So\u011fuk Zincir Y\u00f6netimi<\/h3>\n<p>Geli\u015fmi\u015f so\u011fuk zincir lojisti\u011fimiz, hasattan teslimata kadar uygun s\u0131cakl\u0131\u011f\u0131 korur ve al\u0131c\u0131lar\u0131n kavunlar\u0131 en iyi durumda teslim almas\u0131n\u0131 sa\u011flar.<\/p>\n<\/div>\n<\/section>\n<section class=\"section\" style=\"padding: 65px 20px; background-color: #f9f9f9;\">\n<div class=\"container\">\n<h2>Neden Ananas Kavun \u0130\u00e7in PEI Trade\u2019i Tercih Etmelisiniz?<\/h2>\n<p>Taahh\u00fcd\u00fcm\u00fcz sadece \u00fcr\u00fcn tedarik etmekle s\u0131n\u0131rl\u0131 de\u011fil \u2014 k\u00fcresel i\u015f ortaklar\u0131m\u0131za g\u00fcvenilirlik, istikrar ve uzun vadeli de\u011fer sunuyoruz.<\/p>\n<h3>K\u00fcresel Ticarette Kan\u0131tlanm\u0131\u015f Deneyim<\/h3>\n<p>Y\u0131llard\u0131r d\u00fcnya genelinde meyve ve sebze tedarik eden PEI Trade, pazarlar\u0131n en \u00e7ok talep etti\u011fi unsurlar\u0131 sa\u011flama konusunda g\u00fc\u00e7l\u00fc bir itibar kazanm\u0131\u015ft\u0131r: kalite ve g\u00fcven.<\/p>\n<h3>M\u00fc\u015fteri Ba\u015far\u0131s\u0131na Ba\u011fl\u0131l\u0131k<\/h3>\n<p>Her m\u00fc\u015fterinin \u00f6zel ihtiya\u00e7lar\u0131na uyum sa\u011flayarak, s\u00fcrekli tedarik, zaman\u0131nda teslimat ve beklentileri a\u015fan \u00fcr\u00fcnler sunuyoruz.<\/p>\n<p style=\"text-align: center;\"><a href=\"https:\/\/peitrade.com\/tr\/contact-us\/\">Buradan Teklif Al\u0131n<\/a><\/p>\n<\/div>\n<\/section>\n<section class=\"section\">\n<div class=\"container\">\n<h2>S\u0131k\u00e7a Sorulan Sorular<\/h2>\n<h3>Ananas Kavunu, di\u011fer kavun \u00e7e\u015fitlerinden nas\u0131l ayr\u0131l\u0131r?<\/h3>\n<p>Ananas Kavun, alt\u0131n rengi kabu\u011fu, sert turuncu eti ve do\u011fal tatl\u0131 tad\u0131yla bilinir. Ayr\u0131ca di\u011fer t\u00fcrlere k\u0131yasla daha uzun raf \u00f6mr\u00fcne sahiptir, bu da onu hem perakende hem de b\u00fcy\u00fck \u00f6l\u00e7ekli g\u0131da i\u015fleme i\u00e7in ideal hale getirir.<\/p>\n<h3>M\u0131s\u0131r Ananas Kavununun hasat d\u00f6nemi ne zamand\u0131r?<\/h3>\n<p>En yo\u011fun hasat d\u00f6nemi genellikle ilkbahar\u0131n sonlar\u0131ndan yaz sonuna kadar s\u00fcrer. Ancak M\u0131s\u0131r\u2019\u0131n uzun s\u00fcren yeti\u015ftirme ko\u015fullar\u0131 sayesinde PEI Trade, uluslararas\u0131 talebi kar\u015f\u0131lamak i\u00e7in daha geni\u015f bir d\u00f6nem boyunca Ananas Kavun tedarik edebilmektedir.<\/p>\n<h3>PEI Trade, uzun mesafe sevkiyatlar\u0131nda tazeli\u011fi nas\u0131l sa\u011flar?<\/h3>\n<p>\u00c7iftlikten limana kadar s\u0131k\u0131 bir so\u011fuk zincir y\u00f6netimi uyguluyoruz. Meyve, hasattan sonra \u00f6n so\u011futmaya tabi tutulur, ihracat standartlar\u0131nda kutulara paketlenir ve kontroll\u00fc s\u0131cakl\u0131kta ta\u015f\u0131narak kalite ve tazelik korunur.<\/p>\n<h3>\u0130hracat sipari\u015fleri i\u00e7in hangi ambalaj se\u00e7enekleri mevcut?<\/h3>\n<p>PEI Trade, m\u00fc\u015fteri gereksinimlerine g\u00f6re \u00f6zelle\u015ftirilmi\u015f kutu boyutlar\u0131 ve koruyucu malzemeler dahil olmak \u00fczere \u00e7e\u015fitli ambalaj \u00e7\u00f6z\u00fcmleri sunar. Ambalajlar\u0131m\u0131z, hasar\u0131 azaltmak, tazeli\u011fi korumak ve maliyet a\u00e7\u0131s\u0131ndan verimli nakliye i\u00e7in alan\u0131 optimize etmek \u00fczere tasarlanm\u0131\u015ft\u0131r.<\/p>\n<h3>Ananas Kavun, uluslararas\u0131 g\u0131da g\u00fcvenli\u011fi standartlar\u0131na uygun mu?<\/h3>\n<p>Evet. T\u00fcm Ananas Kavunlar\u0131m\u0131z k\u00fcresel g\u0131da g\u00fcvenli\u011fi ve kalite sertifikalar\u0131na uygundur. Uluslararas\u0131 toptanc\u0131lar, perakendeciler ve g\u0131da \u00fcreticilerinin beklentilerini kar\u015f\u0131lamak i\u00e7in s\u0131k\u0131 derecelendirme, se\u00e7me ve i\u015fleme s\u00fcre\u00e7lerini takip ediyoruz.<\/p>\n<h3>PEI Trade hangi uluslararas\u0131 pazarlara hizmet veriyor?<\/h3>\n<p>PEI Trade, M\u0131s\u0131r Ananas Kavunlar\u0131n\u0131 Avrupa, Asya, Afrika ve Orta Do\u011fu\u2019ya ihra\u00e7 etmektedir. K\u00fcresel a\u011f\u0131m\u0131z, m\u00fc\u015fteri ihtiya\u00e7lar\u0131na ve b\u00f6lgesel pazar taleplerine g\u00f6re sevkiyatlar\u0131 uyarlamam\u0131za imkan tan\u0131r.<\/p>\n<h3>\u0130thalat\u00e7\u0131lar PEI Trade ile toplu sipari\u015fleri nas\u0131l verebilir?<\/h3>\n<p>\u0130thalat\u00e7\u0131lar, web sitemiz veya e-posta \u00fczerinden sat\u0131\u015f ekibimizle do\u011frudan ileti\u015fime ge\u00e7erek gereksinimleri, ambalaj tercihleri ve nakliye d\u00fczenlemelerini g\u00f6r\u00fc\u015febilir. Sipari\u015f s\u00fcrecini sorunsuz ve teslimat\u0131 zaman\u0131nda yapmak i\u00e7in ki\u015fiselle\u015ftirilmi\u015f \u00e7\u00f6z\u00fcmler sunuyoruz.<\/p>\n<\/div>\n<\/section>\n","protected":false},"excerpt":{"rendered":"<p>M\u0131s\u0131r\u2019dan D\u00fcnyaya Premium Ananas Kavun Tedariki PEI Trade olarak y\u00fcksek kaliteli M\u0131s\u0131r meyve ve sebzelerini d\u00fcnyan\u0131n d\u00f6rt bir yan\u0131ndaki pazarlara ihra\u00e7 etme konusunda uzman\u0131z. En \u00e7ok talep g\u00f6ren \u00fcr\u00fcnlerimiz aras\u0131nda tatl\u0131 aromas\u0131, belirgin kokusu ve s\u00fcrekli ayn\u0131 kalitede olmas\u0131yla bilinen Ananas Kavun yer almaktad\u0131r. G\u00fcvenilir bir tedarik\u00e7i olarak, her sevkiyat\u0131n M\u0131s\u0131r tar\u0131m\u0131n\u0131n m\u00fckemmelli\u011fini ve k\u00fcresel [&hellip;]<\/p>\n","protected":false},"author":1,"featured_media":0,"parent":0,"menu_order":0,"comment_status":"closed","ping_status":"closed","template":"","meta":{"footnotes":""},"class_list":["post-7010","page","type-page","status-publish","hentry"],"blocksy_meta":[],"mb":[],"featured_image_urls_v2":{"full":"","thumbnail":"","medium":"","medium_large":"","large":"","1536x1536":"","2048x2048":"","woocommerce_archive_thumbnail":"","woocommerce_thumbnail":"","woocommerce_single":"","woocommerce_gallery_thumbnail":""},"post_excerpt_stackable_v2":"<p>M\u0131s\u0131r\u2019dan D\u00fcnyaya Premium Ananas Kavun Tedariki PEI Trade olarak y\u00fcksek kaliteli M\u0131s\u0131r meyve ve sebzelerini d\u00fcnyan\u0131n d\u00f6rt bir yan\u0131ndaki pazarlara ihra\u00e7 etme konusunda uzman\u0131z. En \u00e7ok talep g\u00f6ren \u00fcr\u00fcnlerimiz aras\u0131nda tatl\u0131 aromas\u0131, belirgin kokusu ve s\u00fcrekli ayn\u0131 kalitede olmas\u0131yla bilinen Ananas Kavun yer almaktad\u0131r. G\u00fcvenilir bir tedarik\u00e7i olarak, her sevkiyat\u0131n M\u0131s\u0131r tar\u0131m\u0131n\u0131n m\u00fckemmelli\u011fini ve k\u00fcresel ticaret a\u011f\u0131m\u0131z\u0131n g\u00fcvenilirli\u011fini yans\u0131tmas\u0131n\u0131 sa\u011fl\u0131yoruz. Ananas Kavunu Neden \u00d6zel K\u0131lar? Ananas Kavun, \u00e7arp\u0131c\u0131 g\u00f6r\u00fcn\u00fcm\u00fcyle \u00fcst\u00fcn lezzeti bir araya getirir. Tutarl\u0131 tatl\u0131l\u0131\u011f\u0131 ve canl\u0131 rengi sayesinde d\u00fcnya genelinde perakende, toptan ve g\u0131da i\u015fleme sekt\u00f6rlerinde \u00f6nemli bir yere sahiptir. \u00d6zg\u00fcn G\u00f6r\u00fcn\u00fcm ve Tat Alt\u0131n rengi a\u011f desenli&hellip;<\/p>\n","category_list_v2":"","author_info_v2":{"name":"Mostafa Sabry","url":"https:\/\/peitrade.com\/tr\/author\/emostafaadel_jn8gcqbo\/"},"comments_num_v2":"0 comments","mfb_rest_fields":["title","blocksy_meta","featured_image_urls_v2","post_excerpt_stackable_v2","category_list_v2","author_info_v2","comments_num_v2"],"_links":{"self":[{"href":"https:\/\/peitrade.com\/tr\/wp-json\/wp\/v2\/pages\/7010","targetHints":{"allow":["GET"]}}],"collection":[{"href":"https:\/\/peitrade.com\/tr\/wp-json\/wp\/v2\/pages"}],"about":[{"href":"https:\/\/peitrade.com\/tr\/wp-json\/wp\/v2\/types\/page"}],"author":[{"embeddable":true,"href":"https:\/\/peitrade.com\/tr\/wp-json\/wp\/v2\/users\/1"}],"replies":[{"embeddable":true,"href":"https:\/\/peitrade.com\/tr\/wp-json\/wp\/v2\/comments?post=7010"}],"version-history":[{"count":1,"href":"https:\/\/peitrade.com\/tr\/wp-json\/wp\/v2\/pages\/7010\/revisions"}],"predecessor-version":[{"id":7011,"href":"https:\/\/peitrade.com\/tr\/wp-json\/wp\/v2\/pages\/7010\/revisions\/7011"}],"wp:attachment":[{"href":"https:\/\/peitrade.com\/tr\/wp-json\/wp\/v2\/media?parent=7010"}],"curies":[{"name":"wp","href":"https:\/\/api.w.org\/{rel}","templated":true}]}}