{"id":7070,"date":"2025-09-11T09:08:34","date_gmt":"2025-09-11T09:08:34","guid":{"rendered":"http:\/\/46.224.74.15\/misir-medjool-hurmasi-pei-trade\/"},"modified":"2025-11-19T17:00:24","modified_gmt":"2025-11-19T17:00:24","slug":"misir-medjool-hurmasi-pei-trade","status":"publish","type":"page","link":"https:\/\/peitrade.com\/tr\/misir-medjool-hurmasi-pei-trade\/","title":{"rendered":"M\u0131s\u0131r\u2019dan \u0130hra\u00e7 Edilen Medjool Hurmas\u0131: Her Sevkiyatta M\u00fckemmellik"},"content":{"rendered":"<section class=\"section\" style=\"padding: 65px 20px; background-color: #f9f9f9;\">\n<div class=\"container\">\n<h1>M\u0131s\u0131rl\u0131 Medjool Hurmas\u0131: Uluslararas\u0131 Al\u0131c\u0131lar i\u00e7in G\u00fcvenilir Tedarik<\/h1>\n<p>Medjool hurmas\u0131, M\u0131s\u0131r\u2019\u0131n en tan\u0131nm\u0131\u015f ihracat \u00fcr\u00fcnlerinden biridir. B\u00fcy\u00fck boyutu, tutarl\u0131 kalitesi ve \u00fcst\u00fcn sunumu sayesinde uluslararas\u0131 pazarlarda s\u00fcrekli talep g\u00f6rmektedir. PEI Trade olarak, geleneksel yeti\u015ftiricili\u011fi modern lojistik uzmanl\u0131\u011f\u0131yla birle\u015ftiriyor ve her sevkiyat\u0131n m\u00fc\u015fterilere en iyi ko\u015fullarda ula\u015fmas\u0131n\u0131 sa\u011fl\u0131yoruz.<\/p>\n<p>G\u00fcvenilir \u00e7iftliklerden dikkatli temin s\u00fcrecinden ba\u015flayarak k\u00fcresel \u00f6l\u00e7ekte etkin da\u011f\u0131t\u0131ma kadar, Medjool hurmalar\u0131m\u0131z g\u00fcvenilirli\u011fi, istikrar\u0131 ve d\u00fcnya \u00e7ap\u0131ndaki al\u0131c\u0131lar\u0131n en y\u00fcksek beklentilerini kar\u015f\u0131lama kararl\u0131l\u0131\u011f\u0131m\u0131z\u0131 yans\u0131t\u0131r.<\/p>\n<\/div>\n<\/section>\n<section class=\"section\">\n<div class=\"container\">\n<h2>Medjool Hurmas\u0131: Bir M\u00fckemmellik Gelene\u011fi<\/h2>\n<p>Medjool hurmalar\u0131m\u0131z, onlar\u0131 d\u00fcnya \u00e7ap\u0131nda premium bir \u00fcr\u00fcn haline getiren k\u00f6kl\u00fc bir yeti\u015ftiricilik ve ticaret ge\u00e7mi\u015fine sahiptir. Bu miras\u0131 anlamak, al\u0131c\u0131lar\u0131n de\u011ferini kavramas\u0131na ve PEI Trade\u2019in neden s\u00fcrekli olarak en iyi kaliteyi sunmaya adand\u0131\u011f\u0131n\u0131 g\u00f6rmesine yard\u0131mc\u0131 olur.<\/p>\n<h3>Zamans\u0131z Bir Meyvenin K\u00f6kenleri<\/h3>\n<p>Medjool hurmalar\u0131, y\u00fczy\u0131llard\u0131r M\u0131s\u0131r\u2019da yeti\u015ftirilmektedir ve tarih boyunca k\u0131talar aras\u0131 ticaret a\u011flar\u0131n\u0131n bir par\u00e7as\u0131 olmu\u015ftur. Bu kalite gelene\u011fi bug\u00fcn de devam etmekte olup, PEI Trade geleneksel yeti\u015ftirme y\u00f6ntemlerini korurken ayn\u0131 zamanda uluslararas\u0131 pazarlara uygunlu\u011fu sa\u011flamaktad\u0131r.<\/p>\n<h3>D\u00fcnya Neden Medjool Hurmas\u0131n\u0131 Se\u00e7iyor?<\/h3>\n<p>K\u00fcresel al\u0131c\u0131lar, etkileyici boyutu, tutarl\u0131l\u0131\u011f\u0131 ve ta\u015f\u0131mada g\u00fcvenilirli\u011fi nedeniyle Medjool hurmas\u0131na g\u00fcvenir. PEI Trade, her sevkiyat\u0131n bu \u00f6zellikleri korumas\u0131n\u0131 sa\u011flayarak i\u015fletmeleri y\u00fcksek standartlara uygun \u00fcr\u00fcnlerle destekler.<\/p>\n<\/div>\n<\/section>\n<section class=\"section\">\n<div class=\"container\">\n<h2>PEI Trade: Hurma \u0130hracat\u0131nda Uzmanlar<\/h2>\n<p>PEI Trade, taze ve dondurulmu\u015f Medjool hurmalar\u0131n\u0131 benzersiz bir tutarl\u0131l\u0131kla tedarik ederek itibar kazanm\u0131\u015ft\u0131r. Uluslararas\u0131 lojistik ve kalite kontrol konusundaki deneyimimiz, al\u0131c\u0131lar\u0131n her sevkiyata g\u00fcvenmesini sa\u011flar.<\/p>\n<h3>M\u0131s\u0131r \u00c7iftliklerinden K\u00fcresel Raflara<\/h3>\n<p>Tedarik zincirimiz, M\u0131s\u0131r\u2019da dikkatli hasat ve se\u00e7me ile ba\u015flar, ard\u0131ndan g\u00fcvenli paketleme ve verimli nakliye ile devam eder. Bu s\u00fcre\u00e7, Medjool hurmalar\u0131n\u0131n zaman\u0131nda ve m\u00fckemmel ko\u015fullarda ula\u015fmas\u0131n\u0131 garanti eder.<\/p>\n<h3>G\u00fcvenilirlik Garantisi<\/h3>\n<p>PEI Trade\u2019in titiz kalite kontrolleri ve teslimat takvimine ba\u011fl\u0131l\u0131\u011f\u0131, m\u00fc\u015fterilere g\u00fcvenilir sevkiyatlar sunar ve d\u00fcnya genelinde uzun vadeli i\u015f ortakl\u0131klar\u0131n\u0131 g\u00fc\u00e7lendirir.<\/p>\n<\/div>\n<\/section>\n<section class=\"section\">\n<div class=\"container\">\n<h2>Medjool Hurmas\u0131 \u00c7e\u015fitleri ve Sunumlar\u0131<\/h2>\n<p>PEI Trade\u2019de Medjool hurmalar\u0131m\u0131z yaln\u0131zca bir ihracat \u00fcr\u00fcn\u00fc de\u011fildir \u2014 uluslararas\u0131 al\u0131c\u0131lar\u0131n ihtiya\u00e7lar\u0131n\u0131 kar\u015f\u0131lamak i\u00e7in \u00f6zenle se\u00e7ilmi\u015f bir yelpazedir. B\u00fcy\u00fck \u00f6l\u00e7ekli toptan tedarikten premium s\u0131n\u0131f se\u00e7eneklere kadar g\u00fcvenilirlik, tutarl\u0131l\u0131k ve k\u00fcresel uyum sunuyoruz.<\/p>\n<h3>Medjool Hurmas\u0131n\u0131 Farkl\u0131 K\u0131lan \u00d6zellikler<\/h3>\n<ul>\n<li><strong>\u0130hracat i\u00e7in Elle Se\u00e7ilen Kalite: <\/strong>Her Medjool hurmas\u0131, boyut, tutarl\u0131l\u0131k ve g\u00f6r\u00fcn\u00fcm a\u00e7\u0131s\u0131ndan dikkatle s\u0131n\u0131fland\u0131r\u0131l\u0131r. Bu sayede m\u00fc\u015fterilerimiz yaln\u0131zca uluslararas\u0131 pazar beklentilerini kar\u015f\u0131layan en kaliteli \u00fcr\u00fcn\u00fc al\u0131r.<\/li>\n<li><strong>K\u00fcresel Da\u011f\u0131t\u0131m i\u00e7in Tasarlanm\u0131\u015f Ambalaj: <\/strong>Toptan kartonlardan \u00f6zelle\u015ftirilmi\u015f \u00e7\u00f6z\u00fcmlere kadar \u00e7e\u015fitli ihracata haz\u0131r ambalaj se\u00e7enekleri sunuyoruz. Her y\u00f6ntem tazeli\u011fi korumak, ta\u015f\u0131mada g\u00fcvenli\u011fi sa\u011flamak ve rekabet\u00e7i pazarlarda iyi bir sunum sa\u011flamak i\u00e7in tasarlanm\u0131\u015ft\u0131r.<\/li>\n<li><strong>Her Pazar i\u00e7in Tutarl\u0131 Tedarik:<\/strong> Se\u00e7imimiz k\u00fcresel talebi kar\u015f\u0131layacak \u015fekilde haz\u0131rlanm\u0131\u015f olup, y\u0131l boyunca hem d\u00fczenli hem de b\u00fcy\u00fck \u00f6l\u00e7ekli sipari\u015fler i\u00e7in s\u00fcreklilik ve g\u00fcvenilirlik sunar.<\/li>\n<\/ul>\n<section class=\"section\" style=\"padding: 65px 20px; background-color: #f9f9f9;\">\n<div class=\"container\">\n<h2>Kalite G\u00fcvencesi ve Uyum<\/h2>\n<p>PEI Trade\u2019de kalite yaln\u0131zca bir standart de\u011fil; her Medjool hurma sevkiyat\u0131nda verdi\u011fimiz bir s\u00f6zd\u00fcr. Her parti, ihracata haz\u0131rlanmadan \u00f6nce tutarl\u0131l\u0131\u011f\u0131 sa\u011flamak i\u00e7in dikkatle incelenir ve s\u0131n\u0131fland\u0131r\u0131l\u0131r.<\/p>\n<p>Uluslararas\u0131 d\u00fczeyde tan\u0131nan sertifikasyonlara ve uyum \u00f6nlemlerine ba\u011fl\u0131 kalarak, Medjool hurmalar\u0131m\u0131z\u0131n farkl\u0131 k\u00fcresel pazarlar\u0131n s\u0131k\u0131 gereksinimlerini kar\u015f\u0131lamas\u0131n\u0131 sa\u011fl\u0131yoruz.<\/p>\n<p>Titiz kalite kontrol\u00fcn\u00fc g\u00fcvenilir belgelerle birle\u015ftirerek, PEI Trade al\u0131c\u0131lara her sevkiyat\u0131n premium kalitede ve ithalat d\u00fczenlemelerine tamamen uygun oldu\u011funa dair g\u00fcven sa\u011flar.<\/p>\n<\/div>\n<\/section>\n<section class=\"section\">\n<div class=\"container\">\n<h2>Uluslararas\u0131 Pazarlar\u0131n Hassasiyetle Hizmeti<\/h2>\n<p>Uluslararas\u0131 al\u0131c\u0131lar\u0131n beklentilerini kar\u015f\u0131lamak yaln\u0131zca premium Medjool hurmas\u0131 tedarik etmekle s\u0131n\u0131rl\u0131 de\u011fildir; stratejik planlama, uyum sa\u011flama ve farkl\u0131 pazar gereksinimlerini derinlemesine anlama gerektirir.<\/p>\n<p>PEI Trade\u2019de her m\u00fc\u015fterinin benzersiz tedarik zincirleri, zaman \u00e7izelgeleri ve lojistik yap\u0131lar i\u00e7inde faaliyet g\u00f6sterdi\u011fini biliyoruz. Bu nedenle her i\u015flemede hassasiyet, esneklik ve \u015feffafl\u0131\u011fa odaklan\u0131yoruz; Medjool hurmalar\u0131m\u0131z tam beklendi\u011fi gibi ula\u015f\u0131r.<\/p>\n<h3>Sizin \u0130\u00e7in Tasarlanm\u0131\u015f Tedarik \u00c7\u00f6z\u00fcmleri<\/h3>\n<p>PEI Trade, toptan sevkiyatlardan \u00f6zel pazarlar i\u00e7in \u00f6zelle\u015ftirilmi\u015f g\u00f6nderilere kadar geni\u015f bir sipari\u015f hacmini kar\u015f\u0131layacak kapasiteye sahiptir. Ekibimiz, her m\u00fc\u015fterinin talebine g\u00f6re mevsimsel ihtiya\u00e7lara, b\u00f6lgesel d\u00fczenlemelere ve pazar tercihine uygun tedarik planlar\u0131 olu\u015fturur. \u00d6l\u00e7eklenebilirli\u011fi ki\u015fiselle\u015ftirilmi\u015f hizmetle birle\u015ftirerek i\u015fletmelerin y\u0131l boyunca d\u00fczenli Medjool hurmas\u0131 ak\u0131\u015f\u0131n\u0131 s\u00fcrd\u00fcrmelerine yard\u0131mc\u0131 oluruz.<\/p>\n<p><strong>Tedarik \u00e7\u00f6z\u00fcmlerimiz \u015funlar\u0131 i\u00e7erir:<\/strong><\/p>\n<ul>\n<li><strong>Toptan Sevkiyatlar:<\/strong> Toptanc\u0131lar ve distrib\u00fct\u00f6rler i\u00e7in tasarlanm\u0131\u015f b\u00fcy\u00fck \u00f6l\u00e7ekli sipari\u015fler, rekabet\u00e7i \u015fartlarda istikrarl\u0131 hacimler sa\u011flar.<\/li>\n<li><strong>Mevsimsel Planlama:<\/strong> Y\u00fcksek talep d\u00f6nemlerinde tedariki g\u00fcvence alt\u0131na almak i\u00e7in stratejik tahsis ve planlama, k\u0131tl\u0131k ve kesintileri en aza indirir.<\/li>\n<li><strong>\u00d6zelle\u015ftirilmi\u015f Ambalaj:<\/strong> Toptan kartonlardan perakendeye haz\u0131r \u00f6zel formatlara kadar pazar tercihlerine uygun esnek ambalaj se\u00e7enekleri.<\/li>\n<li><strong>Verimli Lojistik:<\/strong> G\u00fc\u00e7l\u00fc k\u00fcresel nakliye ortakl\u0131klar\u0131yla desteklenen h\u0131zl\u0131 ihracat s\u00fcre\u00e7leri, zaman\u0131nda teslimatlar sa\u011flar.<\/li>\n<\/ul>\n<h3>S\u0131n\u0131rlar\u0131n \u00d6tesinde \u0130\u015f Ortakl\u0131klar\u0131 Kurmak<\/h3>\n<p>PEI Trade\u2019de her i\u015flemi bir ili\u015fkinin ba\u015flang\u0131c\u0131 olarak g\u00f6r\u00fcyoruz. Y\u00fcksek kaliteli Medjool hurmas\u0131 teslim etmenin \u00f6tesinde, net ileti\u015fim, profesyonel hizmet ve tutarl\u0131 performansa odaklan\u0131yoruz.<\/p>\n<p>G\u00fcvenilirlik ve h\u0131zl\u0131 yan\u0131t\u0131 \u00f6nceliklendirerek, farkl\u0131 b\u00f6lgelerdeki al\u0131c\u0131larla uzun vadeli ortakl\u0131klar\u0131m\u0131z\u0131 g\u00fc\u00e7lendiriyor, kar\u015f\u0131l\u0131kl\u0131 b\u00fcy\u00fcme ve kal\u0131c\u0131 i\u015fbirli\u011fi sa\u011fl\u0131yoruz.<\/p>\n<section class=\"section\" style=\"padding: 65px 20px; background-color: #f9f9f9;\">\n<div class=\"container\">\n<h2>Medjool Hurmas\u0131 i\u00e7in PEI Trade ile \u0130leti\u015fime Ge\u00e7in<\/h2>\n<p>PEI Trade, M\u0131s\u0131r\u2019dan premium Medjool hurmalar\u0131n\u0131n g\u00fcvenilir bir kayna\u011f\u0131n\u0131 arayan uluslararas\u0131 al\u0131c\u0131lar\u0131n taleplerini memnuniyetle kar\u015f\u0131lar.<\/p>\n<p>Ekibimiz detayl\u0131 bilgi sa\u011flamaya, toptan sipari\u015flerde yard\u0131mc\u0131 olmaya ve pazar ihtiya\u00e7lar\u0131n\u0131za uygun i\u015f ortakl\u0131\u011f\u0131 f\u0131rsatlar\u0131n\u0131 g\u00f6r\u00fc\u015fmeye haz\u0131rd\u0131r.<\/p>\n<p style=\"text-align: center;\"><a href=\"https:\/\/peitrade.com\/tr\/contact-us\/\">Sipari\u015finizi Bug\u00fcn Ba\u015flat\u0131n<\/a><\/p>\n<\/div>\n<\/section>\n<section class=\"section\">\n<div class=\"container\">\n<h2>S\u0131k\u00e7a Sorulan Sorular<\/h2>\n<h3>PEI Trade\u2019in Medjool hurmalar\u0131n\u0131 uluslararas\u0131 pazarlar i\u00e7in ideal k\u0131lan nedir?<\/h3>\n<p>Her parti, tutarl\u0131l\u0131k, boyut ve sunum a\u00e7\u0131s\u0131ndan uygunlu\u011fu sa\u011flamak i\u00e7in \u00f6zenle hasat edilir, ay\u0131klan\u0131r ve paketlenir.<\/p>\n<h3>PEI Trade toptan sevkiyatlar\u0131 kar\u015f\u0131layabilir mi?<\/h3>\n<p>Evet, farkl\u0131 pazar gereksinimlerini kar\u015f\u0131lamak i\u00e7in b\u00fcy\u00fck \u00f6l\u00e7ekli ve \u00f6zelle\u015ftirilmi\u015f sipari\u015flerde esnek \u00e7\u00f6z\u00fcmler sunuyoruz.<\/p>\n<h3>Medjool hurmalar\u0131 y\u0131l boyunca mevcut mu?<\/h3>\n<p>PEI Trade, y\u0131l boyunca Medjool hurmas\u0131 tedarik etmek i\u00e7in mevsimsel bir plan uygular ve s\u00fcrekli bulunabilirlik sa\u011flar.<\/p>\n<h3>PEI Trade kalite standartlar\u0131n\u0131 nas\u0131l koruyor?<\/h3>\n<p>S\u0131k\u0131 s\u0131n\u0131fland\u0131rmalar, denetimler ve uluslararas\u0131 standartlara uygunluk sayesinde her sevkiyat y\u00fcksek kalite beklentilerini kar\u015f\u0131lar.<\/p>\n<h3>\u0130hracat i\u00e7in hangi ambalaj se\u00e7enekleri mevcut?<\/h3>\n<p>Toptan kartonlar, vakumlu paketler ve m\u00fc\u015fteri ihtiya\u00e7lar\u0131na uygun \u00f6zelle\u015ftirilmi\u015f ambalajlar sunuyoruz.<\/p>\n<h3>Uluslararas\u0131 sipari\u015flerin teslimat\u0131 ne kadar s\u00fcrer?<\/h3>\n<p>S\u00fcreler var\u0131\u015f noktas\u0131na g\u00f6re de\u011fi\u015fir, ancak PEI Trade g\u00fcvenilir uluslararas\u0131 ortaklarla h\u0131zl\u0131 lojistik ve zaman\u0131nda teslimat sa\u011flar.<\/p>\n<h3>PEI Trade s\u00fcrekli tedariki nas\u0131l garanti ediyor?<\/h3>\n<p>Yerel \u00e7iftliklerle koordinasyon ve stratejik lojistik y\u00f6netimi sayesinde uluslararas\u0131 al\u0131c\u0131lara d\u00fczenli ve g\u00fcvenilir sevkiyatlar sa\u011fl\u0131yoruz.<\/p>\n<\/div>\n<\/section>\n<\/div>\n<\/section>\n<\/div>\n<\/section>\n","protected":false},"excerpt":{"rendered":"<p>M\u0131s\u0131rl\u0131 Medjool Hurmas\u0131: Uluslararas\u0131 Al\u0131c\u0131lar i\u00e7in G\u00fcvenilir Tedarik Medjool hurmas\u0131, M\u0131s\u0131r\u2019\u0131n en tan\u0131nm\u0131\u015f ihracat \u00fcr\u00fcnlerinden biridir. B\u00fcy\u00fck boyutu, tutarl\u0131 kalitesi ve \u00fcst\u00fcn sunumu sayesinde uluslararas\u0131 pazarlarda s\u00fcrekli talep g\u00f6rmektedir. PEI Trade olarak, geleneksel yeti\u015ftiricili\u011fi modern lojistik uzmanl\u0131\u011f\u0131yla birle\u015ftiriyor ve her sevkiyat\u0131n m\u00fc\u015fterilere en iyi ko\u015fullarda ula\u015fmas\u0131n\u0131 sa\u011fl\u0131yoruz. G\u00fcvenilir \u00e7iftliklerden dikkatli temin s\u00fcrecinden ba\u015flayarak k\u00fcresel \u00f6l\u00e7ekte [&hellip;]<\/p>\n","protected":false},"author":1,"featured_media":0,"parent":0,"menu_order":0,"comment_status":"closed","ping_status":"closed","template":"","meta":{"footnotes":""},"class_list":["post-7070","page","type-page","status-publish","hentry"],"blocksy_meta":[],"mb":[],"featured_image_urls_v2":{"full":"","thumbnail":"","medium":"","medium_large":"","large":"","1536x1536":"","2048x2048":"","woocommerce_archive_thumbnail":"","woocommerce_thumbnail":"","woocommerce_single":"","woocommerce_gallery_thumbnail":""},"post_excerpt_stackable_v2":"<p>M\u0131s\u0131rl\u0131 Medjool Hurmas\u0131: Uluslararas\u0131 Al\u0131c\u0131lar i\u00e7in G\u00fcvenilir Tedarik Medjool hurmas\u0131, M\u0131s\u0131r\u2019\u0131n en tan\u0131nm\u0131\u015f ihracat \u00fcr\u00fcnlerinden biridir. B\u00fcy\u00fck boyutu, tutarl\u0131 kalitesi ve \u00fcst\u00fcn sunumu sayesinde uluslararas\u0131 pazarlarda s\u00fcrekli talep g\u00f6rmektedir. PEI Trade olarak, geleneksel yeti\u015ftiricili\u011fi modern lojistik uzmanl\u0131\u011f\u0131yla birle\u015ftiriyor ve her sevkiyat\u0131n m\u00fc\u015fterilere en iyi ko\u015fullarda ula\u015fmas\u0131n\u0131 sa\u011fl\u0131yoruz. G\u00fcvenilir \u00e7iftliklerden dikkatli temin s\u00fcrecinden ba\u015flayarak k\u00fcresel \u00f6l\u00e7ekte etkin da\u011f\u0131t\u0131ma kadar, Medjool hurmalar\u0131m\u0131z g\u00fcvenilirli\u011fi, istikrar\u0131 ve d\u00fcnya \u00e7ap\u0131ndaki al\u0131c\u0131lar\u0131n en y\u00fcksek beklentilerini kar\u015f\u0131lama kararl\u0131l\u0131\u011f\u0131m\u0131z\u0131 yans\u0131t\u0131r. Medjool Hurmas\u0131: Bir M\u00fckemmellik Gelene\u011fi Medjool hurmalar\u0131m\u0131z, onlar\u0131 d\u00fcnya \u00e7ap\u0131nda premium bir \u00fcr\u00fcn haline getiren k\u00f6kl\u00fc bir yeti\u015ftiricilik ve ticaret ge\u00e7mi\u015fine sahiptir. Bu miras\u0131 anlamak, al\u0131c\u0131lar\u0131n de\u011ferini kavramas\u0131na&hellip;<\/p>\n","category_list_v2":"","author_info_v2":{"name":"Mostafa Sabry","url":"https:\/\/peitrade.com\/tr\/author\/emostafaadel_jn8gcqbo\/"},"comments_num_v2":"0 comments","mfb_rest_fields":["title","blocksy_meta","featured_image_urls_v2","post_excerpt_stackable_v2","category_list_v2","author_info_v2","comments_num_v2"],"_links":{"self":[{"href":"https:\/\/peitrade.com\/tr\/wp-json\/wp\/v2\/pages\/7070","targetHints":{"allow":["GET"]}}],"collection":[{"href":"https:\/\/peitrade.com\/tr\/wp-json\/wp\/v2\/pages"}],"about":[{"href":"https:\/\/peitrade.com\/tr\/wp-json\/wp\/v2\/types\/page"}],"author":[{"embeddable":true,"href":"https:\/\/peitrade.com\/tr\/wp-json\/wp\/v2\/users\/1"}],"replies":[{"embeddable":true,"href":"https:\/\/peitrade.com\/tr\/wp-json\/wp\/v2\/comments?post=7070"}],"version-history":[{"count":1,"href":"https:\/\/peitrade.com\/tr\/wp-json\/wp\/v2\/pages\/7070\/revisions"}],"predecessor-version":[{"id":7071,"href":"https:\/\/peitrade.com\/tr\/wp-json\/wp\/v2\/pages\/7070\/revisions\/7071"}],"wp:attachment":[{"href":"https:\/\/peitrade.com\/tr\/wp-json\/wp\/v2\/media?parent=7070"}],"curies":[{"name":"wp","href":"https:\/\/api.w.org\/{rel}","templated":true}]}}