{"id":8041,"date":"2025-11-09T13:40:25","date_gmt":"2025-11-09T13:40:25","guid":{"rendered":"http:\/\/46.224.74.15\/cerez-politikasi\/"},"modified":"2025-11-26T12:24:45","modified_gmt":"2025-11-26T12:24:45","slug":"cerez-politikasi","status":"publish","type":"page","link":"https:\/\/peitrade.com\/tr\/cerez-politikasi\/","title":{"rendered":"\u00c7erez Politikas\u0131"},"content":{"rendered":"\n<p>Y\u00fcr\u00fcrl\u00fck tarihi: 9 Kas\u0131m 2025<\/p>\n\n<h2 class=\"wp-block-heading\">1) \u00c7erez nedir?<\/h2>\n\n<p>\u00c7erezler; sitenin \u00e7al\u0131\u015fmas\u0131n\u0131 sa\u011flamak, tercihleri hat\u0131rlamak, performans\u0131 iyile\u015ftirmek ve kullan\u0131m\u0131 analiz etmek i\u00e7in cihaz\u0131n\u0131za kaydedilen k\u00fc\u00e7\u00fck metin dosyalar\u0131d\u0131r.<\/p>\n\n<h2 class=\"wp-block-heading\">2) \u00c7erezleri nas\u0131l kullan\u0131yoruz<\/h2>\n\n<ul class=\"wp-block-list\">\n<li>Kesinlikle gerekli \u2013 g\u00fcvenlik, y\u00fck dengeleme, onay (r\u0131za) y\u00f6netimi.<\/li>\n\n\n\n<li>Performans\/Analitik \u2013 ziyaretler ve sayfa g\u00f6r\u00fcnt\u00fclemeleri hakk\u0131nda birle\u015ftirilmi\u015f istatistikler.<\/li>\n\n\n\n<li>Fonksiyonel \u2013 dili veya form alanlar\u0131na girilen bilgileri hat\u0131rlar.<\/li>\n\n\n\n<li>Reklam\/Remarketing \u2013 yaln\u0131zca etkinle\u015ftirilmi\u015fse; i\u015f orta\u011f\u0131 platformlarda ilgili reklamlar\u0131 g\u00f6stermek i\u00e7in kullan\u0131l\u0131r.<\/li>\n<\/ul>\n\n<h2 class=\"wp-block-heading\">3) Tercihlerin y\u00f6netimi<\/h2>\n\n<p>Siteyi ilk ziyaretinizde bir onay banner\u2019\u0131 g\u00f6r\u00fcrs\u00fcn\u00fcz. Kategorileri kabul edebilir, reddedebilir veya \u00f6zelle\u015ftirebilir ve se\u00e7imlerinizi diledi\u011finiz zaman alt k\u0131s\u0131mdaki \u00ab\u00c7erez Ayarlar\u0131\u00bb ba\u011flant\u0131s\u0131 ya da taray\u0131c\u0131 ayarlar\u0131 \u00fczerinden g\u00fcncelleyebilirsiniz. Baz\u0131 \u00e7erezleri engellemek, sitenin belirli \u00f6zelliklerini etkileyebilir.  <\/p>\n\n<h2 class=\"wp-block-heading\">4) Saklama s\u00fcresi<\/h2>\n\n<p>\u00c7erezlerin saklama s\u00fcresi, kategoriye ve sa\u011flay\u0131c\u0131ya g\u00f6re de\u011fi\u015fir. Oturum \u00e7erezleri, taray\u0131c\u0131y\u0131 kapatt\u0131\u011f\u0131n\u0131zda sona erer; kal\u0131c\u0131 \u00e7erezler daha uzun s\u00fcre (genellikle 1\u201324 ay) saklan\u0131r. Kesin biti\u015f tarihlerini g\u00f6rmek i\u00e7in taray\u0131c\u0131 ayarlar\u0131n\u0131za bakabilirsiniz.  <\/p>\n","protected":false},"excerpt":{"rendered":"<p>Y\u00fcr\u00fcrl\u00fck tarihi: 9 Kas\u0131m 2025 1) \u00c7erez nedir? \u00c7erezler; sitenin \u00e7al\u0131\u015fmas\u0131n\u0131 sa\u011flamak, tercihleri hat\u0131rlamak, performans\u0131 iyile\u015ftirmek ve kullan\u0131m\u0131 analiz etmek i\u00e7in cihaz\u0131n\u0131za kaydedilen k\u00fc\u00e7\u00fck metin dosyalar\u0131d\u0131r. 2) \u00c7erezleri nas\u0131l kullan\u0131yoruz 3) Tercihlerin y\u00f6netimi Siteyi ilk ziyaretinizde bir onay banner\u2019\u0131 g\u00f6r\u00fcrs\u00fcn\u00fcz. Kategorileri kabul edebilir, reddedebilir veya \u00f6zelle\u015ftirebilir ve se\u00e7imlerinizi diledi\u011finiz zaman alt k\u0131s\u0131mdaki \u00ab\u00c7erez Ayarlar\u0131\u00bb ba\u011flant\u0131s\u0131 [&hellip;]<\/p>\n","protected":false},"author":1,"featured_media":0,"parent":0,"menu_order":0,"comment_status":"closed","ping_status":"closed","template":"","meta":{"footnotes":""},"class_list":["post-8041","page","type-page","status-publish","hentry"],"blocksy_meta":[],"mb":[],"featured_image_urls_v2":{"full":"","thumbnail":"","medium":"","medium_large":"","large":"","1536x1536":"","2048x2048":"","woocommerce_archive_thumbnail":"","woocommerce_thumbnail":"","woocommerce_single":"","woocommerce_gallery_thumbnail":""},"post_excerpt_stackable_v2":"<p>Y\u00fcr\u00fcrl\u00fck tarihi: 9 Kas\u0131m 2025 1) \u00c7erez nedir? \u00c7erezler; sitenin \u00e7al\u0131\u015fmas\u0131n\u0131 sa\u011flamak, tercihleri hat\u0131rlamak, performans\u0131 iyile\u015ftirmek ve kullan\u0131m\u0131 analiz etmek i\u00e7in cihaz\u0131n\u0131za kaydedilen k\u00fc\u00e7\u00fck metin dosyalar\u0131d\u0131r. 2) \u00c7erezleri nas\u0131l kullan\u0131yoruz Kesinlikle gerekli \u2013 g\u00fcvenlik, y\u00fck dengeleme, onay (r\u0131za) y\u00f6netimi. Performans\/Analitik \u2013 ziyaretler ve sayfa g\u00f6r\u00fcnt\u00fclemeleri hakk\u0131nda birle\u015ftirilmi\u015f istatistikler. Fonksiyonel \u2013 dili veya form alanlar\u0131na girilen bilgileri hat\u0131rlar. Reklam\/Remarketing \u2013 yaln\u0131zca etkinle\u015ftirilmi\u015fse; i\u015f orta\u011f\u0131 platformlarda ilgili reklamlar\u0131 g\u00f6stermek i\u00e7in kullan\u0131l\u0131r. 3) Tercihlerin y\u00f6netimi Siteyi ilk ziyaretinizde bir onay banner\u2019\u0131 g\u00f6r\u00fcrs\u00fcn\u00fcz. Kategorileri kabul edebilir, reddedebilir veya \u00f6zelle\u015ftirebilir ve se\u00e7imlerinizi diledi\u011finiz zaman alt k\u0131s\u0131mdaki \u00ab\u00c7erez Ayarlar\u0131\u00bb ba\u011flant\u0131s\u0131 ya da taray\u0131c\u0131 ayarlar\u0131 \u00fczerinden g\u00fcncelleyebilirsiniz.&hellip;<\/p>\n","category_list_v2":"","author_info_v2":{"name":"Mostafa Sabry","url":"https:\/\/peitrade.com\/tr\/author\/emostafaadel_jn8gcqbo\/"},"comments_num_v2":"0 comments","mfb_rest_fields":["title","blocksy_meta","featured_image_urls_v2","post_excerpt_stackable_v2","category_list_v2","author_info_v2","comments_num_v2"],"_links":{"self":[{"href":"https:\/\/peitrade.com\/tr\/wp-json\/wp\/v2\/pages\/8041","targetHints":{"allow":["GET"]}}],"collection":[{"href":"https:\/\/peitrade.com\/tr\/wp-json\/wp\/v2\/pages"}],"about":[{"href":"https:\/\/peitrade.com\/tr\/wp-json\/wp\/v2\/types\/page"}],"author":[{"embeddable":true,"href":"https:\/\/peitrade.com\/tr\/wp-json\/wp\/v2\/users\/1"}],"replies":[{"embeddable":true,"href":"https:\/\/peitrade.com\/tr\/wp-json\/wp\/v2\/comments?post=8041"}],"version-history":[{"count":1,"href":"https:\/\/peitrade.com\/tr\/wp-json\/wp\/v2\/pages\/8041\/revisions"}],"predecessor-version":[{"id":8042,"href":"https:\/\/peitrade.com\/tr\/wp-json\/wp\/v2\/pages\/8041\/revisions\/8042"}],"wp:attachment":[{"href":"https:\/\/peitrade.com\/tr\/wp-json\/wp\/v2\/media?parent=8041"}],"curies":[{"name":"wp","href":"https:\/\/api.w.org\/{rel}","templated":true}]}}