{"id":5129,"date":"2025-11-12T17:11:12","date_gmt":"2025-11-12T17:11:12","guid":{"rendered":"http:\/\/46.224.74.15\/product\/incir\/"},"modified":"2025-11-12T17:11:12","modified_gmt":"2025-11-12T17:11:12","slug":"incir","status":"publish","type":"product","link":"https:\/\/peitrade.com\/tr\/product\/incir\/","title":{"rendered":"\u0130ncir"},"content":{"rendered":"<h2>Premium M\u0131s\u0131r incirleri \u2013 do\u011fal olarak tatl\u0131 ve ihracata tam haz\u0131r<\/h2>\n<p>M\u0131s\u0131r, besin a\u00e7\u0131s\u0131ndan zengin topraklarda ve ideal Akdeniz ikliminde yeti\u015ftirilen, son derece tatl\u0131 ve g\u00fcne\u015fte olgunla\u015fm\u0131\u015f incirleriyle tan\u0131n\u0131r. Bu incirler, en uygun olgunluk a\u015famas\u0131nda elle toplan\u0131r ve geli\u015fmi\u015f hasat sonras\u0131 tekniklerle i\u015flenerek en y\u00fcksek tazelik, uzun raf \u00f6mr\u00fc ve ihracat kalitesinde \u00fcr\u00fcn elde edilir. <\/p>\n<h3>Neden M\u0131s\u0131r inciri?<\/h3>\n<p>\u2714 Tatl\u0131, yumu\u015fak doku ve yo\u011fun aroma<br \/>\n\u2714 \u00c7iftlikten y\u00fcklemeye kadar s\u0131k\u0131 kalite kontrol<br \/>\n\u2714 Taze ve kuru formatlarda sunulabilir<br \/>\n\u2714 K\u00fcresel sertifikalar ve ihracat mevzuat\u0131na uyum<br \/>\n\u2714 Rekabet\u00e7i toptan fiyatlar<\/p>\n<h3>Neden PEI Trade\u2019den incir?<\/h3>\n<p>\u2714 \u00dcst d\u00fczey ihracat standartlar\u0131: Uluslararas\u0131 kalite taleplerini kar\u015f\u0131lamak \u00fczere \u00f6zenle ay\u0131klanm\u0131\u015f ve paketlenmi\u015f \u00fcr\u00fcn<br \/>\n\u2714 Sertifikal\u0131 tar\u0131m uygulamalar\u0131: GAP sertifikal\u0131 \u00fcretim ve kat\u0131 g\u0131da g\u00fcvenli\u011fi uyumu<br \/>\n\u2714 Esnek tedarik se\u00e7enekleri: Toptan, perakende ve da\u011f\u0131t\u0131m i\u00e7in \u00f6l\u00e7eklenebilir hacimler ve ambalaj \u00e7\u00f6z\u00fcmleri<br \/>\n\u2714 G\u00fcvenilir ihracat y\u00f6netimi: H\u0131zl\u0131 evrak i\u015flemleri, etkin lojistik ve tam izlenebilirlik <\/p>\n<h3>\u0130hracat s\u00fcreci ve paketleme<\/h3>\n<p>\u0130ncirler dikkatle ay\u0131klan\u0131r, s\u0131n\u0131fland\u0131r\u0131l\u0131r ve t\u00fcm gerekli bitki sa\u011fl\u0131\u011f\u0131 ve kalite sertifikalar\u0131n\u0131 i\u00e7eren, ihracata uygun \u00f6zel ambalajlarda paketlenir. Uluslararas\u0131 al\u0131c\u0131lar\u0131n taleplerini kar\u015f\u0131lamak i\u00e7in h\u0131zl\u0131 lojistik ve k\u00fcresel sevkiyat se\u00e7enekleri sunuyoruz. <\/p>\n","protected":false},"excerpt":{"rendered":"<h2>K\u00fcresel ihracat i\u00e7in premium M\u0131s\u0131r inciri<\/h2>\n<p>Do\u011fal olarak tatl\u0131, besin a\u00e7\u0131s\u0131ndan zengin ve ihracat i\u00e7in taze paketlenen M\u0131s\u0131r incirleri, ideal Akdeniz ko\u015fullar\u0131nda yeti\u015ftirilir ve tazelik ile tutarl\u0131 kaliteyi garanti etmek i\u00e7in en uygun olgunlukta elle hasat edilir.<br \/>\n<!--StartFragment --><\/p>\n<p><!--EndFragment --><\/p>\n","protected":false},"featured_media":5128,"template":"","meta":{"jetpack_publicize_message":"","jetpack_publicize_feature_enabled":true,"jetpack_social_post_already_shared":false,"jetpack_social_options":{"image_generator_settings":{"template":"highway","default_image_id":0,"font":"","enabled":false},"version":2}},"product_brand":[],"product_cat":[332],"product_tag":[],"class_list":{"0":"post-5129","1":"product","2":"type-product","3":"status-publish","4":"has-post-thumbnail","6":"product_cat-fruits","8":"first","9":"instock","10":"shipping-taxable","11":"product-type-simple"},"mb":[],"featured_image_urls_v2":{"full":["https:\/\/peitrade.com\/wp-content\/uploads\/2025\/11\/Egyptian-Figs.webp",1024,1024,false],"thumbnail":["https:\/\/peitrade.com\/wp-content\/uploads\/2025\/11\/Egyptian-Figs-150x150.webp",150,150,true],"medium":["https:\/\/peitrade.com\/wp-content\/uploads\/2025\/11\/Egyptian-Figs-300x300.webp",300,300,true],"medium_large":["https:\/\/peitrade.com\/wp-content\/uploads\/2025\/11\/Egyptian-Figs-768x768.webp",768,768,true],"large":["https:\/\/peitrade.com\/wp-content\/uploads\/2025\/11\/Egyptian-Figs.webp",1024,1024,false],"1536x1536":["https:\/\/peitrade.com\/wp-content\/uploads\/2025\/11\/Egyptian-Figs.webp",1024,1024,false],"2048x2048":["https:\/\/peitrade.com\/wp-content\/uploads\/2025\/11\/Egyptian-Figs.webp",1024,1024,false],"woocommerce_archive_thumbnail":["https:\/\/peitrade.com\/wp-content\/uploads\/2025\/11\/Egyptian-Figs-300x300.webp",300,300,true],"woocommerce_thumbnail":["https:\/\/peitrade.com\/wp-content\/uploads\/2025\/11\/Egyptian-Figs-300x300.webp",300,300,true],"woocommerce_single":["https:\/\/peitrade.com\/wp-content\/uploads\/2025\/11\/Egyptian-Figs-600x600.webp",600,600,true],"woocommerce_gallery_thumbnail":["https:\/\/peitrade.com\/wp-content\/uploads\/2025\/11\/Egyptian-Figs-100x100.webp",100,100,true]},"post_excerpt_stackable_v2":"<h2>K\u00fcresel ihracat i\u00e7in premium M\u0131s\u0131r inciri<\/h2>\n<p>Do\u011fal olarak tatl\u0131, besin a\u00e7\u0131s\u0131ndan zengin ve ihracat i\u00e7in taze paketlenen M\u0131s\u0131r incirleri, ideal Akdeniz ko\u015fullar\u0131nda yeti\u015ftirilir ve tazelik ile tutarl\u0131 kaliteyi garanti etmek i\u00e7in en uygun olgunlukta elle hasat edilir.<br \/>\n<!--StartFragment --><\/p>\n<p><!--EndFragment --><\/p>\n","category_list_v2":"","author_info_v2":{"name":"","url":""},"comments_num_v2":"0 comments","jetpack_publicize_connections":[],"mfb_rest_fields":["title","featured_image_urls_v2","post_excerpt_stackable_v2","category_list_v2","author_info_v2","comments_num_v2","jetpack_publicize_connections"],"_links":{"self":[{"href":"https:\/\/peitrade.com\/tr\/wp-json\/wp\/v2\/product\/5129","targetHints":{"allow":["GET"]}}],"collection":[{"href":"https:\/\/peitrade.com\/tr\/wp-json\/wp\/v2\/product"}],"about":[{"href":"https:\/\/peitrade.com\/tr\/wp-json\/wp\/v2\/types\/product"}],"wp:featuredmedia":[{"embeddable":true,"href":"https:\/\/peitrade.com\/tr\/wp-json\/wp\/v2\/media\/5128"}],"wp:attachment":[{"href":"https:\/\/peitrade.com\/tr\/wp-json\/wp\/v2\/media?parent=5129"}],"wp:term":[{"taxonomy":"product_brand","embeddable":true,"href":"https:\/\/peitrade.com\/tr\/wp-json\/wp\/v2\/product_brand?post=5129"},{"taxonomy":"product_cat","embeddable":true,"href":"https:\/\/peitrade.com\/tr\/wp-json\/wp\/v2\/product_cat?post=5129"},{"taxonomy":"product_tag","embeddable":true,"href":"https:\/\/peitrade.com\/tr\/wp-json\/wp\/v2\/product_tag?post=5129"}],"curies":[{"name":"wp","href":"https:\/\/api.w.org\/{rel}","templated":true}]}}