{"id":5145,"date":"2025-11-12T17:11:11","date_gmt":"2025-11-12T17:11:11","guid":{"rendered":"http:\/\/46.224.74.15\/product\/donmus-bamya\/"},"modified":"2025-11-12T17:11:11","modified_gmt":"2025-11-12T17:11:11","slug":"donmus-bamya","status":"publish","type":"product","link":"https:\/\/peitrade.com\/tr\/product\/donmus-bamya\/","title":{"rendered":"Donmu\u015f bamya"},"content":{"rendered":"<h2>Premium donmu\u015f bamya \u2013 M\u0131s\u0131r\u2019dan y\u00fcksek kaliteli bamya<\/h2>\n<p>Donmu\u015f bamyam\u0131z, zengin topraklar\u0131 ve ideal iklimiyle yumu\u015fak ve lezzetli bamya kaps\u00fclleriyle tan\u0131nan verimli M\u0131s\u0131r tarlalar\u0131ndan hasat edilir. Do\u011fal tat, renk ve besin de\u011ferini korumak i\u00e7in \u00f6zenle i\u015flenir ve \u015fok dondurma y\u00f6ntemiyle dondurulur; bu da onu d\u00fcnya \u00e7ap\u0131ndaki pazarlar ve yemekler i\u00e7in ideal bir bile\u015fen h\u00e2line getirir.<\/p>\n<h3>Neden donmu\u015f bamyam\u0131z\u0131 tercih etmelisiniz?<\/h3>\n<p>\u2714 Tazeli\u011fi korumak i\u00e7in \u015fok dondurma<br \/>\n\u2714 Katk\u0131 ve koruyucu madde i\u00e7ermez<br \/>\n\u2714 Perakende ve g\u0131da hizmetleri i\u00e7in ideal, uniform boyut, renk ve kesim<br \/>\n\u2714 Uluslararas\u0131 g\u0131da g\u00fcvenli\u011fi standartlar\u0131n\u0131 kar\u015f\u0131lar<br \/>\n\u2714 Birden fazla kalite s\u0131n\u0131f\u0131 ve ambalaj se\u00e7ene\u011fi mevcuttur<br \/>\n\u2714 Y\u0131l boyu bulunabilirlik ile rekabet\u00e7i fiyatlar<\/p>\n<h3>Neden donmu\u015f bamya i\u00e7in PEI Trade?<\/h3>\n<p>\u2714 Geli\u015fmi\u015f dondurma tesisleri: HACCP ve ISO sertifikal\u0131 \u00fcretim hatlar\u0131<br \/>\n\u2714 Esnek ihracat se\u00e7enekleri: Pazar gerekliliklerine g\u00f6re \u00f6zelle\u015ftirilmi\u015f ambalaj<br \/>\n\u2714 Tam uyum ve izlenebilirlik: Uluslararas\u0131 sertifikalar ve ilgili t\u00fcm dok\u00fcmanlar d\u00e2hil<br \/>\n\u2714 G\u00fcvenilir lojistik: Kalite g\u00fcvencesi i\u00e7in s\u0131cakl\u0131k kontroll\u00fc sevkiyat<br \/>\n\u2714 S\u00fcrekli tedarik: Rekabet\u00e7i fiyatland\u0131rma ve g\u00fcvenilir teslimat <\/p>\n<h3>Donmu\u015f bamya ihracat\u0131<\/h3>\n<p>Bamya d\u00e2hil olmak \u00fczere donmu\u015f sebze ihracat\u0131nda uzman\u0131z. T\u00fcm \u00fcr\u00fcnler, uluslararas\u0131 mevzuata uyum ve tazelik sa\u011flamak i\u00e7in s\u0131k\u0131 kalite kontrol s\u00fcre\u00e7lerinden ve eksiksiz bir so\u011fuk zincir lojisti\u011finden ge\u00e7irilir.<\/p>\n","protected":false},"excerpt":{"rendered":"<h2 data-start=\"314\" data-end=\"578\">Premium M\u0131s\u0131r donmu\u015f bamyas\u0131<\/h2>\n<p data-start=\"314\" data-end=\"578\">En y\u00fcksek tazelik d\u00f6neminde hasat edilip tat ve besinleri koruyacak \u015fekilde \u015fok dondurulan bamyam\u0131z, lif a\u00e7\u0131s\u0131ndan zengindir, %100 do\u011fald\u0131r ve katk\u0131 maddesi i\u00e7ermez. D\u00fcnya mutfaklar\u0131 i\u00e7in idealdir ve uluslararas\u0131 ihracat standartlar\u0131n\u0131 kar\u015f\u0131lar. <\/p>\n<p data-start=\"2721\" data-end=\"2953\">\n","protected":false},"featured_media":5144,"template":"","meta":{"jetpack_publicize_message":"","jetpack_publicize_feature_enabled":true,"jetpack_social_post_already_shared":false,"jetpack_social_options":{"image_generator_settings":{"template":"highway","default_image_id":0,"font":"","enabled":false},"version":2}},"product_brand":[],"product_cat":[324],"product_tag":[],"class_list":{"0":"post-5145","1":"product","2":"type-product","3":"status-publish","4":"has-post-thumbnail","6":"product_cat-dondurulmus-gidalar","8":"first","9":"instock","10":"shipping-taxable","11":"product-type-simple"},"mb":[],"featured_image_urls_v2":{"full":["https:\/\/peitrade.com\/wp-content\/uploads\/2025\/11\/Egyptian-Frozen-Okra.webp",1024,1024,false],"thumbnail":["https:\/\/peitrade.com\/wp-content\/uploads\/2025\/11\/Egyptian-Frozen-Okra-150x150.webp",150,150,true],"medium":["https:\/\/peitrade.com\/wp-content\/uploads\/2025\/11\/Egyptian-Frozen-Okra-300x300.webp",300,300,true],"medium_large":["https:\/\/peitrade.com\/wp-content\/uploads\/2025\/11\/Egyptian-Frozen-Okra-768x768.webp",768,768,true],"large":["https:\/\/peitrade.com\/wp-content\/uploads\/2025\/11\/Egyptian-Frozen-Okra.webp",1024,1024,false],"1536x1536":["https:\/\/peitrade.com\/wp-content\/uploads\/2025\/11\/Egyptian-Frozen-Okra.webp",1024,1024,false],"2048x2048":["https:\/\/peitrade.com\/wp-content\/uploads\/2025\/11\/Egyptian-Frozen-Okra.webp",1024,1024,false],"woocommerce_archive_thumbnail":["https:\/\/peitrade.com\/wp-content\/uploads\/2025\/11\/Egyptian-Frozen-Okra-300x300.webp",300,300,true],"woocommerce_thumbnail":["https:\/\/peitrade.com\/wp-content\/uploads\/2025\/11\/Egyptian-Frozen-Okra-300x300.webp",300,300,true],"woocommerce_single":["https:\/\/peitrade.com\/wp-content\/uploads\/2025\/11\/Egyptian-Frozen-Okra-600x600.webp",600,600,true],"woocommerce_gallery_thumbnail":["https:\/\/peitrade.com\/wp-content\/uploads\/2025\/11\/Egyptian-Frozen-Okra-100x100.webp",100,100,true]},"post_excerpt_stackable_v2":"<h2 data-start=\"314\" data-end=\"578\">Premium M\u0131s\u0131r donmu\u015f bamyas\u0131<\/h2>\n<p data-start=\"314\" data-end=\"578\">En y\u00fcksek tazelik d\u00f6neminde hasat edilip tat ve besinleri koruyacak \u015fekilde \u015fok dondurulan bamyam\u0131z, lif a\u00e7\u0131s\u0131ndan zengindir, %100 do\u011fald\u0131r ve katk\u0131 maddesi i\u00e7ermez. D\u00fcnya mutfaklar\u0131 i\u00e7in idealdir ve uluslararas\u0131 ihracat standartlar\u0131n\u0131 kar\u015f\u0131lar. <\/p>\n<p data-start=\"2721\" data-end=\"2953\">\n","category_list_v2":"","author_info_v2":{"name":"","url":""},"comments_num_v2":"0 comments","jetpack_publicize_connections":[],"mfb_rest_fields":["title","featured_image_urls_v2","post_excerpt_stackable_v2","category_list_v2","author_info_v2","comments_num_v2","jetpack_publicize_connections"],"_links":{"self":[{"href":"https:\/\/peitrade.com\/tr\/wp-json\/wp\/v2\/product\/5145","targetHints":{"allow":["GET"]}}],"collection":[{"href":"https:\/\/peitrade.com\/tr\/wp-json\/wp\/v2\/product"}],"about":[{"href":"https:\/\/peitrade.com\/tr\/wp-json\/wp\/v2\/types\/product"}],"wp:featuredmedia":[{"embeddable":true,"href":"https:\/\/peitrade.com\/tr\/wp-json\/wp\/v2\/media\/5144"}],"wp:attachment":[{"href":"https:\/\/peitrade.com\/tr\/wp-json\/wp\/v2\/media?parent=5145"}],"wp:term":[{"taxonomy":"product_brand","embeddable":true,"href":"https:\/\/peitrade.com\/tr\/wp-json\/wp\/v2\/product_brand?post=5145"},{"taxonomy":"product_cat","embeddable":true,"href":"https:\/\/peitrade.com\/tr\/wp-json\/wp\/v2\/product_cat?post=5145"},{"taxonomy":"product_tag","embeddable":true,"href":"https:\/\/peitrade.com\/tr\/wp-json\/wp\/v2\/product_tag?post=5145"}],"curies":[{"name":"wp","href":"https:\/\/api.w.org\/{rel}","templated":true}]}}