{"id":7445,"date":"2025-11-10T11:47:16","date_gmt":"2025-11-10T11:47:16","guid":{"rendered":"http:\/\/46.224.74.15\/product\/salatalik\/"},"modified":"2025-11-10T11:47:16","modified_gmt":"2025-11-10T11:47:16","slug":"salatalik","status":"publish","type":"product","link":"https:\/\/peitrade.com\/tr\/product\/salatalik\/","title":{"rendered":"Salatal\u0131k"},"content":{"rendered":"<h2>Taze M\u0131s\u0131r salatal\u0131klar\u0131 \u2013 \u00e7\u0131t\u0131r, temiz ve ihracata haz\u0131r<\/h2>\n<p>M\u0131s\u0131r, kontroll\u00fc tar\u0131m uygulamalar\u0131yla yeti\u015ftirilen taze salatal\u0131klar\u0131n \u00f6nemli bir tedarik\u00e7isidir. Bu sayede meyveler; d\u00fczg\u00fcn forma, canl\u0131 ye\u015fil renge ve olduk\u00e7a \u00e7\u0131t\u0131r bir dokuya sahip olur. M\u0131s\u0131r salatal\u0131klar\u0131, uluslararas\u0131 pazarlar\u0131n s\u0131k\u0131 kalite taleplerini kar\u015f\u0131lamak i\u00e7in en y\u00fcksek tazelik seviyesinde hasat edilir. <\/p>\n<h3>Neden M\u0131s\u0131r salatal\u0131\u011f\u0131 ihra\u00e7 etmelisiniz?<\/h3>\n<p>\u2714 Tutarl\u0131 kalibre ve p\u00fcr\u00fczs\u00fcz kabuk<\/p>\n<p>\u2714 Sera yeti\u015ftiricili\u011fi sayesinde y\u0131l boyunca tedarik imk\u00e2n\u0131<\/p>\n<p>\u2714 GAP sertifikal\u0131 \u00e7iftlikler ve s\u0131k\u0131 hasat-sonras\u0131 protokoller<\/p>\n<p>\u2714 H\u0131zl\u0131 elle\u00e7leme ve s\u0131cakl\u0131k kontroll\u00fc lojistik<\/p>\n<h3>Neden salatal\u0131k ihracat\u0131nda PEI Trade?<\/h3>\n<p>\u2714 Tutarl\u0131 k\u00fcresel standart: Uluslararas\u0131 al\u0131c\u0131 gerekliliklerini kar\u015f\u0131layacak \u015fekilde hasat ve s\u0131n\u0131fland\u0131rma<br \/>\n\u2714 \u0130hracata haz\u0131r: GAP standartlar\u0131na uyum, g\u0131da g\u00fcvenli\u011fi sertifikalar\u0131 ve tam izlenebilirlik<br \/>\n\u2714 Verimli lojistik: Salatal\u0131\u011f\u0131n tazeli\u011fini ve \u00e7\u0131t\u0131rl\u0131\u011f\u0131n\u0131 koruyan s\u0131cakl\u0131k kontroll\u00fc ta\u015f\u0131ma<br \/>\n\u2714 G\u00fcvenilir tedarik: Toptanc\u0131 ve distrib\u00fct\u00f6rler i\u00e7in esnek sipari\u015f hacimleri ve istikrarl\u0131 bulunabilirlik <\/p>\n<h3>\u0130hracat ve \u00fcr\u00fcn elle\u00e7leme standartlar\u0131<\/h3>\n<p>T\u00fcm salatal\u0131klar, uluslararas\u0131 bitki sa\u011fl\u0131\u011f\u0131 ve ambalaj standartlar\u0131na tam uyumlu \u015fekilde s\u0131n\u0131fland\u0131r\u0131l\u0131r, derecelendirilir ve ihracata haz\u0131r kasalara paketlenir. \u0130hracat deste\u011fi; etiketleme, izlenebilirlik ve dok\u00fcmantasyonu kapsar. <\/p>\n","protected":false},"excerpt":{"rendered":"<h2>Taze M\u0131s\u0131r salatal\u0131klar\u0131<\/h2>\n<p>Sera \u00fcretimi, \u00e7\u0131t\u0131r ve temiz M\u0131s\u0131r salatal\u0131klar\u0131; toplu ihracat i\u00e7in \u00f6zenle paketlenir. Kusursuz form, taze lezzet ve k\u00fcresel pazarlar i\u00e7in sertifikal\u0131 kalite. <\/p>\n<p><!--StartFragment --><\/p>\n<p><!--EndFragment --><\/p>\n","protected":false},"featured_media":7442,"template":"","meta":{"jetpack_publicize_message":"","jetpack_publicize_feature_enabled":true,"jetpack_social_post_already_shared":false,"jetpack_social_options":{"image_generator_settings":{"template":"highway","default_image_id":0,"font":"","enabled":false},"version":2}},"product_brand":[],"product_cat":[356],"product_tag":[],"class_list":{"0":"post-7445","1":"product","2":"type-product","3":"status-publish","4":"has-post-thumbnail","6":"product_cat-vegetables","8":"first","9":"instock","10":"shipping-taxable","11":"product-type-simple"},"mb":[],"featured_image_urls_v2":{"full":["https:\/\/peitrade.com\/wp-content\/uploads\/2025\/11\/Egyptian-Cucumbers-1.webp",1024,1024,false],"thumbnail":["https:\/\/peitrade.com\/wp-content\/uploads\/2025\/11\/Egyptian-Cucumbers-1-150x150.webp",150,150,true],"medium":["https:\/\/peitrade.com\/wp-content\/uploads\/2025\/11\/Egyptian-Cucumbers-1-300x300.webp",300,300,true],"medium_large":["https:\/\/peitrade.com\/wp-content\/uploads\/2025\/11\/Egyptian-Cucumbers-1-768x768.webp",768,768,true],"large":["https:\/\/peitrade.com\/wp-content\/uploads\/2025\/11\/Egyptian-Cucumbers-1.webp",1024,1024,false],"1536x1536":["https:\/\/peitrade.com\/wp-content\/uploads\/2025\/11\/Egyptian-Cucumbers-1.webp",1024,1024,false],"2048x2048":["https:\/\/peitrade.com\/wp-content\/uploads\/2025\/11\/Egyptian-Cucumbers-1.webp",1024,1024,false],"woocommerce_archive_thumbnail":["https:\/\/peitrade.com\/wp-content\/uploads\/2025\/11\/Egyptian-Cucumbers-1-300x300.webp",300,300,true],"woocommerce_thumbnail":["https:\/\/peitrade.com\/wp-content\/uploads\/2025\/11\/Egyptian-Cucumbers-1-300x300.webp",300,300,true],"woocommerce_single":["https:\/\/peitrade.com\/wp-content\/uploads\/2025\/11\/Egyptian-Cucumbers-1-600x600.webp",600,600,true],"woocommerce_gallery_thumbnail":["https:\/\/peitrade.com\/wp-content\/uploads\/2025\/11\/Egyptian-Cucumbers-1-100x100.webp",100,100,true]},"post_excerpt_stackable_v2":"<h2>Taze M\u0131s\u0131r salatal\u0131klar\u0131<\/h2>\n<p>Sera \u00fcretimi, \u00e7\u0131t\u0131r ve temiz M\u0131s\u0131r salatal\u0131klar\u0131; toplu ihracat i\u00e7in \u00f6zenle paketlenir. Kusursuz form, taze lezzet ve k\u00fcresel pazarlar i\u00e7in sertifikal\u0131 kalite. <\/p>\n<p><!--StartFragment --><\/p>\n<p><!--EndFragment --><\/p>\n","category_list_v2":"","author_info_v2":{"name":"","url":""},"comments_num_v2":"0 comments","jetpack_publicize_connections":[],"mfb_rest_fields":["title","featured_image_urls_v2","post_excerpt_stackable_v2","category_list_v2","author_info_v2","comments_num_v2","jetpack_publicize_connections"],"_links":{"self":[{"href":"https:\/\/peitrade.com\/tr\/wp-json\/wp\/v2\/product\/7445","targetHints":{"allow":["GET"]}}],"collection":[{"href":"https:\/\/peitrade.com\/tr\/wp-json\/wp\/v2\/product"}],"about":[{"href":"https:\/\/peitrade.com\/tr\/wp-json\/wp\/v2\/types\/product"}],"wp:featuredmedia":[{"embeddable":true,"href":"https:\/\/peitrade.com\/tr\/wp-json\/wp\/v2\/media\/7442"}],"wp:attachment":[{"href":"https:\/\/peitrade.com\/tr\/wp-json\/wp\/v2\/media?parent=7445"}],"wp:term":[{"taxonomy":"product_brand","embeddable":true,"href":"https:\/\/peitrade.com\/tr\/wp-json\/wp\/v2\/product_brand?post=7445"},{"taxonomy":"product_cat","embeddable":true,"href":"https:\/\/peitrade.com\/tr\/wp-json\/wp\/v2\/product_cat?post=7445"},{"taxonomy":"product_tag","embeddable":true,"href":"https:\/\/peitrade.com\/tr\/wp-json\/wp\/v2\/product_tag?post=7445"}],"curies":[{"name":"wp","href":"https:\/\/api.w.org\/{rel}","templated":true}]}}