{"id":7484,"date":"2025-11-10T11:42:56","date_gmt":"2025-11-10T11:42:56","guid":{"rendered":"http:\/\/46.224.74.15\/product\/sogan\/"},"modified":"2025-11-10T11:42:56","modified_gmt":"2025-11-10T11:42:56","slug":"sogan","status":"publish","type":"product","link":"https:\/\/peitrade.com\/tr\/product\/sogan\/","title":{"rendered":"So\u011fan"},"content":{"rendered":"<h2>M\u0131s\u0131r so\u011fan\u0131 \u2013 \u0130hracat i\u00e7in taze ve y\u00fcksek kaliteli<\/h2>\n<p>M\u0131s\u0131r so\u011fan\u0131; g\u00fc\u00e7l\u00fc aromas\u0131, uzun raf \u00f6mr\u00fc ve y\u00fcksek besin de\u011feriyle geni\u015f \u00f6l\u00e7\u00fcde tan\u0131nmaktad\u0131r. M\u0131s\u0131r, ba\u015fta Birle\u015fik Arap Emirlikleri ve Suudi Arabistan olmak \u00fczere uluslararas\u0131 pazarlara y\u00fcksek kaliteli \u00fcr\u00fcnler sa\u011flayan \u00f6nde gelen so\u011fan ihracat\u00e7\u0131lar\u0131ndan biridir. Verimli topraklarda ve ideal iklim ko\u015fullar\u0131nda yeti\u015ftirilen M\u0131s\u0131r so\u011fan\u0131, s\u0131k\u0131 uluslararas\u0131 kalite standartlar\u0131n\u0131 kar\u015f\u0131lar ve g\u00fcmr\u00fck mevzuat\u0131na ve bitki sa\u011fl\u0131\u011f\u0131 sertifikalar\u0131na uygun \u015fekilde ihra\u00e7 edilir.  <\/p>\n<h3>Neden M\u0131s\u0131r so\u011fan\u0131?<\/h3>\n<p>\u2714 \u00dcst\u00fcn kalite<br \/>\n\u2714 Uzun raf \u00f6mr\u00fc, ihracat i\u00e7in son derece uygun<br \/>\n\u2714 K\u00fcresel ihracat standartlar\u0131 ve tar\u0131m mevzuat\u0131na uyumlu<br \/>\n\u2714 BAE, Suudi Arabistan ve di\u011fer pazarlara uygun maliyetli toplu sevkiyatlar<\/p>\n<h3>Neden so\u011fan\u0131 PEI Trade \u00fczerinden ithal etmelisiniz?<\/h3>\n<p>\u2714 Pazar taraf\u0131ndan kan\u0131tlanm\u0131\u015f kalite: Toptan ve perakende al\u0131c\u0131lar\u0131n uluslararas\u0131 standartlar\u0131na uygun \u015fekilde ay\u0131klanm\u0131\u015f ve s\u0131n\u0131fland\u0131r\u0131lm\u0131\u015ft\u0131r.<br \/>\n\u2714 Sertifikal\u0131 ve izlenebilir: G\u0131da g\u00fcvenli\u011fi ve bitki sa\u011fl\u0131\u011f\u0131 gerekliliklerine tam uyumlu GAP sertifikal\u0131 \u00e7iftliklerden tedarik edilmektedir.<br \/>\n\u2714 Verimli elle\u00e7leme: Nakliye ve depolamay\u0131 kolayla\u015ft\u0131ran, ihracata haz\u0131r a\u011f \u00e7uvallar veya kartonlarla paketleme.<br \/>\n\u2714 G\u00fcvenilir lojistik: So\u011fuk zincir y\u00f6netimi, zaman\u0131nda evrak haz\u0131rl\u0131\u011f\u0131 ve sorunsuz g\u00fcmr\u00fck i\u015flemleri. <\/p>\n<h3>M\u0131s\u0131r so\u011fan\u0131 ithal etmenin en iyi yolu<\/h3>\n<p>M\u0131s\u0131r so\u011fan\u0131, tazeli\u011fi garanti alt\u0131na almak i\u00e7in s\u0131k\u0131 kalite kontrol \u00f6nlemleriyle hasat edilir, ay\u0131klan\u0131r ve paketlenir. BAE ve Suudi Arabistan d\u00e2hil olmak \u00fczere ba\u015fl\u0131ca hedef pazarlara y\u00f6nelik toplu sevkiyatlar i\u00e7in \u00f6zelle\u015ftirilmi\u015f lojistik \u00e7\u00f6z\u00fcmleri sunuyoruz. <\/p>\n","protected":false},"excerpt":{"rendered":"<h2><span style=\"font-weight: 400;\">PEI Trade\u2019den taze ve premium M\u0131s\u0131r so\u011fan\u0131<\/span><\/h2>\n<p><span style=\"font-weight: 400;\">Premium so\u011fanlar\u0131m\u0131z\u0131n g\u00fc\u00e7l\u00fc aromas\u0131n\u0131 ve uzun raf \u00f6mr\u00fcn\u00fc deneyimleyin. C ve B6 vitaminleri ile antioksidanlar a\u00e7\u0131s\u0131ndan zengin olan \u00fcr\u00fcn\u00fcm\u00fcz, s\u0131k\u0131 k\u00fcresel standartlara uygundur ve uygun maliyetli toplu ihracat sevkiyatlar\u0131 i\u00e7in idealdir. <\/span><\/p>\n","protected":false},"featured_media":7483,"template":"","meta":{"jetpack_publicize_message":"","jetpack_publicize_feature_enabled":true,"jetpack_social_post_already_shared":false,"jetpack_social_options":{"image_generator_settings":{"template":"highway","default_image_id":0,"font":"","enabled":false},"version":2}},"product_brand":[],"product_cat":[356,340],"product_tag":[],"class_list":{"0":"post-7484","1":"product","2":"type-product","3":"status-publish","4":"has-post-thumbnail","6":"product_cat-vegetables","7":"product_cat-in-season","9":"first","10":"instock","11":"shipping-taxable","12":"product-type-simple"},"mb":[],"featured_image_urls_v2":{"full":["https:\/\/peitrade.com\/wp-content\/uploads\/2025\/11\/Egyption-Onion.webp",1024,1024,false],"thumbnail":["https:\/\/peitrade.com\/wp-content\/uploads\/2025\/11\/Egyption-Onion-150x150.webp",150,150,true],"medium":["https:\/\/peitrade.com\/wp-content\/uploads\/2025\/11\/Egyption-Onion-300x300.webp",300,300,true],"medium_large":["https:\/\/peitrade.com\/wp-content\/uploads\/2025\/11\/Egyption-Onion-768x768.webp",768,768,true],"large":["https:\/\/peitrade.com\/wp-content\/uploads\/2025\/11\/Egyption-Onion.webp",1024,1024,false],"1536x1536":["https:\/\/peitrade.com\/wp-content\/uploads\/2025\/11\/Egyption-Onion.webp",1024,1024,false],"2048x2048":["https:\/\/peitrade.com\/wp-content\/uploads\/2025\/11\/Egyption-Onion.webp",1024,1024,false],"woocommerce_archive_thumbnail":["https:\/\/peitrade.com\/wp-content\/uploads\/2025\/11\/Egyption-Onion-300x300.webp",300,300,true],"woocommerce_thumbnail":["https:\/\/peitrade.com\/wp-content\/uploads\/2025\/11\/Egyption-Onion-300x300.webp",300,300,true],"woocommerce_single":["https:\/\/peitrade.com\/wp-content\/uploads\/2025\/11\/Egyption-Onion-600x600.webp",600,600,true],"woocommerce_gallery_thumbnail":["https:\/\/peitrade.com\/wp-content\/uploads\/2025\/11\/Egyption-Onion-100x100.webp",100,100,true]},"post_excerpt_stackable_v2":"<h2><span style=\"font-weight: 400;\">PEI Trade\u2019den taze ve premium M\u0131s\u0131r so\u011fan\u0131<\/span><\/h2>\n<p><span style=\"font-weight: 400;\">Premium so\u011fanlar\u0131m\u0131z\u0131n g\u00fc\u00e7l\u00fc aromas\u0131n\u0131 ve uzun raf \u00f6mr\u00fcn\u00fc deneyimleyin. C ve B6 vitaminleri ile antioksidanlar a\u00e7\u0131s\u0131ndan zengin olan \u00fcr\u00fcn\u00fcm\u00fcz, s\u0131k\u0131 k\u00fcresel standartlara uygundur ve uygun maliyetli toplu ihracat sevkiyatlar\u0131 i\u00e7in idealdir. <\/span><\/p>\n","category_list_v2":"","author_info_v2":{"name":"","url":""},"comments_num_v2":"0 comments","jetpack_publicize_connections":[],"mfb_rest_fields":["title","featured_image_urls_v2","post_excerpt_stackable_v2","category_list_v2","author_info_v2","comments_num_v2","jetpack_publicize_connections"],"_links":{"self":[{"href":"https:\/\/peitrade.com\/tr\/wp-json\/wp\/v2\/product\/7484","targetHints":{"allow":["GET"]}}],"collection":[{"href":"https:\/\/peitrade.com\/tr\/wp-json\/wp\/v2\/product"}],"about":[{"href":"https:\/\/peitrade.com\/tr\/wp-json\/wp\/v2\/types\/product"}],"wp:featuredmedia":[{"embeddable":true,"href":"https:\/\/peitrade.com\/tr\/wp-json\/wp\/v2\/media\/7483"}],"wp:attachment":[{"href":"https:\/\/peitrade.com\/tr\/wp-json\/wp\/v2\/media?parent=7484"}],"wp:term":[{"taxonomy":"product_brand","embeddable":true,"href":"https:\/\/peitrade.com\/tr\/wp-json\/wp\/v2\/product_brand?post=7484"},{"taxonomy":"product_cat","embeddable":true,"href":"https:\/\/peitrade.com\/tr\/wp-json\/wp\/v2\/product_cat?post=7484"},{"taxonomy":"product_tag","embeddable":true,"href":"https:\/\/peitrade.com\/tr\/wp-json\/wp\/v2\/product_tag?post=7484"}],"curies":[{"name":"wp","href":"https:\/\/api.w.org\/{rel}","templated":true}]}}