{"id":7542,"date":"2025-11-10T11:42:57","date_gmt":"2025-11-10T11:42:57","guid":{"rendered":"http:\/\/46.224.74.15\/product\/limon\/"},"modified":"2025-11-25T10:11:55","modified_gmt":"2025-11-25T10:11:55","slug":"limon","status":"publish","type":"product","link":"https:\/\/peitrade.com\/tr\/product\/limon\/","title":{"rendered":"Limon"},"content":{"rendered":"<h2>Taze M\u0131s\u0131r limonlar\u0131 \u2013 k\u00fcresel pazarlar i\u00e7in y\u00fcksek kaliteli narenciye<\/h2>\n<p>M\u0131s\u0131r limonlar\u0131; g\u00fc\u00e7l\u00fc narenciye aromas\u0131, zengin lezzeti ve y\u00fcksek su i\u00e7eri\u011fiyle tan\u0131n\u0131r. \u00dclkenin narenciye ihracat\u0131n\u0131n \u00f6nemli bir par\u00e7as\u0131n\u0131 olu\u015fturur ve tar\u0131msal ekonomisine ciddi katk\u0131 sa\u011flar. M\u0131s\u0131r\u2019\u0131n verimli topraklar\u0131 ve elveri\u015fli iklimi sayesinde limonlar\u0131m\u0131z, uluslararas\u0131 kalite standartlar\u0131n\u0131 kar\u015f\u0131layacak \u015fekilde \u00f6zenle yeti\u015ftirilir ve 100\u2019den fazla \u00fclkeye ihra\u00e7 edilir.  <\/p>\n<h3>Neden M\u0131s\u0131r limonu?<\/h3>\n<p>\u2714 Yo\u011fun narenciye aromas\u0131 ve y\u00fcksek meyve suyu verimi<br \/>\n\u2714 C vitamini ve antioksidanlar a\u00e7\u0131s\u0131ndan zengin<br \/>\n\u2714 M\u0131s\u0131r ekonomisini destekleyen \u00f6nemli bir tar\u0131msal ihracat \u00fcr\u00fcn\u00fc<br \/>\n\u2714 D\u00fcnya genelinde premium kalite narenciye olarak tan\u0131n\u0131r<\/p>\n<h3>Neden limon tedarikinde PEI Trade?<\/h3>\n<p>\u2714 Premium ihracat kalitesi: K\u00fcresel pazar gerekliliklerine uygun \u015fekilde dikkatle s\u0131n\u0131fland\u0131rma ve kalibrasyon<br \/>\n\u2714 Y\u0131l boyunca tedarik: Verimli tar\u0131m uygulamalar\u0131 sayesinde istikrarl\u0131 bulunabilirlik<br \/>\n\u2714 Sertifikal\u0131 ve uyumlu: GAP sertifikal\u0131 \u00e7iftlikler ve tam g\u0131da g\u00fcvenli\u011fi uyumu<br \/>\n\u2714 Etkin sevkiyat: \u0130hracata haz\u0131r ambalaj, sadele\u015ftirilmi\u015f dok\u00fcmantasyon ve g\u00fc\u00e7l\u00fc lojistik <\/p>\n<h3>M\u0131s\u0131r limonu ithalat\u0131n\u0131n en iyi yolu<\/h3>\n<p>M\u0131s\u0131r limonlar\u0131, en uygun olgunluk d\u00f6neminde hasat edilir; maksimum tazelik ve kaliteyi sa\u011flamak i\u00e7in uluslararas\u0131 ihracat mevzuat\u0131na uygun \u015fekilde \u00f6zenle ayr\u0131l\u0131r ve paketlenir. Rekabet\u00e7i fiyatlar ve g\u00fcvenilir lojistikle toplu y\u00fcklemeler sunuyoruz. <\/p>\n","protected":false},"excerpt":{"rendered":"<h2><span style=\"font-weight: 400;\">Taze M\u0131s\u0131r limonlar\u0131 \u2013 M\u0131s\u0131r\u2019dan d\u00fcnyaya<\/span><\/h2>\n<p data-start=\"289\" data-end=\"616\">\u0130deal ko\u015fullarda yeti\u015ftirilen limonlar, en y\u00fcksek ihracat standartlar\u0131n\u0131 kar\u015f\u0131layacak \u015fekilde \u00f6zenle hasat edilip paketlenir; b\u00f6ylece k\u00fcresel pazarlarda perakendeciler, toptanc\u0131lar ve distrib\u00fct\u00f6rler i\u00e7in vazge\u00e7ilmez bir narenciye se\u00e7ene\u011fi h\u00e2line gelir.<\/p>\n","protected":false},"featured_media":7538,"template":"","meta":{"jetpack_publicize_message":"","jetpack_publicize_feature_enabled":true,"jetpack_social_post_already_shared":false,"jetpack_social_options":{"image_generator_settings":{"template":"highway","default_image_id":0,"font":"","enabled":false},"version":2}},"product_brand":[],"product_cat":[332,340],"product_tag":[],"class_list":{"0":"post-7542","1":"product","2":"type-product","3":"status-publish","4":"has-post-thumbnail","6":"product_cat-fruits","7":"product_cat-in-season","9":"first","10":"instock","11":"shipping-taxable","12":"product-type-simple"},"mb":[],"featured_image_urls_v2":{"full":["https:\/\/peitrade.com\/wp-content\/uploads\/2025\/11\/Egyptian-Lemons.webp",1024,1024,false],"thumbnail":["https:\/\/peitrade.com\/wp-content\/uploads\/2025\/11\/Egyptian-Lemons-150x150.webp",150,150,true],"medium":["https:\/\/peitrade.com\/wp-content\/uploads\/2025\/11\/Egyptian-Lemons-300x300.webp",300,300,true],"medium_large":["https:\/\/peitrade.com\/wp-content\/uploads\/2025\/11\/Egyptian-Lemons-768x768.webp",768,768,true],"large":["https:\/\/peitrade.com\/wp-content\/uploads\/2025\/11\/Egyptian-Lemons.webp",1024,1024,false],"1536x1536":["https:\/\/peitrade.com\/wp-content\/uploads\/2025\/11\/Egyptian-Lemons.webp",1024,1024,false],"2048x2048":["https:\/\/peitrade.com\/wp-content\/uploads\/2025\/11\/Egyptian-Lemons.webp",1024,1024,false],"woocommerce_archive_thumbnail":["https:\/\/peitrade.com\/wp-content\/uploads\/2025\/11\/Egyptian-Lemons-300x300.webp",300,300,true],"woocommerce_thumbnail":["https:\/\/peitrade.com\/wp-content\/uploads\/2025\/11\/Egyptian-Lemons-300x300.webp",300,300,true],"woocommerce_single":["https:\/\/peitrade.com\/wp-content\/uploads\/2025\/11\/Egyptian-Lemons-600x600.webp",600,600,true],"woocommerce_gallery_thumbnail":["https:\/\/peitrade.com\/wp-content\/uploads\/2025\/11\/Egyptian-Lemons-100x100.webp",100,100,true]},"post_excerpt_stackable_v2":"<h2><span style=\"font-weight: 400;\">Taze M\u0131s\u0131r limonlar\u0131 \u2013 M\u0131s\u0131r\u2019dan d\u00fcnyaya<\/span><\/h2>\n<p data-start=\"289\" data-end=\"616\">\u0130deal ko\u015fullarda yeti\u015ftirilen limonlar, en y\u00fcksek ihracat standartlar\u0131n\u0131 kar\u015f\u0131layacak \u015fekilde \u00f6zenle hasat edilip paketlenir; b\u00f6ylece k\u00fcresel pazarlarda perakendeciler, toptanc\u0131lar ve distrib\u00fct\u00f6rler i\u00e7in vazge\u00e7ilmez bir narenciye se\u00e7ene\u011fi h\u00e2line gelir.<\/p>\n","category_list_v2":"","author_info_v2":{"name":"","url":""},"comments_num_v2":"0 comments","jetpack_publicize_connections":[],"mfb_rest_fields":["title","featured_image_urls_v2","post_excerpt_stackable_v2","category_list_v2","author_info_v2","comments_num_v2","jetpack_publicize_connections"],"_links":{"self":[{"href":"https:\/\/peitrade.com\/tr\/wp-json\/wp\/v2\/product\/7542","targetHints":{"allow":["GET"]}}],"collection":[{"href":"https:\/\/peitrade.com\/tr\/wp-json\/wp\/v2\/product"}],"about":[{"href":"https:\/\/peitrade.com\/tr\/wp-json\/wp\/v2\/types\/product"}],"wp:featuredmedia":[{"embeddable":true,"href":"https:\/\/peitrade.com\/tr\/wp-json\/wp\/v2\/media\/7538"}],"wp:attachment":[{"href":"https:\/\/peitrade.com\/tr\/wp-json\/wp\/v2\/media?parent=7542"}],"wp:term":[{"taxonomy":"product_brand","embeddable":true,"href":"https:\/\/peitrade.com\/tr\/wp-json\/wp\/v2\/product_brand?post=7542"},{"taxonomy":"product_cat","embeddable":true,"href":"https:\/\/peitrade.com\/tr\/wp-json\/wp\/v2\/product_cat?post=7542"},{"taxonomy":"product_tag","embeddable":true,"href":"https:\/\/peitrade.com\/tr\/wp-json\/wp\/v2\/product_tag?post=7542"}],"curies":[{"name":"wp","href":"https:\/\/api.w.org\/{rel}","templated":true}]}}