{"id":7589,"date":"2025-11-10T11:42:57","date_gmt":"2025-11-10T11:42:57","guid":{"rendered":"http:\/\/46.224.74.15\/product\/uzum\/"},"modified":"2025-11-10T11:42:57","modified_gmt":"2025-11-10T11:42:57","slug":"uzum","status":"publish","type":"product","link":"https:\/\/peitrade.com\/tr\/product\/uzum\/","title":{"rendered":"\u00dcz\u00fcm"},"content":{"rendered":"<h2>M\u0131s\u0131r \u00fcz\u00fcmleri \u2013 Uluslararas\u0131 pazarlar i\u00e7in taze ve \u00fcst\u00fcn kalitede<\/h2>\n<p>M\u0131s\u0131r, taze \u00fcz\u00fcm ihracat\u0131nda \u00f6nde gelen \u00fclkelerden biridir ve BAE, Suudi Arabistan ve d\u00fcnyan\u0131n bir\u00e7ok pazar\u0131na premium kalitede \u00fcz\u00fcmler tedarik etmektedir. M\u0131s\u0131r \u00fcz\u00fcmleri; zengin aromas\u0131, canl\u0131 rengi ve uzun raf \u00f6mr\u00fcyle bilinir ve bu \u00f6zellikleri sayesinde uluslararas\u0131 pazarlarda y\u00fcksek talep g\u00f6r\u00fcr. <\/p>\n<h3>Neden M\u0131s\u0131r \u00fcz\u00fcmleri?<\/h3>\n<p>\u2714 \u00dcst\u00fcn kalite, taze lezzet ve y\u00fcksek besin de\u011feri<br \/>\n\u2714 K\u0131rm\u0131z\u0131, ye\u015fil ve siyah \u00fcz\u00fcm d\u00e2hil olmak \u00fczere birden fazla \u00e7e\u015fitte sunulur<br \/>\n\u2714 En iyi kalite i\u00e7in ileri tar\u0131m uygulamalar\u0131yla yeti\u015ftirilir<br \/>\n\u2714 Uluslararas\u0131 ihracat ve g\u0131da g\u00fcvenli\u011fi standartlar\u0131na s\u0131k\u0131 uyum<br \/>\n\u2714 K\u00fcresel pazarlar i\u00e7in verimli lojistik ve rekabet\u00e7i fiyatland\u0131rma<\/p>\n<h3>\u00dcz\u00fcm\u00fc neden PEI Trade\u2019den tedarik etmelisiniz?<\/h3>\n<p>\u2714 Tutarl\u0131 premium standartlar: K\u00fcresel al\u0131c\u0131 gerekliliklerini kar\u015f\u0131layacak \u015fekilde ay\u0131klan\u0131r ve s\u0131n\u0131fland\u0131r\u0131l\u0131r.<br \/>\n\u2714 Sertifikal\u0131 ve mevzuata uygun: GAP sertifikas\u0131 alt\u0131nda, tam g\u0131da g\u00fcvenli\u011fi protokolleriyle yeti\u015ftirilir.<br \/>\n\u2714 G\u00fcvenilir ihracat s\u00fcreci: Sorunsuz g\u00fcmr\u00fck i\u015flemleri i\u00e7in verimli elle\u00e7leme, etiketleme ve evrak y\u00f6netimi.<br \/>\n\u2714 \u00d6l\u00e7eklenebilir tedarik: Mevsimsel ve y\u0131l boyu s\u00fcren talebi kar\u015f\u0131lamak i\u00e7in zaman\u0131nda teslim edilen toplu hacimler. <\/p>\n<h3>M\u0131s\u0131r \u00fcz\u00fcmlerini ithal etmenin en iyi yolu<\/h3>\n<p>M\u0131s\u0131r \u00fcz\u00fcmleri, en \u00fcst seviye kalite ve tazeli\u011fi sa\u011flamak amac\u0131yla s\u0131k\u0131 tar\u0131msal denetim alt\u0131nda yeti\u015ftirilir. \u0130hracat s\u00fcrecimiz; \u00f6zelle\u015ftirilmi\u015f ambalaj, h\u0131zl\u0131 sevkiyat ve ithalat d\u00fczenlemeleri, g\u00fcmr\u00fck gereklilikleri ile bitki sa\u011fl\u0131\u011f\u0131 sertifikalar\u0131na tam uyumu kapsar. <\/p>\n","protected":false},"excerpt":{"rendered":"<h2><span style=\"font-weight: 400;\">M\u0131s\u0131r \u00fcz\u00fcmleri \u2013 \u00dcst\u00fcn ihracat kalitesi<\/span><\/h2>\n<p><span style=\"font-weight: 400;\">Verimli Nil Deltas\u0131 topraklar\u0131nda yeti\u015fen ve titizlikle hasat edilen premium M\u0131s\u0131r \u00fcz\u00fcmleri, ihracat s\u00fcresince tazeli\u011fini koruyacak \u015fekilde \u00f6zenle paketlenir. Perakende zincirleri, toptanc\u0131lar ve distrib\u00fct\u00f6rlerden gelen g\u00fc\u00e7l\u00fc talep sayesinde, M\u0131s\u0131r \u00fcz\u00fcmleri uluslararas\u0131 ticaret i\u00e7in kendini kan\u0131tlam\u0131\u015f bir se\u00e7enektir. <\/span><\/p>\n","protected":false},"featured_media":7581,"template":"","meta":{"jetpack_publicize_message":"","jetpack_publicize_feature_enabled":true,"jetpack_social_post_already_shared":false,"jetpack_social_options":{"image_generator_settings":{"template":"highway","default_image_id":0,"font":"","enabled":false},"version":2}},"product_brand":[],"product_cat":[332],"product_tag":[],"class_list":{"0":"post-7589","1":"product","2":"type-product","3":"status-publish","4":"has-post-thumbnail","6":"product_cat-fruits","8":"first","9":"instock","10":"shipping-taxable","11":"product-type-simple"},"mb":[],"featured_image_urls_v2":{"full":["https:\/\/peitrade.com\/wp-content\/uploads\/2025\/11\/Egyptian-Grapes.webp",1024,1024,false],"thumbnail":["https:\/\/peitrade.com\/wp-content\/uploads\/2025\/11\/Egyptian-Grapes-150x150.webp",150,150,true],"medium":["https:\/\/peitrade.com\/wp-content\/uploads\/2025\/11\/Egyptian-Grapes-300x300.webp",300,300,true],"medium_large":["https:\/\/peitrade.com\/wp-content\/uploads\/2025\/11\/Egyptian-Grapes-768x768.webp",768,768,true],"large":["https:\/\/peitrade.com\/wp-content\/uploads\/2025\/11\/Egyptian-Grapes.webp",1024,1024,false],"1536x1536":["https:\/\/peitrade.com\/wp-content\/uploads\/2025\/11\/Egyptian-Grapes.webp",1024,1024,false],"2048x2048":["https:\/\/peitrade.com\/wp-content\/uploads\/2025\/11\/Egyptian-Grapes.webp",1024,1024,false],"woocommerce_archive_thumbnail":["https:\/\/peitrade.com\/wp-content\/uploads\/2025\/11\/Egyptian-Grapes-300x300.webp",300,300,true],"woocommerce_thumbnail":["https:\/\/peitrade.com\/wp-content\/uploads\/2025\/11\/Egyptian-Grapes-300x300.webp",300,300,true],"woocommerce_single":["https:\/\/peitrade.com\/wp-content\/uploads\/2025\/11\/Egyptian-Grapes-600x600.webp",600,600,true],"woocommerce_gallery_thumbnail":["https:\/\/peitrade.com\/wp-content\/uploads\/2025\/11\/Egyptian-Grapes-100x100.webp",100,100,true]},"post_excerpt_stackable_v2":"<h2><span style=\"font-weight: 400;\">M\u0131s\u0131r \u00fcz\u00fcmleri \u2013 \u00dcst\u00fcn ihracat kalitesi<\/span><\/h2>\n<p><span style=\"font-weight: 400;\">Verimli Nil Deltas\u0131 topraklar\u0131nda yeti\u015fen ve titizlikle hasat edilen premium M\u0131s\u0131r \u00fcz\u00fcmleri, ihracat s\u00fcresince tazeli\u011fini koruyacak \u015fekilde \u00f6zenle paketlenir. Perakende zincirleri, toptanc\u0131lar ve distrib\u00fct\u00f6rlerden gelen g\u00fc\u00e7l\u00fc talep sayesinde, M\u0131s\u0131r \u00fcz\u00fcmleri uluslararas\u0131 ticaret i\u00e7in kendini kan\u0131tlam\u0131\u015f bir se\u00e7enektir. <\/span><\/p>\n","category_list_v2":"","author_info_v2":{"name":"","url":""},"comments_num_v2":"0 comments","jetpack_publicize_connections":[],"mfb_rest_fields":["title","featured_image_urls_v2","post_excerpt_stackable_v2","category_list_v2","author_info_v2","comments_num_v2","jetpack_publicize_connections"],"_links":{"self":[{"href":"https:\/\/peitrade.com\/tr\/wp-json\/wp\/v2\/product\/7589","targetHints":{"allow":["GET"]}}],"collection":[{"href":"https:\/\/peitrade.com\/tr\/wp-json\/wp\/v2\/product"}],"about":[{"href":"https:\/\/peitrade.com\/tr\/wp-json\/wp\/v2\/types\/product"}],"wp:featuredmedia":[{"embeddable":true,"href":"https:\/\/peitrade.com\/tr\/wp-json\/wp\/v2\/media\/7581"}],"wp:attachment":[{"href":"https:\/\/peitrade.com\/tr\/wp-json\/wp\/v2\/media?parent=7589"}],"wp:term":[{"taxonomy":"product_brand","embeddable":true,"href":"https:\/\/peitrade.com\/tr\/wp-json\/wp\/v2\/product_brand?post=7589"},{"taxonomy":"product_cat","embeddable":true,"href":"https:\/\/peitrade.com\/tr\/wp-json\/wp\/v2\/product_cat?post=7589"},{"taxonomy":"product_tag","embeddable":true,"href":"https:\/\/peitrade.com\/tr\/wp-json\/wp\/v2\/product_tag?post=7589"}],"curies":[{"name":"wp","href":"https:\/\/api.w.org\/{rel}","templated":true}]}}