{"id":7630,"date":"2025-11-10T11:45:57","date_gmt":"2025-11-10T11:45:57","guid":{"rendered":"http:\/\/46.224.74.15\/?post_type=product&#038;p=7630"},"modified":"2025-11-26T14:36:10","modified_gmt":"2025-11-26T14:36:10","slug":"mercimek","status":"publish","type":"product","link":"https:\/\/peitrade.com\/tr\/product\/mercimek\/","title":{"rendered":"Mercimek"},"content":{"rendered":"<h2>M\u0131s\u0131r mercime\u011fi premium \u2013 \u0130hracat i\u00e7in y\u00fcksek proteinli mercimek<br \/><\/h2>\n<p>M\u0131s\u0131r, y\u00fcksek proteinli, GDO\u2019suz ve organik olarak yeti\u015ftirilen \u00e7e\u015fitler sunan, premium mercimek i\u00e7in g\u00fcvenilir bir kaynakt\u0131r. PEI Trade olarak, besin a\u00e7\u0131s\u0131ndan zengin M\u0131s\u0131r topraklar\u0131nda yeti\u015ftirilen ve ileri tar\u0131m ile modern eleme teknolojileriyle i\u015flenen mercime\u011fi ihracata y\u00f6nelik toplu miktarlarda tedarik ediyoruz. Mercime\u011fimiz; homojen tane boyutu, do\u011fal rengi ve k\u0131sa pi\u015fme s\u00fcresiyle tan\u0131n\u0131r ve g\u0131da g\u00fcvenli\u011fi ile kalite konusunda k\u00fcresel standartlar\u0131 kar\u015f\u0131lar.<\/p>\n<h3>Neden M\u0131s\u0131r mercime\u011fi?<\/h3>\n<p>\u2714 M\u0131s\u0131r\u2019\u0131n ideal ikliminde ve verimli topraklar\u0131nda yeti\u015ftirilir<br \/>\u2714 GDO\u2019suz, kimyasal i\u00e7ermeyen ve organik s\u00fcre\u00e7lerle i\u015flenir<br \/>\u2714 Uluslararas\u0131 ihracat standartlar\u0131 ve sertifikasyonlar\u0131yla uyumludur<br \/>\u2714 Esnek ambalaj se\u00e7enekleriyle toplu miktarlarda sunulur<br \/>\u2714 Y\u0131l boyunca istikrarl\u0131 tedarik ve rekabet\u00e7i fiyatland\u0131rma<\/p>\n<h3>Mercime\u011fi neden PEI Trade\u2019den tedarik etmelisiniz?<\/h3>\n<p>\u2714 <strong>S\u0131k\u0131 s\u0131n\u0131fland\u0131rma ve temizleme:<\/strong> Tane boyutu ve renginde birlik sa\u011flamak i\u00e7in modern eleme teknolojisiyle i\u015flenir.<br \/>\n\u2714 <strong>Esnek tedarik:<\/strong> 25 kg ve 50 kg\u2019l\u0131k toplu \u00e7uvallarda, \u00f6zel marka (private label) se\u00e7enekleriyle sunulur.<br \/>\n\u2714 <strong>Uluslararas\u0131 standartlar:<\/strong> K\u00fcresel sertifikalar ve bitki sa\u011fl\u0131\u011f\u0131 (fitosanitasyon) d\u00fczenlemeleriyle tam uyumludur.<br \/>\n\u2714 <strong>Verimli lojistik: <\/strong>H\u0131zl\u0131 ihracat operasyonlar\u0131, g\u00fcvenilir sevkiyat ve kapsaml\u0131 evrak deste\u011fi.<br \/>\n\u2714 <strong>Pazar odakl\u0131 avantaj:<\/strong> Y\u0131l boyunca istikrarl\u0131 bulunurluk ile desteklenen rekabet\u00e7i fiyatlar. <\/p>\n<h3>M\u0131s\u0131r mercime\u011fi ithalat\u0131 \u2013 Kolay ve g\u00fcvenli<\/h3>\n<p>PEI Trade, \u00f6zelle\u015ftirilmi\u015f ambalaj, g\u00fcvenilir lojistik ve h\u0131zl\u0131 teslimatla sorunsuz mercimek ihracat \u00e7\u00f6z\u00fcmleri sunar. Uluslararas\u0131 al\u0131c\u0131lar i\u00e7in sorunsuz bir s\u00fcre\u00e7 sa\u011flamak amac\u0131yla; fitosanitasyon sertifikalar\u0131n\u0131, ihracat evraklar\u0131n\u0131 ve k\u00fcresel ithalat standartlar\u0131na uyumu biz y\u00f6netiyoruz.<\/p>\n","protected":false},"excerpt":{"rendered":"<h2 data-start=\"300\" data-end=\"366\">M\u0131s\u0131r mercime\u011fi \u2013 Y\u00fcksek hacimli tedarik ve g\u00fc\u00e7l\u00fc ticari de\u011fer<\/h2>\n<p data-start=\"368\" data-end=\"827\">M\u0131s\u0131r mercime\u011fi; tutarl\u0131 kalitesi, \u00e7ekici g\u00f6r\u00fcn\u00fcm\u00fc ve g\u00fcvenilir bulunurlu\u011fu sayesinde uluslararas\u0131 arenada tan\u0131nmaktad\u0131r.<\/p>\n<p data-start=\"368\" data-end=\"827\">Hem perakende hem de toptan da\u011f\u0131t\u0131m kanallar\u0131nda uzun s\u00fcredir \u00f6nemli bir yere sahip olan M\u0131s\u0131r mercime\u011fi; uygun fiyat ile kalite g\u00fcvencesini bir arada sunan \u00fcr\u00fcn arayan ithalat\u00e7\u0131lar i\u00e7in tercih edilen bir se\u00e7enektir.<\/p>\n","protected":false},"featured_media":7933,"template":"","meta":{"jetpack_publicize_message":"","jetpack_publicize_feature_enabled":true,"jetpack_social_post_already_shared":false,"jetpack_social_options":{"image_generator_settings":{"template":"highway","default_image_id":0,"font":"","enabled":false},"version":2}},"product_brand":[],"product_cat":[348,340],"product_tag":[],"class_list":{"0":"post-7630","1":"product","2":"type-product","3":"status-publish","4":"has-post-thumbnail","6":"product_cat-legumes","7":"product_cat-in-season","9":"first","10":"instock","11":"shipping-taxable","12":"product-type-simple"},"mb":[],"featured_image_urls_v2":{"full":["https:\/\/peitrade.com\/wp-content\/uploads\/2025\/11\/Egyptian-Lentils.webp",1024,1024,false],"thumbnail":["https:\/\/peitrade.com\/wp-content\/uploads\/2025\/11\/Egyptian-Lentils-150x150.webp",150,150,true],"medium":["https:\/\/peitrade.com\/wp-content\/uploads\/2025\/11\/Egyptian-Lentils-300x300.webp",300,300,true],"medium_large":["https:\/\/peitrade.com\/wp-content\/uploads\/2025\/11\/Egyptian-Lentils-768x768.webp",768,768,true],"large":["https:\/\/peitrade.com\/wp-content\/uploads\/2025\/11\/Egyptian-Lentils.webp",1024,1024,false],"1536x1536":["https:\/\/peitrade.com\/wp-content\/uploads\/2025\/11\/Egyptian-Lentils.webp",1024,1024,false],"2048x2048":["https:\/\/peitrade.com\/wp-content\/uploads\/2025\/11\/Egyptian-Lentils.webp",1024,1024,false],"woocommerce_archive_thumbnail":["https:\/\/peitrade.com\/wp-content\/uploads\/2025\/11\/Egyptian-Lentils-300x300.webp",300,300,true],"woocommerce_thumbnail":["https:\/\/peitrade.com\/wp-content\/uploads\/2025\/11\/Egyptian-Lentils-300x300.webp",300,300,true],"woocommerce_single":["https:\/\/peitrade.com\/wp-content\/uploads\/2025\/11\/Egyptian-Lentils-600x600.webp",600,600,true],"woocommerce_gallery_thumbnail":["https:\/\/peitrade.com\/wp-content\/uploads\/2025\/11\/Egyptian-Lentils-100x100.webp",100,100,true]},"post_excerpt_stackable_v2":"<h2 data-start=\"300\" data-end=\"366\">M\u0131s\u0131r mercime\u011fi \u2013 Y\u00fcksek hacimli tedarik ve g\u00fc\u00e7l\u00fc ticari de\u011fer<\/h2>\n<p data-start=\"368\" data-end=\"827\">M\u0131s\u0131r mercime\u011fi; tutarl\u0131 kalitesi, \u00e7ekici g\u00f6r\u00fcn\u00fcm\u00fc ve g\u00fcvenilir bulunurlu\u011fu sayesinde uluslararas\u0131 arenada tan\u0131nmaktad\u0131r.<\/p>\n<p data-start=\"368\" data-end=\"827\">Hem perakende hem de toptan da\u011f\u0131t\u0131m kanallar\u0131nda uzun s\u00fcredir \u00f6nemli bir yere sahip olan M\u0131s\u0131r mercime\u011fi; uygun fiyat ile kalite g\u00fcvencesini bir arada sunan \u00fcr\u00fcn arayan ithalat\u00e7\u0131lar i\u00e7in tercih edilen bir se\u00e7enektir.<\/p>\n","category_list_v2":"","author_info_v2":{"name":"","url":""},"comments_num_v2":"0 comments","jetpack_publicize_connections":[],"mfb_rest_fields":["title","featured_image_urls_v2","post_excerpt_stackable_v2","category_list_v2","author_info_v2","comments_num_v2","jetpack_publicize_connections"],"_links":{"self":[{"href":"https:\/\/peitrade.com\/tr\/wp-json\/wp\/v2\/product\/7630","targetHints":{"allow":["GET"]}}],"collection":[{"href":"https:\/\/peitrade.com\/tr\/wp-json\/wp\/v2\/product"}],"about":[{"href":"https:\/\/peitrade.com\/tr\/wp-json\/wp\/v2\/types\/product"}],"wp:featuredmedia":[{"embeddable":true,"href":"https:\/\/peitrade.com\/tr\/wp-json\/wp\/v2\/media\/7933"}],"wp:attachment":[{"href":"https:\/\/peitrade.com\/tr\/wp-json\/wp\/v2\/media?parent=7630"}],"wp:term":[{"taxonomy":"product_brand","embeddable":true,"href":"https:\/\/peitrade.com\/tr\/wp-json\/wp\/v2\/product_brand?post=7630"},{"taxonomy":"product_cat","embeddable":true,"href":"https:\/\/peitrade.com\/tr\/wp-json\/wp\/v2\/product_cat?post=7630"},{"taxonomy":"product_tag","embeddable":true,"href":"https:\/\/peitrade.com\/tr\/wp-json\/wp\/v2\/product_tag?post=7630"}],"curies":[{"name":"wp","href":"https:\/\/api.w.org\/{rel}","templated":true}]}}