{"id":7648,"date":"2025-11-10T11:42:58","date_gmt":"2025-11-10T11:42:58","guid":{"rendered":"http:\/\/46.224.74.15\/product\/mango\/"},"modified":"2025-11-10T11:42:58","modified_gmt":"2025-11-10T11:42:58","slug":"mango","status":"publish","type":"product","link":"https:\/\/peitrade.com\/tr\/product\/mango\/","title":{"rendered":"Mango"},"content":{"rendered":"<h2>M\u0131s\u0131r mangosu premium \u2013 En iyi mangolar\u0131 ihra\u00e7 ediyoruz<\/h2>\n<p>M\u0131s\u0131r mangosu, zengin aromas\u0131, p\u00fcr\u00fczs\u00fcz dokusu ve do\u011fal tatl\u0131l\u0131\u011f\u0131 ile d\u00fcnyan\u0131n en kaliteli mangolar\u0131 aras\u0131nda yer al\u0131r. M\u0131s\u0131r\u2019\u0131n ideal iklimi ve verimli topraklar\u0131 sayesinde mangolar, \u00fcst d\u00fczey kalite ve daha uzun raf \u00f6mr\u00fc sa\u011flayacak \u015fekilde \u00f6zenle yeti\u015ftirilir. <\/p>\n<h2>Neden PEI Trade\u2019den M\u0131s\u0131r mangosu?<\/h2>\n<p>\u2714 \u00dcst\u00fcn kalite, canl\u0131 renk ve vazge\u00e7ilmez lezzet<br \/>\u2714 Zebda, Keitt, Tommy Atkins ve Alphonso d\u00e2hil olmak \u00fczere bir\u00e7ok premium mango \u00e7e\u015fidi<br \/>\n\u2714 Tutarl\u0131 kalite i\u00e7in ileri tar\u0131m uygulamalar\u0131yla yeti\u015ftirilir<br \/>\u2714 G\u00fcvenlik ve tazelik a\u00e7\u0131s\u0131ndan uluslararas\u0131 ihracat standartlar\u0131yla uyumludur   <strong>\u2714 Rekabet\u00e7i fiyatland\u0131rma ve k\u00fcresel pazarlar i\u00e7in verimli lojistik<\/strong><\/p>\n<h2>PEI Trade\u2019i mango ihracat orta\u011f\u0131n\u0131z olarak se\u00e7meniz i\u00e7in 4 neden:<\/h2>\n<p>\u2714 Tutarl\u0131 premium kalite: \u00d6zenle yeti\u015ftirilen, elle toplanan mangolar; ihracat standartlar\u0131na uygun \u015fekilde s\u0131n\u0131fland\u0131r\u0131l\u0131r.<br \/>\n\u2714 Sertifikal\u0131 &amp; mevzuata uygun: Tam ihracat evrak\u0131, uluslararas\u0131 sertifikalar ve garanti edilen izlenebilirlik.<br \/>\n\u2714 G\u00fcvenli &amp; esnek \u00f6deme se\u00e7enekleri: \u0130\u015f modelinize uygun birden fazla \u00f6deme y\u00f6ntemi.<br \/> <br \/>\n\u2714 Zaman\u0131nda toplu tedarik: MENA b\u00f6lgesinin tamam\u0131na h\u0131zl\u0131 teslimatla g\u00fcvenilir, y\u00fcksek hacimli sevkiyat. <\/p>\n<h2>M\u0131s\u0131r mangosu ithal etmenin en iyi yolu<\/h2>\n<p>M\u0131s\u0131r mangosu, taze ve lezzetli ula\u015fmas\u0131n\u0131 sa\u011flamak i\u00e7in s\u0131k\u0131 kalite kontrol\u00fc alt\u0131nda ihra\u00e7 edilir. \u0130hracat hizmetlerimiz; \u00f6zel ambalajlama, h\u0131zl\u0131 sevkiyat ve ithalat d\u00fczenlemeleri, g\u00fcmr\u00fck prosed\u00fcrleri ile fitosanitasyon sertifikalar\u0131na tam uyumu i\u00e7erir. <\/p>\n","protected":false},"excerpt":{"rendered":"<h2>Premium M\u0131s\u0131r mangosu ithal edin \u2013 taze, sertifikal\u0131 ve sevkiyata haz\u0131r<\/h2>\n<p>D\u00fcnya \u00e7ap\u0131nda h\u0131zl\u0131 teslimat, uluslararas\u0131 sertifikalar ve rekabet\u00e7i fiyatlarla, elle se\u00e7ilmi\u015f M\u0131s\u0131r mangosu ihra\u00e7 ediyoruz.<br \/>\nPerakendeci, toptanc\u0131 veya distrib\u00fct\u00f6r olun; toplu sipari\u015fleriniz taze ve tam zaman\u0131nda teslim edilir.<\/p>\n","protected":false},"featured_media":7645,"template":"","meta":{"jetpack_publicize_message":"","jetpack_publicize_feature_enabled":true,"jetpack_social_post_already_shared":false,"jetpack_social_options":{"image_generator_settings":{"template":"highway","default_image_id":0,"font":"","enabled":false},"version":2}},"product_brand":[],"product_cat":[332],"product_tag":[],"class_list":{"0":"post-7648","1":"product","2":"type-product","3":"status-publish","4":"has-post-thumbnail","6":"product_cat-fruits","8":"first","9":"instock","10":"shipping-taxable","11":"product-type-simple"},"mb":[],"featured_image_urls_v2":{"full":["https:\/\/peitrade.com\/wp-content\/uploads\/2025\/11\/Egyption-Mango.webp",1024,1024,false],"thumbnail":["https:\/\/peitrade.com\/wp-content\/uploads\/2025\/11\/Egyption-Mango-150x150.webp",150,150,true],"medium":["https:\/\/peitrade.com\/wp-content\/uploads\/2025\/11\/Egyption-Mango-300x300.webp",300,300,true],"medium_large":["https:\/\/peitrade.com\/wp-content\/uploads\/2025\/11\/Egyption-Mango-768x768.webp",768,768,true],"large":["https:\/\/peitrade.com\/wp-content\/uploads\/2025\/11\/Egyption-Mango.webp",1024,1024,false],"1536x1536":["https:\/\/peitrade.com\/wp-content\/uploads\/2025\/11\/Egyption-Mango.webp",1024,1024,false],"2048x2048":["https:\/\/peitrade.com\/wp-content\/uploads\/2025\/11\/Egyption-Mango.webp",1024,1024,false],"woocommerce_archive_thumbnail":["https:\/\/peitrade.com\/wp-content\/uploads\/2025\/11\/Egyption-Mango-300x300.webp",300,300,true],"woocommerce_thumbnail":["https:\/\/peitrade.com\/wp-content\/uploads\/2025\/11\/Egyption-Mango-300x300.webp",300,300,true],"woocommerce_single":["https:\/\/peitrade.com\/wp-content\/uploads\/2025\/11\/Egyption-Mango-600x600.webp",600,600,true],"woocommerce_gallery_thumbnail":["https:\/\/peitrade.com\/wp-content\/uploads\/2025\/11\/Egyption-Mango-100x100.webp",100,100,true]},"post_excerpt_stackable_v2":"<h2>Premium M\u0131s\u0131r mangosu ithal edin \u2013 taze, sertifikal\u0131 ve sevkiyata haz\u0131r<\/h2>\n<p>D\u00fcnya \u00e7ap\u0131nda h\u0131zl\u0131 teslimat, uluslararas\u0131 sertifikalar ve rekabet\u00e7i fiyatlarla, elle se\u00e7ilmi\u015f M\u0131s\u0131r mangosu ihra\u00e7 ediyoruz.<br \/>\nPerakendeci, toptanc\u0131 veya distrib\u00fct\u00f6r olun; toplu sipari\u015fleriniz taze ve tam zaman\u0131nda teslim edilir.<\/p>\n","category_list_v2":"","author_info_v2":{"name":"","url":""},"comments_num_v2":"0 comments","jetpack_publicize_connections":[],"mfb_rest_fields":["title","featured_image_urls_v2","post_excerpt_stackable_v2","category_list_v2","author_info_v2","comments_num_v2","jetpack_publicize_connections"],"_links":{"self":[{"href":"https:\/\/peitrade.com\/tr\/wp-json\/wp\/v2\/product\/7648","targetHints":{"allow":["GET"]}}],"collection":[{"href":"https:\/\/peitrade.com\/tr\/wp-json\/wp\/v2\/product"}],"about":[{"href":"https:\/\/peitrade.com\/tr\/wp-json\/wp\/v2\/types\/product"}],"wp:featuredmedia":[{"embeddable":true,"href":"https:\/\/peitrade.com\/tr\/wp-json\/wp\/v2\/media\/7645"}],"wp:attachment":[{"href":"https:\/\/peitrade.com\/tr\/wp-json\/wp\/v2\/media?parent=7648"}],"wp:term":[{"taxonomy":"product_brand","embeddable":true,"href":"https:\/\/peitrade.com\/tr\/wp-json\/wp\/v2\/product_brand?post=7648"},{"taxonomy":"product_cat","embeddable":true,"href":"https:\/\/peitrade.com\/tr\/wp-json\/wp\/v2\/product_cat?post=7648"},{"taxonomy":"product_tag","embeddable":true,"href":"https:\/\/peitrade.com\/tr\/wp-json\/wp\/v2\/product_tag?post=7648"}],"curies":[{"name":"wp","href":"https:\/\/api.w.org\/{rel}","templated":true}]}}