{"id":7776,"date":"2025-11-10T11:42:56","date_gmt":"2025-11-10T11:42:56","guid":{"rendered":"http:\/\/46.224.74.15\/product\/patates\/"},"modified":"2025-11-10T11:42:56","modified_gmt":"2025-11-10T11:42:56","slug":"patates","status":"publish","type":"product","link":"https:\/\/peitrade.com\/tr\/product\/patates\/","title":{"rendered":"Patates"},"content":{"rendered":"<h2>Taze M\u0131s\u0131r patatesi \u2013 K\u00fcresel pazarlar i\u00e7in m\u00fckemmel bir se\u00e7enek<\/h2>\n<p>M\u0131s\u0131r patatesi; y\u00fcksek kalitesi, zengin aromas\u0131 ve m\u00fckemmel dokusuyla d\u00fcnyan\u0131n en iyi patatesleri aras\u0131nda yer al\u0131r. M\u0131s\u0131r\u2019\u0131n \u00f6nde gelen tar\u0131msal ihracat \u00fcr\u00fcnlerinden biri olarak, verimli topraklarda ve ideal iklim ko\u015fullar\u0131nda yeti\u015ftirilir; bu da \u00fcst\u00fcn kalite ve y\u00fcksek besin de\u011ferini garanti eder. M\u0131s\u0131r, taze patates ihracat\u0131n\u0131; BAE ve Suudi Arabistan d\u00e2hil olmak \u00fczere \u00e7e\u015fitli uluslararas\u0131 pazarlara, s\u0131k\u0131 karantina ve tar\u0131msal ithalat d\u00fczenlemelerine uyarak ger\u00e7ekle\u015ftirir.  <\/p>\n<h3>Neden M\u0131s\u0131r patatesi?<\/h3>\n<p>\u2714 M\u00fckemmel dokuya ve zengin lezzete sahip, y\u00fcksek kaliteli patatesler<br \/>\n\u2714 Uluslararas\u0131 standartlar\u0131 kar\u015f\u0131lamak i\u00e7in s\u0131k\u0131 kalite kontrol\u00fc alt\u0131nda yeti\u015ftirilir<br \/>\n\u2714 Rekabet\u00e7i fiyatlarla toplu miktarlarda sunulur<br \/>\n\u2714 M\u0131s\u0131r ekonomisini destekleyen ba\u015fl\u0131ca tar\u0131msal ihracat \u00fcr\u00fcnlerinden biridir<\/p>\n<h3>Patates tedarikini neden PEI Trade\u2019den yapmal\u0131s\u0131n\u0131z?<\/h3>\n<p>\u2714 Tutarl\u0131 ihracat kalitesi: K\u00fcresel standartlara uygun olacak \u015fekilde \u00f6zenle hasat edilir, ay\u0131klan\u0131r ve paketlenir.<br \/>\n\u2714 Sertifikal\u0131 ve izlenebilir: Uluslararas\u0131 g\u0131da g\u00fcvenli\u011fi d\u00fczenlemeleriyle tam uyumlu, GAP sertifikal\u0131 \u00e7iftliklerden tedarik edilir.<br \/>\n\u2714 Verimli lojistik: So\u011fuk zincir deste\u011fi, h\u0131zl\u0131 evrak y\u00f6netimi ve g\u00fcvenilir g\u00fcmr\u00fck i\u015flemleri.<br \/>\n\u2714 G\u00fcvenilir tedarik: Y\u0131l\u0131n b\u00fcy\u00fck b\u00f6l\u00fcm\u00fcnde mevcut olup, distrib\u00fct\u00f6rler ve toptanc\u0131lar i\u00e7in \u00f6l\u00e7eklenebilir hacim sunar. <\/p>\n<h3>M\u0131s\u0131r patatesi ithal etmenin en iyi yolu<\/h3>\n<p>En y\u00fcksek tazeli\u011fi sa\u011flamak i\u00e7in M\u0131s\u0131r patatesleri dikkatle hasat edilir, ay\u0131klan\u0131r ve s\u0131k\u0131 ihracat d\u00fczenlemelerine uygun \u015fekilde paketlenir. BAE ve Suudi Arabistan d\u00e2hil olmak \u00fczere ba\u015fl\u0131ca k\u00fcresel pazarlara toplu sevkiyat ve esnek nakliye se\u00e7enekleri sunuyoruz. <\/p>\n","protected":false},"excerpt":{"rendered":"<h2><span style=\"font-weight: 400;\">Taze M\u0131s\u0131r patatesi <\/span><\/h2>\n<p><span style=\"font-weight: 400;\">Zengin lezzet ve m\u00fckemmel dokuya sahip premium kalite. \u0130deal ko\u015fullarda yeti\u015ftirilen ve s\u0131k\u0131 k\u00fcresel ithalat standartlar\u0131n\u0131 kar\u015f\u0131layan patateslerimiz; BAE ve Suudi Arabistan gibi pazarlara, rekabet\u00e7i fiyatlarla toplu olarak sunulur. <\/span><\/p>\n","protected":false},"featured_media":7772,"template":"","meta":{"jetpack_publicize_message":"","jetpack_publicize_feature_enabled":true,"jetpack_social_post_already_shared":false,"jetpack_social_options":{"image_generator_settings":{"template":"highway","default_image_id":0,"font":"","enabled":false},"version":2}},"product_brand":[],"product_cat":[356,340],"product_tag":[],"class_list":{"0":"post-7776","1":"product","2":"type-product","3":"status-publish","4":"has-post-thumbnail","6":"product_cat-vegetables","7":"product_cat-in-season","9":"first","10":"instock","11":"shipping-taxable","12":"product-type-simple"},"mb":[],"featured_image_urls_v2":{"full":["https:\/\/peitrade.com\/wp-content\/uploads\/2025\/11\/Egyptian-Potatoes.webp",1024,1024,false],"thumbnail":["https:\/\/peitrade.com\/wp-content\/uploads\/2025\/11\/Egyptian-Potatoes-150x150.webp",150,150,true],"medium":["https:\/\/peitrade.com\/wp-content\/uploads\/2025\/11\/Egyptian-Potatoes-300x300.webp",300,300,true],"medium_large":["https:\/\/peitrade.com\/wp-content\/uploads\/2025\/11\/Egyptian-Potatoes-768x768.webp",768,768,true],"large":["https:\/\/peitrade.com\/wp-content\/uploads\/2025\/11\/Egyptian-Potatoes.webp",1024,1024,false],"1536x1536":["https:\/\/peitrade.com\/wp-content\/uploads\/2025\/11\/Egyptian-Potatoes.webp",1024,1024,false],"2048x2048":["https:\/\/peitrade.com\/wp-content\/uploads\/2025\/11\/Egyptian-Potatoes.webp",1024,1024,false],"woocommerce_archive_thumbnail":["https:\/\/peitrade.com\/wp-content\/uploads\/2025\/11\/Egyptian-Potatoes-300x300.webp",300,300,true],"woocommerce_thumbnail":["https:\/\/peitrade.com\/wp-content\/uploads\/2025\/11\/Egyptian-Potatoes-300x300.webp",300,300,true],"woocommerce_single":["https:\/\/peitrade.com\/wp-content\/uploads\/2025\/11\/Egyptian-Potatoes-600x600.webp",600,600,true],"woocommerce_gallery_thumbnail":["https:\/\/peitrade.com\/wp-content\/uploads\/2025\/11\/Egyptian-Potatoes-100x100.webp",100,100,true]},"post_excerpt_stackable_v2":"<h2><span style=\"font-weight: 400;\">Taze M\u0131s\u0131r patatesi <\/span><\/h2>\n<p><span style=\"font-weight: 400;\">Zengin lezzet ve m\u00fckemmel dokuya sahip premium kalite. \u0130deal ko\u015fullarda yeti\u015ftirilen ve s\u0131k\u0131 k\u00fcresel ithalat standartlar\u0131n\u0131 kar\u015f\u0131layan patateslerimiz; BAE ve Suudi Arabistan gibi pazarlara, rekabet\u00e7i fiyatlarla toplu olarak sunulur. <\/span><\/p>\n","category_list_v2":"","author_info_v2":{"name":"","url":""},"comments_num_v2":"0 comments","jetpack_publicize_connections":[],"mfb_rest_fields":["title","featured_image_urls_v2","post_excerpt_stackable_v2","category_list_v2","author_info_v2","comments_num_v2","jetpack_publicize_connections"],"_links":{"self":[{"href":"https:\/\/peitrade.com\/tr\/wp-json\/wp\/v2\/product\/7776","targetHints":{"allow":["GET"]}}],"collection":[{"href":"https:\/\/peitrade.com\/tr\/wp-json\/wp\/v2\/product"}],"about":[{"href":"https:\/\/peitrade.com\/tr\/wp-json\/wp\/v2\/types\/product"}],"wp:featuredmedia":[{"embeddable":true,"href":"https:\/\/peitrade.com\/tr\/wp-json\/wp\/v2\/media\/7772"}],"wp:attachment":[{"href":"https:\/\/peitrade.com\/tr\/wp-json\/wp\/v2\/media?parent=7776"}],"wp:term":[{"taxonomy":"product_brand","embeddable":true,"href":"https:\/\/peitrade.com\/tr\/wp-json\/wp\/v2\/product_brand?post=7776"},{"taxonomy":"product_cat","embeddable":true,"href":"https:\/\/peitrade.com\/tr\/wp-json\/wp\/v2\/product_cat?post=7776"},{"taxonomy":"product_tag","embeddable":true,"href":"https:\/\/peitrade.com\/tr\/wp-json\/wp\/v2\/product_tag?post=7776"}],"curies":[{"name":"wp","href":"https:\/\/api.w.org\/{rel}","templated":true}]}}